{"id":7895,"date":"2024-09-07T15:13:22","date_gmt":"2024-09-07T07:13:22","guid":{"rendered":"https:\/\/qqpets.com\/?post_type=product&#038;p=7895"},"modified":"2024-11-14T16:43:27","modified_gmt":"2024-11-14T08:43:27","slug":"led-no-pull-leash","status":"publish","type":"product","link":"https:\/\/qqpets.com\/it\/prodotto\/led-no-pull-leash\/","title":{"rendered":"Luce mani libere seggiolino auto fibbia Bungee cane guinzaglio"},"content":{"rendered":"<p>Vi presentiamo l'innovativo guinzaglio per cani a mani libere con fibbia per seggiolino auto, la soluzione perfetta per i proprietari di animali domestici sempre in movimento. Questo guinzaglio multifunzionale \u00e8 stato progettato per mantenere il vostro animale domestico sicuro e protetto, sia durante le passeggiate che in auto.<\/p>\n<p><strong>Caratteristiche principali:<\/strong><\/p>\n<ul>\n<li><strong>Illuminazione a LED:<\/strong> Dotato di luci LED luminose, questo guinzaglio migliora la visibilit\u00e0 del cane durante le uscite serali o mattutine, garantendo la sicurezza in condizioni di scarsa illuminazione.<\/li>\n<li><strong>Design Bungee:<\/strong> La corda elastica incorporata aiuta ad assorbire gli urti durante i movimenti improvvisi, rendendo le passeggiate pi\u00f9 confortevoli sia per voi che per il vostro animale riducendo la tensione di trazione.<\/li>\n<li><strong>Fibbia del seggiolino auto a mani libere:<\/strong> Il guinzaglio pu\u00f2 essere facilmente agganciato al sistema di fibbie del sedile dell'auto per una guida sicura. Questa funzione garantisce che l'animale rimanga legato in modo sicuro durante la guida, riducendo le distrazioni e aumentando la sicurezza.<\/li>\n<li><strong>Materiali resistenti:<\/strong> Realizzato con materiali di alta qualit\u00e0, questo guinzaglio \u00e8 costruito per resistere ai rigori delle passeggiate quotidiane e dei viaggi.<\/li>\n<\/ul>\n<p>Che si tratti di un viaggio in auto o di una semplice corsetta, il nostro guinzaglio per cani con fibbia a mani libere per seggiolino auto Light Up vi consente di mantenere il controllo e la sicurezza senza compromettere il comfort del vostro animale. La lunghezza del guinzaglio \u00e8 perfetta per dare al cane la libert\u00e0 di esplorare, pur rimanendo sotto controllo.<\/p>\n<p>Ideale per gli avventurieri notturni e gli amanti dei viaggi, questo guinzaglio combina sicurezza, comfort e convenienza, assicurando che ogni viaggio con il vostro animale domestico sia piacevole e senza stress. Passate al nostro guinzaglio avanzato e trasformate il vostro modo di viaggiare e passeggiare con il vostro animale domestico.<\/p>\n<h5 data-immersive-translate-walked=\"e4de329b-2f8f-4525-aa5e-eeca8caeb592\" data-immersive-translate-paragraph=\"1\"><strong data-immersive-translate-walked=\"e4de329b-2f8f-4525-aa5e-eeca8caeb592\">I guinzagli bungee sono adatti ai cani?<\/strong><\/h5>\n<p data-immersive-translate-walked=\"e4de329b-2f8f-4525-aa5e-eeca8caeb592\" data-immersive-translate-paragraph=\"1\">I guinzagli bungee possono essere ottimi per i cani in quanto aiutano ad assorbire gli urti dovuti a movimenti improvvisi, garantendo una passeggiata pi\u00f9 confortevole sia per il cane che per il conduttore. Tuttavia, potrebbero non essere ideali per i cani che tirano molto forte, poich\u00e9 l'elasticit\u00e0 pu\u00f2 incoraggiare la trazione.<\/p>\n<h5 data-immersive-translate-walked=\"e4de329b-2f8f-4525-aa5e-eeca8caeb592\" data-immersive-translate-paragraph=\"1\"><strong data-immersive-translate-walked=\"e4de329b-2f8f-4525-aa5e-eeca8caeb592\">I guinzagli senza mani sono adatti ai cani che tirano?<\/strong><\/h5>\n<p data-immersive-translate-walked=\"e4de329b-2f8f-4525-aa5e-eeca8caeb592\" data-immersive-translate-paragraph=\"1\">I guinzagli a mani libere sono generalmente sconsigliati per i cani che tirano, perch\u00e9 forniscono un controllo meno immediato sul cane, il che pu\u00f2 rendere difficile la gestione di un cane che tende a tirare con forza.<\/p>\n<h5 data-immersive-translate-walked=\"e4de329b-2f8f-4525-aa5e-eeca8caeb592\" data-immersive-translate-paragraph=\"1\"><strong data-immersive-translate-walked=\"e4de329b-2f8f-4525-aa5e-eeca8caeb592\">Che cos'\u00e8 un guinzaglio a mani libere?<\/strong><\/h5>\n<p data-immersive-translate-walked=\"e4de329b-2f8f-4525-aa5e-eeca8caeb592\" data-immersive-translate-paragraph=\"1\">Il guinzaglio a mani libere \u00e8 un tipo di guinzaglio per cani che di solito si attacca alla vita o al corpo del conduttore, consentendo di camminare o correre a mani libere. \u00c8 progettato per tenere il cane vicino lasciando libere le mani del conduttore.<\/p>\n<h5><strong>I guinzagli per cani a mani libere sono sicuri?<\/strong><\/h5>\n<p>I guinzagli per cani a mani libere possono essere sicuri se usati correttamente e nelle giuste circostanze. Sono ottimi per attivit\u00e0 come la corsa o l'escursionismo in cui \u00e8 necessario avere le mani libere, ma potrebbero non offrire lo stesso controllo di un guinzaglio tradizionale, in particolare per i cani inclini a tirare o ad affondi improvvisi. La sicurezza dipende anche dalla presenza di un meccanismo di aggancio sicuro in vita e di una funzione di sgancio rapido affidabile.<\/p>\n<h5><strong>Quale guinzaglio impedisce ai cani di tirare?<\/strong><\/h5>\n<p>Il guinzaglio di per s\u00e9 non pu\u00f2 impedire completamente al cane di tirare, ma alcuni tipi di guinzagli e pettorine possono aiutare a gestire e ridurre il tiro. La pi\u00f9 efficace \u00e8 in genere una pettorina no-pull che ha un punto di attacco anteriore per il guinzaglio. Quando il cane tira, la pettorina lo reindirizza verso il conduttore, rendendo il tiro meno gratificante e pi\u00f9 facile da controllare. Questo tipo di configurazione pu\u00f2 scoraggiare in modo significativo il comportamento di chi tira, se abbinato a un addestramento costante.<\/p>\n<h5><strong>I guinzagli bungee sono adatti ai cani?<\/strong><\/h5>\n<p>I guinzagli bungee possono essere utili sia per i cani che per i loro padroni, in quanto aiutano ad assorbire lo shock di movimenti o trazioni improvvise, riducendo la tensione sul corpo del cane e del conduttore. Sono particolarmente utili durante attivit\u00e0 come il jogging, dove i movimenti imprevedibili del cane potrebbero altrimenti far sobbalzare il guinzaglio.<\/p>\n<h5><strong>I cavi bungee smettono di tirare?<\/strong><\/h5>\n<p>I guinzagli bungee non impediscono intrinsecamente ai cani di tirare. Se da un lato possono rendere il tiro meno brusco assorbendo una parte della forza, dall'altro possono a volte incoraggiare il tiro in alcuni cani fornendo una resistenza che sembra gratificante per chi tira.<\/p>\n<h5><strong>Qual \u00e8 il guinzaglio migliore per addestrare un cane a non tirare?<\/strong><\/h5>\n<p>Il miglior tipo di guinzaglio per addestrare un cane a non tirare \u00e8 in genere un guinzaglio standard non elastico utilizzato insieme a una pettorina no-pull dotata di un punto di attacco anteriore. Questa configurazione aiuta a reindirizzare il cane verso di voi quando cerca di tirare, rendendo pi\u00f9 facile gestire e correggere il comportamento.<\/p>\n<p>&nbsp;<\/p>","protected":false},"excerpt":{"rendered":"<p>Provate la massima comodit\u00e0 con il guinzaglio per cani Light Up Hands Free Car Seat Buckle Bungee. Progettato per la sicurezza e la versatilit\u00e0, questo guinzaglio \u00e8 dotato di una luce LED luminosa per la visibilit\u00e0 notturna, di una corda bungee per assorbire gli urti e di una fibbia per seggiolino auto a mani libere per viaggiare in tutta sicurezza. Perfetto per i proprietari di animali attivi, offre libert\u00e0 di movimento e garantisce la sicurezza dell'animale durante le passeggiate e le corse.<\/p>","protected":false},"featured_media":7900,"template":"","meta":[],"product_brand":[],"product_cat":[27,21],"product_tag":[],"class_list":{"0":"post-7895","1":"product","2":"type-product","3":"status-publish","4":"has-post-thumbnail","6":"product_cat-dog-leash","7":"product_cat-led-product","8":"pa_brand-qqpets","10":"first","11":"instock","12":"shipping-taxable","13":"product-type-simple"},"yoast_head":"<!-- This site is optimized with the Yoast SEO plugin v26.6 - https:\/\/yoast.com\/wordpress\/plugins\/seo\/ -->\n<title>Light Up Hands Free Car Seat Buckle Bungee Dog Leash | QQPETS<\/title>\n<meta name=\"description\" content=\"Enhance safety with our Light Up Hands Free Dog Leash. Buckle up for car rides and enjoy bungee flexibility!\" \/>\n<meta name=\"robots\" content=\"index, follow, max-snippet:-1, max-image-preview:large, max-video-preview:-1\" \/>\n<link rel=\"canonical\" href=\"https:\/\/qqpets.com\/it\/prodotto\/led-no-pull-leash\/\" \/>\n<meta property=\"og:locale\" content=\"it_IT\" \/>\n<meta property=\"og:type\" content=\"article\" \/>\n<meta property=\"og:title\" content=\"Light Up Hands Free Car Seat Buckle Bungee Dog Leash | QQPETS\" \/>\n<meta property=\"og:description\" content=\"Enhance safety with our Light Up Hands Free Dog Leash. Buckle up for car rides and enjoy bungee flexibility!\" \/>\n<meta property=\"og:url\" content=\"https:\/\/qqpets.com\/it\/prodotto\/led-no-pull-leash\/\" \/>\n<meta property=\"og:site_name\" content=\"QQPETS\" \/>\n<meta property=\"article:publisher\" content=\"https:\/\/www.facebook.com\/QQpetsdogcollars\" \/>\n<meta property=\"article:modified_time\" content=\"2024-11-14T08:43:27+00:00\" \/>\n<meta property=\"og:image\" content=\"https:\/\/qqpets.com\/wp-content\/uploads\/2024\/09\/3.webp\" \/>\n\t<meta property=\"og:image:width\" content=\"800\" \/>\n\t<meta property=\"og:image:height\" content=\"800\" \/>\n\t<meta property=\"og:image:type\" content=\"image\/webp\" \/>\n<meta name=\"twitter:card\" content=\"summary_large_image\" \/>\n<meta name=\"twitter:label1\" content=\"Tempo di lettura stimato\" \/>\n\t<meta name=\"twitter:data1\" content=\"4 minuti\" \/>\n<script type=\"application\/ld+json\" class=\"yoast-schema-graph\">{\"@context\":\"https:\/\/schema.org\",\"@graph\":[{\"@type\":\"WebPage\",\"@id\":\"https:\/\/qqpets.com\/product\/led-no-pull-leash\/\",\"url\":\"https:\/\/qqpets.com\/product\/led-no-pull-leash\/\",\"name\":\"Light Up Hands Free Car Seat Buckle Bungee Dog Leash | QQPETS\",\"isPartOf\":{\"@id\":\"https:\/\/qqpets.com\/#website\"},\"primaryImageOfPage\":{\"@id\":\"https:\/\/qqpets.com\/product\/led-no-pull-leash\/#primaryimage\"},\"image\":{\"@id\":\"https:\/\/qqpets.com\/product\/led-no-pull-leash\/#primaryimage\"},\"thumbnailUrl\":\"https:\/\/qqpets.com\/wp-content\/uploads\/2024\/09\/3.webp\",\"datePublished\":\"2024-09-07T07:13:22+00:00\",\"dateModified\":\"2024-11-14T08:43:27+00:00\",\"description\":\"Enhance safety with our Light Up Hands Free Dog Leash. Buckle up for car rides and enjoy bungee flexibility!\",\"breadcrumb\":{\"@id\":\"https:\/\/qqpets.com\/product\/led-no-pull-leash\/#breadcrumb\"},\"inLanguage\":\"it-IT\",\"potentialAction\":[{\"@type\":\"ReadAction\",\"target\":[\"https:\/\/qqpets.com\/product\/led-no-pull-leash\/\"]}]},{\"@type\":\"ImageObject\",\"inLanguage\":\"it-IT\",\"@id\":\"https:\/\/qqpets.com\/product\/led-no-pull-leash\/#primaryimage\",\"url\":\"https:\/\/qqpets.com\/wp-content\/uploads\/2024\/09\/3.webp\",\"contentUrl\":\"https:\/\/qqpets.com\/wp-content\/uploads\/2024\/09\/3.webp\",\"width\":800,\"height\":800},{\"@type\":\"BreadcrumbList\",\"@id\":\"https:\/\/qqpets.com\/product\/led-no-pull-leash\/#breadcrumb\",\"itemListElement\":[{\"@type\":\"ListItem\",\"position\":1,\"name\":\"Home\",\"item\":\"https:\/\/qqpets.com\/\"},{\"@type\":\"ListItem\",\"position\":2,\"name\":\"Products\",\"item\":\"https:\/\/qqpets.com\/pet-products-manufacturer\/\"},{\"@type\":\"ListItem\",\"position\":3,\"name\":\"Light Up Hands Free Car Seat Buckle Bungee Dog Leash\"}]},{\"@type\":\"WebSite\",\"@id\":\"https:\/\/qqpets.com\/#website\",\"url\":\"https:\/\/qqpets.com\/\",\"name\":\"QQPETS\",\"description\":\"QQPETS is a pet products factory for dog harnesses, dog collars, dog leashes and dog accessories with professional customized service since 2005.\",\"publisher\":{\"@id\":\"https:\/\/qqpets.com\/#organization\"},\"potentialAction\":[{\"@type\":\"SearchAction\",\"target\":{\"@type\":\"EntryPoint\",\"urlTemplate\":\"https:\/\/qqpets.com\/?s={search_term_string}\"},\"query-input\":{\"@type\":\"PropertyValueSpecification\",\"valueRequired\":true,\"valueName\":\"search_term_string\"}}],\"inLanguage\":\"it-IT\"},{\"@type\":\"Organization\",\"@id\":\"https:\/\/qqpets.com\/#organization\",\"name\":\"QQPETS\",\"url\":\"https:\/\/qqpets.com\/\",\"logo\":{\"@type\":\"ImageObject\",\"inLanguage\":\"it-IT\",\"@id\":\"https:\/\/qqpets.com\/#\/schema\/logo\/image\/\",\"url\":\"https:\/\/qqpets.com\/wp-content\/uploads\/2023\/09\/cropped-cropped-qqpets-tiktok.jpg\",\"contentUrl\":\"https:\/\/qqpets.com\/wp-content\/uploads\/2023\/09\/cropped-cropped-qqpets-tiktok.jpg\",\"width\":511,\"height\":511,\"caption\":\"QQPETS\"},\"image\":{\"@id\":\"https:\/\/qqpets.com\/#\/schema\/logo\/image\/\"},\"sameAs\":[\"https:\/\/www.facebook.com\/QQpetsdogcollars\",\"https:\/\/www.instagram.com\/qqpetscollar\/\",\"https:\/\/www.pinterest.com\/qqpetsdogcollarsfactory\/\"]}]}<\/script>\n<!-- \/ Yoast SEO plugin. -->","yoast_head_json":{"title":"Guinzaglio per cani a mani libere con fibbia per seggiolino auto illuminato | QQPETS","description":"Migliorate la sicurezza con il guinzaglio luminoso per cani a mani libere. Allacciate le cinture per i viaggi in auto e godetevi la flessibilit\u00e0 del bungee!","robots":{"index":"index","follow":"follow","max-snippet":"max-snippet:-1","max-image-preview":"max-image-preview:large","max-video-preview":"max-video-preview:-1"},"canonical":"https:\/\/qqpets.com\/it\/prodotto\/led-no-pull-leash\/","og_locale":"it_IT","og_type":"article","og_title":"Light Up Hands Free Car Seat Buckle Bungee Dog Leash | QQPETS","og_description":"Enhance safety with our Light Up Hands Free Dog Leash. Buckle up for car rides and enjoy bungee flexibility!","og_url":"https:\/\/qqpets.com\/it\/prodotto\/led-no-pull-leash\/","og_site_name":"QQPETS","article_publisher":"https:\/\/www.facebook.com\/QQpetsdogcollars","article_modified_time":"2024-11-14T08:43:27+00:00","og_image":[{"width":800,"height":800,"url":"https:\/\/qqpets.com\/wp-content\/uploads\/2024\/09\/3.webp","type":"image\/webp"}],"twitter_card":"summary_large_image","twitter_misc":{"Tempo di lettura stimato":"4 minuti"},"schema":{"@context":"https:\/\/schema.org","@graph":[{"@type":"WebPage","@id":"https:\/\/qqpets.com\/product\/led-no-pull-leash\/","url":"https:\/\/qqpets.com\/product\/led-no-pull-leash\/","name":"Guinzaglio per cani a mani libere con fibbia per seggiolino auto illuminato | QQPETS","isPartOf":{"@id":"https:\/\/qqpets.com\/#website"},"primaryImageOfPage":{"@id":"https:\/\/qqpets.com\/product\/led-no-pull-leash\/#primaryimage"},"image":{"@id":"https:\/\/qqpets.com\/product\/led-no-pull-leash\/#primaryimage"},"thumbnailUrl":"https:\/\/qqpets.com\/wp-content\/uploads\/2024\/09\/3.webp","datePublished":"2024-09-07T07:13:22+00:00","dateModified":"2024-11-14T08:43:27+00:00","description":"Migliorate la sicurezza con il guinzaglio luminoso per cani a mani libere. Allacciate le cinture per i viaggi in auto e godetevi la flessibilit\u00e0 del bungee!","breadcrumb":{"@id":"https:\/\/qqpets.com\/product\/led-no-pull-leash\/#breadcrumb"},"inLanguage":"it-IT","potentialAction":[{"@type":"ReadAction","target":["https:\/\/qqpets.com\/product\/led-no-pull-leash\/"]}]},{"@type":"ImageObject","inLanguage":"it-IT","@id":"https:\/\/qqpets.com\/product\/led-no-pull-leash\/#primaryimage","url":"https:\/\/qqpets.com\/wp-content\/uploads\/2024\/09\/3.webp","contentUrl":"https:\/\/qqpets.com\/wp-content\/uploads\/2024\/09\/3.webp","width":800,"height":800},{"@type":"BreadcrumbList","@id":"https:\/\/qqpets.com\/product\/led-no-pull-leash\/#breadcrumb","itemListElement":[{"@type":"ListItem","position":1,"name":"Home","item":"https:\/\/qqpets.com\/"},{"@type":"ListItem","position":2,"name":"Products","item":"https:\/\/qqpets.com\/pet-products-manufacturer\/"},{"@type":"ListItem","position":3,"name":"Light Up Hands Free Car Seat Buckle Bungee Dog Leash"}]},{"@type":"WebSite","@id":"https:\/\/qqpets.com\/#website","url":"https:\/\/qqpets.com\/","name":"QQPETS","description":"QQPETS \u00e8 una fabbrica di prodotti per animali domestici per pettorine per cani, collari per cani, guinzagli per cani e accessori per cani con un servizio professionale personalizzato dal 2005.","publisher":{"@id":"https:\/\/qqpets.com\/#organization"},"potentialAction":[{"@type":"SearchAction","target":{"@type":"EntryPoint","urlTemplate":"https:\/\/qqpets.com\/?s={search_term_string}"},"query-input":{"@type":"PropertyValueSpecification","valueRequired":true,"valueName":"search_term_string"}}],"inLanguage":"it-IT"},{"@type":"Organization","@id":"https:\/\/qqpets.com\/#organization","name":"QQPETS","url":"https:\/\/qqpets.com\/","logo":{"@type":"ImageObject","inLanguage":"it-IT","@id":"https:\/\/qqpets.com\/#\/schema\/logo\/image\/","url":"https:\/\/qqpets.com\/wp-content\/uploads\/2023\/09\/cropped-cropped-qqpets-tiktok.jpg","contentUrl":"https:\/\/qqpets.com\/wp-content\/uploads\/2023\/09\/cropped-cropped-qqpets-tiktok.jpg","width":511,"height":511,"caption":"QQPETS"},"image":{"@id":"https:\/\/qqpets.com\/#\/schema\/logo\/image\/"},"sameAs":["https:\/\/www.facebook.com\/QQpetsdogcollars","https:\/\/www.instagram.com\/qqpetscollar\/","https:\/\/www.pinterest.com\/qqpetsdogcollarsfactory\/"]}]}},"_links":{"self":[{"href":"https:\/\/qqpets.com\/it\/wp-json\/wp\/v2\/product\/7895","targetHints":{"allow":["GET"]}}],"collection":[{"href":"https:\/\/qqpets.com\/it\/wp-json\/wp\/v2\/product"}],"about":[{"href":"https:\/\/qqpets.com\/it\/wp-json\/wp\/v2\/types\/product"}],"wp:featuredmedia":[{"embeddable":true,"href":"https:\/\/qqpets.com\/it\/wp-json\/wp\/v2\/media\/7900"}],"wp:attachment":[{"href":"https:\/\/qqpets.com\/it\/wp-json\/wp\/v2\/media?parent=7895"}],"wp:term":[{"taxonomy":"product_brand","embeddable":true,"href":"https:\/\/qqpets.com\/it\/wp-json\/wp\/v2\/product_brand?post=7895"},{"taxonomy":"product_cat","embeddable":true,"href":"https:\/\/qqpets.com\/it\/wp-json\/wp\/v2\/product_cat?post=7895"},{"taxonomy":"product_tag","embeddable":true,"href":"https:\/\/qqpets.com\/it\/wp-json\/wp\/v2\/product_tag?post=7895"}],"curies":[{"name":"wp","href":"https:\/\/api.w.org\/{rel}","templated":true}]}}