{"id":9267,"date":"2024-11-13T16:17:04","date_gmt":"2024-11-13T08:17:04","guid":{"rendered":"https:\/\/qqpets.com\/?post_type=product&#038;p=9267"},"modified":"2024-11-13T16:17:04","modified_gmt":"2024-11-13T08:17:04","slug":"qr-tag-buckle","status":"publish","type":"product","link":"https:\/\/qqpets.com\/it\/prodotto\/qr-tag-buckle\/","title":{"rendered":"Fibbia con etichetta QR"},"content":{"rendered":"<p>La fibbia QR Tag \u00e8 un accessorio innovativo per collari e pettorine per animali domestici, progettato per tenerli al sicuro e per offrire ai marchi un nuovo livello di personalizzazione. Questa fibbia integra un codice QR scansionabile che memorizza informazioni chiave, come il nome dell'animale, i dati di contatto del proprietario ed eventuali istruzioni speciali per chi cerca l'animale in caso di smarrimento. \u00c8 sufficiente scansionare il codice e i dati importanti sono immediatamente accessibili, rendendolo uno strumento prezioso per i proprietari di animali domestici che danno priorit\u00e0 alla sicurezza e alla protezione.<\/p>\n<p>Questa fibbia QR Tag \u00e8 realizzata con materiali durevoli e di alta qualit\u00e0, che le consentono di resistere all'usura quotidiana e di mantenere una chiara leggibilit\u00e0 del codice QR. La fibbia \u00e8 leggera e si aggancia facilmente a collari o pettorine, con un ingombro minimo e la massima funzionalit\u00e0. \u00c8 inoltre impermeabile e resistente ai graffi, per garantire longevit\u00e0 e affidabilit\u00e0.<\/p>\n<p>Per i clienti B2B, la nostra fibbia QR Tag offre un'opportunit\u00e0 unica di branding. \u00c8 possibile personalizzare la fibbia con il proprio logo o con motivi specifici, aumentando la visibilit\u00e0 del marchio ogni volta che un animale domestico esce per una passeggiata. Questa caratteristica la rende perfetta per i negozi di animali, i grossisti e i rivenditori online che desiderano fornire ai clienti un accessorio pratico e sicuro che promuova anche la fedelt\u00e0 al marchio.<\/p>","protected":false},"excerpt":{"rendered":"<p>La nostra fibbia QR Tag \u00e8 una soluzione moderna per la sicurezza degli animali domestici, che combina una fibbia resistente con un codice QR scansionabile che memorizza le informazioni essenziali sull'animale. Ideale per marchi e aziende, questa fibbia pu\u00f2 essere personalizzata con loghi e motivi unici, rendendola un'aggiunta preziosa per i rivenditori di animali e i grossisti. Realizzata con materiali di alta qualit\u00e0, questa fibbia QR Tag \u00e8 progettata per una facile scansione, garantendo ai proprietari la massima tranquillit\u00e0 in caso di smarrimento dell'animale. Da attaccare a qualsiasi collare o pettorina, \u00e8 pronta per elevare la vostra linea di prodotti con funzionalit\u00e0 e stile.<\/p>","protected":false},"featured_media":9268,"template":"","meta":[],"product_brand":[],"product_cat":[58],"product_tag":[],"class_list":{"0":"post-9267","1":"product","2":"type-product","3":"status-publish","4":"has-post-thumbnail","6":"product_cat-accessories","8":"first","9":"instock","10":"shipping-taxable","11":"product-type-simple"},"yoast_head":"<!-- This site is optimized with the Yoast SEO plugin v26.6 - https:\/\/yoast.com\/wordpress\/plugins\/seo\/ -->\n<title>QR Tag Buckle | QQPETS<\/title>\n<meta name=\"description\" content=\"Durable and customizable QR Tag Buckle for pet collars and harnesses. Easily scanned for pet info, perfect for B2B buyers needing custom logos and patterns.\" \/>\n<meta name=\"robots\" content=\"index, follow, max-snippet:-1, max-image-preview:large, max-video-preview:-1\" \/>\n<link rel=\"canonical\" href=\"https:\/\/qqpets.com\/it\/prodotto\/qr-tag-buckle\/\" \/>\n<meta property=\"og:locale\" content=\"it_IT\" \/>\n<meta property=\"og:type\" content=\"article\" \/>\n<meta property=\"og:title\" content=\"QR Tag Buckle | QQPETS\" \/>\n<meta property=\"og:description\" content=\"Durable and customizable QR Tag Buckle for pet collars and harnesses. Easily scanned for pet info, perfect for B2B buyers needing custom logos and patterns.\" \/>\n<meta property=\"og:url\" content=\"https:\/\/qqpets.com\/it\/prodotto\/qr-tag-buckle\/\" \/>\n<meta property=\"og:site_name\" content=\"QQPETS\" \/>\n<meta property=\"article:publisher\" content=\"https:\/\/www.facebook.com\/QQpetsdogcollars\" \/>\n<meta property=\"og:image\" content=\"https:\/\/qqpets.com\/wp-content\/uploads\/2024\/11\/QR-buckle.webp\" \/>\n\t<meta property=\"og:image:width\" content=\"800\" \/>\n\t<meta property=\"og:image:height\" content=\"800\" \/>\n\t<meta property=\"og:image:type\" content=\"image\/webp\" \/>\n<meta name=\"twitter:card\" content=\"summary_large_image\" \/>\n<meta name=\"twitter:label1\" content=\"Tempo di lettura stimato\" \/>\n\t<meta name=\"twitter:data1\" content=\"2 minuti\" \/>\n<script type=\"application\/ld+json\" class=\"yoast-schema-graph\">{\"@context\":\"https:\/\/schema.org\",\"@graph\":[{\"@type\":\"WebPage\",\"@id\":\"https:\/\/qqpets.com\/product\/qr-tag-buckle\/\",\"url\":\"https:\/\/qqpets.com\/product\/qr-tag-buckle\/\",\"name\":\"QR Tag Buckle | QQPETS\",\"isPartOf\":{\"@id\":\"https:\/\/qqpets.com\/#website\"},\"primaryImageOfPage\":{\"@id\":\"https:\/\/qqpets.com\/product\/qr-tag-buckle\/#primaryimage\"},\"image\":{\"@id\":\"https:\/\/qqpets.com\/product\/qr-tag-buckle\/#primaryimage\"},\"thumbnailUrl\":\"https:\/\/qqpets.com\/wp-content\/uploads\/2024\/11\/QR-buckle.webp\",\"datePublished\":\"2024-11-13T08:17:04+00:00\",\"description\":\"Durable and customizable QR Tag Buckle for pet collars and harnesses. Easily scanned for pet info, perfect for B2B buyers needing custom logos and patterns.\",\"breadcrumb\":{\"@id\":\"https:\/\/qqpets.com\/product\/qr-tag-buckle\/#breadcrumb\"},\"inLanguage\":\"it-IT\",\"potentialAction\":[{\"@type\":\"ReadAction\",\"target\":[\"https:\/\/qqpets.com\/product\/qr-tag-buckle\/\"]}]},{\"@type\":\"ImageObject\",\"inLanguage\":\"it-IT\",\"@id\":\"https:\/\/qqpets.com\/product\/qr-tag-buckle\/#primaryimage\",\"url\":\"https:\/\/qqpets.com\/wp-content\/uploads\/2024\/11\/QR-buckle.webp\",\"contentUrl\":\"https:\/\/qqpets.com\/wp-content\/uploads\/2024\/11\/QR-buckle.webp\",\"width\":800,\"height\":800},{\"@type\":\"BreadcrumbList\",\"@id\":\"https:\/\/qqpets.com\/product\/qr-tag-buckle\/#breadcrumb\",\"itemListElement\":[{\"@type\":\"ListItem\",\"position\":1,\"name\":\"Home\",\"item\":\"https:\/\/qqpets.com\/\"},{\"@type\":\"ListItem\",\"position\":2,\"name\":\"Products\",\"item\":\"https:\/\/qqpets.com\/pet-products-manufacturer\/\"},{\"@type\":\"ListItem\",\"position\":3,\"name\":\"QR Tag Buckle\"}]},{\"@type\":\"WebSite\",\"@id\":\"https:\/\/qqpets.com\/#website\",\"url\":\"https:\/\/qqpets.com\/\",\"name\":\"QQPETS\",\"description\":\"QQPETS is a pet products factory for dog harnesses, dog collars, dog leashes and dog accessories with professional customized service since 2005.\",\"publisher\":{\"@id\":\"https:\/\/qqpets.com\/#organization\"},\"potentialAction\":[{\"@type\":\"SearchAction\",\"target\":{\"@type\":\"EntryPoint\",\"urlTemplate\":\"https:\/\/qqpets.com\/?s={search_term_string}\"},\"query-input\":{\"@type\":\"PropertyValueSpecification\",\"valueRequired\":true,\"valueName\":\"search_term_string\"}}],\"inLanguage\":\"it-IT\"},{\"@type\":\"Organization\",\"@id\":\"https:\/\/qqpets.com\/#organization\",\"name\":\"QQPETS\",\"url\":\"https:\/\/qqpets.com\/\",\"logo\":{\"@type\":\"ImageObject\",\"inLanguage\":\"it-IT\",\"@id\":\"https:\/\/qqpets.com\/#\/schema\/logo\/image\/\",\"url\":\"https:\/\/qqpets.com\/wp-content\/uploads\/2023\/09\/cropped-cropped-qqpets-tiktok.jpg\",\"contentUrl\":\"https:\/\/qqpets.com\/wp-content\/uploads\/2023\/09\/cropped-cropped-qqpets-tiktok.jpg\",\"width\":511,\"height\":511,\"caption\":\"QQPETS\"},\"image\":{\"@id\":\"https:\/\/qqpets.com\/#\/schema\/logo\/image\/\"},\"sameAs\":[\"https:\/\/www.facebook.com\/QQpetsdogcollars\",\"https:\/\/www.instagram.com\/qqpetscollar\/\",\"https:\/\/www.pinterest.com\/qqpetsdogcollarsfactory\/\"]}]}<\/script>\n<!-- \/ Yoast SEO plugin. -->","yoast_head_json":{"title":"QR Tag Buckle | QQPETS","description":"Durable and customizable QR Tag Buckle for pet collars and harnesses. Easily scanned for pet info, perfect for B2B buyers needing custom logos and patterns.","robots":{"index":"index","follow":"follow","max-snippet":"max-snippet:-1","max-image-preview":"max-image-preview:large","max-video-preview":"max-video-preview:-1"},"canonical":"https:\/\/qqpets.com\/it\/prodotto\/qr-tag-buckle\/","og_locale":"it_IT","og_type":"article","og_title":"QR Tag Buckle | QQPETS","og_description":"Durable and customizable QR Tag Buckle for pet collars and harnesses. Easily scanned for pet info, perfect for B2B buyers needing custom logos and patterns.","og_url":"https:\/\/qqpets.com\/it\/prodotto\/qr-tag-buckle\/","og_site_name":"QQPETS","article_publisher":"https:\/\/www.facebook.com\/QQpetsdogcollars","og_image":[{"width":800,"height":800,"url":"https:\/\/qqpets.com\/wp-content\/uploads\/2024\/11\/QR-buckle.webp","type":"image\/webp"}],"twitter_card":"summary_large_image","twitter_misc":{"Tempo di lettura stimato":"2 minuti"},"schema":{"@context":"https:\/\/schema.org","@graph":[{"@type":"WebPage","@id":"https:\/\/qqpets.com\/product\/qr-tag-buckle\/","url":"https:\/\/qqpets.com\/product\/qr-tag-buckle\/","name":"QR Tag Buckle | QQPETS","isPartOf":{"@id":"https:\/\/qqpets.com\/#website"},"primaryImageOfPage":{"@id":"https:\/\/qqpets.com\/product\/qr-tag-buckle\/#primaryimage"},"image":{"@id":"https:\/\/qqpets.com\/product\/qr-tag-buckle\/#primaryimage"},"thumbnailUrl":"https:\/\/qqpets.com\/wp-content\/uploads\/2024\/11\/QR-buckle.webp","datePublished":"2024-11-13T08:17:04+00:00","description":"Durable and customizable QR Tag Buckle for pet collars and harnesses. Easily scanned for pet info, perfect for B2B buyers needing custom logos and patterns.","breadcrumb":{"@id":"https:\/\/qqpets.com\/product\/qr-tag-buckle\/#breadcrumb"},"inLanguage":"it-IT","potentialAction":[{"@type":"ReadAction","target":["https:\/\/qqpets.com\/product\/qr-tag-buckle\/"]}]},{"@type":"ImageObject","inLanguage":"it-IT","@id":"https:\/\/qqpets.com\/product\/qr-tag-buckle\/#primaryimage","url":"https:\/\/qqpets.com\/wp-content\/uploads\/2024\/11\/QR-buckle.webp","contentUrl":"https:\/\/qqpets.com\/wp-content\/uploads\/2024\/11\/QR-buckle.webp","width":800,"height":800},{"@type":"BreadcrumbList","@id":"https:\/\/qqpets.com\/product\/qr-tag-buckle\/#breadcrumb","itemListElement":[{"@type":"ListItem","position":1,"name":"Home","item":"https:\/\/qqpets.com\/"},{"@type":"ListItem","position":2,"name":"Products","item":"https:\/\/qqpets.com\/pet-products-manufacturer\/"},{"@type":"ListItem","position":3,"name":"QR Tag Buckle"}]},{"@type":"WebSite","@id":"https:\/\/qqpets.com\/#website","url":"https:\/\/qqpets.com\/","name":"QQPETS","description":"QQPETS \u00e8 una fabbrica di prodotti per animali domestici per pettorine per cani, collari per cani, guinzagli per cani e accessori per cani con un servizio professionale personalizzato dal 2005.","publisher":{"@id":"https:\/\/qqpets.com\/#organization"},"potentialAction":[{"@type":"SearchAction","target":{"@type":"EntryPoint","urlTemplate":"https:\/\/qqpets.com\/?s={search_term_string}"},"query-input":{"@type":"PropertyValueSpecification","valueRequired":true,"valueName":"search_term_string"}}],"inLanguage":"it-IT"},{"@type":"Organization","@id":"https:\/\/qqpets.com\/#organization","name":"QQPETS","url":"https:\/\/qqpets.com\/","logo":{"@type":"ImageObject","inLanguage":"it-IT","@id":"https:\/\/qqpets.com\/#\/schema\/logo\/image\/","url":"https:\/\/qqpets.com\/wp-content\/uploads\/2023\/09\/cropped-cropped-qqpets-tiktok.jpg","contentUrl":"https:\/\/qqpets.com\/wp-content\/uploads\/2023\/09\/cropped-cropped-qqpets-tiktok.jpg","width":511,"height":511,"caption":"QQPETS"},"image":{"@id":"https:\/\/qqpets.com\/#\/schema\/logo\/image\/"},"sameAs":["https:\/\/www.facebook.com\/QQpetsdogcollars","https:\/\/www.instagram.com\/qqpetscollar\/","https:\/\/www.pinterest.com\/qqpetsdogcollarsfactory\/"]}]}},"_links":{"self":[{"href":"https:\/\/qqpets.com\/it\/wp-json\/wp\/v2\/product\/9267","targetHints":{"allow":["GET"]}}],"collection":[{"href":"https:\/\/qqpets.com\/it\/wp-json\/wp\/v2\/product"}],"about":[{"href":"https:\/\/qqpets.com\/it\/wp-json\/wp\/v2\/types\/product"}],"wp:featuredmedia":[{"embeddable":true,"href":"https:\/\/qqpets.com\/it\/wp-json\/wp\/v2\/media\/9268"}],"wp:attachment":[{"href":"https:\/\/qqpets.com\/it\/wp-json\/wp\/v2\/media?parent=9267"}],"wp:term":[{"taxonomy":"product_brand","embeddable":true,"href":"https:\/\/qqpets.com\/it\/wp-json\/wp\/v2\/product_brand?post=9267"},{"taxonomy":"product_cat","embeddable":true,"href":"https:\/\/qqpets.com\/it\/wp-json\/wp\/v2\/product_cat?post=9267"},{"taxonomy":"product_tag","embeddable":true,"href":"https:\/\/qqpets.com\/it\/wp-json\/wp\/v2\/product_tag?post=9267"}],"curies":[{"name":"wp","href":"https:\/\/api.w.org\/{rel}","templated":true}]}}