{"id":9302,"date":"2024-11-14T11:56:30","date_gmt":"2024-11-14T03:56:30","guid":{"rendered":"https:\/\/qqpets.com\/?post_type=product&#038;p=9302"},"modified":"2024-11-14T11:56:30","modified_gmt":"2024-11-14T03:56:30","slug":"dog-bow-tie","status":"publish","type":"product","link":"https:\/\/qqpets.com\/it\/prodotto\/dog-bow-tie\/","title":{"rendered":"Papillon per cani"},"content":{"rendered":"<p>Questo papillon personalizzabile offre un modo elegante e pratico per i marchi di animali domestici di aggiungere un tocco di eleganza alla loro linea di prodotti. Realizzato in tessuto di alta qualit\u00e0, il papillon combina la durata con opzioni di design vivaci e personalizzabili che mettono in evidenza l'identit\u00e0 unica del vostro marchio. Sia che venga utilizzato come articolo di moda stagionale o come accessorio quotidiano, questo papillon \u00e8 fatto per durare, con cuciture di qualit\u00e0 e un design facile da attaccare che si adatta saldamente a qualsiasi collare standard per animali domestici.<\/p>\n<p>Progettato all'insegna del comfort e dello stile, questo papillon \u00e8 perfetto per le aziende di toelettatura per animali, per i negozi online di accessori per animali o per qualsiasi rivenditore che voglia distinguersi con offerte uniche e di marca. Per i clienti B2B, \u00e8 l'occasione ideale per migliorare l'appeal del prodotto attraverso loghi, colori o motivi personalizzati che si allineano all'estetica del marchio.<\/p>\n<p>L'aggiunta di questo papillon alla vostra collezione offre ai clienti un'opzione unica e alla moda per i loro animali domestici. Grazie alla sua miscela di eleganza e qualit\u00e0, questo accessorio non solo completa l'abbigliamento dell'animale domestico, ma funge anche da strumento di branding chic per la vostra azienda.<\/p>","protected":false},"excerpt":{"rendered":"<p>Il nostro papillon personalizzabile \u00e8 l'accessorio perfetto per gli animali domestici, che aggiunge un tocco di raffinatezza e stile. Realizzato in un tessuto pregiato e resistente, questo papillon \u00e8 ideale per i clienti B2B che desiderano inserire loghi personalizzati o motivi unici, rappresentando cos\u00ec un'elegante soluzione di branding. Comodo e facile da attaccare, \u00e8 progettato per adattarsi saldamente ai collari, consentendo agli animali domestici di rimanere eleganti e comodi. Questo papillon \u00e8 un'ottima aggiunta per i marchi che desiderano fornire ai proprietari di animali domestici accessori alla moda e personalizzati che esprimano sia lo stile che l'identit\u00e0 del marchio.<\/p>\n<p>&nbsp;<\/p>","protected":false},"featured_media":9303,"template":"","meta":[],"product_brand":[],"product_cat":[58],"product_tag":[],"class_list":{"0":"post-9302","1":"product","2":"type-product","3":"status-publish","4":"has-post-thumbnail","6":"product_cat-accessories","8":"first","9":"instock","10":"shipping-taxable","11":"product-type-simple"},"yoast_head":"<!-- This site is optimized with the Yoast SEO plugin v26.6 - https:\/\/yoast.com\/wordpress\/plugins\/seo\/ -->\n<title>Dog Bow Tie | QQPETS<\/title>\n<meta name=\"description\" content=\"Customizable bow tie for pets! Made from premium fabric, perfect for B2B clients needing custom logos or patterns. Elevate any pet brand with style and charm.\" \/>\n<meta name=\"robots\" content=\"index, follow, max-snippet:-1, max-image-preview:large, max-video-preview:-1\" \/>\n<link rel=\"canonical\" href=\"https:\/\/qqpets.com\/it\/prodotto\/dog-bow-tie\/\" \/>\n<meta property=\"og:locale\" content=\"it_IT\" \/>\n<meta property=\"og:type\" content=\"article\" \/>\n<meta property=\"og:title\" content=\"Dog Bow Tie | QQPETS\" \/>\n<meta property=\"og:description\" content=\"Customizable bow tie for pets! Made from premium fabric, perfect for B2B clients needing custom logos or patterns. Elevate any pet brand with style and charm.\" \/>\n<meta property=\"og:url\" content=\"https:\/\/qqpets.com\/it\/prodotto\/dog-bow-tie\/\" \/>\n<meta property=\"og:site_name\" content=\"QQPETS\" \/>\n<meta property=\"article:publisher\" content=\"https:\/\/www.facebook.com\/QQpetsdogcollars\" \/>\n<meta property=\"og:image\" content=\"https:\/\/qqpets.com\/wp-content\/uploads\/2024\/11\/bow-tie1.webp\" \/>\n\t<meta property=\"og:image:width\" content=\"800\" \/>\n\t<meta property=\"og:image:height\" content=\"800\" \/>\n\t<meta property=\"og:image:type\" content=\"image\/webp\" \/>\n<meta name=\"twitter:card\" content=\"summary_large_image\" \/>\n<meta name=\"twitter:label1\" content=\"Tempo di lettura stimato\" \/>\n\t<meta name=\"twitter:data1\" content=\"1 minuto\" \/>\n<script type=\"application\/ld+json\" class=\"yoast-schema-graph\">{\"@context\":\"https:\/\/schema.org\",\"@graph\":[{\"@type\":\"WebPage\",\"@id\":\"https:\/\/qqpets.com\/product\/dog-bow-tie\/\",\"url\":\"https:\/\/qqpets.com\/product\/dog-bow-tie\/\",\"name\":\"Dog Bow Tie | QQPETS\",\"isPartOf\":{\"@id\":\"https:\/\/qqpets.com\/#website\"},\"primaryImageOfPage\":{\"@id\":\"https:\/\/qqpets.com\/product\/dog-bow-tie\/#primaryimage\"},\"image\":{\"@id\":\"https:\/\/qqpets.com\/product\/dog-bow-tie\/#primaryimage\"},\"thumbnailUrl\":\"https:\/\/qqpets.com\/wp-content\/uploads\/2024\/11\/bow-tie1.webp\",\"datePublished\":\"2024-11-14T03:56:30+00:00\",\"description\":\"Customizable bow tie for pets! Made from premium fabric, perfect for B2B clients needing custom logos or patterns. Elevate any pet brand with style and charm.\",\"breadcrumb\":{\"@id\":\"https:\/\/qqpets.com\/product\/dog-bow-tie\/#breadcrumb\"},\"inLanguage\":\"it-IT\",\"potentialAction\":[{\"@type\":\"ReadAction\",\"target\":[\"https:\/\/qqpets.com\/product\/dog-bow-tie\/\"]}]},{\"@type\":\"ImageObject\",\"inLanguage\":\"it-IT\",\"@id\":\"https:\/\/qqpets.com\/product\/dog-bow-tie\/#primaryimage\",\"url\":\"https:\/\/qqpets.com\/wp-content\/uploads\/2024\/11\/bow-tie1.webp\",\"contentUrl\":\"https:\/\/qqpets.com\/wp-content\/uploads\/2024\/11\/bow-tie1.webp\",\"width\":800,\"height\":800},{\"@type\":\"BreadcrumbList\",\"@id\":\"https:\/\/qqpets.com\/product\/dog-bow-tie\/#breadcrumb\",\"itemListElement\":[{\"@type\":\"ListItem\",\"position\":1,\"name\":\"Home\",\"item\":\"https:\/\/qqpets.com\/\"},{\"@type\":\"ListItem\",\"position\":2,\"name\":\"Products\",\"item\":\"https:\/\/qqpets.com\/pet-products-manufacturer\/\"},{\"@type\":\"ListItem\",\"position\":3,\"name\":\"Dog Bow Tie\"}]},{\"@type\":\"WebSite\",\"@id\":\"https:\/\/qqpets.com\/#website\",\"url\":\"https:\/\/qqpets.com\/\",\"name\":\"QQPETS\",\"description\":\"QQPETS is a pet products factory for dog harnesses, dog collars, dog leashes and dog accessories with professional customized service since 2005.\",\"publisher\":{\"@id\":\"https:\/\/qqpets.com\/#organization\"},\"potentialAction\":[{\"@type\":\"SearchAction\",\"target\":{\"@type\":\"EntryPoint\",\"urlTemplate\":\"https:\/\/qqpets.com\/?s={search_term_string}\"},\"query-input\":{\"@type\":\"PropertyValueSpecification\",\"valueRequired\":true,\"valueName\":\"search_term_string\"}}],\"inLanguage\":\"it-IT\"},{\"@type\":\"Organization\",\"@id\":\"https:\/\/qqpets.com\/#organization\",\"name\":\"QQPETS\",\"url\":\"https:\/\/qqpets.com\/\",\"logo\":{\"@type\":\"ImageObject\",\"inLanguage\":\"it-IT\",\"@id\":\"https:\/\/qqpets.com\/#\/schema\/logo\/image\/\",\"url\":\"https:\/\/qqpets.com\/wp-content\/uploads\/2023\/09\/cropped-cropped-qqpets-tiktok.jpg\",\"contentUrl\":\"https:\/\/qqpets.com\/wp-content\/uploads\/2023\/09\/cropped-cropped-qqpets-tiktok.jpg\",\"width\":511,\"height\":511,\"caption\":\"QQPETS\"},\"image\":{\"@id\":\"https:\/\/qqpets.com\/#\/schema\/logo\/image\/\"},\"sameAs\":[\"https:\/\/www.facebook.com\/QQpetsdogcollars\",\"https:\/\/www.instagram.com\/qqpetscollar\/\",\"https:\/\/www.pinterest.com\/qqpetsdogcollarsfactory\/\"]}]}<\/script>\n<!-- \/ Yoast SEO plugin. -->","yoast_head_json":{"title":"Papillon per cani | QQPETS","description":"Papillon personalizzabile per animali domestici! Realizzato in tessuto pregiato, perfetto per i clienti B2B che necessitano di loghi o motivi personalizzati. Elevate qualsiasi marchio di animali domestici con stile e fascino.","robots":{"index":"index","follow":"follow","max-snippet":"max-snippet:-1","max-image-preview":"max-image-preview:large","max-video-preview":"max-video-preview:-1"},"canonical":"https:\/\/qqpets.com\/it\/prodotto\/dog-bow-tie\/","og_locale":"it_IT","og_type":"article","og_title":"Dog Bow Tie | QQPETS","og_description":"Customizable bow tie for pets! Made from premium fabric, perfect for B2B clients needing custom logos or patterns. Elevate any pet brand with style and charm.","og_url":"https:\/\/qqpets.com\/it\/prodotto\/dog-bow-tie\/","og_site_name":"QQPETS","article_publisher":"https:\/\/www.facebook.com\/QQpetsdogcollars","og_image":[{"width":800,"height":800,"url":"https:\/\/qqpets.com\/wp-content\/uploads\/2024\/11\/bow-tie1.webp","type":"image\/webp"}],"twitter_card":"summary_large_image","twitter_misc":{"Tempo di lettura stimato":"1 minuto"},"schema":{"@context":"https:\/\/schema.org","@graph":[{"@type":"WebPage","@id":"https:\/\/qqpets.com\/product\/dog-bow-tie\/","url":"https:\/\/qqpets.com\/product\/dog-bow-tie\/","name":"Papillon per cani | QQPETS","isPartOf":{"@id":"https:\/\/qqpets.com\/#website"},"primaryImageOfPage":{"@id":"https:\/\/qqpets.com\/product\/dog-bow-tie\/#primaryimage"},"image":{"@id":"https:\/\/qqpets.com\/product\/dog-bow-tie\/#primaryimage"},"thumbnailUrl":"https:\/\/qqpets.com\/wp-content\/uploads\/2024\/11\/bow-tie1.webp","datePublished":"2024-11-14T03:56:30+00:00","description":"Papillon personalizzabile per animali domestici! Realizzato in tessuto pregiato, perfetto per i clienti B2B che necessitano di loghi o motivi personalizzati. Elevate qualsiasi marchio di animali domestici con stile e fascino.","breadcrumb":{"@id":"https:\/\/qqpets.com\/product\/dog-bow-tie\/#breadcrumb"},"inLanguage":"it-IT","potentialAction":[{"@type":"ReadAction","target":["https:\/\/qqpets.com\/product\/dog-bow-tie\/"]}]},{"@type":"ImageObject","inLanguage":"it-IT","@id":"https:\/\/qqpets.com\/product\/dog-bow-tie\/#primaryimage","url":"https:\/\/qqpets.com\/wp-content\/uploads\/2024\/11\/bow-tie1.webp","contentUrl":"https:\/\/qqpets.com\/wp-content\/uploads\/2024\/11\/bow-tie1.webp","width":800,"height":800},{"@type":"BreadcrumbList","@id":"https:\/\/qqpets.com\/product\/dog-bow-tie\/#breadcrumb","itemListElement":[{"@type":"ListItem","position":1,"name":"Home","item":"https:\/\/qqpets.com\/"},{"@type":"ListItem","position":2,"name":"Products","item":"https:\/\/qqpets.com\/pet-products-manufacturer\/"},{"@type":"ListItem","position":3,"name":"Dog Bow Tie"}]},{"@type":"WebSite","@id":"https:\/\/qqpets.com\/#website","url":"https:\/\/qqpets.com\/","name":"QQPETS","description":"QQPETS \u00e8 una fabbrica di prodotti per animali domestici per pettorine per cani, collari per cani, guinzagli per cani e accessori per cani con un servizio professionale personalizzato dal 2005.","publisher":{"@id":"https:\/\/qqpets.com\/#organization"},"potentialAction":[{"@type":"SearchAction","target":{"@type":"EntryPoint","urlTemplate":"https:\/\/qqpets.com\/?s={search_term_string}"},"query-input":{"@type":"PropertyValueSpecification","valueRequired":true,"valueName":"search_term_string"}}],"inLanguage":"it-IT"},{"@type":"Organization","@id":"https:\/\/qqpets.com\/#organization","name":"QQPETS","url":"https:\/\/qqpets.com\/","logo":{"@type":"ImageObject","inLanguage":"it-IT","@id":"https:\/\/qqpets.com\/#\/schema\/logo\/image\/","url":"https:\/\/qqpets.com\/wp-content\/uploads\/2023\/09\/cropped-cropped-qqpets-tiktok.jpg","contentUrl":"https:\/\/qqpets.com\/wp-content\/uploads\/2023\/09\/cropped-cropped-qqpets-tiktok.jpg","width":511,"height":511,"caption":"QQPETS"},"image":{"@id":"https:\/\/qqpets.com\/#\/schema\/logo\/image\/"},"sameAs":["https:\/\/www.facebook.com\/QQpetsdogcollars","https:\/\/www.instagram.com\/qqpetscollar\/","https:\/\/www.pinterest.com\/qqpetsdogcollarsfactory\/"]}]}},"_links":{"self":[{"href":"https:\/\/qqpets.com\/it\/wp-json\/wp\/v2\/product\/9302","targetHints":{"allow":["GET"]}}],"collection":[{"href":"https:\/\/qqpets.com\/it\/wp-json\/wp\/v2\/product"}],"about":[{"href":"https:\/\/qqpets.com\/it\/wp-json\/wp\/v2\/types\/product"}],"wp:featuredmedia":[{"embeddable":true,"href":"https:\/\/qqpets.com\/it\/wp-json\/wp\/v2\/media\/9303"}],"wp:attachment":[{"href":"https:\/\/qqpets.com\/it\/wp-json\/wp\/v2\/media?parent=9302"}],"wp:term":[{"taxonomy":"product_brand","embeddable":true,"href":"https:\/\/qqpets.com\/it\/wp-json\/wp\/v2\/product_brand?post=9302"},{"taxonomy":"product_cat","embeddable":true,"href":"https:\/\/qqpets.com\/it\/wp-json\/wp\/v2\/product_cat?post=9302"},{"taxonomy":"product_tag","embeddable":true,"href":"https:\/\/qqpets.com\/it\/wp-json\/wp\/v2\/product_tag?post=9302"}],"curies":[{"name":"wp","href":"https:\/\/api.w.org\/{rel}","templated":true}]}}