{"id":9332,"date":"2024-11-14T15:31:01","date_gmt":"2024-11-14T07:31:01","guid":{"rendered":"https:\/\/qqpets.com\/?post_type=product&#038;p=9332"},"modified":"2024-11-14T15:31:01","modified_gmt":"2024-11-14T07:31:01","slug":"pvc-dog-collar","status":"publish","type":"product","link":"https:\/\/qqpets.com\/it\/prodotto\/pvc-dog-collar\/","title":{"rendered":"Collare per cani in PVC"},"content":{"rendered":"<p>Il collare per cani in PVC \u00e8 una scelta eccellente per le aziende che desiderano offrire collari per animali domestici che combinino stile, durata e opportunit\u00e0 di branding. Realizzato in PVC impermeabile e resistente all'usura, questo collare \u00e8 perfetto per i cani di tutte le razze e offre resistenza alle intemperie e all'usura quotidiana. Il PVC \u00e8 un materiale ideale per i prodotti per animali domestici: \u00e8 facile da pulire, \u00e8 molto resistente e garantisce il comfort degli animali anche in caso di usura prolungata.<\/p>\n<p>Per i clienti B2B, i nostri collari per cani in PVC possono essere personalizzati con il logo, i colori o i motivi unici del vostro marchio, creando uno strumento promozionale o un prodotto al dettaglio ideale. Le opzioni di personalizzazione del marchio consentono di aumentare la visibilit\u00e0 e il riconoscimento del marchio tra i proprietari di animali domestici, aiutando la vostra azienda a fare un'impressione duratura nel mercato degli animali domestici.<\/p>\n<p>I nostri collari per cani in PVC si rivolgono alle aziende in cerca di prodotti affidabili e di alta qualit\u00e0 che soddisfino le esigenze pratiche dei proprietari di animali domestici, migliorando al contempo la presenza del marchio. Questi collari non solo resistono ai giochi violenti e alle avventure all'aria aperta, ma fungono anche da tela per un marchio unico, rendendoli una scelta essenziale per i negozi di animali, per gli omaggi aziendali e per tutte le aziende che cercano la qualit\u00e0 negli accessori personalizzati per animali.<\/p>","protected":false},"excerpt":{"rendered":"<p>I nostri collari per cani in PVC sono progettati per garantire durata, comfort e facilit\u00e0 di manutenzione. Realizzati in PVC impermeabile di alta qualit\u00e0, questi collari sono ideali per gli animali domestici attivi e per tutte le condizioni atmosferiche. Grazie alle opzioni di personalizzazione per loghi o motivi unici, questi collari offrono una soluzione di branding efficace per le aziende di forniture per animali e per gli omaggi aziendali. Sono resistenti all'usura e facili da pulire, per garantire una qualit\u00e0 duratura e la visibilit\u00e0 del marchio. Perfetti per i clienti B2B che cercano accessori per animali domestici di alta qualit\u00e0 e di marca, i nostri collari in PVC combinano funzionalit\u00e0 e personalizzazione per una scelta affidabile ed elegante di collari per animali domestici.<\/p>","protected":false},"featured_media":9340,"template":"","meta":[],"product_brand":[],"product_cat":[26],"product_tag":[],"class_list":{"0":"post-9332","1":"product","2":"type-product","3":"status-publish","4":"has-post-thumbnail","6":"product_cat-dog-collar","8":"first","9":"instock","10":"shipping-taxable","11":"product-type-simple"},"yoast_head":"<!-- This site is optimized with the Yoast SEO plugin v26.6 - https:\/\/yoast.com\/wordpress\/plugins\/seo\/ -->\n<title>PVC Dog Collar | QQPETS<\/title>\n<meta name=\"description\" content=\"Durable PVC dog collars, fully customizable for B2B branding. Waterproof, easy-to-clean, and ideal for custom logos or patterns. Perfect for brand visibility.\" \/>\n<meta name=\"robots\" content=\"index, follow, max-snippet:-1, max-image-preview:large, max-video-preview:-1\" \/>\n<link rel=\"canonical\" href=\"https:\/\/qqpets.com\/it\/prodotto\/pvc-dog-collar\/\" \/>\n<meta property=\"og:locale\" content=\"it_IT\" \/>\n<meta property=\"og:type\" content=\"article\" \/>\n<meta property=\"og:title\" content=\"PVC Dog Collar | QQPETS\" \/>\n<meta property=\"og:description\" content=\"Durable PVC dog collars, fully customizable for B2B branding. Waterproof, easy-to-clean, and ideal for custom logos or patterns. Perfect for brand visibility.\" \/>\n<meta property=\"og:url\" content=\"https:\/\/qqpets.com\/it\/prodotto\/pvc-dog-collar\/\" \/>\n<meta property=\"og:site_name\" content=\"QQPETS\" \/>\n<meta property=\"article:publisher\" content=\"https:\/\/www.facebook.com\/QQpetsdogcollars\" \/>\n<meta property=\"og:image\" content=\"https:\/\/qqpets.com\/wp-content\/uploads\/2024\/11\/pvc-dog-collar8.webp\" \/>\n\t<meta property=\"og:image:width\" content=\"960\" \/>\n\t<meta property=\"og:image:height\" content=\"960\" \/>\n\t<meta property=\"og:image:type\" content=\"image\/webp\" \/>\n<meta name=\"twitter:card\" content=\"summary_large_image\" \/>\n<meta name=\"twitter:label1\" content=\"Tempo di lettura stimato\" \/>\n\t<meta name=\"twitter:data1\" content=\"1 minuto\" \/>\n<script type=\"application\/ld+json\" class=\"yoast-schema-graph\">{\"@context\":\"https:\/\/schema.org\",\"@graph\":[{\"@type\":\"WebPage\",\"@id\":\"https:\/\/qqpets.com\/product\/pvc-dog-collar\/\",\"url\":\"https:\/\/qqpets.com\/product\/pvc-dog-collar\/\",\"name\":\"PVC Dog Collar | QQPETS\",\"isPartOf\":{\"@id\":\"https:\/\/qqpets.com\/#website\"},\"primaryImageOfPage\":{\"@id\":\"https:\/\/qqpets.com\/product\/pvc-dog-collar\/#primaryimage\"},\"image\":{\"@id\":\"https:\/\/qqpets.com\/product\/pvc-dog-collar\/#primaryimage\"},\"thumbnailUrl\":\"https:\/\/qqpets.com\/wp-content\/uploads\/2024\/11\/pvc-dog-collar8.webp\",\"datePublished\":\"2024-11-14T07:31:01+00:00\",\"description\":\"Durable PVC dog collars, fully customizable for B2B branding. Waterproof, easy-to-clean, and ideal for custom logos or patterns. Perfect for brand visibility.\",\"breadcrumb\":{\"@id\":\"https:\/\/qqpets.com\/product\/pvc-dog-collar\/#breadcrumb\"},\"inLanguage\":\"it-IT\",\"potentialAction\":[{\"@type\":\"ReadAction\",\"target\":[\"https:\/\/qqpets.com\/product\/pvc-dog-collar\/\"]}]},{\"@type\":\"ImageObject\",\"inLanguage\":\"it-IT\",\"@id\":\"https:\/\/qqpets.com\/product\/pvc-dog-collar\/#primaryimage\",\"url\":\"https:\/\/qqpets.com\/wp-content\/uploads\/2024\/11\/pvc-dog-collar8.webp\",\"contentUrl\":\"https:\/\/qqpets.com\/wp-content\/uploads\/2024\/11\/pvc-dog-collar8.webp\",\"width\":960,\"height\":960},{\"@type\":\"BreadcrumbList\",\"@id\":\"https:\/\/qqpets.com\/product\/pvc-dog-collar\/#breadcrumb\",\"itemListElement\":[{\"@type\":\"ListItem\",\"position\":1,\"name\":\"Home\",\"item\":\"https:\/\/qqpets.com\/\"},{\"@type\":\"ListItem\",\"position\":2,\"name\":\"Products\",\"item\":\"https:\/\/qqpets.com\/pet-products-manufacturer\/\"},{\"@type\":\"ListItem\",\"position\":3,\"name\":\"PVC Dog Collar\"}]},{\"@type\":\"WebSite\",\"@id\":\"https:\/\/qqpets.com\/#website\",\"url\":\"https:\/\/qqpets.com\/\",\"name\":\"QQPETS\",\"description\":\"QQPETS is a pet products factory for dog harnesses, dog collars, dog leashes and dog accessories with professional customized service since 2005.\",\"publisher\":{\"@id\":\"https:\/\/qqpets.com\/#organization\"},\"potentialAction\":[{\"@type\":\"SearchAction\",\"target\":{\"@type\":\"EntryPoint\",\"urlTemplate\":\"https:\/\/qqpets.com\/?s={search_term_string}\"},\"query-input\":{\"@type\":\"PropertyValueSpecification\",\"valueRequired\":true,\"valueName\":\"search_term_string\"}}],\"inLanguage\":\"it-IT\"},{\"@type\":\"Organization\",\"@id\":\"https:\/\/qqpets.com\/#organization\",\"name\":\"QQPETS\",\"url\":\"https:\/\/qqpets.com\/\",\"logo\":{\"@type\":\"ImageObject\",\"inLanguage\":\"it-IT\",\"@id\":\"https:\/\/qqpets.com\/#\/schema\/logo\/image\/\",\"url\":\"https:\/\/qqpets.com\/wp-content\/uploads\/2023\/09\/cropped-cropped-qqpets-tiktok.jpg\",\"contentUrl\":\"https:\/\/qqpets.com\/wp-content\/uploads\/2023\/09\/cropped-cropped-qqpets-tiktok.jpg\",\"width\":511,\"height\":511,\"caption\":\"QQPETS\"},\"image\":{\"@id\":\"https:\/\/qqpets.com\/#\/schema\/logo\/image\/\"},\"sameAs\":[\"https:\/\/www.facebook.com\/QQpetsdogcollars\",\"https:\/\/www.instagram.com\/qqpetscollar\/\",\"https:\/\/www.pinterest.com\/qqpetsdogcollarsfactory\/\"]}]}<\/script>\n<!-- \/ Yoast SEO plugin. -->","yoast_head_json":{"title":"Collare per cani in PVC | QQPETS","description":"Collari per cani in PVC resistente, completamente personalizzabili per il branding B2B. Impermeabili, facili da pulire e ideali per loghi o motivi personalizzati. Perfetti per la visibilit\u00e0 del marchio.","robots":{"index":"index","follow":"follow","max-snippet":"max-snippet:-1","max-image-preview":"max-image-preview:large","max-video-preview":"max-video-preview:-1"},"canonical":"https:\/\/qqpets.com\/it\/prodotto\/pvc-dog-collar\/","og_locale":"it_IT","og_type":"article","og_title":"PVC Dog Collar | QQPETS","og_description":"Durable PVC dog collars, fully customizable for B2B branding. Waterproof, easy-to-clean, and ideal for custom logos or patterns. Perfect for brand visibility.","og_url":"https:\/\/qqpets.com\/it\/prodotto\/pvc-dog-collar\/","og_site_name":"QQPETS","article_publisher":"https:\/\/www.facebook.com\/QQpetsdogcollars","og_image":[{"width":960,"height":960,"url":"https:\/\/qqpets.com\/wp-content\/uploads\/2024\/11\/pvc-dog-collar8.webp","type":"image\/webp"}],"twitter_card":"summary_large_image","twitter_misc":{"Tempo di lettura stimato":"1 minuto"},"schema":{"@context":"https:\/\/schema.org","@graph":[{"@type":"WebPage","@id":"https:\/\/qqpets.com\/product\/pvc-dog-collar\/","url":"https:\/\/qqpets.com\/product\/pvc-dog-collar\/","name":"Collare per cani in PVC | QQPETS","isPartOf":{"@id":"https:\/\/qqpets.com\/#website"},"primaryImageOfPage":{"@id":"https:\/\/qqpets.com\/product\/pvc-dog-collar\/#primaryimage"},"image":{"@id":"https:\/\/qqpets.com\/product\/pvc-dog-collar\/#primaryimage"},"thumbnailUrl":"https:\/\/qqpets.com\/wp-content\/uploads\/2024\/11\/pvc-dog-collar8.webp","datePublished":"2024-11-14T07:31:01+00:00","description":"Collari per cani in PVC resistente, completamente personalizzabili per il branding B2B. Impermeabili, facili da pulire e ideali per loghi o motivi personalizzati. Perfetti per la visibilit\u00e0 del marchio.","breadcrumb":{"@id":"https:\/\/qqpets.com\/product\/pvc-dog-collar\/#breadcrumb"},"inLanguage":"it-IT","potentialAction":[{"@type":"ReadAction","target":["https:\/\/qqpets.com\/product\/pvc-dog-collar\/"]}]},{"@type":"ImageObject","inLanguage":"it-IT","@id":"https:\/\/qqpets.com\/product\/pvc-dog-collar\/#primaryimage","url":"https:\/\/qqpets.com\/wp-content\/uploads\/2024\/11\/pvc-dog-collar8.webp","contentUrl":"https:\/\/qqpets.com\/wp-content\/uploads\/2024\/11\/pvc-dog-collar8.webp","width":960,"height":960},{"@type":"BreadcrumbList","@id":"https:\/\/qqpets.com\/product\/pvc-dog-collar\/#breadcrumb","itemListElement":[{"@type":"ListItem","position":1,"name":"Home","item":"https:\/\/qqpets.com\/"},{"@type":"ListItem","position":2,"name":"Products","item":"https:\/\/qqpets.com\/pet-products-manufacturer\/"},{"@type":"ListItem","position":3,"name":"PVC Dog Collar"}]},{"@type":"WebSite","@id":"https:\/\/qqpets.com\/#website","url":"https:\/\/qqpets.com\/","name":"QQPETS","description":"QQPETS \u00e8 una fabbrica di prodotti per animali domestici per pettorine per cani, collari per cani, guinzagli per cani e accessori per cani con un servizio professionale personalizzato dal 2005.","publisher":{"@id":"https:\/\/qqpets.com\/#organization"},"potentialAction":[{"@type":"SearchAction","target":{"@type":"EntryPoint","urlTemplate":"https:\/\/qqpets.com\/?s={search_term_string}"},"query-input":{"@type":"PropertyValueSpecification","valueRequired":true,"valueName":"search_term_string"}}],"inLanguage":"it-IT"},{"@type":"Organization","@id":"https:\/\/qqpets.com\/#organization","name":"QQPETS","url":"https:\/\/qqpets.com\/","logo":{"@type":"ImageObject","inLanguage":"it-IT","@id":"https:\/\/qqpets.com\/#\/schema\/logo\/image\/","url":"https:\/\/qqpets.com\/wp-content\/uploads\/2023\/09\/cropped-cropped-qqpets-tiktok.jpg","contentUrl":"https:\/\/qqpets.com\/wp-content\/uploads\/2023\/09\/cropped-cropped-qqpets-tiktok.jpg","width":511,"height":511,"caption":"QQPETS"},"image":{"@id":"https:\/\/qqpets.com\/#\/schema\/logo\/image\/"},"sameAs":["https:\/\/www.facebook.com\/QQpetsdogcollars","https:\/\/www.instagram.com\/qqpetscollar\/","https:\/\/www.pinterest.com\/qqpetsdogcollarsfactory\/"]}]}},"_links":{"self":[{"href":"https:\/\/qqpets.com\/it\/wp-json\/wp\/v2\/product\/9332","targetHints":{"allow":["GET"]}}],"collection":[{"href":"https:\/\/qqpets.com\/it\/wp-json\/wp\/v2\/product"}],"about":[{"href":"https:\/\/qqpets.com\/it\/wp-json\/wp\/v2\/types\/product"}],"wp:featuredmedia":[{"embeddable":true,"href":"https:\/\/qqpets.com\/it\/wp-json\/wp\/v2\/media\/9340"}],"wp:attachment":[{"href":"https:\/\/qqpets.com\/it\/wp-json\/wp\/v2\/media?parent=9332"}],"wp:term":[{"taxonomy":"product_brand","embeddable":true,"href":"https:\/\/qqpets.com\/it\/wp-json\/wp\/v2\/product_brand?post=9332"},{"taxonomy":"product_cat","embeddable":true,"href":"https:\/\/qqpets.com\/it\/wp-json\/wp\/v2\/product_cat?post=9332"},{"taxonomy":"product_tag","embeddable":true,"href":"https:\/\/qqpets.com\/it\/wp-json\/wp\/v2\/product_tag?post=9332"}],"curies":[{"name":"wp","href":"https:\/\/api.w.org\/{rel}","templated":true}]}}