{"id":9695,"date":"2024-12-13T16:44:56","date_gmt":"2024-12-13T08:44:56","guid":{"rendered":"https:\/\/qqpets.com\/?post_type=product&#038;p=9695"},"modified":"2024-12-13T16:44:56","modified_gmt":"2024-12-13T08:44:56","slug":"dog-blanket","status":"publish","type":"product","link":"https:\/\/qqpets.com\/it\/prodotto\/dog-blanket\/","title":{"rendered":"Coperta per cani"},"content":{"rendered":"<p data-immersive-translate-walked=\"bc124103-9cd7-4f5a-8097-278f5efbaabc\" data-immersive-translate-paragraph=\"1\">La coperta per cani \u00e8 stata progettata per fornire calore, comfort e stile agli animali domestici, offrendo al contempo eccellenti opportunit\u00e0 di branding per le aziende. Realizzata in tessuto pregiato e morbido al tatto, questa coperta \u00e8 delicata per la pelle degli animali domestici e sufficientemente resistente per l'uso quotidiano. \u00c8 perfetta per diversi scenari, tra cui il riposo in casa, il rivestimento delle cucce per animali domestici o il comfort extra durante i viaggi in auto o la permanenza in gabbia.<\/p>\n<p data-immersive-translate-walked=\"bc124103-9cd7-4f5a-8097-278f5efbaabc\" data-immersive-translate-paragraph=\"1\">Per i clienti B2B, la nostra coperta per cani pu\u00f2 essere completamente personalizzata con loghi, motivi o schemi di colori per allinearsi all'identit\u00e0 del vostro marchio. Che si tratti di un negozio di animali, di un rivenditore online o di un distributore, questa coperta \u00e8 un modo fantastico per mostrare il vostro marchio offrendo al contempo un prodotto funzionale ed elegante. Il design leggero e lavabile in lavatrice assicura una facile manutenzione per i proprietari di animali domestici, aumentando il suo fascino come accessorio pratico e desiderabile.<\/p>\n<p data-immersive-translate-walked=\"bc124103-9cd7-4f5a-8097-278f5efbaabc\" data-immersive-translate-paragraph=\"1\">Versatile, resistente ed elegante, la coperta per cani \u00e8 un'eccellente aggiunta a qualsiasi linea di prodotti per animali domestici. Il suo potenziale di personalizzazione lo rende un articolo di spicco per le aziende che mirano a catturare l'attenzione e la fedelt\u00e0 dei clienti nel competitivo mercato degli animali domestici. Offrite ai vostri clienti un prodotto tanto accogliente quanto funzionale, consolidando il vostro marchio come fonte di riferimento per gli accessori di qualit\u00e0 per animali domestici.<\/p>","protected":false},"excerpt":{"rendered":"<p>La nostra coperta per cani \u00e8 l'accessorio perfetto per mantenere gli animali domestici caldi e comodi. Realizzata con materiali di alta qualit\u00e0, morbidi e resistenti, \u00e8 progettata per un uso quotidiano e una facile manutenzione. Ideale per i clienti B2B, questa coperta offre opzioni di personalizzazione complete, che consentono di aggiungere loghi o motivi unici per riflettere il vostro marchio. Perfetta per le cucce, le casse o i viaggi in auto, \u00e8 un'aggiunta versatile a qualsiasi linea di prodotti per animali domestici. Fornite ai vostri clienti una soluzione elegante e accogliente che migliora il comfort dei loro animali domestici e aumenta la visibilit\u00e0 del vostro marchio nel competitivo mercato degli animali domestici.<\/p>","protected":false},"featured_media":9699,"template":"","meta":[],"product_brand":[],"product_cat":[58],"product_tag":[],"class_list":{"0":"post-9695","1":"product","2":"type-product","3":"status-publish","4":"has-post-thumbnail","6":"product_cat-accessories","8":"first","9":"instock","10":"shipping-taxable","11":"product-type-simple"},"yoast_head":"<!-- This site is optimized with the Yoast SEO plugin v26.6 - https:\/\/yoast.com\/wordpress\/plugins\/seo\/ -->\n<title>Dog Blanket | QQPETS<\/title>\n<meta name=\"description\" content=\"Soft and durable dog blanket, perfect for comfort and warmth. Customizable with logos or patterns for B2B clients, ideal for branding and pet product lines.\" \/>\n<meta name=\"robots\" content=\"index, follow, max-snippet:-1, max-image-preview:large, max-video-preview:-1\" \/>\n<link rel=\"canonical\" href=\"https:\/\/qqpets.com\/it\/prodotto\/dog-blanket\/\" \/>\n<meta property=\"og:locale\" content=\"it_IT\" \/>\n<meta property=\"og:type\" content=\"article\" \/>\n<meta property=\"og:title\" content=\"Dog Blanket | QQPETS\" \/>\n<meta property=\"og:description\" content=\"Soft and durable dog blanket, perfect for comfort and warmth. Customizable with logos or patterns for B2B clients, ideal for branding and pet product lines.\" \/>\n<meta property=\"og:url\" content=\"https:\/\/qqpets.com\/it\/prodotto\/dog-blanket\/\" \/>\n<meta property=\"og:site_name\" content=\"QQPETS\" \/>\n<meta property=\"article:publisher\" content=\"https:\/\/www.facebook.com\/QQpetsdogcollars\" \/>\n<meta property=\"og:image\" content=\"https:\/\/qqpets.com\/wp-content\/uploads\/2024\/12\/Dog-Blanket3.webp\" \/>\n\t<meta property=\"og:image:width\" content=\"1080\" \/>\n\t<meta property=\"og:image:height\" content=\"1080\" \/>\n\t<meta property=\"og:image:type\" content=\"image\/webp\" \/>\n<meta name=\"twitter:card\" content=\"summary_large_image\" \/>\n<meta name=\"twitter:label1\" content=\"Tempo di lettura stimato\" \/>\n\t<meta name=\"twitter:data1\" content=\"2 minuti\" \/>\n<script type=\"application\/ld+json\" class=\"yoast-schema-graph\">{\"@context\":\"https:\/\/schema.org\",\"@graph\":[{\"@type\":\"WebPage\",\"@id\":\"https:\/\/qqpets.com\/product\/dog-blanket\/\",\"url\":\"https:\/\/qqpets.com\/product\/dog-blanket\/\",\"name\":\"Dog Blanket | QQPETS\",\"isPartOf\":{\"@id\":\"https:\/\/qqpets.com\/#website\"},\"primaryImageOfPage\":{\"@id\":\"https:\/\/qqpets.com\/product\/dog-blanket\/#primaryimage\"},\"image\":{\"@id\":\"https:\/\/qqpets.com\/product\/dog-blanket\/#primaryimage\"},\"thumbnailUrl\":\"https:\/\/qqpets.com\/wp-content\/uploads\/2024\/12\/Dog-Blanket3.webp\",\"datePublished\":\"2024-12-13T08:44:56+00:00\",\"description\":\"Soft and durable dog blanket, perfect for comfort and warmth. Customizable with logos or patterns for B2B clients, ideal for branding and pet product lines.\",\"breadcrumb\":{\"@id\":\"https:\/\/qqpets.com\/product\/dog-blanket\/#breadcrumb\"},\"inLanguage\":\"it-IT\",\"potentialAction\":[{\"@type\":\"ReadAction\",\"target\":[\"https:\/\/qqpets.com\/product\/dog-blanket\/\"]}]},{\"@type\":\"ImageObject\",\"inLanguage\":\"it-IT\",\"@id\":\"https:\/\/qqpets.com\/product\/dog-blanket\/#primaryimage\",\"url\":\"https:\/\/qqpets.com\/wp-content\/uploads\/2024\/12\/Dog-Blanket3.webp\",\"contentUrl\":\"https:\/\/qqpets.com\/wp-content\/uploads\/2024\/12\/Dog-Blanket3.webp\",\"width\":1080,\"height\":1080},{\"@type\":\"BreadcrumbList\",\"@id\":\"https:\/\/qqpets.com\/product\/dog-blanket\/#breadcrumb\",\"itemListElement\":[{\"@type\":\"ListItem\",\"position\":1,\"name\":\"Home\",\"item\":\"https:\/\/qqpets.com\/\"},{\"@type\":\"ListItem\",\"position\":2,\"name\":\"Products\",\"item\":\"https:\/\/qqpets.com\/pet-products-manufacturer\/\"},{\"@type\":\"ListItem\",\"position\":3,\"name\":\"Dog Blanket\"}]},{\"@type\":\"WebSite\",\"@id\":\"https:\/\/qqpets.com\/#website\",\"url\":\"https:\/\/qqpets.com\/\",\"name\":\"QQPETS\",\"description\":\"QQPETS is a pet products factory for dog harnesses, dog collars, dog leashes and dog accessories with professional customized service since 2005.\",\"publisher\":{\"@id\":\"https:\/\/qqpets.com\/#organization\"},\"potentialAction\":[{\"@type\":\"SearchAction\",\"target\":{\"@type\":\"EntryPoint\",\"urlTemplate\":\"https:\/\/qqpets.com\/?s={search_term_string}\"},\"query-input\":{\"@type\":\"PropertyValueSpecification\",\"valueRequired\":true,\"valueName\":\"search_term_string\"}}],\"inLanguage\":\"it-IT\"},{\"@type\":\"Organization\",\"@id\":\"https:\/\/qqpets.com\/#organization\",\"name\":\"QQPETS\",\"url\":\"https:\/\/qqpets.com\/\",\"logo\":{\"@type\":\"ImageObject\",\"inLanguage\":\"it-IT\",\"@id\":\"https:\/\/qqpets.com\/#\/schema\/logo\/image\/\",\"url\":\"https:\/\/qqpets.com\/wp-content\/uploads\/2023\/09\/cropped-cropped-qqpets-tiktok.jpg\",\"contentUrl\":\"https:\/\/qqpets.com\/wp-content\/uploads\/2023\/09\/cropped-cropped-qqpets-tiktok.jpg\",\"width\":511,\"height\":511,\"caption\":\"QQPETS\"},\"image\":{\"@id\":\"https:\/\/qqpets.com\/#\/schema\/logo\/image\/\"},\"sameAs\":[\"https:\/\/www.facebook.com\/QQpetsdogcollars\",\"https:\/\/www.instagram.com\/qqpetscollar\/\",\"https:\/\/www.pinterest.com\/qqpetsdogcollarsfactory\/\"]}]}<\/script>\n<!-- \/ Yoast SEO plugin. -->","yoast_head_json":{"title":"Coperta per cani | QQPETS","description":"Coperta per cani morbida e resistente, perfetta per garantire comfort e calore. Personalizzabile con loghi o motivi per i clienti B2B, ideale per il branding e le linee di prodotti per animali.","robots":{"index":"index","follow":"follow","max-snippet":"max-snippet:-1","max-image-preview":"max-image-preview:large","max-video-preview":"max-video-preview:-1"},"canonical":"https:\/\/qqpets.com\/it\/prodotto\/dog-blanket\/","og_locale":"it_IT","og_type":"article","og_title":"Dog Blanket | QQPETS","og_description":"Soft and durable dog blanket, perfect for comfort and warmth. Customizable with logos or patterns for B2B clients, ideal for branding and pet product lines.","og_url":"https:\/\/qqpets.com\/it\/prodotto\/dog-blanket\/","og_site_name":"QQPETS","article_publisher":"https:\/\/www.facebook.com\/QQpetsdogcollars","og_image":[{"width":1080,"height":1080,"url":"https:\/\/qqpets.com\/wp-content\/uploads\/2024\/12\/Dog-Blanket3.webp","type":"image\/webp"}],"twitter_card":"summary_large_image","twitter_misc":{"Tempo di lettura stimato":"2 minuti"},"schema":{"@context":"https:\/\/schema.org","@graph":[{"@type":"WebPage","@id":"https:\/\/qqpets.com\/product\/dog-blanket\/","url":"https:\/\/qqpets.com\/product\/dog-blanket\/","name":"Coperta per cani | QQPETS","isPartOf":{"@id":"https:\/\/qqpets.com\/#website"},"primaryImageOfPage":{"@id":"https:\/\/qqpets.com\/product\/dog-blanket\/#primaryimage"},"image":{"@id":"https:\/\/qqpets.com\/product\/dog-blanket\/#primaryimage"},"thumbnailUrl":"https:\/\/qqpets.com\/wp-content\/uploads\/2024\/12\/Dog-Blanket3.webp","datePublished":"2024-12-13T08:44:56+00:00","description":"Coperta per cani morbida e resistente, perfetta per garantire comfort e calore. Personalizzabile con loghi o motivi per i clienti B2B, ideale per il branding e le linee di prodotti per animali.","breadcrumb":{"@id":"https:\/\/qqpets.com\/product\/dog-blanket\/#breadcrumb"},"inLanguage":"it-IT","potentialAction":[{"@type":"ReadAction","target":["https:\/\/qqpets.com\/product\/dog-blanket\/"]}]},{"@type":"ImageObject","inLanguage":"it-IT","@id":"https:\/\/qqpets.com\/product\/dog-blanket\/#primaryimage","url":"https:\/\/qqpets.com\/wp-content\/uploads\/2024\/12\/Dog-Blanket3.webp","contentUrl":"https:\/\/qqpets.com\/wp-content\/uploads\/2024\/12\/Dog-Blanket3.webp","width":1080,"height":1080},{"@type":"BreadcrumbList","@id":"https:\/\/qqpets.com\/product\/dog-blanket\/#breadcrumb","itemListElement":[{"@type":"ListItem","position":1,"name":"Home","item":"https:\/\/qqpets.com\/"},{"@type":"ListItem","position":2,"name":"Products","item":"https:\/\/qqpets.com\/pet-products-manufacturer\/"},{"@type":"ListItem","position":3,"name":"Dog Blanket"}]},{"@type":"WebSite","@id":"https:\/\/qqpets.com\/#website","url":"https:\/\/qqpets.com\/","name":"QQPETS","description":"QQPETS \u00e8 una fabbrica di prodotti per animali domestici per pettorine per cani, collari per cani, guinzagli per cani e accessori per cani con un servizio professionale personalizzato dal 2005.","publisher":{"@id":"https:\/\/qqpets.com\/#organization"},"potentialAction":[{"@type":"SearchAction","target":{"@type":"EntryPoint","urlTemplate":"https:\/\/qqpets.com\/?s={search_term_string}"},"query-input":{"@type":"PropertyValueSpecification","valueRequired":true,"valueName":"search_term_string"}}],"inLanguage":"it-IT"},{"@type":"Organization","@id":"https:\/\/qqpets.com\/#organization","name":"QQPETS","url":"https:\/\/qqpets.com\/","logo":{"@type":"ImageObject","inLanguage":"it-IT","@id":"https:\/\/qqpets.com\/#\/schema\/logo\/image\/","url":"https:\/\/qqpets.com\/wp-content\/uploads\/2023\/09\/cropped-cropped-qqpets-tiktok.jpg","contentUrl":"https:\/\/qqpets.com\/wp-content\/uploads\/2023\/09\/cropped-cropped-qqpets-tiktok.jpg","width":511,"height":511,"caption":"QQPETS"},"image":{"@id":"https:\/\/qqpets.com\/#\/schema\/logo\/image\/"},"sameAs":["https:\/\/www.facebook.com\/QQpetsdogcollars","https:\/\/www.instagram.com\/qqpetscollar\/","https:\/\/www.pinterest.com\/qqpetsdogcollarsfactory\/"]}]}},"_links":{"self":[{"href":"https:\/\/qqpets.com\/it\/wp-json\/wp\/v2\/product\/9695","targetHints":{"allow":["GET"]}}],"collection":[{"href":"https:\/\/qqpets.com\/it\/wp-json\/wp\/v2\/product"}],"about":[{"href":"https:\/\/qqpets.com\/it\/wp-json\/wp\/v2\/types\/product"}],"wp:featuredmedia":[{"embeddable":true,"href":"https:\/\/qqpets.com\/it\/wp-json\/wp\/v2\/media\/9699"}],"wp:attachment":[{"href":"https:\/\/qqpets.com\/it\/wp-json\/wp\/v2\/media?parent=9695"}],"wp:term":[{"taxonomy":"product_brand","embeddable":true,"href":"https:\/\/qqpets.com\/it\/wp-json\/wp\/v2\/product_brand?post=9695"},{"taxonomy":"product_cat","embeddable":true,"href":"https:\/\/qqpets.com\/it\/wp-json\/wp\/v2\/product_cat?post=9695"},{"taxonomy":"product_tag","embeddable":true,"href":"https:\/\/qqpets.com\/it\/wp-json\/wp\/v2\/product_tag?post=9695"}],"curies":[{"name":"wp","href":"https:\/\/api.w.org\/{rel}","templated":true}]}}