{"id":144,"date":"2023-10-04T15:13:45","date_gmt":"2023-10-04T07:13:45","guid":{"rendered":"https:\/\/qqpets.com\/?post_type=product&#038;p=144"},"modified":"2024-12-12T17:22:40","modified_gmt":"2024-12-12T09:22:40","slug":"qqpets-retractable-dog-leash-with-light-up-2-0","status":"publish","type":"product","link":"https:\/\/qqpets.com\/lv\/products\/qqpets-retractable-dog-leash-with-light-up-2-0\/","title":{"rendered":"QQPETS Izvelkama su\u0146u pavadas ar apgaismojumu 2.0"},"content":{"rendered":"<p>Iepaz\u012bstin\u0101m ar m\u016bsu inovat\u012bvo ievelkamo su\u0146u pavadi\u0146u ar gaismu, kas ir oblig\u0101ts piederums m\u0101jdz\u012bvnieku \u012bpa\u0161niekiem, kuri pastaig\u0101jas ar su\u0146iem v\u0101j\u0101 apgaismojum\u0101. \u0160\u012b pavadi\u0146a izce\u013cas ar unik\u0101lo s\u0101nu gaismu, kas nodro\u0161ina ne tikai funkcionalit\u0101ti, bet ar\u012b stila piesitienu. J\u016bs varat izv\u0113l\u0113ties vienu no trim re\u017e\u012bmiem - \u0101tra mirgo\u0161ana, l\u0113na mirgo\u0161ana un vienm\u0113r\u012bga mirgo\u0161ana -, lai piel\u0101gotos sav\u0101m redzam\u012bbas vajadz\u012bb\u0101m un person\u012bgajai gaumei.<\/p>\n<p>Ielok\u0101mais meh\u0101nisms \u013cauj j\u016bsu sunim br\u012bvi izp\u0113t\u012bt apk\u0101rtni, jo pavadas garums var b\u016bt l\u012bdz 16 p\u0113d\u0101m, un to var regul\u0113t p\u0113c vajadz\u012bbas. Ergonomiskais rokturis ir veidots t\u0101, lai tas b\u016btu \u0113rts garu pastaigu laik\u0101, nodro\u0161inot \u0113rtu lieto\u0161anu neatkar\u012bgi no pastaigas ilguma.<\/p>\n<p>Izgatavota, dom\u0101jot par iztur\u012bbu, pavadas konstrukcija ir apr\u012bkota ar iztur\u012bgu meh\u0101nismu un sp\u0113c\u012bgu auklas materi\u0101lu, kas sp\u0113j iztur\u0113t gandr\u012bz jebkuras \u0161\u0137irnes vilkmi un uztraukumu. Integr\u0113to gaismas sist\u0113mu darbina uzl\u0101d\u0113jams akumulators, kas nodro\u0161ina ilgsto\u0161u apgaismojumu un \u0113rt\u012bbas, viegli uzl\u0101d\u0113jams, izmantojot USB.<\/p>\n<p>\u0160\u012b siksna ir ne tikai praktiska - t\u0101 ir dz\u012bvesstila izv\u0113le tiem, kam dro\u0161\u012bba un stils ir priorit\u0101te. Neatkar\u012bgi no t\u0101, vai esat devies vakara pastaig\u0101 vai agr\u0101 r\u012bta skr\u0113jien\u0101, m\u016bsu ievelkam\u0101 su\u0146a pavadas ar gaismu nodro\u0161ina, ka j\u016bsu suns ir redzams un dro\u0161\u012bb\u0101, bet apk\u0101rt\u0113j\u0101 gaisma rada pat\u012bkamu atmosf\u0113ru, padarot katru pastaigu par pat\u012bkamu piedz\u012bvojumu.<\/p>\n<p><img fetchpriority=\"high\" decoding=\"async\" class=\"aligncenter wp-image-7656\" src=\"https:\/\/qqpets.com\/wp-content\/uploads\/2023\/10\/Retractable-Dog-Leash-With-Light-2.0-1-300x186.webp\" alt=\"\" width=\"970\" height=\"600\" srcset=\"https:\/\/qqpets.com\/wp-content\/uploads\/2023\/10\/Retractable-Dog-Leash-With-Light-2.0-1-300x186.webp 300w, https:\/\/qqpets.com\/wp-content\/uploads\/2023\/10\/Retractable-Dog-Leash-With-Light-2.0-1-800x495.webp 800w, https:\/\/qqpets.com\/wp-content\/uploads\/2023\/10\/Retractable-Dog-Leash-With-Light-2.0-1-768x475.webp 768w, https:\/\/qqpets.com\/wp-content\/uploads\/2023\/10\/Retractable-Dog-Leash-With-Light-2.0-1.webp 970w\" sizes=\"(max-width: 970px) 100vw, 970px\" \/><\/p>\n<p><img decoding=\"async\" class=\"aligncenter wp-image-7657\" src=\"https:\/\/qqpets.com\/wp-content\/uploads\/2023\/10\/Retractable-Dog-Leash-With-Light-2.0-2-300x186.webp\" alt=\"\" width=\"970\" height=\"600\" srcset=\"https:\/\/qqpets.com\/wp-content\/uploads\/2023\/10\/Retractable-Dog-Leash-With-Light-2.0-2-300x186.webp 300w, https:\/\/qqpets.com\/wp-content\/uploads\/2023\/10\/Retractable-Dog-Leash-With-Light-2.0-2-800x495.webp 800w, https:\/\/qqpets.com\/wp-content\/uploads\/2023\/10\/Retractable-Dog-Leash-With-Light-2.0-2-768x475.webp 768w, https:\/\/qqpets.com\/wp-content\/uploads\/2023\/10\/Retractable-Dog-Leash-With-Light-2.0-2.webp 970w\" sizes=\"(max-width: 970px) 100vw, 970px\" \/><\/p>\n<p><img decoding=\"async\" class=\"aligncenter wp-image-7658\" src=\"https:\/\/qqpets.com\/wp-content\/uploads\/2023\/10\/Retractable-Dog-Leash-With-Light-2.0-3-300x186.webp\" alt=\"\" width=\"970\" height=\"600\" srcset=\"https:\/\/qqpets.com\/wp-content\/uploads\/2023\/10\/Retractable-Dog-Leash-With-Light-2.0-3-300x186.webp 300w, https:\/\/qqpets.com\/wp-content\/uploads\/2023\/10\/Retractable-Dog-Leash-With-Light-2.0-3-800x495.webp 800w, https:\/\/qqpets.com\/wp-content\/uploads\/2023\/10\/Retractable-Dog-Leash-With-Light-2.0-3-768x475.webp 768w, https:\/\/qqpets.com\/wp-content\/uploads\/2023\/10\/Retractable-Dog-Leash-With-Light-2.0-3.webp 970w\" sizes=\"(max-width: 970px) 100vw, 970px\" \/><\/p>\n<p><img loading=\"lazy\" decoding=\"async\" class=\"aligncenter wp-image-7659\" src=\"https:\/\/qqpets.com\/wp-content\/uploads\/2023\/10\/Retractable-Dog-Leash-With-Light-2.0-4-300x186.webp\" alt=\"\" width=\"970\" height=\"600\" srcset=\"https:\/\/qqpets.com\/wp-content\/uploads\/2023\/10\/Retractable-Dog-Leash-With-Light-2.0-4-300x186.webp 300w, https:\/\/qqpets.com\/wp-content\/uploads\/2023\/10\/Retractable-Dog-Leash-With-Light-2.0-4-800x495.webp 800w, https:\/\/qqpets.com\/wp-content\/uploads\/2023\/10\/Retractable-Dog-Leash-With-Light-2.0-4-768x475.webp 768w, https:\/\/qqpets.com\/wp-content\/uploads\/2023\/10\/Retractable-Dog-Leash-With-Light-2.0-4.webp 970w\" sizes=\"(max-width: 970px) 100vw, 970px\" \/><\/p>\n<p><img loading=\"lazy\" decoding=\"async\" class=\"aligncenter wp-image-7660\" src=\"https:\/\/qqpets.com\/wp-content\/uploads\/2023\/10\/Retractable-Dog-Leash-With-Light-2.0-5-300x186.webp\" alt=\"\" width=\"970\" height=\"600\" srcset=\"https:\/\/qqpets.com\/wp-content\/uploads\/2023\/10\/Retractable-Dog-Leash-With-Light-2.0-5-300x186.webp 300w, https:\/\/qqpets.com\/wp-content\/uploads\/2023\/10\/Retractable-Dog-Leash-With-Light-2.0-5-800x495.webp 800w, https:\/\/qqpets.com\/wp-content\/uploads\/2023\/10\/Retractable-Dog-Leash-With-Light-2.0-5-768x475.webp 768w, https:\/\/qqpets.com\/wp-content\/uploads\/2023\/10\/Retractable-Dog-Leash-With-Light-2.0-5.webp 970w\" sizes=\"(max-width: 970px) 100vw, 970px\" \/><\/p>\n<p><img loading=\"lazy\" decoding=\"async\" class=\"aligncenter wp-image-7662\" src=\"https:\/\/qqpets.com\/wp-content\/uploads\/2023\/10\/Retractable-Dog-Leash-With-Light-2.0-7-300x186.webp\" alt=\"\" width=\"970\" height=\"600\" srcset=\"https:\/\/qqpets.com\/wp-content\/uploads\/2023\/10\/Retractable-Dog-Leash-With-Light-2.0-7-300x186.webp 300w, https:\/\/qqpets.com\/wp-content\/uploads\/2023\/10\/Retractable-Dog-Leash-With-Light-2.0-7-800x495.webp 800w, https:\/\/qqpets.com\/wp-content\/uploads\/2023\/10\/Retractable-Dog-Leash-With-Light-2.0-7-768x475.webp 768w, https:\/\/qqpets.com\/wp-content\/uploads\/2023\/10\/Retractable-Dog-Leash-With-Light-2.0-7.webp 970w\" sizes=\"(max-width: 970px) 100vw, 970px\" \/><\/p>","protected":false},"excerpt":{"rendered":"<p>Uzlabojiet vakara pastaigas ar m\u016bsu ievelkamo su\u0146u pavadi\u0146u ar apgaismojumu, kas apr\u012bkots ar unik\u0101lu s\u0101nu apgaismojumu. \u0160\u012b siksna nodro\u0161ina tr\u012bs gaismas kr\u0101sas un re\u017e\u012bmus - \u0101tru mirgo\u0161anu, l\u0113nu mirgo\u0161anu un vienm\u0113r\u012bgu gaismu, lai nodro\u0161in\u0101tu redzam\u012bbu un dro\u0161\u012bbu. T\u0101s ievelkamais dizains nodro\u0161ina j\u016bsu sunim br\u012bv\u012bbu, vienlaikus saglab\u0101jot kontroli. T\u0101 ir ide\u0101li piem\u0113rota lieto\u0161anai nakt\u012b, apvienojot funkcionalit\u0101ti ar stil\u012bgu, modernu izskatu, nodro\u0161inot dro\u0161as un pat\u012bkamas pastaigas.<\/p>\n<p>1. Rot\u0101cija 360 gr\u0101du le\u0146\u0137\u012b, lai nov\u0113rstu virves iep\u012b\u0161anos<br \/>\n2. Priek\u0161\u0113j\u0101 liela spilgtuma LED gaisma, dro\u0161\u0101k pastaig\u0101ties ar suni nakt\u012b.<br \/>\n3. Divu pu\u0161u v\u0113sas RGB gaismas, kas vair\u0101k piesaista uzman\u012bbu sabiedrisk\u0101s aktivit\u0101t\u0113s<br \/>\n4. Nospiediet, lai apst\u0101tos, nospiediet uz priek\u0161u, lai blo\u0137\u0113tu, viegl\u0101k pastaig\u0101ties ar suni.<br \/>\n5. Atbalsta uzl\u0101des funkciju, viegli p\u0101rn\u0113s\u0101jams<\/p>","protected":false},"featured_media":7560,"template":"","meta":[],"product_brand":[],"product_cat":[27,21],"product_tag":[22],"class_list":{"0":"post-144","1":"product","2":"type-product","3":"status-publish","4":"has-post-thumbnail","6":"product_cat-dog-leash","7":"product_cat-led-product","8":"product_tag-led-leash","10":"first","11":"instock","12":"shipping-taxable","13":"product-type-simple"},"yoast_head":"<!-- This site is optimized with the Yoast SEO plugin v26.6 - https:\/\/yoast.com\/wordpress\/plugins\/seo\/ -->\n<title>QQPETS Retractable Dog Leash With Light Up 2.0 | QQPETS<\/title>\n<meta name=\"description\" content=\"Explore our unique Retractable Dog Leash with ambient side lights. Multiple colors &amp; modes for safety. Shop now!\" \/>\n<meta name=\"robots\" content=\"index, follow, max-snippet:-1, max-image-preview:large, max-video-preview:-1\" \/>\n<link rel=\"canonical\" href=\"https:\/\/qqpets.com\/lv\/products\/qqpets-retractable-dog-leash-with-light-up-2-0\/\" \/>\n<meta property=\"og:locale\" content=\"lv_LV\" \/>\n<meta property=\"og:type\" content=\"article\" \/>\n<meta property=\"og:title\" content=\"QQPETS Retractable Dog Leash With Light Up 2.0 | QQPETS\" \/>\n<meta property=\"og:description\" content=\"Explore our unique Retractable Dog Leash with ambient side lights. Multiple colors &amp; modes for safety. Shop now!\" \/>\n<meta property=\"og:url\" content=\"https:\/\/qqpets.com\/lv\/products\/qqpets-retractable-dog-leash-with-light-up-2-0\/\" \/>\n<meta property=\"og:site_name\" content=\"QQPETS\" \/>\n<meta property=\"article:publisher\" content=\"https:\/\/www.facebook.com\/QQpetsdogcollars\" \/>\n<meta property=\"article:modified_time\" content=\"2024-12-12T09:22:40+00:00\" \/>\n<meta property=\"og:image\" content=\"https:\/\/qqpets.com\/wp-content\/uploads\/2023\/10\/1.retractable-dog-leash.webp\" \/>\n\t<meta property=\"og:image:width\" content=\"1600\" \/>\n\t<meta property=\"og:image:height\" content=\"1600\" \/>\n\t<meta property=\"og:image:type\" content=\"image\/webp\" \/>\n<meta name=\"twitter:card\" content=\"summary_large_image\" \/>\n<meta name=\"twitter:label1\" content=\"Est. reading time\" \/>\n\t<meta name=\"twitter:data1\" content=\"3 min\u016btes\" \/>\n<script type=\"application\/ld+json\" class=\"yoast-schema-graph\">{\"@context\":\"https:\/\/schema.org\",\"@graph\":[{\"@type\":\"WebPage\",\"@id\":\"https:\/\/qqpets.com\/product\/qqpets-retractable-dog-leash-with-light-up-2-0\/\",\"url\":\"https:\/\/qqpets.com\/product\/qqpets-retractable-dog-leash-with-light-up-2-0\/\",\"name\":\"QQPETS Retractable Dog Leash With Light Up 2.0 | QQPETS\",\"isPartOf\":{\"@id\":\"https:\/\/qqpets.com\/#website\"},\"primaryImageOfPage\":{\"@id\":\"https:\/\/qqpets.com\/product\/qqpets-retractable-dog-leash-with-light-up-2-0\/#primaryimage\"},\"image\":{\"@id\":\"https:\/\/qqpets.com\/product\/qqpets-retractable-dog-leash-with-light-up-2-0\/#primaryimage\"},\"thumbnailUrl\":\"https:\/\/qqpets.com\/wp-content\/uploads\/2023\/10\/1.retractable-dog-leash.webp\",\"datePublished\":\"2023-10-04T07:13:45+00:00\",\"dateModified\":\"2024-12-12T09:22:40+00:00\",\"description\":\"Explore our unique Retractable Dog Leash with ambient side lights. Multiple colors & modes for safety. Shop now!\",\"breadcrumb\":{\"@id\":\"https:\/\/qqpets.com\/product\/qqpets-retractable-dog-leash-with-light-up-2-0\/#breadcrumb\"},\"inLanguage\":\"lv-LV\",\"potentialAction\":[{\"@type\":\"ReadAction\",\"target\":[\"https:\/\/qqpets.com\/product\/qqpets-retractable-dog-leash-with-light-up-2-0\/\"]}]},{\"@type\":\"ImageObject\",\"inLanguage\":\"lv-LV\",\"@id\":\"https:\/\/qqpets.com\/product\/qqpets-retractable-dog-leash-with-light-up-2-0\/#primaryimage\",\"url\":\"https:\/\/qqpets.com\/wp-content\/uploads\/2023\/10\/1.retractable-dog-leash.webp\",\"contentUrl\":\"https:\/\/qqpets.com\/wp-content\/uploads\/2023\/10\/1.retractable-dog-leash.webp\",\"width\":1600,\"height\":1600},{\"@type\":\"BreadcrumbList\",\"@id\":\"https:\/\/qqpets.com\/product\/qqpets-retractable-dog-leash-with-light-up-2-0\/#breadcrumb\",\"itemListElement\":[{\"@type\":\"ListItem\",\"position\":1,\"name\":\"Home\",\"item\":\"https:\/\/qqpets.com\/\"},{\"@type\":\"ListItem\",\"position\":2,\"name\":\"Products\",\"item\":\"https:\/\/qqpets.com\/pet-products-manufacturer\/\"},{\"@type\":\"ListItem\",\"position\":3,\"name\":\"QQPETS Retractable Dog Leash With Light Up 2.0\"}]},{\"@type\":\"WebSite\",\"@id\":\"https:\/\/qqpets.com\/#website\",\"url\":\"https:\/\/qqpets.com\/\",\"name\":\"QQPETS\",\"description\":\"QQPETS is a pet products factory for dog harnesses, dog collars, dog leashes and dog accessories with professional customized service since 2005.\",\"publisher\":{\"@id\":\"https:\/\/qqpets.com\/#organization\"},\"potentialAction\":[{\"@type\":\"SearchAction\",\"target\":{\"@type\":\"EntryPoint\",\"urlTemplate\":\"https:\/\/qqpets.com\/?s={search_term_string}\"},\"query-input\":{\"@type\":\"PropertyValueSpecification\",\"valueRequired\":true,\"valueName\":\"search_term_string\"}}],\"inLanguage\":\"lv-LV\"},{\"@type\":\"Organization\",\"@id\":\"https:\/\/qqpets.com\/#organization\",\"name\":\"QQPETS\",\"url\":\"https:\/\/qqpets.com\/\",\"logo\":{\"@type\":\"ImageObject\",\"inLanguage\":\"lv-LV\",\"@id\":\"https:\/\/qqpets.com\/#\/schema\/logo\/image\/\",\"url\":\"https:\/\/qqpets.com\/wp-content\/uploads\/2023\/09\/cropped-cropped-qqpets-tiktok.jpg\",\"contentUrl\":\"https:\/\/qqpets.com\/wp-content\/uploads\/2023\/09\/cropped-cropped-qqpets-tiktok.jpg\",\"width\":511,\"height\":511,\"caption\":\"QQPETS\"},\"image\":{\"@id\":\"https:\/\/qqpets.com\/#\/schema\/logo\/image\/\"},\"sameAs\":[\"https:\/\/www.facebook.com\/QQpetsdogcollars\",\"https:\/\/www.instagram.com\/qqpetscollar\/\",\"https:\/\/www.pinterest.com\/qqpetsdogcollarsfactory\/\"]}]}<\/script>\n<!-- \/ Yoast SEO plugin. -->","yoast_head_json":{"title":"QQPETS Izvelkama su\u0146u pavadas ar apgaismojumu 2.0 | QQPETS","description":"Izp\u0113tiet m\u016bsu unik\u0101lo ievelkamo su\u0146u pavadi\u0146u ar s\u0101nu apgaismojumu. Vair\u0101kas kr\u0101sas un re\u017e\u012bmi dro\u0161\u012bbai. Iep\u0113rcies tagad!","robots":{"index":"index","follow":"follow","max-snippet":"max-snippet:-1","max-image-preview":"max-image-preview:large","max-video-preview":"max-video-preview:-1"},"canonical":"https:\/\/qqpets.com\/lv\/products\/qqpets-retractable-dog-leash-with-light-up-2-0\/","og_locale":"lv_LV","og_type":"article","og_title":"QQPETS Retractable Dog Leash With Light Up 2.0 | QQPETS","og_description":"Explore our unique Retractable Dog Leash with ambient side lights. Multiple colors & modes for safety. Shop now!","og_url":"https:\/\/qqpets.com\/lv\/products\/qqpets-retractable-dog-leash-with-light-up-2-0\/","og_site_name":"QQPETS","article_publisher":"https:\/\/www.facebook.com\/QQpetsdogcollars","article_modified_time":"2024-12-12T09:22:40+00:00","og_image":[{"width":1600,"height":1600,"url":"https:\/\/qqpets.com\/wp-content\/uploads\/2023\/10\/1.retractable-dog-leash.webp","type":"image\/webp"}],"twitter_card":"summary_large_image","twitter_misc":{"Est. reading time":"3 min\u016btes"},"schema":{"@context":"https:\/\/schema.org","@graph":[{"@type":"WebPage","@id":"https:\/\/qqpets.com\/product\/qqpets-retractable-dog-leash-with-light-up-2-0\/","url":"https:\/\/qqpets.com\/product\/qqpets-retractable-dog-leash-with-light-up-2-0\/","name":"QQPETS Izvelkama su\u0146u pavadas ar apgaismojumu 2.0 | QQPETS","isPartOf":{"@id":"https:\/\/qqpets.com\/#website"},"primaryImageOfPage":{"@id":"https:\/\/qqpets.com\/product\/qqpets-retractable-dog-leash-with-light-up-2-0\/#primaryimage"},"image":{"@id":"https:\/\/qqpets.com\/product\/qqpets-retractable-dog-leash-with-light-up-2-0\/#primaryimage"},"thumbnailUrl":"https:\/\/qqpets.com\/wp-content\/uploads\/2023\/10\/1.retractable-dog-leash.webp","datePublished":"2023-10-04T07:13:45+00:00","dateModified":"2024-12-12T09:22:40+00:00","description":"Izp\u0113tiet m\u016bsu unik\u0101lo ievelkamo su\u0146u pavadi\u0146u ar s\u0101nu apgaismojumu. Vair\u0101kas kr\u0101sas un re\u017e\u012bmi dro\u0161\u012bbai. Iep\u0113rcies tagad!","breadcrumb":{"@id":"https:\/\/qqpets.com\/product\/qqpets-retractable-dog-leash-with-light-up-2-0\/#breadcrumb"},"inLanguage":"lv-LV","potentialAction":[{"@type":"ReadAction","target":["https:\/\/qqpets.com\/product\/qqpets-retractable-dog-leash-with-light-up-2-0\/"]}]},{"@type":"ImageObject","inLanguage":"lv-LV","@id":"https:\/\/qqpets.com\/product\/qqpets-retractable-dog-leash-with-light-up-2-0\/#primaryimage","url":"https:\/\/qqpets.com\/wp-content\/uploads\/2023\/10\/1.retractable-dog-leash.webp","contentUrl":"https:\/\/qqpets.com\/wp-content\/uploads\/2023\/10\/1.retractable-dog-leash.webp","width":1600,"height":1600},{"@type":"BreadcrumbList","@id":"https:\/\/qqpets.com\/product\/qqpets-retractable-dog-leash-with-light-up-2-0\/#breadcrumb","itemListElement":[{"@type":"ListItem","position":1,"name":"Home","item":"https:\/\/qqpets.com\/"},{"@type":"ListItem","position":2,"name":"Products","item":"https:\/\/qqpets.com\/pet-products-manufacturer\/"},{"@type":"ListItem","position":3,"name":"QQPETS Retractable Dog Leash With Light Up 2.0"}]},{"@type":"WebSite","@id":"https:\/\/qqpets.com\/#website","url":"https:\/\/qqpets.com\/","name":"QQPETS","description":"QQPETS ir lolojumdz\u012bvnieku produktu r\u016bpn\u012bca su\u0146u siksn\u0101m, su\u0146u apkakles, su\u0146u pavadas un su\u0146u aksesu\u0101ri ar profesion\u0101lu piel\u0101gotu pakalpojumu kop\u0161 2005. gada.","publisher":{"@id":"https:\/\/qqpets.com\/#organization"},"potentialAction":[{"@type":"SearchAction","target":{"@type":"EntryPoint","urlTemplate":"https:\/\/qqpets.com\/?s={search_term_string}"},"query-input":{"@type":"PropertyValueSpecification","valueRequired":true,"valueName":"search_term_string"}}],"inLanguage":"lv-LV"},{"@type":"Organization","@id":"https:\/\/qqpets.com\/#organization","name":"QQPETS","url":"https:\/\/qqpets.com\/","logo":{"@type":"ImageObject","inLanguage":"lv-LV","@id":"https:\/\/qqpets.com\/#\/schema\/logo\/image\/","url":"https:\/\/qqpets.com\/wp-content\/uploads\/2023\/09\/cropped-cropped-qqpets-tiktok.jpg","contentUrl":"https:\/\/qqpets.com\/wp-content\/uploads\/2023\/09\/cropped-cropped-qqpets-tiktok.jpg","width":511,"height":511,"caption":"QQPETS"},"image":{"@id":"https:\/\/qqpets.com\/#\/schema\/logo\/image\/"},"sameAs":["https:\/\/www.facebook.com\/QQpetsdogcollars","https:\/\/www.instagram.com\/qqpetscollar\/","https:\/\/www.pinterest.com\/qqpetsdogcollarsfactory\/"]}]}},"_links":{"self":[{"href":"https:\/\/qqpets.com\/lv\/wp-json\/wp\/v2\/product\/144","targetHints":{"allow":["GET"]}}],"collection":[{"href":"https:\/\/qqpets.com\/lv\/wp-json\/wp\/v2\/product"}],"about":[{"href":"https:\/\/qqpets.com\/lv\/wp-json\/wp\/v2\/types\/product"}],"wp:featuredmedia":[{"embeddable":true,"href":"https:\/\/qqpets.com\/lv\/wp-json\/wp\/v2\/media\/7560"}],"wp:attachment":[{"href":"https:\/\/qqpets.com\/lv\/wp-json\/wp\/v2\/media?parent=144"}],"wp:term":[{"taxonomy":"product_brand","embeddable":true,"href":"https:\/\/qqpets.com\/lv\/wp-json\/wp\/v2\/product_brand?post=144"},{"taxonomy":"product_cat","embeddable":true,"href":"https:\/\/qqpets.com\/lv\/wp-json\/wp\/v2\/product_cat?post=144"},{"taxonomy":"product_tag","embeddable":true,"href":"https:\/\/qqpets.com\/lv\/wp-json\/wp\/v2\/product_tag?post=144"}],"curies":[{"name":"wp","href":"https:\/\/api.w.org\/{rel}","templated":true}]}}