{"id":146,"date":"2023-10-04T15:27:45","date_gmt":"2023-10-04T07:27:45","guid":{"rendered":"https:\/\/qqpets.com\/?post_type=product&#038;p=146"},"modified":"2024-09-02T15:03:14","modified_gmt":"2024-09-02T07:03:14","slug":"training-walking-no-pull-service-dog-harness","status":"publish","type":"product","link":"https:\/\/qqpets.com\/lv\/products\/training-walking-no-pull-service-dog-harness\/","title":{"rendered":"Apm\u0101c\u012bbas pastaiga bez vilk\u0161anas dienesta su\u0146u siksnas"},"content":{"rendered":"<p>Iepaz\u012bstin\u0101m ar m\u016bsu augst\u0101k\u0101s klases dienesta su\u0146u siksn\u0101m, kas izstr\u0101d\u0101tas, lai apmierin\u0101tu dienesta su\u0146u, kuri sniedz b\u016btisku atbalstu, vajadz\u012bbas. \u0160\u012b siksna ir veidota t\u0101, lai nodro\u0161in\u0101tu maksim\u0101lu komfortu un funkcionalit\u0101ti gar\u0101s darba stund\u0101s.<\/p>\n<p>M\u016bsu siksnas ir apr\u012bkotas ar labi redzamiem pl\u0101ksteriem, kas skaidri nor\u0101da, ka j\u016bsu suns ir dienesta dz\u012bvnieks, kas ir \u013coti svar\u012bgi sabiedrisk\u0101s viet\u0101s. \u0160ie pl\u0101ksteri ir izgatavoti no atstarojo\u0161a materi\u0101la, kas uzlabo dro\u0161\u012bbu nakts pastaig\u0101s vai v\u0101j\u0101 apgaismojum\u0101.<\/p>\n<p>Jebkuram darba su\u0146u aksesu\u0101ram ir \u013coti svar\u012bga regul\u0113jam\u012bba, un m\u016bsu siksnas pied\u0101v\u0101 viegli regul\u0113jamas siksnas, kas nodro\u0161ina \u0113rtu un dro\u0161u piegul\u0113\u0161anu jebkuras \u0161\u0137irnes sunim. Ergonomiskais dizains nov\u0113r\u0161 sasitumus un sasprindzin\u0101jumu, nodro\u0161inot sunim komfortu visas dienas garum\u0101.<\/p>\n<p>Turkl\u0101t siksnai ir iztur\u012bgs rokturis, kas nodro\u0161ina lab\u0101ku kontroli p\u0101rpild\u012bt\u0101s telp\u0101s vai \u0101rk\u0101rtas situ\u0101cij\u0101s. \u0160is rokturis ir noder\u012bgs ar\u012b p\u0101rvieto\u0161an\u0101s pal\u012bgl\u012bdzek\u013ciem, pal\u012bdzot cilv\u0113kiem ar fizisk\u0101m probl\u0113m\u0101m viegl\u0101k p\u0101rvietoties apk\u0101rt\u0113j\u0101 vid\u0113.<\/p>\n<p>M\u016bsu dienesta su\u0146u siksnas ir izgatavotas no iztur\u012bgiem materi\u0101liem, lai kalpotu ilgi un b\u016btu iztur\u012bgas pret nodilumu, t\u0101p\u0113c t\u0101s ir piem\u0113rotas ikdienas lieto\u0161anai jebkuros laika apst\u0101k\u013cos. T\u0101 ir viegli t\u012br\u0101ma un kopjama, nodro\u0161inot, ka t\u0101 saglab\u0101jas teicam\u0101 st\u0101vokl\u012b un ir gatava n\u0101kamajam su\u0146a darba c\u0113lienam.<\/p>\n<p>M\u016bsu dienesta su\u0146u siksnas ir lieliski piem\u0113rotas da\u017e\u0101du funkciju veik\u0161anai, tostarp medic\u012bnisk\u0101s pal\u012bdz\u012bbas, p\u0101rvieto\u0161an\u0101s pal\u012bgl\u012bdzek\u013cu un citu funkciju veik\u0161anai, un t\u0101s apvieno praktiskumu un profesion\u0101lu redzam\u012bbu, padarot t\u0101s par neaizst\u0101jamu pal\u012bgl\u012bdzeklis j\u016bsu dienesta dz\u012bvniekam.<\/p>\n<h5><strong>K\u0101das kr\u0101sas siksnas j\u0101lieto dienesta sunim?<\/strong><\/h5>\n<p>Dienesta su\u0146i parasti valk\u0101 zilas vai sarkanas kr\u0101sas siksnas vai vestes, jo \u0161\u012bs kr\u0101sas ir pla\u0161i atpaz\u012bstamas un bie\u017ei nor\u0101da, ka suns str\u0101d\u0101.<\/p>\n<h5><strong>Vai jebkur\u0161 suns var valk\u0101t dienesta su\u0146a vesti?<\/strong><\/h5>\n<p>Juridiski dienesta su\u0146u vestes dr\u012bkst valk\u0101t tikai tie su\u0146i, kuri ir apm\u0101c\u012bti veikt \u012bpa\u0161us uzdevumus cilv\u0113kiem ar invalidit\u0101ti. M\u0101jdz\u012bvnieka k\u013c\u016bdaina pasnieg\u0161ana par dienesta suni ir ne\u0113tiska, un da\u017e\u0101s jom\u0101s t\u0101 var b\u016bt nelikum\u012bga.<\/p>\n<h5><strong>K\u0101p\u0113c dienesta su\u0146i valk\u0101 siksnas?<\/strong><\/h5>\n<p>Dienesta su\u0146i valk\u0101 siksnas, lai uzlabotu redzam\u012bbu, signaliz\u0113tu par savu darba statusu un veicin\u0101tu lab\u0101ku kontroli un komunik\u0101ciju starp suni un su\u0146a vad\u012bt\u0101ju, jo \u012bpa\u0161i sabiedrisk\u0101s viet\u0101s.<\/p>\n<h5><strong>K\u0101 izgatavot su\u0146u pal\u012bgu vesti?<\/strong><\/h5>\n<p>Izgatavojot su\u0146a vesti, parasti j\u0101izv\u0113las iztur\u012bgs, \u0113rts materi\u0101ls, j\u0101m\u0113ra suns, lai tas pareizi piegul\u0113tu, un j\u0101iek\u013cauj skaidri uzraksti, piem\u0113ram, \"Service Dog\" (dienesta suns) vai ar konkr\u0113tu uzdevumu saist\u012bti iel\u0101pi. Parasti ir nepiecie\u0161amas \u0161\u016b\u0161anas prasmes un materi\u0101li, piem\u0113ram, Velcro pl\u0101ksteru piestiprin\u0101\u0161anai.<\/p>\n<h5><strong>Ko noz\u012bm\u0113 roz\u0101 dienesta su\u0146u veste?<\/strong><\/h5>\n<p>Roz\u0101 dienesta su\u0146a vestei nav \u012bpa\u0161as reglament\u0113jo\u0161as noz\u012bmes, bet to bie\u017ei izmanto personaliz\u0101cijai vai lai padar\u012btu dienesta suni pieejam\u0101ku sabiedrisk\u0101s viet\u0101s.<\/p>\n<h5><strong>Ko noz\u012bm\u0113 sarkana siksna sunim?<\/strong><\/h5>\n<p>Sarkana siksna bie\u017ei nor\u0101da, ka suns ir dienesta suns. T\u0101 var ar\u012b liecin\u0101t, ka suni nedr\u012bkst trauc\u0113t vai ka tas str\u0101d\u0101 ar konkr\u0113tiem uzdevumiem.<\/p>\n<h5><strong>Ko noz\u012bm\u0113 dzeltena veste sunim?<\/strong><\/h5>\n<p>Dzeltena veste parasti nor\u0101da, ka sunim ir nepiecie\u0161ama vieta, un tam nedr\u012bkst tuvoties bez su\u0146a pavado\u0146a at\u013caujas. T\u0101 var signaliz\u0113t, ka suns ir apm\u0101c\u012bb\u0101 vai ir nervozs\/neuztraucies.<\/p>\n<h5><strong>Ko noz\u012bm\u0113 zila veste sunim?<\/strong><\/h5>\n<p>Zil\u0101 veste parasti apz\u012bm\u0113 suni k\u0101 dienesta suni, nor\u0101dot, ka suns ir apm\u0101c\u012bts pal\u012bdz\u0113t cilv\u0113kiem ar invalidit\u0101ti un ka vi\u0146u nedr\u012bkst trauc\u0113t.<\/p>","protected":false},"excerpt":{"rendered":"<p class=\"a-spacing-mini\">Sniedziet iesp\u0113ju savam dienesta sunim ar m\u016bsu specializ\u0113taj\u0101m siksn\u0101m, kas izstr\u0101d\u0101tas, lai nodro\u0161in\u0101tu iztur\u012bbu un komfortu. Tai ir labi redzams mar\u0137\u0113jums, regul\u0113jamas siksnas, kas nodro\u0161ina ide\u0101lu piegulumu, un iztur\u012bgi rokturi lab\u0101kai kontrolei. \u0160\u012b siksna ir izgatavota no iztur\u012bgiem materi\u0101liem, lai iztur\u0113tu ikdienas lieto\u0161anu, vienlaikus nodro\u0161inot optim\u0101lu atbalstu un identifik\u0101ciju j\u016bsu dienesta sunim. Neaizst\u0101jams pal\u012bgs, lai pal\u012bdz\u0113tu ar p\u0101rvieto\u0161anos un nodro\u0161in\u0101tu sabiedr\u012bbas inform\u0113t\u012bbu.<\/p>","protected":false},"featured_media":7319,"template":"","meta":[],"product_brand":[],"product_cat":[23],"product_tag":[24],"class_list":{"0":"post-146","1":"product","2":"type-product","3":"status-publish","4":"has-post-thumbnail","6":"product_cat-dog-harness","7":"product_tag-tactical-harness","9":"first","10":"instock","11":"shipping-taxable","12":"product-type-simple"},"yoast_head":"<!-- This site is optimized with the Yoast SEO plugin v26.6 - https:\/\/yoast.com\/wordpress\/plugins\/seo\/ -->\n<title>Training Walking No Pull Service Dog Harness | QQPETS<\/title>\n<meta name=\"description\" content=\"Equip your service dog with our high-quality harness. Built for comfort and visibility. Essential for duty.\" \/>\n<meta name=\"robots\" content=\"index, follow, max-snippet:-1, max-image-preview:large, max-video-preview:-1\" \/>\n<link rel=\"canonical\" href=\"https:\/\/qqpets.com\/lv\/products\/training-walking-no-pull-service-dog-harness\/\" \/>\n<meta property=\"og:locale\" content=\"lv_LV\" \/>\n<meta property=\"og:type\" content=\"article\" \/>\n<meta property=\"og:title\" content=\"Training Walking No Pull Service Dog Harness | QQPETS\" \/>\n<meta property=\"og:description\" content=\"Equip your service dog with our high-quality harness. Built for comfort and visibility. Essential for duty.\" \/>\n<meta property=\"og:url\" content=\"https:\/\/qqpets.com\/lv\/products\/training-walking-no-pull-service-dog-harness\/\" \/>\n<meta property=\"og:site_name\" content=\"QQPETS\" \/>\n<meta property=\"article:publisher\" content=\"https:\/\/www.facebook.com\/QQpetsdogcollars\" \/>\n<meta property=\"article:modified_time\" content=\"2024-09-02T07:03:14+00:00\" \/>\n<meta property=\"og:image\" content=\"https:\/\/qqpets.com\/wp-content\/uploads\/2023\/09\/service-dog-harness.jpg\" \/>\n\t<meta property=\"og:image:width\" content=\"1200\" \/>\n\t<meta property=\"og:image:height\" content=\"1200\" \/>\n\t<meta property=\"og:image:type\" content=\"image\/jpeg\" \/>\n<meta name=\"twitter:card\" content=\"summary_large_image\" \/>\n<meta name=\"twitter:label1\" content=\"Est. reading time\" \/>\n\t<meta name=\"twitter:data1\" content=\"3 min\u016btes\" \/>\n<script type=\"application\/ld+json\" class=\"yoast-schema-graph\">{\"@context\":\"https:\/\/schema.org\",\"@graph\":[{\"@type\":\"WebPage\",\"@id\":\"https:\/\/qqpets.com\/product\/training-walking-no-pull-service-dog-harness\/\",\"url\":\"https:\/\/qqpets.com\/product\/training-walking-no-pull-service-dog-harness\/\",\"name\":\"Training Walking No Pull Service Dog Harness | QQPETS\",\"isPartOf\":{\"@id\":\"https:\/\/qqpets.com\/#website\"},\"primaryImageOfPage\":{\"@id\":\"https:\/\/qqpets.com\/product\/training-walking-no-pull-service-dog-harness\/#primaryimage\"},\"image\":{\"@id\":\"https:\/\/qqpets.com\/product\/training-walking-no-pull-service-dog-harness\/#primaryimage\"},\"thumbnailUrl\":\"https:\/\/qqpets.com\/wp-content\/uploads\/2023\/09\/service-dog-harness.jpg\",\"datePublished\":\"2023-10-04T07:27:45+00:00\",\"dateModified\":\"2024-09-02T07:03:14+00:00\",\"description\":\"Equip your service dog with our high-quality harness. Built for comfort and visibility. Essential for duty.\",\"breadcrumb\":{\"@id\":\"https:\/\/qqpets.com\/product\/training-walking-no-pull-service-dog-harness\/#breadcrumb\"},\"inLanguage\":\"lv-LV\",\"potentialAction\":[{\"@type\":\"ReadAction\",\"target\":[\"https:\/\/qqpets.com\/product\/training-walking-no-pull-service-dog-harness\/\"]}]},{\"@type\":\"ImageObject\",\"inLanguage\":\"lv-LV\",\"@id\":\"https:\/\/qqpets.com\/product\/training-walking-no-pull-service-dog-harness\/#primaryimage\",\"url\":\"https:\/\/qqpets.com\/wp-content\/uploads\/2023\/09\/service-dog-harness.jpg\",\"contentUrl\":\"https:\/\/qqpets.com\/wp-content\/uploads\/2023\/09\/service-dog-harness.jpg\",\"width\":1200,\"height\":1200,\"caption\":\"service dog harness\"},{\"@type\":\"BreadcrumbList\",\"@id\":\"https:\/\/qqpets.com\/product\/training-walking-no-pull-service-dog-harness\/#breadcrumb\",\"itemListElement\":[{\"@type\":\"ListItem\",\"position\":1,\"name\":\"Home\",\"item\":\"https:\/\/qqpets.com\/\"},{\"@type\":\"ListItem\",\"position\":2,\"name\":\"Products\",\"item\":\"https:\/\/qqpets.com\/pet-products-manufacturer\/\"},{\"@type\":\"ListItem\",\"position\":3,\"name\":\"Training Walking No Pull Service Dog Harness\"}]},{\"@type\":\"WebSite\",\"@id\":\"https:\/\/qqpets.com\/#website\",\"url\":\"https:\/\/qqpets.com\/\",\"name\":\"QQPETS\",\"description\":\"QQPETS is a pet products factory for dog harnesses, dog collars, dog leashes and dog accessories with professional customized service since 2005.\",\"publisher\":{\"@id\":\"https:\/\/qqpets.com\/#organization\"},\"potentialAction\":[{\"@type\":\"SearchAction\",\"target\":{\"@type\":\"EntryPoint\",\"urlTemplate\":\"https:\/\/qqpets.com\/?s={search_term_string}\"},\"query-input\":{\"@type\":\"PropertyValueSpecification\",\"valueRequired\":true,\"valueName\":\"search_term_string\"}}],\"inLanguage\":\"lv-LV\"},{\"@type\":\"Organization\",\"@id\":\"https:\/\/qqpets.com\/#organization\",\"name\":\"QQPETS\",\"url\":\"https:\/\/qqpets.com\/\",\"logo\":{\"@type\":\"ImageObject\",\"inLanguage\":\"lv-LV\",\"@id\":\"https:\/\/qqpets.com\/#\/schema\/logo\/image\/\",\"url\":\"https:\/\/qqpets.com\/wp-content\/uploads\/2023\/09\/cropped-cropped-qqpets-tiktok.jpg\",\"contentUrl\":\"https:\/\/qqpets.com\/wp-content\/uploads\/2023\/09\/cropped-cropped-qqpets-tiktok.jpg\",\"width\":511,\"height\":511,\"caption\":\"QQPETS\"},\"image\":{\"@id\":\"https:\/\/qqpets.com\/#\/schema\/logo\/image\/\"},\"sameAs\":[\"https:\/\/www.facebook.com\/QQpetsdogcollars\",\"https:\/\/www.instagram.com\/qqpetscollar\/\",\"https:\/\/www.pinterest.com\/qqpetsdogcollarsfactory\/\"]}]}<\/script>\n<!-- \/ Yoast SEO plugin. -->","yoast_head_json":{"title":"Treni\u0146u pastaiga bez vilk\u0161anas dienesta su\u0146u siksnas | QQPETS","description":"Apr\u012bkojiet savu dienesta suni ar m\u016bsu augstas kvalit\u0101tes siksn\u0101m. Izgatavotas komfortam un redzam\u012bbai. Neaizst\u0101jams dienesta vajadz\u012bb\u0101m.","robots":{"index":"index","follow":"follow","max-snippet":"max-snippet:-1","max-image-preview":"max-image-preview:large","max-video-preview":"max-video-preview:-1"},"canonical":"https:\/\/qqpets.com\/lv\/products\/training-walking-no-pull-service-dog-harness\/","og_locale":"lv_LV","og_type":"article","og_title":"Training Walking No Pull Service Dog Harness | QQPETS","og_description":"Equip your service dog with our high-quality harness. Built for comfort and visibility. Essential for duty.","og_url":"https:\/\/qqpets.com\/lv\/products\/training-walking-no-pull-service-dog-harness\/","og_site_name":"QQPETS","article_publisher":"https:\/\/www.facebook.com\/QQpetsdogcollars","article_modified_time":"2024-09-02T07:03:14+00:00","og_image":[{"width":1200,"height":1200,"url":"https:\/\/qqpets.com\/wp-content\/uploads\/2023\/09\/service-dog-harness.jpg","type":"image\/jpeg"}],"twitter_card":"summary_large_image","twitter_misc":{"Est. reading time":"3 min\u016btes"},"schema":{"@context":"https:\/\/schema.org","@graph":[{"@type":"WebPage","@id":"https:\/\/qqpets.com\/product\/training-walking-no-pull-service-dog-harness\/","url":"https:\/\/qqpets.com\/product\/training-walking-no-pull-service-dog-harness\/","name":"Treni\u0146u pastaiga bez vilk\u0161anas dienesta su\u0146u siksnas | QQPETS","isPartOf":{"@id":"https:\/\/qqpets.com\/#website"},"primaryImageOfPage":{"@id":"https:\/\/qqpets.com\/product\/training-walking-no-pull-service-dog-harness\/#primaryimage"},"image":{"@id":"https:\/\/qqpets.com\/product\/training-walking-no-pull-service-dog-harness\/#primaryimage"},"thumbnailUrl":"https:\/\/qqpets.com\/wp-content\/uploads\/2023\/09\/service-dog-harness.jpg","datePublished":"2023-10-04T07:27:45+00:00","dateModified":"2024-09-02T07:03:14+00:00","description":"Apr\u012bkojiet savu dienesta suni ar m\u016bsu augstas kvalit\u0101tes siksn\u0101m. Izgatavotas komfortam un redzam\u012bbai. Neaizst\u0101jams dienesta vajadz\u012bb\u0101m.","breadcrumb":{"@id":"https:\/\/qqpets.com\/product\/training-walking-no-pull-service-dog-harness\/#breadcrumb"},"inLanguage":"lv-LV","potentialAction":[{"@type":"ReadAction","target":["https:\/\/qqpets.com\/product\/training-walking-no-pull-service-dog-harness\/"]}]},{"@type":"ImageObject","inLanguage":"lv-LV","@id":"https:\/\/qqpets.com\/product\/training-walking-no-pull-service-dog-harness\/#primaryimage","url":"https:\/\/qqpets.com\/wp-content\/uploads\/2023\/09\/service-dog-harness.jpg","contentUrl":"https:\/\/qqpets.com\/wp-content\/uploads\/2023\/09\/service-dog-harness.jpg","width":1200,"height":1200,"caption":"service dog harness"},{"@type":"BreadcrumbList","@id":"https:\/\/qqpets.com\/product\/training-walking-no-pull-service-dog-harness\/#breadcrumb","itemListElement":[{"@type":"ListItem","position":1,"name":"Home","item":"https:\/\/qqpets.com\/"},{"@type":"ListItem","position":2,"name":"Products","item":"https:\/\/qqpets.com\/pet-products-manufacturer\/"},{"@type":"ListItem","position":3,"name":"Training Walking No Pull Service Dog Harness"}]},{"@type":"WebSite","@id":"https:\/\/qqpets.com\/#website","url":"https:\/\/qqpets.com\/","name":"QQPETS","description":"QQPETS ir lolojumdz\u012bvnieku produktu r\u016bpn\u012bca su\u0146u siksn\u0101m, su\u0146u apkakles, su\u0146u pavadas un su\u0146u aksesu\u0101ri ar profesion\u0101lu piel\u0101gotu pakalpojumu kop\u0161 2005. gada.","publisher":{"@id":"https:\/\/qqpets.com\/#organization"},"potentialAction":[{"@type":"SearchAction","target":{"@type":"EntryPoint","urlTemplate":"https:\/\/qqpets.com\/?s={search_term_string}"},"query-input":{"@type":"PropertyValueSpecification","valueRequired":true,"valueName":"search_term_string"}}],"inLanguage":"lv-LV"},{"@type":"Organization","@id":"https:\/\/qqpets.com\/#organization","name":"QQPETS","url":"https:\/\/qqpets.com\/","logo":{"@type":"ImageObject","inLanguage":"lv-LV","@id":"https:\/\/qqpets.com\/#\/schema\/logo\/image\/","url":"https:\/\/qqpets.com\/wp-content\/uploads\/2023\/09\/cropped-cropped-qqpets-tiktok.jpg","contentUrl":"https:\/\/qqpets.com\/wp-content\/uploads\/2023\/09\/cropped-cropped-qqpets-tiktok.jpg","width":511,"height":511,"caption":"QQPETS"},"image":{"@id":"https:\/\/qqpets.com\/#\/schema\/logo\/image\/"},"sameAs":["https:\/\/www.facebook.com\/QQpetsdogcollars","https:\/\/www.instagram.com\/qqpetscollar\/","https:\/\/www.pinterest.com\/qqpetsdogcollarsfactory\/"]}]}},"_links":{"self":[{"href":"https:\/\/qqpets.com\/lv\/wp-json\/wp\/v2\/product\/146","targetHints":{"allow":["GET"]}}],"collection":[{"href":"https:\/\/qqpets.com\/lv\/wp-json\/wp\/v2\/product"}],"about":[{"href":"https:\/\/qqpets.com\/lv\/wp-json\/wp\/v2\/types\/product"}],"wp:featuredmedia":[{"embeddable":true,"href":"https:\/\/qqpets.com\/lv\/wp-json\/wp\/v2\/media\/7319"}],"wp:attachment":[{"href":"https:\/\/qqpets.com\/lv\/wp-json\/wp\/v2\/media?parent=146"}],"wp:term":[{"taxonomy":"product_brand","embeddable":true,"href":"https:\/\/qqpets.com\/lv\/wp-json\/wp\/v2\/product_brand?post=146"},{"taxonomy":"product_cat","embeddable":true,"href":"https:\/\/qqpets.com\/lv\/wp-json\/wp\/v2\/product_cat?post=146"},{"taxonomy":"product_tag","embeddable":true,"href":"https:\/\/qqpets.com\/lv\/wp-json\/wp\/v2\/product_tag?post=146"}],"curies":[{"name":"wp","href":"https:\/\/api.w.org\/{rel}","templated":true}]}}