{"id":4645,"date":"2024-08-30T16:59:56","date_gmt":"2024-08-30T08:59:56","guid":{"rendered":"https:\/\/qqpets.com\/?post_type=product&#038;p=4645"},"modified":"2024-08-31T17:08:46","modified_gmt":"2024-08-31T09:08:46","slug":"reflective-adjustable-step-in-dog-harness","status":"publish","type":"product","link":"https:\/\/qqpets.com\/lv\/products\/reflective-adjustable-step-in-dog-harness\/","title":{"rendered":"Atstarojo\u0161as regul\u0113jamas su\u0146u siksnas"},"content":{"rendered":"<p>Ievietojiet jaunu dro\u0161\u012bbas un \u0113rt\u012bbas l\u012bmeni sava m\u012blu\u013ca ikdienas pastaig\u0101s ar m\u016bsu atstarojo\u0161aj\u0101m regul\u0113jamaj\u0101m su\u0146u siksn\u0101m Step In. \u0160\u012b siksna ir \u012bpa\u0161i izstr\u0101d\u0101ta \u0113rtai lieto\u0161anai un uzlabotai redzam\u012bbai nakts laik\u0101. T\u0101 ir apr\u012bkota ar spilgt\u0101m atstarojo\u0161\u0101m josl\u0101m, kas nodro\u0161ina, ka j\u016bsu suns ir redzams autovad\u012bt\u0101jiem un g\u0101j\u0113jiem v\u0101j\u0101 apgaismojum\u0101, iev\u0113rojami palielinot dro\u0161\u012bbu vakara vai agra r\u012bta pastaigu laik\u0101.<\/p>\n<p>Step-in dizains atvieglo siksnu uzlik\u0161anas procesu, padarot t\u0101s ide\u0101li piem\u0113rotas m\u0101jdz\u012bvniekiem (un saimniekiem!), kuri dod priek\u0161roku bezr\u016bp\u012bgai lieto\u0161anai. Vienk\u0101r\u0161i novietojiet \u010detrpunktu \u010detrpunktu siksnu, \u013caujiet sunim ieiet, piespr\u0101dz\u0113jieties, un j\u016bs esat gatavs doties ce\u013c\u0101. Siksnas ir piln\u012bb\u0101 regul\u0113jamas, nodro\u0161inot stingru un \u0113rtu piegul\u0113\u0161anu, kas piem\u0113rota da\u017e\u0101du formu un izm\u0113ru su\u0146iem.<\/p>\n<p>Izgatavotas no augstas kvalit\u0101tes iztur\u012bgiem materi\u0101liem, \u0161\u012bs siksnas ir veidotas t\u0101, lai t\u0101s b\u016btu iztur\u012bgas un iztur\u0113tu ikdienas lieto\u0161anas gr\u016bt\u012bbas, vienlaikus nodro\u0161inot j\u016bsu su\u0146a komfortu. Viegl\u0101 konstrukcija nodro\u0161ina, ka j\u016bsu m\u012blulis var br\u012bvi p\u0101rvietoties, nej\u016btoties apgr\u016btin\u0101ts.<\/p>\n<p>M\u016bsu atstarojo\u0161\u0101s regul\u0113jam\u0101s su\u0146u siksnas ir ne tikai praktiskas, bet ar\u012b stil\u012bgas. T\u0101 ir pieejama vair\u0101k\u0101s kr\u0101s\u0101s, lai atbilstu j\u016bsu m\u012blu\u013ca stilam, padarot to par modernu izv\u0113li ikdienas pastaig\u0101m. Neatkar\u012bgi no t\u0101, vai p\u0101rvietojaties pa noslogot\u0101m pils\u0113tas iel\u0101m vai izbaud\u0101t klusu pastaigu park\u0101, \u0161\u012b siksna nodro\u0161in\u0101s j\u016bsu m\u012blulim gan dro\u0161\u012bbu, gan komfortu.<\/p>\n<p>Apr\u012bkojiet savu m\u012bluli ar m\u016bsu siksn\u0101m, lai uzlabotu redzam\u012bbu un nodro\u0161in\u0101tu komfortu katr\u0101 pastaig\u0101, sniedzot jums mieru un j\u016bsu m\u012blulim br\u012bv\u012bbu dro\u0161i izp\u0113t\u012bt apk\u0101rtni.<\/p>\n<div class=\"flex max-w-full flex-col flex-grow\">\n<div class=\"min-h-[20px] text-message flex w-full flex-col items-end gap-2 break-words [.text-message+&amp;]:mt-5 overflow-x-auto whitespace-normal\" dir=\"auto\" data-message-author-role=\"assistant\" data-message-id=\"e46110a1-b220-42e7-a97e-37831f310d5a\">\n<div class=\"flex w-full flex-col gap-1 empty:hidden first:pt-[3px]\">\n<div class=\"markdown prose w-full break-words dark:prose-invert light\">\n<h6><strong>Vai su\u0146iem ir piem\u0113rotas step-in siksnas?<\/strong><\/h6>\n<p>J\u0101, su\u0146iem ir piem\u0113rotas step-in siksnas, jo t\u0101s ir viegli uzvelkamas, vienm\u0113r\u012bgi sadala spiedienu uz kr\u016bt\u012bm un pleciem un ir piem\u0113rotas su\u0146iem, kuriem nepat\u012bk, ja siksnas tiek p\u0101rvilktas p\u0101ri galvai.<\/p>\n<h6><strong>Vai polster\u0113tas siksnas ir lab\u0101k piem\u0113rotas su\u0146iem?<\/strong><\/h6>\n<p>J\u0101, polster\u0113tas siksnas ir lab\u0101k piem\u0113rotas su\u0146iem, jo t\u0101s nodro\u0161ina papildu komfortu, samazina berzes un nobr\u0101zumu risku un ir \u012bpa\u0161i noder\u012bgas su\u0146iem ar jut\u012bgu \u0101du vai pl\u0101nu ka\u017eoku.<\/p>\n<h6><strong>K\u0101 j\u016bs lietojat su\u0146u \u010detrk\u0101jaino siksnu?<\/strong><\/h6>\n<p>Nolieciet \u010detrk\u0101jaino \u010detrk\u0101jaino siksnu uz zemes, pal\u016bdziet sunim iek\u0101pt k\u0101ju atver\u0113s, pavelciet \u010detrk\u0101jaino siksnu ap su\u0146a \u0137ermeni un p\u0113c tam aizspiediet spr\u0101dzi su\u0146a mugur\u0101.<\/p>\n<h6><strong>Kas ir regul\u0113jamas siksnas?<\/strong><\/h6>\n<p>Regul\u0113jama siksna ir veidota ar vair\u0101kiem punktiem, kuros varat regul\u0113t siksnas, lai nodro\u0161in\u0101tu sunim piem\u0113rotu un \u0113rtu piegul\u0113\u0161anu, piel\u0101gojoties izm\u0113ra vai svara izmai\u0146\u0101m.<\/p>\n<h6><strong>K\u0101p\u0113c izmantot step-in siksnas?<\/strong><\/h6>\n<p>Lieto\u0161anas \u0113rt\u012bbai izmantojiet step-in siksnas, jo \u012bpa\u0161i mier\u012bgiem su\u0146iem vai tiem, kuriem ir ne\u0113rti lietot siksnas, kas sniedzas p\u0101ri galvai. T\u0101s ar\u012b lieliski nodro\u0161ina \u0113rtu atbalstu, neradot spiedienu uz kaklu.<\/p>\n<\/div>\n<\/div>\n<\/div>\n<\/div>\n<div class=\"mt-1 flex gap-3 empty:hidden -ml-2\">\n<div class=\"items-center justify-start rounded-xl p-1 flex\">\n<div class=\"flex items-center\">\n<p>&nbsp;<\/p>\n<div class=\"flex\"><\/div>\n<div class=\"flex items-center pb-0\">\n<div class=\"[&amp;_svg]:h-full [&amp;_svg]:w-full icon-md h-4 w-4\"><\/div>\n<p><span class=\"overflow-hidden text-clip whitespace-nowrap text-sm\">4<\/span><\/p>\n<\/div>\n<\/div>\n<\/div>\n<\/div>","protected":false},"excerpt":{"rendered":"<p>Ieejiet dro\u0161\u012bb\u0101 ar m\u016bsu atstarojo\u0161aj\u0101m regul\u0113jamaj\u0101m su\u0146u siksn\u0101m Step In. \u0160\u012b siksna ir veidota t\u0101, lai to b\u016btu viegli pielaikot un t\u0101 b\u016btu lab\u0101k redzama, un tai ir spilgtas atstarojo\u0161as joslas, kas padara j\u016bsu suni redzamu nakt\u012b. Regul\u0113jam\u0101 konstrukcija nodro\u0161ina ide\u0101lu piegulumu jebkurai \u0161\u0137irnei, veicinot komfortu un dro\u0161\u012bbu. T\u0101 ir viegla un iztur\u012bga, ide\u0101li piem\u0113rota ikdienas pastaig\u0101m un nodro\u0161ina, ka j\u016bsu m\u012blulis ir redzams v\u0101j\u0101 apgaismojum\u0101.<\/p>","protected":false},"featured_media":7691,"template":"","meta":[],"product_brand":[],"product_cat":[23],"product_tag":[],"class_list":{"0":"post-4645","1":"product","2":"type-product","3":"status-publish","4":"has-post-thumbnail","6":"product_cat-dog-harness","7":"pa_brand-qqpets","9":"first","10":"instock","11":"shipping-taxable","12":"product-type-simple"},"yoast_head":"<!-- This site is optimized with the Yoast SEO plugin v26.6 - https:\/\/yoast.com\/wordpress\/plugins\/seo\/ -->\n<title>Reflective Adjustable Step in Dog Harness | QQPETS<\/title>\n<meta name=\"description\" content=\"Keep your dog safe with our Reflective Adjustable Step In Harness. Perfect for night walks. Secure and stylish!\" \/>\n<meta name=\"robots\" content=\"index, follow, max-snippet:-1, max-image-preview:large, max-video-preview:-1\" \/>\n<link rel=\"canonical\" href=\"https:\/\/qqpets.com\/lv\/products\/reflective-adjustable-step-in-dog-harness\/\" \/>\n<meta property=\"og:locale\" content=\"lv_LV\" \/>\n<meta property=\"og:type\" content=\"article\" \/>\n<meta property=\"og:title\" content=\"Reflective Adjustable Step in Dog Harness | QQPETS\" \/>\n<meta property=\"og:description\" content=\"Keep your dog safe with our Reflective Adjustable Step In Harness. Perfect for night walks. Secure and stylish!\" \/>\n<meta property=\"og:url\" content=\"https:\/\/qqpets.com\/lv\/products\/reflective-adjustable-step-in-dog-harness\/\" \/>\n<meta property=\"og:site_name\" content=\"QQPETS\" \/>\n<meta property=\"article:publisher\" content=\"https:\/\/www.facebook.com\/QQpetsdogcollars\" \/>\n<meta property=\"article:modified_time\" content=\"2024-08-31T09:08:46+00:00\" \/>\n<meta property=\"og:image\" content=\"https:\/\/qqpets.com\/wp-content\/uploads\/2023\/09\/qqpets-tiktok.jpg\" \/>\n\t<meta property=\"og:image:width\" content=\"800\" \/>\n\t<meta property=\"og:image:height\" content=\"800\" \/>\n\t<meta property=\"og:image:type\" content=\"image\/jpeg\" \/>\n<meta name=\"twitter:card\" content=\"summary_large_image\" \/>\n<meta name=\"twitter:label1\" content=\"Est. reading time\" \/>\n\t<meta name=\"twitter:data1\" content=\"3 min\u016btes\" \/>\n<script type=\"application\/ld+json\" class=\"yoast-schema-graph\">{\"@context\":\"https:\/\/schema.org\",\"@graph\":[{\"@type\":\"WebPage\",\"@id\":\"https:\/\/qqpets.com\/product\/reflective-adjustable-step-in-dog-harness\/\",\"url\":\"https:\/\/qqpets.com\/product\/reflective-adjustable-step-in-dog-harness\/\",\"name\":\"Reflective Adjustable Step in Dog Harness | QQPETS\",\"isPartOf\":{\"@id\":\"https:\/\/qqpets.com\/#website\"},\"primaryImageOfPage\":{\"@id\":\"https:\/\/qqpets.com\/product\/reflective-adjustable-step-in-dog-harness\/#primaryimage\"},\"image\":{\"@id\":\"https:\/\/qqpets.com\/product\/reflective-adjustable-step-in-dog-harness\/#primaryimage\"},\"thumbnailUrl\":\"https:\/\/qqpets.com\/wp-content\/uploads\/2024\/08\/3.avif\",\"datePublished\":\"2024-08-30T08:59:56+00:00\",\"dateModified\":\"2024-08-31T09:08:46+00:00\",\"description\":\"Keep your dog safe with our Reflective Adjustable Step In Harness. Perfect for night walks. Secure and stylish!\",\"breadcrumb\":{\"@id\":\"https:\/\/qqpets.com\/product\/reflective-adjustable-step-in-dog-harness\/#breadcrumb\"},\"inLanguage\":\"lv-LV\",\"potentialAction\":[{\"@type\":\"ReadAction\",\"target\":[\"https:\/\/qqpets.com\/product\/reflective-adjustable-step-in-dog-harness\/\"]}]},{\"@type\":\"ImageObject\",\"inLanguage\":\"lv-LV\",\"@id\":\"https:\/\/qqpets.com\/product\/reflective-adjustable-step-in-dog-harness\/#primaryimage\",\"url\":\"https:\/\/qqpets.com\/wp-content\/uploads\/2024\/08\/3.avif\",\"contentUrl\":\"https:\/\/qqpets.com\/wp-content\/uploads\/2024\/08\/3.avif\",\"width\":800,\"height\":800},{\"@type\":\"BreadcrumbList\",\"@id\":\"https:\/\/qqpets.com\/product\/reflective-adjustable-step-in-dog-harness\/#breadcrumb\",\"itemListElement\":[{\"@type\":\"ListItem\",\"position\":1,\"name\":\"Home\",\"item\":\"https:\/\/qqpets.com\/\"},{\"@type\":\"ListItem\",\"position\":2,\"name\":\"Products\",\"item\":\"https:\/\/qqpets.com\/pet-products-manufacturer\/\"},{\"@type\":\"ListItem\",\"position\":3,\"name\":\"Reflective Adjustable Step in Dog Harness\"}]},{\"@type\":\"WebSite\",\"@id\":\"https:\/\/qqpets.com\/#website\",\"url\":\"https:\/\/qqpets.com\/\",\"name\":\"QQPETS\",\"description\":\"QQPETS is a pet products factory for dog harnesses, dog collars, dog leashes and dog accessories with professional customized service since 2005.\",\"publisher\":{\"@id\":\"https:\/\/qqpets.com\/#organization\"},\"potentialAction\":[{\"@type\":\"SearchAction\",\"target\":{\"@type\":\"EntryPoint\",\"urlTemplate\":\"https:\/\/qqpets.com\/?s={search_term_string}\"},\"query-input\":{\"@type\":\"PropertyValueSpecification\",\"valueRequired\":true,\"valueName\":\"search_term_string\"}}],\"inLanguage\":\"lv-LV\"},{\"@type\":\"Organization\",\"@id\":\"https:\/\/qqpets.com\/#organization\",\"name\":\"QQPETS\",\"url\":\"https:\/\/qqpets.com\/\",\"logo\":{\"@type\":\"ImageObject\",\"inLanguage\":\"lv-LV\",\"@id\":\"https:\/\/qqpets.com\/#\/schema\/logo\/image\/\",\"url\":\"https:\/\/qqpets.com\/wp-content\/uploads\/2023\/09\/cropped-cropped-qqpets-tiktok.jpg\",\"contentUrl\":\"https:\/\/qqpets.com\/wp-content\/uploads\/2023\/09\/cropped-cropped-qqpets-tiktok.jpg\",\"width\":511,\"height\":511,\"caption\":\"QQPETS\"},\"image\":{\"@id\":\"https:\/\/qqpets.com\/#\/schema\/logo\/image\/\"},\"sameAs\":[\"https:\/\/www.facebook.com\/QQpetsdogcollars\",\"https:\/\/www.instagram.com\/qqpetscollar\/\",\"https:\/\/www.pinterest.com\/qqpetsdogcollarsfactory\/\"]}]}<\/script>\n<!-- \/ Yoast SEO plugin. -->","yoast_head_json":{"title":"Atstarojo\u0161as regul\u0113jamas su\u0146u siksnas | QQPETS","description":"Nodro\u0161iniet sava su\u0146a dro\u0161\u012bbu ar m\u016bsu atstarojo\u0161o regul\u0113jamo Step In siksnu. Ide\u0101li piem\u0113rots nakts pastaig\u0101m. Dro\u0161a un stil\u012bga!","robots":{"index":"index","follow":"follow","max-snippet":"max-snippet:-1","max-image-preview":"max-image-preview:large","max-video-preview":"max-video-preview:-1"},"canonical":"https:\/\/qqpets.com\/lv\/products\/reflective-adjustable-step-in-dog-harness\/","og_locale":"lv_LV","og_type":"article","og_title":"Reflective Adjustable Step in Dog Harness | QQPETS","og_description":"Keep your dog safe with our Reflective Adjustable Step In Harness. Perfect for night walks. Secure and stylish!","og_url":"https:\/\/qqpets.com\/lv\/products\/reflective-adjustable-step-in-dog-harness\/","og_site_name":"QQPETS","article_publisher":"https:\/\/www.facebook.com\/QQpetsdogcollars","article_modified_time":"2024-08-31T09:08:46+00:00","og_image":[{"width":800,"height":800,"url":"https:\/\/qqpets.com\/wp-content\/uploads\/2023\/09\/qqpets-tiktok.jpg","type":"image\/jpeg"}],"twitter_card":"summary_large_image","twitter_misc":{"Est. reading time":"3 min\u016btes"},"schema":{"@context":"https:\/\/schema.org","@graph":[{"@type":"WebPage","@id":"https:\/\/qqpets.com\/product\/reflective-adjustable-step-in-dog-harness\/","url":"https:\/\/qqpets.com\/product\/reflective-adjustable-step-in-dog-harness\/","name":"Atstarojo\u0161as regul\u0113jamas su\u0146u siksnas | QQPETS","isPartOf":{"@id":"https:\/\/qqpets.com\/#website"},"primaryImageOfPage":{"@id":"https:\/\/qqpets.com\/product\/reflective-adjustable-step-in-dog-harness\/#primaryimage"},"image":{"@id":"https:\/\/qqpets.com\/product\/reflective-adjustable-step-in-dog-harness\/#primaryimage"},"thumbnailUrl":"https:\/\/qqpets.com\/wp-content\/uploads\/2024\/08\/3.avif","datePublished":"2024-08-30T08:59:56+00:00","dateModified":"2024-08-31T09:08:46+00:00","description":"Nodro\u0161iniet sava su\u0146a dro\u0161\u012bbu ar m\u016bsu atstarojo\u0161o regul\u0113jamo Step In siksnu. Ide\u0101li piem\u0113rots nakts pastaig\u0101m. Dro\u0161a un stil\u012bga!","breadcrumb":{"@id":"https:\/\/qqpets.com\/product\/reflective-adjustable-step-in-dog-harness\/#breadcrumb"},"inLanguage":"lv-LV","potentialAction":[{"@type":"ReadAction","target":["https:\/\/qqpets.com\/product\/reflective-adjustable-step-in-dog-harness\/"]}]},{"@type":"ImageObject","inLanguage":"lv-LV","@id":"https:\/\/qqpets.com\/product\/reflective-adjustable-step-in-dog-harness\/#primaryimage","url":"https:\/\/qqpets.com\/wp-content\/uploads\/2024\/08\/3.avif","contentUrl":"https:\/\/qqpets.com\/wp-content\/uploads\/2024\/08\/3.avif","width":800,"height":800},{"@type":"BreadcrumbList","@id":"https:\/\/qqpets.com\/product\/reflective-adjustable-step-in-dog-harness\/#breadcrumb","itemListElement":[{"@type":"ListItem","position":1,"name":"Home","item":"https:\/\/qqpets.com\/"},{"@type":"ListItem","position":2,"name":"Products","item":"https:\/\/qqpets.com\/pet-products-manufacturer\/"},{"@type":"ListItem","position":3,"name":"Reflective Adjustable Step in Dog Harness"}]},{"@type":"WebSite","@id":"https:\/\/qqpets.com\/#website","url":"https:\/\/qqpets.com\/","name":"QQPETS","description":"QQPETS ir lolojumdz\u012bvnieku produktu r\u016bpn\u012bca su\u0146u siksn\u0101m, su\u0146u apkakles, su\u0146u pavadas un su\u0146u aksesu\u0101ri ar profesion\u0101lu piel\u0101gotu pakalpojumu kop\u0161 2005. gada.","publisher":{"@id":"https:\/\/qqpets.com\/#organization"},"potentialAction":[{"@type":"SearchAction","target":{"@type":"EntryPoint","urlTemplate":"https:\/\/qqpets.com\/?s={search_term_string}"},"query-input":{"@type":"PropertyValueSpecification","valueRequired":true,"valueName":"search_term_string"}}],"inLanguage":"lv-LV"},{"@type":"Organization","@id":"https:\/\/qqpets.com\/#organization","name":"QQPETS","url":"https:\/\/qqpets.com\/","logo":{"@type":"ImageObject","inLanguage":"lv-LV","@id":"https:\/\/qqpets.com\/#\/schema\/logo\/image\/","url":"https:\/\/qqpets.com\/wp-content\/uploads\/2023\/09\/cropped-cropped-qqpets-tiktok.jpg","contentUrl":"https:\/\/qqpets.com\/wp-content\/uploads\/2023\/09\/cropped-cropped-qqpets-tiktok.jpg","width":511,"height":511,"caption":"QQPETS"},"image":{"@id":"https:\/\/qqpets.com\/#\/schema\/logo\/image\/"},"sameAs":["https:\/\/www.facebook.com\/QQpetsdogcollars","https:\/\/www.instagram.com\/qqpetscollar\/","https:\/\/www.pinterest.com\/qqpetsdogcollarsfactory\/"]}]}},"_links":{"self":[{"href":"https:\/\/qqpets.com\/lv\/wp-json\/wp\/v2\/product\/4645","targetHints":{"allow":["GET"]}}],"collection":[{"href":"https:\/\/qqpets.com\/lv\/wp-json\/wp\/v2\/product"}],"about":[{"href":"https:\/\/qqpets.com\/lv\/wp-json\/wp\/v2\/types\/product"}],"wp:featuredmedia":[{"embeddable":true,"href":"https:\/\/qqpets.com\/lv\/wp-json\/wp\/v2\/media\/7691"}],"wp:attachment":[{"href":"https:\/\/qqpets.com\/lv\/wp-json\/wp\/v2\/media?parent=4645"}],"wp:term":[{"taxonomy":"product_brand","embeddable":true,"href":"https:\/\/qqpets.com\/lv\/wp-json\/wp\/v2\/product_brand?post=4645"},{"taxonomy":"product_cat","embeddable":true,"href":"https:\/\/qqpets.com\/lv\/wp-json\/wp\/v2\/product_cat?post=4645"},{"taxonomy":"product_tag","embeddable":true,"href":"https:\/\/qqpets.com\/lv\/wp-json\/wp\/v2\/product_tag?post=4645"}],"curies":[{"name":"wp","href":"https:\/\/api.w.org\/{rel}","templated":true}]}}