{"id":4950,"date":"2024-03-14T10:00:15","date_gmt":"2024-03-14T02:00:15","guid":{"rendered":"https:\/\/qqpets.com\/?post_type=product&#038;p=4950"},"modified":"2024-11-11T15:15:16","modified_gmt":"2024-11-11T07:15:16","slug":"hands-free-no-pull-dog-leash","status":"publish","type":"product","link":"https:\/\/qqpets.com\/lv\/products\/hands-free-no-pull-dog-leash\/","title":{"rendered":"Su\u0146u pavadas bez vilk\u0161anas bez rok\u0101m"},"content":{"rendered":"<p>Uzlabojiet sava m\u012blu\u013ca dro\u0161\u012bbu un savu \u0113rt\u012bbu, izmantojot m\u016bsu inovat\u012bvo su\u0146u pastaigu un skrie\u0161anas pavadi\u0146u bez rok\u0101m, kas apr\u012bkota ar ieb\u016bv\u0113tu automa\u0161\u012bnas dro\u0161\u012bbas jostu un triecienu absorb\u0113jo\u0161u auklu. \u0160\u012b daudzfunkcion\u0101l\u0101 pavadi\u0146a \u013cauj jums saglab\u0101t akt\u012bvu dz\u012bvesveidu, vienlaikus nodro\u0161inot j\u016bsu m\u012blu\u013ca dro\u0161\u012bbu un komfortu jebkuras aktivit\u0101tes laik\u0101 - neatkar\u012bgi no t\u0101, vai j\u016bs skrienat park\u0101 vai braucat uz n\u0101kamo piedz\u012bvojumu.<\/p>\n<p>\u0160\u012bs pavadas galven\u0101 iez\u012bme ir t\u0101s elast\u012bba, pateicoties triecienu amortiz\u0113jo\u0161ajai gumijai, kas nov\u0113r\u0161 velko\u0161u un velko\u0161u kust\u012bbu, t\u0101d\u0113j\u0101di samazinot slodzi gan j\u016bsu m\u012blulim, gan jums. T\u0101 nevainojami p\u0101riet no pastaigu un skrie\u0161anas aksesu\u0101ra uz automa\u0161\u012bnas dro\u0161\u012bbas jostu, dro\u0161i nostiprinot j\u016bsu m\u012bluli braucienu laik\u0101 un samazinot trauc\u0113jumus, lai nodro\u0161in\u0101tu dro\u0161\u0101ku brauk\u0161anu.<\/p>\n<p>M\u016bsu siksna ir praktiski izstr\u0101d\u0101ta, un t\u0101 ir apr\u012bkota ar br\u012bvroku jostas jostu, kas piel\u0101gojas da\u017e\u0101diem izm\u0113riem, \u013caujot jums br\u012bvi skriet, staig\u0101t vai p\u0101rvietoties, neturot siksnu. Atstarojo\u0161ie \u0161uves uz pavadas nodro\u0161ina labu redzam\u012bbu v\u0101j\u0101 apgaismojum\u0101, uzlabojot dro\u0161\u012bbu agr\u0101s r\u012bta vai vakara pastaig\u0101s.<\/p>\n<p>Izgatavota no iztur\u012bgiem, laikapst\u0101k\u013ciem iztur\u012bgiem materi\u0101liem, un t\u0101 ir iztur\u012bga gan lietojot \u0101rpus telp\u0101m, gan ikdien\u0101 p\u0101rvietojoties. T\u0101 ir univers\u0101li sader\u012bga ar liel\u0101ko da\u013cu transportl\u012bdzek\u013cu dro\u0161\u012bbas jostu sist\u0113mu, t\u0101p\u0113c uzst\u0101d\u012b\u0161ana ir \u0101tra un vienk\u0101r\u0161a, nodro\u0161inot, ka esat gatavs doties ce\u013c\u0101 vien\u0101 mirkl\u012b.<\/p>\n<p>Neatkar\u012bgi no t\u0101, vai esat aizraut\u012bgs skr\u0113j\u0113js, ikdien\u0101 p\u0101rvietojaties uz darbu vai m\u012blat garus p\u0101rg\u0101jienus kop\u0101 ar savu suni, m\u016bsu br\u012bvroku su\u0146a pavadas ar automa\u0161\u012bnas dro\u0161\u012bbas jostu un triecienabsorb\u0113jo\u0161u auklu ir ide\u0101la izv\u0113le tiem m\u0101jdz\u012bvnieku \u012bpa\u0161niekiem, kuri r\u016bp\u0113jas par dro\u0161\u012bbu un atsak\u0101s no kompromisiem attiec\u012bb\u0101 uz funkcionalit\u0101ti un stilu.<\/p>\n<h6><strong>Vai gumijas pavadas ir piem\u0113rotas su\u0146iem?<\/strong><\/h6>\n<p>Su\u0146iem var b\u016bt noder\u012bgas gumijas pavadas, jo t\u0101s mazina triecienu, ko izraisa p\u0113k\u0161\u0146as kust\u012bbas un vilk\u0161ana, padarot pastaigas \u0113rt\u0101kas gan sunim, gan saimniekam. Tom\u0113r t\u0101s var neb\u016bt piem\u0113rotas \u013coti sp\u0113c\u012bgiem vai reakt\u012bviem su\u0146iem, jo elast\u012bba var veicin\u0101t vilk\u0161anu.<\/p>\n<h6><strong>K\u0101 j\u016bs izmantojat gumijas su\u0146u pavadas?<\/strong><\/h6>\n<p>Piestipriniet gumijas pavadas skavu pie su\u0146a siksnas vai apkakles. Stingri turiet rokturi, \u013caujot bungee da\u013cai absorb\u0113t triecienus un vilkmi pastaigas laik\u0101. Tas ir \u012bpa\u0161i noder\u012bgi skrie\u0161anas vai p\u0101rg\u0101jienu laik\u0101, kad varat saskarties ar p\u0113k\u0161\u0146iem vilk\u0146iem.<\/p>\n<h6><strong>K\u0101da garuma pavadas skrie\u0161anai ar suni?<\/strong><\/h6>\n<p>Parasti skrie\u0161anai ieteicams izmantot aptuveni 4 l\u012bdz 6 p\u0113das garu pavadi\u0146u, jo t\u0101 ir pietiekami ietilp\u012bga, lai nodro\u0161in\u0101tu \u0113rtu so\u013ca garumu, bet pietiekami \u012bsa, lai saglab\u0101tu kontroli p\u0101r suni.<\/p>\n<h6><strong>Vai bungee pavadas p\u0101rtrauc vilk\u0161anu?<\/strong><\/h6>\n<p>N\u0113, gumijas pavadas nep\u0101rtrauc vilk\u0161anu. T\u0101s var mazin\u0101t vilk\u0161anas ietekmi, jo ir elast\u012bgas, bet t\u0101s neattur no vilk\u0161anas.<\/p>\n<h6><strong>K\u0101da pavadas ir vislab\u0101k\u0101 sunim, kur\u0161 velk?<\/strong><\/h6>\n<p>Sunim, kur\u0161 velk, vislab\u0101k ir lietot bezvilk\u0161anas siksnas, kas savienotas ar sp\u0113c\u012bgu, neelast\u012bgu pavadi\u0146u. Siksna attur\u0113s no vilk\u0161anas, novirzot suni atpaka\u013c uz jums, savuk\u0101rt stabila pavadas konstrukcija nodro\u0161ina kontroli, neveicinot vilk\u0161anu, jo t\u0101 ir izstiepta.<\/p>","protected":false},"excerpt":{"rendered":"<p>P\u0101rveidojiet savas pastaigas, izmantojot m\u016bsu br\u012bvroku su\u0146u pavadas, kas apr\u012bkotas ar dro\u0161\u012bbas automa\u0161\u012bnas dro\u0161\u012bbas jostu un triecienus amortiz\u0113jo\u0161u gumiju. T\u0101 ir ide\u0101li piem\u0113rota pastaig\u0101m, skrie\u0161anai vai brauk\u0161anai ar automa\u0161\u012bnu un nodro\u0161ina j\u016bsu m\u012blu\u013ca dro\u0161\u012bbu, vienlaikus sniedzot p\u0101rvieto\u0161an\u0101s br\u012bv\u012bbu. Regul\u0113jam\u0101, atstarojo\u0161\u0101 pavadas da\u013ca uzlabo redzam\u012bbu un elast\u012bbu, t\u0101p\u0113c t\u0101 ir ide\u0101li piem\u0113rota lieto\u0161anai gan dien\u0101, gan nakt\u012b. Izgatavota no iztur\u012bgiem, augstas kvalit\u0101tes materi\u0101liem, t\u0101 ir paredz\u0113ta akt\u012bviem m\u0101jdz\u012bvnieku \u012bpa\u0161niekiem, kas mekl\u0113 \u0113rt\u012bbas, nemazinot dro\u0161\u012bbu. Viegli lietojama un univers\u0101li savietojama ar liel\u0101ko da\u013cu transportl\u012bdzek\u013cu, \u0161\u012b pavadi\u0146a padara katru braucienu ar m\u0101jdz\u012bvnieku viegl\u0101ku.<\/p>","protected":false},"featured_media":4951,"template":"","meta":[],"product_brand":[],"product_cat":[27],"product_tag":[],"class_list":{"0":"post-4950","1":"product","2":"type-product","3":"status-publish","4":"has-post-thumbnail","6":"product_cat-dog-leash","7":"pa_brand-qqpets","9":"first","10":"instock","11":"shipping-taxable","12":"product-type-simple"},"yoast_head":"<!-- This site is optimized with the Yoast SEO plugin v26.6 - https:\/\/yoast.com\/wordpress\/plugins\/seo\/ -->\n<title>Hands Free No Pull Dog Leash | QQPETS<\/title>\n<meta name=\"description\" content=\"Shop our Hands Free Dog Leash with Car Seat Belt for safe, shock-absorbing walks and runs. Perfect for active pet owners!\" \/>\n<meta name=\"robots\" content=\"index, follow, max-snippet:-1, max-image-preview:large, max-video-preview:-1\" \/>\n<link rel=\"canonical\" href=\"https:\/\/qqpets.com\/lv\/products\/hands-free-no-pull-dog-leash\/\" \/>\n<meta property=\"og:locale\" content=\"lv_LV\" \/>\n<meta property=\"og:type\" content=\"article\" \/>\n<meta property=\"og:title\" content=\"Hands Free No Pull Dog Leash | QQPETS\" \/>\n<meta property=\"og:description\" content=\"Shop our Hands Free Dog Leash with Car Seat Belt for safe, shock-absorbing walks and runs. Perfect for active pet owners!\" \/>\n<meta property=\"og:url\" content=\"https:\/\/qqpets.com\/lv\/products\/hands-free-no-pull-dog-leash\/\" \/>\n<meta property=\"og:site_name\" content=\"QQPETS\" \/>\n<meta property=\"article:publisher\" content=\"https:\/\/www.facebook.com\/QQpetsdogcollars\" \/>\n<meta property=\"article:modified_time\" content=\"2024-11-11T07:15:16+00:00\" \/>\n<meta property=\"og:image\" content=\"https:\/\/qqpets.com\/wp-content\/uploads\/2024\/03\/1.webp\" \/>\n\t<meta property=\"og:image:width\" content=\"1000\" \/>\n\t<meta property=\"og:image:height\" content=\"1000\" \/>\n\t<meta property=\"og:image:type\" content=\"image\/webp\" \/>\n<meta name=\"twitter:card\" content=\"summary_large_image\" \/>\n<meta name=\"twitter:label1\" content=\"Est. reading time\" \/>\n\t<meta name=\"twitter:data1\" content=\"3 min\u016btes\" \/>\n<script type=\"application\/ld+json\" class=\"yoast-schema-graph\">{\"@context\":\"https:\/\/schema.org\",\"@graph\":[{\"@type\":\"WebPage\",\"@id\":\"https:\/\/qqpets.com\/product\/hands-free-no-pull-dog-leash\/\",\"url\":\"https:\/\/qqpets.com\/product\/hands-free-no-pull-dog-leash\/\",\"name\":\"Hands Free No Pull Dog Leash | QQPETS\",\"isPartOf\":{\"@id\":\"https:\/\/qqpets.com\/#website\"},\"primaryImageOfPage\":{\"@id\":\"https:\/\/qqpets.com\/product\/hands-free-no-pull-dog-leash\/#primaryimage\"},\"image\":{\"@id\":\"https:\/\/qqpets.com\/product\/hands-free-no-pull-dog-leash\/#primaryimage\"},\"thumbnailUrl\":\"https:\/\/qqpets.com\/wp-content\/uploads\/2024\/03\/1.webp\",\"datePublished\":\"2024-03-14T02:00:15+00:00\",\"dateModified\":\"2024-11-11T07:15:16+00:00\",\"description\":\"Shop our Hands Free Dog Leash with Car Seat Belt for safe, shock-absorbing walks and runs. Perfect for active pet owners!\",\"breadcrumb\":{\"@id\":\"https:\/\/qqpets.com\/product\/hands-free-no-pull-dog-leash\/#breadcrumb\"},\"inLanguage\":\"lv-LV\",\"potentialAction\":[{\"@type\":\"ReadAction\",\"target\":[\"https:\/\/qqpets.com\/product\/hands-free-no-pull-dog-leash\/\"]}]},{\"@type\":\"ImageObject\",\"inLanguage\":\"lv-LV\",\"@id\":\"https:\/\/qqpets.com\/product\/hands-free-no-pull-dog-leash\/#primaryimage\",\"url\":\"https:\/\/qqpets.com\/wp-content\/uploads\/2024\/03\/1.webp\",\"contentUrl\":\"https:\/\/qqpets.com\/wp-content\/uploads\/2024\/03\/1.webp\",\"width\":1000,\"height\":1000,\"caption\":\"car sear belt bungee dog leash\"},{\"@type\":\"BreadcrumbList\",\"@id\":\"https:\/\/qqpets.com\/product\/hands-free-no-pull-dog-leash\/#breadcrumb\",\"itemListElement\":[{\"@type\":\"ListItem\",\"position\":1,\"name\":\"Home\",\"item\":\"https:\/\/qqpets.com\/\"},{\"@type\":\"ListItem\",\"position\":2,\"name\":\"Products\",\"item\":\"https:\/\/qqpets.com\/pet-products-manufacturer\/\"},{\"@type\":\"ListItem\",\"position\":3,\"name\":\"Hands Free No Pull Dog Leash\"}]},{\"@type\":\"WebSite\",\"@id\":\"https:\/\/qqpets.com\/#website\",\"url\":\"https:\/\/qqpets.com\/\",\"name\":\"QQPETS\",\"description\":\"QQPETS is a pet products factory for dog harnesses, dog collars, dog leashes and dog accessories with professional customized service since 2005.\",\"publisher\":{\"@id\":\"https:\/\/qqpets.com\/#organization\"},\"potentialAction\":[{\"@type\":\"SearchAction\",\"target\":{\"@type\":\"EntryPoint\",\"urlTemplate\":\"https:\/\/qqpets.com\/?s={search_term_string}\"},\"query-input\":{\"@type\":\"PropertyValueSpecification\",\"valueRequired\":true,\"valueName\":\"search_term_string\"}}],\"inLanguage\":\"lv-LV\"},{\"@type\":\"Organization\",\"@id\":\"https:\/\/qqpets.com\/#organization\",\"name\":\"QQPETS\",\"url\":\"https:\/\/qqpets.com\/\",\"logo\":{\"@type\":\"ImageObject\",\"inLanguage\":\"lv-LV\",\"@id\":\"https:\/\/qqpets.com\/#\/schema\/logo\/image\/\",\"url\":\"https:\/\/qqpets.com\/wp-content\/uploads\/2023\/09\/cropped-cropped-qqpets-tiktok.jpg\",\"contentUrl\":\"https:\/\/qqpets.com\/wp-content\/uploads\/2023\/09\/cropped-cropped-qqpets-tiktok.jpg\",\"width\":511,\"height\":511,\"caption\":\"QQPETS\"},\"image\":{\"@id\":\"https:\/\/qqpets.com\/#\/schema\/logo\/image\/\"},\"sameAs\":[\"https:\/\/www.facebook.com\/QQpetsdogcollars\",\"https:\/\/www.instagram.com\/qqpetscollar\/\",\"https:\/\/www.pinterest.com\/qqpetsdogcollarsfactory\/\"]}]}<\/script>\n<!-- \/ Yoast SEO plugin. -->","yoast_head_json":{"title":"Su\u0146u pavadas bez vilk\u0161anas | QQPETS","description":"Ieg\u0101d\u0101jieties m\u016bsu br\u012bvroku su\u0146u pavadas ar automa\u0161\u012bnas dro\u0161\u012bbas jostu dro\u0161\u0101m, triecieniztur\u012bg\u0101m pastaig\u0101m un skrie\u0161anai. Ide\u0101li piem\u0113rots akt\u012bviem m\u0101jdz\u012bvnieku \u012bpa\u0161niekiem!","robots":{"index":"index","follow":"follow","max-snippet":"max-snippet:-1","max-image-preview":"max-image-preview:large","max-video-preview":"max-video-preview:-1"},"canonical":"https:\/\/qqpets.com\/lv\/products\/hands-free-no-pull-dog-leash\/","og_locale":"lv_LV","og_type":"article","og_title":"Hands Free No Pull Dog Leash | QQPETS","og_description":"Shop our Hands Free Dog Leash with Car Seat Belt for safe, shock-absorbing walks and runs. Perfect for active pet owners!","og_url":"https:\/\/qqpets.com\/lv\/products\/hands-free-no-pull-dog-leash\/","og_site_name":"QQPETS","article_publisher":"https:\/\/www.facebook.com\/QQpetsdogcollars","article_modified_time":"2024-11-11T07:15:16+00:00","og_image":[{"width":1000,"height":1000,"url":"https:\/\/qqpets.com\/wp-content\/uploads\/2024\/03\/1.webp","type":"image\/webp"}],"twitter_card":"summary_large_image","twitter_misc":{"Est. reading time":"3 min\u016btes"},"schema":{"@context":"https:\/\/schema.org","@graph":[{"@type":"WebPage","@id":"https:\/\/qqpets.com\/product\/hands-free-no-pull-dog-leash\/","url":"https:\/\/qqpets.com\/product\/hands-free-no-pull-dog-leash\/","name":"Su\u0146u pavadas bez vilk\u0161anas | QQPETS","isPartOf":{"@id":"https:\/\/qqpets.com\/#website"},"primaryImageOfPage":{"@id":"https:\/\/qqpets.com\/product\/hands-free-no-pull-dog-leash\/#primaryimage"},"image":{"@id":"https:\/\/qqpets.com\/product\/hands-free-no-pull-dog-leash\/#primaryimage"},"thumbnailUrl":"https:\/\/qqpets.com\/wp-content\/uploads\/2024\/03\/1.webp","datePublished":"2024-03-14T02:00:15+00:00","dateModified":"2024-11-11T07:15:16+00:00","description":"Ieg\u0101d\u0101jieties m\u016bsu br\u012bvroku su\u0146u pavadas ar automa\u0161\u012bnas dro\u0161\u012bbas jostu dro\u0161\u0101m, triecieniztur\u012bg\u0101m pastaig\u0101m un skrie\u0161anai. Ide\u0101li piem\u0113rots akt\u012bviem m\u0101jdz\u012bvnieku \u012bpa\u0161niekiem!","breadcrumb":{"@id":"https:\/\/qqpets.com\/product\/hands-free-no-pull-dog-leash\/#breadcrumb"},"inLanguage":"lv-LV","potentialAction":[{"@type":"ReadAction","target":["https:\/\/qqpets.com\/product\/hands-free-no-pull-dog-leash\/"]}]},{"@type":"ImageObject","inLanguage":"lv-LV","@id":"https:\/\/qqpets.com\/product\/hands-free-no-pull-dog-leash\/#primaryimage","url":"https:\/\/qqpets.com\/wp-content\/uploads\/2024\/03\/1.webp","contentUrl":"https:\/\/qqpets.com\/wp-content\/uploads\/2024\/03\/1.webp","width":1000,"height":1000,"caption":"car sear belt bungee dog leash"},{"@type":"BreadcrumbList","@id":"https:\/\/qqpets.com\/product\/hands-free-no-pull-dog-leash\/#breadcrumb","itemListElement":[{"@type":"ListItem","position":1,"name":"Home","item":"https:\/\/qqpets.com\/"},{"@type":"ListItem","position":2,"name":"Products","item":"https:\/\/qqpets.com\/pet-products-manufacturer\/"},{"@type":"ListItem","position":3,"name":"Hands Free No Pull Dog Leash"}]},{"@type":"WebSite","@id":"https:\/\/qqpets.com\/#website","url":"https:\/\/qqpets.com\/","name":"QQPETS","description":"QQPETS ir lolojumdz\u012bvnieku produktu r\u016bpn\u012bca su\u0146u siksn\u0101m, su\u0146u apkakles, su\u0146u pavadas un su\u0146u aksesu\u0101ri ar profesion\u0101lu piel\u0101gotu pakalpojumu kop\u0161 2005. gada.","publisher":{"@id":"https:\/\/qqpets.com\/#organization"},"potentialAction":[{"@type":"SearchAction","target":{"@type":"EntryPoint","urlTemplate":"https:\/\/qqpets.com\/?s={search_term_string}"},"query-input":{"@type":"PropertyValueSpecification","valueRequired":true,"valueName":"search_term_string"}}],"inLanguage":"lv-LV"},{"@type":"Organization","@id":"https:\/\/qqpets.com\/#organization","name":"QQPETS","url":"https:\/\/qqpets.com\/","logo":{"@type":"ImageObject","inLanguage":"lv-LV","@id":"https:\/\/qqpets.com\/#\/schema\/logo\/image\/","url":"https:\/\/qqpets.com\/wp-content\/uploads\/2023\/09\/cropped-cropped-qqpets-tiktok.jpg","contentUrl":"https:\/\/qqpets.com\/wp-content\/uploads\/2023\/09\/cropped-cropped-qqpets-tiktok.jpg","width":511,"height":511,"caption":"QQPETS"},"image":{"@id":"https:\/\/qqpets.com\/#\/schema\/logo\/image\/"},"sameAs":["https:\/\/www.facebook.com\/QQpetsdogcollars","https:\/\/www.instagram.com\/qqpetscollar\/","https:\/\/www.pinterest.com\/qqpetsdogcollarsfactory\/"]}]}},"_links":{"self":[{"href":"https:\/\/qqpets.com\/lv\/wp-json\/wp\/v2\/product\/4950","targetHints":{"allow":["GET"]}}],"collection":[{"href":"https:\/\/qqpets.com\/lv\/wp-json\/wp\/v2\/product"}],"about":[{"href":"https:\/\/qqpets.com\/lv\/wp-json\/wp\/v2\/types\/product"}],"wp:featuredmedia":[{"embeddable":true,"href":"https:\/\/qqpets.com\/lv\/wp-json\/wp\/v2\/media\/4951"}],"wp:attachment":[{"href":"https:\/\/qqpets.com\/lv\/wp-json\/wp\/v2\/media?parent=4950"}],"wp:term":[{"taxonomy":"product_brand","embeddable":true,"href":"https:\/\/qqpets.com\/lv\/wp-json\/wp\/v2\/product_brand?post=4950"},{"taxonomy":"product_cat","embeddable":true,"href":"https:\/\/qqpets.com\/lv\/wp-json\/wp\/v2\/product_cat?post=4950"},{"taxonomy":"product_tag","embeddable":true,"href":"https:\/\/qqpets.com\/lv\/wp-json\/wp\/v2\/product_tag?post=4950"}],"curies":[{"name":"wp","href":"https:\/\/api.w.org\/{rel}","templated":true}]}}