{"id":7587,"date":"2024-08-30T13:58:07","date_gmt":"2024-08-30T05:58:07","guid":{"rendered":"https:\/\/qqpets.com\/?post_type=product&#038;p=7587"},"modified":"2024-12-12T16:27:14","modified_gmt":"2024-12-12T08:27:14","slug":"h-shaped-dog-harness","status":"publish","type":"product","link":"https:\/\/qqpets.com\/lv\/products\/h-shaped-dog-harness\/","title":{"rendered":"H formas su\u0146u siksnas"},"content":{"rendered":"<p>Iepaz\u012bstin\u0101m ar m\u016bsu r\u016bp\u012bgi izstr\u0101d\u0101taj\u0101m H formas su\u0146u siksn\u0101m, kas izstr\u0101d\u0101tas, dom\u0101jot gan par m\u0101jdz\u012bvnieka komfortu, gan saimnieka \u0113rt\u012bb\u0101m. \u0160ai inovat\u012bvajai siksnai ir unik\u0101la H-veida strukt\u016bra, kas vienm\u0113r\u012bgi sadala spiedienu pa kr\u016bt\u012bm un pleciem, nov\u0113r\u0161ot jebk\u0101du spriedzi j\u016bsu su\u0146a kakl\u0101. Ar piln\u012bb\u0101 regul\u0113jam\u0101m kakla un kr\u016b\u0161kurvja siksn\u0101m t\u0101 nodro\u0161ina stingru un dro\u0161u piegul\u0113\u0161anu visu izm\u0113ru \u0161\u0137irn\u0113m.<\/p>\n<p>Stropi ir izgatavoti no augstas kvalit\u0101tes, videi draudz\u012bgiem materi\u0101liem, kas ir gan m\u012bksti piesk\u0101rienam, gan neticami iztur\u012bgi. Elpojo\u0161ais audums nodro\u0161ina, ka j\u016bsu suns paliek v\u0113ss un \u0113rts pat ilgsto\u0161as lieto\u0161anas laik\u0101 vai silt\u0101k\u0101 klimat\u0101. Atstarojo\u0161\u0101s \u0161uves uzlabo redzam\u012bbu nakts pastaigu laik\u0101, nodro\u0161inot papildu dro\u0161\u012bbu.<\/p>\n<p>M\u016bsu H formas siksna, kas ir ide\u0101li piem\u0113rota apm\u0101c\u012bb\u0101m, ikdienas pastaig\u0101m un \u0101ra piedz\u012bvojumiem, nodro\u0161ina lab\u0101ku kontroli, nemazinot j\u016bsu m\u012blu\u013ca komfortu. Viegli uzvelkams un viegli no\u0146emams dizains padara to lietot\u0101jam draudz\u012bgu, iev\u0113rojami samazinot gr\u016bt\u012bbas, kas saist\u012btas ar j\u016bsu su\u0146a ekip\u0101\u017e\u0101\u0161anos izbraucieniem. Katra siksna ir apr\u012bkota ar iztur\u012bgu D veida gredzenu pavadas stiprin\u0101\u0161anai, kas vienm\u0113r nodro\u0161ina dro\u0161u savienojumu.<\/p>\n<p>M\u016bsu siksnas, kas pieejamas da\u017e\u0101d\u0101s ko\u0161\u0101s kr\u0101s\u0101s un rakstos, ne tikai nodro\u0161ina j\u016bsu su\u0146a komfortu un dro\u0161\u012bbu, bet ar\u012b pie\u0161\u0137ir stilu vi\u0146a ikdienas gait\u0101m. Neatkar\u012bgi no t\u0101, vai j\u016bs vienk\u0101r\u0161i pastaig\u0101jaties pa kvart\u0101lu vai dodaties ned\u0113\u013cas nogales piedz\u012bvojum\u0101, m\u016bsu H formas su\u0146u siksnas ir ide\u0101la izv\u0113le apzin\u012bgiem m\u0101jdz\u012bvnieku \u012bpa\u0161niekiem, kas nov\u0113rt\u0113 kvalit\u0101ti un stilu.<\/p>\n<p><strong>Vai H veida siksnas ir piem\u0113rotas su\u0146iem?<\/strong><\/p>\n<p>J\u0101, H veida siksnas var b\u016bt noder\u012bgas su\u0146iem, jo t\u0101s vienm\u0113r\u012bg\u0101k sadala spiedienu uz kr\u016bt\u012bm un muguru, t\u0101d\u0113j\u0101di samazinot spriedzi kakl\u0101. T\u0101 ir piem\u0113rota maigiem pastaigas laik\u0101 un var b\u016bt diezgan \u0113rta.<\/p>\n<p><strong>K\u0101 sunim uzvilkt H veida siksnu?<\/strong><\/p>\n<ul>\n<li>Lai uzvilktu H veida siksnu sunim, likt sunim ieiet siksnas cilp\u0101s, katr\u0101 cilp\u0101 ielikt vienu \u0137epu, apvilkt siksnu ap su\u0146a kr\u016bt\u012bm un muguru, un tad saspr\u0101dz\u0113t siksnu su\u0146a muguras aug\u0161pus\u0113. Noregul\u0113jiet siksnas, lai t\u0101s labi piegu\u013c.<\/li>\n<\/ul>\n<p><strong>Vai H vai Y siksnas ir lab\u0101kas?<\/strong><\/p>\n<ul>\n<li>Tas, vai H vai Y veida siksna ir piem\u0113rot\u0101ka, ir atkar\u012bgs no su\u0146a lieluma, \u0161\u0137irnes un uzved\u012bbas. Y veida siksnas var nodro\u0161in\u0101t lab\u0101ku kontroli, un t\u0101s bie\u017ei vien ir ieteicamas akt\u012bviem su\u0146iem vai su\u0146iem, kas velk, jo t\u0101s nodro\u0161ina liel\u0101ku atbalstu ap pleciem un maz\u0101k ierobe\u017eo kust\u012bbas.<\/li>\n<\/ul>\n<p><strong>Vai veterin\u0101r\u0101rsti iesaka siksnas?<\/strong><\/p>\n<ul>\n<li>J\u0101, daudzi veterin\u0101r\u0101rsti iesaka lietot siksnas, jo \u012bpa\u0161i su\u0146iem, kuriem ir nosliece uz elpo\u0161anas probl\u0113m\u0101m vai kuriem ir tendence vilkt, jo siksnas samazina spriedzi kakl\u0101 un uzlabo visp\u0101r\u0113jo dro\u0161\u012bbu un komfortu.<\/li>\n<\/ul>\n<p><strong>Vai su\u0146a siksna ir lab\u0101ka par pavadi\u0146u?<\/strong><\/p>\n<ul>\n<li>Su\u0146a siksna, kas savienota ar pavadi\u0146u, nodro\u0161ina lab\u0101ku kontroli un dro\u0161\u012bbu nek\u0101 pavadi\u0146a, kas piestiprin\u0101ta pie apkakles. Siksnas vienm\u0113r\u012bg\u0101k sadala spiedienu un samazina traumu risku, t\u0101p\u0113c t\u0101s ir lab\u0101ka izv\u0113le liel\u0101kajai da\u013cai su\u0146u, jo \u012bpa\u0161i tiem, kuri velk vai kuriem ir t\u0101das medic\u012bniskas probl\u0113mas k\u0101 trahejas sabrukums.<\/li>\n<\/ul>","protected":false},"excerpt":{"rendered":"<p>Moderniz\u0113jiet m\u016bsu H formas su\u0146u siksnu, lai nodro\u0161in\u0101tu nep\u0101rsp\u0113jamu komfortu un kontroli. Regul\u0113jama, iztur\u012bga un paredz\u0113ta ikdienas lieto\u0161anai, t\u0101 nodro\u0161ina perfektu piegul\u0113\u0161anu un dro\u0161us piedz\u012bvojumus j\u016bsu m\u012blulim. Pieejami da\u017e\u0101di izm\u0113ri un kr\u0101sas.<\/p>","protected":false},"featured_media":9677,"template":"","meta":[],"product_brand":[],"product_cat":[23],"product_tag":[],"class_list":{"0":"post-7587","1":"product","2":"type-product","3":"status-publish","4":"has-post-thumbnail","6":"product_cat-dog-harness","7":"pa_brand-qqpets","9":"first","10":"instock","11":"shipping-taxable","12":"product-type-simple"},"yoast_head":"<!-- This site is optimized with the Yoast SEO plugin v26.6 - https:\/\/yoast.com\/wordpress\/plugins\/seo\/ -->\n<title>H Shaped Dog Harness | QQPETS<\/title>\n<meta name=\"description\" content=\"Discover the comfort and control of our H-shaped dog harnesses. Perfect fit for any breed. Shop now for premium quality\" \/>\n<meta name=\"robots\" content=\"index, follow, max-snippet:-1, max-image-preview:large, max-video-preview:-1\" \/>\n<link rel=\"canonical\" href=\"https:\/\/qqpets.com\/lv\/products\/h-shaped-dog-harness\/\" \/>\n<meta property=\"og:locale\" content=\"lv_LV\" \/>\n<meta property=\"og:type\" content=\"article\" \/>\n<meta property=\"og:title\" content=\"H Shaped Dog Harness | QQPETS\" \/>\n<meta property=\"og:description\" content=\"Discover the comfort and control of our H-shaped dog harnesses. Perfect fit for any breed. Shop now for premium quality\" \/>\n<meta property=\"og:url\" content=\"https:\/\/qqpets.com\/lv\/products\/h-shaped-dog-harness\/\" \/>\n<meta property=\"og:site_name\" content=\"QQPETS\" \/>\n<meta property=\"article:publisher\" content=\"https:\/\/www.facebook.com\/QQpetsdogcollars\" \/>\n<meta property=\"article:modified_time\" content=\"2024-12-12T08:27:14+00:00\" \/>\n<meta property=\"og:image\" content=\"https:\/\/qqpets.com\/wp-content\/uploads\/2024\/08\/H-shape-dog-harness.jpg\" \/>\n\t<meta property=\"og:image:width\" content=\"800\" \/>\n\t<meta property=\"og:image:height\" content=\"800\" \/>\n\t<meta property=\"og:image:type\" content=\"image\/jpeg\" \/>\n<meta name=\"twitter:card\" content=\"summary_large_image\" \/>\n<meta name=\"twitter:label1\" content=\"Est. reading time\" \/>\n\t<meta name=\"twitter:data1\" content=\"3 min\u016btes\" \/>\n<script type=\"application\/ld+json\" class=\"yoast-schema-graph\">{\"@context\":\"https:\/\/schema.org\",\"@graph\":[{\"@type\":\"WebPage\",\"@id\":\"https:\/\/qqpets.com\/product\/h-shaped-dog-harness\/\",\"url\":\"https:\/\/qqpets.com\/product\/h-shaped-dog-harness\/\",\"name\":\"H Shaped Dog Harness | QQPETS\",\"isPartOf\":{\"@id\":\"https:\/\/qqpets.com\/#website\"},\"primaryImageOfPage\":{\"@id\":\"https:\/\/qqpets.com\/product\/h-shaped-dog-harness\/#primaryimage\"},\"image\":{\"@id\":\"https:\/\/qqpets.com\/product\/h-shaped-dog-harness\/#primaryimage\"},\"thumbnailUrl\":\"https:\/\/qqpets.com\/wp-content\/uploads\/2024\/08\/H-shape-dog-harness.jpg\",\"datePublished\":\"2024-08-30T05:58:07+00:00\",\"dateModified\":\"2024-12-12T08:27:14+00:00\",\"description\":\"Discover the comfort and control of our H-shaped dog harnesses. Perfect fit for any breed. Shop now for premium quality\",\"breadcrumb\":{\"@id\":\"https:\/\/qqpets.com\/product\/h-shaped-dog-harness\/#breadcrumb\"},\"inLanguage\":\"lv-LV\",\"potentialAction\":[{\"@type\":\"ReadAction\",\"target\":[\"https:\/\/qqpets.com\/product\/h-shaped-dog-harness\/\"]}]},{\"@type\":\"ImageObject\",\"inLanguage\":\"lv-LV\",\"@id\":\"https:\/\/qqpets.com\/product\/h-shaped-dog-harness\/#primaryimage\",\"url\":\"https:\/\/qqpets.com\/wp-content\/uploads\/2024\/08\/H-shape-dog-harness.jpg\",\"contentUrl\":\"https:\/\/qqpets.com\/wp-content\/uploads\/2024\/08\/H-shape-dog-harness.jpg\",\"width\":1000,\"height\":1000},{\"@type\":\"BreadcrumbList\",\"@id\":\"https:\/\/qqpets.com\/product\/h-shaped-dog-harness\/#breadcrumb\",\"itemListElement\":[{\"@type\":\"ListItem\",\"position\":1,\"name\":\"Home\",\"item\":\"https:\/\/qqpets.com\/\"},{\"@type\":\"ListItem\",\"position\":2,\"name\":\"Products\",\"item\":\"https:\/\/qqpets.com\/pet-products-manufacturer\/\"},{\"@type\":\"ListItem\",\"position\":3,\"name\":\"H Shaped Dog Harness\"}]},{\"@type\":\"WebSite\",\"@id\":\"https:\/\/qqpets.com\/#website\",\"url\":\"https:\/\/qqpets.com\/\",\"name\":\"QQPETS\",\"description\":\"QQPETS is a pet products factory for dog harnesses, dog collars, dog leashes and dog accessories with professional customized service since 2005.\",\"publisher\":{\"@id\":\"https:\/\/qqpets.com\/#organization\"},\"potentialAction\":[{\"@type\":\"SearchAction\",\"target\":{\"@type\":\"EntryPoint\",\"urlTemplate\":\"https:\/\/qqpets.com\/?s={search_term_string}\"},\"query-input\":{\"@type\":\"PropertyValueSpecification\",\"valueRequired\":true,\"valueName\":\"search_term_string\"}}],\"inLanguage\":\"lv-LV\"},{\"@type\":\"Organization\",\"@id\":\"https:\/\/qqpets.com\/#organization\",\"name\":\"QQPETS\",\"url\":\"https:\/\/qqpets.com\/\",\"logo\":{\"@type\":\"ImageObject\",\"inLanguage\":\"lv-LV\",\"@id\":\"https:\/\/qqpets.com\/#\/schema\/logo\/image\/\",\"url\":\"https:\/\/qqpets.com\/wp-content\/uploads\/2023\/09\/cropped-cropped-qqpets-tiktok.jpg\",\"contentUrl\":\"https:\/\/qqpets.com\/wp-content\/uploads\/2023\/09\/cropped-cropped-qqpets-tiktok.jpg\",\"width\":511,\"height\":511,\"caption\":\"QQPETS\"},\"image\":{\"@id\":\"https:\/\/qqpets.com\/#\/schema\/logo\/image\/\"},\"sameAs\":[\"https:\/\/www.facebook.com\/QQpetsdogcollars\",\"https:\/\/www.instagram.com\/qqpetscollar\/\",\"https:\/\/www.pinterest.com\/qqpetsdogcollarsfactory\/\"]}]}<\/script>\n<!-- \/ Yoast SEO plugin. -->","yoast_head_json":{"title":"H formas su\u0146u siksnas | QQPETS","description":"Atkl\u0101jiet m\u016bsu H formas su\u0146u siksnu komfortu un kontroli. Ide\u0101li piem\u0113rotas jebkurai \u0161\u0137irnei. Iep\u0113rcies tagad, lai ieg\u0101d\u0101tos augst\u0101k\u0101s kvalit\u0101tes","robots":{"index":"index","follow":"follow","max-snippet":"max-snippet:-1","max-image-preview":"max-image-preview:large","max-video-preview":"max-video-preview:-1"},"canonical":"https:\/\/qqpets.com\/lv\/products\/h-shaped-dog-harness\/","og_locale":"lv_LV","og_type":"article","og_title":"H Shaped Dog Harness | QQPETS","og_description":"Discover the comfort and control of our H-shaped dog harnesses. Perfect fit for any breed. Shop now for premium quality","og_url":"https:\/\/qqpets.com\/lv\/products\/h-shaped-dog-harness\/","og_site_name":"QQPETS","article_publisher":"https:\/\/www.facebook.com\/QQpetsdogcollars","article_modified_time":"2024-12-12T08:27:14+00:00","og_image":[{"url":"https:\/\/qqpets.com\/wp-content\/uploads\/2024\/08\/H-shape-dog-harness.jpg","width":800,"height":800,"type":"image\/jpeg"}],"twitter_card":"summary_large_image","twitter_misc":{"Est. reading time":"3 min\u016btes"},"schema":{"@context":"https:\/\/schema.org","@graph":[{"@type":"WebPage","@id":"https:\/\/qqpets.com\/product\/h-shaped-dog-harness\/","url":"https:\/\/qqpets.com\/product\/h-shaped-dog-harness\/","name":"H formas su\u0146u siksnas | QQPETS","isPartOf":{"@id":"https:\/\/qqpets.com\/#website"},"primaryImageOfPage":{"@id":"https:\/\/qqpets.com\/product\/h-shaped-dog-harness\/#primaryimage"},"image":{"@id":"https:\/\/qqpets.com\/product\/h-shaped-dog-harness\/#primaryimage"},"thumbnailUrl":"https:\/\/qqpets.com\/wp-content\/uploads\/2024\/08\/H-shape-dog-harness.jpg","datePublished":"2024-08-30T05:58:07+00:00","dateModified":"2024-12-12T08:27:14+00:00","description":"Atkl\u0101jiet m\u016bsu H formas su\u0146u siksnu komfortu un kontroli. Ide\u0101li piem\u0113rotas jebkurai \u0161\u0137irnei. Iep\u0113rcies tagad, lai ieg\u0101d\u0101tos augst\u0101k\u0101s kvalit\u0101tes","breadcrumb":{"@id":"https:\/\/qqpets.com\/product\/h-shaped-dog-harness\/#breadcrumb"},"inLanguage":"lv-LV","potentialAction":[{"@type":"ReadAction","target":["https:\/\/qqpets.com\/product\/h-shaped-dog-harness\/"]}]},{"@type":"ImageObject","inLanguage":"lv-LV","@id":"https:\/\/qqpets.com\/product\/h-shaped-dog-harness\/#primaryimage","url":"https:\/\/qqpets.com\/wp-content\/uploads\/2024\/08\/H-shape-dog-harness.jpg","contentUrl":"https:\/\/qqpets.com\/wp-content\/uploads\/2024\/08\/H-shape-dog-harness.jpg","width":1000,"height":1000},{"@type":"BreadcrumbList","@id":"https:\/\/qqpets.com\/product\/h-shaped-dog-harness\/#breadcrumb","itemListElement":[{"@type":"ListItem","position":1,"name":"Home","item":"https:\/\/qqpets.com\/"},{"@type":"ListItem","position":2,"name":"Products","item":"https:\/\/qqpets.com\/pet-products-manufacturer\/"},{"@type":"ListItem","position":3,"name":"H Shaped Dog Harness"}]},{"@type":"WebSite","@id":"https:\/\/qqpets.com\/#website","url":"https:\/\/qqpets.com\/","name":"QQPETS","description":"QQPETS ir lolojumdz\u012bvnieku produktu r\u016bpn\u012bca su\u0146u siksn\u0101m, su\u0146u apkakles, su\u0146u pavadas un su\u0146u aksesu\u0101ri ar profesion\u0101lu piel\u0101gotu pakalpojumu kop\u0161 2005. gada.","publisher":{"@id":"https:\/\/qqpets.com\/#organization"},"potentialAction":[{"@type":"SearchAction","target":{"@type":"EntryPoint","urlTemplate":"https:\/\/qqpets.com\/?s={search_term_string}"},"query-input":{"@type":"PropertyValueSpecification","valueRequired":true,"valueName":"search_term_string"}}],"inLanguage":"lv-LV"},{"@type":"Organization","@id":"https:\/\/qqpets.com\/#organization","name":"QQPETS","url":"https:\/\/qqpets.com\/","logo":{"@type":"ImageObject","inLanguage":"lv-LV","@id":"https:\/\/qqpets.com\/#\/schema\/logo\/image\/","url":"https:\/\/qqpets.com\/wp-content\/uploads\/2023\/09\/cropped-cropped-qqpets-tiktok.jpg","contentUrl":"https:\/\/qqpets.com\/wp-content\/uploads\/2023\/09\/cropped-cropped-qqpets-tiktok.jpg","width":511,"height":511,"caption":"QQPETS"},"image":{"@id":"https:\/\/qqpets.com\/#\/schema\/logo\/image\/"},"sameAs":["https:\/\/www.facebook.com\/QQpetsdogcollars","https:\/\/www.instagram.com\/qqpetscollar\/","https:\/\/www.pinterest.com\/qqpetsdogcollarsfactory\/"]}]}},"_links":{"self":[{"href":"https:\/\/qqpets.com\/lv\/wp-json\/wp\/v2\/product\/7587","targetHints":{"allow":["GET"]}}],"collection":[{"href":"https:\/\/qqpets.com\/lv\/wp-json\/wp\/v2\/product"}],"about":[{"href":"https:\/\/qqpets.com\/lv\/wp-json\/wp\/v2\/types\/product"}],"wp:featuredmedia":[{"embeddable":true,"href":"https:\/\/qqpets.com\/lv\/wp-json\/wp\/v2\/media\/9677"}],"wp:attachment":[{"href":"https:\/\/qqpets.com\/lv\/wp-json\/wp\/v2\/media?parent=7587"}],"wp:term":[{"taxonomy":"product_brand","embeddable":true,"href":"https:\/\/qqpets.com\/lv\/wp-json\/wp\/v2\/product_brand?post=7587"},{"taxonomy":"product_cat","embeddable":true,"href":"https:\/\/qqpets.com\/lv\/wp-json\/wp\/v2\/product_cat?post=7587"},{"taxonomy":"product_tag","embeddable":true,"href":"https:\/\/qqpets.com\/lv\/wp-json\/wp\/v2\/product_tag?post=7587"}],"curies":[{"name":"wp","href":"https:\/\/api.w.org\/{rel}","templated":true}]}}