{"id":7618,"date":"2024-08-30T17:15:21","date_gmt":"2024-08-30T09:15:21","guid":{"rendered":"https:\/\/qqpets.com\/?post_type=product&#038;p=7618"},"modified":"2024-08-30T17:26:32","modified_gmt":"2024-08-30T09:26:32","slug":"led-dog-harness","status":"publish","type":"product","link":"https:\/\/qqpets.com\/lv\/products\/led-dog-harness\/","title":{"rendered":"LED su\u0146u siksnas"},"content":{"rendered":"<p>Paaugstiniet savu vakara pastaigu dro\u0161\u012bbu ar m\u016bsu LED su\u0146u apkakli, kas \u012bpa\u0161i izstr\u0101d\u0101ta, lai uzlabotu j\u016bsu m\u012blu\u013ca redzam\u012bbu v\u0101j\u0101 apgaismojum\u0101. \u0160\u012b apkakle ir apr\u012bkota ar augstas intensit\u0101tes gaismas diod\u0113m, kas padara j\u016bsu suni redzamu no iev\u0113rojama att\u0101luma, palielinot dro\u0161\u012bbu j\u016bsu nakts pastaig\u0101s.<\/p>\n<p>Izstr\u0101d\u0101ta no augstas kvalit\u0101tes iztur\u012bgiem materi\u0101liem, apkakle ir ide\u0101li piem\u0113rota sausiem apst\u0101k\u013ciem un regul\u0101rai lieto\u0161anai. Tai ir regul\u0113jams dizains, kas nodro\u0161ina \u0113rtu un komfortablu piegul\u0113\u0161anu jebkura lieluma su\u0146iem. Uzl\u0101d\u0113jamais akumulators nodro\u0161ina vair\u0101ku stundu apgaismojumu un ir viegli uzl\u0101d\u0113jams, izmantojot USB, nodro\u0161inot \u0113rtumu un uzticam\u012bbu.<\/p>\n<p>Varat izv\u0113l\u0113ties vienu no vair\u0101kiem apgaismojuma re\u017e\u012bmiem, tostarp vienm\u0113r\u012bgu, l\u0113nu zibspuldzi un \u0101tru zibspuldzi, t\u0101d\u0113j\u0101di piel\u0101gojot redzam\u012bbu, \u0146emot v\u0113r\u0101 konkr\u0113t\u0101s vides vajadz\u012bbas.<\/p>\n<p>M\u016bsu LED su\u0146u apkakle ir lieliska izv\u0113le tiem, kas v\u0113las nodro\u0161in\u0101t savu m\u0101jdz\u012bvnieku dro\u0161\u012bbu tum\u0161aj\u0101s stund\u0101s, neapdraudot stilu. T\u0101 ir \u012bpa\u0161i piem\u0113rota viet\u0101m, kur nav probl\u0113mu ar mitrumu un \u016bdeni, nodro\u0161inot, ka j\u016bsu m\u012blulis paliek uzman\u012bbas centr\u0101 un ir dro\u0161\u012bb\u0101 j\u016bsu vakara ce\u013cojumos.<\/p>\n<h3><strong>Vai LED apkakles ir dro\u0161as su\u0146iem?<\/strong><\/h3>\n<p>J\u0101, LED apkakles ir dro\u0161as su\u0146iem. T\u0101s ir izstr\u0101d\u0101tas, lai uzlabotu redzam\u012bbu un dro\u0161\u012bbu nakts pastaigu laik\u0101, neradot sunim diskomfortu vai kait\u0113jumu.<\/p>\n<h3><strong>K\u0101 darbojas LED su\u0146u apkakle?<\/strong><\/h3>\n<p>LED su\u0146u apkakle darbojas, iestr\u0101d\u0101jot gaismas diodes (LED) apkakles audum\u0101 vai k\u0101 pievienotu sloksni, ko darbina nelielas baterijas, kas nodro\u0161ina apkakles apgaismojumu tums\u0101.<\/p>\n<h3><strong>Vai LED gaismas pal\u012bdz su\u0146iem?<\/strong><\/h3>\n<p>LED lukturi pal\u012bdz uzlabot su\u0146a redzam\u012bbu autovad\u012bt\u0101jiem, velosip\u0113distiem un citiem cilv\u0113kiem v\u0101j\u0101 apgaismojum\u0101, t\u0101d\u0113j\u0101di uzlabojot dro\u0161\u012bbu, ta\u010du tie nesniedz tie\u0161u labumu, piem\u0113ram, neuzlabo su\u0146a redzi.<\/p>\n<h3><strong>K\u0101 uzl\u0101d\u0113t LED su\u0146u apkakli?<\/strong><\/h3>\n<p>Liel\u0101k\u0101 da\u013ca LED su\u0146u kakla siksni\u0146u tiek uzl\u0101d\u0113tas, izmantojot USB kabeli. Vienk\u0101r\u0161i pievienojiet kabeli apkakles uzl\u0101des piesl\u0113gvietai un otru t\u0101 galu pievienojiet USB l\u0101d\u0113t\u0101jam vai datoram.<\/p>\n<h3><strong>Vai su\u0146u apkakles piesaista zibeni?<\/strong><\/h3>\n<p>N\u0113, su\u0146u kaklasiksnas zibeni nepiesaista. Risks, ka zibens var\u0113tu tr\u0101p\u012bt uz su\u0146a apkakli, ir \u013coti zems un nerada b\u016btiskas ba\u017eas.<\/p>\n<h3><strong>K\u0101das apkakles iesaka veterin\u0101r\u0101rsti?<\/strong><\/h3>\n<p>Veterin\u0101r\u0101rsti parasti iesaka dro\u0161as, \u0113rtas un su\u0146a izm\u0113ram un \u0161\u0137irnei piem\u0113rotas apkakles. Ikdienas lieto\u0161anai bie\u017ei vien tiek ieteiktas nolai\u017eamas apkakles vai regul\u0113jamas plakanas apkakles.<\/p>\n<h3><strong>K\u0101da LED kr\u0101sa ir vislab\u0101k\u0101 su\u0146iem?<\/strong><\/h3>\n<p>LED su\u0146u kakla siksni\u0146as vislab\u0101k ir redzamas spilgt\u0101s kr\u0101s\u0101s, piem\u0113ram, balt\u0101 vai zil\u0101, jo t\u0101s ir lab\u0101k redzamas nakt\u012b, sal\u012bdzinot ar silt\u0101k\u0101m kr\u0101s\u0101m, kas var sapl\u016bst ar pils\u0113tas gaismas pies\u0101r\u0146ojumu.<\/p>","protected":false},"excerpt":{"rendered":"<p>Palieliniet sava su\u0146a redzam\u012bbu vakara pastaigu laik\u0101 ar m\u016bsu LED su\u0146u apkakli. \u0160\u012b apkakle ar spilgt\u0101m, energoefekt\u012bv\u0101m gaismas diod\u0113m nodro\u0161ina j\u016bsu m\u012blu\u013ca redzam\u012bbu v\u0101j\u0101 apgaismojum\u0101. Kakla siksna ir regul\u0113jama, lai t\u0101 perfekti piegu\u013c un ir izgatavota no iztur\u012bgiem materi\u0101liem ikdienas lieto\u0161anai. T\u0101 ietver ilgsto\u0161i uzl\u0101d\u0113jamu akumulatoru un pied\u0101v\u0101 vair\u0101kus gaismas re\u017e\u012bmus, lai uzlabotu redzam\u012bbu. Ide\u0101li piem\u0113rots nakts pastaig\u0101m sausos vakaros.<\/p>","protected":false},"featured_media":7220,"template":"","meta":[],"product_brand":[],"product_cat":[26],"product_tag":[],"class_list":{"0":"post-7618","1":"product","2":"type-product","3":"status-publish","4":"has-post-thumbnail","6":"product_cat-dog-collar","8":"first","9":"instock","10":"shipping-taxable","11":"product-type-simple"},"yoast_head":"<!-- This site is optimized with the Yoast SEO plugin v26.6 - https:\/\/yoast.com\/wordpress\/plugins\/seo\/ -->\n<title>LED Dog Harness | QQPETS<\/title>\n<meta name=\"description\" content=\"Light up your pet&#039;s night with our LED Dog Collar. Bright, stylish, and perfect for evening visibility. Shop now!\" \/>\n<meta name=\"robots\" content=\"index, follow, max-snippet:-1, max-image-preview:large, max-video-preview:-1\" \/>\n<link rel=\"canonical\" href=\"https:\/\/qqpets.com\/lv\/products\/led-dog-harness\/\" \/>\n<meta property=\"og:locale\" content=\"lv_LV\" \/>\n<meta property=\"og:type\" content=\"article\" \/>\n<meta property=\"og:title\" content=\"LED Dog Harness | QQPETS\" \/>\n<meta property=\"og:description\" content=\"Light up your pet&#039;s night with our LED Dog Collar. Bright, stylish, and perfect for evening visibility. Shop now!\" \/>\n<meta property=\"og:url\" content=\"https:\/\/qqpets.com\/lv\/products\/led-dog-harness\/\" \/>\n<meta property=\"og:site_name\" content=\"QQPETS\" \/>\n<meta property=\"article:publisher\" content=\"https:\/\/www.facebook.com\/QQpetsdogcollars\" \/>\n<meta property=\"article:modified_time\" content=\"2024-08-30T09:26:32+00:00\" \/>\n<meta property=\"og:image\" content=\"https:\/\/qqpets.com\/wp-content\/uploads\/2023\/09\/led-dog-collar.webp\" \/>\n\t<meta property=\"og:image:width\" content=\"800\" \/>\n\t<meta property=\"og:image:height\" content=\"800\" \/>\n\t<meta property=\"og:image:type\" content=\"image\/webp\" \/>\n<meta name=\"twitter:card\" content=\"summary_large_image\" \/>\n<meta name=\"twitter:label1\" content=\"Est. reading time\" \/>\n\t<meta name=\"twitter:data1\" content=\"3 min\u016btes\" \/>\n<script type=\"application\/ld+json\" class=\"yoast-schema-graph\">{\"@context\":\"https:\/\/schema.org\",\"@graph\":[{\"@type\":\"WebPage\",\"@id\":\"https:\/\/qqpets.com\/product\/led-dog-harness\/\",\"url\":\"https:\/\/qqpets.com\/product\/led-dog-harness\/\",\"name\":\"LED Dog Harness | QQPETS\",\"isPartOf\":{\"@id\":\"https:\/\/qqpets.com\/#website\"},\"primaryImageOfPage\":{\"@id\":\"https:\/\/qqpets.com\/product\/led-dog-harness\/#primaryimage\"},\"image\":{\"@id\":\"https:\/\/qqpets.com\/product\/led-dog-harness\/#primaryimage\"},\"thumbnailUrl\":\"https:\/\/qqpets.com\/wp-content\/uploads\/2023\/09\/led-dog-collar.webp\",\"datePublished\":\"2024-08-30T09:15:21+00:00\",\"dateModified\":\"2024-08-30T09:26:32+00:00\",\"description\":\"Light up your pet's night with our LED Dog Collar. Bright, stylish, and perfect for evening visibility. Shop now!\",\"breadcrumb\":{\"@id\":\"https:\/\/qqpets.com\/product\/led-dog-harness\/#breadcrumb\"},\"inLanguage\":\"lv-LV\",\"potentialAction\":[{\"@type\":\"ReadAction\",\"target\":[\"https:\/\/qqpets.com\/product\/led-dog-harness\/\"]}]},{\"@type\":\"ImageObject\",\"inLanguage\":\"lv-LV\",\"@id\":\"https:\/\/qqpets.com\/product\/led-dog-harness\/#primaryimage\",\"url\":\"https:\/\/qqpets.com\/wp-content\/uploads\/2023\/09\/led-dog-collar.webp\",\"contentUrl\":\"https:\/\/qqpets.com\/wp-content\/uploads\/2023\/09\/led-dog-collar.webp\",\"width\":800,\"height\":800,\"caption\":\"led dog collar\"},{\"@type\":\"BreadcrumbList\",\"@id\":\"https:\/\/qqpets.com\/product\/led-dog-harness\/#breadcrumb\",\"itemListElement\":[{\"@type\":\"ListItem\",\"position\":1,\"name\":\"Home\",\"item\":\"https:\/\/qqpets.com\/\"},{\"@type\":\"ListItem\",\"position\":2,\"name\":\"Products\",\"item\":\"https:\/\/qqpets.com\/pet-products-manufacturer\/\"},{\"@type\":\"ListItem\",\"position\":3,\"name\":\"LED Dog Harness\"}]},{\"@type\":\"WebSite\",\"@id\":\"https:\/\/qqpets.com\/#website\",\"url\":\"https:\/\/qqpets.com\/\",\"name\":\"QQPETS\",\"description\":\"QQPETS is a pet products factory for dog harnesses, dog collars, dog leashes and dog accessories with professional customized service since 2005.\",\"publisher\":{\"@id\":\"https:\/\/qqpets.com\/#organization\"},\"potentialAction\":[{\"@type\":\"SearchAction\",\"target\":{\"@type\":\"EntryPoint\",\"urlTemplate\":\"https:\/\/qqpets.com\/?s={search_term_string}\"},\"query-input\":{\"@type\":\"PropertyValueSpecification\",\"valueRequired\":true,\"valueName\":\"search_term_string\"}}],\"inLanguage\":\"lv-LV\"},{\"@type\":\"Organization\",\"@id\":\"https:\/\/qqpets.com\/#organization\",\"name\":\"QQPETS\",\"url\":\"https:\/\/qqpets.com\/\",\"logo\":{\"@type\":\"ImageObject\",\"inLanguage\":\"lv-LV\",\"@id\":\"https:\/\/qqpets.com\/#\/schema\/logo\/image\/\",\"url\":\"https:\/\/qqpets.com\/wp-content\/uploads\/2023\/09\/cropped-cropped-qqpets-tiktok.jpg\",\"contentUrl\":\"https:\/\/qqpets.com\/wp-content\/uploads\/2023\/09\/cropped-cropped-qqpets-tiktok.jpg\",\"width\":511,\"height\":511,\"caption\":\"QQPETS\"},\"image\":{\"@id\":\"https:\/\/qqpets.com\/#\/schema\/logo\/image\/\"},\"sameAs\":[\"https:\/\/www.facebook.com\/QQpetsdogcollars\",\"https:\/\/www.instagram.com\/qqpetscollar\/\",\"https:\/\/www.pinterest.com\/qqpetsdogcollarsfactory\/\"]}]}<\/script>\n<!-- \/ Yoast SEO plugin. -->","yoast_head_json":{"title":"LED su\u0146u siksnas | QQPETS","description":"Izgaismojiet sava m\u012blu\u013ca nakti ar m\u016bsu LED su\u0146u apkakli. Spilgta, stil\u012bga un ide\u0101li piem\u0113rota redzam\u012bbai vakar\u0101. Iep\u0113rcies tagad!","robots":{"index":"index","follow":"follow","max-snippet":"max-snippet:-1","max-image-preview":"max-image-preview:large","max-video-preview":"max-video-preview:-1"},"canonical":"https:\/\/qqpets.com\/lv\/products\/led-dog-harness\/","og_locale":"lv_LV","og_type":"article","og_title":"LED Dog Harness | QQPETS","og_description":"Light up your pet's night with our LED Dog Collar. Bright, stylish, and perfect for evening visibility. Shop now!","og_url":"https:\/\/qqpets.com\/lv\/products\/led-dog-harness\/","og_site_name":"QQPETS","article_publisher":"https:\/\/www.facebook.com\/QQpetsdogcollars","article_modified_time":"2024-08-30T09:26:32+00:00","og_image":[{"width":800,"height":800,"url":"https:\/\/qqpets.com\/wp-content\/uploads\/2023\/09\/led-dog-collar.webp","type":"image\/webp"}],"twitter_card":"summary_large_image","twitter_misc":{"Est. reading time":"3 min\u016btes"},"schema":{"@context":"https:\/\/schema.org","@graph":[{"@type":"WebPage","@id":"https:\/\/qqpets.com\/product\/led-dog-harness\/","url":"https:\/\/qqpets.com\/product\/led-dog-harness\/","name":"LED su\u0146u siksnas | QQPETS","isPartOf":{"@id":"https:\/\/qqpets.com\/#website"},"primaryImageOfPage":{"@id":"https:\/\/qqpets.com\/product\/led-dog-harness\/#primaryimage"},"image":{"@id":"https:\/\/qqpets.com\/product\/led-dog-harness\/#primaryimage"},"thumbnailUrl":"https:\/\/qqpets.com\/wp-content\/uploads\/2023\/09\/led-dog-collar.webp","datePublished":"2024-08-30T09:15:21+00:00","dateModified":"2024-08-30T09:26:32+00:00","description":"Izgaismojiet sava m\u012blu\u013ca nakti ar m\u016bsu LED su\u0146u apkakli. Spilgta, stil\u012bga un ide\u0101li piem\u0113rota redzam\u012bbai vakar\u0101. Iep\u0113rcies tagad!","breadcrumb":{"@id":"https:\/\/qqpets.com\/product\/led-dog-harness\/#breadcrumb"},"inLanguage":"lv-LV","potentialAction":[{"@type":"ReadAction","target":["https:\/\/qqpets.com\/product\/led-dog-harness\/"]}]},{"@type":"ImageObject","inLanguage":"lv-LV","@id":"https:\/\/qqpets.com\/product\/led-dog-harness\/#primaryimage","url":"https:\/\/qqpets.com\/wp-content\/uploads\/2023\/09\/led-dog-collar.webp","contentUrl":"https:\/\/qqpets.com\/wp-content\/uploads\/2023\/09\/led-dog-collar.webp","width":800,"height":800,"caption":"led dog collar"},{"@type":"BreadcrumbList","@id":"https:\/\/qqpets.com\/product\/led-dog-harness\/#breadcrumb","itemListElement":[{"@type":"ListItem","position":1,"name":"Home","item":"https:\/\/qqpets.com\/"},{"@type":"ListItem","position":2,"name":"Products","item":"https:\/\/qqpets.com\/pet-products-manufacturer\/"},{"@type":"ListItem","position":3,"name":"LED Dog Harness"}]},{"@type":"WebSite","@id":"https:\/\/qqpets.com\/#website","url":"https:\/\/qqpets.com\/","name":"QQPETS","description":"QQPETS ir lolojumdz\u012bvnieku produktu r\u016bpn\u012bca su\u0146u siksn\u0101m, su\u0146u apkakles, su\u0146u pavadas un su\u0146u aksesu\u0101ri ar profesion\u0101lu piel\u0101gotu pakalpojumu kop\u0161 2005. gada.","publisher":{"@id":"https:\/\/qqpets.com\/#organization"},"potentialAction":[{"@type":"SearchAction","target":{"@type":"EntryPoint","urlTemplate":"https:\/\/qqpets.com\/?s={search_term_string}"},"query-input":{"@type":"PropertyValueSpecification","valueRequired":true,"valueName":"search_term_string"}}],"inLanguage":"lv-LV"},{"@type":"Organization","@id":"https:\/\/qqpets.com\/#organization","name":"QQPETS","url":"https:\/\/qqpets.com\/","logo":{"@type":"ImageObject","inLanguage":"lv-LV","@id":"https:\/\/qqpets.com\/#\/schema\/logo\/image\/","url":"https:\/\/qqpets.com\/wp-content\/uploads\/2023\/09\/cropped-cropped-qqpets-tiktok.jpg","contentUrl":"https:\/\/qqpets.com\/wp-content\/uploads\/2023\/09\/cropped-cropped-qqpets-tiktok.jpg","width":511,"height":511,"caption":"QQPETS"},"image":{"@id":"https:\/\/qqpets.com\/#\/schema\/logo\/image\/"},"sameAs":["https:\/\/www.facebook.com\/QQpetsdogcollars","https:\/\/www.instagram.com\/qqpetscollar\/","https:\/\/www.pinterest.com\/qqpetsdogcollarsfactory\/"]}]}},"_links":{"self":[{"href":"https:\/\/qqpets.com\/lv\/wp-json\/wp\/v2\/product\/7618","targetHints":{"allow":["GET"]}}],"collection":[{"href":"https:\/\/qqpets.com\/lv\/wp-json\/wp\/v2\/product"}],"about":[{"href":"https:\/\/qqpets.com\/lv\/wp-json\/wp\/v2\/types\/product"}],"wp:featuredmedia":[{"embeddable":true,"href":"https:\/\/qqpets.com\/lv\/wp-json\/wp\/v2\/media\/7220"}],"wp:attachment":[{"href":"https:\/\/qqpets.com\/lv\/wp-json\/wp\/v2\/media?parent=7618"}],"wp:term":[{"taxonomy":"product_brand","embeddable":true,"href":"https:\/\/qqpets.com\/lv\/wp-json\/wp\/v2\/product_brand?post=7618"},{"taxonomy":"product_cat","embeddable":true,"href":"https:\/\/qqpets.com\/lv\/wp-json\/wp\/v2\/product_cat?post=7618"},{"taxonomy":"product_tag","embeddable":true,"href":"https:\/\/qqpets.com\/lv\/wp-json\/wp\/v2\/product_tag?post=7618"}],"curies":[{"name":"wp","href":"https:\/\/api.w.org\/{rel}","templated":true}]}}