{"id":7639,"date":"2024-08-30T17:55:25","date_gmt":"2024-08-30T09:55:25","guid":{"rendered":"https:\/\/qqpets.com\/?post_type=product&#038;p=7639"},"modified":"2024-11-11T15:18:38","modified_gmt":"2024-11-11T07:18:38","slug":"no-pull-led-dog-harness","status":"publish","type":"product","link":"https:\/\/qqpets.com\/lv\/products\/no-pull-led-dog-harness\/","title":{"rendered":"No Pull LED su\u0146u siksnas"},"content":{"rendered":"<p>Iepaz\u012bstin\u0101m ar m\u016bsu inovat\u012bvo No Pull Light Up su\u0146u siksnu, kas \u012bpa\u0161i izstr\u0101d\u0101ta j\u016bsu su\u0146a dro\u0161\u012bbai un komfortam nakts izbraucienu laik\u0101. \u0160aj\u0101s siksn\u0101s ir integr\u0113ti jaud\u012bgi LED lukturi un labi redzamas atstarojo\u0161as siksnas, kas nodro\u0161ina, ka j\u016bsu m\u012blulis ir redzams v\u0101j\u0101 apgaismojum\u0101, uzlabojot dro\u0161\u012bbu pastaig\u0101s vai kust\u012bg\u0101s viet\u0101s.<\/p>\n<p>Izstr\u0101d\u0101tas t\u0101, lai nov\u0113rstu vilk\u0161anu, siksnas ir apr\u012bkotas ar bezvilk\u0161anas konstrukciju, kas maigi attur suni no vilk\u0161anas, sadalot spiedienu uz kr\u016bt\u012bm, nevis uz kaklu. Tas ne tikai pal\u012bdz p\u0101rvald\u012bt j\u016bsu m\u012blu\u013ca kust\u012bbas, bet ar\u012b nodro\u0161ina, ka pastaigu laik\u0101 vi\u0146am ir \u0113rti, samazinot stresu gan dz\u012bvniekam, gan saimniekam.<\/p>\n<p>Regul\u0113jam\u0101s siksnas \u013cauj piel\u0101got j\u016bsu su\u0146a augumam un formai, nodro\u0161inot, ka siksna ir cie\u0161i piegu\u013co\u0161a un paliek sav\u0101 viet\u0101, neierobe\u017eojot kust\u012bbas. Ergonomiskais dizains v\u0113l vair\u0101k pal\u012bdz vienm\u0113r\u012bgi sadal\u012bt spiedienu, lai nov\u0113rstu jebk\u0101das traumas, padarot to piem\u0113rotu ikdienas lieto\u0161anai.<\/p>\n<p>M\u016bsu No Pull Light Up su\u0146u siksnas ir izgatavotas no iztur\u012bgiem materi\u0101liem, kas paredz\u0113ti neskait\u0101m\u0101m pastaig\u0101m un piedz\u012bvojumiem. T\u0101 ir viegli lietojama, ar vienk\u0101r\u0161u meh\u0101nismu gaismas iesl\u0113g\u0161anai un izsl\u0113g\u0161anai, un to darbina neliela, viegli nomain\u0101ma baterija.<\/p>\n<p>\u0160\u012b siksna ir ide\u0101li piem\u0113rota m\u0101jdz\u012bvnieku \u012bpa\u0161niekiem, kuri nopietni izturas pret dro\u0161\u012bbu, jo t\u0101 apvieno praktisku funkcionalit\u0101ti un modernas dro\u0161\u012bbas funkcijas, nodro\u0161inot, ka nakts pastaigas ir gan pat\u012bkamas, gan dro\u0161as. Apr\u012bkojiet savu suni ar m\u016bsu No Pull Light Up su\u0146u siksn\u0101m un izbaudiet mieru, zinot, ka suns ir dro\u0161\u012bb\u0101 un redzams neatkar\u012bgi no dienas vai nakts laika.<\/p>\n<p><strong>Vai LED apkakles ir dro\u0161as su\u0146iem?<\/strong><\/p>\n<p>J\u0101, LED apkakles ir dro\u0161as su\u0146iem. T\u0101s ir izstr\u0101d\u0101tas, lai uzlabotu redzam\u012bbu un dro\u0161\u012bbu nakts pastaigu laik\u0101, neradot sunim diskomfortu vai kait\u0113jumu.<\/p>\n<p><strong>K\u0101 darbojas LED su\u0146u apkakle?<\/strong><\/p>\n<p>LED su\u0146u apkakle darbojas, iestr\u0101d\u0101jot gaismas diodes (LED) apkakles audum\u0101 vai k\u0101 pievienotu sloksni, ko darbina nelielas baterijas, kas nodro\u0161ina apkakles apgaismojumu tums\u0101.<\/p>\n<p><strong>Vai LED gaismas pal\u012bdz su\u0146iem?<\/strong><\/p>\n<p>LED lukturi pal\u012bdz uzlabot su\u0146a redzam\u012bbu autovad\u012bt\u0101jiem, velosip\u0113distiem un citiem cilv\u0113kiem v\u0101j\u0101 apgaismojum\u0101, t\u0101d\u0113j\u0101di uzlabojot dro\u0161\u012bbu, ta\u010du tie nesniedz tie\u0161u labumu, piem\u0113ram, neuzlabo su\u0146a redzi.<\/p>\n<p><strong>K\u0101 mazg\u0101t LED su\u0146u apkakli?<\/strong><\/p>\n<p>Lai nomazg\u0101tu LED su\u0146u apkakli, no\u0146emiet visas elektronisk\u0101s deta\u013cas, ja iesp\u0113jams, un maigi nomazg\u0101jiet apkakli ar rok\u0101m, izmantojot maigas ziepes. Neiegremd\u0113jiet \u016bden\u012b nek\u0101das \u016bdensnecaurlaid\u012bgas elektrisk\u0101s da\u013cas.<\/p>\n<p><strong>K\u0101 uzl\u0101d\u0113t LED su\u0146u apkakli?<\/strong><\/p>\n<p>Liel\u0101k\u0101 da\u013ca LED su\u0146u kakla siksni\u0146u tiek uzl\u0101d\u0113tas, izmantojot USB kabeli. Vienk\u0101r\u0161i pievienojiet kabeli apkakles uzl\u0101des piesl\u0113gvietai un otru t\u0101 galu pievienojiet USB l\u0101d\u0113t\u0101jam vai datoram.<\/p>\n<p><strong>Vai su\u0146u apkakles piesaista zibeni?<\/strong><\/p>\n<p>N\u0113, su\u0146u kaklasiksnas zibeni nepiesaista. Risks, ka zibens var\u0113tu tr\u0101p\u012bt uz su\u0146a apkakli, ir \u013coti zems un nerada b\u016btiskas ba\u017eas.<\/p>\n<p><strong>K\u0101das apkakles iesaka veterin\u0101r\u0101rsti?<\/strong><\/p>\n<p>Veterin\u0101r\u0101rsti parasti iesaka dro\u0161as, \u0113rtas un su\u0146a izm\u0113ram un \u0161\u0137irnei piem\u0113rotas apkakles. Ikdienas lieto\u0161anai bie\u017ei vien tiek ieteiktas nolai\u017eamas apkakles vai regul\u0113jamas plakanas apkakles.<\/p>\n<p><strong>K\u0101da LED kr\u0101sa ir vislab\u0101k\u0101 su\u0146iem?<\/strong><\/p>\n<p>LED su\u0146u kakla siksni\u0146as vislab\u0101k ir redzamas spilgt\u0101s kr\u0101s\u0101s, piem\u0113ram, balt\u0101 vai zil\u0101, jo t\u0101s ir lab\u0101k redzamas nakt\u012b, sal\u012bdzinot ar silt\u0101k\u0101m kr\u0101s\u0101m, kas var sapl\u016bst ar pils\u0113tas gaismas pies\u0101r\u0146ojumu.<\/p>","protected":false},"excerpt":{"rendered":"<p>Maksim\u0101li palieliniet sava su\u0146a dro\u0161\u012bbu ar m\u016bsu No Pull Light Up su\u0146u siksn\u0101m, kas apr\u012bkotas ar atstarojo\u0161\u0101m siksn\u0101m un ieb\u016bv\u0113t\u0101m gaism\u0101m, lai uzlabotu redzam\u012bbu. \u0160\u012b siksna pied\u0101v\u0101 konstrukciju bez vilk\u0161anas, lai kontrol\u0113tu su\u0146a vilk\u0161anas uzved\u012bbu, nodro\u0161inot \u0113rtas un bezstresa pastaigas. Regul\u0113jama, lai ide\u0101li piegu\u013c, t\u0101 ir ide\u0101li piem\u0113rota dro\u0161\u012bbai nakts laik\u0101, nodro\u0161inot j\u016bsu m\u012blu\u013ca redzam\u012bbu un dro\u0161\u012bbu. Ergonomisk\u0101 konstrukcija vienm\u0113r\u012bgi sadala spiedienu, aizsarg\u0101jot j\u016bsu su\u0146a kaklu un muguru pastaigu laik\u0101.<\/p>","protected":false},"featured_media":7642,"template":"","meta":[],"product_brand":[],"product_cat":[23,21],"product_tag":[],"class_list":{"0":"post-7639","1":"product","2":"type-product","3":"status-publish","4":"has-post-thumbnail","6":"product_cat-dog-harness","7":"product_cat-led-product","8":"pa_brand-qqpets","10":"first","11":"instock","12":"shipping-taxable","13":"product-type-simple"},"yoast_head":"<!-- This site is optimized with the Yoast SEO plugin v26.6 - https:\/\/yoast.com\/wordpress\/plugins\/seo\/ -->\n<title>No Pull LED Dog Harness | QQPETS<\/title>\n<meta name=\"description\" content=\"Ensure safety with our No Pull Light Up Dog Harness. Reflective, comfortable, and secure. Perfect for night walks!\" \/>\n<meta name=\"robots\" content=\"index, follow, max-snippet:-1, max-image-preview:large, max-video-preview:-1\" \/>\n<link rel=\"canonical\" href=\"https:\/\/qqpets.com\/lv\/products\/no-pull-led-dog-harness\/\" \/>\n<meta property=\"og:locale\" content=\"lv_LV\" \/>\n<meta property=\"og:type\" content=\"article\" \/>\n<meta property=\"og:title\" content=\"No Pull LED Dog Harness | QQPETS\" \/>\n<meta property=\"og:description\" content=\"Ensure safety with our No Pull Light Up Dog Harness. Reflective, comfortable, and secure. Perfect for night walks!\" \/>\n<meta property=\"og:url\" content=\"https:\/\/qqpets.com\/lv\/products\/no-pull-led-dog-harness\/\" \/>\n<meta property=\"og:site_name\" content=\"QQPETS\" \/>\n<meta property=\"article:publisher\" content=\"https:\/\/www.facebook.com\/QQpetsdogcollars\" \/>\n<meta property=\"article:modified_time\" content=\"2024-11-11T07:18:38+00:00\" \/>\n<meta property=\"og:image\" content=\"https:\/\/qqpets.com\/wp-content\/uploads\/2024\/08\/No-Pull-Light-Up-Dog-Harness-With-Reflective-Straps.webp\" \/>\n\t<meta property=\"og:image:width\" content=\"1600\" \/>\n\t<meta property=\"og:image:height\" content=\"1600\" \/>\n\t<meta property=\"og:image:type\" content=\"image\/webp\" \/>\n<meta name=\"twitter:card\" content=\"summary_large_image\" \/>\n<meta name=\"twitter:label1\" content=\"Est. reading time\" \/>\n\t<meta name=\"twitter:data1\" content=\"3 min\u016btes\" \/>\n<script type=\"application\/ld+json\" class=\"yoast-schema-graph\">{\"@context\":\"https:\/\/schema.org\",\"@graph\":[{\"@type\":\"WebPage\",\"@id\":\"https:\/\/qqpets.com\/product\/no-pull-led-dog-harness\/\",\"url\":\"https:\/\/qqpets.com\/product\/no-pull-led-dog-harness\/\",\"name\":\"No Pull LED Dog Harness | QQPETS\",\"isPartOf\":{\"@id\":\"https:\/\/qqpets.com\/#website\"},\"primaryImageOfPage\":{\"@id\":\"https:\/\/qqpets.com\/product\/no-pull-led-dog-harness\/#primaryimage\"},\"image\":{\"@id\":\"https:\/\/qqpets.com\/product\/no-pull-led-dog-harness\/#primaryimage\"},\"thumbnailUrl\":\"https:\/\/qqpets.com\/wp-content\/uploads\/2024\/08\/No-Pull-Light-Up-Dog-Harness-With-Reflective-Straps.webp\",\"datePublished\":\"2024-08-30T09:55:25+00:00\",\"dateModified\":\"2024-11-11T07:18:38+00:00\",\"description\":\"Ensure safety with our No Pull Light Up Dog Harness. Reflective, comfortable, and secure. Perfect for night walks!\",\"breadcrumb\":{\"@id\":\"https:\/\/qqpets.com\/product\/no-pull-led-dog-harness\/#breadcrumb\"},\"inLanguage\":\"lv-LV\",\"potentialAction\":[{\"@type\":\"ReadAction\",\"target\":[\"https:\/\/qqpets.com\/product\/no-pull-led-dog-harness\/\"]}]},{\"@type\":\"ImageObject\",\"inLanguage\":\"lv-LV\",\"@id\":\"https:\/\/qqpets.com\/product\/no-pull-led-dog-harness\/#primaryimage\",\"url\":\"https:\/\/qqpets.com\/wp-content\/uploads\/2024\/08\/No-Pull-Light-Up-Dog-Harness-With-Reflective-Straps.webp\",\"contentUrl\":\"https:\/\/qqpets.com\/wp-content\/uploads\/2024\/08\/No-Pull-Light-Up-Dog-Harness-With-Reflective-Straps.webp\",\"width\":1600,\"height\":1600},{\"@type\":\"BreadcrumbList\",\"@id\":\"https:\/\/qqpets.com\/product\/no-pull-led-dog-harness\/#breadcrumb\",\"itemListElement\":[{\"@type\":\"ListItem\",\"position\":1,\"name\":\"Home\",\"item\":\"https:\/\/qqpets.com\/\"},{\"@type\":\"ListItem\",\"position\":2,\"name\":\"Products\",\"item\":\"https:\/\/qqpets.com\/pet-products-manufacturer\/\"},{\"@type\":\"ListItem\",\"position\":3,\"name\":\"No Pull LED Dog Harness\"}]},{\"@type\":\"WebSite\",\"@id\":\"https:\/\/qqpets.com\/#website\",\"url\":\"https:\/\/qqpets.com\/\",\"name\":\"QQPETS\",\"description\":\"QQPETS is a pet products factory for dog harnesses, dog collars, dog leashes and dog accessories with professional customized service since 2005.\",\"publisher\":{\"@id\":\"https:\/\/qqpets.com\/#organization\"},\"potentialAction\":[{\"@type\":\"SearchAction\",\"target\":{\"@type\":\"EntryPoint\",\"urlTemplate\":\"https:\/\/qqpets.com\/?s={search_term_string}\"},\"query-input\":{\"@type\":\"PropertyValueSpecification\",\"valueRequired\":true,\"valueName\":\"search_term_string\"}}],\"inLanguage\":\"lv-LV\"},{\"@type\":\"Organization\",\"@id\":\"https:\/\/qqpets.com\/#organization\",\"name\":\"QQPETS\",\"url\":\"https:\/\/qqpets.com\/\",\"logo\":{\"@type\":\"ImageObject\",\"inLanguage\":\"lv-LV\",\"@id\":\"https:\/\/qqpets.com\/#\/schema\/logo\/image\/\",\"url\":\"https:\/\/qqpets.com\/wp-content\/uploads\/2023\/09\/cropped-cropped-qqpets-tiktok.jpg\",\"contentUrl\":\"https:\/\/qqpets.com\/wp-content\/uploads\/2023\/09\/cropped-cropped-qqpets-tiktok.jpg\",\"width\":511,\"height\":511,\"caption\":\"QQPETS\"},\"image\":{\"@id\":\"https:\/\/qqpets.com\/#\/schema\/logo\/image\/\"},\"sameAs\":[\"https:\/\/www.facebook.com\/QQpetsdogcollars\",\"https:\/\/www.instagram.com\/qqpetscollar\/\",\"https:\/\/www.pinterest.com\/qqpetsdogcollarsfactory\/\"]}]}<\/script>\n<!-- \/ Yoast SEO plugin. -->","yoast_head_json":{"title":"Bez vilk\u0161anas LED su\u0146u siksnas | QQPETS","description":"Nodro\u0161iniet dro\u0161\u012bbu ar m\u016bsu No Pull Light Up su\u0146u siksn\u0101m. Atstarojo\u0161a, \u0113rta un dro\u0161a. Ide\u0101li piem\u0113rots nakts pastaig\u0101m!","robots":{"index":"index","follow":"follow","max-snippet":"max-snippet:-1","max-image-preview":"max-image-preview:large","max-video-preview":"max-video-preview:-1"},"canonical":"https:\/\/qqpets.com\/lv\/products\/no-pull-led-dog-harness\/","og_locale":"lv_LV","og_type":"article","og_title":"No Pull LED Dog Harness | QQPETS","og_description":"Ensure safety with our No Pull Light Up Dog Harness. Reflective, comfortable, and secure. Perfect for night walks!","og_url":"https:\/\/qqpets.com\/lv\/products\/no-pull-led-dog-harness\/","og_site_name":"QQPETS","article_publisher":"https:\/\/www.facebook.com\/QQpetsdogcollars","article_modified_time":"2024-11-11T07:18:38+00:00","og_image":[{"width":1600,"height":1600,"url":"https:\/\/qqpets.com\/wp-content\/uploads\/2024\/08\/No-Pull-Light-Up-Dog-Harness-With-Reflective-Straps.webp","type":"image\/webp"}],"twitter_card":"summary_large_image","twitter_misc":{"Est. reading time":"3 min\u016btes"},"schema":{"@context":"https:\/\/schema.org","@graph":[{"@type":"WebPage","@id":"https:\/\/qqpets.com\/product\/no-pull-led-dog-harness\/","url":"https:\/\/qqpets.com\/product\/no-pull-led-dog-harness\/","name":"Bez vilk\u0161anas LED su\u0146u siksnas | QQPETS","isPartOf":{"@id":"https:\/\/qqpets.com\/#website"},"primaryImageOfPage":{"@id":"https:\/\/qqpets.com\/product\/no-pull-led-dog-harness\/#primaryimage"},"image":{"@id":"https:\/\/qqpets.com\/product\/no-pull-led-dog-harness\/#primaryimage"},"thumbnailUrl":"https:\/\/qqpets.com\/wp-content\/uploads\/2024\/08\/No-Pull-Light-Up-Dog-Harness-With-Reflective-Straps.webp","datePublished":"2024-08-30T09:55:25+00:00","dateModified":"2024-11-11T07:18:38+00:00","description":"Nodro\u0161iniet dro\u0161\u012bbu ar m\u016bsu No Pull Light Up su\u0146u siksn\u0101m. Atstarojo\u0161a, \u0113rta un dro\u0161a. Ide\u0101li piem\u0113rots nakts pastaig\u0101m!","breadcrumb":{"@id":"https:\/\/qqpets.com\/product\/no-pull-led-dog-harness\/#breadcrumb"},"inLanguage":"lv-LV","potentialAction":[{"@type":"ReadAction","target":["https:\/\/qqpets.com\/product\/no-pull-led-dog-harness\/"]}]},{"@type":"ImageObject","inLanguage":"lv-LV","@id":"https:\/\/qqpets.com\/product\/no-pull-led-dog-harness\/#primaryimage","url":"https:\/\/qqpets.com\/wp-content\/uploads\/2024\/08\/No-Pull-Light-Up-Dog-Harness-With-Reflective-Straps.webp","contentUrl":"https:\/\/qqpets.com\/wp-content\/uploads\/2024\/08\/No-Pull-Light-Up-Dog-Harness-With-Reflective-Straps.webp","width":1600,"height":1600},{"@type":"BreadcrumbList","@id":"https:\/\/qqpets.com\/product\/no-pull-led-dog-harness\/#breadcrumb","itemListElement":[{"@type":"ListItem","position":1,"name":"Home","item":"https:\/\/qqpets.com\/"},{"@type":"ListItem","position":2,"name":"Products","item":"https:\/\/qqpets.com\/pet-products-manufacturer\/"},{"@type":"ListItem","position":3,"name":"No Pull LED Dog Harness"}]},{"@type":"WebSite","@id":"https:\/\/qqpets.com\/#website","url":"https:\/\/qqpets.com\/","name":"QQPETS","description":"QQPETS ir lolojumdz\u012bvnieku produktu r\u016bpn\u012bca su\u0146u siksn\u0101m, su\u0146u apkakles, su\u0146u pavadas un su\u0146u aksesu\u0101ri ar profesion\u0101lu piel\u0101gotu pakalpojumu kop\u0161 2005. gada.","publisher":{"@id":"https:\/\/qqpets.com\/#organization"},"potentialAction":[{"@type":"SearchAction","target":{"@type":"EntryPoint","urlTemplate":"https:\/\/qqpets.com\/?s={search_term_string}"},"query-input":{"@type":"PropertyValueSpecification","valueRequired":true,"valueName":"search_term_string"}}],"inLanguage":"lv-LV"},{"@type":"Organization","@id":"https:\/\/qqpets.com\/#organization","name":"QQPETS","url":"https:\/\/qqpets.com\/","logo":{"@type":"ImageObject","inLanguage":"lv-LV","@id":"https:\/\/qqpets.com\/#\/schema\/logo\/image\/","url":"https:\/\/qqpets.com\/wp-content\/uploads\/2023\/09\/cropped-cropped-qqpets-tiktok.jpg","contentUrl":"https:\/\/qqpets.com\/wp-content\/uploads\/2023\/09\/cropped-cropped-qqpets-tiktok.jpg","width":511,"height":511,"caption":"QQPETS"},"image":{"@id":"https:\/\/qqpets.com\/#\/schema\/logo\/image\/"},"sameAs":["https:\/\/www.facebook.com\/QQpetsdogcollars","https:\/\/www.instagram.com\/qqpetscollar\/","https:\/\/www.pinterest.com\/qqpetsdogcollarsfactory\/"]}]}},"_links":{"self":[{"href":"https:\/\/qqpets.com\/lv\/wp-json\/wp\/v2\/product\/7639","targetHints":{"allow":["GET"]}}],"collection":[{"href":"https:\/\/qqpets.com\/lv\/wp-json\/wp\/v2\/product"}],"about":[{"href":"https:\/\/qqpets.com\/lv\/wp-json\/wp\/v2\/types\/product"}],"wp:featuredmedia":[{"embeddable":true,"href":"https:\/\/qqpets.com\/lv\/wp-json\/wp\/v2\/media\/7642"}],"wp:attachment":[{"href":"https:\/\/qqpets.com\/lv\/wp-json\/wp\/v2\/media?parent=7639"}],"wp:term":[{"taxonomy":"product_brand","embeddable":true,"href":"https:\/\/qqpets.com\/lv\/wp-json\/wp\/v2\/product_brand?post=7639"},{"taxonomy":"product_cat","embeddable":true,"href":"https:\/\/qqpets.com\/lv\/wp-json\/wp\/v2\/product_cat?post=7639"},{"taxonomy":"product_tag","embeddable":true,"href":"https:\/\/qqpets.com\/lv\/wp-json\/wp\/v2\/product_tag?post=7639"}],"curies":[{"name":"wp","href":"https:\/\/api.w.org\/{rel}","templated":true}]}}