{"id":7663,"date":"2024-08-31T14:26:13","date_gmt":"2024-08-31T06:26:13","guid":{"rendered":"https:\/\/qqpets.com\/?post_type=product&#038;p=7663"},"modified":"2024-08-31T14:26:13","modified_gmt":"2024-08-31T06:26:13","slug":"basic-step-in-dog-harness","status":"publish","type":"product","link":"https:\/\/qqpets.com\/lv\/products\/basic-step-in-dog-harness\/","title":{"rendered":"Pamata solis su\u0146u \u010detrk\u0101jainaj\u0101s siksn\u0101s"},"content":{"rendered":"<p>Ieviesiet vienk\u0101r\u0161\u012bbu un komfortu ikdienas pastaig\u0101s ar m\u016bsu Basic Step In su\u0146u siksnu. \u0160\u012b siksna ir izstr\u0101d\u0101ta m\u0101jdz\u012bvnieku \u012bpa\u0161niekiem, kas mekl\u0113 vienk\u0101r\u0161u, neuzkr\u012bto\u0161u risin\u0101jumu su\u0146a br\u012bvdabas piedz\u012bvojumiem. Step-in dizains \u013cauj j\u016bsu m\u012blulim viegli ieiet \u010detrk\u0101jainaj\u0101 siksn\u0101, lai to \u0101tri un dro\u0161i piestiprin\u0101tu, t\u0101d\u0113j\u0101di nov\u0113r\u0161ot gr\u016bt\u012bbas, kas saist\u012btas ar siksn\u0101m, kuras ir p\u0101r galvu.<\/p>\n<p>Dro\u0161\u012bbas josta ir izgatavota no iztur\u012bgiem, viegliem materi\u0101liem, kas nodro\u0161ina \u0113rtu piegu\u013c\u0161anu, neapgr\u016btinot j\u016bsu m\u012bluli. Regul\u0113jam\u0101s siksnas ap vidukli un pleciem var piel\u0101got, lai t\u0101s atbilstu j\u016bsu su\u0146a unik\u0101lajam izm\u0113ram un formai, nodro\u0161inot cie\u0161u piegulumu, kas nov\u0113r\u0161 sl\u012bd\u0113\u0161anu un sasitumus.<\/p>\n<p>Ikdienas lieto\u0161anai ide\u0101li piem\u0113rota Basic Step In su\u0146u siksna ir apr\u012bkota ar sp\u0113c\u012bgu, centr\u0101 novietotu D veida gredzenu, kas nodro\u0161ina vienm\u0113r\u012bgu spiediena sadal\u012bjumu un kontroli, kad siksna ir piestiprin\u0101ta pie pavadas. \u0160\u012b konstrukcija pal\u012bdz nov\u0113rst vilk\u0161anu, novirzot su\u0146a uzman\u012bbu uz jums, t\u0101d\u0113j\u0101di atvieglojot su\u0146a vad\u012b\u0161anu un vad\u012b\u0161anu pastaigu laik\u0101.<\/p>\n<p>M\u016bsu siksnas ir ne tikai praktiskas, bet ar\u012b stil\u012bgas, un t\u0101s ir pieejamas da\u017e\u0101d\u0101s kr\u0101s\u0101s, lai atbilstu j\u016bsu m\u012blu\u013ca person\u012bbai. Neatkar\u012bgi no t\u0101, vai dodaties uz parku, pie veterin\u0101r\u0101rsta vai vienk\u0101r\u0161i apk\u0101rt kvart\u0101lam, \u0161\u012b siksna apvieno funkcionalit\u0101ti un vieglumu, padarot to par lielisku izv\u0113li gan pieredz\u0113ju\u0161iem, gan pirmo reizi pieredz\u0113ju\u0161iem m\u0101jdz\u012bvnieku \u012bpa\u0161niekiem.<\/p>\n<p>Apr\u012bkojiet savu suni ar m\u016bsu Basic Step In su\u0146u siksn\u0101m un izbaudiet daudz mier\u012bg\u0101ku un pat\u012bkam\u0101ku pastaigu pieredzi, zinot, ka j\u016bsu m\u012blulim vienm\u0113r ir \u0113rti, dro\u0161i un dro\u0161\u012bb\u0101.<\/p>\n<p><strong>Kas ir step-in su\u0146u siksnas?<\/strong><\/p>\n<p>Step-in siksnas ir t\u0101da veida siksnas, kas gulstas uz zemes, \u013caujot sunim vienk\u0101r\u0161i iek\u0101pt siksn\u0101 ar priek\u0161\u0113j\u0101m k\u0101j\u0101m. P\u0113c tam \u010detrk\u0101jain\u0101 siksna aiztais\u0101s aizmugur\u0113 vai s\u0101nos.<\/p>\n<p><strong>K\u0101 soli pa solim uzvilkt su\u0146a siksnu?<\/strong><\/p>\n<ul>\n<li style=\"list-style-type: none;\">\n<ul>\n<li>Novietojiet siksnu uz zemes un pal\u016bdziet sunim taj\u0101 ieiet.<\/li>\n<li>Velciet siksnu uz aug\u0161u ap su\u0146a \u0137erme\u0146a s\u0101niem.<\/li>\n<li>Aizspiediet spr\u0101dzi aizmugur\u0113.<\/li>\n<li>Piel\u0101gojiet siksni\u0146as, lai t\u0101s labi piegu\u013c, bet lai zem jebkuras siksni\u0146as var\u0113tu pasl\u012bd\u0113t ar diviem pirkstiem.<\/li>\n<\/ul>\n<\/li>\n<\/ul>\n<p><strong>Vai su\u0146iem visdro\u0161\u0101k\u0101s ir step-in siksnas?<\/strong><\/p>\n<p>Step-in siksnas var b\u016bt \u013coti dro\u0161as, \u012bpa\u0161i maz\u0101ku \u0161\u0137ir\u0146u su\u0146iem vai su\u0146iem ar jut\u012bgu kaklu, jo t\u0101s vienm\u0113r\u012bg\u0101k sadala spiedienu ap kr\u016bt\u012bm un pleciem. Tom\u0113r visdro\u0161\u0101k\u0101s siksnas ir atkar\u012bgas no konkr\u0113t\u0101 su\u0146a izm\u0113ra, \u0161\u0137irnes un uzved\u012bbas.<\/p>\n<p><strong>K\u0101da ir at\u0161\u0137ir\u012bba starp step-in un overhead siksn\u0101m?<\/strong><\/p>\n<p>Uz zemes tiek novietota uzpur\u0146a siksna, kur\u0101 suns var iek\u0101pt, bet uzpur\u0146a siksna tiek uzvilkta virs su\u0146a galvas un p\u0113c tam piestiprin\u0101ta ap kr\u016bt\u012bm. Pak\u0101pienveida siksnas bie\u017ei vien ir viegl\u0101k lietot vij\u012bgiem su\u0146iem vai su\u0146iem, kuriem nepat\u012bk, ja vi\u0146iem kaut kas lien p\u0101ri galvai.<\/p>\n<p><strong>Vai suns dr\u012bkst visu laiku n\u0113s\u0101t siksnu?<\/strong><\/p>\n<p>Sunim nav ieteicams visu laiku n\u0113s\u0101t siksnas. Past\u0101v\u012bga n\u0113s\u0101\u0161ana var izrais\u012bt \u0101das kairin\u0101jumu, ka\u017eok\u0101das mat\u0113jumu un diskomfortu. Vislab\u0101k ir no\u0146emt siksnas, kad suns atrodas telp\u0101s vai nav piesiets pavad\u0101, lai nodro\u0161in\u0101tu su\u0146a \u0113rt\u012bbas un dro\u0161\u012bbu.<\/p>","protected":false},"excerpt":{"rendered":"<p>Atkl\u0101jiet m\u016bsu Basic Step In su\u0146u siksnu vieglumu, kas izstr\u0101d\u0101ta \u0101trai uzlik\u0161anai un pastaig\u0101m bez probl\u0113m\u0101m. \u0160\u012b siksna ir ide\u0101li piem\u0113rota visiem su\u0146iem, un tai ir vienk\u0101r\u0161s ieejo\u0161s dizains, kas \u013cauj \u0101tri un viegli piespr\u0101dz\u0113ties. T\u0101s regul\u0113jam\u0101s siksnas nodro\u0161ina \u0113rtu un komfortablu piegu\u013c\u0161anu, savuk\u0101rt vieglais materi\u0101ls \u013cauj j\u016bsu m\u012blulim pastaigu laik\u0101 justies \u0113rti. \u0160\u012b siksna ir ide\u0101li piem\u0113rota ikdienas lieto\u0161anai un nodro\u0161ina gan dro\u0161\u012bbu, gan komfortu, uzlabojot pastaigu pieredzi bez tradicion\u0101lo siksnu sare\u017e\u0123\u012bt\u012bbas.<\/p>","protected":false},"featured_media":7670,"template":"","meta":[],"product_brand":[],"product_cat":[23],"product_tag":[],"class_list":{"0":"post-7663","1":"product","2":"type-product","3":"status-publish","4":"has-post-thumbnail","6":"product_cat-dog-harness","7":"pa_brand-qqpets","9":"first","10":"instock","11":"shipping-taxable","12":"product-type-simple"},"yoast_head":"<!-- This site is optimized with the Yoast SEO plugin v26.6 - https:\/\/yoast.com\/wordpress\/plugins\/seo\/ -->\n<title>Basic Step In Dog Harness | QQPETS<\/title>\n<meta name=\"description\" content=\"Secure and simplify your walks with our Basic Step In Dog Harness. Easy to use, comfortable fit. Shop now!\" \/>\n<meta name=\"robots\" content=\"index, follow, max-snippet:-1, max-image-preview:large, max-video-preview:-1\" \/>\n<link rel=\"canonical\" href=\"https:\/\/qqpets.com\/lv\/products\/basic-step-in-dog-harness\/\" \/>\n<meta property=\"og:locale\" content=\"lv_LV\" \/>\n<meta property=\"og:type\" content=\"article\" \/>\n<meta property=\"og:title\" content=\"Basic Step In Dog Harness | QQPETS\" \/>\n<meta property=\"og:description\" content=\"Secure and simplify your walks with our Basic Step In Dog Harness. Easy to use, comfortable fit. Shop now!\" \/>\n<meta property=\"og:url\" content=\"https:\/\/qqpets.com\/lv\/products\/basic-step-in-dog-harness\/\" \/>\n<meta property=\"og:site_name\" content=\"QQPETS\" \/>\n<meta property=\"article:publisher\" content=\"https:\/\/www.facebook.com\/QQpetsdogcollars\" \/>\n<meta property=\"og:image\" content=\"https:\/\/qqpets.com\/wp-content\/uploads\/2024\/08\/Basic-Step-In-Dog-Harness.webp\" \/>\n\t<meta property=\"og:image:width\" content=\"1600\" \/>\n\t<meta property=\"og:image:height\" content=\"1600\" \/>\n\t<meta property=\"og:image:type\" content=\"image\/webp\" \/>\n<meta name=\"twitter:card\" content=\"summary_large_image\" \/>\n<meta name=\"twitter:label1\" content=\"Est. reading time\" \/>\n\t<meta name=\"twitter:data1\" content=\"3 min\u016btes\" \/>\n<script type=\"application\/ld+json\" class=\"yoast-schema-graph\">{\"@context\":\"https:\/\/schema.org\",\"@graph\":[{\"@type\":\"WebPage\",\"@id\":\"https:\/\/qqpets.com\/product\/basic-step-in-dog-harness\/\",\"url\":\"https:\/\/qqpets.com\/product\/basic-step-in-dog-harness\/\",\"name\":\"Basic Step In Dog Harness | QQPETS\",\"isPartOf\":{\"@id\":\"https:\/\/qqpets.com\/#website\"},\"primaryImageOfPage\":{\"@id\":\"https:\/\/qqpets.com\/product\/basic-step-in-dog-harness\/#primaryimage\"},\"image\":{\"@id\":\"https:\/\/qqpets.com\/product\/basic-step-in-dog-harness\/#primaryimage\"},\"thumbnailUrl\":\"https:\/\/qqpets.com\/wp-content\/uploads\/2024\/08\/Basic-Step-In-Dog-Harness.webp\",\"datePublished\":\"2024-08-31T06:26:13+00:00\",\"description\":\"Secure and simplify your walks with our Basic Step In Dog Harness. Easy to use, comfortable fit. Shop now!\",\"breadcrumb\":{\"@id\":\"https:\/\/qqpets.com\/product\/basic-step-in-dog-harness\/#breadcrumb\"},\"inLanguage\":\"lv-LV\",\"potentialAction\":[{\"@type\":\"ReadAction\",\"target\":[\"https:\/\/qqpets.com\/product\/basic-step-in-dog-harness\/\"]}]},{\"@type\":\"ImageObject\",\"inLanguage\":\"lv-LV\",\"@id\":\"https:\/\/qqpets.com\/product\/basic-step-in-dog-harness\/#primaryimage\",\"url\":\"https:\/\/qqpets.com\/wp-content\/uploads\/2024\/08\/Basic-Step-In-Dog-Harness.webp\",\"contentUrl\":\"https:\/\/qqpets.com\/wp-content\/uploads\/2024\/08\/Basic-Step-In-Dog-Harness.webp\",\"width\":1600,\"height\":1600},{\"@type\":\"BreadcrumbList\",\"@id\":\"https:\/\/qqpets.com\/product\/basic-step-in-dog-harness\/#breadcrumb\",\"itemListElement\":[{\"@type\":\"ListItem\",\"position\":1,\"name\":\"Home\",\"item\":\"https:\/\/qqpets.com\/\"},{\"@type\":\"ListItem\",\"position\":2,\"name\":\"Products\",\"item\":\"https:\/\/qqpets.com\/pet-products-manufacturer\/\"},{\"@type\":\"ListItem\",\"position\":3,\"name\":\"Basic Step In Dog Harness\"}]},{\"@type\":\"WebSite\",\"@id\":\"https:\/\/qqpets.com\/#website\",\"url\":\"https:\/\/qqpets.com\/\",\"name\":\"QQPETS\",\"description\":\"QQPETS is a pet products factory for dog harnesses, dog collars, dog leashes and dog accessories with professional customized service since 2005.\",\"publisher\":{\"@id\":\"https:\/\/qqpets.com\/#organization\"},\"potentialAction\":[{\"@type\":\"SearchAction\",\"target\":{\"@type\":\"EntryPoint\",\"urlTemplate\":\"https:\/\/qqpets.com\/?s={search_term_string}\"},\"query-input\":{\"@type\":\"PropertyValueSpecification\",\"valueRequired\":true,\"valueName\":\"search_term_string\"}}],\"inLanguage\":\"lv-LV\"},{\"@type\":\"Organization\",\"@id\":\"https:\/\/qqpets.com\/#organization\",\"name\":\"QQPETS\",\"url\":\"https:\/\/qqpets.com\/\",\"logo\":{\"@type\":\"ImageObject\",\"inLanguage\":\"lv-LV\",\"@id\":\"https:\/\/qqpets.com\/#\/schema\/logo\/image\/\",\"url\":\"https:\/\/qqpets.com\/wp-content\/uploads\/2023\/09\/cropped-cropped-qqpets-tiktok.jpg\",\"contentUrl\":\"https:\/\/qqpets.com\/wp-content\/uploads\/2023\/09\/cropped-cropped-qqpets-tiktok.jpg\",\"width\":511,\"height\":511,\"caption\":\"QQPETS\"},\"image\":{\"@id\":\"https:\/\/qqpets.com\/#\/schema\/logo\/image\/\"},\"sameAs\":[\"https:\/\/www.facebook.com\/QQpetsdogcollars\",\"https:\/\/www.instagram.com\/qqpetscollar\/\",\"https:\/\/www.pinterest.com\/qqpetsdogcollarsfactory\/\"]}]}<\/script>\n<!-- \/ Yoast SEO plugin. -->","yoast_head_json":{"title":"Pamata solis su\u0146u siksnas | QQPETS","description":"Nodro\u0161iniet un vienk\u0101r\u0161ojiet pastaigas ar m\u016bsu Basic Step In su\u0146u siksn\u0101m. Viegli lietojams, \u0113rti piegu\u013co\u0161s. Ieg\u0101d\u0101jieties tagad!","robots":{"index":"index","follow":"follow","max-snippet":"max-snippet:-1","max-image-preview":"max-image-preview:large","max-video-preview":"max-video-preview:-1"},"canonical":"https:\/\/qqpets.com\/lv\/products\/basic-step-in-dog-harness\/","og_locale":"lv_LV","og_type":"article","og_title":"Basic Step In Dog Harness | QQPETS","og_description":"Secure and simplify your walks with our Basic Step In Dog Harness. Easy to use, comfortable fit. Shop now!","og_url":"https:\/\/qqpets.com\/lv\/products\/basic-step-in-dog-harness\/","og_site_name":"QQPETS","article_publisher":"https:\/\/www.facebook.com\/QQpetsdogcollars","og_image":[{"width":1600,"height":1600,"url":"https:\/\/qqpets.com\/wp-content\/uploads\/2024\/08\/Basic-Step-In-Dog-Harness.webp","type":"image\/webp"}],"twitter_card":"summary_large_image","twitter_misc":{"Est. reading time":"3 min\u016btes"},"schema":{"@context":"https:\/\/schema.org","@graph":[{"@type":"WebPage","@id":"https:\/\/qqpets.com\/product\/basic-step-in-dog-harness\/","url":"https:\/\/qqpets.com\/product\/basic-step-in-dog-harness\/","name":"Pamata solis su\u0146u siksnas | QQPETS","isPartOf":{"@id":"https:\/\/qqpets.com\/#website"},"primaryImageOfPage":{"@id":"https:\/\/qqpets.com\/product\/basic-step-in-dog-harness\/#primaryimage"},"image":{"@id":"https:\/\/qqpets.com\/product\/basic-step-in-dog-harness\/#primaryimage"},"thumbnailUrl":"https:\/\/qqpets.com\/wp-content\/uploads\/2024\/08\/Basic-Step-In-Dog-Harness.webp","datePublished":"2024-08-31T06:26:13+00:00","description":"Nodro\u0161iniet un vienk\u0101r\u0161ojiet pastaigas ar m\u016bsu Basic Step In su\u0146u siksn\u0101m. Viegli lietojams, \u0113rti piegu\u013co\u0161s. Ieg\u0101d\u0101jieties tagad!","breadcrumb":{"@id":"https:\/\/qqpets.com\/product\/basic-step-in-dog-harness\/#breadcrumb"},"inLanguage":"lv-LV","potentialAction":[{"@type":"ReadAction","target":["https:\/\/qqpets.com\/product\/basic-step-in-dog-harness\/"]}]},{"@type":"ImageObject","inLanguage":"lv-LV","@id":"https:\/\/qqpets.com\/product\/basic-step-in-dog-harness\/#primaryimage","url":"https:\/\/qqpets.com\/wp-content\/uploads\/2024\/08\/Basic-Step-In-Dog-Harness.webp","contentUrl":"https:\/\/qqpets.com\/wp-content\/uploads\/2024\/08\/Basic-Step-In-Dog-Harness.webp","width":1600,"height":1600},{"@type":"BreadcrumbList","@id":"https:\/\/qqpets.com\/product\/basic-step-in-dog-harness\/#breadcrumb","itemListElement":[{"@type":"ListItem","position":1,"name":"Home","item":"https:\/\/qqpets.com\/"},{"@type":"ListItem","position":2,"name":"Products","item":"https:\/\/qqpets.com\/pet-products-manufacturer\/"},{"@type":"ListItem","position":3,"name":"Basic Step In Dog Harness"}]},{"@type":"WebSite","@id":"https:\/\/qqpets.com\/#website","url":"https:\/\/qqpets.com\/","name":"QQPETS","description":"QQPETS ir lolojumdz\u012bvnieku produktu r\u016bpn\u012bca su\u0146u siksn\u0101m, su\u0146u apkakles, su\u0146u pavadas un su\u0146u aksesu\u0101ri ar profesion\u0101lu piel\u0101gotu pakalpojumu kop\u0161 2005. gada.","publisher":{"@id":"https:\/\/qqpets.com\/#organization"},"potentialAction":[{"@type":"SearchAction","target":{"@type":"EntryPoint","urlTemplate":"https:\/\/qqpets.com\/?s={search_term_string}"},"query-input":{"@type":"PropertyValueSpecification","valueRequired":true,"valueName":"search_term_string"}}],"inLanguage":"lv-LV"},{"@type":"Organization","@id":"https:\/\/qqpets.com\/#organization","name":"QQPETS","url":"https:\/\/qqpets.com\/","logo":{"@type":"ImageObject","inLanguage":"lv-LV","@id":"https:\/\/qqpets.com\/#\/schema\/logo\/image\/","url":"https:\/\/qqpets.com\/wp-content\/uploads\/2023\/09\/cropped-cropped-qqpets-tiktok.jpg","contentUrl":"https:\/\/qqpets.com\/wp-content\/uploads\/2023\/09\/cropped-cropped-qqpets-tiktok.jpg","width":511,"height":511,"caption":"QQPETS"},"image":{"@id":"https:\/\/qqpets.com\/#\/schema\/logo\/image\/"},"sameAs":["https:\/\/www.facebook.com\/QQpetsdogcollars","https:\/\/www.instagram.com\/qqpetscollar\/","https:\/\/www.pinterest.com\/qqpetsdogcollarsfactory\/"]}]}},"_links":{"self":[{"href":"https:\/\/qqpets.com\/lv\/wp-json\/wp\/v2\/product\/7663","targetHints":{"allow":["GET"]}}],"collection":[{"href":"https:\/\/qqpets.com\/lv\/wp-json\/wp\/v2\/product"}],"about":[{"href":"https:\/\/qqpets.com\/lv\/wp-json\/wp\/v2\/types\/product"}],"wp:featuredmedia":[{"embeddable":true,"href":"https:\/\/qqpets.com\/lv\/wp-json\/wp\/v2\/media\/7670"}],"wp:attachment":[{"href":"https:\/\/qqpets.com\/lv\/wp-json\/wp\/v2\/media?parent=7663"}],"wp:term":[{"taxonomy":"product_brand","embeddable":true,"href":"https:\/\/qqpets.com\/lv\/wp-json\/wp\/v2\/product_brand?post=7663"},{"taxonomy":"product_cat","embeddable":true,"href":"https:\/\/qqpets.com\/lv\/wp-json\/wp\/v2\/product_cat?post=7663"},{"taxonomy":"product_tag","embeddable":true,"href":"https:\/\/qqpets.com\/lv\/wp-json\/wp\/v2\/product_tag?post=7663"}],"curies":[{"name":"wp","href":"https:\/\/api.w.org\/{rel}","templated":true}]}}