{"id":7672,"date":"2024-08-31T15:01:03","date_gmt":"2024-08-31T07:01:03","guid":{"rendered":"https:\/\/qqpets.com\/?post_type=product&#038;p=7672"},"modified":"2024-12-12T17:21:28","modified_gmt":"2024-12-12T09:21:28","slug":"adjustable-print-basic-dog-collar","status":"publish","type":"product","link":"https:\/\/qqpets.com\/lv\/products\/adjustable-print-basic-dog-collar\/","title":{"rendered":"Regul\u0113jama drukas pamata su\u0146u apkakle"},"content":{"rendered":"<p>Iepaz\u012bstin\u0101m ar m\u016bsu pamata su\u0146u apkakli, kas ir b\u016btisks aksesu\u0101rs ikvienam m\u0101jdz\u012bvnieka \u012bpa\u0161niekam. \u0160\u012b apkakle apvieno funkcionalit\u0101ti un klasisku dizainu, padarot to par ide\u0101lu izv\u0113li ikdienas lieto\u0161anai. Izgatavota no augst\u0101k\u0101s kvalit\u0101tes materi\u0101liem, \u0161\u012b apkakle pied\u0101v\u0101 iztur\u012bbu un komfortu, nodro\u0161inot, ka t\u0101 iztur akt\u012bvo m\u0101jdz\u012bvnieku ikdienas pras\u012bbas.<\/p>\n<p>Regul\u0113jam\u0101 konstrukcija nodro\u0161ina prec\u012bzu piegulumu, piel\u0101gojoties visu izm\u0113ru un \u0161\u0137ir\u0146u su\u0146iem. Iztur\u012bg\u0101 spr\u0101dze nodro\u0161ina dro\u0161u aizdari, t\u0101p\u0113c to ir viegli uzvilkt un no\u0146emt, savuk\u0101rt iztur\u012bg\u0101 D veida gredzens nodro\u0161ina, ka pastaigas laik\u0101 varat dro\u0161i piestiprin\u0101t pavadi\u0146u.<\/p>\n<p>M\u016bsu Basic su\u0146u apkakle ir ne tikai praktiska, bet ar\u012b stil\u012bga. T\u0101 ir pieejama da\u017e\u0101d\u0101s kr\u0101s\u0101s, un j\u016bs varat izv\u0113l\u0113ties to, kas vislab\u0101k atbilst j\u016bsu su\u0146a person\u012bbai vai papildina vi\u0146a ka\u017eoku. Apkakles materi\u0101ls ir viegli t\u012br\u0101ms, saglab\u0101jot savu izskatu un saj\u016btu neatkar\u012bgi no piedz\u012bvojumiem, kuros j\u016bs un j\u016bsu m\u012blulis dodas.<\/p>\n<p>Neatkar\u012bgi no t\u0101, vai j\u016bs tren\u0113jat, pastaig\u0101jat vai vienk\u0101r\u0161i apg\u0101d\u0101jat savu m\u012bluli ar ikdien\u0101 nepiecie\u0161amaj\u0101m liet\u0101m, m\u016bsu Basic su\u0146u apkakle ir piem\u0113rota \u0161im uzdevumam. T\u0101 nodro\u0161ina nep\u0101rsp\u0113jamu dro\u0161\u012bbas, komforta un stila kombin\u0101ciju, padarot to par ide\u0101lu izv\u0113li j\u016bsu p\u016bkainajam draugam.<\/p>\n<h4><strong>K\u0101da ir visizplat\u012bt\u0101k\u0101 su\u0146u apkakle?<\/strong><\/h4>\n<p>Plakan\u0101 apkakle ir visizplat\u012bt\u0101kais su\u0146u apkakles veids. T\u0101 ir vienk\u0101r\u0161a, regul\u0113jama un piem\u0113rota identifik\u0101cijas birku un pavadas piestiprin\u0101\u0161anai.<\/p>\n<h4><strong>K\u0101da veida apkakle ir vislab\u0101k\u0101 sunim?<\/strong><\/h4>\n<p>Lab\u0101k\u0101 apkakle sunim ir atkar\u012bga no su\u0146a un saimnieka \u012bpa\u0161aj\u0101m vajadz\u012bb\u0101m. Parasti \u0113rt\u012bbai un iztur\u012bbai ieteicams izv\u0113l\u0113ties polster\u0113tu, regul\u0113jamu neilona vai \u0101das apkakli.<\/p>\n<h4><strong>Vai sl\u0101p\u0113\u0161anas apkakles ir nelikum\u012bgas?<\/strong><\/h4>\n<p>Liel\u0101kaj\u0101 da\u013c\u0101 valstu \u017e\u0146aug\u0161anas apkakles nav nelikum\u012bgas, ta\u010du to lieto\u0161ana ir \u013coti pretrun\u012bgi v\u0113rt\u0113ta un daudz\u0101s valst\u012bs aizvien bie\u017e\u0101k tiek aizliegta vai regul\u0113ta, jo past\u0101v ba\u017eas par labtur\u012bbu.<\/p>\n<h4><strong>Kam j\u0101b\u016bt uz su\u0146a apkakles?<\/strong><\/h4>\n<p>Uz su\u0146a apkakles j\u0101b\u016bt identifik\u0101cijas birkai, kur\u0101 nor\u0101d\u012bts su\u0146a v\u0101rds, \u012bpa\u0161nieka v\u0101rds un kontaktinform\u0101cija. Da\u017ei \u012bpa\u0161nieki pievieno ar\u012b vakcin\u0101cijas birkas vai mikro\u010dipa birku.<\/p>\n<h4><strong>Vai lab\u0101k pastaig\u0101ties ar suni ar siksnu vai apkakli?<\/strong><\/h4>\n<p>Parasti suni ir lab\u0101k staig\u0101t ar siksnu, it \u012bpa\u0161i, ja suns velk. Stropi vienm\u0113r\u012bg\u0101k izl\u012bdzina spiedienu uz visu \u0137ermeni un samazina spriedzi kakl\u0101 un kakl\u0101.<\/p>\n<h4><strong>Vai su\u0146iem vajadz\u0113tu gul\u0113t ar kakla siksn\u0101m?<\/strong><\/h4>\n<p>Parasti su\u0146iem ir dro\u0161\u0101k gul\u0113t bez kakla siksn\u0101m, lai nov\u0113rstu aizr\u012b\u0161an\u0101s vai aiz\u0137er\u0161an\u0101s risku, sunim p\u0101rvietojoties miega laik\u0101.<\/p>","protected":false},"excerpt":{"rendered":"<p>Uzlabojiet sava m\u012blu\u013ca ikdienas gaitas ar m\u016bsu Basic su\u0146u apkakli, kas izstr\u0101d\u0101ta, lai nodro\u0161in\u0101tu iztur\u012bbu un komfortu. \u0160ai apkaklei ir vienk\u0101r\u0161s, regul\u0113jams dizains, kas nodro\u0161ina ide\u0101lu piem\u0113rot\u012bbu jebkurai \u0161\u0137irnei. Izgatavota no augstas kvalit\u0101tes materi\u0101liem, t\u0101 ir iztur\u012bga un viegli t\u012br\u0101ma. T\u0101 ir ide\u0101li piem\u0113rota ikdienas n\u0113s\u0101\u0161anai, un taj\u0101 ir iztur\u012bga spr\u0101dze \u0101trai atvieno\u0161anai un D veida gredzens dro\u0161ai pavadas piestiprin\u0101\u0161anai. T\u0101 ir pieejama da\u017e\u0101d\u0101s kr\u0101s\u0101s un ir ide\u0101ls funkcionalit\u0101tes un stila apvienojums j\u016bsu sunim.<\/p>","protected":false},"featured_media":9678,"template":"","meta":[],"product_brand":[],"product_cat":[26],"product_tag":[],"class_list":{"0":"post-7672","1":"product","2":"type-product","3":"status-publish","4":"has-post-thumbnail","6":"product_cat-dog-collar","7":"pa_brand-qqpets","9":"first","10":"instock","11":"shipping-taxable","12":"product-type-simple"},"yoast_head":"<!-- This site is optimized with the Yoast SEO plugin v26.6 - https:\/\/yoast.com\/wordpress\/plugins\/seo\/ -->\n<title>Adjustable Print Basic Dog Collar | QQPETS<\/title>\n<meta name=\"description\" content=\"Discover our durable Basic Dog Collar for everyday use. Comfortable, adjustable, and stylish. Shop now!\" \/>\n<meta name=\"robots\" content=\"index, follow, max-snippet:-1, max-image-preview:large, max-video-preview:-1\" \/>\n<link rel=\"canonical\" href=\"https:\/\/qqpets.com\/lv\/products\/adjustable-print-basic-dog-collar\/\" \/>\n<meta property=\"og:locale\" content=\"lv_LV\" \/>\n<meta property=\"og:type\" content=\"article\" \/>\n<meta property=\"og:title\" content=\"Adjustable Print Basic Dog Collar | QQPETS\" \/>\n<meta property=\"og:description\" content=\"Discover our durable Basic Dog Collar for everyday use. Comfortable, adjustable, and stylish. Shop now!\" \/>\n<meta property=\"og:url\" content=\"https:\/\/qqpets.com\/lv\/products\/adjustable-print-basic-dog-collar\/\" \/>\n<meta property=\"og:site_name\" content=\"QQPETS\" \/>\n<meta property=\"article:publisher\" content=\"https:\/\/www.facebook.com\/QQpetsdogcollars\" \/>\n<meta property=\"article:modified_time\" content=\"2024-12-12T09:21:28+00:00\" \/>\n<meta property=\"og:image\" content=\"https:\/\/qqpets.com\/wp-content\/uploads\/2024\/08\/soft-dog-collar.webp\" \/>\n\t<meta property=\"og:image:width\" content=\"800\" \/>\n\t<meta property=\"og:image:height\" content=\"800\" \/>\n\t<meta property=\"og:image:type\" content=\"image\/webp\" \/>\n<meta name=\"twitter:card\" content=\"summary_large_image\" \/>\n<meta name=\"twitter:label1\" content=\"Est. reading time\" \/>\n\t<meta name=\"twitter:data1\" content=\"2 min\u016btes\" \/>\n<script type=\"application\/ld+json\" class=\"yoast-schema-graph\">{\"@context\":\"https:\/\/schema.org\",\"@graph\":[{\"@type\":\"WebPage\",\"@id\":\"https:\/\/qqpets.com\/product\/adjustable-print-basic-dog-collar\/\",\"url\":\"https:\/\/qqpets.com\/product\/adjustable-print-basic-dog-collar\/\",\"name\":\"Adjustable Print Basic Dog Collar | QQPETS\",\"isPartOf\":{\"@id\":\"https:\/\/qqpets.com\/#website\"},\"primaryImageOfPage\":{\"@id\":\"https:\/\/qqpets.com\/product\/adjustable-print-basic-dog-collar\/#primaryimage\"},\"image\":{\"@id\":\"https:\/\/qqpets.com\/product\/adjustable-print-basic-dog-collar\/#primaryimage\"},\"thumbnailUrl\":\"https:\/\/qqpets.com\/wp-content\/uploads\/2024\/08\/soft-dog-collar.webp\",\"datePublished\":\"2024-08-31T07:01:03+00:00\",\"dateModified\":\"2024-12-12T09:21:28+00:00\",\"description\":\"Discover our durable Basic Dog Collar for everyday use. Comfortable, adjustable, and stylish. Shop now!\",\"breadcrumb\":{\"@id\":\"https:\/\/qqpets.com\/product\/adjustable-print-basic-dog-collar\/#breadcrumb\"},\"inLanguage\":\"lv-LV\",\"potentialAction\":[{\"@type\":\"ReadAction\",\"target\":[\"https:\/\/qqpets.com\/product\/adjustable-print-basic-dog-collar\/\"]}]},{\"@type\":\"ImageObject\",\"inLanguage\":\"lv-LV\",\"@id\":\"https:\/\/qqpets.com\/product\/adjustable-print-basic-dog-collar\/#primaryimage\",\"url\":\"https:\/\/qqpets.com\/wp-content\/uploads\/2024\/08\/soft-dog-collar.webp\",\"contentUrl\":\"https:\/\/qqpets.com\/wp-content\/uploads\/2024\/08\/soft-dog-collar.webp\",\"width\":800,\"height\":800,\"caption\":\"soft dog collar\"},{\"@type\":\"BreadcrumbList\",\"@id\":\"https:\/\/qqpets.com\/product\/adjustable-print-basic-dog-collar\/#breadcrumb\",\"itemListElement\":[{\"@type\":\"ListItem\",\"position\":1,\"name\":\"Home\",\"item\":\"https:\/\/qqpets.com\/\"},{\"@type\":\"ListItem\",\"position\":2,\"name\":\"Products\",\"item\":\"https:\/\/qqpets.com\/pet-products-manufacturer\/\"},{\"@type\":\"ListItem\",\"position\":3,\"name\":\"Adjustable Print Basic Dog Collar\"}]},{\"@type\":\"WebSite\",\"@id\":\"https:\/\/qqpets.com\/#website\",\"url\":\"https:\/\/qqpets.com\/\",\"name\":\"QQPETS\",\"description\":\"QQPETS is a pet products factory for dog harnesses, dog collars, dog leashes and dog accessories with professional customized service since 2005.\",\"publisher\":{\"@id\":\"https:\/\/qqpets.com\/#organization\"},\"potentialAction\":[{\"@type\":\"SearchAction\",\"target\":{\"@type\":\"EntryPoint\",\"urlTemplate\":\"https:\/\/qqpets.com\/?s={search_term_string}\"},\"query-input\":{\"@type\":\"PropertyValueSpecification\",\"valueRequired\":true,\"valueName\":\"search_term_string\"}}],\"inLanguage\":\"lv-LV\"},{\"@type\":\"Organization\",\"@id\":\"https:\/\/qqpets.com\/#organization\",\"name\":\"QQPETS\",\"url\":\"https:\/\/qqpets.com\/\",\"logo\":{\"@type\":\"ImageObject\",\"inLanguage\":\"lv-LV\",\"@id\":\"https:\/\/qqpets.com\/#\/schema\/logo\/image\/\",\"url\":\"https:\/\/qqpets.com\/wp-content\/uploads\/2023\/09\/cropped-cropped-qqpets-tiktok.jpg\",\"contentUrl\":\"https:\/\/qqpets.com\/wp-content\/uploads\/2023\/09\/cropped-cropped-qqpets-tiktok.jpg\",\"width\":511,\"height\":511,\"caption\":\"QQPETS\"},\"image\":{\"@id\":\"https:\/\/qqpets.com\/#\/schema\/logo\/image\/\"},\"sameAs\":[\"https:\/\/www.facebook.com\/QQpetsdogcollars\",\"https:\/\/www.instagram.com\/qqpetscollar\/\",\"https:\/\/www.pinterest.com\/qqpetsdogcollarsfactory\/\"]}]}<\/script>\n<!-- \/ Yoast SEO plugin. -->","yoast_head_json":{"title":"Regul\u0113jama drukas pamata su\u0146u apkakle | QQPETS","description":"Atkl\u0101jiet m\u016bsu iztur\u012bgo Basic su\u0146u apkakli ikdienas lieto\u0161anai. \u0112rta, regul\u0113jama un stil\u012bga. Iep\u0113rcies tagad!","robots":{"index":"index","follow":"follow","max-snippet":"max-snippet:-1","max-image-preview":"max-image-preview:large","max-video-preview":"max-video-preview:-1"},"canonical":"https:\/\/qqpets.com\/lv\/products\/adjustable-print-basic-dog-collar\/","og_locale":"lv_LV","og_type":"article","og_title":"Adjustable Print Basic Dog Collar | QQPETS","og_description":"Discover our durable Basic Dog Collar for everyday use. Comfortable, adjustable, and stylish. Shop now!","og_url":"https:\/\/qqpets.com\/lv\/products\/adjustable-print-basic-dog-collar\/","og_site_name":"QQPETS","article_publisher":"https:\/\/www.facebook.com\/QQpetsdogcollars","article_modified_time":"2024-12-12T09:21:28+00:00","og_image":[{"width":800,"height":800,"url":"https:\/\/qqpets.com\/wp-content\/uploads\/2024\/08\/soft-dog-collar.webp","type":"image\/webp"}],"twitter_card":"summary_large_image","twitter_misc":{"Est. reading time":"2 min\u016btes"},"schema":{"@context":"https:\/\/schema.org","@graph":[{"@type":"WebPage","@id":"https:\/\/qqpets.com\/product\/adjustable-print-basic-dog-collar\/","url":"https:\/\/qqpets.com\/product\/adjustable-print-basic-dog-collar\/","name":"Regul\u0113jama drukas pamata su\u0146u apkakle | QQPETS","isPartOf":{"@id":"https:\/\/qqpets.com\/#website"},"primaryImageOfPage":{"@id":"https:\/\/qqpets.com\/product\/adjustable-print-basic-dog-collar\/#primaryimage"},"image":{"@id":"https:\/\/qqpets.com\/product\/adjustable-print-basic-dog-collar\/#primaryimage"},"thumbnailUrl":"https:\/\/qqpets.com\/wp-content\/uploads\/2024\/08\/soft-dog-collar.webp","datePublished":"2024-08-31T07:01:03+00:00","dateModified":"2024-12-12T09:21:28+00:00","description":"Atkl\u0101jiet m\u016bsu iztur\u012bgo Basic su\u0146u apkakli ikdienas lieto\u0161anai. \u0112rta, regul\u0113jama un stil\u012bga. Iep\u0113rcies tagad!","breadcrumb":{"@id":"https:\/\/qqpets.com\/product\/adjustable-print-basic-dog-collar\/#breadcrumb"},"inLanguage":"lv-LV","potentialAction":[{"@type":"ReadAction","target":["https:\/\/qqpets.com\/product\/adjustable-print-basic-dog-collar\/"]}]},{"@type":"ImageObject","inLanguage":"lv-LV","@id":"https:\/\/qqpets.com\/product\/adjustable-print-basic-dog-collar\/#primaryimage","url":"https:\/\/qqpets.com\/wp-content\/uploads\/2024\/08\/soft-dog-collar.webp","contentUrl":"https:\/\/qqpets.com\/wp-content\/uploads\/2024\/08\/soft-dog-collar.webp","width":800,"height":800,"caption":"soft dog collar"},{"@type":"BreadcrumbList","@id":"https:\/\/qqpets.com\/product\/adjustable-print-basic-dog-collar\/#breadcrumb","itemListElement":[{"@type":"ListItem","position":1,"name":"Home","item":"https:\/\/qqpets.com\/"},{"@type":"ListItem","position":2,"name":"Products","item":"https:\/\/qqpets.com\/pet-products-manufacturer\/"},{"@type":"ListItem","position":3,"name":"Adjustable Print Basic Dog Collar"}]},{"@type":"WebSite","@id":"https:\/\/qqpets.com\/#website","url":"https:\/\/qqpets.com\/","name":"QQPETS","description":"QQPETS ir lolojumdz\u012bvnieku produktu r\u016bpn\u012bca su\u0146u siksn\u0101m, su\u0146u apkakles, su\u0146u pavadas un su\u0146u aksesu\u0101ri ar profesion\u0101lu piel\u0101gotu pakalpojumu kop\u0161 2005. gada.","publisher":{"@id":"https:\/\/qqpets.com\/#organization"},"potentialAction":[{"@type":"SearchAction","target":{"@type":"EntryPoint","urlTemplate":"https:\/\/qqpets.com\/?s={search_term_string}"},"query-input":{"@type":"PropertyValueSpecification","valueRequired":true,"valueName":"search_term_string"}}],"inLanguage":"lv-LV"},{"@type":"Organization","@id":"https:\/\/qqpets.com\/#organization","name":"QQPETS","url":"https:\/\/qqpets.com\/","logo":{"@type":"ImageObject","inLanguage":"lv-LV","@id":"https:\/\/qqpets.com\/#\/schema\/logo\/image\/","url":"https:\/\/qqpets.com\/wp-content\/uploads\/2023\/09\/cropped-cropped-qqpets-tiktok.jpg","contentUrl":"https:\/\/qqpets.com\/wp-content\/uploads\/2023\/09\/cropped-cropped-qqpets-tiktok.jpg","width":511,"height":511,"caption":"QQPETS"},"image":{"@id":"https:\/\/qqpets.com\/#\/schema\/logo\/image\/"},"sameAs":["https:\/\/www.facebook.com\/QQpetsdogcollars","https:\/\/www.instagram.com\/qqpetscollar\/","https:\/\/www.pinterest.com\/qqpetsdogcollarsfactory\/"]}]}},"_links":{"self":[{"href":"https:\/\/qqpets.com\/lv\/wp-json\/wp\/v2\/product\/7672","targetHints":{"allow":["GET"]}}],"collection":[{"href":"https:\/\/qqpets.com\/lv\/wp-json\/wp\/v2\/product"}],"about":[{"href":"https:\/\/qqpets.com\/lv\/wp-json\/wp\/v2\/types\/product"}],"wp:featuredmedia":[{"embeddable":true,"href":"https:\/\/qqpets.com\/lv\/wp-json\/wp\/v2\/media\/9678"}],"wp:attachment":[{"href":"https:\/\/qqpets.com\/lv\/wp-json\/wp\/v2\/media?parent=7672"}],"wp:term":[{"taxonomy":"product_brand","embeddable":true,"href":"https:\/\/qqpets.com\/lv\/wp-json\/wp\/v2\/product_brand?post=7672"},{"taxonomy":"product_cat","embeddable":true,"href":"https:\/\/qqpets.com\/lv\/wp-json\/wp\/v2\/product_cat?post=7672"},{"taxonomy":"product_tag","embeddable":true,"href":"https:\/\/qqpets.com\/lv\/wp-json\/wp\/v2\/product_tag?post=7672"}],"curies":[{"name":"wp","href":"https:\/\/api.w.org\/{rel}","templated":true}]}}