{"id":7682,"date":"2024-08-31T16:29:37","date_gmt":"2024-08-31T08:29:37","guid":{"rendered":"https:\/\/qqpets.com\/?post_type=product&#038;p=7682"},"modified":"2024-11-13T14:00:30","modified_gmt":"2024-11-13T06:00:30","slug":"adjustable-dog-harness-and-leash-set","status":"publish","type":"product","link":"https:\/\/qqpets.com\/lv\/products\/adjustable-dog-harness-and-leash-set\/","title":{"rendered":"Neopr\u0113na polster\u0113jums Regul\u0113jams su\u0146a siksnu un pavadas komplekts"},"content":{"rendered":"<p>Iepaz\u012bstin\u0101m ar perfektu stila, komforta un iztur\u012bbas apvienojumu - m\u016bsu neopr\u0113na regul\u0113jamo su\u0146u siksnu un pavadas komplektu. \u0160is komplekts ir \u012bpa\u0161i izstr\u0101d\u0101ts m\u0101jdz\u012bvnieku \u012bpa\u0161niekiem, kuri nov\u0113rt\u0113 gan est\u0113tiku, gan funkcionalit\u0101ti. Josta ir izgatavota no augstas kvalit\u0101tes neopr\u0113na, kas ir paz\u012bstams ar sav\u0101m laikapst\u0101k\u013cu iztur\u012bbas un triecieniztur\u012bbas \u012bpa\u0161\u012bb\u0101m, nodro\u0161inot m\u012bkstu polster\u0113jumu, kas \u0113rti apskauj su\u0146a \u0137ermeni.<\/p>\n<p>Regul\u0113jam\u0101s siksni\u0146as \u013cauj piel\u0101got su\u0146a unik\u0101lajai formai, nodro\u0161inot, ka tas ir dro\u0161s un nerada diskomfortu. Neopr\u0113na materi\u0101ls ir ne tikai iztur\u012bgs, bet ar\u012b viegli t\u012br\u0101ms, t\u0101p\u0113c t\u0101 uztur\u0113\u0161ana ir vienk\u0101r\u0161a.<\/p>\n<p>M\u016bsu saska\u0146ot\u0101 siksna lieliski papildina siksnu, radot vienotu izskatu, kas padar\u012bs j\u016bsu suni par parka skaud\u012bbu. Pavada ir apr\u012bkota ar \u0113rtu roku cilpu un iztur\u012bgu skavu, lai to viegli piestiprin\u0101tu pie siksnas. Kop\u0101 komplekts nodro\u0161ina uzticamu un stil\u012bgu risin\u0101jumu visiem j\u016bsu piedz\u012bvojumiem br\u012bv\u0101 dab\u0101.<\/p>\n<p>M\u016bsu neopr\u0113na regul\u0113jamo su\u0146a siksnu un pavadas komplekts ir ide\u0101li piem\u0113rots ikdienas lieto\u0161anai - gan pastaigai park\u0101, gan ekskursijai pils\u0113t\u0101, gan skrie\u0161anai pludmal\u0113 - un nodro\u0161ina j\u016bsu m\u012blulim augst\u0101k\u0101s klases komfortu un stilu. Ieguldiet l\u012bdzek\u013cus \u0161aj\u0101 komplekt\u0101, lai pastaigas b\u016btu bez probl\u0113m\u0101m un pat\u012bkamas, sniedzot j\u016bsu sunim br\u012bv\u012bbu izp\u0113t\u012bt apk\u0101rtni, vienlaikus saglab\u0101jot dro\u0161u kontroli p\u0101r vi\u0146u.<\/p>\n<h6><strong>Vai neopr\u0113ns ir labs materi\u0101ls su\u0146u siksn\u0101m?<\/strong><\/h6>\n<p>J\u0101, neopr\u0113ns ir labs materi\u0101ls su\u0146u siksn\u0101m, jo tas ir m\u012bksts, m\u012bkstin\u0101ts un \u016bdensiztur\u012bgs, t\u0101p\u0113c sunim ir \u0113rti to valk\u0101t da\u017e\u0101dos laika apst\u0101k\u013cos.<\/p>\n<h6><strong>K\u0101ds ir iztur\u012bg\u0101kais materi\u0101ls su\u0146a pavadai?<\/strong><\/h6>\n<p>Neilons un \u0101da ir iztur\u012bg\u0101kie su\u0146u pavadas materi\u0101li, kas nodro\u0161ina iztur\u012bbu un uzticamu iztur\u012bbu jebkura lieluma su\u0146iem.<\/p>\n<h6><strong>K\u0101das siksnas iesaka veterin\u0101r\u0101rsti?<\/strong><\/h6>\n<p>Veterin\u0101r\u0101rsti parasti iesaka polster\u0113tas, regul\u0113jamas siksnas, kas vienm\u0113r\u012bgi sadala spiedienu un neierobe\u017eo elpo\u0161anu vai kust\u012bbas, \u012bpa\u0161i su\u0146iem, kuriem ir nosliece uz elpo\u0161anas probl\u0113m\u0101m vai trahejas sabruk\u0161anu.<\/p>\n<h6><strong>K\u0101da veida siksnas ir vispiem\u0113rot\u0101k\u0101s sunim, kur\u0161 velk?<\/strong><\/h6>\n<p>Sunim, kas velk, vislab\u0101k ir izmantot siksnas bez vilk\u0161anas ar priek\u0161\u0113jo pavadas stiprin\u0101jumu, jo t\u0101s nodro\u0161ina kontroli, novirzot suni atpaka\u013c uz saimnieku, kad tas m\u0113\u0123ina vilkt.<\/p>\n<h6><strong>Vai manam sunim visu laiku j\u0101lieto siksna?<\/strong><\/h6>\n<p>N\u0113, sunim nav ieteicams visu laiku n\u0113s\u0101t siksnas, jo tas var izrais\u012bt \u0101das kairin\u0101jumu vai diskomfortu. T\u0101 ir j\u0101no\u0146em, kad netiek lietota, jo \u012bpa\u0161i telp\u0101s.<\/p>\n<h6><strong>K\u0101das ir vislab\u0101k\u0101s \u0113rtas su\u0146u siksnas?<\/strong><\/h6>\n<p>Ruffwear Front Range siksnas tiek uzskat\u012btas par vien\u0101m no \u0113rt\u0101kaj\u0101m su\u0146u siksn\u0101m. T\u0101 ir ar pla\u0161u polster\u0113jumu, regul\u0113jam\u0101m siksn\u0101m un ergonomisku dizainu, kas nodro\u0161ina sunim komfortu un kust\u012bbu vieglumu.<\/p>\n<h6><strong>Kas ir regul\u0113jamas siksnas?<\/strong><\/h6>\n<p>Regul\u0113jamas siksnas ir su\u0146u siksnas ar vair\u0101kiem regul\u0113\u0161anas punktiem, kas \u013cauj piel\u0101got siksnu j\u016bsu su\u0146a izm\u0113ram un formai. Tas nodro\u0161ina stingru piegul\u0113\u0161anu, vienlaikus saglab\u0101jot komfortu, kas ir \u013coti svar\u012bgi, lai nov\u0113rstu b\u0113g\u0161anu un vienm\u0113r\u012bgi sadal\u012btu spiedienu.<\/p>\n<h6><strong>K\u0101da ir at\u0161\u0137ir\u012bba starp su\u0146u siksn\u0101m un siksn\u0101m bez vilk\u0161anas?<\/strong><\/h6>\n<p>Standarta su\u0146u \u010detrk\u0101jainaj\u0101m siksn\u0101m mugur\u0101 parasti ir pavadas stiprin\u0101jums, un t\u0101s tiek izmantotas, lai suni nostiprin\u0101tu \u0113rt\u0101k nek\u0101 apkakle. Su\u0146a siksn\u0101m bez vilk\u0161anas parasti ir priek\u0161\u0113jais pavadas stiprin\u0101jums vai divi stiprin\u0101jumi (priek\u0161pus\u0113 un aizmugur\u0113), un t\u0101s ir \u012bpa\u0161i izstr\u0101d\u0101tas, lai attur\u0113tu no vilk\u0161anas, novirzot su\u0146a kust\u012bbu uz jums, kad tas m\u0113\u0123ina vilkt uz priek\u0161u.<\/p>\n<h6><strong>Vai su\u0146u siksnas aptur su\u0146u vilk\u0161anu?<\/strong><\/h6>\n<p>Parastas su\u0146u siksnas ne vienm\u0113r aptur su\u0146u vilk\u0161anu, jo t\u0101s joproj\u0101m var \u013caut su\u0146iem izmantot visu savu sp\u0113ku, lai vilktu uz priek\u0161u, \u012bpa\u0161i, ja pavadas ir piestiprin\u0101tas aizmugur\u0113. Su\u0146a vilk\u0161anu efekt\u012bv\u0101k mazina bezvilk\u0161anas siksnas ar piestiprin\u0101jumiem priek\u0161pus\u0113, jo t\u0101s novirza vilk\u0161anas sp\u0113ku un padara to maz\u0101k atalgojo\u0161u sunim.<\/p>\n<h6><strong>K\u0101di ir \u010detrpunktu dro\u0161\u012bbas jostu tr\u016bkumi?<\/strong><\/h6>\n<ul>\n<li style=\"list-style-type: none;\">\n<ul>\n<li><strong>Diskomforta saj\u016bta vai sasitumi<\/strong>: Nepareiza piegulo\u0161ana, \u012bpa\u0161i kr\u016b\u0161u priek\u0161\u0113j\u0101 da\u013c\u0101, var rad\u012bt diskomfortu vai sasitumus.<\/li>\n<li><strong>Lieto\u0161anas sare\u017e\u0123\u012bt\u012bba<\/strong>: Da\u017eas \u010detrpunktu siksnas var b\u016bt sare\u017e\u0123\u012bt\u0101k pareizi uzvilkt, jo \u012bpa\u0161i t\u0101s, kur\u0101m ir vair\u0101ki regul\u0113\u0161anas punkti un siksnas.<\/li>\n<li><strong>Potenci\u0101l\u0101 uzved\u012bbas pretest\u012bba<\/strong>: Da\u017ei su\u0146i var pretoties vai negat\u012bvi rea\u0123\u0113t uz vilk\u0161anas saj\u016btu vai spiedienu, kas tiek izdar\u012bts, kad tie velk. To var mazin\u0101t, veicot atbilsto\u0161u apm\u0101c\u012bbu un pak\u0101peniski aklimatiz\u0113joties pie siksn\u0101m.<\/li>\n<li><strong>Atkar\u012bba<\/strong>: Pa\u013cau\u0161an\u0101s tikai uz \u010detrk\u0101jainaj\u0101m siksn\u0101m bez atbilsto\u0161as apm\u0101c\u012bbas var novest pie atkar\u012bbas no apr\u012bkojuma, lai kontrol\u0113tu vilk\u0161anu, nevis m\u0101c\u012btu suni nevilkt, izmantojot apm\u0101c\u012bbu un pastiprin\u0101\u0161anu.<\/li>\n<\/ul>\n<\/li>\n<\/ul>","protected":false},"excerpt":{"rendered":"<p>Uzlabojiet sava su\u0146a ekip\u0113jumu ar m\u016bsu neopr\u0113na regul\u0113jamo su\u0146a siksnu un pavadas komplektu. \u0160is komplekts ir izstr\u0101d\u0101ts, lai nodro\u0161in\u0101tu komfortu un stilu, un tam ir m\u012bksts neopr\u0113na polster\u0113jums maksim\u0101lam komfortam un regul\u0113jamas siksnas, kas nodro\u0161ina ide\u0101lu piegul\u0113\u0161anu. Atbilsto\u0161\u0101 pavadi\u0146a nodro\u0161ina vienotu izskatu, un iztur\u012bg\u0101 aparat\u016bra nodro\u0161ina ilgm\u016b\u017e\u012bgu lieto\u0161anu. \u0160is komplekts ir ide\u0101li piem\u0113rots ikdienas pastaig\u0101m un apvieno funkcionalit\u0101ti ar elegantu dizainu, nodro\u0161inot j\u016bsu m\u012blulim komfortu un stilu pastaig\u0101s.<\/p>","protected":false},"featured_media":7683,"template":"","meta":[],"product_brand":[],"product_cat":[23],"product_tag":[],"class_list":{"0":"post-7682","1":"product","2":"type-product","3":"status-publish","4":"has-post-thumbnail","6":"product_cat-dog-harness","7":"pa_brand-qqpets","9":"first","10":"instock","11":"shipping-taxable","12":"product-type-simple"},"yoast_head":"<!-- This site is optimized with the Yoast SEO plugin v26.6 - https:\/\/yoast.com\/wordpress\/plugins\/seo\/ -->\n<title>Neoprene Padding Adjustable Dog Harness And Leash Set | QQPETS<\/title>\n<meta name=\"description\" content=\"Comfort meets style with our Neoprene Adjustable Dog Harness. Perfect fit for any dog. Durable &amp; stylish. Shop now!\" \/>\n<meta name=\"robots\" content=\"index, follow, max-snippet:-1, max-image-preview:large, max-video-preview:-1\" \/>\n<link rel=\"canonical\" href=\"https:\/\/qqpets.com\/lv\/products\/adjustable-dog-harness-and-leash-set\/\" \/>\n<meta property=\"og:locale\" content=\"lv_LV\" \/>\n<meta property=\"og:type\" content=\"article\" \/>\n<meta property=\"og:title\" content=\"Neoprene Padding Adjustable Dog Harness And Leash Set | QQPETS\" \/>\n<meta property=\"og:description\" content=\"Comfort meets style with our Neoprene Adjustable Dog Harness. Perfect fit for any dog. Durable &amp; stylish. Shop now!\" \/>\n<meta property=\"og:url\" content=\"https:\/\/qqpets.com\/lv\/products\/adjustable-dog-harness-and-leash-set\/\" \/>\n<meta property=\"og:site_name\" content=\"QQPETS\" \/>\n<meta property=\"article:publisher\" content=\"https:\/\/www.facebook.com\/QQpetsdogcollars\" \/>\n<meta property=\"article:modified_time\" content=\"2024-11-13T06:00:30+00:00\" \/>\n<meta property=\"og:image\" content=\"https:\/\/qqpets.com\/wp-content\/uploads\/2024\/08\/padding-dog-harness.webp\" \/>\n\t<meta property=\"og:image:width\" content=\"1600\" \/>\n\t<meta property=\"og:image:height\" content=\"1600\" \/>\n\t<meta property=\"og:image:type\" content=\"image\/webp\" \/>\n<meta name=\"twitter:card\" content=\"summary_large_image\" \/>\n<meta name=\"twitter:label1\" content=\"Est. reading time\" \/>\n\t<meta name=\"twitter:data1\" content=\"4 min\u016btes\" \/>\n<script type=\"application\/ld+json\" class=\"yoast-schema-graph\">{\"@context\":\"https:\/\/schema.org\",\"@graph\":[{\"@type\":\"WebPage\",\"@id\":\"https:\/\/qqpets.com\/product\/adjustable-dog-harness-and-leash-set\/\",\"url\":\"https:\/\/qqpets.com\/product\/adjustable-dog-harness-and-leash-set\/\",\"name\":\"Neoprene Padding Adjustable Dog Harness And Leash Set | QQPETS\",\"isPartOf\":{\"@id\":\"https:\/\/qqpets.com\/#website\"},\"primaryImageOfPage\":{\"@id\":\"https:\/\/qqpets.com\/product\/adjustable-dog-harness-and-leash-set\/#primaryimage\"},\"image\":{\"@id\":\"https:\/\/qqpets.com\/product\/adjustable-dog-harness-and-leash-set\/#primaryimage\"},\"thumbnailUrl\":\"https:\/\/qqpets.com\/wp-content\/uploads\/2024\/08\/padding-dog-harness.webp\",\"datePublished\":\"2024-08-31T08:29:37+00:00\",\"dateModified\":\"2024-11-13T06:00:30+00:00\",\"description\":\"Comfort meets style with our Neoprene Adjustable Dog Harness. Perfect fit for any dog. Durable & stylish. Shop now!\",\"breadcrumb\":{\"@id\":\"https:\/\/qqpets.com\/product\/adjustable-dog-harness-and-leash-set\/#breadcrumb\"},\"inLanguage\":\"lv-LV\",\"potentialAction\":[{\"@type\":\"ReadAction\",\"target\":[\"https:\/\/qqpets.com\/product\/adjustable-dog-harness-and-leash-set\/\"]}]},{\"@type\":\"ImageObject\",\"inLanguage\":\"lv-LV\",\"@id\":\"https:\/\/qqpets.com\/product\/adjustable-dog-harness-and-leash-set\/#primaryimage\",\"url\":\"https:\/\/qqpets.com\/wp-content\/uploads\/2024\/08\/padding-dog-harness.webp\",\"contentUrl\":\"https:\/\/qqpets.com\/wp-content\/uploads\/2024\/08\/padding-dog-harness.webp\",\"width\":1600,\"height\":1600},{\"@type\":\"BreadcrumbList\",\"@id\":\"https:\/\/qqpets.com\/product\/adjustable-dog-harness-and-leash-set\/#breadcrumb\",\"itemListElement\":[{\"@type\":\"ListItem\",\"position\":1,\"name\":\"Home\",\"item\":\"https:\/\/qqpets.com\/\"},{\"@type\":\"ListItem\",\"position\":2,\"name\":\"Products\",\"item\":\"https:\/\/qqpets.com\/pet-products-manufacturer\/\"},{\"@type\":\"ListItem\",\"position\":3,\"name\":\"Neoprene Padding Adjustable Dog Harness And Leash Set\"}]},{\"@type\":\"WebSite\",\"@id\":\"https:\/\/qqpets.com\/#website\",\"url\":\"https:\/\/qqpets.com\/\",\"name\":\"QQPETS\",\"description\":\"QQPETS is a pet products factory for dog harnesses, dog collars, dog leashes and dog accessories with professional customized service since 2005.\",\"publisher\":{\"@id\":\"https:\/\/qqpets.com\/#organization\"},\"potentialAction\":[{\"@type\":\"SearchAction\",\"target\":{\"@type\":\"EntryPoint\",\"urlTemplate\":\"https:\/\/qqpets.com\/?s={search_term_string}\"},\"query-input\":{\"@type\":\"PropertyValueSpecification\",\"valueRequired\":true,\"valueName\":\"search_term_string\"}}],\"inLanguage\":\"lv-LV\"},{\"@type\":\"Organization\",\"@id\":\"https:\/\/qqpets.com\/#organization\",\"name\":\"QQPETS\",\"url\":\"https:\/\/qqpets.com\/\",\"logo\":{\"@type\":\"ImageObject\",\"inLanguage\":\"lv-LV\",\"@id\":\"https:\/\/qqpets.com\/#\/schema\/logo\/image\/\",\"url\":\"https:\/\/qqpets.com\/wp-content\/uploads\/2023\/09\/cropped-cropped-qqpets-tiktok.jpg\",\"contentUrl\":\"https:\/\/qqpets.com\/wp-content\/uploads\/2023\/09\/cropped-cropped-qqpets-tiktok.jpg\",\"width\":511,\"height\":511,\"caption\":\"QQPETS\"},\"image\":{\"@id\":\"https:\/\/qqpets.com\/#\/schema\/logo\/image\/\"},\"sameAs\":[\"https:\/\/www.facebook.com\/QQpetsdogcollars\",\"https:\/\/www.instagram.com\/qqpetscollar\/\",\"https:\/\/www.pinterest.com\/qqpetsdogcollarsfactory\/\"]}]}<\/script>\n<!-- \/ Yoast SEO plugin. -->","yoast_head_json":{"title":"Neopr\u0113na polster\u0113jums Regul\u0113jamas su\u0146u siksnas un pavadas komplekts | QQPETS","description":"M\u016bsu neopr\u0113na regul\u0113jam\u0101s su\u0146u siksnas nodro\u0161ina komfortu un stilu. Ide\u0101li piem\u0113rots jebkuram sunim. Iztur\u012bgs un stil\u012bgs. Iep\u0113rcies tagad!","robots":{"index":"index","follow":"follow","max-snippet":"max-snippet:-1","max-image-preview":"max-image-preview:large","max-video-preview":"max-video-preview:-1"},"canonical":"https:\/\/qqpets.com\/lv\/products\/adjustable-dog-harness-and-leash-set\/","og_locale":"lv_LV","og_type":"article","og_title":"Neoprene Padding Adjustable Dog Harness And Leash Set | QQPETS","og_description":"Comfort meets style with our Neoprene Adjustable Dog Harness. Perfect fit for any dog. Durable & stylish. Shop now!","og_url":"https:\/\/qqpets.com\/lv\/products\/adjustable-dog-harness-and-leash-set\/","og_site_name":"QQPETS","article_publisher":"https:\/\/www.facebook.com\/QQpetsdogcollars","article_modified_time":"2024-11-13T06:00:30+00:00","og_image":[{"width":1600,"height":1600,"url":"https:\/\/qqpets.com\/wp-content\/uploads\/2024\/08\/padding-dog-harness.webp","type":"image\/webp"}],"twitter_card":"summary_large_image","twitter_misc":{"Est. reading time":"4 min\u016btes"},"schema":{"@context":"https:\/\/schema.org","@graph":[{"@type":"WebPage","@id":"https:\/\/qqpets.com\/product\/adjustable-dog-harness-and-leash-set\/","url":"https:\/\/qqpets.com\/product\/adjustable-dog-harness-and-leash-set\/","name":"Neopr\u0113na polster\u0113jums Regul\u0113jamas su\u0146u siksnas un pavadas komplekts | QQPETS","isPartOf":{"@id":"https:\/\/qqpets.com\/#website"},"primaryImageOfPage":{"@id":"https:\/\/qqpets.com\/product\/adjustable-dog-harness-and-leash-set\/#primaryimage"},"image":{"@id":"https:\/\/qqpets.com\/product\/adjustable-dog-harness-and-leash-set\/#primaryimage"},"thumbnailUrl":"https:\/\/qqpets.com\/wp-content\/uploads\/2024\/08\/padding-dog-harness.webp","datePublished":"2024-08-31T08:29:37+00:00","dateModified":"2024-11-13T06:00:30+00:00","description":"M\u016bsu neopr\u0113na regul\u0113jam\u0101s su\u0146u siksnas nodro\u0161ina komfortu un stilu. Ide\u0101li piem\u0113rots jebkuram sunim. Iztur\u012bgs un stil\u012bgs. Iep\u0113rcies tagad!","breadcrumb":{"@id":"https:\/\/qqpets.com\/product\/adjustable-dog-harness-and-leash-set\/#breadcrumb"},"inLanguage":"lv-LV","potentialAction":[{"@type":"ReadAction","target":["https:\/\/qqpets.com\/product\/adjustable-dog-harness-and-leash-set\/"]}]},{"@type":"ImageObject","inLanguage":"lv-LV","@id":"https:\/\/qqpets.com\/product\/adjustable-dog-harness-and-leash-set\/#primaryimage","url":"https:\/\/qqpets.com\/wp-content\/uploads\/2024\/08\/padding-dog-harness.webp","contentUrl":"https:\/\/qqpets.com\/wp-content\/uploads\/2024\/08\/padding-dog-harness.webp","width":1600,"height":1600},{"@type":"BreadcrumbList","@id":"https:\/\/qqpets.com\/product\/adjustable-dog-harness-and-leash-set\/#breadcrumb","itemListElement":[{"@type":"ListItem","position":1,"name":"Home","item":"https:\/\/qqpets.com\/"},{"@type":"ListItem","position":2,"name":"Products","item":"https:\/\/qqpets.com\/pet-products-manufacturer\/"},{"@type":"ListItem","position":3,"name":"Neoprene Padding Adjustable Dog Harness And Leash Set"}]},{"@type":"WebSite","@id":"https:\/\/qqpets.com\/#website","url":"https:\/\/qqpets.com\/","name":"QQPETS","description":"QQPETS ir lolojumdz\u012bvnieku produktu r\u016bpn\u012bca su\u0146u siksn\u0101m, su\u0146u apkakles, su\u0146u pavadas un su\u0146u aksesu\u0101ri ar profesion\u0101lu piel\u0101gotu pakalpojumu kop\u0161 2005. gada.","publisher":{"@id":"https:\/\/qqpets.com\/#organization"},"potentialAction":[{"@type":"SearchAction","target":{"@type":"EntryPoint","urlTemplate":"https:\/\/qqpets.com\/?s={search_term_string}"},"query-input":{"@type":"PropertyValueSpecification","valueRequired":true,"valueName":"search_term_string"}}],"inLanguage":"lv-LV"},{"@type":"Organization","@id":"https:\/\/qqpets.com\/#organization","name":"QQPETS","url":"https:\/\/qqpets.com\/","logo":{"@type":"ImageObject","inLanguage":"lv-LV","@id":"https:\/\/qqpets.com\/#\/schema\/logo\/image\/","url":"https:\/\/qqpets.com\/wp-content\/uploads\/2023\/09\/cropped-cropped-qqpets-tiktok.jpg","contentUrl":"https:\/\/qqpets.com\/wp-content\/uploads\/2023\/09\/cropped-cropped-qqpets-tiktok.jpg","width":511,"height":511,"caption":"QQPETS"},"image":{"@id":"https:\/\/qqpets.com\/#\/schema\/logo\/image\/"},"sameAs":["https:\/\/www.facebook.com\/QQpetsdogcollars","https:\/\/www.instagram.com\/qqpetscollar\/","https:\/\/www.pinterest.com\/qqpetsdogcollarsfactory\/"]}]}},"_links":{"self":[{"href":"https:\/\/qqpets.com\/lv\/wp-json\/wp\/v2\/product\/7682","targetHints":{"allow":["GET"]}}],"collection":[{"href":"https:\/\/qqpets.com\/lv\/wp-json\/wp\/v2\/product"}],"about":[{"href":"https:\/\/qqpets.com\/lv\/wp-json\/wp\/v2\/types\/product"}],"wp:featuredmedia":[{"embeddable":true,"href":"https:\/\/qqpets.com\/lv\/wp-json\/wp\/v2\/media\/7683"}],"wp:attachment":[{"href":"https:\/\/qqpets.com\/lv\/wp-json\/wp\/v2\/media?parent=7682"}],"wp:term":[{"taxonomy":"product_brand","embeddable":true,"href":"https:\/\/qqpets.com\/lv\/wp-json\/wp\/v2\/product_brand?post=7682"},{"taxonomy":"product_cat","embeddable":true,"href":"https:\/\/qqpets.com\/lv\/wp-json\/wp\/v2\/product_cat?post=7682"},{"taxonomy":"product_tag","embeddable":true,"href":"https:\/\/qqpets.com\/lv\/wp-json\/wp\/v2\/product_tag?post=7682"}],"curies":[{"name":"wp","href":"https:\/\/api.w.org\/{rel}","templated":true}]}}