{"id":7695,"date":"2024-08-31T17:24:16","date_gmt":"2024-08-31T09:24:16","guid":{"rendered":"https:\/\/qqpets.com\/?post_type=product&#038;p=7695"},"modified":"2024-08-31T17:25:22","modified_gmt":"2024-08-31T09:25:22","slug":"mesh-step-in-dog-harness","status":"publish","type":"product","link":"https:\/\/qqpets.com\/lv\/products\/mesh-step-in-dog-harness\/","title":{"rendered":"Mesh Step in su\u0146u siksnas"},"content":{"rendered":"<p>Iepaz\u012bstiniet savu suni ar komfortu un \u0113rt\u012bb\u0101m, izmantojot m\u016bsu Mesh Step In su\u0146u siksnu, kas ir piel\u0101gota \u0113rtai piem\u0113ro\u0161anai un nodro\u0161ina izcilu elpojam\u012bbu. \u0160\u012b siksna ir izstr\u0101d\u0101ta, lai padar\u012btu ikdienas pastaigas viegl\u0101kas un pat\u012bkam\u0101kas gan jums, gan j\u016bsu m\u012blulim. Step-in dizains nov\u0113r\u0161 nepiecie\u0161am\u012bbu p\u0101rvilkt siksnu p\u0101ri su\u0146a galvai, padarot ekip\u0113\u0161anos \u0101tru un bez stresa.<\/p>\n<p>Izgatavota no m\u012bksta, viegla sieta materi\u0101la, siksna nodro\u0161ina, ka j\u016bsu suns paliek v\u0113ss un \u0113rts pat silt\u0101kos laika apst\u0101k\u013cos. Elpojo\u0161ais siets nodro\u0161ina pietiekamu gaisa cirkul\u0101ciju, nov\u0113r\u0161ot p\u0101rkar\u0161anu un nodro\u0161inot, ka j\u016bsu m\u012blulis pastaigas laik\u0101 j\u016btas svaigs.<\/p>\n<p>M\u016bsu siksnu regul\u0113jam\u012bbai ir galven\u0101 noz\u012bme, jo t\u0101s ir viegli regul\u0113jamas siksnas, kas \u013cauj jums izveidot piel\u0101gojamu, dro\u0161u un \u0113rtu piel\u0101gojumu j\u016bsu sunim. \u0160\u0101ds stiprin\u0101jums nov\u0113r\u0161 siksnu berzes vai berzes, vienlaikus nodro\u0161inot pietiekamu atbalstu un kontroli pastaigu laik\u0101.<\/p>\n<p>M\u016bsu Mesh Step In su\u0146u siksnas ir ne tikai funkcion\u0101las, bet ar\u012b stil\u012bgas. T\u0101 ir pieejama da\u017e\u0101d\u0101s kr\u0101s\u0101s un izm\u0113ros, t\u0101p\u0113c ir ide\u0101li piem\u0113rota visu formu un \u0161\u0137ir\u0146u m\u0101jdz\u012bvniekiem. Neatkar\u012bgi no t\u0101, vai esat devies \u0101tr\u0101 pastaig\u0101 ap kvart\u0101lu vai gar\u0101k\u0101 piedz\u012bvojum\u0101 park\u0101, \u0161\u012b siksna apvieno iztur\u012bbu, stilu un komfortu vien\u0101 oblig\u0101t\u0101 aksesu\u0101r\u0101 j\u016bsu m\u012blulim.<\/p>\n<p>Apr\u012bkojiet savu suni ar m\u016bsu Mesh Step In su\u0146u \u010detrpunktu siksnu, lai nodro\u0161in\u0101tu, ka suns \u0113rti un viegli izbaud\u012bs katru izbraucienu, bet j\u016bs var\u0113siet izbaud\u012bt labi izstr\u0101d\u0101tas siksnas vienk\u0101r\u0161\u012bbu un efektivit\u0101ti.<\/p>\n<div class=\"flex max-w-full flex-col flex-grow\">\n<div class=\"min-h-[20px] text-message flex w-full flex-col items-end gap-2 break-words [.text-message+&amp;]:mt-5 overflow-x-auto whitespace-normal\" dir=\"auto\" data-message-author-role=\"assistant\" data-message-id=\"ef04834b-61b9-4d06-98fe-1d0d44d63bf5\">\n<div class=\"flex w-full flex-col gap-1 empty:hidden first:pt-[3px]\">\n<div class=\"markdown prose w-full break-words dark:prose-invert light\">\n<h6><strong>Vai t\u012bklveida siksnas ir piem\u0113rotas su\u0146iem?<\/strong><\/h6>\n<p>J\u0101, t\u012bklveida siksnas ir piem\u0113rotas su\u0146iem, jo t\u0101s nodro\u0161ina elpojam\u012bbu un komfortu, jo \u012bpa\u0161i silt\u0101k\u0101 klimat\u0101, un vienlaikus ir vieglas.<\/p>\n<h6><strong>Vai su\u0146iem ir piem\u0113rotas step-in siksnas?<\/strong><\/h6>\n<p>J\u0101, su\u0146iem ir izdev\u012bgas step-in siksnas, jo t\u0101s ir viegli uzvilkt un vienm\u0113r\u012bgi sadala spiedienu uz kr\u016bt\u012bm un pleciem, padarot t\u0101s \u0113rtas vairumam su\u0146u.<\/p>\n<h6><strong>Vai su\u0146i var izb\u0113gt no step-in siksn\u0101m?<\/strong><\/h6>\n<p>Su\u0146i var izb\u0113gt no pak\u0101pienveida siksn\u0101m, ja t\u0101s nav pareizi piestiprin\u0101tas. Ir svar\u012bgi p\u0101rliecin\u0101ties, ka \u010detrk\u0101jain\u0101 siksna ir cie\u0161i piegu\u013co\u0161a un pareizi noregul\u0113ta, lai nov\u0113rstu izb\u0113g\u0161anu.<\/p>\n<h6><strong>K\u0101 j\u016bs lietojat su\u0146u \u010detrk\u0101jaino siksnu?<\/strong><\/h6>\n<p>Novietojiet \u010detrk\u0101jaino siksnu uz zemes, ievelciet su\u0146a priek\u0161\u0113j\u0101s k\u0101jas atver\u0113s, p\u0113c tam velciet siksnu uz aug\u0161u un ap rump\u012bti, un aizmugur\u0113 nostipriniet spr\u0101dzi.<\/p>\n<h6><strong>Kas ir su\u0146u siets?<\/strong><\/h6>\n<p>Su\u0146u siets ir auduma veids, ko izmanto lolojumdz\u012bvnieku izstr\u0101d\u0101jumos, jo \u012bpa\u0161i siksn\u0101s un p\u0101rn\u0113s\u0101t\u0101jos. Tas ir elpojo\u0161s, viegls materi\u0101ls, kas nodro\u0161ina gaisa pl\u016bsmu, padarot to sunim \u0113rtu.<\/p>\n<h6><strong>K\u0101da veida siksnas sunim ir vispiem\u0113rot\u0101k\u0101s?<\/strong><\/h6>\n<p>Lab\u0101kais su\u0146a siksnu veids parasti ir atkar\u012bgs no su\u0146a lieluma, \u0161\u0137irnes un uzved\u012bbas. Liel\u0101kajai da\u013cai su\u0146u, jo \u012bpa\u0161i tiem, kas velk, ide\u0101li piem\u0113rotas ir siksnas bez vilk\u0161anas ar priek\u0161\u0113jo pavadas stiprin\u0101jumu, jo t\u0101s nodro\u0161ina lab\u0101ku kontroli pastaigu laik\u0101 un samazina slodzi su\u0146a kaklam un mugurai.<\/p>\n<\/div>\n<\/div>\n<\/div>\n<\/div>","protected":false},"excerpt":{"rendered":"<p>Izbaudiet maksim\u0101lu komfortu ar m\u016bsu Mesh Step In su\u0146u \u010detrpunktu siksn\u0101m, kas ir izstr\u0101d\u0101tas vieglai valk\u0101\u0161anai un elpojo\u0161am komfortam. \u0160ai vieglajai siksnai ir step-in dizains, kas nodro\u0161ina \u0113rtu uzlik\u0161anu, un t\u012bklveida audums, kas nodro\u0161ina su\u0146a v\u0113sumu pat silt\u0101s dien\u0101s. Regul\u0113jam\u0101s siksnas nodro\u0161ina perfektu piegul\u0113\u0161anu, savuk\u0101rt iztur\u012bg\u0101 konstrukcija nodro\u0161ina uzticam\u012bbu pastaigu laik\u0101. Ide\u0101li piem\u0113rots akt\u012bviem su\u0146iem un \u012bpa\u0161niekiem, kuri nov\u0113rt\u0113 \u0113rt\u012bbas un komfortu.<\/p>","protected":false},"featured_media":7697,"template":"","meta":[],"product_brand":[],"product_cat":[23],"product_tag":[],"class_list":{"0":"post-7695","1":"product","2":"type-product","3":"status-publish","4":"has-post-thumbnail","6":"product_cat-dog-harness","7":"pa_brand-qqpets","9":"first","10":"instock","11":"shipping-taxable","12":"product-type-simple"},"yoast_head":"<!-- This site is optimized with the Yoast SEO plugin v26.6 - https:\/\/yoast.com\/wordpress\/plugins\/seo\/ -->\n<title>Mesh Step in Dog Harness | QQPETS<\/title>\n<meta name=\"description\" content=\"Explore our Mesh Step In Dog Harness for breathable comfort. Perfect fit, easy to use. Shop now for quality!\" \/>\n<meta name=\"robots\" content=\"index, follow, max-snippet:-1, max-image-preview:large, max-video-preview:-1\" \/>\n<link rel=\"canonical\" href=\"https:\/\/qqpets.com\/lv\/products\/mesh-step-in-dog-harness\/\" \/>\n<meta property=\"og:locale\" content=\"lv_LV\" \/>\n<meta property=\"og:type\" content=\"article\" \/>\n<meta property=\"og:title\" content=\"Mesh Step in Dog Harness | QQPETS\" \/>\n<meta property=\"og:description\" content=\"Explore our Mesh Step In Dog Harness for breathable comfort. Perfect fit, easy to use. Shop now for quality!\" \/>\n<meta property=\"og:url\" content=\"https:\/\/qqpets.com\/lv\/products\/mesh-step-in-dog-harness\/\" \/>\n<meta property=\"og:site_name\" content=\"QQPETS\" \/>\n<meta property=\"article:publisher\" content=\"https:\/\/www.facebook.com\/QQpetsdogcollars\" \/>\n<meta property=\"article:modified_time\" content=\"2024-08-31T09:25:22+00:00\" \/>\n<meta property=\"og:image\" content=\"https:\/\/qqpets.com\/wp-content\/uploads\/2024\/08\/step-in-dog-harness1.webp\" \/>\n\t<meta property=\"og:image:width\" content=\"1600\" \/>\n\t<meta property=\"og:image:height\" content=\"1600\" \/>\n\t<meta property=\"og:image:type\" content=\"image\/webp\" \/>\n<meta name=\"twitter:card\" content=\"summary_large_image\" \/>\n<meta name=\"twitter:label1\" content=\"Est. reading time\" \/>\n\t<meta name=\"twitter:data1\" content=\"3 min\u016btes\" \/>\n<script type=\"application\/ld+json\" class=\"yoast-schema-graph\">{\"@context\":\"https:\/\/schema.org\",\"@graph\":[{\"@type\":\"WebPage\",\"@id\":\"https:\/\/qqpets.com\/product\/mesh-step-in-dog-harness\/\",\"url\":\"https:\/\/qqpets.com\/product\/mesh-step-in-dog-harness\/\",\"name\":\"Mesh Step in Dog Harness | QQPETS\",\"isPartOf\":{\"@id\":\"https:\/\/qqpets.com\/#website\"},\"primaryImageOfPage\":{\"@id\":\"https:\/\/qqpets.com\/product\/mesh-step-in-dog-harness\/#primaryimage\"},\"image\":{\"@id\":\"https:\/\/qqpets.com\/product\/mesh-step-in-dog-harness\/#primaryimage\"},\"thumbnailUrl\":\"https:\/\/qqpets.com\/wp-content\/uploads\/2024\/08\/step-in-dog-harness1.webp\",\"datePublished\":\"2024-08-31T09:24:16+00:00\",\"dateModified\":\"2024-08-31T09:25:22+00:00\",\"description\":\"Explore our Mesh Step In Dog Harness for breathable comfort. Perfect fit, easy to use. Shop now for quality!\",\"breadcrumb\":{\"@id\":\"https:\/\/qqpets.com\/product\/mesh-step-in-dog-harness\/#breadcrumb\"},\"inLanguage\":\"lv-LV\",\"potentialAction\":[{\"@type\":\"ReadAction\",\"target\":[\"https:\/\/qqpets.com\/product\/mesh-step-in-dog-harness\/\"]}]},{\"@type\":\"ImageObject\",\"inLanguage\":\"lv-LV\",\"@id\":\"https:\/\/qqpets.com\/product\/mesh-step-in-dog-harness\/#primaryimage\",\"url\":\"https:\/\/qqpets.com\/wp-content\/uploads\/2024\/08\/step-in-dog-harness1.webp\",\"contentUrl\":\"https:\/\/qqpets.com\/wp-content\/uploads\/2024\/08\/step-in-dog-harness1.webp\",\"width\":1600,\"height\":1600},{\"@type\":\"BreadcrumbList\",\"@id\":\"https:\/\/qqpets.com\/product\/mesh-step-in-dog-harness\/#breadcrumb\",\"itemListElement\":[{\"@type\":\"ListItem\",\"position\":1,\"name\":\"Home\",\"item\":\"https:\/\/qqpets.com\/\"},{\"@type\":\"ListItem\",\"position\":2,\"name\":\"Products\",\"item\":\"https:\/\/qqpets.com\/pet-products-manufacturer\/\"},{\"@type\":\"ListItem\",\"position\":3,\"name\":\"Mesh Step in Dog Harness\"}]},{\"@type\":\"WebSite\",\"@id\":\"https:\/\/qqpets.com\/#website\",\"url\":\"https:\/\/qqpets.com\/\",\"name\":\"QQPETS\",\"description\":\"QQPETS is a pet products factory for dog harnesses, dog collars, dog leashes and dog accessories with professional customized service since 2005.\",\"publisher\":{\"@id\":\"https:\/\/qqpets.com\/#organization\"},\"potentialAction\":[{\"@type\":\"SearchAction\",\"target\":{\"@type\":\"EntryPoint\",\"urlTemplate\":\"https:\/\/qqpets.com\/?s={search_term_string}\"},\"query-input\":{\"@type\":\"PropertyValueSpecification\",\"valueRequired\":true,\"valueName\":\"search_term_string\"}}],\"inLanguage\":\"lv-LV\"},{\"@type\":\"Organization\",\"@id\":\"https:\/\/qqpets.com\/#organization\",\"name\":\"QQPETS\",\"url\":\"https:\/\/qqpets.com\/\",\"logo\":{\"@type\":\"ImageObject\",\"inLanguage\":\"lv-LV\",\"@id\":\"https:\/\/qqpets.com\/#\/schema\/logo\/image\/\",\"url\":\"https:\/\/qqpets.com\/wp-content\/uploads\/2023\/09\/cropped-cropped-qqpets-tiktok.jpg\",\"contentUrl\":\"https:\/\/qqpets.com\/wp-content\/uploads\/2023\/09\/cropped-cropped-qqpets-tiktok.jpg\",\"width\":511,\"height\":511,\"caption\":\"QQPETS\"},\"image\":{\"@id\":\"https:\/\/qqpets.com\/#\/schema\/logo\/image\/\"},\"sameAs\":[\"https:\/\/www.facebook.com\/QQpetsdogcollars\",\"https:\/\/www.instagram.com\/qqpetscollar\/\",\"https:\/\/www.pinterest.com\/qqpetsdogcollarsfactory\/\"]}]}<\/script>\n<!-- \/ Yoast SEO plugin. -->","yoast_head_json":{"title":"Linuma sieta su\u0146u siksnas | QQPETS","description":"Izp\u0113tiet m\u016bsu Mesh Step In su\u0146u siksnas, kas nodro\u0161ina elpojo\u0161u komfortu. Ide\u0101li piem\u0113rots, viegli lietojams. Ieg\u0101d\u0101jieties tagad, lai ieg\u016btu kvalit\u0101ti!","robots":{"index":"index","follow":"follow","max-snippet":"max-snippet:-1","max-image-preview":"max-image-preview:large","max-video-preview":"max-video-preview:-1"},"canonical":"https:\/\/qqpets.com\/lv\/products\/mesh-step-in-dog-harness\/","og_locale":"lv_LV","og_type":"article","og_title":"Mesh Step in Dog Harness | QQPETS","og_description":"Explore our Mesh Step In Dog Harness for breathable comfort. Perfect fit, easy to use. Shop now for quality!","og_url":"https:\/\/qqpets.com\/lv\/products\/mesh-step-in-dog-harness\/","og_site_name":"QQPETS","article_publisher":"https:\/\/www.facebook.com\/QQpetsdogcollars","article_modified_time":"2024-08-31T09:25:22+00:00","og_image":[{"width":1600,"height":1600,"url":"https:\/\/qqpets.com\/wp-content\/uploads\/2024\/08\/step-in-dog-harness1.webp","type":"image\/webp"}],"twitter_card":"summary_large_image","twitter_misc":{"Est. reading time":"3 min\u016btes"},"schema":{"@context":"https:\/\/schema.org","@graph":[{"@type":"WebPage","@id":"https:\/\/qqpets.com\/product\/mesh-step-in-dog-harness\/","url":"https:\/\/qqpets.com\/product\/mesh-step-in-dog-harness\/","name":"Linuma sieta su\u0146u siksnas | QQPETS","isPartOf":{"@id":"https:\/\/qqpets.com\/#website"},"primaryImageOfPage":{"@id":"https:\/\/qqpets.com\/product\/mesh-step-in-dog-harness\/#primaryimage"},"image":{"@id":"https:\/\/qqpets.com\/product\/mesh-step-in-dog-harness\/#primaryimage"},"thumbnailUrl":"https:\/\/qqpets.com\/wp-content\/uploads\/2024\/08\/step-in-dog-harness1.webp","datePublished":"2024-08-31T09:24:16+00:00","dateModified":"2024-08-31T09:25:22+00:00","description":"Izp\u0113tiet m\u016bsu Mesh Step In su\u0146u siksnas, kas nodro\u0161ina elpojo\u0161u komfortu. Ide\u0101li piem\u0113rots, viegli lietojams. Ieg\u0101d\u0101jieties tagad, lai ieg\u016btu kvalit\u0101ti!","breadcrumb":{"@id":"https:\/\/qqpets.com\/product\/mesh-step-in-dog-harness\/#breadcrumb"},"inLanguage":"lv-LV","potentialAction":[{"@type":"ReadAction","target":["https:\/\/qqpets.com\/product\/mesh-step-in-dog-harness\/"]}]},{"@type":"ImageObject","inLanguage":"lv-LV","@id":"https:\/\/qqpets.com\/product\/mesh-step-in-dog-harness\/#primaryimage","url":"https:\/\/qqpets.com\/wp-content\/uploads\/2024\/08\/step-in-dog-harness1.webp","contentUrl":"https:\/\/qqpets.com\/wp-content\/uploads\/2024\/08\/step-in-dog-harness1.webp","width":1600,"height":1600},{"@type":"BreadcrumbList","@id":"https:\/\/qqpets.com\/product\/mesh-step-in-dog-harness\/#breadcrumb","itemListElement":[{"@type":"ListItem","position":1,"name":"Home","item":"https:\/\/qqpets.com\/"},{"@type":"ListItem","position":2,"name":"Products","item":"https:\/\/qqpets.com\/pet-products-manufacturer\/"},{"@type":"ListItem","position":3,"name":"Mesh Step in Dog Harness"}]},{"@type":"WebSite","@id":"https:\/\/qqpets.com\/#website","url":"https:\/\/qqpets.com\/","name":"QQPETS","description":"QQPETS ir lolojumdz\u012bvnieku produktu r\u016bpn\u012bca su\u0146u siksn\u0101m, su\u0146u apkakles, su\u0146u pavadas un su\u0146u aksesu\u0101ri ar profesion\u0101lu piel\u0101gotu pakalpojumu kop\u0161 2005. gada.","publisher":{"@id":"https:\/\/qqpets.com\/#organization"},"potentialAction":[{"@type":"SearchAction","target":{"@type":"EntryPoint","urlTemplate":"https:\/\/qqpets.com\/?s={search_term_string}"},"query-input":{"@type":"PropertyValueSpecification","valueRequired":true,"valueName":"search_term_string"}}],"inLanguage":"lv-LV"},{"@type":"Organization","@id":"https:\/\/qqpets.com\/#organization","name":"QQPETS","url":"https:\/\/qqpets.com\/","logo":{"@type":"ImageObject","inLanguage":"lv-LV","@id":"https:\/\/qqpets.com\/#\/schema\/logo\/image\/","url":"https:\/\/qqpets.com\/wp-content\/uploads\/2023\/09\/cropped-cropped-qqpets-tiktok.jpg","contentUrl":"https:\/\/qqpets.com\/wp-content\/uploads\/2023\/09\/cropped-cropped-qqpets-tiktok.jpg","width":511,"height":511,"caption":"QQPETS"},"image":{"@id":"https:\/\/qqpets.com\/#\/schema\/logo\/image\/"},"sameAs":["https:\/\/www.facebook.com\/QQpetsdogcollars","https:\/\/www.instagram.com\/qqpetscollar\/","https:\/\/www.pinterest.com\/qqpetsdogcollarsfactory\/"]}]}},"_links":{"self":[{"href":"https:\/\/qqpets.com\/lv\/wp-json\/wp\/v2\/product\/7695","targetHints":{"allow":["GET"]}}],"collection":[{"href":"https:\/\/qqpets.com\/lv\/wp-json\/wp\/v2\/product"}],"about":[{"href":"https:\/\/qqpets.com\/lv\/wp-json\/wp\/v2\/types\/product"}],"wp:featuredmedia":[{"embeddable":true,"href":"https:\/\/qqpets.com\/lv\/wp-json\/wp\/v2\/media\/7697"}],"wp:attachment":[{"href":"https:\/\/qqpets.com\/lv\/wp-json\/wp\/v2\/media?parent=7695"}],"wp:term":[{"taxonomy":"product_brand","embeddable":true,"href":"https:\/\/qqpets.com\/lv\/wp-json\/wp\/v2\/product_brand?post=7695"},{"taxonomy":"product_cat","embeddable":true,"href":"https:\/\/qqpets.com\/lv\/wp-json\/wp\/v2\/product_cat?post=7695"},{"taxonomy":"product_tag","embeddable":true,"href":"https:\/\/qqpets.com\/lv\/wp-json\/wp\/v2\/product_tag?post=7695"}],"curies":[{"name":"wp","href":"https:\/\/api.w.org\/{rel}","templated":true}]}}