{"id":7740,"date":"2024-09-02T15:02:10","date_gmt":"2024-09-02T07:02:10","guid":{"rendered":"https:\/\/qqpets.com\/?post_type=product&#038;p=7740"},"modified":"2024-11-13T14:56:51","modified_gmt":"2024-11-13T06:56:51","slug":"tactical-dog-collar","status":"publish","type":"product","link":"https:\/\/qqpets.com\/lv\/products\/tactical-dog-collar\/","title":{"rendered":"Taktisk\u0101 su\u0146u apkakle Heavy Duty met\u0101la spr\u0101dze ar rokturi su\u0146u apm\u0101c\u012bbai"},"content":{"rendered":"<p>Ar m\u016bsu taktisko su\u0146u apkakli ievietojiet sava su\u0146a aksesu\u0101ru milit\u0101ro iztur\u012bbu un funkcionalit\u0101ti. \u0160\u012b apkakle ir \u012bpa\u0161i izstr\u0101d\u0101ta darba su\u0146iem, apvienojot iztur\u012bgu konstrukciju un praktisku dizainu, lai iztur\u0113tu vissmag\u0101k\u0101s vides apst\u0101k\u013cus.<\/p>\n<p>Kakla siksna ir izgatavota no augstas iztur\u012bbas neilona auduma, tai ir iztur\u012bga met\u0101la spr\u0101dze un D veida gredzens, kas nodro\u0161ina dro\u0161us pavadas stiprin\u0101juma punktus. Tas nodro\u0161ina, ka apkakle ir dro\u0161i piestiprin\u0101ta neatkar\u012bgi no aktivit\u0101tes l\u012bme\u0146a.<\/p>\n<p>Apkakle ir veidota ar platu siksnu, lai vienm\u0113r\u012bgi sadal\u012btu spiedienu, kas pal\u012bdz nov\u0113rst aizr\u012b\u0161anos un diskomfortu ener\u0123isku aktivit\u0101\u0161u laik\u0101. Regul\u0113jamais stiprin\u0101jums \u013cauj piel\u0101got stingr\u012bbu atbilsto\u0161i su\u0146a kakla izm\u0113ram un nodro\u0161ina komfortu garas n\u0113s\u0101\u0161anas laik\u0101.<\/p>\n<p>Vad\u012bt\u0101jiem, kuriem no sava ekip\u0113juma nepiecie\u0161ams vair\u0101k, \u0161\u012b apkakle ir apr\u012bkota ar papildu funkcij\u0101m, piem\u0113ram, \u0101\u0137a un cilpas paneli identifik\u0101cijas pl\u0101ksteru vai cita taktisk\u0101 ekip\u0113juma piestiprin\u0101\u0161anai. Neatkar\u012bgi no t\u0101, vai j\u016bs tren\u0113jaties, patrul\u0113jat vai vienk\u0101r\u0161i baud\u0101t piedz\u012bvojumus br\u012bv\u0101 dab\u0101, \u0161\u012b apkakle ir veidota t\u0101, lai nodro\u0161in\u0101tu izcilu kontroli un ilgm\u016b\u017e\u012bbu.<\/p>\n<p>M\u016bsu taktisk\u0101 su\u0146u apkakle, kas ir ide\u0101li piem\u0113rota person\u012bgajiem sargsu\u0146iem, apvieno iztur\u012bbu, komfortu un uzticam\u012bbu. Tas ir b\u016btisks r\u012bks jebkuram su\u0146u trenerim ar vispras\u012bg\u0101ko apr\u012bkojumu, kuram ir j\u0101nodro\u0161ina, ka vi\u0146a su\u0146i darbojas p\u0113c iesp\u0113jas lab\u0101k.<\/p>\n<h4><strong>Vai taktisk\u0101s siksnas ir piem\u0113rotas su\u0146iem?<\/strong><\/h4>\n<p>Taktisk\u0101s siksnas var b\u016bt noder\u012bgas \u012bpa\u0161iem m\u0113r\u0137iem. T\u0101s ir iztur\u012bgas, nodro\u0161ina labu kontroli un var p\u0101rn\u0113s\u0101t apr\u012bkojumu, t\u0101p\u0113c t\u0101s ir piem\u0113rotas darba vai dienesta su\u0146iem, kas iesaist\u012bti t\u0101d\u0101s aktivit\u0101t\u0113s k\u0101 mekl\u0113\u0161ana un gl\u0101b\u0161ana, policijas darbs vai milit\u0101ri uzdevumi.<\/p>\n<h4><strong>K\u0101p\u0113c sunim b\u016btu nepiecie\u0161ama taktisk\u0101 veste?<\/strong><\/h4>\n<p>Ja suns ir iesaist\u012bts ties\u012bbaizsardz\u012bbas, milit\u0101raj\u0101s oper\u0101cij\u0101s vai mekl\u0113\u0161anas un gl\u0101b\u0161anas darb\u012bb\u0101s, vi\u0146am var b\u016bt nepiecie\u0161ama taktisk\u0101 veste. Vest\u0113 var glab\u0101t ekip\u0113jumu, t\u0101 var uzlabot redzam\u012bbu, nodro\u0161in\u0101t \u0137erme\u0146a aizsardz\u012bbu un taj\u0101 var b\u016bt rokturi su\u0146a vad\u012b\u0161anas kontrolei.<\/p>\n<h4><strong>Vai taktisk\u0101s su\u0146u apkakles ir dro\u0161as?<\/strong><\/h4>\n<p>Taktisk\u0101s su\u0146u apkakles parasti ir dro\u0161as, ja t\u0101s lieto pareizi. T\u0101s ir izstr\u0101d\u0101tas t\u0101, lai b\u016btu iztur\u012bgas un nodro\u0161in\u0101tu papildu kontroli. Tom\u0113r, t\u0101pat k\u0101 jebkurai apkaklei, t\u0101m ir j\u0101b\u016bt pareizi piegu\u013co\u0161\u0101m, lai nerad\u012btu diskomfortu vai traumas.<\/p>\n<h4><strong>K\u0101dam nol\u016bkam tiek izmantota taktisk\u0101 su\u0146u apkakle?<\/strong><\/h4>\n<p>Taktisk\u0101 su\u0146u apkakle tiek izmantota pastiprin\u0101tai kontrolei un iztur\u012bbai stingru aktivit\u0101\u0161u laik\u0101. T\u0101s bie\u017ei vien ir izgatavotas no iztur\u012bgiem materi\u0101liem, un taj\u0101s var b\u016bt rokturi vai stiprin\u0101juma punkti pavad\u0101m un apr\u012bkojumam, kas ir noder\u012bgi treni\u0146u un darba scen\u0101rijos.<\/p>\n<h4><strong>K\u0101p\u0113c su\u0146u treneri neizmanto siksnas?<\/strong><\/h4>\n<p>Da\u017ei su\u0146u treneri izv\u0113las neizmantot siksnas, jo t\u0101s var veicin\u0101t vilk\u0161anu, \u013caujot su\u0146iem efekt\u012bv\u0101k izmantot savu \u0137erme\u0146a sp\u0113ku. Treneri, kuru m\u0113r\u0137is ir iem\u0101c\u012bt sunim uzved\u012bbu pavad\u0101, var izv\u0113l\u0113ties apkakles, kas nodro\u0161ina lab\u0101ku kontroli p\u0101r su\u0146a galvas un \u0137erme\u0146a virzienu.<\/p>\n<h4><strong>Vai veterin\u0101r\u0101rsti iesaka siksnas?<\/strong><\/h4>\n<p>Daudzi veterin\u0101r\u0101rsti iesaka izmantot siksnas, \u012bpa\u0161i su\u0146iem ar elpo\u0161anas probl\u0113m\u0101m, kakla traum\u0101m vai trahejas probl\u0113m\u0101m, jo siksnas vienm\u0113r\u012bg\u0101k sadala spiedienu uz \u0137ermeni, t\u0101d\u0113j\u0101di samazinot spriedzi kakl\u0101.<\/p>","protected":false},"excerpt":{"rendered":"<p>Pastipriniet sava su\u0146a ekip\u0113jumu ar m\u016bsu taktisko su\u0146u apkakli, kas izstr\u0101d\u0101ta, lai nodro\u0161in\u0101tu iztur\u012bbu un veiktsp\u0113ju. \u0160\u012b apkakle ir apr\u012bkota ar iztur\u012bgiem materi\u0101liem, iztur\u012bgu spr\u0101dzi un D veida gredzenu dro\u0161ai pavadas piestiprin\u0101\u0161anai, un t\u0101 ir ide\u0101li piem\u0113rota apm\u0101c\u012bb\u0101m un akt\u012bvai darb\u012bbai. Regul\u0113jam\u0101 konstrukcija nodro\u0161ina \u0113rtu un dro\u0161u piegu\u013c\u0161anu, bet pastiprin\u0101tie \u0161uves nodro\u0161ina papildu iztur\u012bbu. Ide\u0101li piem\u0113rota darba su\u0146iem un tiem, kas nodarbojas ar \u0101ra aktivit\u0101t\u0113m.<\/p>","protected":false},"featured_media":7234,"template":"","meta":[],"product_brand":[],"product_cat":[26],"product_tag":[],"class_list":{"0":"post-7740","1":"product","2":"type-product","3":"status-publish","4":"has-post-thumbnail","6":"product_cat-dog-collar","7":"pa_brand-qqpets","9":"first","10":"instock","11":"shipping-taxable","12":"product-type-simple"},"yoast_head":"<!-- This site is optimized with the Yoast SEO plugin v26.6 - https:\/\/yoast.com\/wordpress\/plugins\/seo\/ -->\n<title>Tactical Dog Collar Heavy Duty Metal Buckle with Handle for Dog Training | QQPETS<\/title>\n<meta name=\"description\" content=\"Durable Tactical Dog Collar for enhanced control and reliability. Built for training and field use. Shop now!\" \/>\n<meta name=\"robots\" content=\"index, follow, max-snippet:-1, max-image-preview:large, max-video-preview:-1\" \/>\n<link rel=\"canonical\" href=\"https:\/\/qqpets.com\/lv\/products\/tactical-dog-collar\/\" \/>\n<meta property=\"og:locale\" content=\"lv_LV\" \/>\n<meta property=\"og:type\" content=\"article\" \/>\n<meta property=\"og:title\" content=\"Tactical Dog Collar Heavy Duty Metal Buckle with Handle for Dog Training | QQPETS\" \/>\n<meta property=\"og:description\" content=\"Durable Tactical Dog Collar for enhanced control and reliability. Built for training and field use. Shop now!\" \/>\n<meta property=\"og:url\" content=\"https:\/\/qqpets.com\/lv\/products\/tactical-dog-collar\/\" \/>\n<meta property=\"og:site_name\" content=\"QQPETS\" \/>\n<meta property=\"article:publisher\" content=\"https:\/\/www.facebook.com\/QQpetsdogcollars\" \/>\n<meta property=\"article:modified_time\" content=\"2024-11-13T06:56:51+00:00\" \/>\n<meta property=\"og:image\" content=\"https:\/\/qqpets.com\/wp-content\/uploads\/2023\/09\/large-dog-collar.webp\" \/>\n\t<meta property=\"og:image:width\" content=\"1000\" \/>\n\t<meta property=\"og:image:height\" content=\"929\" \/>\n\t<meta property=\"og:image:type\" content=\"image\/webp\" \/>\n<meta name=\"twitter:card\" content=\"summary_large_image\" \/>\n<meta name=\"twitter:label1\" content=\"Est. reading time\" \/>\n\t<meta name=\"twitter:data1\" content=\"3 min\u016btes\" \/>\n<script type=\"application\/ld+json\" class=\"yoast-schema-graph\">{\"@context\":\"https:\/\/schema.org\",\"@graph\":[{\"@type\":\"WebPage\",\"@id\":\"https:\/\/qqpets.com\/product\/tactical-dog-collar\/\",\"url\":\"https:\/\/qqpets.com\/product\/tactical-dog-collar\/\",\"name\":\"Tactical Dog Collar Heavy Duty Metal Buckle with Handle for Dog Training | QQPETS\",\"isPartOf\":{\"@id\":\"https:\/\/qqpets.com\/#website\"},\"primaryImageOfPage\":{\"@id\":\"https:\/\/qqpets.com\/product\/tactical-dog-collar\/#primaryimage\"},\"image\":{\"@id\":\"https:\/\/qqpets.com\/product\/tactical-dog-collar\/#primaryimage\"},\"thumbnailUrl\":\"https:\/\/qqpets.com\/wp-content\/uploads\/2023\/09\/large-dog-collar.webp\",\"datePublished\":\"2024-09-02T07:02:10+00:00\",\"dateModified\":\"2024-11-13T06:56:51+00:00\",\"description\":\"Durable Tactical Dog Collar for enhanced control and reliability. Built for training and field use. Shop now!\",\"breadcrumb\":{\"@id\":\"https:\/\/qqpets.com\/product\/tactical-dog-collar\/#breadcrumb\"},\"inLanguage\":\"lv-LV\",\"potentialAction\":[{\"@type\":\"ReadAction\",\"target\":[\"https:\/\/qqpets.com\/product\/tactical-dog-collar\/\"]}]},{\"@type\":\"ImageObject\",\"inLanguage\":\"lv-LV\",\"@id\":\"https:\/\/qqpets.com\/product\/tactical-dog-collar\/#primaryimage\",\"url\":\"https:\/\/qqpets.com\/wp-content\/uploads\/2023\/09\/large-dog-collar.webp\",\"contentUrl\":\"https:\/\/qqpets.com\/wp-content\/uploads\/2023\/09\/large-dog-collar.webp\",\"width\":1000,\"height\":929,\"caption\":\"tactical dog collar\"},{\"@type\":\"BreadcrumbList\",\"@id\":\"https:\/\/qqpets.com\/product\/tactical-dog-collar\/#breadcrumb\",\"itemListElement\":[{\"@type\":\"ListItem\",\"position\":1,\"name\":\"Home\",\"item\":\"https:\/\/qqpets.com\/\"},{\"@type\":\"ListItem\",\"position\":2,\"name\":\"Products\",\"item\":\"https:\/\/qqpets.com\/pet-products-manufacturer\/\"},{\"@type\":\"ListItem\",\"position\":3,\"name\":\"Tactical Dog Collar Heavy Duty Metal Buckle with Handle for Dog Training\"}]},{\"@type\":\"WebSite\",\"@id\":\"https:\/\/qqpets.com\/#website\",\"url\":\"https:\/\/qqpets.com\/\",\"name\":\"QQPETS\",\"description\":\"QQPETS is a pet products factory for dog harnesses, dog collars, dog leashes and dog accessories with professional customized service since 2005.\",\"publisher\":{\"@id\":\"https:\/\/qqpets.com\/#organization\"},\"potentialAction\":[{\"@type\":\"SearchAction\",\"target\":{\"@type\":\"EntryPoint\",\"urlTemplate\":\"https:\/\/qqpets.com\/?s={search_term_string}\"},\"query-input\":{\"@type\":\"PropertyValueSpecification\",\"valueRequired\":true,\"valueName\":\"search_term_string\"}}],\"inLanguage\":\"lv-LV\"},{\"@type\":\"Organization\",\"@id\":\"https:\/\/qqpets.com\/#organization\",\"name\":\"QQPETS\",\"url\":\"https:\/\/qqpets.com\/\",\"logo\":{\"@type\":\"ImageObject\",\"inLanguage\":\"lv-LV\",\"@id\":\"https:\/\/qqpets.com\/#\/schema\/logo\/image\/\",\"url\":\"https:\/\/qqpets.com\/wp-content\/uploads\/2023\/09\/cropped-cropped-qqpets-tiktok.jpg\",\"contentUrl\":\"https:\/\/qqpets.com\/wp-content\/uploads\/2023\/09\/cropped-cropped-qqpets-tiktok.jpg\",\"width\":511,\"height\":511,\"caption\":\"QQPETS\"},\"image\":{\"@id\":\"https:\/\/qqpets.com\/#\/schema\/logo\/image\/\"},\"sameAs\":[\"https:\/\/www.facebook.com\/QQpetsdogcollars\",\"https:\/\/www.instagram.com\/qqpetscollar\/\",\"https:\/\/www.pinterest.com\/qqpetsdogcollarsfactory\/\"]}]}<\/script>\n<!-- \/ Yoast SEO plugin. -->","yoast_head_json":{"title":"Taktisk\u0101 su\u0146u apkakle Heavy Duty met\u0101la spr\u0101dze ar rokturi su\u0146u apm\u0101c\u012bbai | QQPETS","description":"Iztur\u012bga taktisk\u0101 su\u0146u apkakle uzlabotai kontrolei un uzticam\u012bbai. Rad\u012bta apm\u0101c\u012bbai un lieto\u0161anai uz lauka. Iep\u0113rcies tagad!","robots":{"index":"index","follow":"follow","max-snippet":"max-snippet:-1","max-image-preview":"max-image-preview:large","max-video-preview":"max-video-preview:-1"},"canonical":"https:\/\/qqpets.com\/lv\/products\/tactical-dog-collar\/","og_locale":"lv_LV","og_type":"article","og_title":"Tactical Dog Collar Heavy Duty Metal Buckle with Handle for Dog Training | QQPETS","og_description":"Durable Tactical Dog Collar for enhanced control and reliability. Built for training and field use. Shop now!","og_url":"https:\/\/qqpets.com\/lv\/products\/tactical-dog-collar\/","og_site_name":"QQPETS","article_publisher":"https:\/\/www.facebook.com\/QQpetsdogcollars","article_modified_time":"2024-11-13T06:56:51+00:00","og_image":[{"width":1000,"height":929,"url":"https:\/\/qqpets.com\/wp-content\/uploads\/2023\/09\/large-dog-collar.webp","type":"image\/webp"}],"twitter_card":"summary_large_image","twitter_misc":{"Est. reading time":"3 min\u016btes"},"schema":{"@context":"https:\/\/schema.org","@graph":[{"@type":"WebPage","@id":"https:\/\/qqpets.com\/product\/tactical-dog-collar\/","url":"https:\/\/qqpets.com\/product\/tactical-dog-collar\/","name":"Taktisk\u0101 su\u0146u apkakle Heavy Duty met\u0101la spr\u0101dze ar rokturi su\u0146u apm\u0101c\u012bbai | QQPETS","isPartOf":{"@id":"https:\/\/qqpets.com\/#website"},"primaryImageOfPage":{"@id":"https:\/\/qqpets.com\/product\/tactical-dog-collar\/#primaryimage"},"image":{"@id":"https:\/\/qqpets.com\/product\/tactical-dog-collar\/#primaryimage"},"thumbnailUrl":"https:\/\/qqpets.com\/wp-content\/uploads\/2023\/09\/large-dog-collar.webp","datePublished":"2024-09-02T07:02:10+00:00","dateModified":"2024-11-13T06:56:51+00:00","description":"Iztur\u012bga taktisk\u0101 su\u0146u apkakle uzlabotai kontrolei un uzticam\u012bbai. Rad\u012bta apm\u0101c\u012bbai un lieto\u0161anai uz lauka. Iep\u0113rcies tagad!","breadcrumb":{"@id":"https:\/\/qqpets.com\/product\/tactical-dog-collar\/#breadcrumb"},"inLanguage":"lv-LV","potentialAction":[{"@type":"ReadAction","target":["https:\/\/qqpets.com\/product\/tactical-dog-collar\/"]}]},{"@type":"ImageObject","inLanguage":"lv-LV","@id":"https:\/\/qqpets.com\/product\/tactical-dog-collar\/#primaryimage","url":"https:\/\/qqpets.com\/wp-content\/uploads\/2023\/09\/large-dog-collar.webp","contentUrl":"https:\/\/qqpets.com\/wp-content\/uploads\/2023\/09\/large-dog-collar.webp","width":1000,"height":929,"caption":"tactical dog collar"},{"@type":"BreadcrumbList","@id":"https:\/\/qqpets.com\/product\/tactical-dog-collar\/#breadcrumb","itemListElement":[{"@type":"ListItem","position":1,"name":"Home","item":"https:\/\/qqpets.com\/"},{"@type":"ListItem","position":2,"name":"Products","item":"https:\/\/qqpets.com\/pet-products-manufacturer\/"},{"@type":"ListItem","position":3,"name":"Tactical Dog Collar Heavy Duty Metal Buckle with Handle for Dog Training"}]},{"@type":"WebSite","@id":"https:\/\/qqpets.com\/#website","url":"https:\/\/qqpets.com\/","name":"QQPETS","description":"QQPETS ir lolojumdz\u012bvnieku produktu r\u016bpn\u012bca su\u0146u siksn\u0101m, su\u0146u apkakles, su\u0146u pavadas un su\u0146u aksesu\u0101ri ar profesion\u0101lu piel\u0101gotu pakalpojumu kop\u0161 2005. gada.","publisher":{"@id":"https:\/\/qqpets.com\/#organization"},"potentialAction":[{"@type":"SearchAction","target":{"@type":"EntryPoint","urlTemplate":"https:\/\/qqpets.com\/?s={search_term_string}"},"query-input":{"@type":"PropertyValueSpecification","valueRequired":true,"valueName":"search_term_string"}}],"inLanguage":"lv-LV"},{"@type":"Organization","@id":"https:\/\/qqpets.com\/#organization","name":"QQPETS","url":"https:\/\/qqpets.com\/","logo":{"@type":"ImageObject","inLanguage":"lv-LV","@id":"https:\/\/qqpets.com\/#\/schema\/logo\/image\/","url":"https:\/\/qqpets.com\/wp-content\/uploads\/2023\/09\/cropped-cropped-qqpets-tiktok.jpg","contentUrl":"https:\/\/qqpets.com\/wp-content\/uploads\/2023\/09\/cropped-cropped-qqpets-tiktok.jpg","width":511,"height":511,"caption":"QQPETS"},"image":{"@id":"https:\/\/qqpets.com\/#\/schema\/logo\/image\/"},"sameAs":["https:\/\/www.facebook.com\/QQpetsdogcollars","https:\/\/www.instagram.com\/qqpetscollar\/","https:\/\/www.pinterest.com\/qqpetsdogcollarsfactory\/"]}]}},"_links":{"self":[{"href":"https:\/\/qqpets.com\/lv\/wp-json\/wp\/v2\/product\/7740","targetHints":{"allow":["GET"]}}],"collection":[{"href":"https:\/\/qqpets.com\/lv\/wp-json\/wp\/v2\/product"}],"about":[{"href":"https:\/\/qqpets.com\/lv\/wp-json\/wp\/v2\/types\/product"}],"wp:featuredmedia":[{"embeddable":true,"href":"https:\/\/qqpets.com\/lv\/wp-json\/wp\/v2\/media\/7234"}],"wp:attachment":[{"href":"https:\/\/qqpets.com\/lv\/wp-json\/wp\/v2\/media?parent=7740"}],"wp:term":[{"taxonomy":"product_brand","embeddable":true,"href":"https:\/\/qqpets.com\/lv\/wp-json\/wp\/v2\/product_brand?post=7740"},{"taxonomy":"product_cat","embeddable":true,"href":"https:\/\/qqpets.com\/lv\/wp-json\/wp\/v2\/product_cat?post=7740"},{"taxonomy":"product_tag","embeddable":true,"href":"https:\/\/qqpets.com\/lv\/wp-json\/wp\/v2\/product_tag?post=7740"}],"curies":[{"name":"wp","href":"https:\/\/api.w.org\/{rel}","templated":true}]}}