{"id":7748,"date":"2024-09-02T15:40:07","date_gmt":"2024-09-02T07:40:07","guid":{"rendered":"https:\/\/qqpets.com\/?post_type=product&#038;p=7748"},"modified":"2024-09-03T16:47:29","modified_gmt":"2024-09-03T08:47:29","slug":"reflective-dog-collar","status":"publish","type":"product","link":"https:\/\/qqpets.com\/lv\/products\/reflective-dog-collar\/","title":{"rendered":"Atstarojo\u0161a su\u0146u apkakle"},"content":{"rendered":"<p>Iepaz\u012bstin\u0101m ar m\u016bsu atstarojo\u0161o su\u0146u apkakli, kas ir svar\u012bgs dro\u0161\u012bbas aksesu\u0101rs jebkuram m\u0101jdz\u012bvniekam, kur\u0161 akt\u012bvi p\u0101rvietojas vakar\u0101 vai agri no r\u012bta. \u0160\u012b apkakle ir izstr\u0101d\u0101ta, lai maksim\u0101li uzlabotu j\u016bsu su\u0146a redzam\u012bbu v\u0101j\u0101 apgaismojum\u0101, pateicoties augstas kvalit\u0101tes atstarojo\u0161ajam materi\u0101lam, kas uztver ielu lukturu un lukturu gaismu, nodro\u0161inot, ka suns ir redzams no att\u0101luma.<\/p>\n<p>Izgatavota no iztur\u012bgiem, augstas stipr\u012bbas materi\u0101liem, apkakle iztur ikdienas lieto\u0161anas gr\u016bt\u012bbas, vienlaikus saglab\u0101jot komfortu. Regul\u0113jam\u0101 konstrukcija \u013cauj piel\u0101got piel\u0101gojamo dizainu, nodro\u0161inot, ka apkakle ir cie\u0161i piegu\u013co\u0161a, bet vienlaikus \u0113rta j\u016bsu sunim, nov\u0113r\u0161ot sl\u012bd\u0113\u0161anu un sasitumus.<\/p>\n<p>Papildus atstarojo\u0161aj\u0101m funkcij\u0101m \u0161\u012b apkakle ir apr\u012bkota ar iztur\u012bgu spr\u0101dzi dro\u0161ai aizdarei un iztur\u012bgu D veida gredzenu dro\u0161ai pavadas piestiprin\u0101\u0161anai. Neatkar\u012bgi no t\u0101, vai esat izg\u0101jis ikdienas vakara pastaig\u0101 vai agr\u0101 r\u012bta skr\u0113jien\u0101, \u0161\u012b apkakle nodro\u0161ina, ka j\u016bsu m\u012blulis vienm\u0113r ir redzams un dro\u0161\u012bb\u0101.<\/p>\n<p>M\u016bsu atstarojo\u0161\u0101 su\u0146u apkakle ir ne tikai funkcion\u0101la, bet ar\u012b stil\u012bga. T\u0101 ir pieejama da\u017e\u0101d\u0101s kr\u0101s\u0101s, un j\u016bs varat izv\u0113l\u0113ties ide\u0101li piem\u0113rotu j\u016bsu m\u012blu\u013ca person\u012bbai un stilam, padarot to par lielisku papildin\u0101jumu vi\u0146a garderobei. T\u0101 ir ide\u0101la izv\u0113le ikvienam, kas v\u0113las uzlabot sava su\u0146a dro\u0161\u012bbu ikdienas aktivit\u0101\u0161u laik\u0101, nodro\u0161inot dro\u0161\u012bbas, stila un miera apvienojumu.<\/p>\n<h5><strong>Vai su\u0146iem ir piem\u0113rotas atstarojo\u0161\u0101s apkakles?<\/strong><\/h5>\n<p>J\u0101, atstarojo\u0161\u0101s apkakles ir noder\u012bgas su\u0146iem, jo t\u0101s uzlabo redzam\u012bbu v\u0101j\u0101 apgaismojum\u0101, piem\u0113ram, vakara pastaig\u0101s vai migl\u0101, un uzlabo dro\u0161\u012bbu, padarot suni lab\u0101k redzamu autovad\u012bt\u0101jiem un citiem.<\/p>\n<h5><strong>Vai j\u016bs varat izgatavot su\u0146a apkakli ar atstarojo\u0161u gaismu?<\/strong><\/h5>\n<p>J\u0101, j\u016bs varat padar\u012bt su\u0146a apkakli atstarojo\u0161u, pievienojot atstarojo\u0161u lentu vai ieg\u0101d\u0101joties piekabes luktur\u012b\u0161us vai atstarojo\u0161us piekari\u0146us, kas piestiprin\u0101mi pie apkakles.<\/p>\n<h5><strong>Vai su\u0146u apkakles ar apgaismojumu ir dro\u0161as?<\/strong><\/h5>\n<p>J\u0101, apgaismojo\u0161as su\u0146u apkakles parasti ir dro\u0161as. T\u0101s pal\u012bdz saglab\u0101t su\u0146a redzam\u012bbu tum\u0161os apst\u0101k\u013cos. Tom\u0113r p\u0101rliecinieties, vai apkakle ir pareizi piestiprin\u0101ta, vai gaismas elementi ir dro\u0161i piestiprin\u0101ti un vai bateriju apvalks ir \u016bdensiztur\u012bgs un dro\u0161s pret boj\u0101jumiem, lai nepie\u013cautu, ka suns piek\u013c\u016bst baterij\u0101m.<\/p>\n<h5><strong>Vai su\u0146u izseko\u0161anas apkakles ir t\u0101 v\u0113rtas?<\/strong><\/h5>\n<p>Su\u0146u izseko\u0161anas apkakles var b\u016bt t\u0101 v\u0113rts, jo \u012bpa\u0161i tiem m\u0101jdz\u012bvnieku \u012bpa\u0161niekiem, kuri dz\u012bvo lauku apvidos vai kuru su\u0146iem ir tendence klai\u0146ot vai b\u0113gt. \u0160\u012bs apkakles izmanto GPS vai citas tehnolo\u0123ijas, lai pal\u012bdz\u0113tu atrast suni, ja vi\u0146\u0161 apmald\u0101s.<\/p>\n<h5><strong>Vai su\u0146iem dr\u012bkst visu laiku n\u0113s\u0101t apkakles?<\/strong><\/h5>\n<p>Su\u0146iem parasti ir dro\u0161i visu laiku n\u0113s\u0101t apkakles, ja vien apkakle ir labi piegu\u013co\u0161a, \u0113rta un izgatavota no nekairino\u0161iem materi\u0101liem. Tom\u0113r ir svar\u012bgi laiku pa laikam p\u0101rbaud\u012bt, vai apkakle neuzr\u0101da nodiluma vai kairin\u0101juma paz\u012bmes, un no\u0146emt apkakli dro\u0161\u0101, sl\u0113gt\u0101 vid\u0113, ja past\u0101v aiz\u0137er\u0161an\u0101s risks.<\/p>\n<h5><strong>K\u0101da ir lab\u0101k\u0101 apkakle sunim?<\/strong><\/h5>\n<p>Lab\u0101k\u0101 apkakle sunim ir atkar\u012bga no su\u0146a \u012bpa\u0161aj\u0101m vajadz\u012bb\u0101m un aktivit\u0101t\u0113m. Visp\u0101r\u0113jai lieto\u0161anai bie\u017ei vien iesaka plakanu, regul\u0113jamu neilona vai \u0101das apkakli, jo t\u0101 ir iztur\u012bga, \u0113rta un viegli lietojama. Tai j\u0101b\u016bt dro\u0161ai spr\u0101dzei un gredzenam identifik\u0101cijas birku un pavadas piestiprin\u0101\u0161anai.<\/p>","protected":false},"excerpt":{"rendered":"<p>Uzlabojiet sava su\u0146a dro\u0161\u012bbu nakt\u012b ar m\u016bsu atstarojo\u0161o su\u0146u apkakli. \u0160\u012b apkakle ir izstr\u0101d\u0101ta, lai nodro\u0161in\u0101tu labu redzam\u012bbu, un tai ir spilgts atstarojo\u0161s materi\u0101ls, kas nodro\u0161ina, ka j\u016bsu m\u012blulis ir redzams v\u0101j\u0101 apgaismojum\u0101. T\u0101 ir regul\u0113jama, lai ide\u0101li piegu\u013c, un ir izgatavota no iztur\u012bgiem materi\u0101liem ilgsto\u0161ai lieto\u0161anai. T\u0101 ir ide\u0101li piem\u0113rota vakara pastaig\u0101m un apvieno dro\u0161\u012bbu ar komfortu, nodro\u0161inot sirdsmieru katr\u0101 pastaig\u0101.<\/p>","protected":false},"featured_media":7673,"template":"","meta":[],"product_brand":[],"product_cat":[26],"product_tag":[],"class_list":{"0":"post-7748","1":"product","2":"type-product","3":"status-publish","4":"has-post-thumbnail","6":"product_cat-dog-collar","7":"pa_brand-qqpets","9":"first","10":"instock","11":"shipping-taxable","12":"product-type-simple"},"yoast_head":"<!-- This site is optimized with the Yoast SEO plugin v26.6 - https:\/\/yoast.com\/wordpress\/plugins\/seo\/ -->\n<title>Reflective Dog Collar | QQPETS<\/title>\n<meta name=\"description\" content=\"Boost nighttime safety with our Reflective Dog Collar. High visibility for evening walks. Secure and stylish!\" \/>\n<meta name=\"robots\" content=\"index, follow, max-snippet:-1, max-image-preview:large, max-video-preview:-1\" \/>\n<link rel=\"canonical\" href=\"https:\/\/qqpets.com\/lv\/products\/reflective-dog-collar\/\" \/>\n<meta property=\"og:locale\" content=\"lv_LV\" \/>\n<meta property=\"og:type\" content=\"article\" \/>\n<meta property=\"og:title\" content=\"Reflective Dog Collar | QQPETS\" \/>\n<meta property=\"og:description\" content=\"Boost nighttime safety with our Reflective Dog Collar. High visibility for evening walks. Secure and stylish!\" \/>\n<meta property=\"og:url\" content=\"https:\/\/qqpets.com\/lv\/products\/reflective-dog-collar\/\" \/>\n<meta property=\"og:site_name\" content=\"QQPETS\" \/>\n<meta property=\"article:publisher\" content=\"https:\/\/www.facebook.com\/QQpetsdogcollars\" \/>\n<meta property=\"article:modified_time\" content=\"2024-09-03T08:47:29+00:00\" \/>\n<meta property=\"og:image\" content=\"https:\/\/qqpets.com\/wp-content\/uploads\/2024\/08\/Adjustable-Print-Basic-Dog-Collar-1.webp\" \/>\n\t<meta property=\"og:image:width\" content=\"1600\" \/>\n\t<meta property=\"og:image:height\" content=\"1600\" \/>\n\t<meta property=\"og:image:type\" content=\"image\/webp\" \/>\n<meta name=\"twitter:card\" content=\"summary_large_image\" \/>\n<meta name=\"twitter:label1\" content=\"Est. reading time\" \/>\n\t<meta name=\"twitter:data1\" content=\"3 min\u016btes\" \/>\n<script type=\"application\/ld+json\" class=\"yoast-schema-graph\">{\"@context\":\"https:\/\/schema.org\",\"@graph\":[{\"@type\":\"WebPage\",\"@id\":\"https:\/\/qqpets.com\/product\/reflective-dog-collar\/\",\"url\":\"https:\/\/qqpets.com\/product\/reflective-dog-collar\/\",\"name\":\"Reflective Dog Collar | QQPETS\",\"isPartOf\":{\"@id\":\"https:\/\/qqpets.com\/#website\"},\"primaryImageOfPage\":{\"@id\":\"https:\/\/qqpets.com\/product\/reflective-dog-collar\/#primaryimage\"},\"image\":{\"@id\":\"https:\/\/qqpets.com\/product\/reflective-dog-collar\/#primaryimage\"},\"thumbnailUrl\":\"https:\/\/qqpets.com\/wp-content\/uploads\/2024\/08\/Adjustable-Print-Basic-Dog-Collar-1.webp\",\"datePublished\":\"2024-09-02T07:40:07+00:00\",\"dateModified\":\"2024-09-03T08:47:29+00:00\",\"description\":\"Boost nighttime safety with our Reflective Dog Collar. High visibility for evening walks. Secure and stylish!\",\"breadcrumb\":{\"@id\":\"https:\/\/qqpets.com\/product\/reflective-dog-collar\/#breadcrumb\"},\"inLanguage\":\"lv-LV\",\"potentialAction\":[{\"@type\":\"ReadAction\",\"target\":[\"https:\/\/qqpets.com\/product\/reflective-dog-collar\/\"]}]},{\"@type\":\"ImageObject\",\"inLanguage\":\"lv-LV\",\"@id\":\"https:\/\/qqpets.com\/product\/reflective-dog-collar\/#primaryimage\",\"url\":\"https:\/\/qqpets.com\/wp-content\/uploads\/2024\/08\/Adjustable-Print-Basic-Dog-Collar-1.webp\",\"contentUrl\":\"https:\/\/qqpets.com\/wp-content\/uploads\/2024\/08\/Adjustable-Print-Basic-Dog-Collar-1.webp\",\"width\":1600,\"height\":1600},{\"@type\":\"BreadcrumbList\",\"@id\":\"https:\/\/qqpets.com\/product\/reflective-dog-collar\/#breadcrumb\",\"itemListElement\":[{\"@type\":\"ListItem\",\"position\":1,\"name\":\"Home\",\"item\":\"https:\/\/qqpets.com\/\"},{\"@type\":\"ListItem\",\"position\":2,\"name\":\"Products\",\"item\":\"https:\/\/qqpets.com\/pet-products-manufacturer\/\"},{\"@type\":\"ListItem\",\"position\":3,\"name\":\"Reflective Dog Collar\"}]},{\"@type\":\"WebSite\",\"@id\":\"https:\/\/qqpets.com\/#website\",\"url\":\"https:\/\/qqpets.com\/\",\"name\":\"QQPETS\",\"description\":\"QQPETS is a pet products factory for dog harnesses, dog collars, dog leashes and dog accessories with professional customized service since 2005.\",\"publisher\":{\"@id\":\"https:\/\/qqpets.com\/#organization\"},\"potentialAction\":[{\"@type\":\"SearchAction\",\"target\":{\"@type\":\"EntryPoint\",\"urlTemplate\":\"https:\/\/qqpets.com\/?s={search_term_string}\"},\"query-input\":{\"@type\":\"PropertyValueSpecification\",\"valueRequired\":true,\"valueName\":\"search_term_string\"}}],\"inLanguage\":\"lv-LV\"},{\"@type\":\"Organization\",\"@id\":\"https:\/\/qqpets.com\/#organization\",\"name\":\"QQPETS\",\"url\":\"https:\/\/qqpets.com\/\",\"logo\":{\"@type\":\"ImageObject\",\"inLanguage\":\"lv-LV\",\"@id\":\"https:\/\/qqpets.com\/#\/schema\/logo\/image\/\",\"url\":\"https:\/\/qqpets.com\/wp-content\/uploads\/2023\/09\/cropped-cropped-qqpets-tiktok.jpg\",\"contentUrl\":\"https:\/\/qqpets.com\/wp-content\/uploads\/2023\/09\/cropped-cropped-qqpets-tiktok.jpg\",\"width\":511,\"height\":511,\"caption\":\"QQPETS\"},\"image\":{\"@id\":\"https:\/\/qqpets.com\/#\/schema\/logo\/image\/\"},\"sameAs\":[\"https:\/\/www.facebook.com\/QQpetsdogcollars\",\"https:\/\/www.instagram.com\/qqpetscollar\/\",\"https:\/\/www.pinterest.com\/qqpetsdogcollarsfactory\/\"]}]}<\/script>\n<!-- \/ Yoast SEO plugin. -->","yoast_head_json":{"title":"Atstarojo\u0161a su\u0146u apkakle | QQPETS","description":"Palieliniet dro\u0161\u012bbu nakts laik\u0101 ar m\u016bsu atstarojo\u0161o su\u0146u apkakli. Laba redzam\u012bba vakara pastaig\u0101m. Dro\u0161a un stil\u012bga!","robots":{"index":"index","follow":"follow","max-snippet":"max-snippet:-1","max-image-preview":"max-image-preview:large","max-video-preview":"max-video-preview:-1"},"canonical":"https:\/\/qqpets.com\/lv\/products\/reflective-dog-collar\/","og_locale":"lv_LV","og_type":"article","og_title":"Reflective Dog Collar | QQPETS","og_description":"Boost nighttime safety with our Reflective Dog Collar. High visibility for evening walks. Secure and stylish!","og_url":"https:\/\/qqpets.com\/lv\/products\/reflective-dog-collar\/","og_site_name":"QQPETS","article_publisher":"https:\/\/www.facebook.com\/QQpetsdogcollars","article_modified_time":"2024-09-03T08:47:29+00:00","og_image":[{"width":1600,"height":1600,"url":"https:\/\/qqpets.com\/wp-content\/uploads\/2024\/08\/Adjustable-Print-Basic-Dog-Collar-1.webp","type":"image\/webp"}],"twitter_card":"summary_large_image","twitter_misc":{"Est. reading time":"3 min\u016btes"},"schema":{"@context":"https:\/\/schema.org","@graph":[{"@type":"WebPage","@id":"https:\/\/qqpets.com\/product\/reflective-dog-collar\/","url":"https:\/\/qqpets.com\/product\/reflective-dog-collar\/","name":"Atstarojo\u0161a su\u0146u apkakle | QQPETS","isPartOf":{"@id":"https:\/\/qqpets.com\/#website"},"primaryImageOfPage":{"@id":"https:\/\/qqpets.com\/product\/reflective-dog-collar\/#primaryimage"},"image":{"@id":"https:\/\/qqpets.com\/product\/reflective-dog-collar\/#primaryimage"},"thumbnailUrl":"https:\/\/qqpets.com\/wp-content\/uploads\/2024\/08\/Adjustable-Print-Basic-Dog-Collar-1.webp","datePublished":"2024-09-02T07:40:07+00:00","dateModified":"2024-09-03T08:47:29+00:00","description":"Palieliniet dro\u0161\u012bbu nakts laik\u0101 ar m\u016bsu atstarojo\u0161o su\u0146u apkakli. Laba redzam\u012bba vakara pastaig\u0101m. Dro\u0161a un stil\u012bga!","breadcrumb":{"@id":"https:\/\/qqpets.com\/product\/reflective-dog-collar\/#breadcrumb"},"inLanguage":"lv-LV","potentialAction":[{"@type":"ReadAction","target":["https:\/\/qqpets.com\/product\/reflective-dog-collar\/"]}]},{"@type":"ImageObject","inLanguage":"lv-LV","@id":"https:\/\/qqpets.com\/product\/reflective-dog-collar\/#primaryimage","url":"https:\/\/qqpets.com\/wp-content\/uploads\/2024\/08\/Adjustable-Print-Basic-Dog-Collar-1.webp","contentUrl":"https:\/\/qqpets.com\/wp-content\/uploads\/2024\/08\/Adjustable-Print-Basic-Dog-Collar-1.webp","width":1600,"height":1600},{"@type":"BreadcrumbList","@id":"https:\/\/qqpets.com\/product\/reflective-dog-collar\/#breadcrumb","itemListElement":[{"@type":"ListItem","position":1,"name":"Home","item":"https:\/\/qqpets.com\/"},{"@type":"ListItem","position":2,"name":"Products","item":"https:\/\/qqpets.com\/pet-products-manufacturer\/"},{"@type":"ListItem","position":3,"name":"Reflective Dog Collar"}]},{"@type":"WebSite","@id":"https:\/\/qqpets.com\/#website","url":"https:\/\/qqpets.com\/","name":"QQPETS","description":"QQPETS ir lolojumdz\u012bvnieku produktu r\u016bpn\u012bca su\u0146u siksn\u0101m, su\u0146u apkakles, su\u0146u pavadas un su\u0146u aksesu\u0101ri ar profesion\u0101lu piel\u0101gotu pakalpojumu kop\u0161 2005. gada.","publisher":{"@id":"https:\/\/qqpets.com\/#organization"},"potentialAction":[{"@type":"SearchAction","target":{"@type":"EntryPoint","urlTemplate":"https:\/\/qqpets.com\/?s={search_term_string}"},"query-input":{"@type":"PropertyValueSpecification","valueRequired":true,"valueName":"search_term_string"}}],"inLanguage":"lv-LV"},{"@type":"Organization","@id":"https:\/\/qqpets.com\/#organization","name":"QQPETS","url":"https:\/\/qqpets.com\/","logo":{"@type":"ImageObject","inLanguage":"lv-LV","@id":"https:\/\/qqpets.com\/#\/schema\/logo\/image\/","url":"https:\/\/qqpets.com\/wp-content\/uploads\/2023\/09\/cropped-cropped-qqpets-tiktok.jpg","contentUrl":"https:\/\/qqpets.com\/wp-content\/uploads\/2023\/09\/cropped-cropped-qqpets-tiktok.jpg","width":511,"height":511,"caption":"QQPETS"},"image":{"@id":"https:\/\/qqpets.com\/#\/schema\/logo\/image\/"},"sameAs":["https:\/\/www.facebook.com\/QQpetsdogcollars","https:\/\/www.instagram.com\/qqpetscollar\/","https:\/\/www.pinterest.com\/qqpetsdogcollarsfactory\/"]}]}},"_links":{"self":[{"href":"https:\/\/qqpets.com\/lv\/wp-json\/wp\/v2\/product\/7748","targetHints":{"allow":["GET"]}}],"collection":[{"href":"https:\/\/qqpets.com\/lv\/wp-json\/wp\/v2\/product"}],"about":[{"href":"https:\/\/qqpets.com\/lv\/wp-json\/wp\/v2\/types\/product"}],"wp:featuredmedia":[{"embeddable":true,"href":"https:\/\/qqpets.com\/lv\/wp-json\/wp\/v2\/media\/7673"}],"wp:attachment":[{"href":"https:\/\/qqpets.com\/lv\/wp-json\/wp\/v2\/media?parent=7748"}],"wp:term":[{"taxonomy":"product_brand","embeddable":true,"href":"https:\/\/qqpets.com\/lv\/wp-json\/wp\/v2\/product_brand?post=7748"},{"taxonomy":"product_cat","embeddable":true,"href":"https:\/\/qqpets.com\/lv\/wp-json\/wp\/v2\/product_cat?post=7748"},{"taxonomy":"product_tag","embeddable":true,"href":"https:\/\/qqpets.com\/lv\/wp-json\/wp\/v2\/product_tag?post=7748"}],"curies":[{"name":"wp","href":"https:\/\/api.w.org\/{rel}","templated":true}]}}