{"id":7762,"date":"2024-09-02T16:36:21","date_gmt":"2024-09-02T08:36:21","guid":{"rendered":"https:\/\/qqpets.com\/?post_type=product&#038;p=7762"},"modified":"2024-09-02T16:36:21","modified_gmt":"2024-09-02T08:36:21","slug":"nylon-dog-collar","status":"publish","type":"product","link":"https:\/\/qqpets.com\/lv\/products\/nylon-dog-collar\/","title":{"rendered":"Neilona su\u0146u apkakle"},"content":{"rendered":"<p>Ievietojiet sava m\u012blu\u013ca ikdienas rut\u012bn\u0101 komforta, stila un iztur\u012bbas kombin\u0101ciju ar m\u016bsu neilona su\u0146u apkakli. \u0160\u012b augstas kvalit\u0101tes apkakle ir izgatavota no augst\u0101k\u0101s kvalit\u0101tes neilona materi\u0101la, kas paz\u012bstams ar savu iztur\u012bbu un ilgm\u016b\u017e\u012bbu. Vieglais dizains nodro\u0161ina, ka j\u016bsu m\u012blulis to \u0113rti n\u0113s\u0101s visas dienas garum\u0101 - gan m\u0101j\u0101s, gan pastaig\u0101, gan rota\u013cu laik\u0101.<\/p>\n<p>Apkakles regul\u0113jam\u0101 funkcija \u013cauj prec\u012bzi piel\u0101goties, piel\u0101gojoties visu izm\u0113ru un \u0161\u0137ir\u0146u su\u0146iem. Viegli lietojam\u0101 spr\u0101dze padara apkakles uzlik\u0161anu un no\u0146em\u0161anu vieglu, nodro\u0161inot \u0113rtu lieto\u0161anu gan dz\u012bvniekam, gan saimniekam.<\/p>\n<p>M\u016bsu apkakle ir apr\u012bkota ar iztur\u012bgu D veida gredzenu, kas nodro\u0161ina dro\u0161u piesie\u0161anas punktu pavad\u0101m, t\u0101p\u0113c t\u0101 ir ide\u0101li piem\u0113rota ikdienas pastaig\u0101m un treni\u0146iem. Neilona iztur\u012bba nodro\u0161ina, ka t\u0101 iztur spiedienu, sniedzot jums p\u0101rliec\u012bbu, ka j\u016bsu m\u012blulis ir dro\u0161i nostiprin\u0101ts.<\/p>\n<p>M\u016bsu neilona su\u0146u apkakle, kas pieejama da\u017e\u0101d\u0101s ko\u0161\u0101s kr\u0101s\u0101s, \u013cauj personaliz\u0113t j\u016bsu m\u012blu\u013ca izskatu. Neatkar\u012bgi no t\u0101, vai dodat priek\u0161roku klasiskiem vai spilgtiem to\u0146iem, j\u016bs varat atrast ide\u0101lo kr\u0101su, kas atspogu\u013co j\u016bsu su\u0146a person\u012bbu un stilu.<\/p>\n<p>M\u016bsu neilona su\u0146u apkakle ir ide\u0101li piem\u0113rota m\u0101jdz\u012bvnieku \u012bpa\u0161niekiem, kas mekl\u0113 uzticamu, neuzkr\u012bto\u0161u apkakli, un t\u0101 ir praktisks risin\u0101jums, kas nekait\u0113 kvalit\u0101tei un est\u0113tikai. Apr\u012bkojiet savu m\u012bluli ar \u0161o b\u016btisko aksesu\u0101ru ikdienas piedz\u012bvojumiem un izbaudiet lielisku funkcionalit\u0101tes un modes kombin\u0101ciju.<\/p>\n<h5><strong>Vai neilona apkakles ir piem\u0113rotas su\u0146iem?<\/strong><\/h5>\n<p>J\u0101, neilona apkakles ir piem\u0113rotas su\u0146iem, jo t\u0101s ir iztur\u012bgas, vieglas un pieejamas da\u017e\u0101d\u0101s kr\u0101s\u0101s un stilos. T\u0101s ir ar\u012b viegli t\u012br\u0101mas un kopjamas, t\u0101p\u0113c t\u0101s ir popul\u0101ra izv\u0113le ikdienas lieto\u0161anai.<\/p>\n<h5><strong>K\u0101ds materi\u0101ls ir lab\u0101kais su\u0146u apkakl\u0113m?<\/strong><\/h5>\n<p>Lab\u0101kais materi\u0101ls su\u0146u apkakl\u0113m ir atkar\u012bgs no j\u016bsu su\u0146a vajadz\u012bb\u0101m un aktivit\u0101t\u0113m. Neilons ir lieliski piem\u0113rots iztur\u012bbai un vieglai apkopei, savuk\u0101rt \u0101da ir ieteicama t\u0101s iztur\u012bbas un est\u0113tisk\u0101 izskata d\u0113\u013c. Jut\u012bgai \u0101dai piem\u0113rot\u0101ki var\u0113tu b\u016bt t\u0101di materi\u0101li k\u0101 kokvilna vai ka\u0146epes to dabisko un hipoaler\u0123isko \u012bpa\u0161\u012bbu d\u0113\u013c.<\/p>\n<h5><strong>Vai neilona audums ir dro\u0161s su\u0146iem?<\/strong><\/h5>\n<p>J\u0101, neilona audums ir dro\u0161s su\u0146iem. Tas ir iztur\u012bgs un iztur\u012bgs materi\u0101ls, kas ir iztur\u012bgs pret nodilumu. Tom\u0113r p\u0101rliecinieties, ka apkakle ir pareizi piestiprin\u0101ta, lai izvair\u012btos no kairin\u0101juma vai berzes, \u012bpa\u0161i, ja j\u016bsu sunim ir jut\u012bga \u0101da.<\/p>\n<h5><strong>K\u0101da veida apkakle ir vislab\u0101k\u0101 sunim?<\/strong><\/h5>\n<p>Lab\u0101k\u0101 su\u0146a apkakle ir t\u0101da, kas labi piegu\u013c, ir izgatavota no \u0113rta materi\u0101la un piem\u0113rota j\u016bsu su\u0146a izm\u0113ram, \u0161\u0137irnei un dz\u012bvesveidam. Plakanas apkakles parasti ir piem\u0113rotas liel\u0101kajai da\u013cai su\u0146u un aktivit\u0101t\u0113m.<\/p>\n<h5><strong>K\u0101du apkakli iesaka veterin\u0101r\u0101rsti?<\/strong><\/h5>\n<p>Veterin\u0101r\u0101rsti parasti iesaka plakanas apkakles, kas izgatavotas no iztur\u012bgiem materi\u0101liem, piem\u0113ram, neilona vai \u0101das, un dro\u0161\u012bbai ir apr\u012bkotas ar \u0101tri atvienojamu spr\u0101dzi. Vi\u0146i iesaka ar\u012b pietiekami platas apkakles, lai vienm\u0113r\u012bgi sadal\u012btu spiedienu un neb\u016btu p\u0101r\u0101k cie\u0161as, lai izvair\u012btos no aizr\u012b\u0161an\u0101s vai diskomforta.<\/p>\n<h5><strong>K\u0101ds ir iztur\u012bg\u0101kais materi\u0101ls su\u0146a pavadai?<\/strong><\/h5>\n<p>Sp\u0113c\u012bg\u0101kie su\u0146u pavadas materi\u0101li ir neilons un \u0101da. Neilona pavadas ir paz\u012bstamas ar savu iztur\u012bbu un notur\u012bbu pret laikapst\u0101k\u013ciem un nodilumu, savuk\u0101rt \u0101das pavadas ir iecien\u012btas to iztur\u012bbas un dabisk\u0101s saj\u016btas d\u0113\u013c, \u012bpa\u0161i sp\u0113c\u012bgiem vilc\u0113jiem.<\/p>","protected":false},"excerpt":{"rendered":"<p>Izv\u0113lieties iztur\u012bbu un stilu ar m\u016bsu neilona su\u0146u apkakli. T\u0101 ir paredz\u0113ta ikdienas valk\u0101\u0161anai, un tai ir iztur\u012bga neilona konstrukcija ar regul\u0113jamu spr\u0101dzi, kas nodro\u0161ina ide\u0101lu piegulumu. \u0160\u012b apkakle ir gan viegla, gan iztur\u012bga, nodro\u0161inot komfortu un uzticam\u012bbu. T\u0101 ir ide\u0101li piem\u0113rota visu \u0161\u0137ir\u0146u su\u0146iem, un tai ir iztur\u012bga D veida gredzens dro\u0161ai pavadas piestiprin\u0101\u0161anai. Pieejamas da\u017e\u0101das kr\u0101sas, lai atbilstu j\u016bsu m\u012blu\u013ca person\u012bbai.<\/p>","protected":false},"featured_media":7235,"template":"","meta":[],"product_brand":[],"product_cat":[26],"product_tag":[],"class_list":{"0":"post-7762","1":"product","2":"type-product","3":"status-publish","4":"has-post-thumbnail","6":"product_cat-dog-collar","7":"pa_brand-qqpets","9":"first","10":"instock","11":"shipping-taxable","12":"product-type-simple"},"yoast_head":"<!-- This site is optimized with the Yoast SEO plugin v26.6 - https:\/\/yoast.com\/wordpress\/plugins\/seo\/ -->\n<title>Nylon Dog Collar | QQPETS<\/title>\n<meta name=\"description\" content=\"Durable Nylon Dog Collar for everyday use. Comfortable, adjustable, and stylish. Perfect for all breeds!\" \/>\n<meta name=\"robots\" content=\"index, follow, max-snippet:-1, max-image-preview:large, max-video-preview:-1\" \/>\n<link rel=\"canonical\" href=\"https:\/\/qqpets.com\/lv\/products\/nylon-dog-collar\/\" \/>\n<meta property=\"og:locale\" content=\"lv_LV\" \/>\n<meta property=\"og:type\" content=\"article\" \/>\n<meta property=\"og:title\" content=\"Nylon Dog Collar | QQPETS\" \/>\n<meta property=\"og:description\" content=\"Durable Nylon Dog Collar for everyday use. Comfortable, adjustable, and stylish. Perfect for all breeds!\" \/>\n<meta property=\"og:url\" content=\"https:\/\/qqpets.com\/lv\/products\/nylon-dog-collar\/\" \/>\n<meta property=\"og:site_name\" content=\"QQPETS\" \/>\n<meta property=\"article:publisher\" content=\"https:\/\/www.facebook.com\/QQpetsdogcollars\" \/>\n<meta property=\"og:image\" content=\"https:\/\/qqpets.com\/wp-content\/uploads\/2023\/09\/black-nylon-dog-collar.webp\" \/>\n\t<meta property=\"og:image:width\" content=\"1280\" \/>\n\t<meta property=\"og:image:height\" content=\"1280\" \/>\n\t<meta property=\"og:image:type\" content=\"image\/webp\" \/>\n<meta name=\"twitter:card\" content=\"summary_large_image\" \/>\n<meta name=\"twitter:label1\" content=\"Est. reading time\" \/>\n\t<meta name=\"twitter:data1\" content=\"3 min\u016btes\" \/>\n<script type=\"application\/ld+json\" class=\"yoast-schema-graph\">{\"@context\":\"https:\/\/schema.org\",\"@graph\":[{\"@type\":\"WebPage\",\"@id\":\"https:\/\/qqpets.com\/product\/nylon-dog-collar\/\",\"url\":\"https:\/\/qqpets.com\/product\/nylon-dog-collar\/\",\"name\":\"Nylon Dog Collar | QQPETS\",\"isPartOf\":{\"@id\":\"https:\/\/qqpets.com\/#website\"},\"primaryImageOfPage\":{\"@id\":\"https:\/\/qqpets.com\/product\/nylon-dog-collar\/#primaryimage\"},\"image\":{\"@id\":\"https:\/\/qqpets.com\/product\/nylon-dog-collar\/#primaryimage\"},\"thumbnailUrl\":\"https:\/\/qqpets.com\/wp-content\/uploads\/2023\/09\/black-nylon-dog-collar.webp\",\"datePublished\":\"2024-09-02T08:36:21+00:00\",\"description\":\"Durable Nylon Dog Collar for everyday use. Comfortable, adjustable, and stylish. Perfect for all breeds!\",\"breadcrumb\":{\"@id\":\"https:\/\/qqpets.com\/product\/nylon-dog-collar\/#breadcrumb\"},\"inLanguage\":\"lv-LV\",\"potentialAction\":[{\"@type\":\"ReadAction\",\"target\":[\"https:\/\/qqpets.com\/product\/nylon-dog-collar\/\"]}]},{\"@type\":\"ImageObject\",\"inLanguage\":\"lv-LV\",\"@id\":\"https:\/\/qqpets.com\/product\/nylon-dog-collar\/#primaryimage\",\"url\":\"https:\/\/qqpets.com\/wp-content\/uploads\/2023\/09\/black-nylon-dog-collar.webp\",\"contentUrl\":\"https:\/\/qqpets.com\/wp-content\/uploads\/2023\/09\/black-nylon-dog-collar.webp\",\"width\":1280,\"height\":1280,\"caption\":\"black-nylon-dog-collar\"},{\"@type\":\"BreadcrumbList\",\"@id\":\"https:\/\/qqpets.com\/product\/nylon-dog-collar\/#breadcrumb\",\"itemListElement\":[{\"@type\":\"ListItem\",\"position\":1,\"name\":\"Home\",\"item\":\"https:\/\/qqpets.com\/\"},{\"@type\":\"ListItem\",\"position\":2,\"name\":\"Products\",\"item\":\"https:\/\/qqpets.com\/pet-products-manufacturer\/\"},{\"@type\":\"ListItem\",\"position\":3,\"name\":\"Nylon Dog Collar\"}]},{\"@type\":\"WebSite\",\"@id\":\"https:\/\/qqpets.com\/#website\",\"url\":\"https:\/\/qqpets.com\/\",\"name\":\"QQPETS\",\"description\":\"QQPETS is a pet products factory for dog harnesses, dog collars, dog leashes and dog accessories with professional customized service since 2005.\",\"publisher\":{\"@id\":\"https:\/\/qqpets.com\/#organization\"},\"potentialAction\":[{\"@type\":\"SearchAction\",\"target\":{\"@type\":\"EntryPoint\",\"urlTemplate\":\"https:\/\/qqpets.com\/?s={search_term_string}\"},\"query-input\":{\"@type\":\"PropertyValueSpecification\",\"valueRequired\":true,\"valueName\":\"search_term_string\"}}],\"inLanguage\":\"lv-LV\"},{\"@type\":\"Organization\",\"@id\":\"https:\/\/qqpets.com\/#organization\",\"name\":\"QQPETS\",\"url\":\"https:\/\/qqpets.com\/\",\"logo\":{\"@type\":\"ImageObject\",\"inLanguage\":\"lv-LV\",\"@id\":\"https:\/\/qqpets.com\/#\/schema\/logo\/image\/\",\"url\":\"https:\/\/qqpets.com\/wp-content\/uploads\/2023\/09\/cropped-cropped-qqpets-tiktok.jpg\",\"contentUrl\":\"https:\/\/qqpets.com\/wp-content\/uploads\/2023\/09\/cropped-cropped-qqpets-tiktok.jpg\",\"width\":511,\"height\":511,\"caption\":\"QQPETS\"},\"image\":{\"@id\":\"https:\/\/qqpets.com\/#\/schema\/logo\/image\/\"},\"sameAs\":[\"https:\/\/www.facebook.com\/QQpetsdogcollars\",\"https:\/\/www.instagram.com\/qqpetscollar\/\",\"https:\/\/www.pinterest.com\/qqpetsdogcollarsfactory\/\"]}]}<\/script>\n<!-- \/ Yoast SEO plugin. -->","yoast_head_json":{"title":"Neilona su\u0146u apkakle | QQPETS","description":"Iztur\u012bga neilona su\u0146u apkakle ikdienas lieto\u0161anai. \u0112rta, regul\u0113jama un stil\u012bga. Ide\u0101li piem\u0113rota vis\u0101m \u0161\u0137irn\u0113m!","robots":{"index":"index","follow":"follow","max-snippet":"max-snippet:-1","max-image-preview":"max-image-preview:large","max-video-preview":"max-video-preview:-1"},"canonical":"https:\/\/qqpets.com\/lv\/products\/nylon-dog-collar\/","og_locale":"lv_LV","og_type":"article","og_title":"Nylon Dog Collar | QQPETS","og_description":"Durable Nylon Dog Collar for everyday use. Comfortable, adjustable, and stylish. Perfect for all breeds!","og_url":"https:\/\/qqpets.com\/lv\/products\/nylon-dog-collar\/","og_site_name":"QQPETS","article_publisher":"https:\/\/www.facebook.com\/QQpetsdogcollars","og_image":[{"width":1280,"height":1280,"url":"https:\/\/qqpets.com\/wp-content\/uploads\/2023\/09\/black-nylon-dog-collar.webp","type":"image\/webp"}],"twitter_card":"summary_large_image","twitter_misc":{"Est. reading time":"3 min\u016btes"},"schema":{"@context":"https:\/\/schema.org","@graph":[{"@type":"WebPage","@id":"https:\/\/qqpets.com\/product\/nylon-dog-collar\/","url":"https:\/\/qqpets.com\/product\/nylon-dog-collar\/","name":"Neilona su\u0146u apkakle | QQPETS","isPartOf":{"@id":"https:\/\/qqpets.com\/#website"},"primaryImageOfPage":{"@id":"https:\/\/qqpets.com\/product\/nylon-dog-collar\/#primaryimage"},"image":{"@id":"https:\/\/qqpets.com\/product\/nylon-dog-collar\/#primaryimage"},"thumbnailUrl":"https:\/\/qqpets.com\/wp-content\/uploads\/2023\/09\/black-nylon-dog-collar.webp","datePublished":"2024-09-02T08:36:21+00:00","description":"Iztur\u012bga neilona su\u0146u apkakle ikdienas lieto\u0161anai. \u0112rta, regul\u0113jama un stil\u012bga. Ide\u0101li piem\u0113rota vis\u0101m \u0161\u0137irn\u0113m!","breadcrumb":{"@id":"https:\/\/qqpets.com\/product\/nylon-dog-collar\/#breadcrumb"},"inLanguage":"lv-LV","potentialAction":[{"@type":"ReadAction","target":["https:\/\/qqpets.com\/product\/nylon-dog-collar\/"]}]},{"@type":"ImageObject","inLanguage":"lv-LV","@id":"https:\/\/qqpets.com\/product\/nylon-dog-collar\/#primaryimage","url":"https:\/\/qqpets.com\/wp-content\/uploads\/2023\/09\/black-nylon-dog-collar.webp","contentUrl":"https:\/\/qqpets.com\/wp-content\/uploads\/2023\/09\/black-nylon-dog-collar.webp","width":1280,"height":1280,"caption":"black-nylon-dog-collar"},{"@type":"BreadcrumbList","@id":"https:\/\/qqpets.com\/product\/nylon-dog-collar\/#breadcrumb","itemListElement":[{"@type":"ListItem","position":1,"name":"Home","item":"https:\/\/qqpets.com\/"},{"@type":"ListItem","position":2,"name":"Products","item":"https:\/\/qqpets.com\/pet-products-manufacturer\/"},{"@type":"ListItem","position":3,"name":"Nylon Dog Collar"}]},{"@type":"WebSite","@id":"https:\/\/qqpets.com\/#website","url":"https:\/\/qqpets.com\/","name":"QQPETS","description":"QQPETS ir lolojumdz\u012bvnieku produktu r\u016bpn\u012bca su\u0146u siksn\u0101m, su\u0146u apkakles, su\u0146u pavadas un su\u0146u aksesu\u0101ri ar profesion\u0101lu piel\u0101gotu pakalpojumu kop\u0161 2005. gada.","publisher":{"@id":"https:\/\/qqpets.com\/#organization"},"potentialAction":[{"@type":"SearchAction","target":{"@type":"EntryPoint","urlTemplate":"https:\/\/qqpets.com\/?s={search_term_string}"},"query-input":{"@type":"PropertyValueSpecification","valueRequired":true,"valueName":"search_term_string"}}],"inLanguage":"lv-LV"},{"@type":"Organization","@id":"https:\/\/qqpets.com\/#organization","name":"QQPETS","url":"https:\/\/qqpets.com\/","logo":{"@type":"ImageObject","inLanguage":"lv-LV","@id":"https:\/\/qqpets.com\/#\/schema\/logo\/image\/","url":"https:\/\/qqpets.com\/wp-content\/uploads\/2023\/09\/cropped-cropped-qqpets-tiktok.jpg","contentUrl":"https:\/\/qqpets.com\/wp-content\/uploads\/2023\/09\/cropped-cropped-qqpets-tiktok.jpg","width":511,"height":511,"caption":"QQPETS"},"image":{"@id":"https:\/\/qqpets.com\/#\/schema\/logo\/image\/"},"sameAs":["https:\/\/www.facebook.com\/QQpetsdogcollars","https:\/\/www.instagram.com\/qqpetscollar\/","https:\/\/www.pinterest.com\/qqpetsdogcollarsfactory\/"]}]}},"_links":{"self":[{"href":"https:\/\/qqpets.com\/lv\/wp-json\/wp\/v2\/product\/7762","targetHints":{"allow":["GET"]}}],"collection":[{"href":"https:\/\/qqpets.com\/lv\/wp-json\/wp\/v2\/product"}],"about":[{"href":"https:\/\/qqpets.com\/lv\/wp-json\/wp\/v2\/types\/product"}],"wp:featuredmedia":[{"embeddable":true,"href":"https:\/\/qqpets.com\/lv\/wp-json\/wp\/v2\/media\/7235"}],"wp:attachment":[{"href":"https:\/\/qqpets.com\/lv\/wp-json\/wp\/v2\/media?parent=7762"}],"wp:term":[{"taxonomy":"product_brand","embeddable":true,"href":"https:\/\/qqpets.com\/lv\/wp-json\/wp\/v2\/product_brand?post=7762"},{"taxonomy":"product_cat","embeddable":true,"href":"https:\/\/qqpets.com\/lv\/wp-json\/wp\/v2\/product_cat?post=7762"},{"taxonomy":"product_tag","embeddable":true,"href":"https:\/\/qqpets.com\/lv\/wp-json\/wp\/v2\/product_tag?post=7762"}],"curies":[{"name":"wp","href":"https:\/\/api.w.org\/{rel}","templated":true}]}}