{"id":7768,"date":"2024-09-02T17:28:21","date_gmt":"2024-09-02T09:28:21","guid":{"rendered":"https:\/\/qqpets.com\/?post_type=product&#038;p=7768"},"modified":"2024-11-13T14:14:56","modified_gmt":"2024-11-13T06:14:56","slug":"dog-collar-and-dog-leash-set-with-padded-handle","status":"publish","type":"product","link":"https:\/\/qqpets.com\/lv\/products\/dog-collar-and-dog-leash-set-with-padded-handle\/","title":{"rendered":"Apm\u0101c\u012bbas atstarojo\u0161a su\u0146u apkakle un su\u0146u pavadas komplekts"},"content":{"rendered":"<p>Iepaz\u012bstin\u0101m ar m\u016bsu visaptvero\u0161o atstarojo\u0161o su\u0146u apkakles un pavadas komplektu ar polster\u0113tu rokturi, kas ir izstr\u0101d\u0101ts, lai pied\u0101v\u0101tu dro\u0161\u012bbas, komforta un iztur\u012bbas kombin\u0101ciju. \u0160is b\u016btiskais komplekts nodro\u0161ina, ka j\u016bsu suns ir redzams un dro\u0161s nakts vai agra r\u012bta pastaig\u0101s, pateicoties atstarojo\u0161aj\u0101m \u0161uv\u0113m, kas sp\u012bd v\u0101j\u0101 apgaismojum\u0101, uzlabojot gan j\u016bsu, gan j\u016bsu m\u012blu\u013ca redzam\u012bbu citiem.<\/p>\n<p>Kakla siksna ir viegli regul\u0113jama, nodro\u0161inot \u0113rtu piegul\u0113\u0161anu da\u017e\u0101da lieluma un \u0161\u0137irnes su\u0146iem. T\u0101 ir izgatavota no augstas kvalit\u0101tes materi\u0101liem, kas ir veidoti t\u0101, lai iztur\u0113tu ikdienas lieto\u0161anas gr\u016bt\u012bbas, vienlaikus nodro\u0161inot j\u016bsu m\u012blu\u013ca komfortu.<\/p>\n<p>Atbilsto\u0161ajai pavadai ir \u0113rti polster\u0113ts rokturis, kas paredz\u0113ts, lai nov\u0113rstu roku nogurumu un nodro\u0161in\u0101tu m\u012bkstu satv\u0113rienu garu pastaigu laik\u0101 vai ja suns m\u0113dz vilkt. \u0160o \u012bpa\u0161\u012bbu \u012bpa\u0161i nov\u0113rt\u0113 m\u0101jdz\u012bvnieku \u012bpa\u0161nieki, kuri augstu v\u0113rt\u0113 komfortu un kontroli.<\/p>\n<p>Gan apkakle, gan pavadas ir apr\u012bkotas ar iztur\u012bgu aparat\u016bru, kas nodro\u0161ina iztur\u012bbu un uzticam\u012bbu. Sp\u0113c\u012bg\u0101s aizdares un \u0101\u0137i nodro\u0161ina dro\u0161u savienojumu, sniedzot p\u0101rliec\u012bbu par j\u016bsu m\u012blu\u013ca dro\u0161\u012bbu neatkar\u012bgi no vides, kuru j\u016bs p\u0113t\u0101t.<\/p>\n<p>\u0160is komplekts ir lieliski piem\u0113rots akt\u012bviem su\u0146iem un saimniekiem, kuri labpr\u0101t dodas pastaig\u0101s agri no r\u012bta vai v\u0113lu vakar\u0101, un tas ne tikai palielina dro\u0161\u012bbu, pateicoties atstarojo\u0161aj\u0101m \u012bpa\u0161\u012bb\u0101m, bet ar\u012b veicina \u0113rtu un pat\u012bkamu pastaigu pieredzi. Jau \u0161odien ieg\u0101d\u0101jieties m\u016bsu atstarojo\u0161o su\u0146u kakla siksnu un pavadas komplektu ar polster\u0113tu rokturi, lai izbaud\u012btu vislab\u0101ko pastaigu piederumu m\u0101jdz\u012bvniekiem.<\/p>\n<h5><strong>K\u0101da veida pavadas vislab\u0101k ir piem\u0113rotas su\u0146iem?<\/strong><\/h5>\n<p>Lab\u0101kais pavadas veids ir atkar\u012bgs no j\u016bsu su\u0146a lieluma, uzved\u012bbas un pastaigu vides. Liel\u0101kaj\u0101 da\u013c\u0101 gad\u012bjumu standarta neilona vai \u0101das pavadas garums aptuveni 6 p\u0113das nodro\u0161ina labu kontroli un iztur\u012bbu. Apm\u0101c\u012bbas vai \u012bpa\u0161u kontroles vajadz\u012bbu gad\u012bjum\u0101 ievelkama pavadas var nodro\u0161in\u0101t liel\u0101ku elast\u012bbu.<\/p>\n<h5><strong>Kas ir su\u0146a pavadas un pavadas?<\/strong><\/h5>\n<p>Terminus \"su\u0146a pavadas\" un \"su\u0146a pavadas\" bie\u017ei izmanto savstarp\u0113ji aizvietojami, lai apz\u012bm\u0113tu vienu un to pa\u0161u priek\u0161metu, kas ir vads vai siksna, ko izmanto su\u0146a kontrolei, piestiprinot to su\u0146a apkaklei vai siksnai. Da\u017eos kontekstos var b\u016bt nelielas at\u0161\u0137ir\u012bbas, piem\u0113ram, \"pavadas\" var attiekties uz \u012bs\u0101k\u0101m pavad\u0101m, ko galvenok\u0101rt izmanto tie\u0161\u0101kai kontrolei vai apm\u0101c\u012bbai.<\/p>\n<h5><strong>Vai suni ir labi tur\u0113t pavad\u0101?<\/strong><\/h5>\n<p>J\u0101, su\u0146a piesie\u0161ana pavad\u0101 parasti ir laba un bie\u017ei vien nepiecie\u0161ama dro\u0161\u012bbas, kontroles un viet\u0113jo pavadas likumu iev\u0113ro\u0161anas nol\u016bk\u0101. Tas nov\u0113r\u0161 su\u0146u iek\u013c\u016b\u0161anu nedro\u0161\u0101s situ\u0101cij\u0101s, piem\u0113ram, satiksm\u0113 vai nekontrol\u0113t\u0101 saskarsm\u0113 ar citiem dz\u012bvniekiem un cilv\u0113kiem.<\/p>\n<h5><strong>Vai dr\u012bkst vilkt suni pavad\u0101?<\/strong><\/h5>\n<p>Nav ieteicams vilkt suni pavad\u0101, jo tas var rad\u012bt traumas, stresu un pasliktin\u0101t vilk\u0161anas uzved\u012bbu. T\u0101 viet\u0101 izmantojiet maigu vad\u012bbu un apm\u0101c\u012bbas pa\u0146\u0113mienus, lai veicin\u0101tu su\u0146a labu uzved\u012bbu pavad\u0101.<\/p>\n<h5><strong>K\u0101ds ir #1 triks, lai aptur\u0113tu su\u0146a vilk\u0161anu pavad\u0101?<\/strong><\/h5>\n<p>Viens no efekt\u012bviem trikiem, k\u0101 aptur\u0113t su\u0146a vilk\u0161anu, ir \"apst\u0101jies un ej\" tehnika. Ja suns s\u0101k vilkt, vienk\u0101r\u0161i p\u0101rtrauciet pastaigu. Turpiniet tikai tad, kad pavadas siksna atkal ir va\u013c\u012bga. Tas iem\u0101ca j\u016bsu sunim, ka vilk\u0161ana ne\u013caus vi\u0146am virz\u012bties uz priek\u0161u un ka pat\u012bkama staig\u0101\u0161ana jums blakus ir lab\u0101kais veids, k\u0101 nok\u013c\u016bt tur, kur vi\u0146\u0161 v\u0113las doties.<\/p>\n<h5><strong>Vai su\u0146i ir laim\u012bg\u0101ki bez pavadas?<\/strong><\/h5>\n<p>Daudzi su\u0146i ir laim\u012bg\u0101ki bez pavadas, jo t\u0101 vi\u0146iem ir liel\u0101ka br\u012bv\u012bba izp\u0113t\u012bt un sp\u0113l\u0113ties sav\u0101 temp\u0101, kas var b\u016bt \u013coti noder\u012bgi vi\u0146u gar\u012bgajai un fiziskajai vesel\u012bbai. Tom\u0113r tas ir atkar\u012bgs no su\u0146a temperamenta, apm\u0101c\u012bbas l\u012bme\u0146a un vides dro\u0161\u012bbas. Aktivit\u0101tes \u0101rpus pavadas vienm\u0113r j\u0101veic dro\u0161\u0101s, norobe\u017eot\u0101s teritorij\u0101s, ja to at\u013cauj viet\u0113jie likumi.<\/p>","protected":false},"excerpt":{"rendered":"<p>Nodro\u0161iniet sava m\u012blu\u013ca dro\u0161\u012bbu ar m\u016bsu atstarojo\u0161o su\u0146u apkakles un pavadas komplektu, kas apr\u012bkots ar polster\u0113tu rokturi \u0113rt\u012bbai. \u0160is komplekts uzlabo redzam\u012bbu pastaigu laik\u0101 v\u0101j\u0101 apgaismojum\u0101, jo tam ir atstarojo\u0161as \u0161uves. Kakla siksna un pavadas ir izgatavotas no iztur\u012bgiem materi\u0101liem, regul\u0113jamas, lai t\u0101s perfekti piegu\u013c, un paredz\u0113tas ikdienas lieto\u0161anai. M\u012bkstais polster\u0113tais rokturis, kas ir ide\u0101li piem\u0113rots vakara pastaig\u0101m, nodro\u0161ina \u0113rtu satv\u0113rienu, samazinot roku sasprindzin\u0101jumu.<\/p>","protected":false},"featured_media":7774,"template":"","meta":[],"product_brand":[],"product_cat":[26,27],"product_tag":[],"class_list":{"0":"post-7768","1":"product","2":"type-product","3":"status-publish","4":"has-post-thumbnail","6":"product_cat-dog-collar","7":"product_cat-dog-leash","8":"pa_brand-qqpets","10":"first","11":"instock","12":"shipping-taxable","13":"product-type-simple"},"yoast_head":"<!-- This site is optimized with the Yoast SEO plugin v26.6 - https:\/\/yoast.com\/wordpress\/plugins\/seo\/ -->\n<title>Training Reflective Dog Collar And Dog Leash Set | QQPETS<\/title>\n<meta name=\"description\" content=\"Get the Reflective Dog Collar and Leash Set with a padded handle for comfortable, safe walks. Shop for visibility!\" \/>\n<meta name=\"robots\" content=\"index, follow, max-snippet:-1, max-image-preview:large, max-video-preview:-1\" \/>\n<link rel=\"canonical\" href=\"https:\/\/qqpets.com\/lv\/products\/dog-collar-and-dog-leash-set-with-padded-handle\/\" \/>\n<meta property=\"og:locale\" content=\"lv_LV\" \/>\n<meta property=\"og:type\" content=\"article\" \/>\n<meta property=\"og:title\" content=\"Training Reflective Dog Collar And Dog Leash Set | QQPETS\" \/>\n<meta property=\"og:description\" content=\"Get the Reflective Dog Collar and Leash Set with a padded handle for comfortable, safe walks. Shop for visibility!\" \/>\n<meta property=\"og:url\" content=\"https:\/\/qqpets.com\/lv\/products\/dog-collar-and-dog-leash-set-with-padded-handle\/\" \/>\n<meta property=\"og:site_name\" content=\"QQPETS\" \/>\n<meta property=\"article:publisher\" content=\"https:\/\/www.facebook.com\/QQpetsdogcollars\" \/>\n<meta property=\"article:modified_time\" content=\"2024-11-13T06:14:56+00:00\" \/>\n<meta property=\"og:image\" content=\"https:\/\/qqpets.com\/wp-content\/uploads\/2024\/09\/2_7_11zon_1_11zon.webp\" \/>\n\t<meta property=\"og:image:width\" content=\"1600\" \/>\n\t<meta property=\"og:image:height\" content=\"1600\" \/>\n\t<meta property=\"og:image:type\" content=\"image\/webp\" \/>\n<meta name=\"twitter:card\" content=\"summary_large_image\" \/>\n<meta name=\"twitter:label1\" content=\"Est. reading time\" \/>\n\t<meta name=\"twitter:data1\" content=\"3 min\u016btes\" \/>\n<script type=\"application\/ld+json\" class=\"yoast-schema-graph\">{\"@context\":\"https:\/\/schema.org\",\"@graph\":[{\"@type\":\"WebPage\",\"@id\":\"https:\/\/qqpets.com\/product\/dog-collar-and-dog-leash-set-with-padded-handle\/\",\"url\":\"https:\/\/qqpets.com\/product\/dog-collar-and-dog-leash-set-with-padded-handle\/\",\"name\":\"Training Reflective Dog Collar And Dog Leash Set | QQPETS\",\"isPartOf\":{\"@id\":\"https:\/\/qqpets.com\/#website\"},\"primaryImageOfPage\":{\"@id\":\"https:\/\/qqpets.com\/product\/dog-collar-and-dog-leash-set-with-padded-handle\/#primaryimage\"},\"image\":{\"@id\":\"https:\/\/qqpets.com\/product\/dog-collar-and-dog-leash-set-with-padded-handle\/#primaryimage\"},\"thumbnailUrl\":\"https:\/\/qqpets.com\/wp-content\/uploads\/2024\/09\/2_7_11zon_1_11zon.webp\",\"datePublished\":\"2024-09-02T09:28:21+00:00\",\"dateModified\":\"2024-11-13T06:14:56+00:00\",\"description\":\"Get the Reflective Dog Collar and Leash Set with a padded handle for comfortable, safe walks. Shop for visibility!\",\"breadcrumb\":{\"@id\":\"https:\/\/qqpets.com\/product\/dog-collar-and-dog-leash-set-with-padded-handle\/#breadcrumb\"},\"inLanguage\":\"lv-LV\",\"potentialAction\":[{\"@type\":\"ReadAction\",\"target\":[\"https:\/\/qqpets.com\/product\/dog-collar-and-dog-leash-set-with-padded-handle\/\"]}]},{\"@type\":\"ImageObject\",\"inLanguage\":\"lv-LV\",\"@id\":\"https:\/\/qqpets.com\/product\/dog-collar-and-dog-leash-set-with-padded-handle\/#primaryimage\",\"url\":\"https:\/\/qqpets.com\/wp-content\/uploads\/2024\/09\/2_7_11zon_1_11zon.webp\",\"contentUrl\":\"https:\/\/qqpets.com\/wp-content\/uploads\/2024\/09\/2_7_11zon_1_11zon.webp\",\"width\":1600,\"height\":1600,\"caption\":\"Reflective Dog Collar and Dog Leash set\"},{\"@type\":\"BreadcrumbList\",\"@id\":\"https:\/\/qqpets.com\/product\/dog-collar-and-dog-leash-set-with-padded-handle\/#breadcrumb\",\"itemListElement\":[{\"@type\":\"ListItem\",\"position\":1,\"name\":\"Home\",\"item\":\"https:\/\/qqpets.com\/\"},{\"@type\":\"ListItem\",\"position\":2,\"name\":\"Products\",\"item\":\"https:\/\/qqpets.com\/pet-products-manufacturer\/\"},{\"@type\":\"ListItem\",\"position\":3,\"name\":\"Training Reflective Dog Collar And Dog Leash Set\"}]},{\"@type\":\"WebSite\",\"@id\":\"https:\/\/qqpets.com\/#website\",\"url\":\"https:\/\/qqpets.com\/\",\"name\":\"QQPETS\",\"description\":\"QQPETS is a pet products factory for dog harnesses, dog collars, dog leashes and dog accessories with professional customized service since 2005.\",\"publisher\":{\"@id\":\"https:\/\/qqpets.com\/#organization\"},\"potentialAction\":[{\"@type\":\"SearchAction\",\"target\":{\"@type\":\"EntryPoint\",\"urlTemplate\":\"https:\/\/qqpets.com\/?s={search_term_string}\"},\"query-input\":{\"@type\":\"PropertyValueSpecification\",\"valueRequired\":true,\"valueName\":\"search_term_string\"}}],\"inLanguage\":\"lv-LV\"},{\"@type\":\"Organization\",\"@id\":\"https:\/\/qqpets.com\/#organization\",\"name\":\"QQPETS\",\"url\":\"https:\/\/qqpets.com\/\",\"logo\":{\"@type\":\"ImageObject\",\"inLanguage\":\"lv-LV\",\"@id\":\"https:\/\/qqpets.com\/#\/schema\/logo\/image\/\",\"url\":\"https:\/\/qqpets.com\/wp-content\/uploads\/2023\/09\/cropped-cropped-qqpets-tiktok.jpg\",\"contentUrl\":\"https:\/\/qqpets.com\/wp-content\/uploads\/2023\/09\/cropped-cropped-qqpets-tiktok.jpg\",\"width\":511,\"height\":511,\"caption\":\"QQPETS\"},\"image\":{\"@id\":\"https:\/\/qqpets.com\/#\/schema\/logo\/image\/\"},\"sameAs\":[\"https:\/\/www.facebook.com\/QQpetsdogcollars\",\"https:\/\/www.instagram.com\/qqpetscollar\/\",\"https:\/\/www.pinterest.com\/qqpetsdogcollarsfactory\/\"]}]}<\/script>\n<!-- \/ Yoast SEO plugin. -->","yoast_head_json":{"title":"Apm\u0101c\u012bbu atstarojo\u0161a su\u0146u apkakle un su\u0146u pavadas komplekts | QQPETS","description":"Ieg\u0101d\u0101jieties atstarojo\u0161o su\u0146u apkakles un pavadas komplektu ar polster\u0113tu rokturi \u0113rt\u0101m un dro\u0161\u0101m pastaig\u0101m. Iep\u0113rcies, lai nodro\u0161in\u0101tu redzam\u012bbu!","robots":{"index":"index","follow":"follow","max-snippet":"max-snippet:-1","max-image-preview":"max-image-preview:large","max-video-preview":"max-video-preview:-1"},"canonical":"https:\/\/qqpets.com\/lv\/products\/dog-collar-and-dog-leash-set-with-padded-handle\/","og_locale":"lv_LV","og_type":"article","og_title":"Training Reflective Dog Collar And Dog Leash Set | QQPETS","og_description":"Get the Reflective Dog Collar and Leash Set with a padded handle for comfortable, safe walks. Shop for visibility!","og_url":"https:\/\/qqpets.com\/lv\/products\/dog-collar-and-dog-leash-set-with-padded-handle\/","og_site_name":"QQPETS","article_publisher":"https:\/\/www.facebook.com\/QQpetsdogcollars","article_modified_time":"2024-11-13T06:14:56+00:00","og_image":[{"width":1600,"height":1600,"url":"https:\/\/qqpets.com\/wp-content\/uploads\/2024\/09\/2_7_11zon_1_11zon.webp","type":"image\/webp"}],"twitter_card":"summary_large_image","twitter_misc":{"Est. reading time":"3 min\u016btes"},"schema":{"@context":"https:\/\/schema.org","@graph":[{"@type":"WebPage","@id":"https:\/\/qqpets.com\/product\/dog-collar-and-dog-leash-set-with-padded-handle\/","url":"https:\/\/qqpets.com\/product\/dog-collar-and-dog-leash-set-with-padded-handle\/","name":"Apm\u0101c\u012bbu atstarojo\u0161a su\u0146u apkakle un su\u0146u pavadas komplekts | QQPETS","isPartOf":{"@id":"https:\/\/qqpets.com\/#website"},"primaryImageOfPage":{"@id":"https:\/\/qqpets.com\/product\/dog-collar-and-dog-leash-set-with-padded-handle\/#primaryimage"},"image":{"@id":"https:\/\/qqpets.com\/product\/dog-collar-and-dog-leash-set-with-padded-handle\/#primaryimage"},"thumbnailUrl":"https:\/\/qqpets.com\/wp-content\/uploads\/2024\/09\/2_7_11zon_1_11zon.webp","datePublished":"2024-09-02T09:28:21+00:00","dateModified":"2024-11-13T06:14:56+00:00","description":"Ieg\u0101d\u0101jieties atstarojo\u0161o su\u0146u apkakles un pavadas komplektu ar polster\u0113tu rokturi \u0113rt\u0101m un dro\u0161\u0101m pastaig\u0101m. Iep\u0113rcies, lai nodro\u0161in\u0101tu redzam\u012bbu!","breadcrumb":{"@id":"https:\/\/qqpets.com\/product\/dog-collar-and-dog-leash-set-with-padded-handle\/#breadcrumb"},"inLanguage":"lv-LV","potentialAction":[{"@type":"ReadAction","target":["https:\/\/qqpets.com\/product\/dog-collar-and-dog-leash-set-with-padded-handle\/"]}]},{"@type":"ImageObject","inLanguage":"lv-LV","@id":"https:\/\/qqpets.com\/product\/dog-collar-and-dog-leash-set-with-padded-handle\/#primaryimage","url":"https:\/\/qqpets.com\/wp-content\/uploads\/2024\/09\/2_7_11zon_1_11zon.webp","contentUrl":"https:\/\/qqpets.com\/wp-content\/uploads\/2024\/09\/2_7_11zon_1_11zon.webp","width":1600,"height":1600,"caption":"Reflective Dog Collar and Dog Leash set"},{"@type":"BreadcrumbList","@id":"https:\/\/qqpets.com\/product\/dog-collar-and-dog-leash-set-with-padded-handle\/#breadcrumb","itemListElement":[{"@type":"ListItem","position":1,"name":"Home","item":"https:\/\/qqpets.com\/"},{"@type":"ListItem","position":2,"name":"Products","item":"https:\/\/qqpets.com\/pet-products-manufacturer\/"},{"@type":"ListItem","position":3,"name":"Training Reflective Dog Collar And Dog Leash Set"}]},{"@type":"WebSite","@id":"https:\/\/qqpets.com\/#website","url":"https:\/\/qqpets.com\/","name":"QQPETS","description":"QQPETS ir lolojumdz\u012bvnieku produktu r\u016bpn\u012bca su\u0146u siksn\u0101m, su\u0146u apkakles, su\u0146u pavadas un su\u0146u aksesu\u0101ri ar profesion\u0101lu piel\u0101gotu pakalpojumu kop\u0161 2005. gada.","publisher":{"@id":"https:\/\/qqpets.com\/#organization"},"potentialAction":[{"@type":"SearchAction","target":{"@type":"EntryPoint","urlTemplate":"https:\/\/qqpets.com\/?s={search_term_string}"},"query-input":{"@type":"PropertyValueSpecification","valueRequired":true,"valueName":"search_term_string"}}],"inLanguage":"lv-LV"},{"@type":"Organization","@id":"https:\/\/qqpets.com\/#organization","name":"QQPETS","url":"https:\/\/qqpets.com\/","logo":{"@type":"ImageObject","inLanguage":"lv-LV","@id":"https:\/\/qqpets.com\/#\/schema\/logo\/image\/","url":"https:\/\/qqpets.com\/wp-content\/uploads\/2023\/09\/cropped-cropped-qqpets-tiktok.jpg","contentUrl":"https:\/\/qqpets.com\/wp-content\/uploads\/2023\/09\/cropped-cropped-qqpets-tiktok.jpg","width":511,"height":511,"caption":"QQPETS"},"image":{"@id":"https:\/\/qqpets.com\/#\/schema\/logo\/image\/"},"sameAs":["https:\/\/www.facebook.com\/QQpetsdogcollars","https:\/\/www.instagram.com\/qqpetscollar\/","https:\/\/www.pinterest.com\/qqpetsdogcollarsfactory\/"]}]}},"_links":{"self":[{"href":"https:\/\/qqpets.com\/lv\/wp-json\/wp\/v2\/product\/7768","targetHints":{"allow":["GET"]}}],"collection":[{"href":"https:\/\/qqpets.com\/lv\/wp-json\/wp\/v2\/product"}],"about":[{"href":"https:\/\/qqpets.com\/lv\/wp-json\/wp\/v2\/types\/product"}],"wp:featuredmedia":[{"embeddable":true,"href":"https:\/\/qqpets.com\/lv\/wp-json\/wp\/v2\/media\/7774"}],"wp:attachment":[{"href":"https:\/\/qqpets.com\/lv\/wp-json\/wp\/v2\/media?parent=7768"}],"wp:term":[{"taxonomy":"product_brand","embeddable":true,"href":"https:\/\/qqpets.com\/lv\/wp-json\/wp\/v2\/product_brand?post=7768"},{"taxonomy":"product_cat","embeddable":true,"href":"https:\/\/qqpets.com\/lv\/wp-json\/wp\/v2\/product_cat?post=7768"},{"taxonomy":"product_tag","embeddable":true,"href":"https:\/\/qqpets.com\/lv\/wp-json\/wp\/v2\/product_tag?post=7768"}],"curies":[{"name":"wp","href":"https:\/\/api.w.org\/{rel}","templated":true}]}}