{"id":7780,"date":"2024-09-02T17:55:49","date_gmt":"2024-09-02T09:55:49","guid":{"rendered":"https:\/\/qqpets.com\/?post_type=product&#038;p=7780"},"modified":"2024-09-24T17:44:04","modified_gmt":"2024-09-24T09:44:04","slug":"gentle-leader-no-pull-dog-head-collar","status":"publish","type":"product","link":"https:\/\/qqpets.com\/lv\/products\/gentle-leader-no-pull-dog-head-collar\/","title":{"rendered":"Gentle Leader No Pull su\u0146u galvas apkakle"},"content":{"rendered":"<p>Ieviesiet revol\u016bciju sava su\u0146a apm\u0101c\u012bb\u0101 un pastaig\u0101s ar m\u016bsu Gentle Leader No Pull su\u0146a galvas apkakli. \u0160is inovat\u012bvais l\u012bdzeklis ir \u012bpa\u0161i izstr\u0101d\u0101ts, lai nodro\u0161in\u0101tu t\u016bl\u012bt\u0113ju, maigu kontroli, neizmantojot sp\u0113ku. Virzot su\u0146a galvu, t\u0101 dabiski vada vi\u0146a \u0137ermeni, nov\u0113r\u0161ot vilk\u0161anu un nodro\u0161inot piln\u012bgu kontroli pastaigu, treni\u0146u vai agres\u012bvas uzved\u012bbas gad\u012bjum\u0101.<\/p>\n<p>At\u0161\u0137ir\u012bb\u0101 no tradicion\u0101laj\u0101m apkakl\u0113m Gentle Leader galvas apkakle piespie\u017e kakla aizmugur\u0113jo da\u013cu, nevis kaklu, kas ir hum\u0101n\u0101ks un nes\u0101p\u012bg\u0101ks j\u016bsu sunim. Deguna cilpa ir polster\u0113ta, lai nodro\u0161in\u0101tu maksim\u0101lu komfortu, nov\u0113r\u0161ot jebk\u0101du kairin\u0101jumu vai diskomfortu.<\/p>\n<p>\u0160\u012b apkakle ir \u012bpa\u0161i efekt\u012bva su\u0146iem, kas ir agres\u012bvi vilc\u0113ji vai viegli nov\u0113r\u0161 uzman\u012bbu. T\u0101 \u013cauj jums ar minim\u0101lu piep\u016bli virz\u012bt vi\u0146u v\u0113lamaj\u0101 virzien\u0101 un koncentr\u0113t uzman\u012bbu atpaka\u013c uz jums. To pla\u0161i iesaka veterin\u0101r\u0101rsti un treneri k\u0101 dro\u0161u un efekt\u012bvu metodi su\u0146u kontrolei, neradot stresu vai trauksmi.<\/p>\n<p>Gentle Leader ir viegli uzst\u0101d\u0101ms, un to var piel\u0101got, lai piel\u0101gotu visu izm\u0113ru un \u0161\u0137ir\u0146u su\u0146iem. Dizains nodro\u0161ina, ka tas paliek sav\u0101 viet\u0101, nesl\u012bdot un bez vajadz\u012bbas nesaspringstot, kas ir b\u016btiski, lai uztur\u0113tu efekt\u012bvu komunik\u0101ciju un kontroli.<\/p>\n<p>Neatkar\u012bgi no t\u0101, vai j\u016bs str\u0101d\u0101jat ar kuc\u0113nu, kur\u0161 m\u0101c\u0101s staig\u0101t ar pavadi\u0146u, vai ar pieaugu\u0161o suni, kuram ir uzved\u012bbas probl\u0113mas, m\u016bsu Gentle Leader No Pull Dog Head Collar ir nenov\u0113rt\u0113jams l\u012bdzeklis, lai veicin\u0101tu pozit\u012bvu pastaigu pieredzi. T\u0101 veicina piekl\u0101j\u012bgu pastaigu un pal\u012bdz p\u0101rvar\u0113t ar pavadi\u0146u saist\u012btas uzved\u012bbas probl\u0113mas, padarot pastaigas pat\u012bkamas un bez stresa.<\/p>\n<div class=\"flex-shrink-0 flex flex-col relative items-end\">\n<div>\n<div class=\"pt-0\">\n<div class=\"gizmo-bot-avatar flex h-8 w-8 items-center justify-center overflow-hidden rounded-full\">\n<div class=\"relative p-1 rounded-sm flex items-center justify-center bg-token-main-surface-primary text-token-text-primary h-8 w-8\"><\/div>\n<\/div>\n<\/div>\n<\/div>\n<\/div>\n<div class=\"group\/conversation-turn relative flex w-full min-w-0 flex-col agent-turn\">\n<div class=\"flex-col gap-1 md:gap-3\">\n<div class=\"flex max-w-full flex-col flex-grow\">\n<div class=\"min-h-[20px] text-message flex w-full flex-col items-end gap-2 break-words [.text-message+&amp;]:mt-5 overflow-x-auto whitespace-normal\" dir=\"auto\" data-message-author-role=\"assistant\" data-message-id=\"c98a0c2a-7b64-4805-8feb-b84270904e09\">\n<div class=\"flex w-full flex-col gap-1 empty:hidden first:pt-[3px]\">\n<div class=\"markdown prose w-full break-words dark:prose-invert light\">\n<h5><strong>Vai maigi vado\u0146i ir piem\u0113roti su\u0146iem, kas velk?<\/strong><\/h5>\n<p>J\u0101, maig\u0101s vadotnes ir efekt\u012bvas su\u0146iem, kas velk. Tie darbojas, novirzot su\u0146a galvu uz jums, kad tas m\u0113\u0123ina vilkt, t\u0101d\u0113j\u0101di apgr\u016btinot su\u0146a iesp\u0113ju izmantot visu \u0137erme\u0146a sp\u0113ku, lai vilktu uz priek\u0161u. Tas nodro\u0161ina lab\u0101ku kontroli un pal\u012bdz apm\u0101c\u012bt suni nevilkt.<\/p>\n<h5><strong>K\u0101 pan\u0101kt, lai suns vairs nevelk maigu pavadoni?<\/strong><\/h5>\n<p>Lai pal\u012bdz\u0113tu sunim p\u0101rtraukt vilk\u0161anu, izmantojot maigo vadoni, vienm\u0113r, kad suns s\u0101k vilkt, uzman\u012bgi pav\u0113rsiet vi\u0146a galvu atpaka\u013c uz sevi. \u0160\u0101du novirz\u012b\u0161anu papildiniet ar pozit\u012bvu atbalstu, piem\u0113ram, k\u0101rumiem vai uzslav\u0101m, ja suns iet gl\u012bti un nevelk. Svar\u012bgi ir ar\u012b p\u0101rliecin\u0101ties, ka maigais pavadonis ir pareizi un \u0113rti piestiprin\u0101ts j\u016bsu sunim.<\/p>\n<h5><strong>Vai maigs vad\u012bt\u0101js ir lab\u0101ks par halti?<\/strong><\/h5>\n<p>Gan Gentle Leader, gan Halti pied\u0101v\u0101 l\u012bdz\u012bgas priek\u0161roc\u012bbas, kontrol\u0113jot su\u0146a galvu, lai samazin\u0101tu vilk\u0161anu. To izv\u0113le ir atkar\u012bga no t\u0101, kur\u0161 no tiem \u0113rt\u0101k piegu\u013c j\u016bsu su\u0146a galvai, un no su\u0146a \u012bpa\u0161\u0101s reakcijas uz katru no tiem. Da\u017ei su\u0146i var lab\u0101k rea\u0123\u0113t uz Gentle Leader, bet citiem \u0113rt\u0101k var b\u016bt lietot Halti.<\/p>\n<h5><strong>Cik ilgi sunim var atst\u0101t maigu vadoni?<\/strong><\/h5>\n<p>Gentle Leader j\u0101lieto tikai uzraudz\u012btu aktivit\u0101\u0161u laik\u0101, piem\u0113ram, pastaigu vai treni\u0146u laik\u0101, un to nedr\u012bkst atst\u0101t iesl\u0113gtu uz ilgu laiku. Tas nav paredz\u0113ts n\u0113s\u0101\u0161anai visas dienas garum\u0101, jo p\u0101r\u0101k ilga n\u0113s\u0101\u0161ana var rad\u012bt diskomfortu vai kairin\u0101jumu, \u012bpa\u0161i tad, ja suns nav akt\u012bvs.<\/p>\n<\/div>\n<\/div>\n<\/div>\n<\/div>\n<\/div>\n<\/div>","protected":false},"excerpt":{"rendered":"<p>P\u0101rveidojiet savas pastaigas ar Gentle Leader No Pull su\u0146a galvas apkakli. \u0160\u012b galvas apkakle piem\u0113ro maigu spiedienu, lai nomierin\u0101tu hiperakt\u012bvu uzved\u012bbu un mazin\u0101tu vilk\u0161anu uz pavadas. T\u0101 ir veidota t\u0101, lai b\u016btu \u0113rta, un t\u0101s polster\u0113t\u0101 deguna cilpa nodro\u0161ina gan efektivit\u0101ti, gan hum\u0101nu lieto\u0161anu. \u0160\u012b apkakle ir ide\u0101li piem\u0113rota apm\u0101c\u012bbai, neradot j\u016bsu sunim stresu, un t\u0101 pal\u012bdz dabiski vad\u012bt j\u016bsu m\u012bluli ar galvas kust\u012bb\u0101m, veicinot lab\u0101ku komunik\u0101ciju un uzved\u012bbas korekciju.<\/p>","protected":false},"featured_media":8230,"template":"","meta":[],"product_brand":[],"product_cat":[26],"product_tag":[],"class_list":{"0":"post-7780","1":"product","2":"type-product","3":"status-publish","4":"has-post-thumbnail","6":"product_cat-dog-collar","7":"pa_brand-qqpets","9":"first","10":"instock","11":"shipping-taxable","12":"product-type-simple"},"yoast_head":"<!-- This site is optimized with the Yoast SEO plugin v26.6 - https:\/\/yoast.com\/wordpress\/plugins\/seo\/ -->\n<title>Gentle Leader No Pull Dog Head Collar | QQPETS<\/title>\n<meta name=\"description\" content=\"Master gentle control with our No Pull Dog Head Collar. Train with ease and comfort. Effective and humane!\" \/>\n<meta name=\"robots\" content=\"index, follow, max-snippet:-1, max-image-preview:large, max-video-preview:-1\" \/>\n<link rel=\"canonical\" href=\"https:\/\/qqpets.com\/lv\/products\/gentle-leader-no-pull-dog-head-collar\/\" \/>\n<meta property=\"og:locale\" content=\"lv_LV\" \/>\n<meta property=\"og:type\" content=\"article\" \/>\n<meta property=\"og:title\" content=\"Gentle Leader No Pull Dog Head Collar | QQPETS\" \/>\n<meta property=\"og:description\" content=\"Master gentle control with our No Pull Dog Head Collar. Train with ease and comfort. Effective and humane!\" \/>\n<meta property=\"og:url\" content=\"https:\/\/qqpets.com\/lv\/products\/gentle-leader-no-pull-dog-head-collar\/\" \/>\n<meta property=\"og:site_name\" content=\"QQPETS\" \/>\n<meta property=\"article:publisher\" content=\"https:\/\/www.facebook.com\/QQpetsdogcollars\" \/>\n<meta property=\"article:modified_time\" content=\"2024-09-24T09:44:04+00:00\" \/>\n<meta property=\"og:image\" content=\"https:\/\/qqpets.com\/wp-content\/uploads\/2024\/09\/Dog-Head-Collar.webp\" \/>\n\t<meta property=\"og:image:width\" content=\"700\" \/>\n\t<meta property=\"og:image:height\" content=\"700\" \/>\n\t<meta property=\"og:image:type\" content=\"image\/webp\" \/>\n<meta name=\"twitter:card\" content=\"summary_large_image\" \/>\n<meta name=\"twitter:label1\" content=\"Est. reading time\" \/>\n\t<meta name=\"twitter:data1\" content=\"3 min\u016btes\" \/>\n<script type=\"application\/ld+json\" class=\"yoast-schema-graph\">{\"@context\":\"https:\/\/schema.org\",\"@graph\":[{\"@type\":\"WebPage\",\"@id\":\"https:\/\/qqpets.com\/product\/gentle-leader-no-pull-dog-head-collar\/\",\"url\":\"https:\/\/qqpets.com\/product\/gentle-leader-no-pull-dog-head-collar\/\",\"name\":\"Gentle Leader No Pull Dog Head Collar | QQPETS\",\"isPartOf\":{\"@id\":\"https:\/\/qqpets.com\/#website\"},\"primaryImageOfPage\":{\"@id\":\"https:\/\/qqpets.com\/product\/gentle-leader-no-pull-dog-head-collar\/#primaryimage\"},\"image\":{\"@id\":\"https:\/\/qqpets.com\/product\/gentle-leader-no-pull-dog-head-collar\/#primaryimage\"},\"thumbnailUrl\":\"https:\/\/qqpets.com\/wp-content\/uploads\/2024\/09\/Dog-Head-Collar.webp\",\"datePublished\":\"2024-09-02T09:55:49+00:00\",\"dateModified\":\"2024-09-24T09:44:04+00:00\",\"description\":\"Master gentle control with our No Pull Dog Head Collar. Train with ease and comfort. Effective and humane!\",\"breadcrumb\":{\"@id\":\"https:\/\/qqpets.com\/product\/gentle-leader-no-pull-dog-head-collar\/#breadcrumb\"},\"inLanguage\":\"lv-LV\",\"potentialAction\":[{\"@type\":\"ReadAction\",\"target\":[\"https:\/\/qqpets.com\/product\/gentle-leader-no-pull-dog-head-collar\/\"]}]},{\"@type\":\"ImageObject\",\"inLanguage\":\"lv-LV\",\"@id\":\"https:\/\/qqpets.com\/product\/gentle-leader-no-pull-dog-head-collar\/#primaryimage\",\"url\":\"https:\/\/qqpets.com\/wp-content\/uploads\/2024\/09\/Dog-Head-Collar.webp\",\"contentUrl\":\"https:\/\/qqpets.com\/wp-content\/uploads\/2024\/09\/Dog-Head-Collar.webp\",\"width\":700,\"height\":700,\"caption\":\"Dog-Head-Collar\"},{\"@type\":\"BreadcrumbList\",\"@id\":\"https:\/\/qqpets.com\/product\/gentle-leader-no-pull-dog-head-collar\/#breadcrumb\",\"itemListElement\":[{\"@type\":\"ListItem\",\"position\":1,\"name\":\"Home\",\"item\":\"https:\/\/qqpets.com\/\"},{\"@type\":\"ListItem\",\"position\":2,\"name\":\"Products\",\"item\":\"https:\/\/qqpets.com\/pet-products-manufacturer\/\"},{\"@type\":\"ListItem\",\"position\":3,\"name\":\"Gentle Leader No Pull Dog Head Collar\"}]},{\"@type\":\"WebSite\",\"@id\":\"https:\/\/qqpets.com\/#website\",\"url\":\"https:\/\/qqpets.com\/\",\"name\":\"QQPETS\",\"description\":\"QQPETS is a pet products factory for dog harnesses, dog collars, dog leashes and dog accessories with professional customized service since 2005.\",\"publisher\":{\"@id\":\"https:\/\/qqpets.com\/#organization\"},\"potentialAction\":[{\"@type\":\"SearchAction\",\"target\":{\"@type\":\"EntryPoint\",\"urlTemplate\":\"https:\/\/qqpets.com\/?s={search_term_string}\"},\"query-input\":{\"@type\":\"PropertyValueSpecification\",\"valueRequired\":true,\"valueName\":\"search_term_string\"}}],\"inLanguage\":\"lv-LV\"},{\"@type\":\"Organization\",\"@id\":\"https:\/\/qqpets.com\/#organization\",\"name\":\"QQPETS\",\"url\":\"https:\/\/qqpets.com\/\",\"logo\":{\"@type\":\"ImageObject\",\"inLanguage\":\"lv-LV\",\"@id\":\"https:\/\/qqpets.com\/#\/schema\/logo\/image\/\",\"url\":\"https:\/\/qqpets.com\/wp-content\/uploads\/2023\/09\/cropped-cropped-qqpets-tiktok.jpg\",\"contentUrl\":\"https:\/\/qqpets.com\/wp-content\/uploads\/2023\/09\/cropped-cropped-qqpets-tiktok.jpg\",\"width\":511,\"height\":511,\"caption\":\"QQPETS\"},\"image\":{\"@id\":\"https:\/\/qqpets.com\/#\/schema\/logo\/image\/\"},\"sameAs\":[\"https:\/\/www.facebook.com\/QQpetsdogcollars\",\"https:\/\/www.instagram.com\/qqpetscollar\/\",\"https:\/\/www.pinterest.com\/qqpetsdogcollarsfactory\/\"]}]}<\/script>\n<!-- \/ Yoast SEO plugin. -->","yoast_head_json":{"title":"Maigais l\u012bderis bez vilk\u0161anas su\u0146u apkakle | QQPETS","description":"Apg\u016bstiet maigu kontroli ar m\u016bsu su\u0146a kakla siksnu bez vilk\u0161anas. Tren\u0113jieties ar vieglumu un komfortu. Efekt\u012bva un hum\u0101na!","robots":{"index":"index","follow":"follow","max-snippet":"max-snippet:-1","max-image-preview":"max-image-preview:large","max-video-preview":"max-video-preview:-1"},"canonical":"https:\/\/qqpets.com\/lv\/products\/gentle-leader-no-pull-dog-head-collar\/","og_locale":"lv_LV","og_type":"article","og_title":"Gentle Leader No Pull Dog Head Collar | QQPETS","og_description":"Master gentle control with our No Pull Dog Head Collar. Train with ease and comfort. Effective and humane!","og_url":"https:\/\/qqpets.com\/lv\/products\/gentle-leader-no-pull-dog-head-collar\/","og_site_name":"QQPETS","article_publisher":"https:\/\/www.facebook.com\/QQpetsdogcollars","article_modified_time":"2024-09-24T09:44:04+00:00","og_image":[{"width":700,"height":700,"url":"https:\/\/qqpets.com\/wp-content\/uploads\/2024\/09\/Dog-Head-Collar.webp","type":"image\/webp"}],"twitter_card":"summary_large_image","twitter_misc":{"Est. reading time":"3 min\u016btes"},"schema":{"@context":"https:\/\/schema.org","@graph":[{"@type":"WebPage","@id":"https:\/\/qqpets.com\/product\/gentle-leader-no-pull-dog-head-collar\/","url":"https:\/\/qqpets.com\/product\/gentle-leader-no-pull-dog-head-collar\/","name":"Maigais l\u012bderis bez vilk\u0161anas su\u0146u apkakle | QQPETS","isPartOf":{"@id":"https:\/\/qqpets.com\/#website"},"primaryImageOfPage":{"@id":"https:\/\/qqpets.com\/product\/gentle-leader-no-pull-dog-head-collar\/#primaryimage"},"image":{"@id":"https:\/\/qqpets.com\/product\/gentle-leader-no-pull-dog-head-collar\/#primaryimage"},"thumbnailUrl":"https:\/\/qqpets.com\/wp-content\/uploads\/2024\/09\/Dog-Head-Collar.webp","datePublished":"2024-09-02T09:55:49+00:00","dateModified":"2024-09-24T09:44:04+00:00","description":"Apg\u016bstiet maigu kontroli ar m\u016bsu su\u0146a kakla siksnu bez vilk\u0161anas. Tren\u0113jieties ar vieglumu un komfortu. Efekt\u012bva un hum\u0101na!","breadcrumb":{"@id":"https:\/\/qqpets.com\/product\/gentle-leader-no-pull-dog-head-collar\/#breadcrumb"},"inLanguage":"lv-LV","potentialAction":[{"@type":"ReadAction","target":["https:\/\/qqpets.com\/product\/gentle-leader-no-pull-dog-head-collar\/"]}]},{"@type":"ImageObject","inLanguage":"lv-LV","@id":"https:\/\/qqpets.com\/product\/gentle-leader-no-pull-dog-head-collar\/#primaryimage","url":"https:\/\/qqpets.com\/wp-content\/uploads\/2024\/09\/Dog-Head-Collar.webp","contentUrl":"https:\/\/qqpets.com\/wp-content\/uploads\/2024\/09\/Dog-Head-Collar.webp","width":700,"height":700,"caption":"Dog-Head-Collar"},{"@type":"BreadcrumbList","@id":"https:\/\/qqpets.com\/product\/gentle-leader-no-pull-dog-head-collar\/#breadcrumb","itemListElement":[{"@type":"ListItem","position":1,"name":"Home","item":"https:\/\/qqpets.com\/"},{"@type":"ListItem","position":2,"name":"Products","item":"https:\/\/qqpets.com\/pet-products-manufacturer\/"},{"@type":"ListItem","position":3,"name":"Gentle Leader No Pull Dog Head Collar"}]},{"@type":"WebSite","@id":"https:\/\/qqpets.com\/#website","url":"https:\/\/qqpets.com\/","name":"QQPETS","description":"QQPETS ir lolojumdz\u012bvnieku produktu r\u016bpn\u012bca su\u0146u siksn\u0101m, su\u0146u apkakles, su\u0146u pavadas un su\u0146u aksesu\u0101ri ar profesion\u0101lu piel\u0101gotu pakalpojumu kop\u0161 2005. gada.","publisher":{"@id":"https:\/\/qqpets.com\/#organization"},"potentialAction":[{"@type":"SearchAction","target":{"@type":"EntryPoint","urlTemplate":"https:\/\/qqpets.com\/?s={search_term_string}"},"query-input":{"@type":"PropertyValueSpecification","valueRequired":true,"valueName":"search_term_string"}}],"inLanguage":"lv-LV"},{"@type":"Organization","@id":"https:\/\/qqpets.com\/#organization","name":"QQPETS","url":"https:\/\/qqpets.com\/","logo":{"@type":"ImageObject","inLanguage":"lv-LV","@id":"https:\/\/qqpets.com\/#\/schema\/logo\/image\/","url":"https:\/\/qqpets.com\/wp-content\/uploads\/2023\/09\/cropped-cropped-qqpets-tiktok.jpg","contentUrl":"https:\/\/qqpets.com\/wp-content\/uploads\/2023\/09\/cropped-cropped-qqpets-tiktok.jpg","width":511,"height":511,"caption":"QQPETS"},"image":{"@id":"https:\/\/qqpets.com\/#\/schema\/logo\/image\/"},"sameAs":["https:\/\/www.facebook.com\/QQpetsdogcollars","https:\/\/www.instagram.com\/qqpetscollar\/","https:\/\/www.pinterest.com\/qqpetsdogcollarsfactory\/"]}]}},"_links":{"self":[{"href":"https:\/\/qqpets.com\/lv\/wp-json\/wp\/v2\/product\/7780","targetHints":{"allow":["GET"]}}],"collection":[{"href":"https:\/\/qqpets.com\/lv\/wp-json\/wp\/v2\/product"}],"about":[{"href":"https:\/\/qqpets.com\/lv\/wp-json\/wp\/v2\/types\/product"}],"wp:featuredmedia":[{"embeddable":true,"href":"https:\/\/qqpets.com\/lv\/wp-json\/wp\/v2\/media\/8230"}],"wp:attachment":[{"href":"https:\/\/qqpets.com\/lv\/wp-json\/wp\/v2\/media?parent=7780"}],"wp:term":[{"taxonomy":"product_brand","embeddable":true,"href":"https:\/\/qqpets.com\/lv\/wp-json\/wp\/v2\/product_brand?post=7780"},{"taxonomy":"product_cat","embeddable":true,"href":"https:\/\/qqpets.com\/lv\/wp-json\/wp\/v2\/product_cat?post=7780"},{"taxonomy":"product_tag","embeddable":true,"href":"https:\/\/qqpets.com\/lv\/wp-json\/wp\/v2\/product_tag?post=7780"}],"curies":[{"name":"wp","href":"https:\/\/api.w.org\/{rel}","templated":true}]}}