{"id":7790,"date":"2024-09-03T17:20:44","date_gmt":"2024-09-03T09:20:44","guid":{"rendered":"https:\/\/qqpets.com\/?post_type=product&#038;p=7790"},"modified":"2024-09-03T17:20:44","modified_gmt":"2024-09-03T09:20:44","slug":"reflective-rope-dog-leash","status":"publish","type":"product","link":"https:\/\/qqpets.com\/lv\/products\/reflective-rope-dog-leash\/","title":{"rendered":"Atstarojo\u0161a virves su\u0146u pavadas"},"content":{"rendered":"<p>Ievietojiet jaunu stila un iztur\u012bbas l\u012bmeni ikdienas pastaig\u0101s ar m\u016bsu augst\u0101k\u0101s kvalit\u0101tes virves su\u0146u pavadi\u0146u. \u0160\u012b siksna ir r\u016bp\u012bgi izgatavota no augstas kvalit\u0101tes p\u012btas virves, kas izstr\u0101d\u0101ta t\u0101, lai iztur\u0113tu pat visener\u0123isk\u0101k\u0101 su\u0146a vilkmes un vilkmes. Iztur\u012bg\u0101 konstrukcija nodro\u0161ina ilgsto\u0161u iztur\u012bbu, padarot to par lielisku izv\u0113li vis\u0101m \u0161\u0137irn\u0113m, izm\u0113riem un vecumiem.<\/p>\n<p>Ergonomiski veidotais rokturis ir polster\u0113ts, lai nodro\u0161in\u0101tu komfortu, mazinot roku nogurumu un nodro\u0161inot pat\u012bkamu pastaigas pieredzi pat ilg\u0101ku izbraucienu laik\u0101. \u0160\u012b \u012bpa\u0161\u012bba ir \u012bpa\u0161i noder\u012bga liel\u0101ku \u0161\u0137ir\u0146u m\u0101jdz\u012bvnieku \u012bpa\u0161niekiem vai tiem, kam pat\u012bk akt\u012bvi piedz\u012bvojumi, kam nepiecie\u0161ams dro\u0161s satv\u0113riens.<\/p>\n<p>M\u016bsu virves su\u0146u pavadas ir apr\u012bkotas ar iztur\u012bgu spr\u0101dzi, kas nodro\u0161ina dro\u0161u savienojumu ar su\u0146a kakla siksnu vai siksni\u0146u, sniedzot p\u0101rliec\u012bbu, ka j\u016bsu suns vienm\u0113r ir dro\u0161i piesiets. Gludais p\u012btais dizains ne tikai pie\u0161\u0137ir eleganci, bet ar\u012b nodro\u0161ina, ka pavadas ir viegli t\u012br\u0101ma un kopjama, t\u0101 ir iztur\u012bga pret visiem laikapst\u0101k\u013ciem, neizpl\u016bstot un neizbal\u0113jot.<\/p>\n<p>M\u016bsu virves su\u0146u pavadas, kas pieejamas da\u017e\u0101d\u0101s kr\u0101s\u0101s, \u013cauj jums izpaust savu un j\u016bsu m\u012blu\u013ca person\u012bgo stilu, vienlaikus nodro\u0161inot, ka dro\u0161\u012bba un funkcionalit\u0101te nekad netiek apdraud\u0113ta. Neatkar\u012bgi no t\u0101, vai p\u0101rvietojaties pa aiz\u0146emt\u0101m pils\u0113tas iel\u0101m vai izp\u0113t\u0101t nel\u012bdzen\u0101s takas, \u0161\u012b pavadas ir ide\u0101ls pavadonis visiem j\u016bsu piedz\u012bvojumiem br\u012bv\u0101 dab\u0101, apvienojot nep\u0101rsp\u0113jamu iztur\u012bbu un modernu izskatu.<\/p>\n<p>Izv\u0113lieties m\u016bsu virves su\u0146u pavadas, kas ir uzticams, stil\u012bgs un praktisks risin\u0101jums j\u016bsu m\u012blu\u013ca pastaigu vajadz\u012bb\u0101m, padarot katru pastaigu pat\u012bkamu un dro\u0161u.<\/p>\n<h5><strong>Vai virvju pavadas ir lab\u0101kas su\u0146iem?<\/strong><\/h5>\n<p>Virvju pavadas var b\u016bt piem\u0113rot\u0101kas su\u0146iem, \u012bpa\u0161i tiem, kas velk, jo t\u0101s ir iztur\u012bgas un stipras. T\u0101s nodro\u0161ina ar\u012b labu satv\u0113rienu saimniekiem, kas ir noder\u012bgs treni\u0146u laik\u0101 vai situ\u0101cij\u0101s, kad ir \u013coti svar\u012bga kontrole.<\/p>\n<h5><strong>K\u0101da virve ir piem\u0113rota su\u0146u pavadai?<\/strong><\/h5>\n<p>Su\u0146u pavad\u0101m bie\u017ei izmanto k\u0101p\u0161anas neilona virvi, jo t\u0101 ir stipra, iztur\u012bga un ar \u0113rtu satv\u0113rienu. T\u0101 ir ar\u012b iztur\u012bga pret laikapst\u0101k\u013cu iedarb\u012bbu un sp\u0113j iztur\u0113t su\u0146u vilk\u0161anas sp\u0113ku.<\/p>\n<h5><strong>Vai virvju su\u0146u apkakles ir dro\u0161as?<\/strong><\/h5>\n<p>Virves su\u0146u kakla siksnas var b\u016bt dro\u0161as, ja t\u0101s ir piem\u0113rota izm\u0113ra un izgatavotas no m\u012bksta, iztur\u012bga materi\u0101la. Tom\u0113r t\u0101s nevajadz\u0113tu izmantot k\u0101 prim\u0101ro apkakli identifik\u0101cijas \u017eetonu piestiprin\u0101\u0161anai vai su\u0146iem, kas iev\u0113rojami velk, jo virve var nodilin\u0101t ka\u017eoku un laika gait\u0101 izrais\u012bt kairin\u0101jumu.<\/p>\n<h5><strong>K\u0101 sauc su\u0146u virvi?<\/strong><\/h5>\n<p>Parasti su\u0146u virves apz\u012bm\u0113\u0161anai tiek lietots termins \"pavadas\" vai da\u017ek\u0101rt \"pavadas\", kas \u012bpa\u0161i attiecas uz virvi, ko izmanto su\u0146a vad\u012b\u0161anai vai kontrolei pastaigu vai treni\u0146u laik\u0101.<\/p>","protected":false},"excerpt":{"rendered":"<p>Izbaudiet perfektu iztur\u012bbas un stila apvienojumu ar m\u016bsu virves su\u0146u pavadi\u0146u. \u0160\u012b pavadas konstrukcija, kas izgatavota no augstas kvalit\u0101tes p\u012btas virves, nodro\u0161ina izcilu iztur\u012bbu visu izm\u0113ru su\u0146iem. \u0112rts rokturis nodro\u0161ina \u0113rtu satv\u0113rienu, kas atvieglo lieto\u0161anu garu pastaigu laik\u0101, savuk\u0101rt iztur\u012bg\u0101 aizdare nodro\u0161ina dro\u0161u stiprin\u0101jumu j\u016bsu su\u0146a kakla siksnai. T\u0101 ir ide\u0101li piem\u0113rota ikdienas lieto\u0161anai, apvienojot funkcionalit\u0101ti ar elegantu, modernu dizainu, kas nodro\u0161ina gan dro\u0161\u012bbu, gan stilu j\u016bsu piedz\u012bvojumos.<\/p>","protected":false},"featured_media":7791,"template":"","meta":[],"product_brand":[],"product_cat":[27],"product_tag":[],"class_list":{"0":"post-7790","1":"product","2":"type-product","3":"status-publish","4":"has-post-thumbnail","6":"product_cat-dog-leash","7":"pa_brand-qqpets","9":"first","10":"instock","11":"shipping-taxable","12":"product-type-simple"},"yoast_head":"<!-- This site is optimized with the Yoast SEO plugin v26.6 - https:\/\/yoast.com\/wordpress\/plugins\/seo\/ -->\n<title>Reflective Rope Dog Leash | QQPETS<\/title>\n<meta name=\"description\" content=\"Discover the durability of our Rope Dog Leash. Strong, stylish, and secure. Ideal for daily walks. Shop now!\" \/>\n<meta name=\"robots\" content=\"index, follow, max-snippet:-1, max-image-preview:large, max-video-preview:-1\" \/>\n<link rel=\"canonical\" href=\"https:\/\/qqpets.com\/lv\/products\/reflective-rope-dog-leash\/\" \/>\n<meta property=\"og:locale\" content=\"lv_LV\" \/>\n<meta property=\"og:type\" content=\"article\" \/>\n<meta property=\"og:title\" content=\"Reflective Rope Dog Leash | QQPETS\" \/>\n<meta property=\"og:description\" content=\"Discover the durability of our Rope Dog Leash. Strong, stylish, and secure. Ideal for daily walks. Shop now!\" \/>\n<meta property=\"og:url\" content=\"https:\/\/qqpets.com\/lv\/products\/reflective-rope-dog-leash\/\" \/>\n<meta property=\"og:site_name\" content=\"QQPETS\" \/>\n<meta property=\"article:publisher\" content=\"https:\/\/www.facebook.com\/QQpetsdogcollars\" \/>\n<meta property=\"og:image\" content=\"https:\/\/qqpets.com\/wp-content\/uploads\/2024\/09\/rope-dog-leash1.webp\" \/>\n\t<meta property=\"og:image:width\" content=\"892\" \/>\n\t<meta property=\"og:image:height\" content=\"968\" \/>\n\t<meta property=\"og:image:type\" content=\"image\/webp\" \/>\n<meta name=\"twitter:card\" content=\"summary_large_image\" \/>\n<meta name=\"twitter:label1\" content=\"Est. reading time\" \/>\n\t<meta name=\"twitter:data1\" content=\"3 min\u016btes\" \/>\n<script type=\"application\/ld+json\" class=\"yoast-schema-graph\">{\"@context\":\"https:\/\/schema.org\",\"@graph\":[{\"@type\":\"WebPage\",\"@id\":\"https:\/\/qqpets.com\/product\/reflective-rope-dog-leash\/\",\"url\":\"https:\/\/qqpets.com\/product\/reflective-rope-dog-leash\/\",\"name\":\"Reflective Rope Dog Leash | QQPETS\",\"isPartOf\":{\"@id\":\"https:\/\/qqpets.com\/#website\"},\"primaryImageOfPage\":{\"@id\":\"https:\/\/qqpets.com\/product\/reflective-rope-dog-leash\/#primaryimage\"},\"image\":{\"@id\":\"https:\/\/qqpets.com\/product\/reflective-rope-dog-leash\/#primaryimage\"},\"thumbnailUrl\":\"https:\/\/qqpets.com\/wp-content\/uploads\/2024\/09\/rope-dog-leash1.webp\",\"datePublished\":\"2024-09-03T09:20:44+00:00\",\"description\":\"Discover the durability of our Rope Dog Leash. Strong, stylish, and secure. Ideal for daily walks. Shop now!\",\"breadcrumb\":{\"@id\":\"https:\/\/qqpets.com\/product\/reflective-rope-dog-leash\/#breadcrumb\"},\"inLanguage\":\"lv-LV\",\"potentialAction\":[{\"@type\":\"ReadAction\",\"target\":[\"https:\/\/qqpets.com\/product\/reflective-rope-dog-leash\/\"]}]},{\"@type\":\"ImageObject\",\"inLanguage\":\"lv-LV\",\"@id\":\"https:\/\/qqpets.com\/product\/reflective-rope-dog-leash\/#primaryimage\",\"url\":\"https:\/\/qqpets.com\/wp-content\/uploads\/2024\/09\/rope-dog-leash1.webp\",\"contentUrl\":\"https:\/\/qqpets.com\/wp-content\/uploads\/2024\/09\/rope-dog-leash1.webp\",\"width\":892,\"height\":968},{\"@type\":\"BreadcrumbList\",\"@id\":\"https:\/\/qqpets.com\/product\/reflective-rope-dog-leash\/#breadcrumb\",\"itemListElement\":[{\"@type\":\"ListItem\",\"position\":1,\"name\":\"Home\",\"item\":\"https:\/\/qqpets.com\/\"},{\"@type\":\"ListItem\",\"position\":2,\"name\":\"Products\",\"item\":\"https:\/\/qqpets.com\/pet-products-manufacturer\/\"},{\"@type\":\"ListItem\",\"position\":3,\"name\":\"Reflective Rope Dog Leash\"}]},{\"@type\":\"WebSite\",\"@id\":\"https:\/\/qqpets.com\/#website\",\"url\":\"https:\/\/qqpets.com\/\",\"name\":\"QQPETS\",\"description\":\"QQPETS is a pet products factory for dog harnesses, dog collars, dog leashes and dog accessories with professional customized service since 2005.\",\"publisher\":{\"@id\":\"https:\/\/qqpets.com\/#organization\"},\"potentialAction\":[{\"@type\":\"SearchAction\",\"target\":{\"@type\":\"EntryPoint\",\"urlTemplate\":\"https:\/\/qqpets.com\/?s={search_term_string}\"},\"query-input\":{\"@type\":\"PropertyValueSpecification\",\"valueRequired\":true,\"valueName\":\"search_term_string\"}}],\"inLanguage\":\"lv-LV\"},{\"@type\":\"Organization\",\"@id\":\"https:\/\/qqpets.com\/#organization\",\"name\":\"QQPETS\",\"url\":\"https:\/\/qqpets.com\/\",\"logo\":{\"@type\":\"ImageObject\",\"inLanguage\":\"lv-LV\",\"@id\":\"https:\/\/qqpets.com\/#\/schema\/logo\/image\/\",\"url\":\"https:\/\/qqpets.com\/wp-content\/uploads\/2023\/09\/cropped-cropped-qqpets-tiktok.jpg\",\"contentUrl\":\"https:\/\/qqpets.com\/wp-content\/uploads\/2023\/09\/cropped-cropped-qqpets-tiktok.jpg\",\"width\":511,\"height\":511,\"caption\":\"QQPETS\"},\"image\":{\"@id\":\"https:\/\/qqpets.com\/#\/schema\/logo\/image\/\"},\"sameAs\":[\"https:\/\/www.facebook.com\/QQpetsdogcollars\",\"https:\/\/www.instagram.com\/qqpetscollar\/\",\"https:\/\/www.pinterest.com\/qqpetsdogcollarsfactory\/\"]}]}<\/script>\n<!-- \/ Yoast SEO plugin. -->","yoast_head_json":{"title":"Atstarojo\u0161a virves su\u0146u pavadas | QQPETS","description":"Atkl\u0101jiet m\u016bsu virves su\u0146u pavadas iztur\u012bbu. Stipra, stil\u012bga un dro\u0161a. Ide\u0101li piem\u0113rota ikdienas pastaig\u0101m. P\u0113rciet tagad!","robots":{"index":"index","follow":"follow","max-snippet":"max-snippet:-1","max-image-preview":"max-image-preview:large","max-video-preview":"max-video-preview:-1"},"canonical":"https:\/\/qqpets.com\/lv\/products\/reflective-rope-dog-leash\/","og_locale":"lv_LV","og_type":"article","og_title":"Reflective Rope Dog Leash | QQPETS","og_description":"Discover the durability of our Rope Dog Leash. Strong, stylish, and secure. Ideal for daily walks. Shop now!","og_url":"https:\/\/qqpets.com\/lv\/products\/reflective-rope-dog-leash\/","og_site_name":"QQPETS","article_publisher":"https:\/\/www.facebook.com\/QQpetsdogcollars","og_image":[{"width":892,"height":968,"url":"https:\/\/qqpets.com\/wp-content\/uploads\/2024\/09\/rope-dog-leash1.webp","type":"image\/webp"}],"twitter_card":"summary_large_image","twitter_misc":{"Est. reading time":"3 min\u016btes"},"schema":{"@context":"https:\/\/schema.org","@graph":[{"@type":"WebPage","@id":"https:\/\/qqpets.com\/product\/reflective-rope-dog-leash\/","url":"https:\/\/qqpets.com\/product\/reflective-rope-dog-leash\/","name":"Atstarojo\u0161a virves su\u0146u pavadas | QQPETS","isPartOf":{"@id":"https:\/\/qqpets.com\/#website"},"primaryImageOfPage":{"@id":"https:\/\/qqpets.com\/product\/reflective-rope-dog-leash\/#primaryimage"},"image":{"@id":"https:\/\/qqpets.com\/product\/reflective-rope-dog-leash\/#primaryimage"},"thumbnailUrl":"https:\/\/qqpets.com\/wp-content\/uploads\/2024\/09\/rope-dog-leash1.webp","datePublished":"2024-09-03T09:20:44+00:00","description":"Atkl\u0101jiet m\u016bsu virves su\u0146u pavadas iztur\u012bbu. Stipra, stil\u012bga un dro\u0161a. Ide\u0101li piem\u0113rota ikdienas pastaig\u0101m. P\u0113rciet tagad!","breadcrumb":{"@id":"https:\/\/qqpets.com\/product\/reflective-rope-dog-leash\/#breadcrumb"},"inLanguage":"lv-LV","potentialAction":[{"@type":"ReadAction","target":["https:\/\/qqpets.com\/product\/reflective-rope-dog-leash\/"]}]},{"@type":"ImageObject","inLanguage":"lv-LV","@id":"https:\/\/qqpets.com\/product\/reflective-rope-dog-leash\/#primaryimage","url":"https:\/\/qqpets.com\/wp-content\/uploads\/2024\/09\/rope-dog-leash1.webp","contentUrl":"https:\/\/qqpets.com\/wp-content\/uploads\/2024\/09\/rope-dog-leash1.webp","width":892,"height":968},{"@type":"BreadcrumbList","@id":"https:\/\/qqpets.com\/product\/reflective-rope-dog-leash\/#breadcrumb","itemListElement":[{"@type":"ListItem","position":1,"name":"Home","item":"https:\/\/qqpets.com\/"},{"@type":"ListItem","position":2,"name":"Products","item":"https:\/\/qqpets.com\/pet-products-manufacturer\/"},{"@type":"ListItem","position":3,"name":"Reflective Rope Dog Leash"}]},{"@type":"WebSite","@id":"https:\/\/qqpets.com\/#website","url":"https:\/\/qqpets.com\/","name":"QQPETS","description":"QQPETS ir lolojumdz\u012bvnieku produktu r\u016bpn\u012bca su\u0146u siksn\u0101m, su\u0146u apkakles, su\u0146u pavadas un su\u0146u aksesu\u0101ri ar profesion\u0101lu piel\u0101gotu pakalpojumu kop\u0161 2005. gada.","publisher":{"@id":"https:\/\/qqpets.com\/#organization"},"potentialAction":[{"@type":"SearchAction","target":{"@type":"EntryPoint","urlTemplate":"https:\/\/qqpets.com\/?s={search_term_string}"},"query-input":{"@type":"PropertyValueSpecification","valueRequired":true,"valueName":"search_term_string"}}],"inLanguage":"lv-LV"},{"@type":"Organization","@id":"https:\/\/qqpets.com\/#organization","name":"QQPETS","url":"https:\/\/qqpets.com\/","logo":{"@type":"ImageObject","inLanguage":"lv-LV","@id":"https:\/\/qqpets.com\/#\/schema\/logo\/image\/","url":"https:\/\/qqpets.com\/wp-content\/uploads\/2023\/09\/cropped-cropped-qqpets-tiktok.jpg","contentUrl":"https:\/\/qqpets.com\/wp-content\/uploads\/2023\/09\/cropped-cropped-qqpets-tiktok.jpg","width":511,"height":511,"caption":"QQPETS"},"image":{"@id":"https:\/\/qqpets.com\/#\/schema\/logo\/image\/"},"sameAs":["https:\/\/www.facebook.com\/QQpetsdogcollars","https:\/\/www.instagram.com\/qqpetscollar\/","https:\/\/www.pinterest.com\/qqpetsdogcollarsfactory\/"]}]}},"_links":{"self":[{"href":"https:\/\/qqpets.com\/lv\/wp-json\/wp\/v2\/product\/7790","targetHints":{"allow":["GET"]}}],"collection":[{"href":"https:\/\/qqpets.com\/lv\/wp-json\/wp\/v2\/product"}],"about":[{"href":"https:\/\/qqpets.com\/lv\/wp-json\/wp\/v2\/types\/product"}],"wp:featuredmedia":[{"embeddable":true,"href":"https:\/\/qqpets.com\/lv\/wp-json\/wp\/v2\/media\/7791"}],"wp:attachment":[{"href":"https:\/\/qqpets.com\/lv\/wp-json\/wp\/v2\/media?parent=7790"}],"wp:term":[{"taxonomy":"product_brand","embeddable":true,"href":"https:\/\/qqpets.com\/lv\/wp-json\/wp\/v2\/product_brand?post=7790"},{"taxonomy":"product_cat","embeddable":true,"href":"https:\/\/qqpets.com\/lv\/wp-json\/wp\/v2\/product_cat?post=7790"},{"taxonomy":"product_tag","embeddable":true,"href":"https:\/\/qqpets.com\/lv\/wp-json\/wp\/v2\/product_tag?post=7790"}],"curies":[{"name":"wp","href":"https:\/\/api.w.org\/{rel}","templated":true}]}}