{"id":7797,"date":"2024-09-03T16:36:52","date_gmt":"2024-09-03T08:36:52","guid":{"rendered":"https:\/\/qqpets.com\/?post_type=product&#038;p=7797"},"modified":"2024-09-03T16:36:52","modified_gmt":"2024-09-03T08:36:52","slug":"martingale-dog-collar","status":"publish","type":"product","link":"https:\/\/qqpets.com\/lv\/products\/martingale-dog-collar\/","title":{"rendered":"Martingale su\u0146u apkakle"},"content":{"rendered":"<p>Iepaz\u012bstin\u0101m ar m\u016bsu Martingale su\u0146u apkakli, kas ir b\u016btisks l\u012bdzeklis efekt\u012bvai un dro\u0161ai apm\u0101c\u012bbai. \u0160\u012b apkakle ir \u012bpa\u0161i izstr\u0101d\u0101ta, lai nodro\u0161in\u0101tu liel\u0101ku kontroli p\u0101r su\u0146iem, kuri m\u0113dz vilkt, bez tradicion\u0101lo \u017e\u0146aug\u0161anas apkakl\u012b\u0161u skarbuma. Tai ir dubult\u0101 cilpu konstrukcija, kas \u013cauj apkaklei proporcion\u0101li savilkties, rea\u0123\u0113jot uz vilk\u0161anu, t\u0101d\u0113j\u0101di nodro\u0161inot maigu korekciju.<\/p>\n<p>M\u016bsu Martingale apkakle ir izgatavota no augst\u0101k\u0101s kvalit\u0101tes materi\u0101liem, lai nodro\u0161in\u0101tu iztur\u012bbu un iztur\u0113tu ikdienas lieto\u0161anu. Unik\u0101lajai konstrukcijai ir ierobe\u017eota aizdare, kas noz\u012bm\u0113, ka apkakle savelk l\u012bdz galam, bet nepiespie\u017e, t\u0101p\u0113c t\u0101 ir dro\u0161a un efekt\u012bva apm\u0101c\u012bbas nol\u016bkos. \u0160\u012b \u012bpa\u0161\u012bba ir \u012bpa\u0161i izdev\u012bga \u0161\u0137irn\u0113m, kas m\u0113dz izsl\u012bd\u0113t no parast\u0101m apkakl\u0113m, jo t\u0101 nodro\u0161ina dro\u0161u piespr\u0101dz\u0113\u0161anos, vienlaikus nodro\u0161inot su\u0146a komfortu.<\/p>\n<p>M\u016bsu apkakles galven\u0101 sast\u0101vda\u013ca ir regul\u0113jams stiprin\u0101jums, kas \u013cauj piel\u0101goties j\u016bsu su\u0146a kakla izm\u0113ram. \u0160\u012b piel\u0101gojam\u012bba padara to piem\u0113rotu gandr\u012bz jebkurai \u0161\u0137irnei, nodro\u0161inot, ka apkakle nodro\u0161ina pareizo korekcijas l\u012bmeni, neradot diskomfortu.<\/p>\n<p>Martingale su\u0146u apkakle ir ide\u0101li piem\u0113rota treni\u0146iem, regul\u0101r\u0101m pastaig\u0101m un p\u0101rpild\u012bt\u0101 vid\u0113, kur nepiecie\u0161ama papildu kontrole, un t\u0101 pal\u012bdz vad\u012bt suni, piem\u0113rojot vienm\u0113r\u012bgu spiedienu ap kaklu, nevis koncentr\u0113jot to vien\u0101 viet\u0101. \u0160o metodi ir atzinu\u0161i treneri, jo t\u0101 ir efekt\u012bva un hum\u0101na, m\u0101cot labas uzved\u012bbas manieres pavad\u0101.<\/p>\n<p>Apr\u012bkojiet savu suni ar m\u016bsu Martingale su\u0146u apkakli, lai nodro\u0161in\u0101tu dro\u0161\u0101kas un pat\u012bkam\u0101kas pastaigas un treni\u0146us. T\u0101 ir uzticama, hum\u0101na un stil\u012bga izv\u0113le m\u0101jdz\u012bvnieku \u012bpa\u0161niekiem, kas v\u0113las nodro\u0161in\u0101t saviem m\u012blu\u013ciem vislab\u0101ko apr\u016bpi un apm\u0101c\u012bbu.<\/p>\n<h5><strong>Vai marting\u0101la apkakles ir piem\u0113rotas su\u0146iem?<\/strong><\/h5>\n<p>J\u0101, marting\u0101la apkakles ir noder\u012bgas su\u0146iem, \u012bpa\u0161i tiem, kuriem ir tendence izsl\u012bd\u0113t no parastaj\u0101m apkakl\u0113m. T\u0101s ir dro\u0161\u0101ka alternat\u012bva, jo nedaudz savelkoties, t\u0101s ir nedaudz saspringtas, nodro\u0161inot dro\u0161u piegu\u013c\u0161anu, neradot ar sl\u0101p\u0113jo\u0161\u0101m apkakl\u0113m saist\u012btos riskus.<\/p>\n<h5><strong>Ko sunim dod martingals?<\/strong><\/h5>\n<p>Martingala apkakle ir paredz\u0113ta, lai maigi savilktu kakla siksnu, kad suns velk pavad\u0101, nodro\u0161inot kontroli un ne\u013caujot sunim izsl\u012bd\u0113t no apkakles. T\u0101 savelk pietiekami cie\u0161i, lai b\u016btu efekt\u012bva, bet ne tik stipri, lai suni aizdusin\u0101tu vai kait\u0113tu, t\u0101p\u0113c t\u0101 ir ide\u0101li piem\u0113rota apm\u0101c\u012bbai un pastaig\u0101m.<\/p>\n<h5><strong>Vai marting\u0101la apkakles aptur vilk\u0161anu?<\/strong><\/h5>\n<p>Martingale apkakles nenov\u0113r\u0161 su\u0146a vilk\u0161anu p\u0113c b\u016bt\u012bbas. T\u0101s ir paredz\u0113tas, lai nodro\u0161in\u0101tu dro\u0161\u0101ku kontroli su\u0146iem, kuri var\u0113tu m\u0113\u0123in\u0101t izk\u013c\u016bt no apkakles. Tom\u0113r t\u0101s var efekt\u012bvi izmantot k\u0101 da\u013cu no apm\u0101c\u012bbas strat\u0113\u0123ijas, lai iem\u0101c\u012btu lab\u0101kas pavadas lieto\u0161anas manieres, nodro\u0161inot maigu atgriezenisko saiti, kad suns velk.<\/p>\n<h5><strong>Vai suns var visu laiku valk\u0101t martingalu?<\/strong><\/h5>\n<p>Nav ieteicams sunim visu laiku n\u0113s\u0101t marting\u0101la apkakli. Kakla siksna ir veidota t\u0101, lai to sasprindzin\u0101tu, kas nav ide\u0101li piem\u0113rots nep\u0101rtrauktai n\u0113s\u0101\u0161anai, jo \u012bpa\u0161i bez uzraudz\u012bbas. T\u0101 galvenok\u0101rt j\u0101lieto pastaigu vai treni\u0146u laik\u0101 un p\u0113c tam j\u0101no\u0146em, lai nov\u0113rstu nejau\u0161as saspriego\u0161an\u0101s vai traumu risku.<\/p>","protected":false},"excerpt":{"rendered":"<p>Optimiz\u0113jiet apm\u0101c\u012bbu ar m\u016bsu Martingale su\u0146u apkakli, kas paredz\u0113ta maigai korekcijai bez aizr\u012b\u0161an\u0101s. \u0160\u012b apkakle savelk spriedzi, bet tai ir ierobe\u017eota aizdare, lai nodro\u0161in\u0101tu, ka t\u0101 ir dro\u0161a un hum\u0101na. Izgatavota no augstas kvalit\u0101tes materi\u0101liem, t\u0101 nodro\u0161ina iztur\u012bbu un komfortu, t\u0101p\u0113c ir ide\u0101li piem\u0113rota ikdienas pastaig\u0101m un treni\u0146iem. Viegli regul\u0113jam\u0101 konstrukcija nodro\u0161ina ide\u0101lu piegul\u0113\u0161anu vis\u0101m \u0161\u0137irn\u0113m, uzlabojot kontroli un vienlaikus aizsarg\u0101jot su\u0146a kaklu.<\/p>","protected":false},"featured_media":7323,"template":"","meta":[],"product_brand":[],"product_cat":[26],"product_tag":[],"class_list":{"0":"post-7797","1":"product","2":"type-product","3":"status-publish","4":"has-post-thumbnail","6":"product_cat-dog-collar","7":"pa_brand-qqpets","9":"first","10":"instock","11":"shipping-taxable","12":"product-type-simple"},"yoast_head":"<!-- This site is optimized with the Yoast SEO plugin v26.6 - https:\/\/yoast.com\/wordpress\/plugins\/seo\/ -->\n<title>Martingale Dog Collar | QQPETS<\/title>\n<meta name=\"description\" content=\"Ensure safety with our Martingale Dog Collar. Perfect for training with gentle control. Durable and reliable!\" \/>\n<meta name=\"robots\" content=\"index, follow, max-snippet:-1, max-image-preview:large, max-video-preview:-1\" \/>\n<link rel=\"canonical\" href=\"https:\/\/qqpets.com\/lv\/products\/martingale-dog-collar\/\" \/>\n<meta property=\"og:locale\" content=\"lv_LV\" \/>\n<meta property=\"og:type\" content=\"article\" \/>\n<meta property=\"og:title\" content=\"Martingale Dog Collar | QQPETS\" \/>\n<meta property=\"og:description\" content=\"Ensure safety with our Martingale Dog Collar. Perfect for training with gentle control. Durable and reliable!\" \/>\n<meta property=\"og:url\" content=\"https:\/\/qqpets.com\/lv\/products\/martingale-dog-collar\/\" \/>\n<meta property=\"og:site_name\" content=\"QQPETS\" \/>\n<meta property=\"article:publisher\" content=\"https:\/\/www.facebook.com\/QQpetsdogcollars\" \/>\n<meta property=\"og:image\" content=\"https:\/\/qqpets.com\/wp-content\/uploads\/2023\/09\/martingale-dog-collar.webp\" \/>\n\t<meta property=\"og:image:width\" content=\"1000\" \/>\n\t<meta property=\"og:image:height\" content=\"1000\" \/>\n\t<meta property=\"og:image:type\" content=\"image\/webp\" \/>\n<meta name=\"twitter:card\" content=\"summary_large_image\" \/>\n<meta name=\"twitter:label1\" content=\"Est. reading time\" \/>\n\t<meta name=\"twitter:data1\" content=\"3 min\u016btes\" \/>\n<script type=\"application\/ld+json\" class=\"yoast-schema-graph\">{\"@context\":\"https:\/\/schema.org\",\"@graph\":[{\"@type\":\"WebPage\",\"@id\":\"https:\/\/qqpets.com\/product\/martingale-dog-collar\/\",\"url\":\"https:\/\/qqpets.com\/product\/martingale-dog-collar\/\",\"name\":\"Martingale Dog Collar | QQPETS\",\"isPartOf\":{\"@id\":\"https:\/\/qqpets.com\/#website\"},\"primaryImageOfPage\":{\"@id\":\"https:\/\/qqpets.com\/product\/martingale-dog-collar\/#primaryimage\"},\"image\":{\"@id\":\"https:\/\/qqpets.com\/product\/martingale-dog-collar\/#primaryimage\"},\"thumbnailUrl\":\"https:\/\/qqpets.com\/wp-content\/uploads\/2023\/09\/martingale-dog-collar.webp\",\"datePublished\":\"2024-09-03T08:36:52+00:00\",\"description\":\"Ensure safety with our Martingale Dog Collar. Perfect for training with gentle control. Durable and reliable!\",\"breadcrumb\":{\"@id\":\"https:\/\/qqpets.com\/product\/martingale-dog-collar\/#breadcrumb\"},\"inLanguage\":\"lv-LV\",\"potentialAction\":[{\"@type\":\"ReadAction\",\"target\":[\"https:\/\/qqpets.com\/product\/martingale-dog-collar\/\"]}]},{\"@type\":\"ImageObject\",\"inLanguage\":\"lv-LV\",\"@id\":\"https:\/\/qqpets.com\/product\/martingale-dog-collar\/#primaryimage\",\"url\":\"https:\/\/qqpets.com\/wp-content\/uploads\/2023\/09\/martingale-dog-collar.webp\",\"contentUrl\":\"https:\/\/qqpets.com\/wp-content\/uploads\/2023\/09\/martingale-dog-collar.webp\",\"width\":1000,\"height\":1000,\"caption\":\"martingale dog collar\"},{\"@type\":\"BreadcrumbList\",\"@id\":\"https:\/\/qqpets.com\/product\/martingale-dog-collar\/#breadcrumb\",\"itemListElement\":[{\"@type\":\"ListItem\",\"position\":1,\"name\":\"Home\",\"item\":\"https:\/\/qqpets.com\/\"},{\"@type\":\"ListItem\",\"position\":2,\"name\":\"Products\",\"item\":\"https:\/\/qqpets.com\/pet-products-manufacturer\/\"},{\"@type\":\"ListItem\",\"position\":3,\"name\":\"Martingale Dog Collar\"}]},{\"@type\":\"WebSite\",\"@id\":\"https:\/\/qqpets.com\/#website\",\"url\":\"https:\/\/qqpets.com\/\",\"name\":\"QQPETS\",\"description\":\"QQPETS is a pet products factory for dog harnesses, dog collars, dog leashes and dog accessories with professional customized service since 2005.\",\"publisher\":{\"@id\":\"https:\/\/qqpets.com\/#organization\"},\"potentialAction\":[{\"@type\":\"SearchAction\",\"target\":{\"@type\":\"EntryPoint\",\"urlTemplate\":\"https:\/\/qqpets.com\/?s={search_term_string}\"},\"query-input\":{\"@type\":\"PropertyValueSpecification\",\"valueRequired\":true,\"valueName\":\"search_term_string\"}}],\"inLanguage\":\"lv-LV\"},{\"@type\":\"Organization\",\"@id\":\"https:\/\/qqpets.com\/#organization\",\"name\":\"QQPETS\",\"url\":\"https:\/\/qqpets.com\/\",\"logo\":{\"@type\":\"ImageObject\",\"inLanguage\":\"lv-LV\",\"@id\":\"https:\/\/qqpets.com\/#\/schema\/logo\/image\/\",\"url\":\"https:\/\/qqpets.com\/wp-content\/uploads\/2023\/09\/cropped-cropped-qqpets-tiktok.jpg\",\"contentUrl\":\"https:\/\/qqpets.com\/wp-content\/uploads\/2023\/09\/cropped-cropped-qqpets-tiktok.jpg\",\"width\":511,\"height\":511,\"caption\":\"QQPETS\"},\"image\":{\"@id\":\"https:\/\/qqpets.com\/#\/schema\/logo\/image\/\"},\"sameAs\":[\"https:\/\/www.facebook.com\/QQpetsdogcollars\",\"https:\/\/www.instagram.com\/qqpetscollar\/\",\"https:\/\/www.pinterest.com\/qqpetsdogcollarsfactory\/\"]}]}<\/script>\n<!-- \/ Yoast SEO plugin. -->","yoast_head_json":{"title":"Martingale su\u0146u apkakle | QQPETS","description":"Nodro\u0161iniet dro\u0161\u012bbu ar m\u016bsu Martingale su\u0146u apkakli. Ide\u0101li piem\u0113rots apm\u0101c\u012bbai ar maigu kontroli. Iztur\u012bga un uzticama!","robots":{"index":"index","follow":"follow","max-snippet":"max-snippet:-1","max-image-preview":"max-image-preview:large","max-video-preview":"max-video-preview:-1"},"canonical":"https:\/\/qqpets.com\/lv\/products\/martingale-dog-collar\/","og_locale":"lv_LV","og_type":"article","og_title":"Martingale Dog Collar | QQPETS","og_description":"Ensure safety with our Martingale Dog Collar. Perfect for training with gentle control. Durable and reliable!","og_url":"https:\/\/qqpets.com\/lv\/products\/martingale-dog-collar\/","og_site_name":"QQPETS","article_publisher":"https:\/\/www.facebook.com\/QQpetsdogcollars","og_image":[{"width":1000,"height":1000,"url":"https:\/\/qqpets.com\/wp-content\/uploads\/2023\/09\/martingale-dog-collar.webp","type":"image\/webp"}],"twitter_card":"summary_large_image","twitter_misc":{"Est. reading time":"3 min\u016btes"},"schema":{"@context":"https:\/\/schema.org","@graph":[{"@type":"WebPage","@id":"https:\/\/qqpets.com\/product\/martingale-dog-collar\/","url":"https:\/\/qqpets.com\/product\/martingale-dog-collar\/","name":"Martingale su\u0146u apkakle | QQPETS","isPartOf":{"@id":"https:\/\/qqpets.com\/#website"},"primaryImageOfPage":{"@id":"https:\/\/qqpets.com\/product\/martingale-dog-collar\/#primaryimage"},"image":{"@id":"https:\/\/qqpets.com\/product\/martingale-dog-collar\/#primaryimage"},"thumbnailUrl":"https:\/\/qqpets.com\/wp-content\/uploads\/2023\/09\/martingale-dog-collar.webp","datePublished":"2024-09-03T08:36:52+00:00","description":"Nodro\u0161iniet dro\u0161\u012bbu ar m\u016bsu Martingale su\u0146u apkakli. Ide\u0101li piem\u0113rots apm\u0101c\u012bbai ar maigu kontroli. Iztur\u012bga un uzticama!","breadcrumb":{"@id":"https:\/\/qqpets.com\/product\/martingale-dog-collar\/#breadcrumb"},"inLanguage":"lv-LV","potentialAction":[{"@type":"ReadAction","target":["https:\/\/qqpets.com\/product\/martingale-dog-collar\/"]}]},{"@type":"ImageObject","inLanguage":"lv-LV","@id":"https:\/\/qqpets.com\/product\/martingale-dog-collar\/#primaryimage","url":"https:\/\/qqpets.com\/wp-content\/uploads\/2023\/09\/martingale-dog-collar.webp","contentUrl":"https:\/\/qqpets.com\/wp-content\/uploads\/2023\/09\/martingale-dog-collar.webp","width":1000,"height":1000,"caption":"martingale dog collar"},{"@type":"BreadcrumbList","@id":"https:\/\/qqpets.com\/product\/martingale-dog-collar\/#breadcrumb","itemListElement":[{"@type":"ListItem","position":1,"name":"Home","item":"https:\/\/qqpets.com\/"},{"@type":"ListItem","position":2,"name":"Products","item":"https:\/\/qqpets.com\/pet-products-manufacturer\/"},{"@type":"ListItem","position":3,"name":"Martingale Dog Collar"}]},{"@type":"WebSite","@id":"https:\/\/qqpets.com\/#website","url":"https:\/\/qqpets.com\/","name":"QQPETS","description":"QQPETS ir lolojumdz\u012bvnieku produktu r\u016bpn\u012bca su\u0146u siksn\u0101m, su\u0146u apkakles, su\u0146u pavadas un su\u0146u aksesu\u0101ri ar profesion\u0101lu piel\u0101gotu pakalpojumu kop\u0161 2005. gada.","publisher":{"@id":"https:\/\/qqpets.com\/#organization"},"potentialAction":[{"@type":"SearchAction","target":{"@type":"EntryPoint","urlTemplate":"https:\/\/qqpets.com\/?s={search_term_string}"},"query-input":{"@type":"PropertyValueSpecification","valueRequired":true,"valueName":"search_term_string"}}],"inLanguage":"lv-LV"},{"@type":"Organization","@id":"https:\/\/qqpets.com\/#organization","name":"QQPETS","url":"https:\/\/qqpets.com\/","logo":{"@type":"ImageObject","inLanguage":"lv-LV","@id":"https:\/\/qqpets.com\/#\/schema\/logo\/image\/","url":"https:\/\/qqpets.com\/wp-content\/uploads\/2023\/09\/cropped-cropped-qqpets-tiktok.jpg","contentUrl":"https:\/\/qqpets.com\/wp-content\/uploads\/2023\/09\/cropped-cropped-qqpets-tiktok.jpg","width":511,"height":511,"caption":"QQPETS"},"image":{"@id":"https:\/\/qqpets.com\/#\/schema\/logo\/image\/"},"sameAs":["https:\/\/www.facebook.com\/QQpetsdogcollars","https:\/\/www.instagram.com\/qqpetscollar\/","https:\/\/www.pinterest.com\/qqpetsdogcollarsfactory\/"]}]}},"_links":{"self":[{"href":"https:\/\/qqpets.com\/lv\/wp-json\/wp\/v2\/product\/7797","targetHints":{"allow":["GET"]}}],"collection":[{"href":"https:\/\/qqpets.com\/lv\/wp-json\/wp\/v2\/product"}],"about":[{"href":"https:\/\/qqpets.com\/lv\/wp-json\/wp\/v2\/types\/product"}],"wp:featuredmedia":[{"embeddable":true,"href":"https:\/\/qqpets.com\/lv\/wp-json\/wp\/v2\/media\/7323"}],"wp:attachment":[{"href":"https:\/\/qqpets.com\/lv\/wp-json\/wp\/v2\/media?parent=7797"}],"wp:term":[{"taxonomy":"product_brand","embeddable":true,"href":"https:\/\/qqpets.com\/lv\/wp-json\/wp\/v2\/product_brand?post=7797"},{"taxonomy":"product_cat","embeddable":true,"href":"https:\/\/qqpets.com\/lv\/wp-json\/wp\/v2\/product_cat?post=7797"},{"taxonomy":"product_tag","embeddable":true,"href":"https:\/\/qqpets.com\/lv\/wp-json\/wp\/v2\/product_tag?post=7797"}],"curies":[{"name":"wp","href":"https:\/\/api.w.org\/{rel}","templated":true}]}}