{"id":7803,"date":"2024-09-03T16:46:00","date_gmt":"2024-09-03T08:46:00","guid":{"rendered":"https:\/\/qqpets.com\/?post_type=product&#038;p=7803"},"modified":"2024-09-24T17:32:49","modified_gmt":"2024-09-24T09:32:49","slug":"no-pull-training-slip-dog-leash","status":"publish","type":"product","link":"https:\/\/qqpets.com\/lv\/products\/no-pull-training-slip-dog-leash\/","title":{"rendered":"Nav vilk\u0161anas apm\u0101c\u012bbas Slip su\u0146u pavadas"},"content":{"rendered":"<p>Ievietojiet precizit\u0101ti un vieglumu sav\u0101 treni\u0146u re\u017e\u012bm\u0101 ar m\u016bsu sl\u012bdo\u0161o su\u0146u pavadi\u0146u - daudzpus\u012bgu r\u012bku, kas ir izstr\u0101d\u0101ts, lai pal\u012bdz\u0113tu nostiprin\u0101t labu uzved\u012bbu un uzlabotu pavadas lieto\u0161anas prasmes. \u0160\u012b siksna darbojas gan k\u0101 apkakle, gan k\u0101 pavadi\u0146a, nodro\u0161inot \u0113rtu risin\u0101jumu \u0101tr\u0101m pastaig\u0101m un efekt\u012bv\u0101m apm\u0101c\u012bb\u0101m.<\/p>\n<p>Izgatavota no augstas kvalit\u0101tes, iztur\u012bgiem materi\u0101liem, m\u016bsu Slip su\u0146u pavadas ir veidotas t\u0101, lai kalpotu ilgi un iztur\u0113tu ikdienas lieto\u0161anas gr\u016bt\u012bbas. Unik\u0101l\u0101 sl\u012bdo\u0161\u0101 konstrukcija \u013cauj tai savilkties, rea\u0123\u0113jot uz vilk\u0161anu, kas pal\u012bdz dabiski un maigi kori\u0123\u0113t nev\u0113lamu uzved\u012bbu. Tikl\u012bdz suns p\u0101rst\u0101j vilkt, pavadas siksna nekav\u0113joties atsl\u0101bst, nodro\u0161inot komfortu un atvieglojumu, pastiprinot pozit\u012bvu uzved\u012bbu bez rupj\u012bbas.<\/p>\n<p>Vienk\u0101r\u0161\u0101 sl\u012bdo\u0161\u0101 pavadas konstrukcija ir ide\u0101li piem\u0113rota \u012bsiem izbraucieniem \u0101r\u0101 - gan tualetes pauz\u0113m, gan \u012bs\u0101m pastaig\u0101m, jo nav nepiecie\u0161ama atsevi\u0161\u0137a apkakle un pavadas. \u0160\u012b funkcija ir \u012bpa\u0161i noder\u012bga treni\u0146u vid\u0113, kur kontrole un \u0101tra korekcija ir vissvar\u012bg\u0101k\u0101.<\/p>\n<p>M\u016bsu sl\u012bdo\u0161\u0101 su\u0146u pavadas ir ne tikai praktiska, bet ar\u012b stil\u012bga, pieejama da\u017e\u0101d\u0101s kr\u0101s\u0101s, lai atbilstu j\u016bsu un j\u016bsu su\u0146a stilam. T\u0101 ir neticami viegli lietojama - vienk\u0101r\u0161i uzvelciet to sunim uz galvas, un j\u016bs varat doties ce\u013c\u0101. Pavada gal\u0101 ir ar\u012b cilpas rokturis, kas nodro\u0161ina \u0113rtu satv\u0113rienu, nov\u0113r\u0161ot virves apdeg\u0161anu un nogurumu garu pastaigu vai akt\u012bvu treni\u0146u laik\u0101.<\/p>\n<p>M\u016bsu sl\u012bdo\u0161\u0101 su\u0146u pavadas siksna ir ide\u0101li piem\u0113rota treneriem, patversm\u0113m un m\u0101jdz\u012bvnieku \u012bpa\u0161niekiem, kas mekl\u0113 efekt\u012bvu un hum\u0101nu veidu, k\u0101 m\u0101c\u012bt su\u0146u su\u0146u vadu, un pied\u0101v\u0101 vienk\u0101r\u0161u un efekt\u012bvu pieeju su\u0146u kontrolei un apm\u0101c\u012bbai. Apr\u012bkojiet sevi ar \u0161o b\u016btisko r\u012bku, lai nodro\u0161in\u0101tu dro\u0161\u0101ku, pat\u012bkam\u0101ku un kontrol\u0113t\u0101ku pastaigu vai treni\u0146u pieredzi.<\/p>\n<h5><strong>Vai sl\u012bdo\u0161\u0101s pavadas ir piem\u0113rotas su\u0146iem?<\/strong><\/h5>\n<p>Pareizi lietojot, sl\u012bdo\u0161\u0101s pavadas var b\u016bt noder\u012bgas su\u0146iem, jo \u012bpa\u0161i treni\u0146iem vai \u0101tr\u0101m pastaig\u0101m. Tom\u0113r t\u0101s j\u0101lieto uzman\u012bgi, lai nov\u0113rstu diskomfortu vai aizr\u012b\u0161anos, jo \u012bpa\u0161i su\u0146iem, kuriem ir tieksme vilkt vai kuri v\u0113l nav apm\u0101c\u012bti pavadas lieto\u0161an\u0101.<\/p>\n<h5><strong>Vai dr\u012bkst pastaig\u0101ties ar suni uz slidena pavadas?<\/strong><\/h5>\n<p>Pastaigas ar suni uz sl\u012bdo\u0161as pavadas ir pie\u0146emamas, it \u012bpa\u0161i, ja suns ir apm\u0101c\u012bts staig\u0101t bez vilk\u0161anas. Sl\u012bdo\u0161\u0101 pavadas siksna nodro\u0161ina \u0101tru kontroli, un to ir viegli uzvilkt un no\u0146emt. Tom\u0113r su\u0146iem, kuri velk vai kuriem ir elpo\u0161anas probl\u0113mas, dro\u0161\u0101ks un \u0113rt\u0101ks risin\u0101jums var b\u016bt siksna.<\/p>\n<h5><strong>Vai sl\u012bd\u0113\u0161anas vadi p\u0101rtrauc vilk\u0161anu?<\/strong><\/h5>\n<p>Sl\u012bd\u0113\u0161anas vadi pa\u0161saprotami nep\u0101rtrauc vilk\u0161anu. Paties\u012bb\u0101 da\u017eiem su\u0146iem t\u0101s var veicin\u0101t vilk\u0161anu, jo saspringt\u0101 saj\u016bta var izrais\u012bt su\u0146a pretest\u012bbas refleksu, kas liek sunim vilkt v\u0113l sp\u0113c\u012bg\u0101k. Lai iem\u0101c\u012btu suni nevilkt, izmantojot sl\u012bdo\u0161o pavadi\u0146u, ir nepiecie\u0161ama pareiza apm\u0101c\u012bba.<\/p>\n<h5><strong>Vai sl\u012bdo\u0161ais pavads ir lab\u0101ks par siksnu?<\/strong><\/h5>\n<p>Tas, vai sl\u012bdo\u0161\u0101 pavadas siksna ir lab\u0101ka par siksnu, ir atkar\u012bgs no konkr\u0113t\u0101 su\u0146a un situ\u0101cijas. Su\u0146iem, kuri velk, tiek apm\u0101c\u012bti vai kuriem ir noteiktas vesel\u012bbas probl\u0113mas, piem\u0113ram, trahejas kolapss, siksna parasti ir lab\u0101ka, jo t\u0101 sadala spiedienu no kakla uz \u0137ermeni. Sl\u012bdo\u0161\u0101 siksna nodro\u0161ina tie\u0161\u0101ku kontroli, un to bie\u017ei vien izv\u0113las labi apm\u0101c\u012btiem su\u0146iem vai \u012bpa\u0161os apm\u0101c\u012bbas scen\u0101rijos, kad su\u0146a vad\u012bt\u0101jam nepiecie\u0161amas \u0101tras un maigas korekcijas.<\/p>","protected":false},"excerpt":{"rendered":"<p>Uzlabojiet savas treni\u0146u sesijas ar m\u016bsu sl\u012bdo\u0161o su\u0146u pavadi\u0146u, kas ir paredz\u0113ta \u0113rtai kontrolei un \u0101trai korekcijai. \u0160\u012b \"viss vien\u0101\" pavadas un apkakles sist\u0113ma savelk, kad suns velk, pied\u0101v\u0101jot maigu korekciju, un atlai\u017e, kad suns pak\u013caujas. Izgatavota no augstas kvalit\u0101tes iztur\u012bgiem materi\u0101liem, t\u0101 ir ide\u0101li piem\u0113rota lieto\u0161anai ce\u013c\u0101 un efekt\u012bva, lai m\u0101c\u012btu lab\u0101kas manieres pavad\u0101. T\u0101 ir viegla un vienk\u0101r\u0161i lietojama, t\u0101p\u0113c ir neaizst\u0101jams pal\u012bgl\u012bdzeklis gan jaunajiem m\u0101jdz\u012bvnieku \u012bpa\u0161niekiem, gan pieredz\u0113ju\u0161iem treneriem.<\/p>","protected":false},"featured_media":8229,"template":"","meta":[],"product_brand":[],"product_cat":[27],"product_tag":[],"class_list":{"0":"post-7803","1":"product","2":"type-product","3":"status-publish","4":"has-post-thumbnail","6":"product_cat-dog-leash","7":"pa_brand-qqpets","9":"first","10":"instock","11":"shipping-taxable","12":"product-type-simple"},"yoast_head":"<!-- This site is optimized with the Yoast SEO plugin v26.6 - https:\/\/yoast.com\/wordpress\/plugins\/seo\/ -->\n<title>No Pull Training Slip Dog Leash | QQPETS<\/title>\n<meta name=\"description\" content=\"Master control with our Slip Dog Leash. Ideal for training and quick walks. Durable, easy to use. Shop now!\" \/>\n<meta name=\"robots\" content=\"index, follow, max-snippet:-1, max-image-preview:large, max-video-preview:-1\" \/>\n<link rel=\"canonical\" href=\"https:\/\/qqpets.com\/lv\/products\/no-pull-training-slip-dog-leash\/\" \/>\n<meta property=\"og:locale\" content=\"lv_LV\" \/>\n<meta property=\"og:type\" content=\"article\" \/>\n<meta property=\"og:title\" content=\"No Pull Training Slip Dog Leash | QQPETS\" \/>\n<meta property=\"og:description\" content=\"Master control with our Slip Dog Leash. Ideal for training and quick walks. Durable, easy to use. Shop now!\" \/>\n<meta property=\"og:url\" content=\"https:\/\/qqpets.com\/lv\/products\/no-pull-training-slip-dog-leash\/\" \/>\n<meta property=\"og:site_name\" content=\"QQPETS\" \/>\n<meta property=\"article:publisher\" content=\"https:\/\/www.facebook.com\/QQpetsdogcollars\" \/>\n<meta property=\"article:modified_time\" content=\"2024-09-24T09:32:49+00:00\" \/>\n<meta property=\"og:image\" content=\"https:\/\/qqpets.com\/wp-content\/uploads\/2024\/09\/slip-dog-leash8.webp\" \/>\n\t<meta property=\"og:image:width\" content=\"1000\" \/>\n\t<meta property=\"og:image:height\" content=\"1000\" \/>\n\t<meta property=\"og:image:type\" content=\"image\/webp\" \/>\n<meta name=\"twitter:card\" content=\"summary_large_image\" \/>\n<meta name=\"twitter:label1\" content=\"Est. reading time\" \/>\n\t<meta name=\"twitter:data1\" content=\"3 min\u016btes\" \/>\n<script type=\"application\/ld+json\" class=\"yoast-schema-graph\">{\"@context\":\"https:\/\/schema.org\",\"@graph\":[{\"@type\":\"WebPage\",\"@id\":\"https:\/\/qqpets.com\/product\/no-pull-training-slip-dog-leash\/\",\"url\":\"https:\/\/qqpets.com\/product\/no-pull-training-slip-dog-leash\/\",\"name\":\"No Pull Training Slip Dog Leash | QQPETS\",\"isPartOf\":{\"@id\":\"https:\/\/qqpets.com\/#website\"},\"primaryImageOfPage\":{\"@id\":\"https:\/\/qqpets.com\/product\/no-pull-training-slip-dog-leash\/#primaryimage\"},\"image\":{\"@id\":\"https:\/\/qqpets.com\/product\/no-pull-training-slip-dog-leash\/#primaryimage\"},\"thumbnailUrl\":\"https:\/\/qqpets.com\/wp-content\/uploads\/2024\/09\/slip-dog-leash8.webp\",\"datePublished\":\"2024-09-03T08:46:00+00:00\",\"dateModified\":\"2024-09-24T09:32:49+00:00\",\"description\":\"Master control with our Slip Dog Leash. Ideal for training and quick walks. Durable, easy to use. Shop now!\",\"breadcrumb\":{\"@id\":\"https:\/\/qqpets.com\/product\/no-pull-training-slip-dog-leash\/#breadcrumb\"},\"inLanguage\":\"lv-LV\",\"potentialAction\":[{\"@type\":\"ReadAction\",\"target\":[\"https:\/\/qqpets.com\/product\/no-pull-training-slip-dog-leash\/\"]}]},{\"@type\":\"ImageObject\",\"inLanguage\":\"lv-LV\",\"@id\":\"https:\/\/qqpets.com\/product\/no-pull-training-slip-dog-leash\/#primaryimage\",\"url\":\"https:\/\/qqpets.com\/wp-content\/uploads\/2024\/09\/slip-dog-leash8.webp\",\"contentUrl\":\"https:\/\/qqpets.com\/wp-content\/uploads\/2024\/09\/slip-dog-leash8.webp\",\"width\":1000,\"height\":1000},{\"@type\":\"BreadcrumbList\",\"@id\":\"https:\/\/qqpets.com\/product\/no-pull-training-slip-dog-leash\/#breadcrumb\",\"itemListElement\":[{\"@type\":\"ListItem\",\"position\":1,\"name\":\"Home\",\"item\":\"https:\/\/qqpets.com\/\"},{\"@type\":\"ListItem\",\"position\":2,\"name\":\"Products\",\"item\":\"https:\/\/qqpets.com\/pet-products-manufacturer\/\"},{\"@type\":\"ListItem\",\"position\":3,\"name\":\"No Pull Training Slip Dog Leash\"}]},{\"@type\":\"WebSite\",\"@id\":\"https:\/\/qqpets.com\/#website\",\"url\":\"https:\/\/qqpets.com\/\",\"name\":\"QQPETS\",\"description\":\"QQPETS is a pet products factory for dog harnesses, dog collars, dog leashes and dog accessories with professional customized service since 2005.\",\"publisher\":{\"@id\":\"https:\/\/qqpets.com\/#organization\"},\"potentialAction\":[{\"@type\":\"SearchAction\",\"target\":{\"@type\":\"EntryPoint\",\"urlTemplate\":\"https:\/\/qqpets.com\/?s={search_term_string}\"},\"query-input\":{\"@type\":\"PropertyValueSpecification\",\"valueRequired\":true,\"valueName\":\"search_term_string\"}}],\"inLanguage\":\"lv-LV\"},{\"@type\":\"Organization\",\"@id\":\"https:\/\/qqpets.com\/#organization\",\"name\":\"QQPETS\",\"url\":\"https:\/\/qqpets.com\/\",\"logo\":{\"@type\":\"ImageObject\",\"inLanguage\":\"lv-LV\",\"@id\":\"https:\/\/qqpets.com\/#\/schema\/logo\/image\/\",\"url\":\"https:\/\/qqpets.com\/wp-content\/uploads\/2023\/09\/cropped-cropped-qqpets-tiktok.jpg\",\"contentUrl\":\"https:\/\/qqpets.com\/wp-content\/uploads\/2023\/09\/cropped-cropped-qqpets-tiktok.jpg\",\"width\":511,\"height\":511,\"caption\":\"QQPETS\"},\"image\":{\"@id\":\"https:\/\/qqpets.com\/#\/schema\/logo\/image\/\"},\"sameAs\":[\"https:\/\/www.facebook.com\/QQpetsdogcollars\",\"https:\/\/www.instagram.com\/qqpetscollar\/\",\"https:\/\/www.pinterest.com\/qqpetsdogcollarsfactory\/\"]}]}<\/script>\n<!-- \/ Yoast SEO plugin. -->","yoast_head_json":{"title":"Nav vilk\u0161anas apm\u0101c\u012bbas sl\u012bd\u0113\u0161anas su\u0146u pavadas | QQPETS","description":"Apg\u016bstiet kontroli ar m\u016bsu sl\u012bdo\u0161o su\u0146u pavadi\u0146u. Ide\u0101li piem\u0113rota treni\u0146iem un \u0101tr\u0101m pastaig\u0101m. Iztur\u012bga, viegli lietojama. P\u0113rciet tagad!","robots":{"index":"index","follow":"follow","max-snippet":"max-snippet:-1","max-image-preview":"max-image-preview:large","max-video-preview":"max-video-preview:-1"},"canonical":"https:\/\/qqpets.com\/lv\/products\/no-pull-training-slip-dog-leash\/","og_locale":"lv_LV","og_type":"article","og_title":"No Pull Training Slip Dog Leash | QQPETS","og_description":"Master control with our Slip Dog Leash. Ideal for training and quick walks. Durable, easy to use. Shop now!","og_url":"https:\/\/qqpets.com\/lv\/products\/no-pull-training-slip-dog-leash\/","og_site_name":"QQPETS","article_publisher":"https:\/\/www.facebook.com\/QQpetsdogcollars","article_modified_time":"2024-09-24T09:32:49+00:00","og_image":[{"width":1000,"height":1000,"url":"https:\/\/qqpets.com\/wp-content\/uploads\/2024\/09\/slip-dog-leash8.webp","type":"image\/webp"}],"twitter_card":"summary_large_image","twitter_misc":{"Est. reading time":"3 min\u016btes"},"schema":{"@context":"https:\/\/schema.org","@graph":[{"@type":"WebPage","@id":"https:\/\/qqpets.com\/product\/no-pull-training-slip-dog-leash\/","url":"https:\/\/qqpets.com\/product\/no-pull-training-slip-dog-leash\/","name":"Nav vilk\u0161anas apm\u0101c\u012bbas sl\u012bd\u0113\u0161anas su\u0146u pavadas | QQPETS","isPartOf":{"@id":"https:\/\/qqpets.com\/#website"},"primaryImageOfPage":{"@id":"https:\/\/qqpets.com\/product\/no-pull-training-slip-dog-leash\/#primaryimage"},"image":{"@id":"https:\/\/qqpets.com\/product\/no-pull-training-slip-dog-leash\/#primaryimage"},"thumbnailUrl":"https:\/\/qqpets.com\/wp-content\/uploads\/2024\/09\/slip-dog-leash8.webp","datePublished":"2024-09-03T08:46:00+00:00","dateModified":"2024-09-24T09:32:49+00:00","description":"Apg\u016bstiet kontroli ar m\u016bsu sl\u012bdo\u0161o su\u0146u pavadi\u0146u. Ide\u0101li piem\u0113rota treni\u0146iem un \u0101tr\u0101m pastaig\u0101m. Iztur\u012bga, viegli lietojama. P\u0113rciet tagad!","breadcrumb":{"@id":"https:\/\/qqpets.com\/product\/no-pull-training-slip-dog-leash\/#breadcrumb"},"inLanguage":"lv-LV","potentialAction":[{"@type":"ReadAction","target":["https:\/\/qqpets.com\/product\/no-pull-training-slip-dog-leash\/"]}]},{"@type":"ImageObject","inLanguage":"lv-LV","@id":"https:\/\/qqpets.com\/product\/no-pull-training-slip-dog-leash\/#primaryimage","url":"https:\/\/qqpets.com\/wp-content\/uploads\/2024\/09\/slip-dog-leash8.webp","contentUrl":"https:\/\/qqpets.com\/wp-content\/uploads\/2024\/09\/slip-dog-leash8.webp","width":1000,"height":1000},{"@type":"BreadcrumbList","@id":"https:\/\/qqpets.com\/product\/no-pull-training-slip-dog-leash\/#breadcrumb","itemListElement":[{"@type":"ListItem","position":1,"name":"Home","item":"https:\/\/qqpets.com\/"},{"@type":"ListItem","position":2,"name":"Products","item":"https:\/\/qqpets.com\/pet-products-manufacturer\/"},{"@type":"ListItem","position":3,"name":"No Pull Training Slip Dog Leash"}]},{"@type":"WebSite","@id":"https:\/\/qqpets.com\/#website","url":"https:\/\/qqpets.com\/","name":"QQPETS","description":"QQPETS ir lolojumdz\u012bvnieku produktu r\u016bpn\u012bca su\u0146u siksn\u0101m, su\u0146u apkakles, su\u0146u pavadas un su\u0146u aksesu\u0101ri ar profesion\u0101lu piel\u0101gotu pakalpojumu kop\u0161 2005. gada.","publisher":{"@id":"https:\/\/qqpets.com\/#organization"},"potentialAction":[{"@type":"SearchAction","target":{"@type":"EntryPoint","urlTemplate":"https:\/\/qqpets.com\/?s={search_term_string}"},"query-input":{"@type":"PropertyValueSpecification","valueRequired":true,"valueName":"search_term_string"}}],"inLanguage":"lv-LV"},{"@type":"Organization","@id":"https:\/\/qqpets.com\/#organization","name":"QQPETS","url":"https:\/\/qqpets.com\/","logo":{"@type":"ImageObject","inLanguage":"lv-LV","@id":"https:\/\/qqpets.com\/#\/schema\/logo\/image\/","url":"https:\/\/qqpets.com\/wp-content\/uploads\/2023\/09\/cropped-cropped-qqpets-tiktok.jpg","contentUrl":"https:\/\/qqpets.com\/wp-content\/uploads\/2023\/09\/cropped-cropped-qqpets-tiktok.jpg","width":511,"height":511,"caption":"QQPETS"},"image":{"@id":"https:\/\/qqpets.com\/#\/schema\/logo\/image\/"},"sameAs":["https:\/\/www.facebook.com\/QQpetsdogcollars","https:\/\/www.instagram.com\/qqpetscollar\/","https:\/\/www.pinterest.com\/qqpetsdogcollarsfactory\/"]}]}},"_links":{"self":[{"href":"https:\/\/qqpets.com\/lv\/wp-json\/wp\/v2\/product\/7803","targetHints":{"allow":["GET"]}}],"collection":[{"href":"https:\/\/qqpets.com\/lv\/wp-json\/wp\/v2\/product"}],"about":[{"href":"https:\/\/qqpets.com\/lv\/wp-json\/wp\/v2\/types\/product"}],"wp:featuredmedia":[{"embeddable":true,"href":"https:\/\/qqpets.com\/lv\/wp-json\/wp\/v2\/media\/8229"}],"wp:attachment":[{"href":"https:\/\/qqpets.com\/lv\/wp-json\/wp\/v2\/media?parent=7803"}],"wp:term":[{"taxonomy":"product_brand","embeddable":true,"href":"https:\/\/qqpets.com\/lv\/wp-json\/wp\/v2\/product_brand?post=7803"},{"taxonomy":"product_cat","embeddable":true,"href":"https:\/\/qqpets.com\/lv\/wp-json\/wp\/v2\/product_cat?post=7803"},{"taxonomy":"product_tag","embeddable":true,"href":"https:\/\/qqpets.com\/lv\/wp-json\/wp\/v2\/product_tag?post=7803"}],"curies":[{"name":"wp","href":"https:\/\/api.w.org\/{rel}","templated":true}]}}