{"id":7895,"date":"2024-09-07T15:13:22","date_gmt":"2024-09-07T07:13:22","guid":{"rendered":"https:\/\/qqpets.com\/?post_type=product&#038;p=7895"},"modified":"2024-11-14T16:43:27","modified_gmt":"2024-11-14T08:43:27","slug":"led-no-pull-leash","status":"publish","type":"product","link":"https:\/\/qqpets.com\/lv\/products\/led-no-pull-leash\/","title":{"rendered":"Gaismas uz aug\u0161u br\u012bvas rokas automa\u0161\u012bnas s\u0113dek\u013ca spr\u0101dzes Bungee su\u0146u pavadas"},"content":{"rendered":"<p>Iepaz\u012bstin\u0101m ar inovat\u012bvo \"Light Up Hands Up Hands Free Car Seat Buckle Bungee Dog Leash\", kas ir ide\u0101ls risin\u0101jums m\u0101jdz\u012bvnieku \u012bpa\u0161niekiem, kuri vienm\u0113r ir ce\u013c\u0101. \u0160\u012b daudzfunkcion\u0101l\u0101 pavadi\u0146a ir izstr\u0101d\u0101ta t\u0101, lai j\u016bsu m\u012blulis b\u016btu dro\u0161\u012bb\u0101 gan pastaig\u0101s, gan automa\u0161\u012bn\u0101.<\/p>\n<p><strong>Galven\u0101s funkcijas:<\/strong><\/p>\n<ul>\n<li><strong>LED apgaismojums:<\/strong> \u0160\u012b siksna, kas apr\u012bkota ar spilgtiem LED lukturiem, uzlabo su\u0146a redzam\u012bbu vakara vai agra r\u012bta pastaig\u0101s, nodro\u0161inot dro\u0161\u012bbu v\u0101j\u0101 apgaismojum\u0101.<\/li>\n<li><strong>Bungee dizains:<\/strong> Ieb\u016bv\u0113t\u0101 gumijas aukla pal\u012bdz absorb\u0113t triecienu p\u0113k\u0161\u0146u kust\u012bbu laik\u0101, padarot pastaigas \u0113rt\u0101kas gan jums, gan j\u016bsu m\u0101jdz\u012bvniekam, samazinot vilk\u0161anas spriedzi.<\/li>\n<li><strong>Automa\u0161\u012bnas s\u0113dek\u013ca spr\u0101dzes bez rok\u0101m:<\/strong> Viegli piestipriniet pavadas pie automa\u0161\u012bnas s\u0113dek\u013ca spr\u0101dzes sist\u0113mas, lai brauciens b\u016btu dro\u0161s. \u0160\u012b funkcija nodro\u0161ina, ka j\u016bsu m\u0101jdz\u012bvnieks brauk\u0161anas laik\u0101 ir dro\u0161i ierobe\u017eots, samazinot uzman\u012bbu nov\u0113r\u0161ot un palielinot dro\u0161\u012bbu.<\/li>\n<li><strong>Iztur\u012bgi materi\u0101li:<\/strong> \u0160\u012b pavadas konstrukcija ir izgatavota no augstas kvalit\u0101tes materi\u0101liem, un t\u0101 ir iztur\u012bga gan ikdienas pastaig\u0101m, gan ce\u013cojumiem.<\/li>\n<\/ul>\n<p>Neatkar\u012bgi no t\u0101, vai esat devies ce\u013cojum\u0101 vai vienk\u0101r\u0161i dodaties skriet, m\u016bsu gaismojo\u0161\u0101 br\u012bvroku siksna ar automa\u0161\u012bnas s\u0113dek\u013ca spr\u0101dzi Bungee su\u0146u pavadas \u013cauj jums saglab\u0101t kontroli un dro\u0161\u012bbu, neapdraudot j\u016bsu m\u012blu\u013ca komfortu. Pavadas garums ir ide\u0101li piem\u0113rots, lai sniegtu j\u016bsu sunim pietiekami daudz br\u012bv\u012bbas izp\u0113t\u012bt apk\u0101rtni, vienlaikus saglab\u0101jot kontroli p\u0101r to.<\/p>\n<p>\u0160\u012b pavadi\u0146a ir ide\u0101li piem\u0113rota gan nakts piedz\u012bvojumu mekl\u0113t\u0101jiem, gan ce\u013cojumu entuziastiem, t\u0101 apvieno dro\u0161\u012bbu, komfortu un \u0113rt\u012bbas, nodro\u0161inot, ka ikviens ce\u013cojums kop\u0101 ar j\u016bsu m\u012bluli ir pat\u012bkams un bez stresa. P\u0101rejiet uz m\u016bsu uzlaboto pavadi\u0146u un mainiet savu ce\u013co\u0161anas un pastaigu veidu kop\u0101 ar savu m\u012bluli.<\/p>\n<h5 data-immersive-translate-walked=\"e4de329b-2f8f-4525-aa5e-eeca8caeb592\" data-immersive-translate-paragraph=\"1\"><strong data-immersive-translate-walked=\"e4de329b-2f8f-4525-aa5e-eeca8caeb592\">Vai gumijas pavadas ir piem\u0113rotas su\u0146iem?<\/strong><\/h5>\n<p data-immersive-translate-walked=\"e4de329b-2f8f-4525-aa5e-eeca8caeb592\" data-immersive-translate-paragraph=\"1\">Su\u0146iem var b\u016bt noder\u012bgas gumijas pavadas, jo t\u0101s pal\u012bdz absorb\u0113t triecienus, ko izraisa p\u0113k\u0161\u0146as kust\u012bbas, t\u0101d\u0113j\u0101di nodro\u0161inot \u0113rt\u0101ku pastaigu gan sunim, gan pavadonim. Tom\u0113r t\u0101s var neb\u016bt ide\u0101li piem\u0113rotas \u013coti sp\u0113c\u012bgiem vilc\u0113jiem, jo elast\u012bba var veicin\u0101t vilk\u0161anu.<\/p>\n<h5 data-immersive-translate-walked=\"e4de329b-2f8f-4525-aa5e-eeca8caeb592\" data-immersive-translate-paragraph=\"1\"><strong data-immersive-translate-walked=\"e4de329b-2f8f-4525-aa5e-eeca8caeb592\">Vai br\u012bvroku pavadas ir piem\u0113rotas su\u0146iem, kas velk?<\/strong><\/h5>\n<p data-immersive-translate-walked=\"e4de329b-2f8f-4525-aa5e-eeca8caeb592\" data-immersive-translate-paragraph=\"1\">Su\u0146iem, kas velk, parasti nav ieteicamas br\u012bvroku pavadas, jo t\u0101s nodro\u0161ina maz\u0101ku t\u016bl\u012bt\u0113ju kontroli p\u0101r suni, kas var apgr\u016btin\u0101t su\u0146a, kuram ir tendence sp\u0113c\u012bgi vilkt, vad\u012bbu.<\/p>\n<h5 data-immersive-translate-walked=\"e4de329b-2f8f-4525-aa5e-eeca8caeb592\" data-immersive-translate-paragraph=\"1\"><strong data-immersive-translate-walked=\"e4de329b-2f8f-4525-aa5e-eeca8caeb592\">Kas ir br\u012bvroku siksna?<\/strong><\/h5>\n<p data-immersive-translate-walked=\"e4de329b-2f8f-4525-aa5e-eeca8caeb592\" data-immersive-translate-paragraph=\"1\">Br\u012bvas rokas pavadas ir su\u0146u pavadas veids, ko parasti piestiprina pie su\u0146a jostasvietas vai p\u0101ri \u0137ermenim, \u013caujot staig\u0101t vai skriet bez rok\u0101m. T\u0101 ir veidota t\u0101, lai tur\u0113tu suni tuvu, vienlaikus atst\u0101jot su\u0146a pavado\u0146a rokas br\u012bvas.<\/p>\n<h5><strong>Vai br\u012bvroku su\u0146u pavadas ir dro\u0161as?<\/strong><\/h5>\n<p>Su\u0146u pavadas bez rok\u0101m var b\u016bt dro\u0161as, ja t\u0101s lieto pareizi un pareizos apst\u0101k\u013cos. T\u0101s ir lieliski piem\u0113rotas t\u0101d\u0101m aktivit\u0101t\u0113m k\u0101 skrie\u0161ana vai p\u0101rg\u0101jieni, kad ir nepiecie\u0161amas br\u012bvas rokas, ta\u010du t\u0101s var nenodro\u0161in\u0101t tik lielu kontroli k\u0101 tradicion\u0101l\u0101 pavadas, \u012bpa\u0161i su\u0146iem, kuriem ir nosliece uz vilk\u0161anu vai p\u0113k\u0161\u0146iem izl\u0113cieniem. Dro\u0161\u012bba ir atkar\u012bga ar\u012b no dro\u0161a stiprin\u0101juma meh\u0101nisma pie jostasvietas un uzticamas \u0101tr\u0101s no\u0146em\u0161anas funkcijas.<\/p>\n<h5><strong>K\u0101da siksna attur su\u0146us no vilk\u0161anas?<\/strong><\/h5>\n<p>Pavada pati par sevi nevar piln\u012bb\u0101 aptur\u0113t su\u0146a vilk\u0161anu, ta\u010du noteikta veida pavadas un siksnas var pal\u012bdz\u0113t kontrol\u0113t un samazin\u0101t vilk\u0161anu. Parasti visefekt\u012bv\u0101k\u0101s ir siksnas bez vilk\u0161anas, kur\u0101m ir priek\u0161\u0113jais pavadas stiprin\u0101juma punkts. Kad suns velk, siksna novirza suni pret su\u0146a vadoni, t\u0101d\u0113j\u0101di su\u0146a vilk\u0161ana k\u013c\u016bst maz\u0101k atalgojama un to ir viegl\u0101k kontrol\u0113t. \u0160\u0101da veida iek\u0101rtojums var iev\u0113rojami mazin\u0101t vilk\u0161anas izpausmes, ja to apvieno ar konsekventu apm\u0101c\u012bbu.<\/p>\n<h5><strong>Vai gumijas pavadas ir piem\u0113rotas su\u0146iem?<\/strong><\/h5>\n<p>Gan su\u0146iem, gan vi\u0146u saimniekiem var b\u016bt noder\u012bgas gumijas pavadas, jo t\u0101s pal\u012bdz amortiz\u0113t p\u0113k\u0161\u0146as kust\u012bbas vai vilk\u0161anas triecienu, t\u0101d\u0113j\u0101di samazinot slodzi gan su\u0146a, gan su\u0146a pavado\u0146a \u0137ermenim. T\u0101s ir \u012bpa\u0161i noder\u012bgas, piem\u0113ram, skrie\u0161anas laik\u0101, kad su\u0146a neprognoz\u0113jam\u0101s kust\u012bbas var izrais\u012bt pavadas gr\u016bdienus.<\/p>\n<h5><strong>Vai bungee vadi p\u0101rtrauc vilk\u0161anu?<\/strong><\/h5>\n<p>Bungee pavadas p\u0113c b\u016bt\u012bbas neaptur su\u0146u vilk\u0161anu. Lai gan, absorb\u0113jot da\u013cu sp\u0113ka, t\u0101s var mazin\u0101t vilk\u0161anu, da\u017ek\u0101rt t\u0101s var veicin\u0101t da\u017eu su\u0146u vilk\u0161anu, radot pretest\u012bbu, pret kuru vilk\u0161ana ir pat\u012bkama.<\/p>\n<h5><strong>K\u0101da ir lab\u0101k\u0101 pavadas izv\u0113le, lai apm\u0101c\u012btu suni nevilkt?<\/strong><\/h5>\n<p>Lab\u0101kais pavadas veids, lai apm\u0101c\u012btu suni netrauc\u0113t, parasti ir standarta nespriego\u0161anas pavadas veids, ko izmanto kop\u0101 ar su\u0146a \u010detrpunktu siksnu, kurai ir priek\u0161\u0113jais stiprin\u0101juma punkts. \u0160\u0101ds iestat\u012bjums pal\u012bdz novirz\u012bt suni uz jums, kad tas m\u0113\u0123ina vilkt, t\u0101d\u0113j\u0101di atvieglojot uzved\u012bbas kontroli un korekciju.<\/p>\n<p>&nbsp;<\/p>","protected":false},"excerpt":{"rendered":"<p>Izbaudiet visliel\u0101ko \u0113rt\u012bbu ar m\u016bsu gaismu izgaismoto br\u012bvroku spr\u0101dzi automa\u0161\u012bnas s\u0113dek\u013ca spr\u0101dz\u0113m Bungee Bungee su\u0146u pavadas. \u0160\u012b dro\u0161\u012bbai un daudzpus\u012bbai paredz\u0113t\u0101 pavadas konstrukcija ir apr\u012bkota ar spilgtu LED gaismu, kas nodro\u0161ina redzam\u012bbu nakt\u012b, bungee auklu, kas absorb\u0113 triecienus, un br\u012bvroku automa\u0161\u012bnas s\u0113dek\u013ca spr\u0101dzi dro\u0161ai ce\u013co\u0161anai. T\u0101 ir ide\u0101li piem\u0113rota akt\u012bviem m\u0101jdz\u012bvnieku \u012bpa\u0161niekiem, jo nodro\u0161ina p\u0101rvieto\u0161an\u0101s br\u012bv\u012bbu, vienlaikus nodro\u0161inot j\u016bsu m\u012blu\u013ca dro\u0161\u012bbu pastaigu un izbraucienu laik\u0101.<\/p>","protected":false},"featured_media":7900,"template":"","meta":[],"product_brand":[],"product_cat":[27,21],"product_tag":[],"class_list":{"0":"post-7895","1":"product","2":"type-product","3":"status-publish","4":"has-post-thumbnail","6":"product_cat-dog-leash","7":"product_cat-led-product","8":"pa_brand-qqpets","10":"first","11":"instock","12":"shipping-taxable","13":"product-type-simple"},"yoast_head":"<!-- This site is optimized with the Yoast SEO plugin v26.6 - https:\/\/yoast.com\/wordpress\/plugins\/seo\/ -->\n<title>Light Up Hands Free Car Seat Buckle Bungee Dog Leash | QQPETS<\/title>\n<meta name=\"description\" content=\"Enhance safety with our Light Up Hands Free Dog Leash. Buckle up for car rides and enjoy bungee flexibility!\" \/>\n<meta name=\"robots\" content=\"index, follow, max-snippet:-1, max-image-preview:large, max-video-preview:-1\" \/>\n<link rel=\"canonical\" href=\"https:\/\/qqpets.com\/lv\/products\/led-no-pull-leash\/\" \/>\n<meta property=\"og:locale\" content=\"lv_LV\" \/>\n<meta property=\"og:type\" content=\"article\" \/>\n<meta property=\"og:title\" content=\"Light Up Hands Free Car Seat Buckle Bungee Dog Leash | QQPETS\" \/>\n<meta property=\"og:description\" content=\"Enhance safety with our Light Up Hands Free Dog Leash. Buckle up for car rides and enjoy bungee flexibility!\" \/>\n<meta property=\"og:url\" content=\"https:\/\/qqpets.com\/lv\/products\/led-no-pull-leash\/\" \/>\n<meta property=\"og:site_name\" content=\"QQPETS\" \/>\n<meta property=\"article:publisher\" content=\"https:\/\/www.facebook.com\/QQpetsdogcollars\" \/>\n<meta property=\"article:modified_time\" content=\"2024-11-14T08:43:27+00:00\" \/>\n<meta property=\"og:image\" content=\"https:\/\/qqpets.com\/wp-content\/uploads\/2024\/09\/3.webp\" \/>\n\t<meta property=\"og:image:width\" content=\"800\" \/>\n\t<meta property=\"og:image:height\" content=\"800\" \/>\n\t<meta property=\"og:image:type\" content=\"image\/webp\" \/>\n<meta name=\"twitter:card\" content=\"summary_large_image\" \/>\n<meta name=\"twitter:label1\" content=\"Est. reading time\" \/>\n\t<meta name=\"twitter:data1\" content=\"4 min\u016btes\" \/>\n<script type=\"application\/ld+json\" class=\"yoast-schema-graph\">{\"@context\":\"https:\/\/schema.org\",\"@graph\":[{\"@type\":\"WebPage\",\"@id\":\"https:\/\/qqpets.com\/product\/led-no-pull-leash\/\",\"url\":\"https:\/\/qqpets.com\/product\/led-no-pull-leash\/\",\"name\":\"Light Up Hands Free Car Seat Buckle Bungee Dog Leash | QQPETS\",\"isPartOf\":{\"@id\":\"https:\/\/qqpets.com\/#website\"},\"primaryImageOfPage\":{\"@id\":\"https:\/\/qqpets.com\/product\/led-no-pull-leash\/#primaryimage\"},\"image\":{\"@id\":\"https:\/\/qqpets.com\/product\/led-no-pull-leash\/#primaryimage\"},\"thumbnailUrl\":\"https:\/\/qqpets.com\/wp-content\/uploads\/2024\/09\/3.webp\",\"datePublished\":\"2024-09-07T07:13:22+00:00\",\"dateModified\":\"2024-11-14T08:43:27+00:00\",\"description\":\"Enhance safety with our Light Up Hands Free Dog Leash. Buckle up for car rides and enjoy bungee flexibility!\",\"breadcrumb\":{\"@id\":\"https:\/\/qqpets.com\/product\/led-no-pull-leash\/#breadcrumb\"},\"inLanguage\":\"lv-LV\",\"potentialAction\":[{\"@type\":\"ReadAction\",\"target\":[\"https:\/\/qqpets.com\/product\/led-no-pull-leash\/\"]}]},{\"@type\":\"ImageObject\",\"inLanguage\":\"lv-LV\",\"@id\":\"https:\/\/qqpets.com\/product\/led-no-pull-leash\/#primaryimage\",\"url\":\"https:\/\/qqpets.com\/wp-content\/uploads\/2024\/09\/3.webp\",\"contentUrl\":\"https:\/\/qqpets.com\/wp-content\/uploads\/2024\/09\/3.webp\",\"width\":800,\"height\":800},{\"@type\":\"BreadcrumbList\",\"@id\":\"https:\/\/qqpets.com\/product\/led-no-pull-leash\/#breadcrumb\",\"itemListElement\":[{\"@type\":\"ListItem\",\"position\":1,\"name\":\"Home\",\"item\":\"https:\/\/qqpets.com\/\"},{\"@type\":\"ListItem\",\"position\":2,\"name\":\"Products\",\"item\":\"https:\/\/qqpets.com\/pet-products-manufacturer\/\"},{\"@type\":\"ListItem\",\"position\":3,\"name\":\"Light Up Hands Free Car Seat Buckle Bungee Dog Leash\"}]},{\"@type\":\"WebSite\",\"@id\":\"https:\/\/qqpets.com\/#website\",\"url\":\"https:\/\/qqpets.com\/\",\"name\":\"QQPETS\",\"description\":\"QQPETS is a pet products factory for dog harnesses, dog collars, dog leashes and dog accessories with professional customized service since 2005.\",\"publisher\":{\"@id\":\"https:\/\/qqpets.com\/#organization\"},\"potentialAction\":[{\"@type\":\"SearchAction\",\"target\":{\"@type\":\"EntryPoint\",\"urlTemplate\":\"https:\/\/qqpets.com\/?s={search_term_string}\"},\"query-input\":{\"@type\":\"PropertyValueSpecification\",\"valueRequired\":true,\"valueName\":\"search_term_string\"}}],\"inLanguage\":\"lv-LV\"},{\"@type\":\"Organization\",\"@id\":\"https:\/\/qqpets.com\/#organization\",\"name\":\"QQPETS\",\"url\":\"https:\/\/qqpets.com\/\",\"logo\":{\"@type\":\"ImageObject\",\"inLanguage\":\"lv-LV\",\"@id\":\"https:\/\/qqpets.com\/#\/schema\/logo\/image\/\",\"url\":\"https:\/\/qqpets.com\/wp-content\/uploads\/2023\/09\/cropped-cropped-qqpets-tiktok.jpg\",\"contentUrl\":\"https:\/\/qqpets.com\/wp-content\/uploads\/2023\/09\/cropped-cropped-qqpets-tiktok.jpg\",\"width\":511,\"height\":511,\"caption\":\"QQPETS\"},\"image\":{\"@id\":\"https:\/\/qqpets.com\/#\/schema\/logo\/image\/\"},\"sameAs\":[\"https:\/\/www.facebook.com\/QQpetsdogcollars\",\"https:\/\/www.instagram.com\/qqpetscollar\/\",\"https:\/\/www.pinterest.com\/qqpetsdogcollarsfactory\/\"]}]}<\/script>\n<!-- \/ Yoast SEO plugin. -->","yoast_head_json":{"title":"Apgaismota br\u012bvas rokas automa\u0161\u012bnas s\u0113dek\u013ca spr\u0101dzes Bungee su\u0146u pavadas | QQPETS","description":"Uzlabojiet dro\u0161\u012bbu ar m\u016bsu apgaismojo\u0161o su\u0146u pavadi\u0146u bez rok\u0101m. Piespr\u0101dz\u0113jieties, braucot ar automa\u0161\u012bnu, un izbaudiet bungee elast\u012bbu!","robots":{"index":"index","follow":"follow","max-snippet":"max-snippet:-1","max-image-preview":"max-image-preview:large","max-video-preview":"max-video-preview:-1"},"canonical":"https:\/\/qqpets.com\/lv\/products\/led-no-pull-leash\/","og_locale":"lv_LV","og_type":"article","og_title":"Light Up Hands Free Car Seat Buckle Bungee Dog Leash | QQPETS","og_description":"Enhance safety with our Light Up Hands Free Dog Leash. Buckle up for car rides and enjoy bungee flexibility!","og_url":"https:\/\/qqpets.com\/lv\/products\/led-no-pull-leash\/","og_site_name":"QQPETS","article_publisher":"https:\/\/www.facebook.com\/QQpetsdogcollars","article_modified_time":"2024-11-14T08:43:27+00:00","og_image":[{"width":800,"height":800,"url":"https:\/\/qqpets.com\/wp-content\/uploads\/2024\/09\/3.webp","type":"image\/webp"}],"twitter_card":"summary_large_image","twitter_misc":{"Est. reading time":"4 min\u016btes"},"schema":{"@context":"https:\/\/schema.org","@graph":[{"@type":"WebPage","@id":"https:\/\/qqpets.com\/product\/led-no-pull-leash\/","url":"https:\/\/qqpets.com\/product\/led-no-pull-leash\/","name":"Apgaismota br\u012bvas rokas automa\u0161\u012bnas s\u0113dek\u013ca spr\u0101dzes Bungee su\u0146u pavadas | QQPETS","isPartOf":{"@id":"https:\/\/qqpets.com\/#website"},"primaryImageOfPage":{"@id":"https:\/\/qqpets.com\/product\/led-no-pull-leash\/#primaryimage"},"image":{"@id":"https:\/\/qqpets.com\/product\/led-no-pull-leash\/#primaryimage"},"thumbnailUrl":"https:\/\/qqpets.com\/wp-content\/uploads\/2024\/09\/3.webp","datePublished":"2024-09-07T07:13:22+00:00","dateModified":"2024-11-14T08:43:27+00:00","description":"Uzlabojiet dro\u0161\u012bbu ar m\u016bsu apgaismojo\u0161o su\u0146u pavadi\u0146u bez rok\u0101m. Piespr\u0101dz\u0113jieties, braucot ar automa\u0161\u012bnu, un izbaudiet bungee elast\u012bbu!","breadcrumb":{"@id":"https:\/\/qqpets.com\/product\/led-no-pull-leash\/#breadcrumb"},"inLanguage":"lv-LV","potentialAction":[{"@type":"ReadAction","target":["https:\/\/qqpets.com\/product\/led-no-pull-leash\/"]}]},{"@type":"ImageObject","inLanguage":"lv-LV","@id":"https:\/\/qqpets.com\/product\/led-no-pull-leash\/#primaryimage","url":"https:\/\/qqpets.com\/wp-content\/uploads\/2024\/09\/3.webp","contentUrl":"https:\/\/qqpets.com\/wp-content\/uploads\/2024\/09\/3.webp","width":800,"height":800},{"@type":"BreadcrumbList","@id":"https:\/\/qqpets.com\/product\/led-no-pull-leash\/#breadcrumb","itemListElement":[{"@type":"ListItem","position":1,"name":"Home","item":"https:\/\/qqpets.com\/"},{"@type":"ListItem","position":2,"name":"Products","item":"https:\/\/qqpets.com\/pet-products-manufacturer\/"},{"@type":"ListItem","position":3,"name":"Light Up Hands Free Car Seat Buckle Bungee Dog Leash"}]},{"@type":"WebSite","@id":"https:\/\/qqpets.com\/#website","url":"https:\/\/qqpets.com\/","name":"QQPETS","description":"QQPETS ir lolojumdz\u012bvnieku produktu r\u016bpn\u012bca su\u0146u siksn\u0101m, su\u0146u apkakles, su\u0146u pavadas un su\u0146u aksesu\u0101ri ar profesion\u0101lu piel\u0101gotu pakalpojumu kop\u0161 2005. gada.","publisher":{"@id":"https:\/\/qqpets.com\/#organization"},"potentialAction":[{"@type":"SearchAction","target":{"@type":"EntryPoint","urlTemplate":"https:\/\/qqpets.com\/?s={search_term_string}"},"query-input":{"@type":"PropertyValueSpecification","valueRequired":true,"valueName":"search_term_string"}}],"inLanguage":"lv-LV"},{"@type":"Organization","@id":"https:\/\/qqpets.com\/#organization","name":"QQPETS","url":"https:\/\/qqpets.com\/","logo":{"@type":"ImageObject","inLanguage":"lv-LV","@id":"https:\/\/qqpets.com\/#\/schema\/logo\/image\/","url":"https:\/\/qqpets.com\/wp-content\/uploads\/2023\/09\/cropped-cropped-qqpets-tiktok.jpg","contentUrl":"https:\/\/qqpets.com\/wp-content\/uploads\/2023\/09\/cropped-cropped-qqpets-tiktok.jpg","width":511,"height":511,"caption":"QQPETS"},"image":{"@id":"https:\/\/qqpets.com\/#\/schema\/logo\/image\/"},"sameAs":["https:\/\/www.facebook.com\/QQpetsdogcollars","https:\/\/www.instagram.com\/qqpetscollar\/","https:\/\/www.pinterest.com\/qqpetsdogcollarsfactory\/"]}]}},"_links":{"self":[{"href":"https:\/\/qqpets.com\/lv\/wp-json\/wp\/v2\/product\/7895","targetHints":{"allow":["GET"]}}],"collection":[{"href":"https:\/\/qqpets.com\/lv\/wp-json\/wp\/v2\/product"}],"about":[{"href":"https:\/\/qqpets.com\/lv\/wp-json\/wp\/v2\/types\/product"}],"wp:featuredmedia":[{"embeddable":true,"href":"https:\/\/qqpets.com\/lv\/wp-json\/wp\/v2\/media\/7900"}],"wp:attachment":[{"href":"https:\/\/qqpets.com\/lv\/wp-json\/wp\/v2\/media?parent=7895"}],"wp:term":[{"taxonomy":"product_brand","embeddable":true,"href":"https:\/\/qqpets.com\/lv\/wp-json\/wp\/v2\/product_brand?post=7895"},{"taxonomy":"product_cat","embeddable":true,"href":"https:\/\/qqpets.com\/lv\/wp-json\/wp\/v2\/product_cat?post=7895"},{"taxonomy":"product_tag","embeddable":true,"href":"https:\/\/qqpets.com\/lv\/wp-json\/wp\/v2\/product_tag?post=7895"}],"curies":[{"name":"wp","href":"https:\/\/api.w.org\/{rel}","templated":true}]}}