{"id":7910,"date":"2024-09-07T15:54:26","date_gmt":"2024-09-07T07:54:26","guid":{"rendered":"https:\/\/qqpets.com\/?post_type=product&#038;p=7910"},"modified":"2024-11-13T11:58:39","modified_gmt":"2024-11-13T03:58:39","slug":"smart-qr-code-pet-collar-id-tag","status":"publish","type":"product","link":"https:\/\/qqpets.com\/lv\/products\/smart-qr-code-pet-collar-id-tag\/","title":{"rendered":"Smart QR kods Pet apkakle ID Tag"},"content":{"rendered":"<p>Iepaz\u012bstin\u0101m ar m\u016bsu revolucion\u0101ro personaliz\u0113to viedo QR koda identifik\u0101cijas birku, kas izstr\u0101d\u0101ta, lai nodro\u0161in\u0101tu m\u016bsdien\u012bgu risin\u0101jumu m\u0101jdz\u012bvnieku dro\u0161\u012bbai un identifik\u0101cijai. Ar \u0161o birku j\u016bsu m\u0101jdz\u012bvniekam ir svar\u012bga inform\u0101cija, lai kurp vi\u0146\u0161 dotos, un t\u0101 ir viegli pieejama ar vienk\u0101r\u0161u sken\u0113\u0161anu.<\/p>\n<p><strong>Galven\u0101s funkcijas:<\/strong><\/p>\n<ul>\n<li><strong>Vied\u0101 QR koda tehnolo\u0123ija:<\/strong> Katrai birkai ir unik\u0101ls QR kods, kuru nolasot, tiek izveidota saite uz piel\u0101gojamu profilu. \u0160aj\u0101 profil\u0101 var iek\u013caut j\u016bsu kontaktinform\u0101ciju, lolojumdz\u012bvnieka medic\u012bniskos datus, di\u0113tas vajadz\u012bbas un daudz ko citu, nodro\u0161inot, ka ikviens, kas atrad\u012bs j\u016bsu lolojumdz\u012bvnieku, var\u0113s piek\u013c\u016bt visai nepiecie\u0161amajai inform\u0101cijai, lai vi\u0146am pal\u012bdz\u0113tu.<\/li>\n<li><strong>Piel\u0101go\u0161anas opcijas:<\/strong> Personaliz\u0113jiet birku ar sava m\u012blu\u013ca v\u0101rdu, t\u0101lru\u0146a numuru un izv\u0113lieties no da\u017e\u0101diem dizainparaugiem, kas atbilst j\u016bsu m\u012blu\u013ca person\u012bbai.<\/li>\n<li><strong>Augsta iztur\u012bba:<\/strong> Izgatavota no iztur\u012bgiem materi\u0101liem, birka ir piem\u0113rota visiem laikapst\u0101k\u013ciem un akt\u012bv\u0101m rota\u013c\u0101m, nodro\u0161inot, ka t\u0101 ir salas\u0101ma un neskarta.<\/li>\n<li><strong>Viegli atjaunin\u0101t:<\/strong> Ar QR kodu saist\u012bto tie\u0161saistes profilu var atjaunin\u0101t jebkur\u0101 laik\u0101 un jebkur\u0101 viet\u0101, t\u0101d\u0113j\u0101di nodro\u0161inot, ka inform\u0101cija par j\u016bsu m\u012bluli ir aktu\u0101la un nav nepiecie\u0161ams nomain\u012bt birku.<\/li>\n<\/ul>\n<p>\u0160\u012b identifik\u0101cijas birka ir ide\u0101li piem\u0113rota ikvienam m\u0101jdz\u012bvnieka \u012bpa\u0161niekam, kur\u0161 v\u0113las apvienot dro\u0161\u012bbu un \u0113rt\u012bbas. Neatkar\u012bgi no t\u0101, vai j\u016bsu m\u0101jdz\u012bvnieks ir b\u0113gu\u013cot\u0101js vai vienk\u0101r\u0161i v\u0113laties b\u016bt mier\u012bg\u0101ks, kad atrodaties \u0101rpus m\u0101jas, \u0161\u012b identifik\u0101cijas birka ir uzticams veids, k\u0101 nodro\u0161in\u0101t j\u016bsu m\u012b\u013cot\u0101 m\u012blu\u013ca dro\u0161\u012bbu.<\/p>\n<p>Izv\u0113loties m\u016bsu piel\u0101gotu personaliz\u0113tu viedo QR koda Pet apkakles identifik\u0101cijas birku, j\u016bs sa\u0146emat ne tikai birku, bet ar\u012b p\u0101rliec\u012bbu, ka j\u016bsu m\u012bluli var viegli identific\u0113t un dro\u0161i nog\u0101d\u0101t m\u0101j\u0101s, ja vi\u0146\u0161 paz\u016bd. Tas ir neliels ieguld\u012bjums, kas var b\u016btiski uzlabot j\u016bsu m\u012blu\u013ca dro\u0161\u012bbu.<\/p>\n<h5><strong>Vai QR koda su\u0146u \u017eetoni ir likum\u012bgi?<\/strong><\/h5>\n<p>J\u0101, QR koda su\u0146u \u017eetoni ir likum\u012bgi. T\u0101s ir inovat\u012bva alternat\u012bva tradicion\u0101laj\u0101m grav\u0113taj\u0101m birk\u0101m un var saglab\u0101t detaliz\u0113t\u0101ku inform\u0101ciju par m\u0101jdz\u012bvnieku, kas var b\u016bt noder\u012bga, ja suns paz\u016bd.<\/p>\n<h5><strong>Vai QR su\u0146u \u017eetoni darbojas?<\/strong><\/h5>\n<p>J\u0101, QR su\u0146u birkas darbojas efekt\u012bvi. Kad k\u0101ds atrod suni ar QR koda birku, vi\u0146\u0161 var sken\u0113t kodu, izmantojot viedt\u0101lruni, kas parasti novirza uz t\u012bmek\u013ca vietni ar inform\u0101ciju par suni, tostarp \u012bpa\u0161nieka kontaktinform\u0101ciju.<\/p>\n<h5>K\u0101da inform\u0101cija ir juridiski oblig\u0101ti j\u0101nor\u0101da uz su\u0146a \u017eetona?<\/h5>\n<p>Tiesiski pras\u012bt\u0101 inform\u0101cija uz su\u0146a \u017eetona var at\u0161\u0137irties atkar\u012bb\u0101 no viet\u0113jiem noteikumiem j\u016bsu dz\u012bvesviet\u0101. Tom\u0113r daudzviet parasti ir oblig\u0101ti j\u0101nor\u0101da \u0161\u0101da inform\u0101cija:<\/p>\n<ol>\n<li><strong>\u012apa\u0161nieka v\u0101rds<\/strong>: Su\u0146a \u012bpa\u0161nieka pilns v\u0101rds un uzv\u0101rds, lai nodro\u0161in\u0101tu pareizu identifik\u0101ciju un atbild\u012bbu.<\/li>\n<li><strong>Kontaktinform\u0101cija<\/strong>: Vismaz viens t\u0101lru\u0146a numurs, pa kuru var sazin\u0101ties ar \u012bpa\u0161nieku. Da\u017e\u0101s teritorij\u0101s var b\u016bt nepiecie\u0161ami papildu numuri vai pat adrese.<\/li>\n<\/ol>\n<p>Ja j\u016bsu sunim ir \u012bpa\u0161as vesel\u012bbas probl\u0113mas, kam nepiecie\u0161ama t\u016bl\u012bt\u0113ja pal\u012bdz\u012bba, ir ieteicams iek\u013caut ar\u012b jebk\u0101du b\u016btisku medic\u012bnisku inform\u0101ciju, ja suns ir apmald\u012bjies. Lai gan tas ne vienm\u0113r ir juridiski oblig\u0101ti, tas var b\u016bt \u013coti svar\u012bgi j\u016bsu m\u012blu\u013ca dro\u0161\u012bbai. Vienm\u0113r p\u0101rbaudiet viet\u0113jos noteikumus, lai p\u0101rliecin\u0101tos par atbilst\u012bbu konkr\u0113t\u0101m viet\u0113j\u0101m pras\u012bb\u0101m attiec\u012bb\u0101 uz m\u0101jdz\u012bvnieka identifik\u0101ciju.<\/p>","protected":false},"excerpt":{"rendered":"<p>Uzlabojiet sava m\u012blu\u013ca dro\u0161\u012bbu ar m\u016bsu personaliz\u0113to viedo QR koda identifik\u0101cijas birku. \u0160\u012b inovat\u012bv\u0101 birka ir apr\u012bkota ar QR kodu, kas ir savienots ar person\u012bgo profilu, kur\u0101 ir svar\u012bga kontaktinform\u0101cija un vesel\u012bbas inform\u0101cija. T\u0101 ir viegli atjaunin\u0101ma un pieejama, un t\u0101 nodro\u0161ina, ka j\u016bsu m\u0101jdz\u012bvnieks vienm\u0113r var atrast ce\u013cu atpaka\u013c pie jums. T\u0101 ir piel\u0101gojama p\u0113c j\u016bsu izv\u0113les, un t\u0101 ir ne tikai praktiska, bet ar\u012b stil\u012bga.<\/p>","protected":false},"featured_media":7912,"template":"","meta":[],"product_brand":[],"product_cat":[26],"product_tag":[],"class_list":{"0":"post-7910","1":"product","2":"type-product","3":"status-publish","4":"has-post-thumbnail","6":"product_cat-dog-collar","7":"pa_brand-qqpets","9":"first","10":"instock","11":"shipping-taxable","12":"product-type-simple"},"yoast_head":"<!-- This site is optimized with the Yoast SEO plugin v26.6 - https:\/\/yoast.com\/wordpress\/plugins\/seo\/ -->\n<title>Smart QR Code Pet Collar ID Tag | QQPETS<\/title>\n<meta name=\"description\" content=\"Secure your pet with our Smart QR Code ID Tag. Custom, trackable, and stylish. Perfect for peace of mind!\" \/>\n<meta name=\"robots\" content=\"index, follow, max-snippet:-1, max-image-preview:large, max-video-preview:-1\" \/>\n<link rel=\"canonical\" href=\"https:\/\/qqpets.com\/lv\/products\/smart-qr-code-pet-collar-id-tag\/\" \/>\n<meta property=\"og:locale\" content=\"lv_LV\" \/>\n<meta property=\"og:type\" content=\"article\" \/>\n<meta property=\"og:title\" content=\"Smart QR Code Pet Collar ID Tag | QQPETS\" \/>\n<meta property=\"og:description\" content=\"Secure your pet with our Smart QR Code ID Tag. Custom, trackable, and stylish. Perfect for peace of mind!\" \/>\n<meta property=\"og:url\" content=\"https:\/\/qqpets.com\/lv\/products\/smart-qr-code-pet-collar-id-tag\/\" \/>\n<meta property=\"og:site_name\" content=\"QQPETS\" \/>\n<meta property=\"article:publisher\" content=\"https:\/\/www.facebook.com\/QQpetsdogcollars\" \/>\n<meta property=\"article:modified_time\" content=\"2024-11-13T03:58:39+00:00\" \/>\n<meta property=\"og:image\" content=\"https:\/\/qqpets.com\/wp-content\/uploads\/2024\/09\/QR-CODE-PET-COLLAR2.webp\" \/>\n\t<meta property=\"og:image:width\" content=\"1000\" \/>\n\t<meta property=\"og:image:height\" content=\"1000\" \/>\n\t<meta property=\"og:image:type\" content=\"image\/webp\" \/>\n<meta name=\"twitter:card\" content=\"summary_large_image\" \/>\n<meta name=\"twitter:label1\" content=\"Est. reading time\" \/>\n\t<meta name=\"twitter:data1\" content=\"3 min\u016btes\" \/>\n<script type=\"application\/ld+json\" class=\"yoast-schema-graph\">{\"@context\":\"https:\/\/schema.org\",\"@graph\":[{\"@type\":\"WebPage\",\"@id\":\"https:\/\/qqpets.com\/product\/smart-qr-code-pet-collar-id-tag\/\",\"url\":\"https:\/\/qqpets.com\/product\/smart-qr-code-pet-collar-id-tag\/\",\"name\":\"Smart QR Code Pet Collar ID Tag | QQPETS\",\"isPartOf\":{\"@id\":\"https:\/\/qqpets.com\/#website\"},\"primaryImageOfPage\":{\"@id\":\"https:\/\/qqpets.com\/product\/smart-qr-code-pet-collar-id-tag\/#primaryimage\"},\"image\":{\"@id\":\"https:\/\/qqpets.com\/product\/smart-qr-code-pet-collar-id-tag\/#primaryimage\"},\"thumbnailUrl\":\"https:\/\/qqpets.com\/wp-content\/uploads\/2024\/09\/QR-CODE-PET-COLLAR2.webp\",\"datePublished\":\"2024-09-07T07:54:26+00:00\",\"dateModified\":\"2024-11-13T03:58:39+00:00\",\"description\":\"Secure your pet with our Smart QR Code ID Tag. Custom, trackable, and stylish. Perfect for peace of mind!\",\"breadcrumb\":{\"@id\":\"https:\/\/qqpets.com\/product\/smart-qr-code-pet-collar-id-tag\/#breadcrumb\"},\"inLanguage\":\"lv-LV\",\"potentialAction\":[{\"@type\":\"ReadAction\",\"target\":[\"https:\/\/qqpets.com\/product\/smart-qr-code-pet-collar-id-tag\/\"]}]},{\"@type\":\"ImageObject\",\"inLanguage\":\"lv-LV\",\"@id\":\"https:\/\/qqpets.com\/product\/smart-qr-code-pet-collar-id-tag\/#primaryimage\",\"url\":\"https:\/\/qqpets.com\/wp-content\/uploads\/2024\/09\/QR-CODE-PET-COLLAR2.webp\",\"contentUrl\":\"https:\/\/qqpets.com\/wp-content\/uploads\/2024\/09\/QR-CODE-PET-COLLAR2.webp\",\"width\":1000,\"height\":1000},{\"@type\":\"BreadcrumbList\",\"@id\":\"https:\/\/qqpets.com\/product\/smart-qr-code-pet-collar-id-tag\/#breadcrumb\",\"itemListElement\":[{\"@type\":\"ListItem\",\"position\":1,\"name\":\"Home\",\"item\":\"https:\/\/qqpets.com\/\"},{\"@type\":\"ListItem\",\"position\":2,\"name\":\"Products\",\"item\":\"https:\/\/qqpets.com\/pet-products-manufacturer\/\"},{\"@type\":\"ListItem\",\"position\":3,\"name\":\"Smart QR Code Pet Collar ID Tag\"}]},{\"@type\":\"WebSite\",\"@id\":\"https:\/\/qqpets.com\/#website\",\"url\":\"https:\/\/qqpets.com\/\",\"name\":\"QQPETS\",\"description\":\"QQPETS is a pet products factory for dog harnesses, dog collars, dog leashes and dog accessories with professional customized service since 2005.\",\"publisher\":{\"@id\":\"https:\/\/qqpets.com\/#organization\"},\"potentialAction\":[{\"@type\":\"SearchAction\",\"target\":{\"@type\":\"EntryPoint\",\"urlTemplate\":\"https:\/\/qqpets.com\/?s={search_term_string}\"},\"query-input\":{\"@type\":\"PropertyValueSpecification\",\"valueRequired\":true,\"valueName\":\"search_term_string\"}}],\"inLanguage\":\"lv-LV\"},{\"@type\":\"Organization\",\"@id\":\"https:\/\/qqpets.com\/#organization\",\"name\":\"QQPETS\",\"url\":\"https:\/\/qqpets.com\/\",\"logo\":{\"@type\":\"ImageObject\",\"inLanguage\":\"lv-LV\",\"@id\":\"https:\/\/qqpets.com\/#\/schema\/logo\/image\/\",\"url\":\"https:\/\/qqpets.com\/wp-content\/uploads\/2023\/09\/cropped-cropped-qqpets-tiktok.jpg\",\"contentUrl\":\"https:\/\/qqpets.com\/wp-content\/uploads\/2023\/09\/cropped-cropped-qqpets-tiktok.jpg\",\"width\":511,\"height\":511,\"caption\":\"QQPETS\"},\"image\":{\"@id\":\"https:\/\/qqpets.com\/#\/schema\/logo\/image\/\"},\"sameAs\":[\"https:\/\/www.facebook.com\/QQpetsdogcollars\",\"https:\/\/www.instagram.com\/qqpetscollar\/\",\"https:\/\/www.pinterest.com\/qqpetsdogcollarsfactory\/\"]}]}<\/script>\n<!-- \/ Yoast SEO plugin. -->","yoast_head_json":{"title":"Smart QR kods Pet apkakle ID Tag | QQPETS","description":"Nodro\u0161iniet savu m\u012bluli ar m\u016bsu viedo QR koda identifik\u0101cijas birku. Piel\u0101gota, izsekojama un stil\u012bga. Ide\u0101li piem\u0113rots dv\u0113seles mieram!","robots":{"index":"index","follow":"follow","max-snippet":"max-snippet:-1","max-image-preview":"max-image-preview:large","max-video-preview":"max-video-preview:-1"},"canonical":"https:\/\/qqpets.com\/lv\/products\/smart-qr-code-pet-collar-id-tag\/","og_locale":"lv_LV","og_type":"article","og_title":"Smart QR Code Pet Collar ID Tag | QQPETS","og_description":"Secure your pet with our Smart QR Code ID Tag. Custom, trackable, and stylish. Perfect for peace of mind!","og_url":"https:\/\/qqpets.com\/lv\/products\/smart-qr-code-pet-collar-id-tag\/","og_site_name":"QQPETS","article_publisher":"https:\/\/www.facebook.com\/QQpetsdogcollars","article_modified_time":"2024-11-13T03:58:39+00:00","og_image":[{"width":1000,"height":1000,"url":"https:\/\/qqpets.com\/wp-content\/uploads\/2024\/09\/QR-CODE-PET-COLLAR2.webp","type":"image\/webp"}],"twitter_card":"summary_large_image","twitter_misc":{"Est. reading time":"3 min\u016btes"},"schema":{"@context":"https:\/\/schema.org","@graph":[{"@type":"WebPage","@id":"https:\/\/qqpets.com\/product\/smart-qr-code-pet-collar-id-tag\/","url":"https:\/\/qqpets.com\/product\/smart-qr-code-pet-collar-id-tag\/","name":"Smart QR kods Pet apkakle ID Tag | QQPETS","isPartOf":{"@id":"https:\/\/qqpets.com\/#website"},"primaryImageOfPage":{"@id":"https:\/\/qqpets.com\/product\/smart-qr-code-pet-collar-id-tag\/#primaryimage"},"image":{"@id":"https:\/\/qqpets.com\/product\/smart-qr-code-pet-collar-id-tag\/#primaryimage"},"thumbnailUrl":"https:\/\/qqpets.com\/wp-content\/uploads\/2024\/09\/QR-CODE-PET-COLLAR2.webp","datePublished":"2024-09-07T07:54:26+00:00","dateModified":"2024-11-13T03:58:39+00:00","description":"Nodro\u0161iniet savu m\u012bluli ar m\u016bsu viedo QR koda identifik\u0101cijas birku. Piel\u0101gota, izsekojama un stil\u012bga. Ide\u0101li piem\u0113rots dv\u0113seles mieram!","breadcrumb":{"@id":"https:\/\/qqpets.com\/product\/smart-qr-code-pet-collar-id-tag\/#breadcrumb"},"inLanguage":"lv-LV","potentialAction":[{"@type":"ReadAction","target":["https:\/\/qqpets.com\/product\/smart-qr-code-pet-collar-id-tag\/"]}]},{"@type":"ImageObject","inLanguage":"lv-LV","@id":"https:\/\/qqpets.com\/product\/smart-qr-code-pet-collar-id-tag\/#primaryimage","url":"https:\/\/qqpets.com\/wp-content\/uploads\/2024\/09\/QR-CODE-PET-COLLAR2.webp","contentUrl":"https:\/\/qqpets.com\/wp-content\/uploads\/2024\/09\/QR-CODE-PET-COLLAR2.webp","width":1000,"height":1000},{"@type":"BreadcrumbList","@id":"https:\/\/qqpets.com\/product\/smart-qr-code-pet-collar-id-tag\/#breadcrumb","itemListElement":[{"@type":"ListItem","position":1,"name":"Home","item":"https:\/\/qqpets.com\/"},{"@type":"ListItem","position":2,"name":"Products","item":"https:\/\/qqpets.com\/pet-products-manufacturer\/"},{"@type":"ListItem","position":3,"name":"Smart QR Code Pet Collar ID Tag"}]},{"@type":"WebSite","@id":"https:\/\/qqpets.com\/#website","url":"https:\/\/qqpets.com\/","name":"QQPETS","description":"QQPETS ir lolojumdz\u012bvnieku produktu r\u016bpn\u012bca su\u0146u siksn\u0101m, su\u0146u apkakles, su\u0146u pavadas un su\u0146u aksesu\u0101ri ar profesion\u0101lu piel\u0101gotu pakalpojumu kop\u0161 2005. gada.","publisher":{"@id":"https:\/\/qqpets.com\/#organization"},"potentialAction":[{"@type":"SearchAction","target":{"@type":"EntryPoint","urlTemplate":"https:\/\/qqpets.com\/?s={search_term_string}"},"query-input":{"@type":"PropertyValueSpecification","valueRequired":true,"valueName":"search_term_string"}}],"inLanguage":"lv-LV"},{"@type":"Organization","@id":"https:\/\/qqpets.com\/#organization","name":"QQPETS","url":"https:\/\/qqpets.com\/","logo":{"@type":"ImageObject","inLanguage":"lv-LV","@id":"https:\/\/qqpets.com\/#\/schema\/logo\/image\/","url":"https:\/\/qqpets.com\/wp-content\/uploads\/2023\/09\/cropped-cropped-qqpets-tiktok.jpg","contentUrl":"https:\/\/qqpets.com\/wp-content\/uploads\/2023\/09\/cropped-cropped-qqpets-tiktok.jpg","width":511,"height":511,"caption":"QQPETS"},"image":{"@id":"https:\/\/qqpets.com\/#\/schema\/logo\/image\/"},"sameAs":["https:\/\/www.facebook.com\/QQpetsdogcollars","https:\/\/www.instagram.com\/qqpetscollar\/","https:\/\/www.pinterest.com\/qqpetsdogcollarsfactory\/"]}]}},"_links":{"self":[{"href":"https:\/\/qqpets.com\/lv\/wp-json\/wp\/v2\/product\/7910","targetHints":{"allow":["GET"]}}],"collection":[{"href":"https:\/\/qqpets.com\/lv\/wp-json\/wp\/v2\/product"}],"about":[{"href":"https:\/\/qqpets.com\/lv\/wp-json\/wp\/v2\/types\/product"}],"wp:featuredmedia":[{"embeddable":true,"href":"https:\/\/qqpets.com\/lv\/wp-json\/wp\/v2\/media\/7912"}],"wp:attachment":[{"href":"https:\/\/qqpets.com\/lv\/wp-json\/wp\/v2\/media?parent=7910"}],"wp:term":[{"taxonomy":"product_brand","embeddable":true,"href":"https:\/\/qqpets.com\/lv\/wp-json\/wp\/v2\/product_brand?post=7910"},{"taxonomy":"product_cat","embeddable":true,"href":"https:\/\/qqpets.com\/lv\/wp-json\/wp\/v2\/product_cat?post=7910"},{"taxonomy":"product_tag","embeddable":true,"href":"https:\/\/qqpets.com\/lv\/wp-json\/wp\/v2\/product_tag?post=7910"}],"curies":[{"name":"wp","href":"https:\/\/api.w.org\/{rel}","templated":true}]}}