{"id":8041,"date":"2024-09-20T11:32:59","date_gmt":"2024-09-20T03:32:59","guid":{"rendered":"https:\/\/qqpets.com\/?post_type=product&#038;p=8041"},"modified":"2024-09-24T17:22:01","modified_gmt":"2024-09-24T09:22:01","slug":"reversible-dog-harness","status":"publish","type":"product","link":"https:\/\/qqpets.com\/lv\/products\/reversible-dog-harness\/","title":{"rendered":"Apgrie\u017eamas su\u0146u siksnas"},"content":{"rendered":"<p>Iepaz\u012bstin\u0101m ar m\u016bsu daudzpus\u012bgaj\u0101m divpus\u0113j\u0101m su\u0146u siksn\u0101m, kas ir ide\u0101ls aksesu\u0101rs su\u0146iem, kuri v\u0113las, lai vi\u0146u garderobe b\u016btu tikpat dinamiska k\u0101 pastaigas. \u0160\u012b inovat\u012bv\u0101 siksna \u013cauj ar vienk\u0101r\u0161u pagriezienu p\u0101rsl\u0113gties starp diviem modes rakstiem, nodro\u0161inot svaigu izskatu katrai pastaigai.<\/p>\n<p><strong>Galven\u0101s funkcijas:<\/strong><\/p>\n<ul>\n<li><strong>Dubults dizains:<\/strong> Katrai siksnai ir divi unik\u0101li, uzman\u012bbu piesaisto\u0161i raksti. Neatkar\u012bgi no t\u0101, vai v\u0113laties drosm\u012bgu apdruku vai smalku klasiku, j\u016bs varat viegli main\u012bt siksnas, lai ieg\u016btu jaunu izskatu.<\/li>\n<li><strong>Uz komfortu v\u0113rsts:<\/strong> Izgatavots no m\u012bkstiem, elpojo\u0161iem materi\u0101liem, kas nekairina j\u016bsu m\u012blu\u013ca \u0101du, nodro\u0161inot komfortu garu pastaigu laik\u0101.<\/li>\n<li><strong>Regul\u0113jams fit:<\/strong> Piln\u012bb\u0101 regul\u0113jamas siksni\u0146as \u013cauj piel\u0101goties j\u016bsu su\u0146a augumam vai izm\u0113ra izmai\u0146\u0101m. Perfekts stiprin\u0101jums nodro\u0161ina j\u016bsu su\u0146a dro\u0161\u012bbu un komfortu, samazinot b\u0113g\u0161anas risku.<\/li>\n<li><strong>Viegli lietojams:<\/strong> Pateicoties t\u0101d\u0101m funkcij\u0101m k\u0101 \u0101tr\u0101s spr\u0101dzes, ir viegli uzvilkt un no\u0146emt \u010detrpunktu \u010detrpunktu siksnas, t\u0101p\u0113c sagatavo\u0161an\u0101s pastaig\u0101m ir \u0101tra un bez probl\u0113m\u0101m.<\/li>\n<li><strong>Iztur\u012bga konstrukcija:<\/strong> Izgatavotas no augstas kvalit\u0101tes materi\u0101liem, un t\u0101s ir izstr\u0101d\u0101tas t\u0101, lai iztur\u0113tu akt\u012bvas lieto\u0161anas gr\u016bt\u012bbas, nodro\u0161inot ilgsto\u0161u valk\u0101\u0161anu, nezaud\u0113jot stilu.<\/li>\n<\/ul>\n<p>Neatkar\u012bgi no t\u0101, vai dodaties uz su\u0146u parku, pastaigu pa pils\u0113tu vai pulc\u0113\u0161anos, kur j\u016bsu m\u012blulim j\u0101izskat\u0101s vislab\u0101k, m\u016bsu divpus\u0113j\u0101s su\u0146u siksnas iztur\u0113s ikdienas lieto\u0161anas pras\u012bbas, vienlaikus saglab\u0101jot j\u016bsu su\u0146a stil\u012bgo izskatu. T\u0101 ir ide\u0101la izv\u0113le m\u0101jdz\u012bvnieku \u012bpa\u0161niekiem, kuri nov\u0113rt\u0113 su\u0146u aksesu\u0101ru funkcionalit\u0101ti, stilu un daudzpus\u012bbu.<\/p>\n<p>Izv\u0113lieties m\u016bsu divpus\u0113j\u0101s su\u0146u siksnas, lai pastaig\u0101m pie\u0161\u0137irtu stilu un da\u017e\u0101d\u012bbu, padarot katru pastaigu ar savu m\u012bluli unik\u0101lu un pat\u012bkamu. T\u0101 ir kas vair\u0101k nek\u0101 tikai siksna - tas ir modes risin\u0101jums, kas atbilst praktisk\u0101m vajadz\u012bb\u0101m.<\/p>\n<h5><strong>Kas ir divpus\u0113j\u0101s siksnas?<\/strong><\/h5>\n<p>Apgrie\u017eamas siksnas ir su\u0146u siksnu veids, ko var valk\u0101t ab\u0101s pus\u0113s. Parasti t\u0101m ir divi da\u017e\u0101di dizaini vai kr\u0101sas, pa vienai katr\u0101 pus\u0113, kas \u013cauj saimniekam p\u0101rsl\u0113gties no vienas uz otru, neprasot divas atsevi\u0161\u0137as siksnas.<\/p>\n<h5><strong>No k\u0101d\u0101m siksn\u0101m suns nevar izk\u013c\u016bt?<\/strong><\/h5>\n<p>Stropi ar dro\u0161u stiprin\u0101jumu un vair\u0101kiem regul\u0113\u0161anas punktiem, piem\u0113ram, ar martingala cilpu pie kr\u016bt\u012bm, ir izstr\u0101d\u0101ti t\u0101, lai nov\u0113rstu su\u0146u izk\u013c\u016b\u0161anu. T\u0101s parasti ir \u013coti cie\u0161i piegu\u013co\u0161as un, sunim velkot, nedaudz savelkas, t\u0101d\u0113j\u0101di nov\u0113r\u0161ot b\u0113g\u0161anu.<\/p>\n<h5><strong>Vai su\u0146i ar siksn\u0101m var vilkt sp\u0113c\u012bg\u0101k?<\/strong><\/h5>\n<p>J\u0101, da\u017ei su\u0146i var vilkt sp\u0113c\u012bg\u0101k, izmantojot muguras skavu, jo t\u0101 \u013cauj tiem izmantot visu \u0137erme\u0146a svaru, lai vilktu uz priek\u0161u, neradot diskomfortu kaklam. Priek\u0161\u0113j\u0101s spr\u0101dzes vai spr\u0101dzes bez vilk\u0161anas ir izstr\u0101d\u0101tas, lai mazin\u0101tu \u0161o probl\u0113mu, novirzot vilk\u0161anas sp\u0113ku uz s\u0101niem vai pret saimnieku, t\u0101d\u0113j\u0101di sunim ir gr\u016bt\u0101k vilkt.<\/p>\n<h5><strong>Vai suns var visu laiku valk\u0101t su\u0146u siksnu?<\/strong><\/h5>\n<p>Sunim nav ieteicams visu laiku n\u0113s\u0101t siksnas. Nep\u0101rtraukta n\u0113s\u0101\u0161ana var izrais\u012bt \u0101das kairin\u0101jumu, ka\u017eok\u0101das mat\u0113jumu vai diskomfortu, \u012bpa\u0161i zem rok\u0101m. Vislab\u0101k ir no\u0146emt siksnas, kad t\u0101s netiek lietotas, piem\u0113ram, telp\u0101s vai kad suns atp\u016b\u0161as.<\/p>","protected":false},"excerpt":{"rendered":"<p>Atsvaidziniet savas pastaigas ar m\u016bsu divpus\u0113j\u0101m su\u0146u siksn\u0101m, kas pied\u0101v\u0101 divus stil\u012bgus rakstus vien\u0101 \u0113rt\u0101 dizain\u0101. \u0160\u012b siksna ir ide\u0101li piem\u0113rota modes pras\u012bb\u0101m atbilsto\u0161iem m\u0101jdz\u012bvniekiem un saimniekiem, un t\u0101 ir izgatavota, lai nodro\u0161in\u0101tu komfortu un iztur\u012bbu. Tai ir regul\u0113jamas siksnas, kas nodro\u0161ina ide\u0101lu piegulumu, un \u0101tri atvienojamas spr\u0101dzes, lai to var\u0113tu viegli uzvilkt un no\u0146emt. T\u0101 ir viegla, bet iztur\u012bga, un nodro\u0161ina optim\u0101lu kontroli un komfortu pastaigu laik\u0101. Ide\u0101li piem\u0113rots jebkuram gad\u012bjumam, bez piep\u016bles mainiet izskatu ar m\u016bsu divpus\u0113j\u0101m siksn\u0101m.<\/p>","protected":false},"featured_media":8227,"template":"","meta":[],"product_brand":[],"product_cat":[23],"product_tag":[],"class_list":{"0":"post-8041","1":"product","2":"type-product","3":"status-publish","4":"has-post-thumbnail","6":"product_cat-dog-harness","7":"pa_brand-qqpets","9":"first","10":"instock","11":"shipping-taxable","12":"product-type-simple"},"yoast_head":"<!-- This site is optimized with the Yoast SEO plugin v26.6 - https:\/\/yoast.com\/wordpress\/plugins\/seo\/ -->\n<title>Reversible Dog Harness | QQPETS<\/title>\n<meta name=\"description\" content=\"Switch up your style with our Reversible Dog Harness. Two looks in one for every adventure. Shop now for versatility!\" \/>\n<meta name=\"robots\" content=\"index, follow, max-snippet:-1, max-image-preview:large, max-video-preview:-1\" \/>\n<link rel=\"canonical\" href=\"https:\/\/qqpets.com\/lv\/products\/reversible-dog-harness\/\" \/>\n<meta property=\"og:locale\" content=\"lv_LV\" \/>\n<meta property=\"og:type\" content=\"article\" \/>\n<meta property=\"og:title\" content=\"Reversible Dog Harness | QQPETS\" \/>\n<meta property=\"og:description\" content=\"Switch up your style with our Reversible Dog Harness. Two looks in one for every adventure. Shop now for versatility!\" \/>\n<meta property=\"og:url\" content=\"https:\/\/qqpets.com\/lv\/products\/reversible-dog-harness\/\" \/>\n<meta property=\"og:site_name\" content=\"QQPETS\" \/>\n<meta property=\"article:publisher\" content=\"https:\/\/www.facebook.com\/QQpetsdogcollars\" \/>\n<meta property=\"article:modified_time\" content=\"2024-09-24T09:22:01+00:00\" \/>\n<meta property=\"og:image\" content=\"https:\/\/qqpets.com\/wp-content\/uploads\/2024\/09\/Reversible-dog-Harness1-2.webp\" \/>\n\t<meta property=\"og:image:width\" content=\"1000\" \/>\n\t<meta property=\"og:image:height\" content=\"1000\" \/>\n\t<meta property=\"og:image:type\" content=\"image\/webp\" \/>\n<meta name=\"twitter:card\" content=\"summary_large_image\" \/>\n<meta name=\"twitter:label1\" content=\"Est. reading time\" \/>\n\t<meta name=\"twitter:data1\" content=\"3 min\u016btes\" \/>\n<script type=\"application\/ld+json\" class=\"yoast-schema-graph\">{\"@context\":\"https:\/\/schema.org\",\"@graph\":[{\"@type\":\"WebPage\",\"@id\":\"https:\/\/qqpets.com\/product\/reversible-dog-harness\/\",\"url\":\"https:\/\/qqpets.com\/product\/reversible-dog-harness\/\",\"name\":\"Reversible Dog Harness | QQPETS\",\"isPartOf\":{\"@id\":\"https:\/\/qqpets.com\/#website\"},\"primaryImageOfPage\":{\"@id\":\"https:\/\/qqpets.com\/product\/reversible-dog-harness\/#primaryimage\"},\"image\":{\"@id\":\"https:\/\/qqpets.com\/product\/reversible-dog-harness\/#primaryimage\"},\"thumbnailUrl\":\"https:\/\/qqpets.com\/wp-content\/uploads\/2024\/09\/Reversible-dog-Harness1-2.webp\",\"datePublished\":\"2024-09-20T03:32:59+00:00\",\"dateModified\":\"2024-09-24T09:22:01+00:00\",\"description\":\"Switch up your style with our Reversible Dog Harness. Two looks in one for every adventure. Shop now for versatility!\",\"breadcrumb\":{\"@id\":\"https:\/\/qqpets.com\/product\/reversible-dog-harness\/#breadcrumb\"},\"inLanguage\":\"lv-LV\",\"potentialAction\":[{\"@type\":\"ReadAction\",\"target\":[\"https:\/\/qqpets.com\/product\/reversible-dog-harness\/\"]}]},{\"@type\":\"ImageObject\",\"inLanguage\":\"lv-LV\",\"@id\":\"https:\/\/qqpets.com\/product\/reversible-dog-harness\/#primaryimage\",\"url\":\"https:\/\/qqpets.com\/wp-content\/uploads\/2024\/09\/Reversible-dog-Harness1-2.webp\",\"contentUrl\":\"https:\/\/qqpets.com\/wp-content\/uploads\/2024\/09\/Reversible-dog-Harness1-2.webp\",\"width\":1000,\"height\":1000,\"caption\":\"Reversible-dog-Harness1 (2)\"},{\"@type\":\"BreadcrumbList\",\"@id\":\"https:\/\/qqpets.com\/product\/reversible-dog-harness\/#breadcrumb\",\"itemListElement\":[{\"@type\":\"ListItem\",\"position\":1,\"name\":\"Home\",\"item\":\"https:\/\/qqpets.com\/\"},{\"@type\":\"ListItem\",\"position\":2,\"name\":\"Products\",\"item\":\"https:\/\/qqpets.com\/pet-products-manufacturer\/\"},{\"@type\":\"ListItem\",\"position\":3,\"name\":\"Reversible Dog Harness\"}]},{\"@type\":\"WebSite\",\"@id\":\"https:\/\/qqpets.com\/#website\",\"url\":\"https:\/\/qqpets.com\/\",\"name\":\"QQPETS\",\"description\":\"QQPETS is a pet products factory for dog harnesses, dog collars, dog leashes and dog accessories with professional customized service since 2005.\",\"publisher\":{\"@id\":\"https:\/\/qqpets.com\/#organization\"},\"potentialAction\":[{\"@type\":\"SearchAction\",\"target\":{\"@type\":\"EntryPoint\",\"urlTemplate\":\"https:\/\/qqpets.com\/?s={search_term_string}\"},\"query-input\":{\"@type\":\"PropertyValueSpecification\",\"valueRequired\":true,\"valueName\":\"search_term_string\"}}],\"inLanguage\":\"lv-LV\"},{\"@type\":\"Organization\",\"@id\":\"https:\/\/qqpets.com\/#organization\",\"name\":\"QQPETS\",\"url\":\"https:\/\/qqpets.com\/\",\"logo\":{\"@type\":\"ImageObject\",\"inLanguage\":\"lv-LV\",\"@id\":\"https:\/\/qqpets.com\/#\/schema\/logo\/image\/\",\"url\":\"https:\/\/qqpets.com\/wp-content\/uploads\/2023\/09\/cropped-cropped-qqpets-tiktok.jpg\",\"contentUrl\":\"https:\/\/qqpets.com\/wp-content\/uploads\/2023\/09\/cropped-cropped-qqpets-tiktok.jpg\",\"width\":511,\"height\":511,\"caption\":\"QQPETS\"},\"image\":{\"@id\":\"https:\/\/qqpets.com\/#\/schema\/logo\/image\/\"},\"sameAs\":[\"https:\/\/www.facebook.com\/QQpetsdogcollars\",\"https:\/\/www.instagram.com\/qqpetscollar\/\",\"https:\/\/www.pinterest.com\/qqpetsdogcollarsfactory\/\"]}]}<\/script>\n<!-- \/ Yoast SEO plugin. -->","yoast_head_json":{"title":"Abpus\u0113jas su\u0146u siksnas | QQPETS","description":"Mainiet savu stilu ar m\u016bsu divpus\u0113j\u0101m su\u0146u siksn\u0101m. Divi t\u0113li vien\u0101 ikvienam piedz\u012bvojumam. Ieg\u0101d\u0101jieties tagad, lai b\u016btu daudzpus\u012bgs!","robots":{"index":"index","follow":"follow","max-snippet":"max-snippet:-1","max-image-preview":"max-image-preview:large","max-video-preview":"max-video-preview:-1"},"canonical":"https:\/\/qqpets.com\/lv\/products\/reversible-dog-harness\/","og_locale":"lv_LV","og_type":"article","og_title":"Reversible Dog Harness | QQPETS","og_description":"Switch up your style with our Reversible Dog Harness. Two looks in one for every adventure. Shop now for versatility!","og_url":"https:\/\/qqpets.com\/lv\/products\/reversible-dog-harness\/","og_site_name":"QQPETS","article_publisher":"https:\/\/www.facebook.com\/QQpetsdogcollars","article_modified_time":"2024-09-24T09:22:01+00:00","og_image":[{"width":1000,"height":1000,"url":"https:\/\/qqpets.com\/wp-content\/uploads\/2024\/09\/Reversible-dog-Harness1-2.webp","type":"image\/webp"}],"twitter_card":"summary_large_image","twitter_misc":{"Est. reading time":"3 min\u016btes"},"schema":{"@context":"https:\/\/schema.org","@graph":[{"@type":"WebPage","@id":"https:\/\/qqpets.com\/product\/reversible-dog-harness\/","url":"https:\/\/qqpets.com\/product\/reversible-dog-harness\/","name":"Abpus\u0113jas su\u0146u siksnas | QQPETS","isPartOf":{"@id":"https:\/\/qqpets.com\/#website"},"primaryImageOfPage":{"@id":"https:\/\/qqpets.com\/product\/reversible-dog-harness\/#primaryimage"},"image":{"@id":"https:\/\/qqpets.com\/product\/reversible-dog-harness\/#primaryimage"},"thumbnailUrl":"https:\/\/qqpets.com\/wp-content\/uploads\/2024\/09\/Reversible-dog-Harness1-2.webp","datePublished":"2024-09-20T03:32:59+00:00","dateModified":"2024-09-24T09:22:01+00:00","description":"Mainiet savu stilu ar m\u016bsu divpus\u0113j\u0101m su\u0146u siksn\u0101m. Divi t\u0113li vien\u0101 ikvienam piedz\u012bvojumam. Ieg\u0101d\u0101jieties tagad, lai b\u016btu daudzpus\u012bgs!","breadcrumb":{"@id":"https:\/\/qqpets.com\/product\/reversible-dog-harness\/#breadcrumb"},"inLanguage":"lv-LV","potentialAction":[{"@type":"ReadAction","target":["https:\/\/qqpets.com\/product\/reversible-dog-harness\/"]}]},{"@type":"ImageObject","inLanguage":"lv-LV","@id":"https:\/\/qqpets.com\/product\/reversible-dog-harness\/#primaryimage","url":"https:\/\/qqpets.com\/wp-content\/uploads\/2024\/09\/Reversible-dog-Harness1-2.webp","contentUrl":"https:\/\/qqpets.com\/wp-content\/uploads\/2024\/09\/Reversible-dog-Harness1-2.webp","width":1000,"height":1000,"caption":"Reversible-dog-Harness1 (2)"},{"@type":"BreadcrumbList","@id":"https:\/\/qqpets.com\/product\/reversible-dog-harness\/#breadcrumb","itemListElement":[{"@type":"ListItem","position":1,"name":"Home","item":"https:\/\/qqpets.com\/"},{"@type":"ListItem","position":2,"name":"Products","item":"https:\/\/qqpets.com\/pet-products-manufacturer\/"},{"@type":"ListItem","position":3,"name":"Reversible Dog Harness"}]},{"@type":"WebSite","@id":"https:\/\/qqpets.com\/#website","url":"https:\/\/qqpets.com\/","name":"QQPETS","description":"QQPETS ir lolojumdz\u012bvnieku produktu r\u016bpn\u012bca su\u0146u siksn\u0101m, su\u0146u apkakles, su\u0146u pavadas un su\u0146u aksesu\u0101ri ar profesion\u0101lu piel\u0101gotu pakalpojumu kop\u0161 2005. gada.","publisher":{"@id":"https:\/\/qqpets.com\/#organization"},"potentialAction":[{"@type":"SearchAction","target":{"@type":"EntryPoint","urlTemplate":"https:\/\/qqpets.com\/?s={search_term_string}"},"query-input":{"@type":"PropertyValueSpecification","valueRequired":true,"valueName":"search_term_string"}}],"inLanguage":"lv-LV"},{"@type":"Organization","@id":"https:\/\/qqpets.com\/#organization","name":"QQPETS","url":"https:\/\/qqpets.com\/","logo":{"@type":"ImageObject","inLanguage":"lv-LV","@id":"https:\/\/qqpets.com\/#\/schema\/logo\/image\/","url":"https:\/\/qqpets.com\/wp-content\/uploads\/2023\/09\/cropped-cropped-qqpets-tiktok.jpg","contentUrl":"https:\/\/qqpets.com\/wp-content\/uploads\/2023\/09\/cropped-cropped-qqpets-tiktok.jpg","width":511,"height":511,"caption":"QQPETS"},"image":{"@id":"https:\/\/qqpets.com\/#\/schema\/logo\/image\/"},"sameAs":["https:\/\/www.facebook.com\/QQpetsdogcollars","https:\/\/www.instagram.com\/qqpetscollar\/","https:\/\/www.pinterest.com\/qqpetsdogcollarsfactory\/"]}]}},"_links":{"self":[{"href":"https:\/\/qqpets.com\/lv\/wp-json\/wp\/v2\/product\/8041","targetHints":{"allow":["GET"]}}],"collection":[{"href":"https:\/\/qqpets.com\/lv\/wp-json\/wp\/v2\/product"}],"about":[{"href":"https:\/\/qqpets.com\/lv\/wp-json\/wp\/v2\/types\/product"}],"wp:featuredmedia":[{"embeddable":true,"href":"https:\/\/qqpets.com\/lv\/wp-json\/wp\/v2\/media\/8227"}],"wp:attachment":[{"href":"https:\/\/qqpets.com\/lv\/wp-json\/wp\/v2\/media?parent=8041"}],"wp:term":[{"taxonomy":"product_brand","embeddable":true,"href":"https:\/\/qqpets.com\/lv\/wp-json\/wp\/v2\/product_brand?post=8041"},{"taxonomy":"product_cat","embeddable":true,"href":"https:\/\/qqpets.com\/lv\/wp-json\/wp\/v2\/product_cat?post=8041"},{"taxonomy":"product_tag","embeddable":true,"href":"https:\/\/qqpets.com\/lv\/wp-json\/wp\/v2\/product_tag?post=8041"}],"curies":[{"name":"wp","href":"https:\/\/api.w.org\/{rel}","templated":true}]}}