{"id":8076,"date":"2024-09-20T16:26:25","date_gmt":"2024-09-20T08:26:25","guid":{"rendered":"https:\/\/qqpets.com\/?post_type=product&#038;p=8076"},"modified":"2024-09-20T16:26:25","modified_gmt":"2024-09-20T08:26:25","slug":"waterproof-dog-harness-leash-collar-set","status":"publish","type":"product","link":"https:\/\/qqpets.com\/lv\/products\/waterproof-dog-harness-leash-collar-set\/","title":{"rendered":"\u016adensnecaurlaid\u012bgs su\u0146u siksnas pavadas apkakles komplekts"},"content":{"rendered":"<p>Iepaz\u012bstin\u0101m ar m\u016bsu \"viss vien\u0101\" \u016bdensnecaurlaid\u012bgo su\u0146u siksnu un pavadas apkakles komplektu, kas ir ide\u0101ls risin\u0101jums m\u0101jdz\u012bvnieku \u012bpa\u0161niekiem, kuri ne\u013cauj laikapst\u0101k\u013ciem ietekm\u0113t vi\u0146u piedz\u012bvojumus br\u012bv\u0101 dab\u0101. \u0160is visaptvero\u0161ais komplekts nodro\u0161ina, ka j\u016bsu suns ir apr\u012bkots jebkuros apst\u0101k\u013cos - neatkar\u012bgi no t\u0101, vai l\u012bst vai sp\u012bd.<\/p>\n<p><strong>Galven\u0101s funkcijas:<\/strong><\/p>\n<ul>\n<li><strong>\u016adensiztur\u012bgi materi\u0101li:<\/strong> Katra sast\u0101vda\u013ca ir izgatavota no \u016bdensnecaurlaid\u012bgiem materi\u0101liem, kas nov\u0113r\u0161 mitruma uzs\u016bk\u0161anos, saglab\u0101jot suni sausu un \u0113rtu pastaigu laik\u0101 lietain\u0101 laik\u0101 vai dub\u013cain\u0101 vid\u0113.<\/li>\n<li><strong>Regul\u0113jams fit:<\/strong> Stropiem un apkaklei ir piln\u012bb\u0101 regul\u0113jamas siksni\u0146as, lai nodro\u0161in\u0101tu \u0113rtu un dro\u0161u piegul\u0113\u0161anu jebkura izm\u0113ra su\u0146iem. \u0160\u012b piel\u0101gojam\u012bba nov\u0113r\u0161 sl\u012bd\u0113\u0161anu un diskomfortu, uzlabojot j\u016bsu pastaigu dro\u0161\u012bbu un prieku.<\/li>\n<li><strong>Iztur\u012bgs dizains:<\/strong> M\u016bsu komplekt\u0101 ir izmantoti augstas kvalit\u0101tes materi\u0101li, kas ir iztur\u012bgi pret nodilumu. Iztur\u012bga aparat\u016bra nodro\u0161ina, ka pavadas, apkakles un siksnas iztur\u0113s akt\u012bvu m\u0101jdz\u012bvnieku stingr\u0101s pras\u012bbas.<\/li>\n<li><strong>Komforts un vad\u012bba:<\/strong> Siksna vienm\u0113r\u012bgi sadala spiedienu uz su\u0146a kr\u016bt\u012bm un muguru, t\u0101d\u0113j\u0101di samazinot spriedzi uz kakla un nodro\u0161inot lab\u0101ku kontroli pastaigu laik\u0101.<\/li>\n<li><strong>Viegla apkope:<\/strong> Viss komplekts ir izstr\u0101d\u0101ts, dom\u0101jot par praktiskumu, t\u0101p\u0113c to ir viegli t\u012br\u012bt un \u0101tri \u017e\u0101v\u0113t, padarot apkopi p\u0113c dub\u013cainiem vai slapjiem izbraucieniem pavisam vieglu.<\/li>\n<\/ul>\n<p>M\u016bsu \u016bdensnecaurlaid\u012bgais su\u0146u siksnu komplekts ir ide\u0101li piem\u0113rots tiem, kam pat\u012bk ikdienas pastaigas neatkar\u012bgi no laikapst\u0101k\u013ciem, un tas ir izstr\u0101d\u0101ts, lai j\u016bsu suns justos \u0113rti, dro\u0161i un stil\u012bgi. Neatkar\u012bgi no t\u0101, vai j\u016bs izp\u0113t\u0101t pils\u0113tas ielas dr\u0113gnaj\u0101s dien\u0101s, vai dodaties piedz\u012bvojumos pa slapj\u0101m tak\u0101m, \u0161is komplekts nodro\u0161in\u0101s j\u016bsu m\u012blu\u013ca gatav\u012bbu un aizsardz\u012bbu, garant\u0113jot, ka laikapst\u0101k\u013ci nekad neapdraud\u0113s j\u016bsu kop\u0101 pavad\u012bto laiku.<\/p>\n<p>Izv\u0113lieties m\u016bsu \u016bdensnecaurlaid\u012bgo su\u0146u siksnu un pavadas apkakles komplektu, kas apvieno funkcionalit\u0101ti, stilu un iztur\u012bbu, nodro\u0161inot, ka j\u016bsu m\u012blulis \u0113rti un stil\u012bgi izbaud\u012bs katru izbraucienu br\u012bv\u0101 dab\u0101.<\/p>","protected":false},"excerpt":{"rendered":"<p>Sagatavojieties jebk\u0101diem laikapst\u0101k\u013ciem ar m\u016bsu \u016bdensnecaurlaid\u012bgo su\u0146u siksnu un pavadas apkakles komplektu. \u0160aj\u0101 komplekt\u0101 ir \u016bdensnecaurlaid\u012bgas siksnas, pavadas un apkakle, kas nodro\u0161ina j\u016bsu m\u012blulim komfortu un sausumu pat mitros apst\u0101k\u013cos. Regul\u0113jams, lai ide\u0101li piegu\u013c, un izgatavots no iztur\u012bgiem materi\u0101liem, tas nodro\u0161ina lab\u0101ku kontroli un dro\u0161\u012bbu ikdienas pastaig\u0101s. Ide\u0101li piem\u0113rots lietain\u0101m dien\u0101m vai dub\u013cain\u0101m tak\u0101m, tas nodro\u0161ina j\u016bsu m\u012blu\u013ca gatav\u012bbu \u0101ra piedz\u012bvojumiem, vienlaikus saglab\u0101jot vieglu kop\u0161anu un augstu iztur\u012bbu.<\/p>","protected":false},"featured_media":8077,"template":"","meta":[],"product_brand":[],"product_cat":[23],"product_tag":[],"class_list":{"0":"post-8076","1":"product","2":"type-product","3":"status-publish","4":"has-post-thumbnail","6":"product_cat-dog-harness","7":"pa_brand-qqpets","9":"first","10":"instock","11":"shipping-taxable","12":"product-type-simple"},"yoast_head":"<!-- This site is optimized with the Yoast SEO plugin v26.6 - https:\/\/yoast.com\/wordpress\/plugins\/seo\/ -->\n<title>Waterproof Dog Harness Leash Collar Set | QQPETS<\/title>\n<meta name=\"description\" content=\"Explore our Waterproof Dog Harness Leash Collar Set for all-weather adventures. Durable, stylish, and practical!\" \/>\n<meta name=\"robots\" content=\"index, follow, max-snippet:-1, max-image-preview:large, max-video-preview:-1\" \/>\n<link rel=\"canonical\" href=\"https:\/\/qqpets.com\/lv\/products\/waterproof-dog-harness-leash-collar-set\/\" \/>\n<meta property=\"og:locale\" content=\"lv_LV\" \/>\n<meta property=\"og:type\" content=\"article\" \/>\n<meta property=\"og:title\" content=\"Waterproof Dog Harness Leash Collar Set | QQPETS\" \/>\n<meta property=\"og:description\" content=\"Explore our Waterproof Dog Harness Leash Collar Set for all-weather adventures. Durable, stylish, and practical!\" \/>\n<meta property=\"og:url\" content=\"https:\/\/qqpets.com\/lv\/products\/waterproof-dog-harness-leash-collar-set\/\" \/>\n<meta property=\"og:site_name\" content=\"QQPETS\" \/>\n<meta property=\"article:publisher\" content=\"https:\/\/www.facebook.com\/QQpetsdogcollars\" \/>\n<meta property=\"og:image\" content=\"https:\/\/qqpets.com\/wp-content\/uploads\/2024\/09\/waterprood-dog-harness-collar-leash-set1.webp\" \/>\n\t<meta property=\"og:image:width\" content=\"1000\" \/>\n\t<meta property=\"og:image:height\" content=\"1000\" \/>\n\t<meta property=\"og:image:type\" content=\"image\/webp\" \/>\n<meta name=\"twitter:card\" content=\"summary_large_image\" \/>\n<meta name=\"twitter:label1\" content=\"Est. reading time\" \/>\n\t<meta name=\"twitter:data1\" content=\"2 min\u016btes\" \/>\n<script type=\"application\/ld+json\" class=\"yoast-schema-graph\">{\"@context\":\"https:\/\/schema.org\",\"@graph\":[{\"@type\":\"WebPage\",\"@id\":\"https:\/\/qqpets.com\/product\/waterproof-dog-harness-leash-collar-set\/\",\"url\":\"https:\/\/qqpets.com\/product\/waterproof-dog-harness-leash-collar-set\/\",\"name\":\"Waterproof Dog Harness Leash Collar Set | QQPETS\",\"isPartOf\":{\"@id\":\"https:\/\/qqpets.com\/#website\"},\"primaryImageOfPage\":{\"@id\":\"https:\/\/qqpets.com\/product\/waterproof-dog-harness-leash-collar-set\/#primaryimage\"},\"image\":{\"@id\":\"https:\/\/qqpets.com\/product\/waterproof-dog-harness-leash-collar-set\/#primaryimage\"},\"thumbnailUrl\":\"https:\/\/qqpets.com\/wp-content\/uploads\/2024\/09\/waterprood-dog-harness-collar-leash-set1.webp\",\"datePublished\":\"2024-09-20T08:26:25+00:00\",\"description\":\"Explore our Waterproof Dog Harness Leash Collar Set for all-weather adventures. Durable, stylish, and practical!\",\"breadcrumb\":{\"@id\":\"https:\/\/qqpets.com\/product\/waterproof-dog-harness-leash-collar-set\/#breadcrumb\"},\"inLanguage\":\"lv-LV\",\"potentialAction\":[{\"@type\":\"ReadAction\",\"target\":[\"https:\/\/qqpets.com\/product\/waterproof-dog-harness-leash-collar-set\/\"]}]},{\"@type\":\"ImageObject\",\"inLanguage\":\"lv-LV\",\"@id\":\"https:\/\/qqpets.com\/product\/waterproof-dog-harness-leash-collar-set\/#primaryimage\",\"url\":\"https:\/\/qqpets.com\/wp-content\/uploads\/2024\/09\/waterprood-dog-harness-collar-leash-set1.webp\",\"contentUrl\":\"https:\/\/qqpets.com\/wp-content\/uploads\/2024\/09\/waterprood-dog-harness-collar-leash-set1.webp\",\"width\":1000,\"height\":1000},{\"@type\":\"BreadcrumbList\",\"@id\":\"https:\/\/qqpets.com\/product\/waterproof-dog-harness-leash-collar-set\/#breadcrumb\",\"itemListElement\":[{\"@type\":\"ListItem\",\"position\":1,\"name\":\"Home\",\"item\":\"https:\/\/qqpets.com\/\"},{\"@type\":\"ListItem\",\"position\":2,\"name\":\"Products\",\"item\":\"https:\/\/qqpets.com\/pet-products-manufacturer\/\"},{\"@type\":\"ListItem\",\"position\":3,\"name\":\"Waterproof Dog Harness Leash Collar Set\"}]},{\"@type\":\"WebSite\",\"@id\":\"https:\/\/qqpets.com\/#website\",\"url\":\"https:\/\/qqpets.com\/\",\"name\":\"QQPETS\",\"description\":\"QQPETS is a pet products factory for dog harnesses, dog collars, dog leashes and dog accessories with professional customized service since 2005.\",\"publisher\":{\"@id\":\"https:\/\/qqpets.com\/#organization\"},\"potentialAction\":[{\"@type\":\"SearchAction\",\"target\":{\"@type\":\"EntryPoint\",\"urlTemplate\":\"https:\/\/qqpets.com\/?s={search_term_string}\"},\"query-input\":{\"@type\":\"PropertyValueSpecification\",\"valueRequired\":true,\"valueName\":\"search_term_string\"}}],\"inLanguage\":\"lv-LV\"},{\"@type\":\"Organization\",\"@id\":\"https:\/\/qqpets.com\/#organization\",\"name\":\"QQPETS\",\"url\":\"https:\/\/qqpets.com\/\",\"logo\":{\"@type\":\"ImageObject\",\"inLanguage\":\"lv-LV\",\"@id\":\"https:\/\/qqpets.com\/#\/schema\/logo\/image\/\",\"url\":\"https:\/\/qqpets.com\/wp-content\/uploads\/2023\/09\/cropped-cropped-qqpets-tiktok.jpg\",\"contentUrl\":\"https:\/\/qqpets.com\/wp-content\/uploads\/2023\/09\/cropped-cropped-qqpets-tiktok.jpg\",\"width\":511,\"height\":511,\"caption\":\"QQPETS\"},\"image\":{\"@id\":\"https:\/\/qqpets.com\/#\/schema\/logo\/image\/\"},\"sameAs\":[\"https:\/\/www.facebook.com\/QQpetsdogcollars\",\"https:\/\/www.instagram.com\/qqpetscollar\/\",\"https:\/\/www.pinterest.com\/qqpetsdogcollarsfactory\/\"]}]}<\/script>\n<!-- \/ Yoast SEO plugin. -->","yoast_head_json":{"title":"\u016adensiztur\u012bgs su\u0146u siksnu komplekts | QQPETS","description":"Izp\u0113tiet m\u016bsu \u016bdensnecaurlaid\u012bgo su\u0146u siksnu un pavadas apkakles komplektu piedz\u012bvojumiem jebkuros laikapst\u0101k\u013cos. Iztur\u012bgs, stil\u012bgs un praktisks!","robots":{"index":"index","follow":"follow","max-snippet":"max-snippet:-1","max-image-preview":"max-image-preview:large","max-video-preview":"max-video-preview:-1"},"canonical":"https:\/\/qqpets.com\/lv\/products\/waterproof-dog-harness-leash-collar-set\/","og_locale":"lv_LV","og_type":"article","og_title":"Waterproof Dog Harness Leash Collar Set | QQPETS","og_description":"Explore our Waterproof Dog Harness Leash Collar Set for all-weather adventures. Durable, stylish, and practical!","og_url":"https:\/\/qqpets.com\/lv\/products\/waterproof-dog-harness-leash-collar-set\/","og_site_name":"QQPETS","article_publisher":"https:\/\/www.facebook.com\/QQpetsdogcollars","og_image":[{"width":1000,"height":1000,"url":"https:\/\/qqpets.com\/wp-content\/uploads\/2024\/09\/waterprood-dog-harness-collar-leash-set1.webp","type":"image\/webp"}],"twitter_card":"summary_large_image","twitter_misc":{"Est. reading time":"2 min\u016btes"},"schema":{"@context":"https:\/\/schema.org","@graph":[{"@type":"WebPage","@id":"https:\/\/qqpets.com\/product\/waterproof-dog-harness-leash-collar-set\/","url":"https:\/\/qqpets.com\/product\/waterproof-dog-harness-leash-collar-set\/","name":"\u016adensiztur\u012bgs su\u0146u siksnu komplekts | QQPETS","isPartOf":{"@id":"https:\/\/qqpets.com\/#website"},"primaryImageOfPage":{"@id":"https:\/\/qqpets.com\/product\/waterproof-dog-harness-leash-collar-set\/#primaryimage"},"image":{"@id":"https:\/\/qqpets.com\/product\/waterproof-dog-harness-leash-collar-set\/#primaryimage"},"thumbnailUrl":"https:\/\/qqpets.com\/wp-content\/uploads\/2024\/09\/waterprood-dog-harness-collar-leash-set1.webp","datePublished":"2024-09-20T08:26:25+00:00","description":"Izp\u0113tiet m\u016bsu \u016bdensnecaurlaid\u012bgo su\u0146u siksnu un pavadas apkakles komplektu piedz\u012bvojumiem jebkuros laikapst\u0101k\u013cos. Iztur\u012bgs, stil\u012bgs un praktisks!","breadcrumb":{"@id":"https:\/\/qqpets.com\/product\/waterproof-dog-harness-leash-collar-set\/#breadcrumb"},"inLanguage":"lv-LV","potentialAction":[{"@type":"ReadAction","target":["https:\/\/qqpets.com\/product\/waterproof-dog-harness-leash-collar-set\/"]}]},{"@type":"ImageObject","inLanguage":"lv-LV","@id":"https:\/\/qqpets.com\/product\/waterproof-dog-harness-leash-collar-set\/#primaryimage","url":"https:\/\/qqpets.com\/wp-content\/uploads\/2024\/09\/waterprood-dog-harness-collar-leash-set1.webp","contentUrl":"https:\/\/qqpets.com\/wp-content\/uploads\/2024\/09\/waterprood-dog-harness-collar-leash-set1.webp","width":1000,"height":1000},{"@type":"BreadcrumbList","@id":"https:\/\/qqpets.com\/product\/waterproof-dog-harness-leash-collar-set\/#breadcrumb","itemListElement":[{"@type":"ListItem","position":1,"name":"Home","item":"https:\/\/qqpets.com\/"},{"@type":"ListItem","position":2,"name":"Products","item":"https:\/\/qqpets.com\/pet-products-manufacturer\/"},{"@type":"ListItem","position":3,"name":"Waterproof Dog Harness Leash Collar Set"}]},{"@type":"WebSite","@id":"https:\/\/qqpets.com\/#website","url":"https:\/\/qqpets.com\/","name":"QQPETS","description":"QQPETS ir lolojumdz\u012bvnieku produktu r\u016bpn\u012bca su\u0146u siksn\u0101m, su\u0146u apkakles, su\u0146u pavadas un su\u0146u aksesu\u0101ri ar profesion\u0101lu piel\u0101gotu pakalpojumu kop\u0161 2005. gada.","publisher":{"@id":"https:\/\/qqpets.com\/#organization"},"potentialAction":[{"@type":"SearchAction","target":{"@type":"EntryPoint","urlTemplate":"https:\/\/qqpets.com\/?s={search_term_string}"},"query-input":{"@type":"PropertyValueSpecification","valueRequired":true,"valueName":"search_term_string"}}],"inLanguage":"lv-LV"},{"@type":"Organization","@id":"https:\/\/qqpets.com\/#organization","name":"QQPETS","url":"https:\/\/qqpets.com\/","logo":{"@type":"ImageObject","inLanguage":"lv-LV","@id":"https:\/\/qqpets.com\/#\/schema\/logo\/image\/","url":"https:\/\/qqpets.com\/wp-content\/uploads\/2023\/09\/cropped-cropped-qqpets-tiktok.jpg","contentUrl":"https:\/\/qqpets.com\/wp-content\/uploads\/2023\/09\/cropped-cropped-qqpets-tiktok.jpg","width":511,"height":511,"caption":"QQPETS"},"image":{"@id":"https:\/\/qqpets.com\/#\/schema\/logo\/image\/"},"sameAs":["https:\/\/www.facebook.com\/QQpetsdogcollars","https:\/\/www.instagram.com\/qqpetscollar\/","https:\/\/www.pinterest.com\/qqpetsdogcollarsfactory\/"]}]}},"_links":{"self":[{"href":"https:\/\/qqpets.com\/lv\/wp-json\/wp\/v2\/product\/8076","targetHints":{"allow":["GET"]}}],"collection":[{"href":"https:\/\/qqpets.com\/lv\/wp-json\/wp\/v2\/product"}],"about":[{"href":"https:\/\/qqpets.com\/lv\/wp-json\/wp\/v2\/types\/product"}],"wp:featuredmedia":[{"embeddable":true,"href":"https:\/\/qqpets.com\/lv\/wp-json\/wp\/v2\/media\/8077"}],"wp:attachment":[{"href":"https:\/\/qqpets.com\/lv\/wp-json\/wp\/v2\/media?parent=8076"}],"wp:term":[{"taxonomy":"product_brand","embeddable":true,"href":"https:\/\/qqpets.com\/lv\/wp-json\/wp\/v2\/product_brand?post=8076"},{"taxonomy":"product_cat","embeddable":true,"href":"https:\/\/qqpets.com\/lv\/wp-json\/wp\/v2\/product_cat?post=8076"},{"taxonomy":"product_tag","embeddable":true,"href":"https:\/\/qqpets.com\/lv\/wp-json\/wp\/v2\/product_tag?post=8076"}],"curies":[{"name":"wp","href":"https:\/\/api.w.org\/{rel}","templated":true}]}}