{"id":8086,"date":"2024-09-20T17:52:18","date_gmt":"2024-09-20T09:52:18","guid":{"rendered":"https:\/\/qqpets.com\/?post_type=product&#038;p=8086"},"modified":"2024-11-13T14:04:02","modified_gmt":"2024-11-13T06:04:02","slug":"reflective-dog-harness-with-handle","status":"publish","type":"product","link":"https:\/\/qqpets.com\/lv\/products\/reflective-dog-harness-with-handle\/","title":{"rendered":"Atstarojo\u0161a su\u0146u siksna ar rokturi bez vilk\u0161anas"},"content":{"rendered":"<p>Ievietojiet jaunu apm\u0101c\u012bbas un komforta l\u012bmeni sava su\u0146a ikdien\u0101 ar m\u016bsu No Pull Training Reflective Dog Harness ar rokturi. \u0160\u012bs augst\u0101k\u0101s kvalit\u0101tes siksnas ir \u012bpa\u0161i izstr\u0101d\u0101tas t\u0101, lai attur\u0113tu no vilk\u0161anas, padarot pastaigas un treni\u0146us pat\u012bkam\u0101kus un maz\u0101k stresa gan jums, gan j\u016bsu m\u012blulim.<\/p>\n<p><strong>Galven\u0101s funkcijas:<\/strong><\/p>\n<ul>\n<li><strong>Atstarojo\u0161\u0101s joslas:<\/strong> Papildu dro\u0161\u012bbai nakts pastaigu laik\u0101 siksnai ir atstarojo\u0161as joslas, kas nodro\u0161ina, ka suns ir redzams no att\u0101luma v\u0101j\u0101 apgaismojum\u0101.<\/li>\n<li><strong>Iztur\u012bgs rokturis:<\/strong> Ieb\u016bv\u0113tais rokturis nodro\u0161ina papildu kontroli treni\u0146u sesiju laik\u0101 vai gad\u012bjumos, kad nepiecie\u0161ams suni cie\u0161i vad\u012bt, nodro\u0161inot t\u016bl\u012bt\u0113ju, maigu savald\u012b\u0161anu.<\/li>\n<li><strong>N\u0113 Pull dizains:<\/strong> Vienm\u0113r\u012bgi sadalot spiedienu uz su\u0146a kr\u016bt\u012bm, nevis kaklu, \u0161\u012b siksna nov\u0113r\u0161 aizr\u012b\u0161anos un mazina vilk\u0161anas instinktu, veicinot pat\u012bkam\u0101ku pastaigu pieredzi.<\/li>\n<li><strong>Iztur\u012bgi materi\u0101li:<\/strong> Izgatavotas no augstas kvalit\u0101tes audumiem, kas iztur ikdienas lieto\u0161anas nodilumu, un ir gan iztur\u012bgas, gan \u0113rtas, ar m\u012bkstu polster\u0113jumu, kas aizsarg\u0101 su\u0146a \u0101du.<\/li>\n<li><strong>Regul\u0113jams fit:<\/strong> Piln\u012bb\u0101 regul\u0113jamas siksni\u0146as \u013cauj piel\u0101got su\u0146a izm\u0113ru, nodro\u0161inot komfortu un dro\u0161\u012bbu jebkuras aktivit\u0101tes laik\u0101.<\/li>\n<li><strong>Daudzpus\u012bga lieto\u0161ana:<\/strong> \u0160\u012b siksna ir ide\u0101li piem\u0113rota gan ikdienas pastaig\u0101m, gan stingr\u0101m treni\u0146u sesij\u0101m un visam citam, kas ir starp tiem, un t\u0101 atbilst akt\u012bvo m\u0101jdz\u012bvnieku un vi\u0146u saimnieku daudzveid\u012bgaj\u0101m vajadz\u012bb\u0101m.<\/li>\n<\/ul>\n<p>M\u016bsu No Pull Training atstarojo\u0161\u0101s su\u0146u siksnas ar rokturi ir kas vair\u0101k nek\u0101 tikai l\u012bdzeklis j\u016bsu m\u012blu\u013ca vad\u012b\u0161anai; tas ir ieguld\u012bjums, lai uzlabotu j\u016bsu \u0101ra piedz\u012bvojumu kvalit\u0101ti. T\u0101 nodro\u0161ina dro\u0161\u012bbu, komfortu un kontroli, padarot to par oblig\u0101tu piederumu apzin\u012bgiem m\u0101jdz\u012bvnieku \u012bpa\u0161niekiem, kas v\u0113las nodro\u0161in\u0101t saviem su\u0146iem vislab\u0101ko apr\u016bpi un apm\u0101c\u012bbu. Apr\u012bkojiet savu p\u016bkaino draugu ar m\u016bsu siksn\u0101m un p\u0101rv\u0113rsiet treni\u0146us un pastaigas par piln\u012bgi bezstresa un pat\u012bkam\u0101m aktivit\u0101t\u0113m.<\/p>","protected":false},"excerpt":{"rendered":"<p>Apg\u016bstiet apm\u0101c\u012bbu un pastaigas ar m\u016bsu No Pull atstarojo\u0161o su\u0146u siksnu, kas apr\u012bkota ar iztur\u012bgu rokturi uzlabotai kontrolei. \u0160\u012b siksna ir veidota t\u0101, lai vienm\u0113r\u012bgi sadal\u012btu spiedienu pa kr\u016bt\u012bm, nov\u0113r\u0161ot aizr\u012b\u0161anos un samazinot vilk\u0161anu. Izgatavota no iztur\u012bgiem materi\u0101liem ar atstarojo\u0161\u0101m josl\u0101m dro\u0161\u012bbai nakts laik\u0101, t\u0101 nodro\u0161ina gan iztur\u012bbu, gan redzam\u012bbu. Regul\u0113jamas siksnas nodro\u0161ina ide\u0101lu piegulumu, t\u0101p\u0113c t\u0101 ir piem\u0113rota vis\u0101m \u0161\u0137irn\u0113m. Ide\u0101li piem\u0113rots ikdienas pastaig\u0101m un treni\u0146iem, tas veicina lab\u0101ku vad\u0101m\u012bbu un dro\u0161\u0101kas, pat\u012bkam\u0101kas pastaigas.<\/p>","protected":false},"featured_media":8087,"template":"","meta":[],"product_brand":[],"product_cat":[23],"product_tag":[],"class_list":{"0":"post-8086","1":"product","2":"type-product","3":"status-publish","4":"has-post-thumbnail","6":"product_cat-dog-harness","7":"pa_brand-qqpets","9":"first","10":"instock","11":"shipping-taxable","12":"product-type-simple"},"yoast_head":"<!-- This site is optimized with the Yoast SEO plugin v26.6 - https:\/\/yoast.com\/wordpress\/plugins\/seo\/ -->\n<title>No Pull Reflective Dog Harness With Handle | QQPETS<\/title>\n<meta name=\"description\" content=\"Train with ease using our No Pull Reflective Dog Harness. Enhanced control and comfort for your pet. Shop now!\" \/>\n<meta name=\"robots\" content=\"index, follow, max-snippet:-1, max-image-preview:large, max-video-preview:-1\" \/>\n<link rel=\"canonical\" href=\"https:\/\/qqpets.com\/lv\/products\/reflective-dog-harness-with-handle\/\" \/>\n<meta property=\"og:locale\" content=\"lv_LV\" \/>\n<meta property=\"og:type\" content=\"article\" \/>\n<meta property=\"og:title\" content=\"No Pull Reflective Dog Harness With Handle | QQPETS\" \/>\n<meta property=\"og:description\" content=\"Train with ease using our No Pull Reflective Dog Harness. Enhanced control and comfort for your pet. Shop now!\" \/>\n<meta property=\"og:url\" content=\"https:\/\/qqpets.com\/lv\/products\/reflective-dog-harness-with-handle\/\" \/>\n<meta property=\"og:site_name\" content=\"QQPETS\" \/>\n<meta property=\"article:publisher\" content=\"https:\/\/www.facebook.com\/QQpetsdogcollars\" \/>\n<meta property=\"article:modified_time\" content=\"2024-11-13T06:04:02+00:00\" \/>\n<meta property=\"og:image\" content=\"https:\/\/qqpets.com\/wp-content\/uploads\/2024\/09\/No-Pull-Traning-Reflective-Dog-Harness-With-Handle1.webp\" \/>\n\t<meta property=\"og:image:width\" content=\"1600\" \/>\n\t<meta property=\"og:image:height\" content=\"1600\" \/>\n\t<meta property=\"og:image:type\" content=\"image\/webp\" \/>\n<meta name=\"twitter:card\" content=\"summary_large_image\" \/>\n<meta name=\"twitter:label1\" content=\"Est. reading time\" \/>\n\t<meta name=\"twitter:data1\" content=\"2 min\u016btes\" \/>\n<script type=\"application\/ld+json\" class=\"yoast-schema-graph\">{\"@context\":\"https:\/\/schema.org\",\"@graph\":[{\"@type\":\"WebPage\",\"@id\":\"https:\/\/qqpets.com\/product\/reflective-dog-harness-with-handle\/\",\"url\":\"https:\/\/qqpets.com\/product\/reflective-dog-harness-with-handle\/\",\"name\":\"No Pull Reflective Dog Harness With Handle | QQPETS\",\"isPartOf\":{\"@id\":\"https:\/\/qqpets.com\/#website\"},\"primaryImageOfPage\":{\"@id\":\"https:\/\/qqpets.com\/product\/reflective-dog-harness-with-handle\/#primaryimage\"},\"image\":{\"@id\":\"https:\/\/qqpets.com\/product\/reflective-dog-harness-with-handle\/#primaryimage\"},\"thumbnailUrl\":\"https:\/\/qqpets.com\/wp-content\/uploads\/2024\/09\/No-Pull-Traning-Reflective-Dog-Harness-With-Handle1.webp\",\"datePublished\":\"2024-09-20T09:52:18+00:00\",\"dateModified\":\"2024-11-13T06:04:02+00:00\",\"description\":\"Train with ease using our No Pull Reflective Dog Harness. Enhanced control and comfort for your pet. Shop now!\",\"breadcrumb\":{\"@id\":\"https:\/\/qqpets.com\/product\/reflective-dog-harness-with-handle\/#breadcrumb\"},\"inLanguage\":\"lv-LV\",\"potentialAction\":[{\"@type\":\"ReadAction\",\"target\":[\"https:\/\/qqpets.com\/product\/reflective-dog-harness-with-handle\/\"]}]},{\"@type\":\"ImageObject\",\"inLanguage\":\"lv-LV\",\"@id\":\"https:\/\/qqpets.com\/product\/reflective-dog-harness-with-handle\/#primaryimage\",\"url\":\"https:\/\/qqpets.com\/wp-content\/uploads\/2024\/09\/No-Pull-Traning-Reflective-Dog-Harness-With-Handle1.webp\",\"contentUrl\":\"https:\/\/qqpets.com\/wp-content\/uploads\/2024\/09\/No-Pull-Traning-Reflective-Dog-Harness-With-Handle1.webp\",\"width\":1600,\"height\":1600},{\"@type\":\"BreadcrumbList\",\"@id\":\"https:\/\/qqpets.com\/product\/reflective-dog-harness-with-handle\/#breadcrumb\",\"itemListElement\":[{\"@type\":\"ListItem\",\"position\":1,\"name\":\"Home\",\"item\":\"https:\/\/qqpets.com\/\"},{\"@type\":\"ListItem\",\"position\":2,\"name\":\"Products\",\"item\":\"https:\/\/qqpets.com\/pet-products-manufacturer\/\"},{\"@type\":\"ListItem\",\"position\":3,\"name\":\"No Pull Reflective Dog Harness With Handle\"}]},{\"@type\":\"WebSite\",\"@id\":\"https:\/\/qqpets.com\/#website\",\"url\":\"https:\/\/qqpets.com\/\",\"name\":\"QQPETS\",\"description\":\"QQPETS is a pet products factory for dog harnesses, dog collars, dog leashes and dog accessories with professional customized service since 2005.\",\"publisher\":{\"@id\":\"https:\/\/qqpets.com\/#organization\"},\"potentialAction\":[{\"@type\":\"SearchAction\",\"target\":{\"@type\":\"EntryPoint\",\"urlTemplate\":\"https:\/\/qqpets.com\/?s={search_term_string}\"},\"query-input\":{\"@type\":\"PropertyValueSpecification\",\"valueRequired\":true,\"valueName\":\"search_term_string\"}}],\"inLanguage\":\"lv-LV\"},{\"@type\":\"Organization\",\"@id\":\"https:\/\/qqpets.com\/#organization\",\"name\":\"QQPETS\",\"url\":\"https:\/\/qqpets.com\/\",\"logo\":{\"@type\":\"ImageObject\",\"inLanguage\":\"lv-LV\",\"@id\":\"https:\/\/qqpets.com\/#\/schema\/logo\/image\/\",\"url\":\"https:\/\/qqpets.com\/wp-content\/uploads\/2023\/09\/cropped-cropped-qqpets-tiktok.jpg\",\"contentUrl\":\"https:\/\/qqpets.com\/wp-content\/uploads\/2023\/09\/cropped-cropped-qqpets-tiktok.jpg\",\"width\":511,\"height\":511,\"caption\":\"QQPETS\"},\"image\":{\"@id\":\"https:\/\/qqpets.com\/#\/schema\/logo\/image\/\"},\"sameAs\":[\"https:\/\/www.facebook.com\/QQpetsdogcollars\",\"https:\/\/www.instagram.com\/qqpetscollar\/\",\"https:\/\/www.pinterest.com\/qqpetsdogcollarsfactory\/\"]}]}<\/script>\n<!-- \/ Yoast SEO plugin. -->","yoast_head_json":{"title":"Atstarojo\u0161as su\u0146u siksnas bez vilk\u0161anas ar rokturi | QQPETS","description":"Viegli tren\u0113jieties, izmantojot m\u016bsu No Pull atstarojo\u0161\u0101s su\u0146u siksnas. Uzlabota kontrole un komforts j\u016bsu m\u012blulim. P\u0113rciet tagad!","robots":{"index":"index","follow":"follow","max-snippet":"max-snippet:-1","max-image-preview":"max-image-preview:large","max-video-preview":"max-video-preview:-1"},"canonical":"https:\/\/qqpets.com\/lv\/products\/reflective-dog-harness-with-handle\/","og_locale":"lv_LV","og_type":"article","og_title":"No Pull Reflective Dog Harness With Handle | QQPETS","og_description":"Train with ease using our No Pull Reflective Dog Harness. Enhanced control and comfort for your pet. Shop now!","og_url":"https:\/\/qqpets.com\/lv\/products\/reflective-dog-harness-with-handle\/","og_site_name":"QQPETS","article_publisher":"https:\/\/www.facebook.com\/QQpetsdogcollars","article_modified_time":"2024-11-13T06:04:02+00:00","og_image":[{"width":1600,"height":1600,"url":"https:\/\/qqpets.com\/wp-content\/uploads\/2024\/09\/No-Pull-Traning-Reflective-Dog-Harness-With-Handle1.webp","type":"image\/webp"}],"twitter_card":"summary_large_image","twitter_misc":{"Est. reading time":"2 min\u016btes"},"schema":{"@context":"https:\/\/schema.org","@graph":[{"@type":"WebPage","@id":"https:\/\/qqpets.com\/product\/reflective-dog-harness-with-handle\/","url":"https:\/\/qqpets.com\/product\/reflective-dog-harness-with-handle\/","name":"Atstarojo\u0161as su\u0146u siksnas bez vilk\u0161anas ar rokturi | QQPETS","isPartOf":{"@id":"https:\/\/qqpets.com\/#website"},"primaryImageOfPage":{"@id":"https:\/\/qqpets.com\/product\/reflective-dog-harness-with-handle\/#primaryimage"},"image":{"@id":"https:\/\/qqpets.com\/product\/reflective-dog-harness-with-handle\/#primaryimage"},"thumbnailUrl":"https:\/\/qqpets.com\/wp-content\/uploads\/2024\/09\/No-Pull-Traning-Reflective-Dog-Harness-With-Handle1.webp","datePublished":"2024-09-20T09:52:18+00:00","dateModified":"2024-11-13T06:04:02+00:00","description":"Viegli tren\u0113jieties, izmantojot m\u016bsu No Pull atstarojo\u0161\u0101s su\u0146u siksnas. Uzlabota kontrole un komforts j\u016bsu m\u012blulim. P\u0113rciet tagad!","breadcrumb":{"@id":"https:\/\/qqpets.com\/product\/reflective-dog-harness-with-handle\/#breadcrumb"},"inLanguage":"lv-LV","potentialAction":[{"@type":"ReadAction","target":["https:\/\/qqpets.com\/product\/reflective-dog-harness-with-handle\/"]}]},{"@type":"ImageObject","inLanguage":"lv-LV","@id":"https:\/\/qqpets.com\/product\/reflective-dog-harness-with-handle\/#primaryimage","url":"https:\/\/qqpets.com\/wp-content\/uploads\/2024\/09\/No-Pull-Traning-Reflective-Dog-Harness-With-Handle1.webp","contentUrl":"https:\/\/qqpets.com\/wp-content\/uploads\/2024\/09\/No-Pull-Traning-Reflective-Dog-Harness-With-Handle1.webp","width":1600,"height":1600},{"@type":"BreadcrumbList","@id":"https:\/\/qqpets.com\/product\/reflective-dog-harness-with-handle\/#breadcrumb","itemListElement":[{"@type":"ListItem","position":1,"name":"Home","item":"https:\/\/qqpets.com\/"},{"@type":"ListItem","position":2,"name":"Products","item":"https:\/\/qqpets.com\/pet-products-manufacturer\/"},{"@type":"ListItem","position":3,"name":"No Pull Reflective Dog Harness With Handle"}]},{"@type":"WebSite","@id":"https:\/\/qqpets.com\/#website","url":"https:\/\/qqpets.com\/","name":"QQPETS","description":"QQPETS ir lolojumdz\u012bvnieku produktu r\u016bpn\u012bca su\u0146u siksn\u0101m, su\u0146u apkakles, su\u0146u pavadas un su\u0146u aksesu\u0101ri ar profesion\u0101lu piel\u0101gotu pakalpojumu kop\u0161 2005. gada.","publisher":{"@id":"https:\/\/qqpets.com\/#organization"},"potentialAction":[{"@type":"SearchAction","target":{"@type":"EntryPoint","urlTemplate":"https:\/\/qqpets.com\/?s={search_term_string}"},"query-input":{"@type":"PropertyValueSpecification","valueRequired":true,"valueName":"search_term_string"}}],"inLanguage":"lv-LV"},{"@type":"Organization","@id":"https:\/\/qqpets.com\/#organization","name":"QQPETS","url":"https:\/\/qqpets.com\/","logo":{"@type":"ImageObject","inLanguage":"lv-LV","@id":"https:\/\/qqpets.com\/#\/schema\/logo\/image\/","url":"https:\/\/qqpets.com\/wp-content\/uploads\/2023\/09\/cropped-cropped-qqpets-tiktok.jpg","contentUrl":"https:\/\/qqpets.com\/wp-content\/uploads\/2023\/09\/cropped-cropped-qqpets-tiktok.jpg","width":511,"height":511,"caption":"QQPETS"},"image":{"@id":"https:\/\/qqpets.com\/#\/schema\/logo\/image\/"},"sameAs":["https:\/\/www.facebook.com\/QQpetsdogcollars","https:\/\/www.instagram.com\/qqpetscollar\/","https:\/\/www.pinterest.com\/qqpetsdogcollarsfactory\/"]}]}},"_links":{"self":[{"href":"https:\/\/qqpets.com\/lv\/wp-json\/wp\/v2\/product\/8086","targetHints":{"allow":["GET"]}}],"collection":[{"href":"https:\/\/qqpets.com\/lv\/wp-json\/wp\/v2\/product"}],"about":[{"href":"https:\/\/qqpets.com\/lv\/wp-json\/wp\/v2\/types\/product"}],"wp:featuredmedia":[{"embeddable":true,"href":"https:\/\/qqpets.com\/lv\/wp-json\/wp\/v2\/media\/8087"}],"wp:attachment":[{"href":"https:\/\/qqpets.com\/lv\/wp-json\/wp\/v2\/media?parent=8086"}],"wp:term":[{"taxonomy":"product_brand","embeddable":true,"href":"https:\/\/qqpets.com\/lv\/wp-json\/wp\/v2\/product_brand?post=8086"},{"taxonomy":"product_cat","embeddable":true,"href":"https:\/\/qqpets.com\/lv\/wp-json\/wp\/v2\/product_cat?post=8086"},{"taxonomy":"product_tag","embeddable":true,"href":"https:\/\/qqpets.com\/lv\/wp-json\/wp\/v2\/product_tag?post=8086"}],"curies":[{"name":"wp","href":"https:\/\/api.w.org\/{rel}","templated":true}]}}