{"id":8219,"date":"2024-09-24T15:55:57","date_gmt":"2024-09-24T07:55:57","guid":{"rendered":"https:\/\/qqpets.com\/?post_type=product&#038;p=8219"},"modified":"2024-09-24T15:58:32","modified_gmt":"2024-09-24T07:58:32","slug":"qr-code-adjustable-dog-harness","status":"publish","type":"product","link":"https:\/\/qqpets.com\/lv\/products\/qr-code-adjustable-dog-harness\/","title":{"rendered":"QR kods Regul\u0113jamas su\u0146u siksnas"},"content":{"rendered":"<p>Iepaz\u012bstin\u0101m ar m\u016bsu QR koda regul\u0113jamo su\u0146u siksnu, kas izstr\u0101d\u0101ta dro\u0161\u012bbai, komfortam un stilam. \u0160\u012b siksna ir oblig\u0101ti nepiecie\u0161ama m\u0101jdz\u012bvnieku \u012bpa\u0161niekiem, kuri v\u0113las, lai vi\u0146u m\u012blu\u013ci b\u016btu dro\u0161i un viegli identific\u0113jami.<\/p>\n<p><strong>Galven\u0101s funkcijas:<\/strong><\/p>\n<ul>\n<li><strong>Integr\u0113ta QR koda birka:<\/strong> Komplekt\u0101 ir sken\u0113jams QR kods, kas nor\u0101da saiti uz detaliz\u0113tu tie\u0161saistes profilu, lai j\u016bsu m\u012blu\u013ca dz\u012bv\u012bbai svar\u012bg\u0101 inform\u0101cija b\u016btu pieejama tikai sken\u0113\u0161anas att\u0101lum\u0101. \u0160\u012b funkcija ir \u013coti svar\u012bga \u0101trai identifik\u0101cijai un atg\u016b\u0161anai, ja j\u016bsu m\u0101jdz\u012bvnieks k\u0101dreiz paz\u016bd.<\/li>\n<li><strong>Regul\u0113jams fit:<\/strong> Piel\u0101gojiet \u010detrk\u0101jaino \u010detrk\u0101jaino siksnu izm\u0113ru savam sunim ar regul\u0113jam\u0101m siksn\u0101m, nodro\u0161inot ide\u0101lu piegulumu, kas nodro\u0161ina sunim dro\u0161\u012bbu un komfortu visu aktivit\u0101\u0161u laik\u0101.<\/li>\n<li><strong>Elpojo\u0161s komforts:<\/strong> Izgatavots no viegla, elpojo\u0161a sieta, kas nodro\u0161ina j\u016bsu m\u0101jdz\u012bvniekam v\u0113sumu un komfortu pat silt\u0101k\u0101s dien\u0101s.<\/li>\n<li><strong>Stil\u012bgs dizains:<\/strong> Uzkabei ir spilgti roz\u0101 ziedu raksts, kas ir gan uzkr\u012bto\u0161s, gan moderns, liekot j\u016bsu m\u012blulim izcelties, vienlaikus nodro\u0161inot, ka izbraucienu laik\u0101 tas paliek redzams jums un citiem.<\/li>\n<li><strong>Iztur\u012bgs materi\u0101ls:<\/strong> Izgatavotas t\u0101, lai iztur\u0113tu ikdienas lieto\u0161anas gr\u016bt\u012bbas, t\u0101s ir gan iztur\u012bgas, gan viegli kopjamas, piem\u0113rotas regul\u0101rai mazg\u0101\u0161anai, nezaud\u0113jot savu pievilc\u012bbu.<\/li>\n<\/ul>\n<p>M\u016bsu QR koda regul\u0113jam\u0101s su\u0146u siksnas apvieno funkcionalit\u0101ti un modi, nodro\u0161inot dro\u0161u veidu, k\u0101 identific\u0113t j\u016bsu m\u012bluli, nezaud\u0113jot stilu vai komfortu. T\u0101 ir ide\u0101li piem\u0113rota ikdienas pastaig\u0101m, izbraucieniem uz parku vai jebk\u0101diem \u0101ra piedz\u012bvojumiem, nodro\u0161inot j\u016bsu m\u012blu\u013ca dro\u0161\u012bbu un vienlaikus lielisku izskatu. Apr\u012bkojiet savu p\u016bkaino draugu ar \u0161o siksnu un izbaudiet bezr\u016bp\u012bgus piedz\u012bvojumus, zinot, ka vi\u0146\u0161 vienm\u0113r ir tikai rokas stiepiena att\u0101lum\u0101 no m\u0101j\u0101m.<\/p>","protected":false},"excerpt":{"rendered":"<p>Nodro\u0161iniet sava m\u012blu\u013ca dro\u0161\u012bbu ar m\u016bsu QR koda regul\u0113jamo su\u0146u siksnu. \u0160aj\u0101s siksn\u0101s ir iestr\u0101d\u0101ts sken\u0113jams QR kods, kas nodro\u0161ina \u0101tru piek\u013cuvi j\u016bsu m\u012blu\u013ca inform\u0101cijai un vienm\u0113r \u013cauj to identific\u0113t. Izgatavota no elpojo\u0161a sieta un regul\u0113jam\u0101m siksn\u0101m, lai \u0113rti piegu\u013c, t\u0101 ir ide\u0101li piem\u0113rota ikdienas pastaig\u0101m. Spilgts roz\u0101 ziedu dizains pie\u0161\u0137ir stilu.<\/p>","protected":false},"featured_media":8210,"template":"","meta":[],"product_brand":[],"product_cat":[23],"product_tag":[],"class_list":{"0":"post-8219","1":"product","2":"type-product","3":"status-publish","4":"has-post-thumbnail","6":"product_cat-dog-harness","7":"pa_brand-qqpets","9":"first","10":"instock","11":"shipping-taxable","12":"product-type-simple"},"yoast_head":"<!-- This site is optimized with the Yoast SEO plugin v26.6 - https:\/\/yoast.com\/wordpress\/plugins\/seo\/ -->\n<title>QR Code Adjustable Dog Harness | QQPETS<\/title>\n<meta name=\"description\" content=\"Secure and stylish QR Code Adjustable Dog Harness. Easy identification with a smart QR tag. Perfect fit!\" \/>\n<meta name=\"robots\" content=\"index, follow, max-snippet:-1, max-image-preview:large, max-video-preview:-1\" \/>\n<link rel=\"canonical\" href=\"https:\/\/qqpets.com\/lv\/products\/qr-code-adjustable-dog-harness\/\" \/>\n<meta property=\"og:locale\" content=\"lv_LV\" \/>\n<meta property=\"og:type\" content=\"article\" \/>\n<meta property=\"og:title\" content=\"QR Code Adjustable Dog Harness | QQPETS\" \/>\n<meta property=\"og:description\" content=\"Secure and stylish QR Code Adjustable Dog Harness. Easy identification with a smart QR tag. Perfect fit!\" \/>\n<meta property=\"og:url\" content=\"https:\/\/qqpets.com\/lv\/products\/qr-code-adjustable-dog-harness\/\" \/>\n<meta property=\"og:site_name\" content=\"QQPETS\" \/>\n<meta property=\"article:publisher\" content=\"https:\/\/www.facebook.com\/QQpetsdogcollars\" \/>\n<meta property=\"article:modified_time\" content=\"2024-09-24T07:58:32+00:00\" \/>\n<meta property=\"og:image\" content=\"https:\/\/qqpets.com\/wp-content\/uploads\/2024\/09\/QR-Code-Adjustable-Dog-Harness2.webp\" \/>\n\t<meta property=\"og:image:width\" content=\"1000\" \/>\n\t<meta property=\"og:image:height\" content=\"1000\" \/>\n\t<meta property=\"og:image:type\" content=\"image\/webp\" \/>\n<meta name=\"twitter:card\" content=\"summary_large_image\" \/>\n<meta name=\"twitter:label1\" content=\"Est. reading time\" \/>\n\t<meta name=\"twitter:data1\" content=\"2 min\u016btes\" \/>\n<script type=\"application\/ld+json\" class=\"yoast-schema-graph\">{\"@context\":\"https:\/\/schema.org\",\"@graph\":[{\"@type\":\"WebPage\",\"@id\":\"https:\/\/qqpets.com\/product\/qr-code-adjustable-dog-harness\/\",\"url\":\"https:\/\/qqpets.com\/product\/qr-code-adjustable-dog-harness\/\",\"name\":\"QR Code Adjustable Dog Harness | QQPETS\",\"isPartOf\":{\"@id\":\"https:\/\/qqpets.com\/#website\"},\"primaryImageOfPage\":{\"@id\":\"https:\/\/qqpets.com\/product\/qr-code-adjustable-dog-harness\/#primaryimage\"},\"image\":{\"@id\":\"https:\/\/qqpets.com\/product\/qr-code-adjustable-dog-harness\/#primaryimage\"},\"thumbnailUrl\":\"https:\/\/qqpets.com\/wp-content\/uploads\/2024\/09\/QR-Code-Adjustable-Dog-Harness2.webp\",\"datePublished\":\"2024-09-24T07:55:57+00:00\",\"dateModified\":\"2024-09-24T07:58:32+00:00\",\"description\":\"Secure and stylish QR Code Adjustable Dog Harness. Easy identification with a smart QR tag. Perfect fit!\",\"breadcrumb\":{\"@id\":\"https:\/\/qqpets.com\/product\/qr-code-adjustable-dog-harness\/#breadcrumb\"},\"inLanguage\":\"lv-LV\",\"potentialAction\":[{\"@type\":\"ReadAction\",\"target\":[\"https:\/\/qqpets.com\/product\/qr-code-adjustable-dog-harness\/\"]}]},{\"@type\":\"ImageObject\",\"inLanguage\":\"lv-LV\",\"@id\":\"https:\/\/qqpets.com\/product\/qr-code-adjustable-dog-harness\/#primaryimage\",\"url\":\"https:\/\/qqpets.com\/wp-content\/uploads\/2024\/09\/QR-Code-Adjustable-Dog-Harness2.webp\",\"contentUrl\":\"https:\/\/qqpets.com\/wp-content\/uploads\/2024\/09\/QR-Code-Adjustable-Dog-Harness2.webp\",\"width\":1000,\"height\":1000},{\"@type\":\"BreadcrumbList\",\"@id\":\"https:\/\/qqpets.com\/product\/qr-code-adjustable-dog-harness\/#breadcrumb\",\"itemListElement\":[{\"@type\":\"ListItem\",\"position\":1,\"name\":\"Home\",\"item\":\"https:\/\/qqpets.com\/\"},{\"@type\":\"ListItem\",\"position\":2,\"name\":\"Products\",\"item\":\"https:\/\/qqpets.com\/pet-products-manufacturer\/\"},{\"@type\":\"ListItem\",\"position\":3,\"name\":\"QR Code Adjustable Dog Harness\"}]},{\"@type\":\"WebSite\",\"@id\":\"https:\/\/qqpets.com\/#website\",\"url\":\"https:\/\/qqpets.com\/\",\"name\":\"QQPETS\",\"description\":\"QQPETS is a pet products factory for dog harnesses, dog collars, dog leashes and dog accessories with professional customized service since 2005.\",\"publisher\":{\"@id\":\"https:\/\/qqpets.com\/#organization\"},\"potentialAction\":[{\"@type\":\"SearchAction\",\"target\":{\"@type\":\"EntryPoint\",\"urlTemplate\":\"https:\/\/qqpets.com\/?s={search_term_string}\"},\"query-input\":{\"@type\":\"PropertyValueSpecification\",\"valueRequired\":true,\"valueName\":\"search_term_string\"}}],\"inLanguage\":\"lv-LV\"},{\"@type\":\"Organization\",\"@id\":\"https:\/\/qqpets.com\/#organization\",\"name\":\"QQPETS\",\"url\":\"https:\/\/qqpets.com\/\",\"logo\":{\"@type\":\"ImageObject\",\"inLanguage\":\"lv-LV\",\"@id\":\"https:\/\/qqpets.com\/#\/schema\/logo\/image\/\",\"url\":\"https:\/\/qqpets.com\/wp-content\/uploads\/2023\/09\/cropped-cropped-qqpets-tiktok.jpg\",\"contentUrl\":\"https:\/\/qqpets.com\/wp-content\/uploads\/2023\/09\/cropped-cropped-qqpets-tiktok.jpg\",\"width\":511,\"height\":511,\"caption\":\"QQPETS\"},\"image\":{\"@id\":\"https:\/\/qqpets.com\/#\/schema\/logo\/image\/\"},\"sameAs\":[\"https:\/\/www.facebook.com\/QQpetsdogcollars\",\"https:\/\/www.instagram.com\/qqpetscollar\/\",\"https:\/\/www.pinterest.com\/qqpetsdogcollarsfactory\/\"]}]}<\/script>\n<!-- \/ Yoast SEO plugin. -->","yoast_head_json":{"title":"QR kods Regul\u0113jamas su\u0146u siksnas | QQPETS","description":"Dro\u0161as un stil\u012bgas QR koda regul\u0113jamas su\u0146u siksnas. Viegla identifik\u0101cija ar viedo QR birku. Perfekti piegu\u013c!","robots":{"index":"index","follow":"follow","max-snippet":"max-snippet:-1","max-image-preview":"max-image-preview:large","max-video-preview":"max-video-preview:-1"},"canonical":"https:\/\/qqpets.com\/lv\/products\/qr-code-adjustable-dog-harness\/","og_locale":"lv_LV","og_type":"article","og_title":"QR Code Adjustable Dog Harness | QQPETS","og_description":"Secure and stylish QR Code Adjustable Dog Harness. Easy identification with a smart QR tag. Perfect fit!","og_url":"https:\/\/qqpets.com\/lv\/products\/qr-code-adjustable-dog-harness\/","og_site_name":"QQPETS","article_publisher":"https:\/\/www.facebook.com\/QQpetsdogcollars","article_modified_time":"2024-09-24T07:58:32+00:00","og_image":[{"width":1000,"height":1000,"url":"https:\/\/qqpets.com\/wp-content\/uploads\/2024\/09\/QR-Code-Adjustable-Dog-Harness2.webp","type":"image\/webp"}],"twitter_card":"summary_large_image","twitter_misc":{"Est. reading time":"2 min\u016btes"},"schema":{"@context":"https:\/\/schema.org","@graph":[{"@type":"WebPage","@id":"https:\/\/qqpets.com\/product\/qr-code-adjustable-dog-harness\/","url":"https:\/\/qqpets.com\/product\/qr-code-adjustable-dog-harness\/","name":"QR kods Regul\u0113jamas su\u0146u siksnas | QQPETS","isPartOf":{"@id":"https:\/\/qqpets.com\/#website"},"primaryImageOfPage":{"@id":"https:\/\/qqpets.com\/product\/qr-code-adjustable-dog-harness\/#primaryimage"},"image":{"@id":"https:\/\/qqpets.com\/product\/qr-code-adjustable-dog-harness\/#primaryimage"},"thumbnailUrl":"https:\/\/qqpets.com\/wp-content\/uploads\/2024\/09\/QR-Code-Adjustable-Dog-Harness2.webp","datePublished":"2024-09-24T07:55:57+00:00","dateModified":"2024-09-24T07:58:32+00:00","description":"Dro\u0161as un stil\u012bgas QR koda regul\u0113jamas su\u0146u siksnas. Viegla identifik\u0101cija ar viedo QR birku. Perfekti piegu\u013c!","breadcrumb":{"@id":"https:\/\/qqpets.com\/product\/qr-code-adjustable-dog-harness\/#breadcrumb"},"inLanguage":"lv-LV","potentialAction":[{"@type":"ReadAction","target":["https:\/\/qqpets.com\/product\/qr-code-adjustable-dog-harness\/"]}]},{"@type":"ImageObject","inLanguage":"lv-LV","@id":"https:\/\/qqpets.com\/product\/qr-code-adjustable-dog-harness\/#primaryimage","url":"https:\/\/qqpets.com\/wp-content\/uploads\/2024\/09\/QR-Code-Adjustable-Dog-Harness2.webp","contentUrl":"https:\/\/qqpets.com\/wp-content\/uploads\/2024\/09\/QR-Code-Adjustable-Dog-Harness2.webp","width":1000,"height":1000},{"@type":"BreadcrumbList","@id":"https:\/\/qqpets.com\/product\/qr-code-adjustable-dog-harness\/#breadcrumb","itemListElement":[{"@type":"ListItem","position":1,"name":"Home","item":"https:\/\/qqpets.com\/"},{"@type":"ListItem","position":2,"name":"Products","item":"https:\/\/qqpets.com\/pet-products-manufacturer\/"},{"@type":"ListItem","position":3,"name":"QR Code Adjustable Dog Harness"}]},{"@type":"WebSite","@id":"https:\/\/qqpets.com\/#website","url":"https:\/\/qqpets.com\/","name":"QQPETS","description":"QQPETS ir lolojumdz\u012bvnieku produktu r\u016bpn\u012bca su\u0146u siksn\u0101m, su\u0146u apkakles, su\u0146u pavadas un su\u0146u aksesu\u0101ri ar profesion\u0101lu piel\u0101gotu pakalpojumu kop\u0161 2005. gada.","publisher":{"@id":"https:\/\/qqpets.com\/#organization"},"potentialAction":[{"@type":"SearchAction","target":{"@type":"EntryPoint","urlTemplate":"https:\/\/qqpets.com\/?s={search_term_string}"},"query-input":{"@type":"PropertyValueSpecification","valueRequired":true,"valueName":"search_term_string"}}],"inLanguage":"lv-LV"},{"@type":"Organization","@id":"https:\/\/qqpets.com\/#organization","name":"QQPETS","url":"https:\/\/qqpets.com\/","logo":{"@type":"ImageObject","inLanguage":"lv-LV","@id":"https:\/\/qqpets.com\/#\/schema\/logo\/image\/","url":"https:\/\/qqpets.com\/wp-content\/uploads\/2023\/09\/cropped-cropped-qqpets-tiktok.jpg","contentUrl":"https:\/\/qqpets.com\/wp-content\/uploads\/2023\/09\/cropped-cropped-qqpets-tiktok.jpg","width":511,"height":511,"caption":"QQPETS"},"image":{"@id":"https:\/\/qqpets.com\/#\/schema\/logo\/image\/"},"sameAs":["https:\/\/www.facebook.com\/QQpetsdogcollars","https:\/\/www.instagram.com\/qqpetscollar\/","https:\/\/www.pinterest.com\/qqpetsdogcollarsfactory\/"]}]}},"_links":{"self":[{"href":"https:\/\/qqpets.com\/lv\/wp-json\/wp\/v2\/product\/8219","targetHints":{"allow":["GET"]}}],"collection":[{"href":"https:\/\/qqpets.com\/lv\/wp-json\/wp\/v2\/product"}],"about":[{"href":"https:\/\/qqpets.com\/lv\/wp-json\/wp\/v2\/types\/product"}],"wp:featuredmedia":[{"embeddable":true,"href":"https:\/\/qqpets.com\/lv\/wp-json\/wp\/v2\/media\/8210"}],"wp:attachment":[{"href":"https:\/\/qqpets.com\/lv\/wp-json\/wp\/v2\/media?parent=8219"}],"wp:term":[{"taxonomy":"product_brand","embeddable":true,"href":"https:\/\/qqpets.com\/lv\/wp-json\/wp\/v2\/product_brand?post=8219"},{"taxonomy":"product_cat","embeddable":true,"href":"https:\/\/qqpets.com\/lv\/wp-json\/wp\/v2\/product_cat?post=8219"},{"taxonomy":"product_tag","embeddable":true,"href":"https:\/\/qqpets.com\/lv\/wp-json\/wp\/v2\/product_tag?post=8219"}],"curies":[{"name":"wp","href":"https:\/\/api.w.org\/{rel}","templated":true}]}}