{"id":8220,"date":"2024-09-24T16:03:59","date_gmt":"2024-09-24T08:03:59","guid":{"rendered":"https:\/\/qqpets.com\/?post_type=product&#038;p=8220"},"modified":"2024-09-24T16:03:59","modified_gmt":"2024-09-24T08:03:59","slug":"qr-code-no-pull-dog-harness","status":"publish","type":"product","link":"https:\/\/qqpets.com\/lv\/products\/qr-code-no-pull-dog-harness\/","title":{"rendered":"QR kods Bez vilk\u0161anas su\u0146u siksnas"},"content":{"rendered":"<p>Iepaz\u012bstin\u0101m ar m\u016bsu QR koda bez vilk\u0161anas su\u0146u \u010detrpunktu siksn\u0101m, kas ir ide\u0101ls funkcionalit\u0101tes, stila un tehnolo\u0123iju apvienojums. \u0160\u012b siksna, kas paredz\u0113ta su\u0146u \u012bpa\u0161niekiem, kuri mekl\u0113 gan kontroli pastaigu laik\u0101, gan modernu veidu, k\u0101 p\u0101rvald\u012bt savu m\u012blu\u013cu dro\u0161\u012bbu, ir apr\u012bkota ar viedo QR kodu, kas saist\u012bts ar piel\u0101gotu profilu, kur\u0101 nor\u0101d\u012bta visa j\u016bsu m\u012blu\u013ca inform\u0101cija.<\/p>\n<p><strong>Galven\u0101s funkcijas:<\/strong><\/p>\n<ul>\n<li><strong>Vied\u0101 QR koda integr\u0101cija:<\/strong> Katr\u0101 siksn\u0101 ir QR kods, kas nodro\u0161ina t\u016bl\u012bt\u0113ju piek\u013cuvi j\u016bsu su\u0146a profilam, tostarp kontaktinform\u0101cijai, medic\u012bniskajai inform\u0101cijai un citiem datiem. \u0160\u012b funkcija uzlabo dro\u0161\u012bbu un atg\u016b\u0161anas procesu, ja j\u016bsu m\u012blulis k\u0101dreiz pazustu.<\/li>\n<li><strong>Dizains bez vilk\u0161anas:<\/strong> Izstr\u0101d\u0101tas t\u0101, lai kontrol\u0113tu vilk\u0161anu, siksnas vienm\u0113r\u012bgi sadala spiedienu uz kr\u016bt\u012bm, nevis uz kaklu, t\u0101d\u0113j\u0101di nodro\u0161inot pastaigu bez stresa.<\/li>\n<li><strong>Regul\u0113jams fit:<\/strong> Piln\u012bb\u0101 regul\u0113jamas siksnas nodro\u0161ina stingru un dro\u0161u piegul\u0113\u0161anu jebkura izm\u0113ra sunim, l\u012bdz minimumam samazinot b\u0113g\u0161anas risku.<\/li>\n<li><strong>\u0112rti valk\u0101t:<\/strong> Izgatavotas no augstas kvalit\u0101tes elpojo\u0161iem materi\u0101liem, siksnas ir izstr\u0101d\u0101tas t\u0101, lai nodro\u0161in\u0101tu komfortu visas dienas garum\u0101, nov\u0113r\u0161ot p\u0101rkar\u0161anu un nodro\u0161inot, ka j\u016bsu suns izbaud\u012bs katru piedz\u012bvojumu.<\/li>\n<li><strong>Iztur\u012bgs un \u0113rti lietojams:<\/strong> M\u016bsu siksnas ir izgatavotas no iztur\u012bgiem materi\u0101liem, kas sp\u0113j iztur\u0113t akt\u012bvu m\u0101jdz\u012bvnieku ikdienas gr\u016bt\u012bbas. T\u0101s ir ar\u012b viegli t\u012br\u0101mas, nodro\u0161inot to svaigumu un izskatu.<\/li>\n<\/ul>\n<p>QR Code No Pull Dog Harness ir kas vair\u0101k nek\u0101 tikai l\u012bdzeklis su\u0146a pastaig\u0101m; t\u0101 ir visaptvero\u0161a sist\u0113ma, kas izstr\u0101d\u0101ta m\u016bsdien\u012bgai m\u0101jdz\u012bvnieku apsaimnieko\u0161anai. Neatkar\u012bgi no t\u0101, vai atrodaties p\u0101rpild\u012bt\u0101 pils\u0113t\u0101 vai klus\u0101 park\u0101, \u0161\u012b siksna nodro\u0161ina kontroli un dro\u0161\u012bbu rokas stiepiena att\u0101lum\u0101.<\/p>","protected":false},"excerpt":{"rendered":"<p>Uzlabojiet sava su\u0146a dro\u0161\u012bbu ar m\u016bsu QR koda su\u0146u siksnu bez vilk\u0161anas. \u0160\u012b siksna, kas apr\u012bkota ar unik\u0101lu QR kodu \u0101trai m\u0101jdz\u012bvnieka identifik\u0101cijai, apvieno tehnolo\u0123iju un komfortu. T\u0101 pied\u0101v\u0101 bezvilk\u0161anas funkciju lab\u0101kai kontrolei pastaigu laik\u0101, regul\u0113jamas siksnas ide\u0101lai piem\u0113ro\u0161anai un elpojo\u0161u materi\u0101lu, kas nodro\u0161ina j\u016bsu m\u0101jdz\u012bvniekam komfortu. Ide\u0101li piem\u0113rots ikdienas lieto\u0161anai un uzlabotai m\u0101jdz\u012bvnieku p\u0101rvald\u012bbai.<\/p>","protected":false},"featured_media":8192,"template":"","meta":[],"product_brand":[],"product_cat":[23],"product_tag":[],"class_list":{"0":"post-8220","1":"product","2":"type-product","3":"status-publish","4":"has-post-thumbnail","6":"product_cat-dog-harness","7":"pa_brand-qqpets","9":"first","10":"instock","11":"shipping-taxable","12":"product-type-simple"},"yoast_head":"<!-- This site is optimized with the Yoast SEO plugin v26.6 - https:\/\/yoast.com\/wordpress\/plugins\/seo\/ -->\n<title>QR Code No Pull Dog Harness | QQPETS<\/title>\n<meta name=\"description\" content=\"Discover the QR Code No Pull Dog Harness for easy control and smart pet tracking\u2014security and comfort in one!\" \/>\n<meta name=\"robots\" content=\"index, follow, max-snippet:-1, max-image-preview:large, max-video-preview:-1\" \/>\n<link rel=\"canonical\" href=\"https:\/\/qqpets.com\/lv\/products\/qr-code-no-pull-dog-harness\/\" \/>\n<meta property=\"og:locale\" content=\"lv_LV\" \/>\n<meta property=\"og:type\" content=\"article\" \/>\n<meta property=\"og:title\" content=\"QR Code No Pull Dog Harness | QQPETS\" \/>\n<meta property=\"og:description\" content=\"Discover the QR Code No Pull Dog Harness for easy control and smart pet tracking\u2014security and comfort in one!\" \/>\n<meta property=\"og:url\" content=\"https:\/\/qqpets.com\/lv\/products\/qr-code-no-pull-dog-harness\/\" \/>\n<meta property=\"og:site_name\" content=\"QQPETS\" \/>\n<meta property=\"article:publisher\" content=\"https:\/\/www.facebook.com\/QQpetsdogcollars\" \/>\n<meta property=\"og:image\" content=\"https:\/\/qqpets.com\/wp-content\/uploads\/2024\/09\/QR-Code-No-Pull-Dog-Harness2.webp\" \/>\n\t<meta property=\"og:image:width\" content=\"1000\" \/>\n\t<meta property=\"og:image:height\" content=\"1000\" \/>\n\t<meta property=\"og:image:type\" content=\"image\/webp\" \/>\n<meta name=\"twitter:card\" content=\"summary_large_image\" \/>\n<meta name=\"twitter:label1\" content=\"Est. reading time\" \/>\n\t<meta name=\"twitter:data1\" content=\"2 min\u016btes\" \/>\n<script type=\"application\/ld+json\" class=\"yoast-schema-graph\">{\"@context\":\"https:\/\/schema.org\",\"@graph\":[{\"@type\":\"WebPage\",\"@id\":\"https:\/\/qqpets.com\/product\/qr-code-no-pull-dog-harness\/\",\"url\":\"https:\/\/qqpets.com\/product\/qr-code-no-pull-dog-harness\/\",\"name\":\"QR Code No Pull Dog Harness | QQPETS\",\"isPartOf\":{\"@id\":\"https:\/\/qqpets.com\/#website\"},\"primaryImageOfPage\":{\"@id\":\"https:\/\/qqpets.com\/product\/qr-code-no-pull-dog-harness\/#primaryimage\"},\"image\":{\"@id\":\"https:\/\/qqpets.com\/product\/qr-code-no-pull-dog-harness\/#primaryimage\"},\"thumbnailUrl\":\"https:\/\/qqpets.com\/wp-content\/uploads\/2024\/09\/QR-Code-No-Pull-Dog-Harness2.webp\",\"datePublished\":\"2024-09-24T08:03:59+00:00\",\"description\":\"Discover the QR Code No Pull Dog Harness for easy control and smart pet tracking\u2014security and comfort in one!\",\"breadcrumb\":{\"@id\":\"https:\/\/qqpets.com\/product\/qr-code-no-pull-dog-harness\/#breadcrumb\"},\"inLanguage\":\"lv-LV\",\"potentialAction\":[{\"@type\":\"ReadAction\",\"target\":[\"https:\/\/qqpets.com\/product\/qr-code-no-pull-dog-harness\/\"]}]},{\"@type\":\"ImageObject\",\"inLanguage\":\"lv-LV\",\"@id\":\"https:\/\/qqpets.com\/product\/qr-code-no-pull-dog-harness\/#primaryimage\",\"url\":\"https:\/\/qqpets.com\/wp-content\/uploads\/2024\/09\/QR-Code-No-Pull-Dog-Harness2.webp\",\"contentUrl\":\"https:\/\/qqpets.com\/wp-content\/uploads\/2024\/09\/QR-Code-No-Pull-Dog-Harness2.webp\",\"width\":1000,\"height\":1000},{\"@type\":\"BreadcrumbList\",\"@id\":\"https:\/\/qqpets.com\/product\/qr-code-no-pull-dog-harness\/#breadcrumb\",\"itemListElement\":[{\"@type\":\"ListItem\",\"position\":1,\"name\":\"Home\",\"item\":\"https:\/\/qqpets.com\/\"},{\"@type\":\"ListItem\",\"position\":2,\"name\":\"Products\",\"item\":\"https:\/\/qqpets.com\/pet-products-manufacturer\/\"},{\"@type\":\"ListItem\",\"position\":3,\"name\":\"QR Code No Pull Dog Harness\"}]},{\"@type\":\"WebSite\",\"@id\":\"https:\/\/qqpets.com\/#website\",\"url\":\"https:\/\/qqpets.com\/\",\"name\":\"QQPETS\",\"description\":\"QQPETS is a pet products factory for dog harnesses, dog collars, dog leashes and dog accessories with professional customized service since 2005.\",\"publisher\":{\"@id\":\"https:\/\/qqpets.com\/#organization\"},\"potentialAction\":[{\"@type\":\"SearchAction\",\"target\":{\"@type\":\"EntryPoint\",\"urlTemplate\":\"https:\/\/qqpets.com\/?s={search_term_string}\"},\"query-input\":{\"@type\":\"PropertyValueSpecification\",\"valueRequired\":true,\"valueName\":\"search_term_string\"}}],\"inLanguage\":\"lv-LV\"},{\"@type\":\"Organization\",\"@id\":\"https:\/\/qqpets.com\/#organization\",\"name\":\"QQPETS\",\"url\":\"https:\/\/qqpets.com\/\",\"logo\":{\"@type\":\"ImageObject\",\"inLanguage\":\"lv-LV\",\"@id\":\"https:\/\/qqpets.com\/#\/schema\/logo\/image\/\",\"url\":\"https:\/\/qqpets.com\/wp-content\/uploads\/2023\/09\/cropped-cropped-qqpets-tiktok.jpg\",\"contentUrl\":\"https:\/\/qqpets.com\/wp-content\/uploads\/2023\/09\/cropped-cropped-qqpets-tiktok.jpg\",\"width\":511,\"height\":511,\"caption\":\"QQPETS\"},\"image\":{\"@id\":\"https:\/\/qqpets.com\/#\/schema\/logo\/image\/\"},\"sameAs\":[\"https:\/\/www.facebook.com\/QQpetsdogcollars\",\"https:\/\/www.instagram.com\/qqpetscollar\/\",\"https:\/\/www.pinterest.com\/qqpetsdogcollarsfactory\/\"]}]}<\/script>\n<!-- \/ Yoast SEO plugin. -->","yoast_head_json":{"title":"QR kods Bez vilk\u0161anas su\u0146u siksnas | QQPETS","description":"Atkl\u0101jiet QR koda su\u0146u siksnu bez vilk\u0161anas \u0113rtai kontrolei un viedai m\u0101jdz\u012bvnieka izseko\u0161anai - dro\u0161\u012bba un komforts vien\u0101!","robots":{"index":"index","follow":"follow","max-snippet":"max-snippet:-1","max-image-preview":"max-image-preview:large","max-video-preview":"max-video-preview:-1"},"canonical":"https:\/\/qqpets.com\/lv\/products\/qr-code-no-pull-dog-harness\/","og_locale":"lv_LV","og_type":"article","og_title":"QR Code No Pull Dog Harness | QQPETS","og_description":"Discover the QR Code No Pull Dog Harness for easy control and smart pet tracking\u2014security and comfort in one!","og_url":"https:\/\/qqpets.com\/lv\/products\/qr-code-no-pull-dog-harness\/","og_site_name":"QQPETS","article_publisher":"https:\/\/www.facebook.com\/QQpetsdogcollars","og_image":[{"width":1000,"height":1000,"url":"https:\/\/qqpets.com\/wp-content\/uploads\/2024\/09\/QR-Code-No-Pull-Dog-Harness2.webp","type":"image\/webp"}],"twitter_card":"summary_large_image","twitter_misc":{"Est. reading time":"2 min\u016btes"},"schema":{"@context":"https:\/\/schema.org","@graph":[{"@type":"WebPage","@id":"https:\/\/qqpets.com\/product\/qr-code-no-pull-dog-harness\/","url":"https:\/\/qqpets.com\/product\/qr-code-no-pull-dog-harness\/","name":"QR kods Bez vilk\u0161anas su\u0146u siksnas | QQPETS","isPartOf":{"@id":"https:\/\/qqpets.com\/#website"},"primaryImageOfPage":{"@id":"https:\/\/qqpets.com\/product\/qr-code-no-pull-dog-harness\/#primaryimage"},"image":{"@id":"https:\/\/qqpets.com\/product\/qr-code-no-pull-dog-harness\/#primaryimage"},"thumbnailUrl":"https:\/\/qqpets.com\/wp-content\/uploads\/2024\/09\/QR-Code-No-Pull-Dog-Harness2.webp","datePublished":"2024-09-24T08:03:59+00:00","description":"Atkl\u0101jiet QR koda su\u0146u siksnu bez vilk\u0161anas \u0113rtai kontrolei un viedai m\u0101jdz\u012bvnieka izseko\u0161anai - dro\u0161\u012bba un komforts vien\u0101!","breadcrumb":{"@id":"https:\/\/qqpets.com\/product\/qr-code-no-pull-dog-harness\/#breadcrumb"},"inLanguage":"lv-LV","potentialAction":[{"@type":"ReadAction","target":["https:\/\/qqpets.com\/product\/qr-code-no-pull-dog-harness\/"]}]},{"@type":"ImageObject","inLanguage":"lv-LV","@id":"https:\/\/qqpets.com\/product\/qr-code-no-pull-dog-harness\/#primaryimage","url":"https:\/\/qqpets.com\/wp-content\/uploads\/2024\/09\/QR-Code-No-Pull-Dog-Harness2.webp","contentUrl":"https:\/\/qqpets.com\/wp-content\/uploads\/2024\/09\/QR-Code-No-Pull-Dog-Harness2.webp","width":1000,"height":1000},{"@type":"BreadcrumbList","@id":"https:\/\/qqpets.com\/product\/qr-code-no-pull-dog-harness\/#breadcrumb","itemListElement":[{"@type":"ListItem","position":1,"name":"Home","item":"https:\/\/qqpets.com\/"},{"@type":"ListItem","position":2,"name":"Products","item":"https:\/\/qqpets.com\/pet-products-manufacturer\/"},{"@type":"ListItem","position":3,"name":"QR Code No Pull Dog Harness"}]},{"@type":"WebSite","@id":"https:\/\/qqpets.com\/#website","url":"https:\/\/qqpets.com\/","name":"QQPETS","description":"QQPETS ir lolojumdz\u012bvnieku produktu r\u016bpn\u012bca su\u0146u siksn\u0101m, su\u0146u apkakles, su\u0146u pavadas un su\u0146u aksesu\u0101ri ar profesion\u0101lu piel\u0101gotu pakalpojumu kop\u0161 2005. gada.","publisher":{"@id":"https:\/\/qqpets.com\/#organization"},"potentialAction":[{"@type":"SearchAction","target":{"@type":"EntryPoint","urlTemplate":"https:\/\/qqpets.com\/?s={search_term_string}"},"query-input":{"@type":"PropertyValueSpecification","valueRequired":true,"valueName":"search_term_string"}}],"inLanguage":"lv-LV"},{"@type":"Organization","@id":"https:\/\/qqpets.com\/#organization","name":"QQPETS","url":"https:\/\/qqpets.com\/","logo":{"@type":"ImageObject","inLanguage":"lv-LV","@id":"https:\/\/qqpets.com\/#\/schema\/logo\/image\/","url":"https:\/\/qqpets.com\/wp-content\/uploads\/2023\/09\/cropped-cropped-qqpets-tiktok.jpg","contentUrl":"https:\/\/qqpets.com\/wp-content\/uploads\/2023\/09\/cropped-cropped-qqpets-tiktok.jpg","width":511,"height":511,"caption":"QQPETS"},"image":{"@id":"https:\/\/qqpets.com\/#\/schema\/logo\/image\/"},"sameAs":["https:\/\/www.facebook.com\/QQpetsdogcollars","https:\/\/www.instagram.com\/qqpetscollar\/","https:\/\/www.pinterest.com\/qqpetsdogcollarsfactory\/"]}]}},"_links":{"self":[{"href":"https:\/\/qqpets.com\/lv\/wp-json\/wp\/v2\/product\/8220","targetHints":{"allow":["GET"]}}],"collection":[{"href":"https:\/\/qqpets.com\/lv\/wp-json\/wp\/v2\/product"}],"about":[{"href":"https:\/\/qqpets.com\/lv\/wp-json\/wp\/v2\/types\/product"}],"wp:featuredmedia":[{"embeddable":true,"href":"https:\/\/qqpets.com\/lv\/wp-json\/wp\/v2\/media\/8192"}],"wp:attachment":[{"href":"https:\/\/qqpets.com\/lv\/wp-json\/wp\/v2\/media?parent=8220"}],"wp:term":[{"taxonomy":"product_brand","embeddable":true,"href":"https:\/\/qqpets.com\/lv\/wp-json\/wp\/v2\/product_brand?post=8220"},{"taxonomy":"product_cat","embeddable":true,"href":"https:\/\/qqpets.com\/lv\/wp-json\/wp\/v2\/product_cat?post=8220"},{"taxonomy":"product_tag","embeddable":true,"href":"https:\/\/qqpets.com\/lv\/wp-json\/wp\/v2\/product_tag?post=8220"}],"curies":[{"name":"wp","href":"https:\/\/api.w.org\/{rel}","templated":true}]}}