{"id":8416,"date":"2024-09-30T11:31:44","date_gmt":"2024-09-30T03:31:44","guid":{"rendered":"https:\/\/qqpets.com\/?post_type=product&#038;p=8416"},"modified":"2024-09-30T11:31:44","modified_gmt":"2024-09-30T03:31:44","slug":"dog-leash-car-seat-belt","status":"publish","type":"product","link":"https:\/\/qqpets.com\/lv\/products\/dog-leash-car-seat-belt\/","title":{"rendered":"Su\u0146u pavadas automa\u0161\u012bnas dro\u0161\u012bbas josta"},"content":{"rendered":"<p>Iepaz\u012bstin\u0101m ar su\u0146u pavadas automa\u0161\u012bnas dro\u0161\u012bbas jostu - vislab\u0101ko risin\u0101jumu m\u0101jdz\u012bvnieku dro\u0161\u012bbai brauk\u0161anas laik\u0101. \u0160\u012b \u012bpa\u0161i su\u0146iem paredz\u0113t\u0101 automa\u0161\u012bnas dro\u0161\u012bbas josta nodro\u0161ina, ka j\u016bsu p\u016bkainais draugs ir dro\u0161i piespr\u0101dz\u0113ts brauk\u0161anas laik\u0101, samazinot traumu risku p\u0113k\u0161\u0146as apst\u0101\u0161an\u0101s vai negad\u012bjumu laik\u0101.<\/p>\n<p><strong>Galven\u0101s funkcijas:<\/strong><\/p>\n<ul>\n<li><strong>Univers\u0101ls pielietojums:<\/strong> \u0160\u012b automa\u0161\u012bnas dro\u0161\u012bbas josta ir sader\u012bga ar vairuma transportl\u012bdzek\u013cu dro\u0161\u012bbas jostu sist\u0113m\u0101m, un tai ir univers\u0101la dro\u0161\u012bbas jostas skava, kas dro\u0161i iek\u013caujas dro\u0161\u012bbas jostu fiksatoros.<\/li>\n<li><strong>Regul\u0113jams garums:<\/strong> Viegli noregul\u0113jiet dro\u0161\u012bbas jostas garumu, lai j\u016bsu m\u0101jdz\u012bvnieks var\u0113tu \u0113rti s\u0113d\u0113t, gul\u0113t vai st\u0101v\u0113t automa\u0161\u012bnas s\u0113dekl\u012b.<\/li>\n<li><strong>Augstas kvalit\u0101tes materi\u0101ls:<\/strong> \u0160\u012b siksna ir izgatavota no iztur\u012bga neilona auduma, un t\u0101 ir piem\u0113rota darbam ar akt\u012bviem m\u0101jdz\u012bvniekiem, lai iztur\u0113tu stresu un spriedzi. T\u0101 ir ar\u012b iztur\u012bga pret laikapst\u0101k\u013ciem, t\u0101p\u0113c ir piem\u0113rota jebkuros apst\u0101k\u013cos.<\/li>\n<li><strong>Dro\u0161a piestiprin\u0101\u0161ana:<\/strong> T\u0101 ir apr\u012bkota ar iztur\u012bgu met\u0101la spr\u0101dzi un skavu, kas nodro\u0161ina, ka pavadas stiprin\u0101jums ir dro\u0161i piestiprin\u0101ts j\u016bsu m\u012blu\u013ca siksnai vai apkaklei, nodro\u0161inot sp\u0113c\u012bgu un uzticamu kontroli transportl\u012bdzekl\u012b.<\/li>\n<li><strong>Viegli lietojams un daudzpus\u012bgs:<\/strong> \u0100tri atvienojama un piestiprin\u0101ma, t\u0101 kalpo ar\u012b k\u0101 parasta pastaigu pavadi\u0146a, t\u0101p\u0113c ir ide\u0101li piem\u0113rota ce\u013co\u0161anai.<\/li>\n<\/ul>\n<p>Su\u0146a pavadas automa\u0161\u012bnas dro\u0161\u012bbas josta ir izstr\u0101d\u0101ta ne tikai dro\u0161\u012bbai, bet ar\u012b j\u016bsu m\u012blu\u013ca komfortam. Neatkar\u012bgi no t\u0101, vai dodaties \u012bs\u0101 braucien\u0101 uz parku vai gar\u0101 ce\u013cojum\u0101, \u0161\u012b dro\u0161\u012bbas josta padar\u012bs ce\u013co\u0161anu kop\u0101 ar j\u016bsu m\u012bluli vieglu, dro\u0161u un \u0113rtu. Apr\u012bkojiet savu automa\u0161\u012bnu ar \u0161o b\u016btisko m\u0101jdz\u012bvnieku ce\u013co\u0161anas piederumu un izbaudiet mier\u012bgus un dro\u0161us ce\u013cojumus kop\u0101 ar savu lab\u0101ko draugu.<\/p>\n<h5><strong>Vai su\u0146u dro\u0161\u012bbas jostas patie\u0161\u0101m darbojas?<\/strong><\/h5>\n<p>J\u0101, su\u0146u dro\u0161\u012bbas jostas var efekt\u012bvi samazin\u0101t su\u0146a traumu risku autoav\u0101rijas vai p\u0113k\u0161\u0146as apst\u0101\u0161an\u0101s laik\u0101, jo suns ir piespr\u0101dz\u0113ts un ierobe\u017eo t\u0101 kust\u012bbu transportl\u012bdzekl\u012b.<\/p>\n<h5><strong>Vai su\u0146iem ir j\u0101lieto dro\u0161\u012bbas jostas?<\/strong><\/h5>\n<p>Lai gan ne visur tas ir oblig\u0101ti, su\u0146iem ir \u013coti ieteicams lietot dro\u0161\u012bbas jostas, ja vi\u0146i ce\u013co automa\u0161\u012bn\u0101, lai nodro\u0161in\u0101tu savu un pasa\u017eieru dro\u0161\u012bbu. Da\u017eos re\u0123ionos ir sp\u0113k\u0101 likumi, kas nosaka, ka m\u0101jdz\u012bvniekiem, atrodoties transportl\u012bdzekl\u012b, j\u0101b\u016bt piespr\u0101dz\u0113tiem.<\/p>\n<h5><strong>K\u0101da ir lab\u0101k\u0101 automa\u0161\u012bnas dro\u0161\u012bbas josta su\u0146iem?<\/strong><\/h5>\n<p>Lab\u0101k\u0101 automa\u0161\u012bnas dro\u0161\u012bbas josta su\u0146iem ir t\u0101, kas ir p\u0101rbaud\u012bta trieciena testos un sertific\u0113ta atz\u012bt\u0101 organiz\u0101cij\u0101. Mekl\u0113jiet regul\u0113jamas, iztur\u012bgas dro\u0161\u012bbas jostas, kuras var piestiprin\u0101t su\u0146a siksnai (nevis apkaklei) un dro\u0161i nostiprin\u0101t transportl\u012bdzek\u013ca dro\u0161\u012bbas jostu sist\u0113m\u0101.<\/p>\n<h5><strong>K\u0101 lietot automa\u0161\u012bnas dro\u0161\u012bbas jostu sunim?<\/strong><\/h5>\n<p>Piestipriniet dro\u0161\u012bbas jostas klipsi su\u0146a siksnai (nekad pie apkakles, jo past\u0101v kakla traumu risks). P\u0113c tam piespr\u0101dz\u0113jiet dro\u0161\u012bbas jostu automa\u0161\u012bnas dro\u0161\u012bbas jostu sist\u0113m\u0101. P\u0101rliecinieties, ka dro\u0161\u012bbas josta ir pietiekami cie\u0161i piegu\u013co\u0161a, lai nov\u0113rstu p\u0101rm\u0113r\u012bgu kust\u012bbu, bet lai suns var\u0113tu \u0113rti s\u0113d\u0113t vai gul\u0113t. Piel\u0101gojiet p\u0113c vajadz\u012bbas, lai dro\u0161\u012bbas josta b\u016btu piem\u0113rota un \u0113rta.<\/p>","protected":false},"excerpt":{"rendered":"<p>Ce\u013cojiet dro\u0161i kop\u0101 ar savu m\u012bluli, izmantojot m\u016bsu su\u0146u pavadas automa\u0161\u012bnas dro\u0161\u012bbas jostu. \u0160\u012b dro\u0161\u012bbas josta ir izstr\u0101d\u0101ta, lai nodro\u0161in\u0101tu iztur\u012bbu un dro\u0161\u012bbu, un t\u0101 ir dro\u0161i piestiprin\u0101ma pie j\u016bsu transportl\u012bdzek\u013ca dro\u0161\u012bbas jostas skavas. Tai ir regul\u0113jams garums, lai piel\u0101gotos da\u017e\u0101da lieluma su\u0146iem un transportl\u012bdzek\u013ciem, nodro\u0161inot, ka j\u016bsu m\u0101jdz\u012bvnieks dro\u0161i paliek sav\u0101 viet\u0101. Stipr\u0101 skava un spr\u0101dzes sist\u0113ma ne\u013cauj j\u016bsu m\u0101jdz\u012bvniekam izl\u0113kt \u0101r\u0101, padarot katru braucienu bez raiz\u0113m. Ide\u0101li piem\u0113rots visu \u0161\u0137ir\u0146u un izm\u0113ru su\u0146iem.<\/p>","protected":false},"featured_media":8417,"template":"","meta":[],"product_brand":[],"product_cat":[27],"product_tag":[],"class_list":{"0":"post-8416","1":"product","2":"type-product","3":"status-publish","4":"has-post-thumbnail","6":"product_cat-dog-leash","7":"pa_brand-qqpets","9":"first","10":"instock","11":"shipping-taxable","12":"product-type-simple"},"yoast_head":"<!-- This site is optimized with the Yoast SEO plugin v26.6 - https:\/\/yoast.com\/wordpress\/plugins\/seo\/ -->\n<title>Dog Leash Car Seat Belt | QQPETS<\/title>\n<meta name=\"description\" content=\"Ensure your pet\u2019s safety on the road with our durable Dog Leash Car Seat Belt. Adjustable and secure!\" \/>\n<meta name=\"robots\" content=\"index, follow, max-snippet:-1, max-image-preview:large, max-video-preview:-1\" \/>\n<link rel=\"canonical\" href=\"https:\/\/qqpets.com\/lv\/products\/dog-leash-car-seat-belt\/\" \/>\n<meta property=\"og:locale\" content=\"lv_LV\" \/>\n<meta property=\"og:type\" content=\"article\" \/>\n<meta property=\"og:title\" content=\"Dog Leash Car Seat Belt | QQPETS\" \/>\n<meta property=\"og:description\" content=\"Ensure your pet\u2019s safety on the road with our durable Dog Leash Car Seat Belt. Adjustable and secure!\" \/>\n<meta property=\"og:url\" content=\"https:\/\/qqpets.com\/lv\/products\/dog-leash-car-seat-belt\/\" \/>\n<meta property=\"og:site_name\" content=\"QQPETS\" \/>\n<meta property=\"article:publisher\" content=\"https:\/\/www.facebook.com\/QQpetsdogcollars\" \/>\n<meta property=\"og:image\" content=\"https:\/\/qqpets.com\/wp-content\/uploads\/2024\/09\/Car-Seat-Belt.webp\" \/>\n\t<meta property=\"og:image:width\" content=\"1486\" \/>\n\t<meta property=\"og:image:height\" content=\"1500\" \/>\n\t<meta property=\"og:image:type\" content=\"image\/webp\" \/>\n<meta name=\"twitter:card\" content=\"summary_large_image\" \/>\n<meta name=\"twitter:label1\" content=\"Est. reading time\" \/>\n\t<meta name=\"twitter:data1\" content=\"3 min\u016btes\" \/>\n<script type=\"application\/ld+json\" class=\"yoast-schema-graph\">{\"@context\":\"https:\/\/schema.org\",\"@graph\":[{\"@type\":\"WebPage\",\"@id\":\"https:\/\/qqpets.com\/product\/dog-leash-car-seat-belt\/\",\"url\":\"https:\/\/qqpets.com\/product\/dog-leash-car-seat-belt\/\",\"name\":\"Dog Leash Car Seat Belt | QQPETS\",\"isPartOf\":{\"@id\":\"https:\/\/qqpets.com\/#website\"},\"primaryImageOfPage\":{\"@id\":\"https:\/\/qqpets.com\/product\/dog-leash-car-seat-belt\/#primaryimage\"},\"image\":{\"@id\":\"https:\/\/qqpets.com\/product\/dog-leash-car-seat-belt\/#primaryimage\"},\"thumbnailUrl\":\"https:\/\/qqpets.com\/wp-content\/uploads\/2024\/09\/Car-Seat-Belt.webp\",\"datePublished\":\"2024-09-30T03:31:44+00:00\",\"description\":\"Ensure your pet\u2019s safety on the road with our durable Dog Leash Car Seat Belt. Adjustable and secure!\",\"breadcrumb\":{\"@id\":\"https:\/\/qqpets.com\/product\/dog-leash-car-seat-belt\/#breadcrumb\"},\"inLanguage\":\"lv-LV\",\"potentialAction\":[{\"@type\":\"ReadAction\",\"target\":[\"https:\/\/qqpets.com\/product\/dog-leash-car-seat-belt\/\"]}]},{\"@type\":\"ImageObject\",\"inLanguage\":\"lv-LV\",\"@id\":\"https:\/\/qqpets.com\/product\/dog-leash-car-seat-belt\/#primaryimage\",\"url\":\"https:\/\/qqpets.com\/wp-content\/uploads\/2024\/09\/Car-Seat-Belt.webp\",\"contentUrl\":\"https:\/\/qqpets.com\/wp-content\/uploads\/2024\/09\/Car-Seat-Belt.webp\",\"width\":1486,\"height\":1500},{\"@type\":\"BreadcrumbList\",\"@id\":\"https:\/\/qqpets.com\/product\/dog-leash-car-seat-belt\/#breadcrumb\",\"itemListElement\":[{\"@type\":\"ListItem\",\"position\":1,\"name\":\"Home\",\"item\":\"https:\/\/qqpets.com\/\"},{\"@type\":\"ListItem\",\"position\":2,\"name\":\"Products\",\"item\":\"https:\/\/qqpets.com\/pet-products-manufacturer\/\"},{\"@type\":\"ListItem\",\"position\":3,\"name\":\"Dog Leash Car Seat Belt\"}]},{\"@type\":\"WebSite\",\"@id\":\"https:\/\/qqpets.com\/#website\",\"url\":\"https:\/\/qqpets.com\/\",\"name\":\"QQPETS\",\"description\":\"QQPETS is a pet products factory for dog harnesses, dog collars, dog leashes and dog accessories with professional customized service since 2005.\",\"publisher\":{\"@id\":\"https:\/\/qqpets.com\/#organization\"},\"potentialAction\":[{\"@type\":\"SearchAction\",\"target\":{\"@type\":\"EntryPoint\",\"urlTemplate\":\"https:\/\/qqpets.com\/?s={search_term_string}\"},\"query-input\":{\"@type\":\"PropertyValueSpecification\",\"valueRequired\":true,\"valueName\":\"search_term_string\"}}],\"inLanguage\":\"lv-LV\"},{\"@type\":\"Organization\",\"@id\":\"https:\/\/qqpets.com\/#organization\",\"name\":\"QQPETS\",\"url\":\"https:\/\/qqpets.com\/\",\"logo\":{\"@type\":\"ImageObject\",\"inLanguage\":\"lv-LV\",\"@id\":\"https:\/\/qqpets.com\/#\/schema\/logo\/image\/\",\"url\":\"https:\/\/qqpets.com\/wp-content\/uploads\/2023\/09\/cropped-cropped-qqpets-tiktok.jpg\",\"contentUrl\":\"https:\/\/qqpets.com\/wp-content\/uploads\/2023\/09\/cropped-cropped-qqpets-tiktok.jpg\",\"width\":511,\"height\":511,\"caption\":\"QQPETS\"},\"image\":{\"@id\":\"https:\/\/qqpets.com\/#\/schema\/logo\/image\/\"},\"sameAs\":[\"https:\/\/www.facebook.com\/QQpetsdogcollars\",\"https:\/\/www.instagram.com\/qqpetscollar\/\",\"https:\/\/www.pinterest.com\/qqpetsdogcollarsfactory\/\"]}]}<\/script>\n<!-- \/ Yoast SEO plugin. -->","yoast_head_json":{"title":"Su\u0146u pavadas automa\u0161\u012bnas dro\u0161\u012bbas josta | QQPETS","description":"Nodro\u0161iniet sava m\u012blu\u013ca dro\u0161\u012bbu uz ce\u013ca ar m\u016bsu iztur\u012bgo su\u0146u pavadas automa\u0161\u012bnas dro\u0161\u012bbas jostu. Regul\u0113jama un dro\u0161a!","robots":{"index":"index","follow":"follow","max-snippet":"max-snippet:-1","max-image-preview":"max-image-preview:large","max-video-preview":"max-video-preview:-1"},"canonical":"https:\/\/qqpets.com\/lv\/products\/dog-leash-car-seat-belt\/","og_locale":"lv_LV","og_type":"article","og_title":"Dog Leash Car Seat Belt | QQPETS","og_description":"Ensure your pet\u2019s safety on the road with our durable Dog Leash Car Seat Belt. Adjustable and secure!","og_url":"https:\/\/qqpets.com\/lv\/products\/dog-leash-car-seat-belt\/","og_site_name":"QQPETS","article_publisher":"https:\/\/www.facebook.com\/QQpetsdogcollars","og_image":[{"width":1486,"height":1500,"url":"https:\/\/qqpets.com\/wp-content\/uploads\/2024\/09\/Car-Seat-Belt.webp","type":"image\/webp"}],"twitter_card":"summary_large_image","twitter_misc":{"Est. reading time":"3 min\u016btes"},"schema":{"@context":"https:\/\/schema.org","@graph":[{"@type":"WebPage","@id":"https:\/\/qqpets.com\/product\/dog-leash-car-seat-belt\/","url":"https:\/\/qqpets.com\/product\/dog-leash-car-seat-belt\/","name":"Su\u0146u pavadas automa\u0161\u012bnas dro\u0161\u012bbas josta | QQPETS","isPartOf":{"@id":"https:\/\/qqpets.com\/#website"},"primaryImageOfPage":{"@id":"https:\/\/qqpets.com\/product\/dog-leash-car-seat-belt\/#primaryimage"},"image":{"@id":"https:\/\/qqpets.com\/product\/dog-leash-car-seat-belt\/#primaryimage"},"thumbnailUrl":"https:\/\/qqpets.com\/wp-content\/uploads\/2024\/09\/Car-Seat-Belt.webp","datePublished":"2024-09-30T03:31:44+00:00","description":"Nodro\u0161iniet sava m\u012blu\u013ca dro\u0161\u012bbu uz ce\u013ca ar m\u016bsu iztur\u012bgo su\u0146u pavadas automa\u0161\u012bnas dro\u0161\u012bbas jostu. Regul\u0113jama un dro\u0161a!","breadcrumb":{"@id":"https:\/\/qqpets.com\/product\/dog-leash-car-seat-belt\/#breadcrumb"},"inLanguage":"lv-LV","potentialAction":[{"@type":"ReadAction","target":["https:\/\/qqpets.com\/product\/dog-leash-car-seat-belt\/"]}]},{"@type":"ImageObject","inLanguage":"lv-LV","@id":"https:\/\/qqpets.com\/product\/dog-leash-car-seat-belt\/#primaryimage","url":"https:\/\/qqpets.com\/wp-content\/uploads\/2024\/09\/Car-Seat-Belt.webp","contentUrl":"https:\/\/qqpets.com\/wp-content\/uploads\/2024\/09\/Car-Seat-Belt.webp","width":1486,"height":1500},{"@type":"BreadcrumbList","@id":"https:\/\/qqpets.com\/product\/dog-leash-car-seat-belt\/#breadcrumb","itemListElement":[{"@type":"ListItem","position":1,"name":"Home","item":"https:\/\/qqpets.com\/"},{"@type":"ListItem","position":2,"name":"Products","item":"https:\/\/qqpets.com\/pet-products-manufacturer\/"},{"@type":"ListItem","position":3,"name":"Dog Leash Car Seat Belt"}]},{"@type":"WebSite","@id":"https:\/\/qqpets.com\/#website","url":"https:\/\/qqpets.com\/","name":"QQPETS","description":"QQPETS ir lolojumdz\u012bvnieku produktu r\u016bpn\u012bca su\u0146u siksn\u0101m, su\u0146u apkakles, su\u0146u pavadas un su\u0146u aksesu\u0101ri ar profesion\u0101lu piel\u0101gotu pakalpojumu kop\u0161 2005. gada.","publisher":{"@id":"https:\/\/qqpets.com\/#organization"},"potentialAction":[{"@type":"SearchAction","target":{"@type":"EntryPoint","urlTemplate":"https:\/\/qqpets.com\/?s={search_term_string}"},"query-input":{"@type":"PropertyValueSpecification","valueRequired":true,"valueName":"search_term_string"}}],"inLanguage":"lv-LV"},{"@type":"Organization","@id":"https:\/\/qqpets.com\/#organization","name":"QQPETS","url":"https:\/\/qqpets.com\/","logo":{"@type":"ImageObject","inLanguage":"lv-LV","@id":"https:\/\/qqpets.com\/#\/schema\/logo\/image\/","url":"https:\/\/qqpets.com\/wp-content\/uploads\/2023\/09\/cropped-cropped-qqpets-tiktok.jpg","contentUrl":"https:\/\/qqpets.com\/wp-content\/uploads\/2023\/09\/cropped-cropped-qqpets-tiktok.jpg","width":511,"height":511,"caption":"QQPETS"},"image":{"@id":"https:\/\/qqpets.com\/#\/schema\/logo\/image\/"},"sameAs":["https:\/\/www.facebook.com\/QQpetsdogcollars","https:\/\/www.instagram.com\/qqpetscollar\/","https:\/\/www.pinterest.com\/qqpetsdogcollarsfactory\/"]}]}},"_links":{"self":[{"href":"https:\/\/qqpets.com\/lv\/wp-json\/wp\/v2\/product\/8416","targetHints":{"allow":["GET"]}}],"collection":[{"href":"https:\/\/qqpets.com\/lv\/wp-json\/wp\/v2\/product"}],"about":[{"href":"https:\/\/qqpets.com\/lv\/wp-json\/wp\/v2\/types\/product"}],"wp:featuredmedia":[{"embeddable":true,"href":"https:\/\/qqpets.com\/lv\/wp-json\/wp\/v2\/media\/8417"}],"wp:attachment":[{"href":"https:\/\/qqpets.com\/lv\/wp-json\/wp\/v2\/media?parent=8416"}],"wp:term":[{"taxonomy":"product_brand","embeddable":true,"href":"https:\/\/qqpets.com\/lv\/wp-json\/wp\/v2\/product_brand?post=8416"},{"taxonomy":"product_cat","embeddable":true,"href":"https:\/\/qqpets.com\/lv\/wp-json\/wp\/v2\/product_cat?post=8416"},{"taxonomy":"product_tag","embeddable":true,"href":"https:\/\/qqpets.com\/lv\/wp-json\/wp\/v2\/product_tag?post=8416"}],"curies":[{"name":"wp","href":"https:\/\/api.w.org\/{rel}","templated":true}]}}