{"id":8425,"date":"2024-09-30T12:01:12","date_gmt":"2024-09-30T04:01:12","guid":{"rendered":"https:\/\/qqpets.com\/?post_type=product&#038;p=8425"},"modified":"2024-09-30T12:01:12","modified_gmt":"2024-09-30T04:01:12","slug":"nylon-double-two-dog-leash-coupler","status":"publish","type":"product","link":"https:\/\/qqpets.com\/lv\/products\/nylon-double-two-dog-leash-coupler\/","title":{"rendered":"Neilona dubult\u0101 divu su\u0146u pavadas sakabe"},"content":{"rendered":"<p>Ar neilona dubulto divu su\u0146u pavadi\u0146u savienot\u0101ju varat \u0113rti pastaig\u0101ties ar diviem su\u0146iem vienlaic\u012bgi. \u0160\u012b savienot\u0101ja ir \u012bpa\u0161i izstr\u0101d\u0101ta m\u0101jdz\u012bvnieku \u012bpa\u0161niekiem ar vair\u0101kiem su\u0146iem, un t\u0101 nodro\u0161ina netrauc\u0113tas, kontrol\u0113tas pastaigas bez \u017eongl\u0113\u0161anas ar div\u0101m atsevi\u0161\u0137\u0101m pavad\u0101m.<\/p>\n<p><strong>Galven\u0101s funkcijas:<\/strong><\/p>\n<ul>\n<li><strong>Augstas kvalit\u0101tes neilons:<\/strong> \u0160\u012b no augstas kvalit\u0101tes neilona izgatavot\u0101 siksna ir gan iztur\u012bga, gan viegla, un t\u0101 ir izstr\u0101d\u0101ta t\u0101, lai iztur\u0113tu divu su\u0146u vienlaic\u012bgu tur\u0113\u0161anu.<\/li>\n<li><strong>Regul\u0113jams garums:<\/strong> Katru pavadas pusi var regul\u0113t atsevi\u0161\u0137i, t\u0101d\u0113j\u0101di piel\u0101gojot att\u0101lumu starp j\u016bsu m\u012blu\u013ciem, \u0146emot v\u0113r\u0101 to izm\u0113ru un pastaigu paradumus.<\/li>\n<li><strong>Sp\u0113c\u012bgi groz\u0101mie klip\u0161i:<\/strong> \u0160is savienot\u0101js ir apr\u012bkots ar iztur\u012bg\u0101m rot\u0113jo\u0161\u0101m skav\u0101m, kas dro\u0161i piestiprin\u0101s j\u016bsu su\u0146u kakla siksn\u0101m vai siksni\u0146\u0101m, nodro\u0161inot dro\u0161u savienojumu.<\/li>\n<li><strong>Konstrukcija bez iep\u012b\u0161an\u0101s:<\/strong> Unik\u0101l\u0101 groz\u0101m\u0101 konstrukcija ne\u013cauj pavad\u0101m sap\u012bties pat tad, ja j\u016bsu su\u0146i krustojas, t\u0101d\u0113j\u0101di nodro\u0161inot pastaigas bez stresa.<\/li>\n<li><strong>\u0112rta lieto\u0161ana:<\/strong> Tam ir gluda tekst\u016bra, kas ir \u0113rta j\u016bsu rok\u0101m pat gar\u0101ku pastaigu laik\u0101, nodro\u0161inot maksim\u0101lu komfortu.<\/li>\n<\/ul>\n<p>Neatkar\u012bgi no t\u0101, vai j\u016bs pastaig\u0101jaties pa parku vai p\u0101rvietojaties pa aiz\u0146emt\u0101m ietv\u0113m, Coupler neilona dubult\u0101 divu su\u0146u pavadas su\u0146a pavadas atvieglo pastaigas, dro\u0161i un \u0113rti turot j\u016bsu m\u012blu\u013cus jums blakus. T\u0101 ir ide\u0101li piem\u0113rota visu \u0161\u0137ir\u0146u un izm\u0113ru su\u0146iem, un t\u0101 ir oblig\u0101ts l\u012bdzeklis m\u0101jdz\u012bvnieku \u012bpa\u0161niekiem, kas v\u0113las izbaud\u012bt br\u012bvdabas priekus kop\u0101 ar saviem p\u016bkainajiem \u0123imenes locek\u013ciem.<\/p>\n<p><strong>Vai ir labas dubult\u0101s su\u0146u pavadas?<\/strong><\/p>\n<p>Dubult\u0101s su\u0146u pavadas var b\u016bt noder\u012bgas divu su\u0146u pastaig\u0101m vienlaic\u012bgi, nodro\u0161inot lab\u0101ku kontroli un \u0113rt\u0101ku p\u0101rvieto\u0161anos nek\u0101 ar div\u0101m atsevi\u0161\u0137\u0101m pavad\u0101m. Tom\u0113r t\u0101s vislab\u0101k darbojas, ja su\u0146i ir l\u012bdz\u012bga lieluma un temperamenta.<\/p>\n<p><strong>K\u0101p\u0113c cilv\u0113ki su\u0146iem lieto divas pavadas?<\/strong><\/p>\n<p>Cilv\u0113ki su\u0146iem izmanto divas pavadas, lai lab\u0101k kontrol\u0113tu katru suni atsevi\u0161\u0137i, \u012bpa\u0161i tad, ja su\u0146iem ir at\u0161\u0137ir\u012bgs pastaigu stils vai ja viens suns ir reakt\u012bv\u0101ks par otru. \u0160\u0101ds iestat\u012bjums pal\u012bdz efekt\u012bv\u0101k p\u0101rvald\u012bt katra su\u0146a uzved\u012bbu pastaigu laik\u0101.<\/p>\n<p><strong>Vai var vest divus su\u0146us kop\u0101?<\/strong><\/p>\n<p>J\u0101, j\u016bs varat sasl\u0113gt divus su\u0146us kop\u0101, izmantojot dubulto su\u0146u pavadi\u0146u, kas no viena roktura sadal\u0101s div\u0101s pavad\u0101s, \u013caujot jums ar vienu roku izvest divus su\u0146us. Svar\u012bgi, lai su\u0146i b\u016btu sader\u012bgi p\u0113c izm\u0113ra un pastaigas uzved\u012bbas, lai izvair\u012btos no sasp\u012b\u0161an\u0101s un vilk\u0161anas.<\/p>\n<p><strong>K\u0101 lietot dubulto su\u0146a pavadi\u0146u?<\/strong><\/p>\n<p>Piestipriniet katru pavadas skavu pie katra su\u0146a siksnas vai apkakles. Turiet vienu rokturi un \u013caujiet pavadai vienm\u0113r\u012bgi sadal\u012bties starp abiem su\u0146iem. S\u0101ciet ar \u012bs\u0101m pastaig\u0101m, lai su\u0146i pierastu staig\u0101t kop\u0101, vienlaikus nodro\u0161inot, ka vi\u0146iem ir pietiekami daudz vietas, lai pastaigas b\u016btu \u0113rtas un netrauc\u0113tu viens otram.<\/p>","protected":false},"excerpt":{"rendered":"<p>\u0160is neilona dubult\u0101s su\u0146u pavadas savienot\u0101js ir lieliski piem\u0113rots \u0123imen\u0113m ar vair\u0101kiem m\u0101jdz\u012bvniekiem un \u013cauj efekt\u012bvi pastaig\u0101ties ar diviem su\u0146iem vienlaic\u012bgi. T\u0101 ir izgatavota no augstas iztur\u012bbas neilona, t\u0101p\u0113c ir iztur\u012bga un elast\u012bga, nodro\u0161inot \u0113rtas pastaigas. Regul\u0113jam\u0101s siksnas \u013cauj piel\u0101got garumu katram sunim, nov\u0113r\u0161ot sap\u012b\u0161anos un nodro\u0161inot individu\u0101lu komfortu. T\u0101s iztur\u012bg\u0101s groz\u0101m\u0101s spailes nodro\u0161ina dro\u0161u stiprin\u0101jumu pie su\u0146a kakla siksn\u0101m vai siksni\u0146\u0101m, padarot pastaigas bez sare\u017e\u0123\u012bjumiem.<\/p>","protected":false},"featured_media":8426,"template":"","meta":[],"product_brand":[],"product_cat":[27],"product_tag":[],"class_list":{"0":"post-8425","1":"product","2":"type-product","3":"status-publish","4":"has-post-thumbnail","6":"product_cat-dog-leash","7":"pa_brand-qqpets","9":"first","10":"instock","11":"shipping-taxable","12":"product-type-simple"},"yoast_head":"<!-- This site is optimized with the Yoast SEO plugin v26.6 - https:\/\/yoast.com\/wordpress\/plugins\/seo\/ -->\n<title>Nylon Double Two Dog Leash Coupler | QQPETS<\/title>\n<meta name=\"description\" content=\"Walk two dogs simultaneously with ease using our durable Nylon Double Dog Leash Coupler. Ideal for multiple pet owners!\" \/>\n<meta name=\"robots\" content=\"index, follow, max-snippet:-1, max-image-preview:large, max-video-preview:-1\" \/>\n<link rel=\"canonical\" href=\"https:\/\/qqpets.com\/lv\/products\/nylon-double-two-dog-leash-coupler\/\" \/>\n<meta property=\"og:locale\" content=\"lv_LV\" \/>\n<meta property=\"og:type\" content=\"article\" \/>\n<meta property=\"og:title\" content=\"Nylon Double Two Dog Leash Coupler | QQPETS\" \/>\n<meta property=\"og:description\" content=\"Walk two dogs simultaneously with ease using our durable Nylon Double Dog Leash Coupler. Ideal for multiple pet owners!\" \/>\n<meta property=\"og:url\" content=\"https:\/\/qqpets.com\/lv\/products\/nylon-double-two-dog-leash-coupler\/\" \/>\n<meta property=\"og:site_name\" content=\"QQPETS\" \/>\n<meta property=\"article:publisher\" content=\"https:\/\/www.facebook.com\/QQpetsdogcollars\" \/>\n<meta property=\"og:image\" content=\"https:\/\/qqpets.com\/wp-content\/uploads\/2024\/09\/two-dog-leash1.webp\" \/>\n\t<meta property=\"og:image:width\" content=\"500\" \/>\n\t<meta property=\"og:image:height\" content=\"500\" \/>\n\t<meta property=\"og:image:type\" content=\"image\/webp\" \/>\n<meta name=\"twitter:card\" content=\"summary_large_image\" \/>\n<meta name=\"twitter:label1\" content=\"Est. reading time\" \/>\n\t<meta name=\"twitter:data1\" content=\"3 min\u016btes\" \/>\n<script type=\"application\/ld+json\" class=\"yoast-schema-graph\">{\"@context\":\"https:\/\/schema.org\",\"@graph\":[{\"@type\":\"WebPage\",\"@id\":\"https:\/\/qqpets.com\/product\/nylon-double-two-dog-leash-coupler\/\",\"url\":\"https:\/\/qqpets.com\/product\/nylon-double-two-dog-leash-coupler\/\",\"name\":\"Nylon Double Two Dog Leash Coupler | QQPETS\",\"isPartOf\":{\"@id\":\"https:\/\/qqpets.com\/#website\"},\"primaryImageOfPage\":{\"@id\":\"https:\/\/qqpets.com\/product\/nylon-double-two-dog-leash-coupler\/#primaryimage\"},\"image\":{\"@id\":\"https:\/\/qqpets.com\/product\/nylon-double-two-dog-leash-coupler\/#primaryimage\"},\"thumbnailUrl\":\"https:\/\/qqpets.com\/wp-content\/uploads\/2024\/09\/two-dog-leash1.webp\",\"datePublished\":\"2024-09-30T04:01:12+00:00\",\"description\":\"Walk two dogs simultaneously with ease using our durable Nylon Double Dog Leash Coupler. Ideal for multiple pet owners!\",\"breadcrumb\":{\"@id\":\"https:\/\/qqpets.com\/product\/nylon-double-two-dog-leash-coupler\/#breadcrumb\"},\"inLanguage\":\"lv-LV\",\"potentialAction\":[{\"@type\":\"ReadAction\",\"target\":[\"https:\/\/qqpets.com\/product\/nylon-double-two-dog-leash-coupler\/\"]}]},{\"@type\":\"ImageObject\",\"inLanguage\":\"lv-LV\",\"@id\":\"https:\/\/qqpets.com\/product\/nylon-double-two-dog-leash-coupler\/#primaryimage\",\"url\":\"https:\/\/qqpets.com\/wp-content\/uploads\/2024\/09\/two-dog-leash1.webp\",\"contentUrl\":\"https:\/\/qqpets.com\/wp-content\/uploads\/2024\/09\/two-dog-leash1.webp\",\"width\":500,\"height\":500},{\"@type\":\"BreadcrumbList\",\"@id\":\"https:\/\/qqpets.com\/product\/nylon-double-two-dog-leash-coupler\/#breadcrumb\",\"itemListElement\":[{\"@type\":\"ListItem\",\"position\":1,\"name\":\"Home\",\"item\":\"https:\/\/qqpets.com\/\"},{\"@type\":\"ListItem\",\"position\":2,\"name\":\"Products\",\"item\":\"https:\/\/qqpets.com\/pet-products-manufacturer\/\"},{\"@type\":\"ListItem\",\"position\":3,\"name\":\"Nylon Double Two Dog Leash Coupler\"}]},{\"@type\":\"WebSite\",\"@id\":\"https:\/\/qqpets.com\/#website\",\"url\":\"https:\/\/qqpets.com\/\",\"name\":\"QQPETS\",\"description\":\"QQPETS is a pet products factory for dog harnesses, dog collars, dog leashes and dog accessories with professional customized service since 2005.\",\"publisher\":{\"@id\":\"https:\/\/qqpets.com\/#organization\"},\"potentialAction\":[{\"@type\":\"SearchAction\",\"target\":{\"@type\":\"EntryPoint\",\"urlTemplate\":\"https:\/\/qqpets.com\/?s={search_term_string}\"},\"query-input\":{\"@type\":\"PropertyValueSpecification\",\"valueRequired\":true,\"valueName\":\"search_term_string\"}}],\"inLanguage\":\"lv-LV\"},{\"@type\":\"Organization\",\"@id\":\"https:\/\/qqpets.com\/#organization\",\"name\":\"QQPETS\",\"url\":\"https:\/\/qqpets.com\/\",\"logo\":{\"@type\":\"ImageObject\",\"inLanguage\":\"lv-LV\",\"@id\":\"https:\/\/qqpets.com\/#\/schema\/logo\/image\/\",\"url\":\"https:\/\/qqpets.com\/wp-content\/uploads\/2023\/09\/cropped-cropped-qqpets-tiktok.jpg\",\"contentUrl\":\"https:\/\/qqpets.com\/wp-content\/uploads\/2023\/09\/cropped-cropped-qqpets-tiktok.jpg\",\"width\":511,\"height\":511,\"caption\":\"QQPETS\"},\"image\":{\"@id\":\"https:\/\/qqpets.com\/#\/schema\/logo\/image\/\"},\"sameAs\":[\"https:\/\/www.facebook.com\/QQpetsdogcollars\",\"https:\/\/www.instagram.com\/qqpetscollar\/\",\"https:\/\/www.pinterest.com\/qqpetsdogcollarsfactory\/\"]}]}<\/script>\n<!-- \/ Yoast SEO plugin. -->","yoast_head_json":{"title":"Neilona dubult\u0101 divu su\u0146u pavadas savienot\u0101js | QQPETS","description":"Ar m\u016bsu iztur\u012bgo neilona dubult\u0101s su\u0146u pavadas savienot\u0101ju varat viegli pastaig\u0101ties ar diviem su\u0146iem vienlaic\u012bgi. Ide\u0101li piem\u0113rots vair\u0101ku m\u0101jdz\u012bvnieku \u012bpa\u0161niekiem!","robots":{"index":"index","follow":"follow","max-snippet":"max-snippet:-1","max-image-preview":"max-image-preview:large","max-video-preview":"max-video-preview:-1"},"canonical":"https:\/\/qqpets.com\/lv\/products\/nylon-double-two-dog-leash-coupler\/","og_locale":"lv_LV","og_type":"article","og_title":"Nylon Double Two Dog Leash Coupler | QQPETS","og_description":"Walk two dogs simultaneously with ease using our durable Nylon Double Dog Leash Coupler. Ideal for multiple pet owners!","og_url":"https:\/\/qqpets.com\/lv\/products\/nylon-double-two-dog-leash-coupler\/","og_site_name":"QQPETS","article_publisher":"https:\/\/www.facebook.com\/QQpetsdogcollars","og_image":[{"width":500,"height":500,"url":"https:\/\/qqpets.com\/wp-content\/uploads\/2024\/09\/two-dog-leash1.webp","type":"image\/webp"}],"twitter_card":"summary_large_image","twitter_misc":{"Est. reading time":"3 min\u016btes"},"schema":{"@context":"https:\/\/schema.org","@graph":[{"@type":"WebPage","@id":"https:\/\/qqpets.com\/product\/nylon-double-two-dog-leash-coupler\/","url":"https:\/\/qqpets.com\/product\/nylon-double-two-dog-leash-coupler\/","name":"Neilona dubult\u0101 divu su\u0146u pavadas savienot\u0101js | QQPETS","isPartOf":{"@id":"https:\/\/qqpets.com\/#website"},"primaryImageOfPage":{"@id":"https:\/\/qqpets.com\/product\/nylon-double-two-dog-leash-coupler\/#primaryimage"},"image":{"@id":"https:\/\/qqpets.com\/product\/nylon-double-two-dog-leash-coupler\/#primaryimage"},"thumbnailUrl":"https:\/\/qqpets.com\/wp-content\/uploads\/2024\/09\/two-dog-leash1.webp","datePublished":"2024-09-30T04:01:12+00:00","description":"Ar m\u016bsu iztur\u012bgo neilona dubult\u0101s su\u0146u pavadas savienot\u0101ju varat viegli pastaig\u0101ties ar diviem su\u0146iem vienlaic\u012bgi. Ide\u0101li piem\u0113rots vair\u0101ku m\u0101jdz\u012bvnieku \u012bpa\u0161niekiem!","breadcrumb":{"@id":"https:\/\/qqpets.com\/product\/nylon-double-two-dog-leash-coupler\/#breadcrumb"},"inLanguage":"lv-LV","potentialAction":[{"@type":"ReadAction","target":["https:\/\/qqpets.com\/product\/nylon-double-two-dog-leash-coupler\/"]}]},{"@type":"ImageObject","inLanguage":"lv-LV","@id":"https:\/\/qqpets.com\/product\/nylon-double-two-dog-leash-coupler\/#primaryimage","url":"https:\/\/qqpets.com\/wp-content\/uploads\/2024\/09\/two-dog-leash1.webp","contentUrl":"https:\/\/qqpets.com\/wp-content\/uploads\/2024\/09\/two-dog-leash1.webp","width":500,"height":500},{"@type":"BreadcrumbList","@id":"https:\/\/qqpets.com\/product\/nylon-double-two-dog-leash-coupler\/#breadcrumb","itemListElement":[{"@type":"ListItem","position":1,"name":"Home","item":"https:\/\/qqpets.com\/"},{"@type":"ListItem","position":2,"name":"Products","item":"https:\/\/qqpets.com\/pet-products-manufacturer\/"},{"@type":"ListItem","position":3,"name":"Nylon Double Two Dog Leash Coupler"}]},{"@type":"WebSite","@id":"https:\/\/qqpets.com\/#website","url":"https:\/\/qqpets.com\/","name":"QQPETS","description":"QQPETS ir lolojumdz\u012bvnieku produktu r\u016bpn\u012bca su\u0146u siksn\u0101m, su\u0146u apkakles, su\u0146u pavadas un su\u0146u aksesu\u0101ri ar profesion\u0101lu piel\u0101gotu pakalpojumu kop\u0161 2005. gada.","publisher":{"@id":"https:\/\/qqpets.com\/#organization"},"potentialAction":[{"@type":"SearchAction","target":{"@type":"EntryPoint","urlTemplate":"https:\/\/qqpets.com\/?s={search_term_string}"},"query-input":{"@type":"PropertyValueSpecification","valueRequired":true,"valueName":"search_term_string"}}],"inLanguage":"lv-LV"},{"@type":"Organization","@id":"https:\/\/qqpets.com\/#organization","name":"QQPETS","url":"https:\/\/qqpets.com\/","logo":{"@type":"ImageObject","inLanguage":"lv-LV","@id":"https:\/\/qqpets.com\/#\/schema\/logo\/image\/","url":"https:\/\/qqpets.com\/wp-content\/uploads\/2023\/09\/cropped-cropped-qqpets-tiktok.jpg","contentUrl":"https:\/\/qqpets.com\/wp-content\/uploads\/2023\/09\/cropped-cropped-qqpets-tiktok.jpg","width":511,"height":511,"caption":"QQPETS"},"image":{"@id":"https:\/\/qqpets.com\/#\/schema\/logo\/image\/"},"sameAs":["https:\/\/www.facebook.com\/QQpetsdogcollars","https:\/\/www.instagram.com\/qqpetscollar\/","https:\/\/www.pinterest.com\/qqpetsdogcollarsfactory\/"]}]}},"_links":{"self":[{"href":"https:\/\/qqpets.com\/lv\/wp-json\/wp\/v2\/product\/8425","targetHints":{"allow":["GET"]}}],"collection":[{"href":"https:\/\/qqpets.com\/lv\/wp-json\/wp\/v2\/product"}],"about":[{"href":"https:\/\/qqpets.com\/lv\/wp-json\/wp\/v2\/types\/product"}],"wp:featuredmedia":[{"embeddable":true,"href":"https:\/\/qqpets.com\/lv\/wp-json\/wp\/v2\/media\/8426"}],"wp:attachment":[{"href":"https:\/\/qqpets.com\/lv\/wp-json\/wp\/v2\/media?parent=8425"}],"wp:term":[{"taxonomy":"product_brand","embeddable":true,"href":"https:\/\/qqpets.com\/lv\/wp-json\/wp\/v2\/product_brand?post=8425"},{"taxonomy":"product_cat","embeddable":true,"href":"https:\/\/qqpets.com\/lv\/wp-json\/wp\/v2\/product_cat?post=8425"},{"taxonomy":"product_tag","embeddable":true,"href":"https:\/\/qqpets.com\/lv\/wp-json\/wp\/v2\/product_tag?post=8425"}],"curies":[{"name":"wp","href":"https:\/\/api.w.org\/{rel}","templated":true}]}}