{"id":8430,"date":"2024-09-30T15:30:55","date_gmt":"2024-09-30T07:30:55","guid":{"rendered":"https:\/\/qqpets.com\/?post_type=product&#038;p=8430"},"modified":"2024-09-30T16:21:23","modified_gmt":"2024-09-30T08:21:23","slug":"escape-proof-cat-harness-leash-set","status":"publish","type":"product","link":"https:\/\/qqpets.com\/lv\/products\/escape-proof-cat-harness-leash-set\/","title":{"rendered":"Escape Proof ka\u0137u siksnu pavadas komplekts"},"content":{"rendered":"<p>Nodro\u0161iniet sava ka\u0137a dro\u0161\u012bbu un \u0113rt\u012bbas, kad vi\u0146\u0161 dodas izp\u0113t\u012bt \u0101ra apvidu, izmantojot m\u016bsu Escape Proof Cat Harness pavadas komplektu. \u0160is p\u0101rdom\u0101ti izstr\u0101d\u0101tais siksnu komplekts nodro\u0161ina, ka j\u016bsu piedz\u012bvojumiem bag\u0101tais ka\u0137u m\u012blulis var izbaud\u012bt br\u012bvdabas priekus bez riska aizb\u0113gt.<\/p>\n<p><strong>Galven\u0101s funkcijas:<\/strong><\/p>\n<ul>\n<li><strong>Piel\u0101gota piel\u0101go\u0161ana:<\/strong> Regul\u0113jam\u0101s siksnas nodro\u0161ina stingru un dro\u0161u piegu\u013c\u0161anu, garant\u0113jot, ka siksna paliek uz ka\u0137a pat intens\u012bvas aktivit\u0101tes laik\u0101.<\/li>\n<li><strong>Viegls materi\u0101ls:<\/strong> Izgatavots no elpojo\u0161a, viegla auduma, kas neapgr\u016btin\u0101s j\u016bsu ka\u0137i, t\u0101p\u0113c tas ir ide\u0101li piem\u0113rots ilgsto\u0161ai valk\u0101\u0161anai.<\/li>\n<li><strong>Iztur\u012bga konstrukcija:<\/strong> Augstas kvalit\u0101tes materi\u0101ls ir izgatavots t\u0101, lai kalpotu ilgi un iztur\u0113tu ikdienas lieto\u0161anas nodilumu, saglab\u0101jot formu un funkcionalit\u0101ti.<\/li>\n<li><strong>Dro\u0161\u012bba pirmaj\u0101 viet\u0101:<\/strong> Uzkabei ir dro\u0161a aizdare, kas fiks\u0113 uzkabi viet\u0101, un sp\u0113c\u012bga pavadas skava, kas nodro\u0161ina, ka ka\u0137is dro\u0161i paliek jums blakus.<\/li>\n<li><strong>Stil\u012bgs dizains:<\/strong> Tas ir pieejams pat\u012bkam\u0101 \u016bdens kr\u0101s\u0101 un ne tikai pasarg\u0101 j\u016bsu ka\u0137i, bet ar\u012b lieliski izskat\u0101s, padarot j\u016bsu m\u012bluli par stil\u012bg\u0101ko ka\u0137i blok\u0101.<\/li>\n<li><strong>Liel\u0101ka redzam\u012bba:<\/strong> Spilgta kr\u0101sa uzlabo j\u016bsu ka\u0137a redzam\u012bbu, t\u0101d\u0113j\u0101di atvieglojot t\u0101 nov\u0113ro\u0161anu kr\u0113slas un r\u012btausmas laik\u0101.<\/li>\n<\/ul>\n<p>Escape Proof Cat Harness Leash Set ir b\u016btisks piederums ikvienam ka\u0137u \u012bpa\u0161niekam, kur\u0161 v\u0113las dro\u0161i uzlabot sava m\u012blu\u013ca \u0101ra dz\u012bves apst\u0101k\u013cus. Tas ir lieliski piem\u0113rots pastaig\u0101m, skrie\u0161anai vai vienk\u0101r\u0161i saulainas dienas baud\u012b\u0161anai d\u0101rz\u0101. Apr\u012bkojiet savu ka\u0137i ar \u0161o siksnu un pavadas komplektu un izbaudiet sirdsmieru, zinot, ka ka\u0137is ir dro\u0161\u012bb\u0101 un j\u016btas \u0113rti, lai kur ar\u012b aizvestu piedz\u012bvojums.<\/p>\n<h5><strong>Vai ir siksnas, no kur\u0101m ka\u0137is nevar izk\u013c\u016bt?<\/strong><\/h5>\n<p>Lai gan neviena siksna nav piln\u012bb\u0101 dro\u0161a pret izb\u0113g\u0161anu, siksnas, kas ir cie\u0161i piegu\u013co\u0161as un ar dro\u0161u aizdari, samazina ka\u0137a izb\u0113g\u0161anas iesp\u0113jam\u012bbu.<\/p>\n<h5><strong>K\u0101das ir lab\u0101k\u0101s bezb\u0113g\u0161anas siksnas ka\u0137iem?<\/strong><\/h5>\n<p>Lab\u0101k\u0101s bezb\u0113g\u0161anas siksnas ka\u0137iem parasti ir \"H\" tipa vai vestes tipa siksnas, kas izgatavotas no dro\u0161iem, regul\u0113jamiem materi\u0101liem, kas cie\u0161i piegu\u013c un vienlaikus \u013cauj \u0113rti kust\u0113ties.<\/p>\n<h5><strong>K\u0101 padar\u012bt ka\u0137u siksnu dro\u0161u pret izb\u0113g\u0161anu?<\/strong><\/h5>\n<p>P\u0101rliecinieties, ka siksna ir pareizi piestiprin\u0101ta ka\u0137a \u0137ermenim: tai j\u0101b\u016bt cie\u0161i piegu\u013co\u0161ai, bet ne p\u0101r\u0101k cie\u0161i piegu\u013co\u0161ai, bez iesp\u0113jas ka\u0137im br\u012bvi izloc\u012bties. Regul\u0101ri p\u0101rbaudiet un piel\u0101gojiet stiprin\u0101jumu, jo \u012bpa\u0161i, ja ka\u0137is aug vai main\u0101s vi\u0146a svars.<\/p>\n<h5><strong>Kas padara dro\u0161\u012bbas jostas dro\u0161as pret izb\u0113g\u0161anu?<\/strong><\/h5>\n<p>Pret izb\u0113g\u0161anu dro\u0161\u0101s siksn\u0101s parasti ir regul\u0113jamas siksnas, kas cie\u0161i piegu\u013c \u0137ermenim, dro\u0161as aizdares, kas ne\u013cauj izsl\u012bd\u0113t, un iztur\u012bgi materi\u0101li, kas ir iztur\u012bgi pret vilk\u0161anu un sav\u0113rp\u0161anu.<\/p>","protected":false},"excerpt":{"rendered":"<p>Atkl\u0101jiet perfektu dro\u0161\u012bbas un komforta kombin\u0101ciju ar m\u016bsu Escape Proof Cat siksnu pavadas komplektu, kas ir \u012bpa\u0161i izstr\u0101d\u0101ts ka\u0137iem. \u0160aj\u0101 komplekt\u0101 ietilpst regul\u0113jama siksna, kas cie\u0161i piegu\u013c, lai nepie\u013cautu j\u016bsu ka\u0137a izsl\u012bd\u0113\u0161anu, k\u0101 ar\u012b atbilsto\u0161a pavadi\u0146a dro\u0161iem izp\u0113tes darbiem. Izgatavots no iztur\u012bga, viegla materi\u0101la, tas nodro\u0161ina j\u016bsu ka\u0137a komfortu garu pastaigu laik\u0101. Spilgta kr\u0101sa uzlabo redzam\u012bbu, padarot to gan par praktisku, gan stil\u012bgu izv\u0113li j\u016bsu m\u012blu\u013ca \u0101ra piedz\u012bvojumiem.<\/p>","protected":false},"featured_media":8431,"template":"","meta":[],"product_brand":[],"product_cat":[23],"product_tag":[],"class_list":{"0":"post-8430","1":"product","2":"type-product","3":"status-publish","4":"has-post-thumbnail","6":"product_cat-dog-harness","7":"pa_brand-qqpets","9":"first","10":"instock","11":"shipping-taxable","12":"product-type-simple"},"yoast_head":"<!-- This site is optimized with the Yoast SEO plugin v26.6 - https:\/\/yoast.com\/wordpress\/plugins\/seo\/ -->\n<title>Escape Proof Cat Harness Leash Set | QQPETS<\/title>\n<meta name=\"description\" content=\"Lightweight, secure Escape Proof Cat Harness Leash Set for safe and enjoyable outdoor adventures with your feline.\" \/>\n<meta name=\"robots\" content=\"index, follow, max-snippet:-1, max-image-preview:large, max-video-preview:-1\" \/>\n<link rel=\"canonical\" href=\"https:\/\/qqpets.com\/lv\/products\/escape-proof-cat-harness-leash-set\/\" \/>\n<meta property=\"og:locale\" content=\"lv_LV\" \/>\n<meta property=\"og:type\" content=\"article\" \/>\n<meta property=\"og:title\" content=\"Escape Proof Cat Harness Leash Set | QQPETS\" \/>\n<meta property=\"og:description\" content=\"Lightweight, secure Escape Proof Cat Harness Leash Set for safe and enjoyable outdoor adventures with your feline.\" \/>\n<meta property=\"og:url\" content=\"https:\/\/qqpets.com\/lv\/products\/escape-proof-cat-harness-leash-set\/\" \/>\n<meta property=\"og:site_name\" content=\"QQPETS\" \/>\n<meta property=\"article:publisher\" content=\"https:\/\/www.facebook.com\/QQpetsdogcollars\" \/>\n<meta property=\"article:modified_time\" content=\"2024-09-30T08:21:23+00:00\" \/>\n<meta property=\"og:image\" content=\"https:\/\/qqpets.com\/wp-content\/uploads\/2024\/09\/escape-proof-dog-harness-strap.webp\" \/>\n\t<meta property=\"og:image:width\" content=\"1404\" \/>\n\t<meta property=\"og:image:height\" content=\"1500\" \/>\n\t<meta property=\"og:image:type\" content=\"image\/webp\" \/>\n<meta name=\"twitter:card\" content=\"summary_large_image\" \/>\n<meta name=\"twitter:label1\" content=\"Est. reading time\" \/>\n\t<meta name=\"twitter:data1\" content=\"2 min\u016btes\" \/>\n<script type=\"application\/ld+json\" class=\"yoast-schema-graph\">{\"@context\":\"https:\/\/schema.org\",\"@graph\":[{\"@type\":\"WebPage\",\"@id\":\"https:\/\/qqpets.com\/product\/escape-proof-cat-harness-leash-set\/\",\"url\":\"https:\/\/qqpets.com\/product\/escape-proof-cat-harness-leash-set\/\",\"name\":\"Escape Proof Cat Harness Leash Set | QQPETS\",\"isPartOf\":{\"@id\":\"https:\/\/qqpets.com\/#website\"},\"primaryImageOfPage\":{\"@id\":\"https:\/\/qqpets.com\/product\/escape-proof-cat-harness-leash-set\/#primaryimage\"},\"image\":{\"@id\":\"https:\/\/qqpets.com\/product\/escape-proof-cat-harness-leash-set\/#primaryimage\"},\"thumbnailUrl\":\"https:\/\/qqpets.com\/wp-content\/uploads\/2024\/09\/escape-proof-dog-harness-strap.webp\",\"datePublished\":\"2024-09-30T07:30:55+00:00\",\"dateModified\":\"2024-09-30T08:21:23+00:00\",\"description\":\"Lightweight, secure Escape Proof Cat Harness Leash Set for safe and enjoyable outdoor adventures with your feline.\",\"breadcrumb\":{\"@id\":\"https:\/\/qqpets.com\/product\/escape-proof-cat-harness-leash-set\/#breadcrumb\"},\"inLanguage\":\"lv-LV\",\"potentialAction\":[{\"@type\":\"ReadAction\",\"target\":[\"https:\/\/qqpets.com\/product\/escape-proof-cat-harness-leash-set\/\"]}]},{\"@type\":\"ImageObject\",\"inLanguage\":\"lv-LV\",\"@id\":\"https:\/\/qqpets.com\/product\/escape-proof-cat-harness-leash-set\/#primaryimage\",\"url\":\"https:\/\/qqpets.com\/wp-content\/uploads\/2024\/09\/escape-proof-dog-harness-strap.webp\",\"contentUrl\":\"https:\/\/qqpets.com\/wp-content\/uploads\/2024\/09\/escape-proof-dog-harness-strap.webp\",\"width\":1404,\"height\":1500},{\"@type\":\"BreadcrumbList\",\"@id\":\"https:\/\/qqpets.com\/product\/escape-proof-cat-harness-leash-set\/#breadcrumb\",\"itemListElement\":[{\"@type\":\"ListItem\",\"position\":1,\"name\":\"Home\",\"item\":\"https:\/\/qqpets.com\/\"},{\"@type\":\"ListItem\",\"position\":2,\"name\":\"Products\",\"item\":\"https:\/\/qqpets.com\/pet-products-manufacturer\/\"},{\"@type\":\"ListItem\",\"position\":3,\"name\":\"Escape Proof Cat Harness Leash Set\"}]},{\"@type\":\"WebSite\",\"@id\":\"https:\/\/qqpets.com\/#website\",\"url\":\"https:\/\/qqpets.com\/\",\"name\":\"QQPETS\",\"description\":\"QQPETS is a pet products factory for dog harnesses, dog collars, dog leashes and dog accessories with professional customized service since 2005.\",\"publisher\":{\"@id\":\"https:\/\/qqpets.com\/#organization\"},\"potentialAction\":[{\"@type\":\"SearchAction\",\"target\":{\"@type\":\"EntryPoint\",\"urlTemplate\":\"https:\/\/qqpets.com\/?s={search_term_string}\"},\"query-input\":{\"@type\":\"PropertyValueSpecification\",\"valueRequired\":true,\"valueName\":\"search_term_string\"}}],\"inLanguage\":\"lv-LV\"},{\"@type\":\"Organization\",\"@id\":\"https:\/\/qqpets.com\/#organization\",\"name\":\"QQPETS\",\"url\":\"https:\/\/qqpets.com\/\",\"logo\":{\"@type\":\"ImageObject\",\"inLanguage\":\"lv-LV\",\"@id\":\"https:\/\/qqpets.com\/#\/schema\/logo\/image\/\",\"url\":\"https:\/\/qqpets.com\/wp-content\/uploads\/2023\/09\/cropped-cropped-qqpets-tiktok.jpg\",\"contentUrl\":\"https:\/\/qqpets.com\/wp-content\/uploads\/2023\/09\/cropped-cropped-qqpets-tiktok.jpg\",\"width\":511,\"height\":511,\"caption\":\"QQPETS\"},\"image\":{\"@id\":\"https:\/\/qqpets.com\/#\/schema\/logo\/image\/\"},\"sameAs\":[\"https:\/\/www.facebook.com\/QQpetsdogcollars\",\"https:\/\/www.instagram.com\/qqpetscollar\/\",\"https:\/\/www.pinterest.com\/qqpetsdogcollarsfactory\/\"]}]}<\/script>\n<!-- \/ Yoast SEO plugin. -->","yoast_head_json":{"title":"Escape Proof ka\u0137u siksnu komplekts | QQPETS","description":"Viegls, dro\u0161s, pret izb\u0113g\u0161anu aizsarg\u0101ts ka\u0137u siksnu komplekts dro\u0161iem un pat\u012bkamiem piedz\u012bvojumiem br\u012bv\u0101 dab\u0101 kop\u0101 ar j\u016bsu ka\u0137u m\u012bluli.","robots":{"index":"index","follow":"follow","max-snippet":"max-snippet:-1","max-image-preview":"max-image-preview:large","max-video-preview":"max-video-preview:-1"},"canonical":"https:\/\/qqpets.com\/lv\/products\/escape-proof-cat-harness-leash-set\/","og_locale":"lv_LV","og_type":"article","og_title":"Escape Proof Cat Harness Leash Set | QQPETS","og_description":"Lightweight, secure Escape Proof Cat Harness Leash Set for safe and enjoyable outdoor adventures with your feline.","og_url":"https:\/\/qqpets.com\/lv\/products\/escape-proof-cat-harness-leash-set\/","og_site_name":"QQPETS","article_publisher":"https:\/\/www.facebook.com\/QQpetsdogcollars","article_modified_time":"2024-09-30T08:21:23+00:00","og_image":[{"width":1404,"height":1500,"url":"https:\/\/qqpets.com\/wp-content\/uploads\/2024\/09\/escape-proof-dog-harness-strap.webp","type":"image\/webp"}],"twitter_card":"summary_large_image","twitter_misc":{"Est. reading time":"2 min\u016btes"},"schema":{"@context":"https:\/\/schema.org","@graph":[{"@type":"WebPage","@id":"https:\/\/qqpets.com\/product\/escape-proof-cat-harness-leash-set\/","url":"https:\/\/qqpets.com\/product\/escape-proof-cat-harness-leash-set\/","name":"Escape Proof ka\u0137u siksnu komplekts | QQPETS","isPartOf":{"@id":"https:\/\/qqpets.com\/#website"},"primaryImageOfPage":{"@id":"https:\/\/qqpets.com\/product\/escape-proof-cat-harness-leash-set\/#primaryimage"},"image":{"@id":"https:\/\/qqpets.com\/product\/escape-proof-cat-harness-leash-set\/#primaryimage"},"thumbnailUrl":"https:\/\/qqpets.com\/wp-content\/uploads\/2024\/09\/escape-proof-dog-harness-strap.webp","datePublished":"2024-09-30T07:30:55+00:00","dateModified":"2024-09-30T08:21:23+00:00","description":"Viegls, dro\u0161s, pret izb\u0113g\u0161anu aizsarg\u0101ts ka\u0137u siksnu komplekts dro\u0161iem un pat\u012bkamiem piedz\u012bvojumiem br\u012bv\u0101 dab\u0101 kop\u0101 ar j\u016bsu ka\u0137u m\u012bluli.","breadcrumb":{"@id":"https:\/\/qqpets.com\/product\/escape-proof-cat-harness-leash-set\/#breadcrumb"},"inLanguage":"lv-LV","potentialAction":[{"@type":"ReadAction","target":["https:\/\/qqpets.com\/product\/escape-proof-cat-harness-leash-set\/"]}]},{"@type":"ImageObject","inLanguage":"lv-LV","@id":"https:\/\/qqpets.com\/product\/escape-proof-cat-harness-leash-set\/#primaryimage","url":"https:\/\/qqpets.com\/wp-content\/uploads\/2024\/09\/escape-proof-dog-harness-strap.webp","contentUrl":"https:\/\/qqpets.com\/wp-content\/uploads\/2024\/09\/escape-proof-dog-harness-strap.webp","width":1404,"height":1500},{"@type":"BreadcrumbList","@id":"https:\/\/qqpets.com\/product\/escape-proof-cat-harness-leash-set\/#breadcrumb","itemListElement":[{"@type":"ListItem","position":1,"name":"Home","item":"https:\/\/qqpets.com\/"},{"@type":"ListItem","position":2,"name":"Products","item":"https:\/\/qqpets.com\/pet-products-manufacturer\/"},{"@type":"ListItem","position":3,"name":"Escape Proof Cat Harness Leash Set"}]},{"@type":"WebSite","@id":"https:\/\/qqpets.com\/#website","url":"https:\/\/qqpets.com\/","name":"QQPETS","description":"QQPETS ir lolojumdz\u012bvnieku produktu r\u016bpn\u012bca su\u0146u siksn\u0101m, su\u0146u apkakles, su\u0146u pavadas un su\u0146u aksesu\u0101ri ar profesion\u0101lu piel\u0101gotu pakalpojumu kop\u0161 2005. gada.","publisher":{"@id":"https:\/\/qqpets.com\/#organization"},"potentialAction":[{"@type":"SearchAction","target":{"@type":"EntryPoint","urlTemplate":"https:\/\/qqpets.com\/?s={search_term_string}"},"query-input":{"@type":"PropertyValueSpecification","valueRequired":true,"valueName":"search_term_string"}}],"inLanguage":"lv-LV"},{"@type":"Organization","@id":"https:\/\/qqpets.com\/#organization","name":"QQPETS","url":"https:\/\/qqpets.com\/","logo":{"@type":"ImageObject","inLanguage":"lv-LV","@id":"https:\/\/qqpets.com\/#\/schema\/logo\/image\/","url":"https:\/\/qqpets.com\/wp-content\/uploads\/2023\/09\/cropped-cropped-qqpets-tiktok.jpg","contentUrl":"https:\/\/qqpets.com\/wp-content\/uploads\/2023\/09\/cropped-cropped-qqpets-tiktok.jpg","width":511,"height":511,"caption":"QQPETS"},"image":{"@id":"https:\/\/qqpets.com\/#\/schema\/logo\/image\/"},"sameAs":["https:\/\/www.facebook.com\/QQpetsdogcollars","https:\/\/www.instagram.com\/qqpetscollar\/","https:\/\/www.pinterest.com\/qqpetsdogcollarsfactory\/"]}]}},"_links":{"self":[{"href":"https:\/\/qqpets.com\/lv\/wp-json\/wp\/v2\/product\/8430","targetHints":{"allow":["GET"]}}],"collection":[{"href":"https:\/\/qqpets.com\/lv\/wp-json\/wp\/v2\/product"}],"about":[{"href":"https:\/\/qqpets.com\/lv\/wp-json\/wp\/v2\/types\/product"}],"wp:featuredmedia":[{"embeddable":true,"href":"https:\/\/qqpets.com\/lv\/wp-json\/wp\/v2\/media\/8431"}],"wp:attachment":[{"href":"https:\/\/qqpets.com\/lv\/wp-json\/wp\/v2\/media?parent=8430"}],"wp:term":[{"taxonomy":"product_brand","embeddable":true,"href":"https:\/\/qqpets.com\/lv\/wp-json\/wp\/v2\/product_brand?post=8430"},{"taxonomy":"product_cat","embeddable":true,"href":"https:\/\/qqpets.com\/lv\/wp-json\/wp\/v2\/product_cat?post=8430"},{"taxonomy":"product_tag","embeddable":true,"href":"https:\/\/qqpets.com\/lv\/wp-json\/wp\/v2\/product_tag?post=8430"}],"curies":[{"name":"wp","href":"https:\/\/api.w.org\/{rel}","templated":true}]}}