{"id":8437,"date":"2024-09-30T15:58:12","date_gmt":"2024-09-30T07:58:12","guid":{"rendered":"https:\/\/qqpets.com\/?post_type=product&#038;p=8437"},"modified":"2024-09-30T15:58:12","modified_gmt":"2024-09-30T07:58:12","slug":"easy-walk-canvas-dog-harness","status":"publish","type":"product","link":"https:\/\/qqpets.com\/lv\/products\/easy-walk-canvas-dog-harness\/","title":{"rendered":"Easy Walk audekla siksnas su\u0146iem"},"content":{"rendered":"<p>Iepaz\u012bstin\u0101m ar Easy Walk Canvas su\u0146u siksnu - j\u016bsu risin\u0101jums stil\u012bg\u0101m pastaig\u0101m bez stresa. \u0160\u012b siksna, kas izstr\u0101d\u0101ta, dom\u0101jot gan par komfortu, gan modi, ir ide\u0101li piem\u0113rota gan ikdienas lieto\u0161anai, gan \u012bpa\u0161\u0101m pastaig\u0101m.<\/p>\n<p><strong>Galven\u0101s funkcijas:<\/strong><\/p>\n<ul>\n<li><strong>Materi\u0101lu kvalit\u0101te:<\/strong> \u0160\u012b siksna, kas izgatavota no iztur\u012bga audekla, ir izstr\u0101d\u0101ta t\u0101, lai iztur\u0113tu akt\u012bvu su\u0146u un bie\u017eas lieto\u0161anas gr\u016bt\u012bbas, nodro\u0161inot ilgm\u016b\u017e\u012bbu.<\/li>\n<li><strong>Komforts un dro\u0161\u012bba:<\/strong> Elpojo\u0161\u0101 sieta oder\u0113jums nodro\u0161ina papildu komfortu, samazinot mitruma un karstuma uzkr\u0101\u0161anos, lai j\u016bsu suns vienm\u0113r b\u016btu v\u0113ss un \u0113rts. Ergonomiskais dizains nodro\u0161ina vienm\u0113r\u012bgu spiediena sadal\u012bjumu, lai nov\u0113rstu vilk\u0161anu un aizr\u012b\u0161anos.<\/li>\n<li><strong>Piel\u0101gojam\u012bba:<\/strong> Piln\u012bb\u0101 regul\u0113jamas siksni\u0146as \u013cauj piel\u0101goties jebkura izm\u0113ra su\u0146iem. \u0100tr\u0101s no\u0146em\u0161anas spr\u0101dze atvieglo uzvilk\u0161anu un novelk\u0161anu, nodro\u0161inot \u0113rtu lieto\u0161anu gan dz\u012bvniekam, gan saimniekam.<\/li>\n<li><strong>Stil\u012bgs dizains:<\/strong> Izce\u013cas ar jautru un spilgtu rakstu, kas izce\u013cas. M\u016bsdien\u012bgais dizains un uzman\u012bbu piesaisto\u0161\u0101 kr\u0101sa ne tikai pie\u0161\u0137ir j\u016bsu sunim lielisku izskatu, bet ar\u012b uzlabo redzam\u012bbu vakara vai r\u012bta pastaig\u0101s.<\/li>\n<li><strong>Daudzpus\u012bba:<\/strong> Ide\u0101li piem\u0113rots ikdienas pastaig\u0101m, skrie\u0161anai, treni\u0146iem un jebkurai atp\u016btai br\u012bv\u0101 dab\u0101. Piem\u0113rots gan kuc\u0113niem, gan pieaugu\u0161iem su\u0146iem.<\/li>\n<\/ul>\n<p>Ar Easy Walk Canvas su\u0146u siksnu j\u016bs sniedzat savam sunim br\u012bv\u012bbu \u0113rti un dro\u0161i izp\u0113t\u012bt apk\u0101rtni. T\u0101 augst\u0101k\u0101s kvalit\u0101tes konstrukcija un pievilc\u012bgais dizains padara to par b\u016btisku piederumu ikvienam su\u0146a \u012bpa\u0161niekam, kas v\u0113las apvienot stilu ar funkcionalit\u0101ti.<\/p>","protected":false},"excerpt":{"rendered":"<p>Uzlabojiet sava su\u0146a ikdienas pastaigas ar m\u016bsu Easy Walk audekla su\u0146u siksnu. \u0160\u012b siksna ir izgatavota no augstas kvalit\u0101tes audekla, un tai ir \u0113rts un elpojo\u0161s dizains, kas nov\u0113r\u0161 vilk\u0161anu un nodro\u0161ina \u0113rtas kust\u012bbas. T\u0101s regul\u0113jam\u0101s siksnas un dro\u0161\u0101 spr\u0101dze nodro\u0161ina perfektu piegul\u0113\u0161anu, savuk\u0101rt stil\u012bgais raksts pie\u0161\u0137ir \u0161armu j\u016bsu m\u012blu\u013ca garderobei. \u0160\u012b siksna ir ide\u0101li piem\u0113rota visu \u0161\u0137ir\u0146u su\u0146iem, t\u0101 apvieno funkcionalit\u0101ti un stilu, padarot to par oblig\u0101tu piederumu atbild\u012bgiem un moderniem su\u0146u \u012bpa\u0161niekiem.<\/p>","protected":false},"featured_media":8441,"template":"","meta":[],"product_brand":[],"product_cat":[23],"product_tag":[],"class_list":{"0":"post-8437","1":"product","2":"type-product","3":"status-publish","4":"has-post-thumbnail","6":"product_cat-dog-harness","7":"pa_brand-qqpets","9":"first","10":"instock","11":"shipping-taxable","12":"product-type-simple"},"yoast_head":"<!-- This site is optimized with the Yoast SEO plugin v26.6 - https:\/\/yoast.com\/wordpress\/plugins\/seo\/ -->\n<title>Easy Walk Canvas Dog Harness | QQPETS<\/title>\n<meta name=\"description\" content=\"Stylish Easy Walk Canvas Dog Harness, perfect for daily walks with secure and comfortable fit.\" \/>\n<meta name=\"robots\" content=\"index, follow, max-snippet:-1, max-image-preview:large, max-video-preview:-1\" \/>\n<link rel=\"canonical\" href=\"https:\/\/qqpets.com\/lv\/products\/easy-walk-canvas-dog-harness\/\" \/>\n<meta property=\"og:locale\" content=\"lv_LV\" \/>\n<meta property=\"og:type\" content=\"article\" \/>\n<meta property=\"og:title\" content=\"Easy Walk Canvas Dog Harness | QQPETS\" \/>\n<meta property=\"og:description\" content=\"Stylish Easy Walk Canvas Dog Harness, perfect for daily walks with secure and comfortable fit.\" \/>\n<meta property=\"og:url\" content=\"https:\/\/qqpets.com\/lv\/products\/easy-walk-canvas-dog-harness\/\" \/>\n<meta property=\"og:site_name\" content=\"QQPETS\" \/>\n<meta property=\"article:publisher\" content=\"https:\/\/www.facebook.com\/QQpetsdogcollars\" \/>\n<meta property=\"og:image\" content=\"https:\/\/qqpets.com\/wp-content\/uploads\/2024\/09\/Canvas-dog-harness1.webp\" \/>\n\t<meta property=\"og:image:width\" content=\"800\" \/>\n\t<meta property=\"og:image:height\" content=\"800\" \/>\n\t<meta property=\"og:image:type\" content=\"image\/webp\" \/>\n<meta name=\"twitter:card\" content=\"summary_large_image\" \/>\n<meta name=\"twitter:label1\" content=\"Est. reading time\" \/>\n\t<meta name=\"twitter:data1\" content=\"2 min\u016btes\" \/>\n<script type=\"application\/ld+json\" class=\"yoast-schema-graph\">{\"@context\":\"https:\/\/schema.org\",\"@graph\":[{\"@type\":\"WebPage\",\"@id\":\"https:\/\/qqpets.com\/product\/easy-walk-canvas-dog-harness\/\",\"url\":\"https:\/\/qqpets.com\/product\/easy-walk-canvas-dog-harness\/\",\"name\":\"Easy Walk Canvas Dog Harness | QQPETS\",\"isPartOf\":{\"@id\":\"https:\/\/qqpets.com\/#website\"},\"primaryImageOfPage\":{\"@id\":\"https:\/\/qqpets.com\/product\/easy-walk-canvas-dog-harness\/#primaryimage\"},\"image\":{\"@id\":\"https:\/\/qqpets.com\/product\/easy-walk-canvas-dog-harness\/#primaryimage\"},\"thumbnailUrl\":\"https:\/\/qqpets.com\/wp-content\/uploads\/2024\/09\/Canvas-dog-harness1.webp\",\"datePublished\":\"2024-09-30T07:58:12+00:00\",\"description\":\"Stylish Easy Walk Canvas Dog Harness, perfect for daily walks with secure and comfortable fit.\",\"breadcrumb\":{\"@id\":\"https:\/\/qqpets.com\/product\/easy-walk-canvas-dog-harness\/#breadcrumb\"},\"inLanguage\":\"lv-LV\",\"potentialAction\":[{\"@type\":\"ReadAction\",\"target\":[\"https:\/\/qqpets.com\/product\/easy-walk-canvas-dog-harness\/\"]}]},{\"@type\":\"ImageObject\",\"inLanguage\":\"lv-LV\",\"@id\":\"https:\/\/qqpets.com\/product\/easy-walk-canvas-dog-harness\/#primaryimage\",\"url\":\"https:\/\/qqpets.com\/wp-content\/uploads\/2024\/09\/Canvas-dog-harness1.webp\",\"contentUrl\":\"https:\/\/qqpets.com\/wp-content\/uploads\/2024\/09\/Canvas-dog-harness1.webp\",\"width\":800,\"height\":800},{\"@type\":\"BreadcrumbList\",\"@id\":\"https:\/\/qqpets.com\/product\/easy-walk-canvas-dog-harness\/#breadcrumb\",\"itemListElement\":[{\"@type\":\"ListItem\",\"position\":1,\"name\":\"Home\",\"item\":\"https:\/\/qqpets.com\/\"},{\"@type\":\"ListItem\",\"position\":2,\"name\":\"Products\",\"item\":\"https:\/\/qqpets.com\/pet-products-manufacturer\/\"},{\"@type\":\"ListItem\",\"position\":3,\"name\":\"Easy Walk Canvas Dog Harness\"}]},{\"@type\":\"WebSite\",\"@id\":\"https:\/\/qqpets.com\/#website\",\"url\":\"https:\/\/qqpets.com\/\",\"name\":\"QQPETS\",\"description\":\"QQPETS is a pet products factory for dog harnesses, dog collars, dog leashes and dog accessories with professional customized service since 2005.\",\"publisher\":{\"@id\":\"https:\/\/qqpets.com\/#organization\"},\"potentialAction\":[{\"@type\":\"SearchAction\",\"target\":{\"@type\":\"EntryPoint\",\"urlTemplate\":\"https:\/\/qqpets.com\/?s={search_term_string}\"},\"query-input\":{\"@type\":\"PropertyValueSpecification\",\"valueRequired\":true,\"valueName\":\"search_term_string\"}}],\"inLanguage\":\"lv-LV\"},{\"@type\":\"Organization\",\"@id\":\"https:\/\/qqpets.com\/#organization\",\"name\":\"QQPETS\",\"url\":\"https:\/\/qqpets.com\/\",\"logo\":{\"@type\":\"ImageObject\",\"inLanguage\":\"lv-LV\",\"@id\":\"https:\/\/qqpets.com\/#\/schema\/logo\/image\/\",\"url\":\"https:\/\/qqpets.com\/wp-content\/uploads\/2023\/09\/cropped-cropped-qqpets-tiktok.jpg\",\"contentUrl\":\"https:\/\/qqpets.com\/wp-content\/uploads\/2023\/09\/cropped-cropped-qqpets-tiktok.jpg\",\"width\":511,\"height\":511,\"caption\":\"QQPETS\"},\"image\":{\"@id\":\"https:\/\/qqpets.com\/#\/schema\/logo\/image\/\"},\"sameAs\":[\"https:\/\/www.facebook.com\/QQpetsdogcollars\",\"https:\/\/www.instagram.com\/qqpetscollar\/\",\"https:\/\/www.pinterest.com\/qqpetsdogcollarsfactory\/\"]}]}<\/script>\n<!-- \/ Yoast SEO plugin. -->","yoast_head_json":{"title":"Easy Walk audekla siksnas su\u0146iem | QQPETS","description":"Stil\u012bgas Easy Walk audekla siksnas su\u0146iem, kas ir ide\u0101li piem\u0113rotas ikdienas pastaig\u0101m, dro\u0161i un \u0113rti piegu\u013c.","robots":{"index":"index","follow":"follow","max-snippet":"max-snippet:-1","max-image-preview":"max-image-preview:large","max-video-preview":"max-video-preview:-1"},"canonical":"https:\/\/qqpets.com\/lv\/products\/easy-walk-canvas-dog-harness\/","og_locale":"lv_LV","og_type":"article","og_title":"Easy Walk Canvas Dog Harness | QQPETS","og_description":"Stylish Easy Walk Canvas Dog Harness, perfect for daily walks with secure and comfortable fit.","og_url":"https:\/\/qqpets.com\/lv\/products\/easy-walk-canvas-dog-harness\/","og_site_name":"QQPETS","article_publisher":"https:\/\/www.facebook.com\/QQpetsdogcollars","og_image":[{"width":800,"height":800,"url":"https:\/\/qqpets.com\/wp-content\/uploads\/2024\/09\/Canvas-dog-harness1.webp","type":"image\/webp"}],"twitter_card":"summary_large_image","twitter_misc":{"Est. reading time":"2 min\u016btes"},"schema":{"@context":"https:\/\/schema.org","@graph":[{"@type":"WebPage","@id":"https:\/\/qqpets.com\/product\/easy-walk-canvas-dog-harness\/","url":"https:\/\/qqpets.com\/product\/easy-walk-canvas-dog-harness\/","name":"Easy Walk audekla siksnas su\u0146iem | QQPETS","isPartOf":{"@id":"https:\/\/qqpets.com\/#website"},"primaryImageOfPage":{"@id":"https:\/\/qqpets.com\/product\/easy-walk-canvas-dog-harness\/#primaryimage"},"image":{"@id":"https:\/\/qqpets.com\/product\/easy-walk-canvas-dog-harness\/#primaryimage"},"thumbnailUrl":"https:\/\/qqpets.com\/wp-content\/uploads\/2024\/09\/Canvas-dog-harness1.webp","datePublished":"2024-09-30T07:58:12+00:00","description":"Stil\u012bgas Easy Walk audekla siksnas su\u0146iem, kas ir ide\u0101li piem\u0113rotas ikdienas pastaig\u0101m, dro\u0161i un \u0113rti piegu\u013c.","breadcrumb":{"@id":"https:\/\/qqpets.com\/product\/easy-walk-canvas-dog-harness\/#breadcrumb"},"inLanguage":"lv-LV","potentialAction":[{"@type":"ReadAction","target":["https:\/\/qqpets.com\/product\/easy-walk-canvas-dog-harness\/"]}]},{"@type":"ImageObject","inLanguage":"lv-LV","@id":"https:\/\/qqpets.com\/product\/easy-walk-canvas-dog-harness\/#primaryimage","url":"https:\/\/qqpets.com\/wp-content\/uploads\/2024\/09\/Canvas-dog-harness1.webp","contentUrl":"https:\/\/qqpets.com\/wp-content\/uploads\/2024\/09\/Canvas-dog-harness1.webp","width":800,"height":800},{"@type":"BreadcrumbList","@id":"https:\/\/qqpets.com\/product\/easy-walk-canvas-dog-harness\/#breadcrumb","itemListElement":[{"@type":"ListItem","position":1,"name":"Home","item":"https:\/\/qqpets.com\/"},{"@type":"ListItem","position":2,"name":"Products","item":"https:\/\/qqpets.com\/pet-products-manufacturer\/"},{"@type":"ListItem","position":3,"name":"Easy Walk Canvas Dog Harness"}]},{"@type":"WebSite","@id":"https:\/\/qqpets.com\/#website","url":"https:\/\/qqpets.com\/","name":"QQPETS","description":"QQPETS ir lolojumdz\u012bvnieku produktu r\u016bpn\u012bca su\u0146u siksn\u0101m, su\u0146u apkakles, su\u0146u pavadas un su\u0146u aksesu\u0101ri ar profesion\u0101lu piel\u0101gotu pakalpojumu kop\u0161 2005. gada.","publisher":{"@id":"https:\/\/qqpets.com\/#organization"},"potentialAction":[{"@type":"SearchAction","target":{"@type":"EntryPoint","urlTemplate":"https:\/\/qqpets.com\/?s={search_term_string}"},"query-input":{"@type":"PropertyValueSpecification","valueRequired":true,"valueName":"search_term_string"}}],"inLanguage":"lv-LV"},{"@type":"Organization","@id":"https:\/\/qqpets.com\/#organization","name":"QQPETS","url":"https:\/\/qqpets.com\/","logo":{"@type":"ImageObject","inLanguage":"lv-LV","@id":"https:\/\/qqpets.com\/#\/schema\/logo\/image\/","url":"https:\/\/qqpets.com\/wp-content\/uploads\/2023\/09\/cropped-cropped-qqpets-tiktok.jpg","contentUrl":"https:\/\/qqpets.com\/wp-content\/uploads\/2023\/09\/cropped-cropped-qqpets-tiktok.jpg","width":511,"height":511,"caption":"QQPETS"},"image":{"@id":"https:\/\/qqpets.com\/#\/schema\/logo\/image\/"},"sameAs":["https:\/\/www.facebook.com\/QQpetsdogcollars","https:\/\/www.instagram.com\/qqpetscollar\/","https:\/\/www.pinterest.com\/qqpetsdogcollarsfactory\/"]}]}},"_links":{"self":[{"href":"https:\/\/qqpets.com\/lv\/wp-json\/wp\/v2\/product\/8437","targetHints":{"allow":["GET"]}}],"collection":[{"href":"https:\/\/qqpets.com\/lv\/wp-json\/wp\/v2\/product"}],"about":[{"href":"https:\/\/qqpets.com\/lv\/wp-json\/wp\/v2\/types\/product"}],"wp:featuredmedia":[{"embeddable":true,"href":"https:\/\/qqpets.com\/lv\/wp-json\/wp\/v2\/media\/8441"}],"wp:attachment":[{"href":"https:\/\/qqpets.com\/lv\/wp-json\/wp\/v2\/media?parent=8437"}],"wp:term":[{"taxonomy":"product_brand","embeddable":true,"href":"https:\/\/qqpets.com\/lv\/wp-json\/wp\/v2\/product_brand?post=8437"},{"taxonomy":"product_cat","embeddable":true,"href":"https:\/\/qqpets.com\/lv\/wp-json\/wp\/v2\/product_cat?post=8437"},{"taxonomy":"product_tag","embeddable":true,"href":"https:\/\/qqpets.com\/lv\/wp-json\/wp\/v2\/product_tag?post=8437"}],"curies":[{"name":"wp","href":"https:\/\/api.w.org\/{rel}","templated":true}]}}