{"id":8444,"date":"2024-09-30T16:17:02","date_gmt":"2024-09-30T08:17:02","guid":{"rendered":"https:\/\/qqpets.com\/?post_type=product&#038;p=8444"},"modified":"2024-09-30T16:17:02","modified_gmt":"2024-09-30T08:17:02","slug":"easy-walk-step-in-dog-harness-set","status":"publish","type":"product","link":"https:\/\/qqpets.com\/lv\/products\/easy-walk-step-in-dog-harness-set\/","title":{"rendered":"Easy Walk Step In su\u0146u siksnu komplekts"},"content":{"rendered":"<p>Iepaz\u012bstin\u0101m ar Easy Walk Step In su\u0146u \u010detrk\u0101jaino siksnu komplektu - vislab\u0101ko risin\u0101jumu, lai pastaigas ar j\u016bsu m\u012b\u013coto m\u012bluli b\u016btu bez probl\u0113m\u0101m. \u0160is komplekts ir veidots, dom\u0101jot par m\u016bsdien\u012bgu m\u0101jdz\u012bvnieku \u012bpa\u0161nieku, un tam ir step-in siksnas, kas nov\u0113r\u0161 sare\u017e\u0123\u012bjumus, ko rada tradicion\u0101l\u0101s aug\u0161\u0113j\u0101s siksnas, padarot neticami viegli nostiprin\u0101t suni bez diskomforta.<\/p>\n<p>Siksnas ir izgatavotas no augstas kvalit\u0101tes elpojo\u0161a auduma, kas saglab\u0101 formu un funkciju pat p\u0113c vair\u0101kk\u0101rt\u0113jas lieto\u0161anas. Regul\u0113jam\u0101s siksnas nodro\u0161ina piel\u0101gojam\u012bbu jebkura izm\u0113ra sunim, nodro\u0161inot komfortu un nov\u0113r\u0161ot b\u0113g\u0161anu. Atstarojo\u0161\u0101s \u0161uves uz siksnas un pavadas uzlabo redzam\u012bbu pastaig\u0101s agri no r\u012bta vai v\u0113lu vakar\u0101, nodro\u0161inot papildu dro\u0161\u012bbas l\u012bmeni j\u016bsu m\u012blulim.<\/p>\n<p>Atbilsto\u0161\u0101 pavadas konstrukcija ir iztur\u012bga un apr\u012bkota ar iztur\u012bgu skavu dro\u0161ai piestiprin\u0101\u0161anai, kas nodro\u0161ina kontroli pastaigu laik\u0101, savuk\u0101rt m\u012bkstais rokturis nodro\u0161ina komfortu j\u016bsu rok\u0101m. Easy Walk Step In su\u0146u siksnu komplekts ir ne tikai praktisks, bet ar\u012b stil\u012bgs, jo t\u0101 ko\u0161i roz\u0101 dizains atspogu\u013co jautru un dz\u012bv\u012bgu person\u012bbu.<\/p>\n<p>\u0160is produkts ir lieliska izv\u0113le m\u0101jdz\u012bvnieku \u012bpa\u0161niekiem, kas mekl\u0113 stila, dro\u0161\u012bbas un komforta apvienojumu. Tas ir ide\u0101li piem\u0113rots ikdienas pastaig\u0101m, veterin\u0101r\u0101rsta apmekl\u0113jumiem vai jebk\u0101diem \u0101ra piedz\u012bvojumiem kop\u0101 ar j\u016bsu p\u016bkaino draugu, nodro\u0161inot lielisku izskatu, vienlaikus saglab\u0101jot dro\u0161\u012bbu un komfortu. \u0160is siksnu komplekts ir piem\u0113rots visu \u0161\u0137ir\u0146u un izm\u0113ru su\u0146iem, un tas vienk\u0101r\u0161o apie\u0161anos ar m\u0101jdz\u012bvnieku, padarot to par oblig\u0101tu sast\u0101vda\u013cu j\u016bsu su\u0146a piederumu kolekcij\u0101.<\/p>\n<h5><strong>Vai su\u0146iem ir piem\u0113rotas step-in siksnas?<\/strong><\/h5>\n<p>J\u0101, su\u0146iem ir piem\u0113rotas step-in siksnas, jo t\u0101s parasti ir viegli uzvilkt un no\u0146emt, vienm\u0113r\u012bgi sadala spiedienu uz kr\u016bt\u012bm un pleciem un ret\u0101k izraisa kakla sasprindzin\u0101jumu. T\u0101s ir \u012bpa\u0161i noder\u012bgas maziem un vid\u0113ja lieluma su\u0146iem.<\/p>\n<h5><strong>Vai Easy Walk siksnas ir piem\u0113rotas su\u0146iem?<\/strong><\/h5>\n<p>J\u0101, Easy Walk siksna ir noder\u012bga su\u0146iem, jo \u012bpa\u0161i tiem, kas velk, jo t\u0101 ir apr\u012bkota ar priek\u0161\u0113j\u0101s pavadas stiprin\u0101jumu, kas pal\u012bdz novirz\u012bt su\u0146a vilk\u0161anas sp\u0113ku uz s\u0101niem, nevis uz priek\u0161u, padarot pastaigas viegl\u0101kas un apm\u0101c\u012bbu efekt\u012bv\u0101ku.<\/p>\n<h5><strong>K\u0101 sunim uzlikt siksnu Easy Walk?<\/strong><\/h5>\n<p>Novietojiet siksnu uz zemes, ievelciet su\u0146a k\u0101jas atver\u0113s, p\u0113c tam pavelciet siksnu uz aug\u0161u un aizspiediet spr\u0101dzi aizmugur\u0113. P\u0101rliecinieties, ka kr\u016b\u0161u siksna ir horizont\u0101l\u0101 st\u0101vokl\u012b un atrodas zemu p\u0101ri kr\u016b\u0161u kaulam, nevis kaklam.<\/p>\n<h5><strong>K\u0101 likt sunim iestaip\u012bt \u010detrk\u0101jaino \u010detrk\u0101jaino siksnu?<\/strong><\/h5>\n<p>Novietojiet siksnu uz zemes un ar na\u0161\u0137iem pamudiniet suni ieiet katr\u0101 k\u0101jas atver\u0113. Kad suns iek\u0101pj, uzman\u012bgi pavelciet siksnu uz aug\u0161u un p\u0101r muguru un nostipriniet spr\u0101dzes, daudz slav\u0113jot un dodot na\u0161\u0137us, lai rad\u012btu pozit\u012bvu pieredzi.<\/p>","protected":false},"excerpt":{"rendered":"<p>M\u016bsu Easy Walk Step In su\u0146u siksnu komplekts ir izstr\u0101d\u0101ts, lai nodro\u0161in\u0101tu maksim\u0101lu komfortu un lieto\u0161anas \u0113rtumu. \u0160aj\u0101 \"viss vien\u0101\" komplekt\u0101 ietilpst viegla, soli ieejo\u0161a siksna un atbilsto\u0161a pavadi\u0146a, kas ir ide\u0101li piem\u0113rota ikdienas pastaig\u0101m. Jostai ir dizains bez vilk\u0161anas, kas nov\u0113r\u0161 spriedzi j\u016bsu su\u0146a kakl\u0101, savuk\u0101rt m\u012bkstais, elpojo\u0161ais audums nodro\u0161ina komfortu pat ilgsto\u0161as n\u0113s\u0101\u0161anas laik\u0101. \u0100tr\u0101s spr\u0101dzes atvieglo uzvilk\u0161anu un no\u0146em\u0161anu, nodro\u0161inot, ka katru reizi ir \u0113rti un bez sare\u017e\u0123\u012bjumiem. T\u0101 ir ide\u0101li piem\u0113rota vis\u0101m \u0161\u0137irn\u0113m, apvienojot funkcionalit\u0101ti un stilu, un ir ko\u0161\u0101 roz\u0101 kr\u0101s\u0101, kas nodro\u0161ina, ka j\u016bsu suns izce\u013cas, vienlaikus paliekot dro\u0161\u012bb\u0101.<\/p>","protected":false},"featured_media":8445,"template":"","meta":[],"product_brand":[],"product_cat":[23],"product_tag":[],"class_list":{"0":"post-8444","1":"product","2":"type-product","3":"status-publish","4":"has-post-thumbnail","6":"product_cat-dog-harness","7":"pa_brand-qqpets","9":"first","10":"instock","11":"shipping-taxable","12":"product-type-simple"},"yoast_head":"<!-- This site is optimized with the Yoast SEO plugin v26.6 - https:\/\/yoast.com\/wordpress\/plugins\/seo\/ -->\n<title>Easy Walk Step In Dog Harness Set | QQPETS<\/title>\n<meta name=\"description\" content=\"Enhance your dog&#039;s comfort and safety with our Easy Walk Step In Dog Harness Set, perfect for daily use.\" \/>\n<meta name=\"robots\" content=\"index, follow, max-snippet:-1, max-image-preview:large, max-video-preview:-1\" \/>\n<link rel=\"canonical\" href=\"https:\/\/qqpets.com\/lv\/products\/easy-walk-step-in-dog-harness-set\/\" \/>\n<meta property=\"og:locale\" content=\"lv_LV\" \/>\n<meta property=\"og:type\" content=\"article\" \/>\n<meta property=\"og:title\" content=\"Easy Walk Step In Dog Harness Set | QQPETS\" \/>\n<meta property=\"og:description\" content=\"Enhance your dog&#039;s comfort and safety with our Easy Walk Step In Dog Harness Set, perfect for daily use.\" \/>\n<meta property=\"og:url\" content=\"https:\/\/qqpets.com\/lv\/products\/easy-walk-step-in-dog-harness-set\/\" \/>\n<meta property=\"og:site_name\" content=\"QQPETS\" \/>\n<meta property=\"article:publisher\" content=\"https:\/\/www.facebook.com\/QQpetsdogcollars\" \/>\n<meta property=\"og:image\" content=\"https:\/\/qqpets.com\/wp-content\/uploads\/2024\/09\/step-in-dog-harness-set5.webp\" \/>\n\t<meta property=\"og:image:width\" content=\"800\" \/>\n\t<meta property=\"og:image:height\" content=\"800\" \/>\n\t<meta property=\"og:image:type\" content=\"image\/webp\" \/>\n<meta name=\"twitter:card\" content=\"summary_large_image\" \/>\n<meta name=\"twitter:label1\" content=\"Est. reading time\" \/>\n\t<meta name=\"twitter:data1\" content=\"3 min\u016btes\" \/>\n<script type=\"application\/ld+json\" class=\"yoast-schema-graph\">{\"@context\":\"https:\/\/schema.org\",\"@graph\":[{\"@type\":\"WebPage\",\"@id\":\"https:\/\/qqpets.com\/product\/easy-walk-step-in-dog-harness-set\/\",\"url\":\"https:\/\/qqpets.com\/product\/easy-walk-step-in-dog-harness-set\/\",\"name\":\"Easy Walk Step In Dog Harness Set | QQPETS\",\"isPartOf\":{\"@id\":\"https:\/\/qqpets.com\/#website\"},\"primaryImageOfPage\":{\"@id\":\"https:\/\/qqpets.com\/product\/easy-walk-step-in-dog-harness-set\/#primaryimage\"},\"image\":{\"@id\":\"https:\/\/qqpets.com\/product\/easy-walk-step-in-dog-harness-set\/#primaryimage\"},\"thumbnailUrl\":\"https:\/\/qqpets.com\/wp-content\/uploads\/2024\/09\/step-in-dog-harness-set5.webp\",\"datePublished\":\"2024-09-30T08:17:02+00:00\",\"description\":\"Enhance your dog's comfort and safety with our Easy Walk Step In Dog Harness Set, perfect for daily use.\",\"breadcrumb\":{\"@id\":\"https:\/\/qqpets.com\/product\/easy-walk-step-in-dog-harness-set\/#breadcrumb\"},\"inLanguage\":\"lv-LV\",\"potentialAction\":[{\"@type\":\"ReadAction\",\"target\":[\"https:\/\/qqpets.com\/product\/easy-walk-step-in-dog-harness-set\/\"]}]},{\"@type\":\"ImageObject\",\"inLanguage\":\"lv-LV\",\"@id\":\"https:\/\/qqpets.com\/product\/easy-walk-step-in-dog-harness-set\/#primaryimage\",\"url\":\"https:\/\/qqpets.com\/wp-content\/uploads\/2024\/09\/step-in-dog-harness-set5.webp\",\"contentUrl\":\"https:\/\/qqpets.com\/wp-content\/uploads\/2024\/09\/step-in-dog-harness-set5.webp\",\"width\":800,\"height\":800},{\"@type\":\"BreadcrumbList\",\"@id\":\"https:\/\/qqpets.com\/product\/easy-walk-step-in-dog-harness-set\/#breadcrumb\",\"itemListElement\":[{\"@type\":\"ListItem\",\"position\":1,\"name\":\"Home\",\"item\":\"https:\/\/qqpets.com\/\"},{\"@type\":\"ListItem\",\"position\":2,\"name\":\"Products\",\"item\":\"https:\/\/qqpets.com\/pet-products-manufacturer\/\"},{\"@type\":\"ListItem\",\"position\":3,\"name\":\"Easy Walk Step In Dog Harness Set\"}]},{\"@type\":\"WebSite\",\"@id\":\"https:\/\/qqpets.com\/#website\",\"url\":\"https:\/\/qqpets.com\/\",\"name\":\"QQPETS\",\"description\":\"QQPETS is a pet products factory for dog harnesses, dog collars, dog leashes and dog accessories with professional customized service since 2005.\",\"publisher\":{\"@id\":\"https:\/\/qqpets.com\/#organization\"},\"potentialAction\":[{\"@type\":\"SearchAction\",\"target\":{\"@type\":\"EntryPoint\",\"urlTemplate\":\"https:\/\/qqpets.com\/?s={search_term_string}\"},\"query-input\":{\"@type\":\"PropertyValueSpecification\",\"valueRequired\":true,\"valueName\":\"search_term_string\"}}],\"inLanguage\":\"lv-LV\"},{\"@type\":\"Organization\",\"@id\":\"https:\/\/qqpets.com\/#organization\",\"name\":\"QQPETS\",\"url\":\"https:\/\/qqpets.com\/\",\"logo\":{\"@type\":\"ImageObject\",\"inLanguage\":\"lv-LV\",\"@id\":\"https:\/\/qqpets.com\/#\/schema\/logo\/image\/\",\"url\":\"https:\/\/qqpets.com\/wp-content\/uploads\/2023\/09\/cropped-cropped-qqpets-tiktok.jpg\",\"contentUrl\":\"https:\/\/qqpets.com\/wp-content\/uploads\/2023\/09\/cropped-cropped-qqpets-tiktok.jpg\",\"width\":511,\"height\":511,\"caption\":\"QQPETS\"},\"image\":{\"@id\":\"https:\/\/qqpets.com\/#\/schema\/logo\/image\/\"},\"sameAs\":[\"https:\/\/www.facebook.com\/QQpetsdogcollars\",\"https:\/\/www.instagram.com\/qqpetscollar\/\",\"https:\/\/www.pinterest.com\/qqpetsdogcollarsfactory\/\"]}]}<\/script>\n<!-- \/ Yoast SEO plugin. -->","yoast_head_json":{"title":"Easy Walk Step In su\u0146u siksnu komplekts | QQPETS","description":"Uzlabojiet sava su\u0146a komfortu un dro\u0161\u012bbu ar m\u016bsu Easy Walk Step In su\u0146u siksnu komplektu, kas lieliski piem\u0113rots ikdienas lieto\u0161anai.","robots":{"index":"index","follow":"follow","max-snippet":"max-snippet:-1","max-image-preview":"max-image-preview:large","max-video-preview":"max-video-preview:-1"},"canonical":"https:\/\/qqpets.com\/lv\/products\/easy-walk-step-in-dog-harness-set\/","og_locale":"lv_LV","og_type":"article","og_title":"Easy Walk Step In Dog Harness Set | QQPETS","og_description":"Enhance your dog's comfort and safety with our Easy Walk Step In Dog Harness Set, perfect for daily use.","og_url":"https:\/\/qqpets.com\/lv\/products\/easy-walk-step-in-dog-harness-set\/","og_site_name":"QQPETS","article_publisher":"https:\/\/www.facebook.com\/QQpetsdogcollars","og_image":[{"width":800,"height":800,"url":"https:\/\/qqpets.com\/wp-content\/uploads\/2024\/09\/step-in-dog-harness-set5.webp","type":"image\/webp"}],"twitter_card":"summary_large_image","twitter_misc":{"Est. reading time":"3 min\u016btes"},"schema":{"@context":"https:\/\/schema.org","@graph":[{"@type":"WebPage","@id":"https:\/\/qqpets.com\/product\/easy-walk-step-in-dog-harness-set\/","url":"https:\/\/qqpets.com\/product\/easy-walk-step-in-dog-harness-set\/","name":"Easy Walk Step In su\u0146u siksnu komplekts | QQPETS","isPartOf":{"@id":"https:\/\/qqpets.com\/#website"},"primaryImageOfPage":{"@id":"https:\/\/qqpets.com\/product\/easy-walk-step-in-dog-harness-set\/#primaryimage"},"image":{"@id":"https:\/\/qqpets.com\/product\/easy-walk-step-in-dog-harness-set\/#primaryimage"},"thumbnailUrl":"https:\/\/qqpets.com\/wp-content\/uploads\/2024\/09\/step-in-dog-harness-set5.webp","datePublished":"2024-09-30T08:17:02+00:00","description":"Uzlabojiet sava su\u0146a komfortu un dro\u0161\u012bbu ar m\u016bsu Easy Walk Step In su\u0146u siksnu komplektu, kas lieliski piem\u0113rots ikdienas lieto\u0161anai.","breadcrumb":{"@id":"https:\/\/qqpets.com\/product\/easy-walk-step-in-dog-harness-set\/#breadcrumb"},"inLanguage":"lv-LV","potentialAction":[{"@type":"ReadAction","target":["https:\/\/qqpets.com\/product\/easy-walk-step-in-dog-harness-set\/"]}]},{"@type":"ImageObject","inLanguage":"lv-LV","@id":"https:\/\/qqpets.com\/product\/easy-walk-step-in-dog-harness-set\/#primaryimage","url":"https:\/\/qqpets.com\/wp-content\/uploads\/2024\/09\/step-in-dog-harness-set5.webp","contentUrl":"https:\/\/qqpets.com\/wp-content\/uploads\/2024\/09\/step-in-dog-harness-set5.webp","width":800,"height":800},{"@type":"BreadcrumbList","@id":"https:\/\/qqpets.com\/product\/easy-walk-step-in-dog-harness-set\/#breadcrumb","itemListElement":[{"@type":"ListItem","position":1,"name":"Home","item":"https:\/\/qqpets.com\/"},{"@type":"ListItem","position":2,"name":"Products","item":"https:\/\/qqpets.com\/pet-products-manufacturer\/"},{"@type":"ListItem","position":3,"name":"Easy Walk Step In Dog Harness Set"}]},{"@type":"WebSite","@id":"https:\/\/qqpets.com\/#website","url":"https:\/\/qqpets.com\/","name":"QQPETS","description":"QQPETS ir lolojumdz\u012bvnieku produktu r\u016bpn\u012bca su\u0146u siksn\u0101m, su\u0146u apkakles, su\u0146u pavadas un su\u0146u aksesu\u0101ri ar profesion\u0101lu piel\u0101gotu pakalpojumu kop\u0161 2005. gada.","publisher":{"@id":"https:\/\/qqpets.com\/#organization"},"potentialAction":[{"@type":"SearchAction","target":{"@type":"EntryPoint","urlTemplate":"https:\/\/qqpets.com\/?s={search_term_string}"},"query-input":{"@type":"PropertyValueSpecification","valueRequired":true,"valueName":"search_term_string"}}],"inLanguage":"lv-LV"},{"@type":"Organization","@id":"https:\/\/qqpets.com\/#organization","name":"QQPETS","url":"https:\/\/qqpets.com\/","logo":{"@type":"ImageObject","inLanguage":"lv-LV","@id":"https:\/\/qqpets.com\/#\/schema\/logo\/image\/","url":"https:\/\/qqpets.com\/wp-content\/uploads\/2023\/09\/cropped-cropped-qqpets-tiktok.jpg","contentUrl":"https:\/\/qqpets.com\/wp-content\/uploads\/2023\/09\/cropped-cropped-qqpets-tiktok.jpg","width":511,"height":511,"caption":"QQPETS"},"image":{"@id":"https:\/\/qqpets.com\/#\/schema\/logo\/image\/"},"sameAs":["https:\/\/www.facebook.com\/QQpetsdogcollars","https:\/\/www.instagram.com\/qqpetscollar\/","https:\/\/www.pinterest.com\/qqpetsdogcollarsfactory\/"]}]}},"_links":{"self":[{"href":"https:\/\/qqpets.com\/lv\/wp-json\/wp\/v2\/product\/8444","targetHints":{"allow":["GET"]}}],"collection":[{"href":"https:\/\/qqpets.com\/lv\/wp-json\/wp\/v2\/product"}],"about":[{"href":"https:\/\/qqpets.com\/lv\/wp-json\/wp\/v2\/types\/product"}],"wp:featuredmedia":[{"embeddable":true,"href":"https:\/\/qqpets.com\/lv\/wp-json\/wp\/v2\/media\/8445"}],"wp:attachment":[{"href":"https:\/\/qqpets.com\/lv\/wp-json\/wp\/v2\/media?parent=8444"}],"wp:term":[{"taxonomy":"product_brand","embeddable":true,"href":"https:\/\/qqpets.com\/lv\/wp-json\/wp\/v2\/product_brand?post=8444"},{"taxonomy":"product_cat","embeddable":true,"href":"https:\/\/qqpets.com\/lv\/wp-json\/wp\/v2\/product_cat?post=8444"},{"taxonomy":"product_tag","embeddable":true,"href":"https:\/\/qqpets.com\/lv\/wp-json\/wp\/v2\/product_tag?post=8444"}],"curies":[{"name":"wp","href":"https:\/\/api.w.org\/{rel}","templated":true}]}}