{"id":8450,"date":"2024-09-30T16:45:10","date_gmt":"2024-09-30T08:45:10","guid":{"rendered":"https:\/\/qqpets.com\/?post_type=product&#038;p=8450"},"modified":"2024-09-30T16:46:41","modified_gmt":"2024-09-30T08:46:41","slug":"air-tag-dog-collar-case","status":"publish","type":"product","link":"https:\/\/qqpets.com\/lv\/products\/air-tag-dog-collar-case\/","title":{"rendered":"Air Tag su\u0146u apkakles lieta"},"content":{"rendered":"<p>Atkl\u0101jiet perfektu veidu, k\u0101 saglab\u0101t savu m\u012bluli dro\u0161u un stil\u012bgu, izmantojot m\u016bsu AirTag su\u0146u apkakles futr\u0101lis. \u0160is futr\u0101lis ir \u012bpa\u0161i izstr\u0101d\u0101ts lolojumdz\u012bvnieku \u012bpa\u0161niekiem, kuri v\u0113las izmantot m\u016bsdien\u012bgu izseko\u0161anas tehnolo\u0123iju, neapdraudot stilu vai iztur\u012bbu.<\/p>\n<p><strong>Galven\u0101s funkcijas:<\/strong><\/p>\n<ul>\n<li><strong>Iztur\u012bgs materi\u0101ls:<\/strong> Izgatavots no iztur\u012bga, viegla auduma, \u0161is futr\u0101lis ir gan iztur\u012bgs pret skr\u0101p\u0113jumiem, gan mazg\u0101jams, nodro\u0161inot ilgsto\u0161u lieto\u0161anu un vieglu apkopi.<\/li>\n<li><strong>Visaptvero\u0161a aizsardz\u012bba:<\/strong> Korpuss ir paredz\u0113ts, lai pasarg\u0101tu j\u016bsu AirTag no \u016bdens, putek\u013ciem un skr\u0101p\u0113jumiem, un tas nodro\u0161ina, ka izseko\u0161anas ier\u012bce saglab\u0101jas nevainojam\u0101 st\u0101vokl\u012b, aizsarg\u0101jot j\u016bsu ieguld\u012bjumu un nodro\u0161inot j\u016bsu m\u0101jdz\u012bvnieka atra\u0161an\u0101s vietas noteik\u0161anu jebkur\u0101 vid\u0113.<\/li>\n<li><strong>Modes dizaina risin\u0101jumi:<\/strong> \u0160is apkakles futr\u0101lis ir pieejams pla\u0161\u0101 rakstu un kr\u0101su kl\u0101st\u0101, un tas \u013cauj personaliz\u0113t j\u016bsu m\u012blu\u013ca izskatu. Izv\u0113lieties no rota\u013c\u012bg\u0101m apdruk\u0101m l\u012bdz elegantiem dizainiem, kas nodro\u0161ina, ka j\u016bsu m\u012blulis izce\u013cas, vienlaikus saglab\u0101jot dro\u0161\u012bbu.<\/li>\n<li><strong>Viegli lietojams:<\/strong> Futr\u0101l\u012bti var \u0101tri piestiprin\u0101t pie jebkuras standarta m\u0101jdz\u012bvnieka apkakles (0,5 l\u012bdz 1,2 collas platum\u0101), nodro\u0161inot cie\u0161u un dro\u0161u stiprin\u0101jumu, kas nov\u0113r\u0161 AirTag pazaud\u0113\u0161anu vai boj\u0101jumus akt\u012bvas rota\u013cas vai atp\u016btas laik\u0101.<\/li>\n<li><strong>Daudzpus\u012bba:<\/strong> Lai gan \u0161is futr\u0101lis ir paredz\u0113ts AirTags, t\u0101 elast\u012bgais korpuss ir piem\u0113rots ar\u012b cit\u0101m l\u012bdz\u012bga izm\u0113ra izseko\u0161anas ier\u012bc\u0113m, nodro\u0161inot daudzpus\u012bbu da\u017e\u0101du m\u0101jdz\u012bvnieku \u012bpa\u0161nieku vajadz\u012bb\u0101m.<\/li>\n<\/ul>\n<p>Uzlabojiet sava m\u012blu\u013ca dro\u0161\u012bbu ar m\u016bsu AirTag su\u0146u apkakles futr\u0101l\u012bti. Tas ir ne tikai aksesu\u0101rs, bet ar\u012b nepiecie\u0161am\u012bba m\u016bsdienu m\u0101jdz\u012bvnieku dro\u0161\u012bbai, nodro\u0161inot, ka j\u016bsu m\u012blulis ir dro\u0161s un stil\u012bgs gan m\u0101j\u0101s, gan ce\u013c\u0101. Ide\u0101li piem\u0113rots p\u0101rdom\u0101tiem m\u0101jdz\u012bvnieku \u012bpa\u0161niekiem, \u0161is futr\u0101lis ir lielisks papildin\u0101jums jebkuram m\u0101jdz\u012bvnieku dro\u0161\u012bbas r\u012bku komplektam.<\/p>\n<h5><strong>Vai ir dro\u0161i piestiprin\u0101t AirTag sunim pie apkakles?<\/strong><\/h5>\n<p>J\u0101, AirTag ir dro\u0161i piestiprin\u0101t sunim pie apkakles, ja vien tas ir dro\u0161i piestiprin\u0101ts un suns to nevar sakost. Tas ir \u0113rts veids, k\u0101 izsekot su\u0146a atra\u0161an\u0101s vietai, ja vi\u0146\u0161 apmald\u0101s.<\/p>\n<h5><strong>Vai AirTag darbojas sunim?<\/strong><\/h5>\n<p>J\u0101, AirTag var izmantot sunim, pievienojot to su\u0146a apkaklei. T\u0101 izmanto Bluetooth tehnolo\u0123iju, lai sniegtu atra\u0161an\u0101s vietas atjaunin\u0101jumus j\u016bsu Apple ier\u012bc\u0113m, pal\u012bdzot jums izsekot j\u016bsu m\u012blu\u013ca atra\u0161an\u0101s vietai.<\/p>\n<h5><strong>K\u0101 piestiprin\u0101t AirTag su\u0146a apkaklei?<\/strong><\/h5>\n<p>Piestipriniet AirTag pie su\u0146a kakla siksnas, izmantojot \u012bpa\u0161i AirTag paredz\u0113tus tur\u0113t\u0101jus. \u0160os tur\u0113t\u0101jus var piespraust vai piestiprin\u0101t pie apkakles, nodro\u0161inot, ka AirTag cie\u0161i turas sav\u0101 viet\u0101.<\/p>\n<h5><strong>Vai AirTag ir \u016bdensiztur\u012bgs?<\/strong><\/h5>\n<p>J\u0101, AirTag ir \u016bdensiztur\u012bgs ar IP67 klasifik\u0101ciju, kas noz\u012bm\u0113, ka tas var iztur\u0113t iegremd\u0113\u0161anu \u016bden\u012b l\u012bdz 1 metra dzi\u013cum\u0101 aptuveni 30 min\u016btes, t\u0101d\u0113j\u0101di tas ir piem\u0113rots su\u0146u kakla siksn\u0101m pat mitros apst\u0101k\u013cos.<\/p>","protected":false},"excerpt":{"rendered":"<p>\u0160is AirTag su\u0146u apkakles futr\u0101lis apvieno funkcionalit\u0101ti un stilu, kas \u012bpa\u0161i izstr\u0101d\u0101ts, lai nostiprin\u0101tu AirTag j\u016bsu su\u0146a apkaklei, vienlaikus nodro\u0161inot izcilu aizsardz\u012bbu pret laikapst\u0101k\u013ciem. Tas ir izgatavots no iztur\u012bgiem, mazg\u0101jamiem materi\u0101liem un ir piem\u0113rots ikdienas nodilumam, pasarg\u0101jot AirTag no putek\u013ciem, skr\u0101p\u0113jumiem un \u016bdens. T\u0101s piel\u0101gojamais dizains ir piem\u0113rots liel\u0101kajai da\u013cai kakla siksni\u0146u, un t\u0101 ir da\u017e\u0101du kr\u0101su un rakstu, kas ir ide\u0101li piem\u0113rots, lai j\u016bsu m\u012blu\u013ca ikdienas ap\u0123\u0113rbam pie\u0161\u0137irtu stila akcentu.<\/p>","protected":false},"featured_media":8451,"template":"","meta":[],"product_brand":[],"product_cat":[26],"product_tag":[],"class_list":{"0":"post-8450","1":"product","2":"type-product","3":"status-publish","4":"has-post-thumbnail","6":"product_cat-dog-collar","7":"pa_brand-qqpets","9":"first","10":"instock","11":"shipping-taxable","12":"product-type-simple"},"yoast_head":"<!-- This site is optimized with the Yoast SEO plugin v26.6 - https:\/\/yoast.com\/wordpress\/plugins\/seo\/ -->\n<title>Air Tag Dog Collar Case | QQPETS<\/title>\n<meta name=\"description\" content=\"Secure and stylish AirTag Dog Collar Case, ideal for protecting your pet&#039;s tracker.\" \/>\n<meta name=\"robots\" content=\"index, follow, max-snippet:-1, max-image-preview:large, max-video-preview:-1\" \/>\n<link rel=\"canonical\" href=\"https:\/\/qqpets.com\/lv\/products\/air-tag-dog-collar-case\/\" \/>\n<meta property=\"og:locale\" content=\"lv_LV\" \/>\n<meta property=\"og:type\" content=\"article\" \/>\n<meta property=\"og:title\" content=\"Air Tag Dog Collar Case | QQPETS\" \/>\n<meta property=\"og:description\" content=\"Secure and stylish AirTag Dog Collar Case, ideal for protecting your pet&#039;s tracker.\" \/>\n<meta property=\"og:url\" content=\"https:\/\/qqpets.com\/lv\/products\/air-tag-dog-collar-case\/\" \/>\n<meta property=\"og:site_name\" content=\"QQPETS\" \/>\n<meta property=\"article:publisher\" content=\"https:\/\/www.facebook.com\/QQpetsdogcollars\" \/>\n<meta property=\"article:modified_time\" content=\"2024-09-30T08:46:41+00:00\" \/>\n<meta property=\"og:image\" content=\"https:\/\/qqpets.com\/wp-content\/uploads\/2024\/09\/airtag-dog-collar1.webp\" \/>\n\t<meta property=\"og:image:width\" content=\"800\" \/>\n\t<meta property=\"og:image:height\" content=\"800\" \/>\n\t<meta property=\"og:image:type\" content=\"image\/webp\" \/>\n<meta name=\"twitter:card\" content=\"summary_large_image\" \/>\n<meta name=\"twitter:label1\" content=\"Est. reading time\" \/>\n\t<meta name=\"twitter:data1\" content=\"3 min\u016btes\" \/>\n<script type=\"application\/ld+json\" class=\"yoast-schema-graph\">{\"@context\":\"https:\/\/schema.org\",\"@graph\":[{\"@type\":\"WebPage\",\"@id\":\"https:\/\/qqpets.com\/product\/air-tag-dog-collar-case\/\",\"url\":\"https:\/\/qqpets.com\/product\/air-tag-dog-collar-case\/\",\"name\":\"Air Tag Dog Collar Case | QQPETS\",\"isPartOf\":{\"@id\":\"https:\/\/qqpets.com\/#website\"},\"primaryImageOfPage\":{\"@id\":\"https:\/\/qqpets.com\/product\/air-tag-dog-collar-case\/#primaryimage\"},\"image\":{\"@id\":\"https:\/\/qqpets.com\/product\/air-tag-dog-collar-case\/#primaryimage\"},\"thumbnailUrl\":\"https:\/\/qqpets.com\/wp-content\/uploads\/2024\/09\/airtag-dog-collar1.webp\",\"datePublished\":\"2024-09-30T08:45:10+00:00\",\"dateModified\":\"2024-09-30T08:46:41+00:00\",\"description\":\"Secure and stylish AirTag Dog Collar Case, ideal for protecting your pet's tracker.\",\"breadcrumb\":{\"@id\":\"https:\/\/qqpets.com\/product\/air-tag-dog-collar-case\/#breadcrumb\"},\"inLanguage\":\"lv-LV\",\"potentialAction\":[{\"@type\":\"ReadAction\",\"target\":[\"https:\/\/qqpets.com\/product\/air-tag-dog-collar-case\/\"]}]},{\"@type\":\"ImageObject\",\"inLanguage\":\"lv-LV\",\"@id\":\"https:\/\/qqpets.com\/product\/air-tag-dog-collar-case\/#primaryimage\",\"url\":\"https:\/\/qqpets.com\/wp-content\/uploads\/2024\/09\/airtag-dog-collar1.webp\",\"contentUrl\":\"https:\/\/qqpets.com\/wp-content\/uploads\/2024\/09\/airtag-dog-collar1.webp\",\"width\":800,\"height\":800},{\"@type\":\"BreadcrumbList\",\"@id\":\"https:\/\/qqpets.com\/product\/air-tag-dog-collar-case\/#breadcrumb\",\"itemListElement\":[{\"@type\":\"ListItem\",\"position\":1,\"name\":\"Home\",\"item\":\"https:\/\/qqpets.com\/\"},{\"@type\":\"ListItem\",\"position\":2,\"name\":\"Products\",\"item\":\"https:\/\/qqpets.com\/pet-products-manufacturer\/\"},{\"@type\":\"ListItem\",\"position\":3,\"name\":\"Air Tag Dog Collar Case\"}]},{\"@type\":\"WebSite\",\"@id\":\"https:\/\/qqpets.com\/#website\",\"url\":\"https:\/\/qqpets.com\/\",\"name\":\"QQPETS\",\"description\":\"QQPETS is a pet products factory for dog harnesses, dog collars, dog leashes and dog accessories with professional customized service since 2005.\",\"publisher\":{\"@id\":\"https:\/\/qqpets.com\/#organization\"},\"potentialAction\":[{\"@type\":\"SearchAction\",\"target\":{\"@type\":\"EntryPoint\",\"urlTemplate\":\"https:\/\/qqpets.com\/?s={search_term_string}\"},\"query-input\":{\"@type\":\"PropertyValueSpecification\",\"valueRequired\":true,\"valueName\":\"search_term_string\"}}],\"inLanguage\":\"lv-LV\"},{\"@type\":\"Organization\",\"@id\":\"https:\/\/qqpets.com\/#organization\",\"name\":\"QQPETS\",\"url\":\"https:\/\/qqpets.com\/\",\"logo\":{\"@type\":\"ImageObject\",\"inLanguage\":\"lv-LV\",\"@id\":\"https:\/\/qqpets.com\/#\/schema\/logo\/image\/\",\"url\":\"https:\/\/qqpets.com\/wp-content\/uploads\/2023\/09\/cropped-cropped-qqpets-tiktok.jpg\",\"contentUrl\":\"https:\/\/qqpets.com\/wp-content\/uploads\/2023\/09\/cropped-cropped-qqpets-tiktok.jpg\",\"width\":511,\"height\":511,\"caption\":\"QQPETS\"},\"image\":{\"@id\":\"https:\/\/qqpets.com\/#\/schema\/logo\/image\/\"},\"sameAs\":[\"https:\/\/www.facebook.com\/QQpetsdogcollars\",\"https:\/\/www.instagram.com\/qqpetscollar\/\",\"https:\/\/www.pinterest.com\/qqpetsdogcollarsfactory\/\"]}]}<\/script>\n<!-- \/ Yoast SEO plugin. -->","yoast_head_json":{"title":"Air Tag su\u0146u apkakles lieta | QQPETS","description":"Dro\u0161s un stil\u012bgs AirTag su\u0146u apkakles futr\u0101lis, kas ir ide\u0101li piem\u0113rots j\u016bsu m\u012blu\u013ca izseko\u0161anas ier\u012bces aizsardz\u012bbai.","robots":{"index":"index","follow":"follow","max-snippet":"max-snippet:-1","max-image-preview":"max-image-preview:large","max-video-preview":"max-video-preview:-1"},"canonical":"https:\/\/qqpets.com\/lv\/products\/air-tag-dog-collar-case\/","og_locale":"lv_LV","og_type":"article","og_title":"Air Tag Dog Collar Case | QQPETS","og_description":"Secure and stylish AirTag Dog Collar Case, ideal for protecting your pet's tracker.","og_url":"https:\/\/qqpets.com\/lv\/products\/air-tag-dog-collar-case\/","og_site_name":"QQPETS","article_publisher":"https:\/\/www.facebook.com\/QQpetsdogcollars","article_modified_time":"2024-09-30T08:46:41+00:00","og_image":[{"width":800,"height":800,"url":"https:\/\/qqpets.com\/wp-content\/uploads\/2024\/09\/airtag-dog-collar1.webp","type":"image\/webp"}],"twitter_card":"summary_large_image","twitter_misc":{"Est. reading time":"3 min\u016btes"},"schema":{"@context":"https:\/\/schema.org","@graph":[{"@type":"WebPage","@id":"https:\/\/qqpets.com\/product\/air-tag-dog-collar-case\/","url":"https:\/\/qqpets.com\/product\/air-tag-dog-collar-case\/","name":"Air Tag su\u0146u apkakles lieta | QQPETS","isPartOf":{"@id":"https:\/\/qqpets.com\/#website"},"primaryImageOfPage":{"@id":"https:\/\/qqpets.com\/product\/air-tag-dog-collar-case\/#primaryimage"},"image":{"@id":"https:\/\/qqpets.com\/product\/air-tag-dog-collar-case\/#primaryimage"},"thumbnailUrl":"https:\/\/qqpets.com\/wp-content\/uploads\/2024\/09\/airtag-dog-collar1.webp","datePublished":"2024-09-30T08:45:10+00:00","dateModified":"2024-09-30T08:46:41+00:00","description":"Dro\u0161s un stil\u012bgs AirTag su\u0146u apkakles futr\u0101lis, kas ir ide\u0101li piem\u0113rots j\u016bsu m\u012blu\u013ca izseko\u0161anas ier\u012bces aizsardz\u012bbai.","breadcrumb":{"@id":"https:\/\/qqpets.com\/product\/air-tag-dog-collar-case\/#breadcrumb"},"inLanguage":"lv-LV","potentialAction":[{"@type":"ReadAction","target":["https:\/\/qqpets.com\/product\/air-tag-dog-collar-case\/"]}]},{"@type":"ImageObject","inLanguage":"lv-LV","@id":"https:\/\/qqpets.com\/product\/air-tag-dog-collar-case\/#primaryimage","url":"https:\/\/qqpets.com\/wp-content\/uploads\/2024\/09\/airtag-dog-collar1.webp","contentUrl":"https:\/\/qqpets.com\/wp-content\/uploads\/2024\/09\/airtag-dog-collar1.webp","width":800,"height":800},{"@type":"BreadcrumbList","@id":"https:\/\/qqpets.com\/product\/air-tag-dog-collar-case\/#breadcrumb","itemListElement":[{"@type":"ListItem","position":1,"name":"Home","item":"https:\/\/qqpets.com\/"},{"@type":"ListItem","position":2,"name":"Products","item":"https:\/\/qqpets.com\/pet-products-manufacturer\/"},{"@type":"ListItem","position":3,"name":"Air Tag Dog Collar Case"}]},{"@type":"WebSite","@id":"https:\/\/qqpets.com\/#website","url":"https:\/\/qqpets.com\/","name":"QQPETS","description":"QQPETS ir lolojumdz\u012bvnieku produktu r\u016bpn\u012bca su\u0146u siksn\u0101m, su\u0146u apkakles, su\u0146u pavadas un su\u0146u aksesu\u0101ri ar profesion\u0101lu piel\u0101gotu pakalpojumu kop\u0161 2005. gada.","publisher":{"@id":"https:\/\/qqpets.com\/#organization"},"potentialAction":[{"@type":"SearchAction","target":{"@type":"EntryPoint","urlTemplate":"https:\/\/qqpets.com\/?s={search_term_string}"},"query-input":{"@type":"PropertyValueSpecification","valueRequired":true,"valueName":"search_term_string"}}],"inLanguage":"lv-LV"},{"@type":"Organization","@id":"https:\/\/qqpets.com\/#organization","name":"QQPETS","url":"https:\/\/qqpets.com\/","logo":{"@type":"ImageObject","inLanguage":"lv-LV","@id":"https:\/\/qqpets.com\/#\/schema\/logo\/image\/","url":"https:\/\/qqpets.com\/wp-content\/uploads\/2023\/09\/cropped-cropped-qqpets-tiktok.jpg","contentUrl":"https:\/\/qqpets.com\/wp-content\/uploads\/2023\/09\/cropped-cropped-qqpets-tiktok.jpg","width":511,"height":511,"caption":"QQPETS"},"image":{"@id":"https:\/\/qqpets.com\/#\/schema\/logo\/image\/"},"sameAs":["https:\/\/www.facebook.com\/QQpetsdogcollars","https:\/\/www.instagram.com\/qqpetscollar\/","https:\/\/www.pinterest.com\/qqpetsdogcollarsfactory\/"]}]}},"_links":{"self":[{"href":"https:\/\/qqpets.com\/lv\/wp-json\/wp\/v2\/product\/8450","targetHints":{"allow":["GET"]}}],"collection":[{"href":"https:\/\/qqpets.com\/lv\/wp-json\/wp\/v2\/product"}],"about":[{"href":"https:\/\/qqpets.com\/lv\/wp-json\/wp\/v2\/types\/product"}],"wp:featuredmedia":[{"embeddable":true,"href":"https:\/\/qqpets.com\/lv\/wp-json\/wp\/v2\/media\/8451"}],"wp:attachment":[{"href":"https:\/\/qqpets.com\/lv\/wp-json\/wp\/v2\/media?parent=8450"}],"wp:term":[{"taxonomy":"product_brand","embeddable":true,"href":"https:\/\/qqpets.com\/lv\/wp-json\/wp\/v2\/product_brand?post=8450"},{"taxonomy":"product_cat","embeddable":true,"href":"https:\/\/qqpets.com\/lv\/wp-json\/wp\/v2\/product_cat?post=8450"},{"taxonomy":"product_tag","embeddable":true,"href":"https:\/\/qqpets.com\/lv\/wp-json\/wp\/v2\/product_tag?post=8450"}],"curies":[{"name":"wp","href":"https:\/\/api.w.org\/{rel}","templated":true}]}}