{"id":8457,"date":"2024-09-30T17:26:38","date_gmt":"2024-09-30T09:26:38","guid":{"rendered":"https:\/\/qqpets.com\/?post_type=product&#038;p=8457"},"modified":"2024-09-30T17:26:38","modified_gmt":"2024-09-30T09:26:38","slug":"cat-collar-with-bell","status":"publish","type":"product","link":"https:\/\/qqpets.com\/lv\/products\/cat-collar-with-bell\/","title":{"rendered":"Ka\u0137u apkakle ar zvani\u0146u"},"content":{"rendered":"<p>M\u016bsu ka\u0137u apkakle ar zvani\u0146u ir ide\u0101ls funkcionalit\u0101tes un modes apvienojums. \u0160is apburo\u0161ais aksesu\u0101rs ir izstr\u0101d\u0101ts, lai j\u016bsu m\u012b\u013coto ka\u0137i pasarg\u0101tu dro\u0161\u012bb\u0101 un dro\u0161\u012bb\u0101, vienlaikus pie\u0161\u0137irot eleganci vi\u0146a ikdienas gaumei.<\/p>\n<p><strong>Galven\u0101s funkcijas:<\/strong><\/p>\n<ul>\n<li><strong>\u0112rti valk\u0101t:<\/strong> Izgatavota no augstas kvalit\u0101tes, viegliem materi\u0101liem, m\u016bsu ka\u0137u apkakle ir izstr\u0101d\u0101ta t\u0101, lai nodro\u0161in\u0101tu j\u016bsu ka\u0137a komfortu visas dienas garum\u0101, neradot nek\u0101dus kairin\u0101jumus.<\/li>\n<li><strong>Dro\u0161\u012bbas zvans:<\/strong> \u0160\u012b apkakle ir apr\u012bkota ar burv\u012bgu zvani\u0146u, kas pal\u012bdz jums uzraudz\u012bt j\u016bsu ka\u0137a atra\u0161an\u0101s vietu, raidot maigu zvani\u0146u. \u0160\u012b funkcija ir \u012bpa\u0161i noder\u012bga ka\u0137iem, kuri m\u012bl izkl\u012bst un p\u0113t\u012bt, nodro\u0161inot saimniekiem mieru.<\/li>\n<li><strong>Regul\u0113jams dizains:<\/strong> \u0160\u012b apkakle ir viegli regul\u0113jama, lai piel\u0101gotos da\u017e\u0101diem kakla izm\u0113riem, un t\u0101 var augt kop\u0101 ar j\u016bsu m\u012bluli no ka\u0137\u0113na l\u012bdz pieaugu\u0161ajam. Dro\u0161ais aizdares meh\u0101nisms nodro\u0161ina, ka apkakle paliek sav\u0101 viet\u0101, tom\u0113r to ir viegli no\u0146emt vai piel\u0101got p\u0113c vajadz\u012bbas.<\/li>\n<li><strong>Iztur\u012bgs un mazg\u0101jams:<\/strong> \u0160\u012b apkakle ir izgatavota t\u0101, lai iztur\u0113tu ka\u0137u dz\u012bves gr\u016bt\u012bbas, ir gan iztur\u012bga, gan viegli t\u012br\u0101ma, saglab\u0101jot savu spilgto izskatu neskait\u0101mos piedz\u012bvojumos.<\/li>\n<li><strong>Stil\u012bgas izlases:<\/strong> Pieejami da\u017e\u0101d\u0101s kr\u0101s\u0101s un rakstos, t\u0101p\u0113c varat izv\u0113l\u0113ties ide\u0101lu stilu, kas atbilst j\u016bsu ka\u0137a person\u012bbai, padarot to par stil\u012bg\u0101ko ka\u0137i vis\u0101 kvart\u0101l\u0101.<\/li>\n<\/ul>\n<p>M\u016bsu ka\u0137u apkakle ar zvani\u0146u nav tikai aksesu\u0101rs; t\u0101 ir maza deta\u013ca, kas var iev\u0113rojami uzlabot j\u016bsu ka\u0137a dro\u0161\u012bbu \u0101rpus telp\u0101m. T\u0101 apvieno praktiskumu un stilu, padarot to par b\u016btisku produktu ikvienam ka\u0137a \u012bpa\u0161niekam, kur\u0161 augstu v\u0113rt\u0113 sava m\u012blu\u013ca dro\u0161\u012bbu un komfortu.<\/p>\n<h5><strong>Vai apkakles ar zvani\u0146iem ir piem\u0113rotas ka\u0137iem?<\/strong><\/h5>\n<p>Apkakles ar zvani\u0146iem var b\u016bt noder\u012bgas ka\u0137iem, \u012bpa\u0161i \u0101ra ka\u0137iem, jo zvans pal\u012bdz br\u012bdin\u0101t putnus un citus savva\u013cas dz\u012bvniekus par ka\u0137a kl\u0101tb\u016btni, t\u0101d\u0113j\u0101di potenci\u0101li samazinot veiksm\u012bgas med\u012bbas.<\/p>\n<h5><strong>Ko noz\u012bm\u0113 zvans uz ka\u0137a apkakles?<\/strong><\/h5>\n<p>Zvani\u0146\u0161 uz ka\u0137a apkakles parasti nor\u0101da, ka ka\u0137is ir \u0101ra m\u012blulis. Zvans pal\u012bdz izsekot ka\u0137a kust\u012bb\u0101m un var br\u012bdin\u0101t upurus, piem\u0113ram, putnus un mazus z\u012bd\u012bt\u0101jus, par ka\u0137a tuvo\u0161anos.<\/p>\n<h5><strong>Vai zvans attur\u0113s manu ka\u0137i no med\u012bb\u0101m?<\/strong><\/h5>\n<p>Zvani\u0146\u0161 var piln\u012bb\u0101 neattur\u0113t ka\u0137i no med\u012bb\u0101m, ta\u010du tas var samazin\u0101t ka\u0137a iesp\u0113jas no\u0137ert upuri, jo, ka\u0137im p\u0101rvietojoties, tas ar ska\u0146u br\u012bdina potenci\u0101los m\u0113r\u0137us.<\/p>\n<h5><strong>Vai ka\u0137iem vajadz\u0113tu visu laiku n\u0113s\u0101t apkakles?<\/strong><\/h5>\n<p>Ka\u0137iem, kas dodas \u0101r\u0101, identifik\u0101cijas un dro\u0161\u012bbas apsv\u0113rumu d\u0113\u013c visu laiku j\u0101lieto apkakles. Tom\u0113r, lai izvair\u012btos no traum\u0101m, p\u0101rliecinieties, ka apkakle ir nolai\u017eama un to var viegli no\u0146emt, ja t\u0101 pie\u0137eras pie k\u0101da priek\u0161meta. Ka\u0137iem, kas uzturas telp\u0101s, atkar\u012bb\u0101 no saimnieka v\u0113lm\u0113m un ka\u0137a panes\u012bbas var neb\u016bt nepiecie\u0161ams past\u0101v\u012bgi n\u0113s\u0101t apkakles.<\/p>","protected":false},"excerpt":{"rendered":"<p>Uzlabojiet sava ka\u0137a dro\u0161\u012bbu un stilu ar m\u016bsu ka\u0137u apkakli ar zvani\u0146u. \u0160ai regul\u0113jamajai apkaklei ir dro\u0161a aizdare un spilgts zvans, kas pal\u012bdz jums sekot l\u012bdzi j\u016bsu m\u012blu\u013ca kust\u012bb\u0101m. Izgatavota no m\u012bkstiem, iztur\u012bgiem materi\u0101liem, t\u0101 nodro\u0161ina komfortu un ilgm\u016b\u017e\u012bbu. Zvani\u0146\u0161 pie\u0161\u0137ir savdab\u012bbu un vienlaikus kalpo praktiskam m\u0113r\u0137im - br\u012bdin\u0101t putnus un citus savva\u013cas dz\u012bvniekus, t\u0101p\u0113c t\u0101 ir lieliska izv\u0113le \u0101ra piedz\u012bvojumu mekl\u0113t\u0101jiem vai iek\u0161telpu p\u0113tniekiem.<\/p>","protected":false},"featured_media":8459,"template":"","meta":[],"product_brand":[],"product_cat":[26],"product_tag":[],"class_list":{"0":"post-8457","1":"product","2":"type-product","3":"status-publish","4":"has-post-thumbnail","6":"product_cat-dog-collar","7":"pa_brand-qqpets","9":"first","10":"instock","11":"shipping-taxable","12":"product-type-simple"},"yoast_head":"<!-- This site is optimized with the Yoast SEO plugin v26.6 - https:\/\/yoast.com\/wordpress\/plugins\/seo\/ -->\n<title>Cat Collar With Bell | QQPETS<\/title>\n<meta name=\"description\" content=\"Charming Cat Collar with Bell, designed for safety and style, perfect for your feline friend.\" \/>\n<meta name=\"robots\" content=\"index, follow, max-snippet:-1, max-image-preview:large, max-video-preview:-1\" \/>\n<link rel=\"canonical\" href=\"https:\/\/qqpets.com\/lv\/products\/cat-collar-with-bell\/\" \/>\n<meta property=\"og:locale\" content=\"lv_LV\" \/>\n<meta property=\"og:type\" content=\"article\" \/>\n<meta property=\"og:title\" content=\"Cat Collar With Bell | QQPETS\" \/>\n<meta property=\"og:description\" content=\"Charming Cat Collar with Bell, designed for safety and style, perfect for your feline friend.\" \/>\n<meta property=\"og:url\" content=\"https:\/\/qqpets.com\/lv\/products\/cat-collar-with-bell\/\" \/>\n<meta property=\"og:site_name\" content=\"QQPETS\" \/>\n<meta property=\"article:publisher\" content=\"https:\/\/www.facebook.com\/QQpetsdogcollars\" \/>\n<meta property=\"og:image\" content=\"https:\/\/qqpets.com\/wp-content\/uploads\/2024\/09\/cat-collar-with-bell1.webp\" \/>\n\t<meta property=\"og:image:width\" content=\"800\" \/>\n\t<meta property=\"og:image:height\" content=\"800\" \/>\n\t<meta property=\"og:image:type\" content=\"image\/webp\" \/>\n<meta name=\"twitter:card\" content=\"summary_large_image\" \/>\n<meta name=\"twitter:label1\" content=\"Est. reading time\" \/>\n\t<meta name=\"twitter:data1\" content=\"3 min\u016btes\" \/>\n<script type=\"application\/ld+json\" class=\"yoast-schema-graph\">{\"@context\":\"https:\/\/schema.org\",\"@graph\":[{\"@type\":\"WebPage\",\"@id\":\"https:\/\/qqpets.com\/product\/cat-collar-with-bell\/\",\"url\":\"https:\/\/qqpets.com\/product\/cat-collar-with-bell\/\",\"name\":\"Cat Collar With Bell | QQPETS\",\"isPartOf\":{\"@id\":\"https:\/\/qqpets.com\/#website\"},\"primaryImageOfPage\":{\"@id\":\"https:\/\/qqpets.com\/product\/cat-collar-with-bell\/#primaryimage\"},\"image\":{\"@id\":\"https:\/\/qqpets.com\/product\/cat-collar-with-bell\/#primaryimage\"},\"thumbnailUrl\":\"https:\/\/qqpets.com\/wp-content\/uploads\/2024\/09\/cat-collar-with-bell1.webp\",\"datePublished\":\"2024-09-30T09:26:38+00:00\",\"description\":\"Charming Cat Collar with Bell, designed for safety and style, perfect for your feline friend.\",\"breadcrumb\":{\"@id\":\"https:\/\/qqpets.com\/product\/cat-collar-with-bell\/#breadcrumb\"},\"inLanguage\":\"lv-LV\",\"potentialAction\":[{\"@type\":\"ReadAction\",\"target\":[\"https:\/\/qqpets.com\/product\/cat-collar-with-bell\/\"]}]},{\"@type\":\"ImageObject\",\"inLanguage\":\"lv-LV\",\"@id\":\"https:\/\/qqpets.com\/product\/cat-collar-with-bell\/#primaryimage\",\"url\":\"https:\/\/qqpets.com\/wp-content\/uploads\/2024\/09\/cat-collar-with-bell1.webp\",\"contentUrl\":\"https:\/\/qqpets.com\/wp-content\/uploads\/2024\/09\/cat-collar-with-bell1.webp\",\"width\":800,\"height\":800},{\"@type\":\"BreadcrumbList\",\"@id\":\"https:\/\/qqpets.com\/product\/cat-collar-with-bell\/#breadcrumb\",\"itemListElement\":[{\"@type\":\"ListItem\",\"position\":1,\"name\":\"Home\",\"item\":\"https:\/\/qqpets.com\/\"},{\"@type\":\"ListItem\",\"position\":2,\"name\":\"Products\",\"item\":\"https:\/\/qqpets.com\/pet-products-manufacturer\/\"},{\"@type\":\"ListItem\",\"position\":3,\"name\":\"Cat Collar With Bell\"}]},{\"@type\":\"WebSite\",\"@id\":\"https:\/\/qqpets.com\/#website\",\"url\":\"https:\/\/qqpets.com\/\",\"name\":\"QQPETS\",\"description\":\"QQPETS is a pet products factory for dog harnesses, dog collars, dog leashes and dog accessories with professional customized service since 2005.\",\"publisher\":{\"@id\":\"https:\/\/qqpets.com\/#organization\"},\"potentialAction\":[{\"@type\":\"SearchAction\",\"target\":{\"@type\":\"EntryPoint\",\"urlTemplate\":\"https:\/\/qqpets.com\/?s={search_term_string}\"},\"query-input\":{\"@type\":\"PropertyValueSpecification\",\"valueRequired\":true,\"valueName\":\"search_term_string\"}}],\"inLanguage\":\"lv-LV\"},{\"@type\":\"Organization\",\"@id\":\"https:\/\/qqpets.com\/#organization\",\"name\":\"QQPETS\",\"url\":\"https:\/\/qqpets.com\/\",\"logo\":{\"@type\":\"ImageObject\",\"inLanguage\":\"lv-LV\",\"@id\":\"https:\/\/qqpets.com\/#\/schema\/logo\/image\/\",\"url\":\"https:\/\/qqpets.com\/wp-content\/uploads\/2023\/09\/cropped-cropped-qqpets-tiktok.jpg\",\"contentUrl\":\"https:\/\/qqpets.com\/wp-content\/uploads\/2023\/09\/cropped-cropped-qqpets-tiktok.jpg\",\"width\":511,\"height\":511,\"caption\":\"QQPETS\"},\"image\":{\"@id\":\"https:\/\/qqpets.com\/#\/schema\/logo\/image\/\"},\"sameAs\":[\"https:\/\/www.facebook.com\/QQpetsdogcollars\",\"https:\/\/www.instagram.com\/qqpetscollar\/\",\"https:\/\/www.pinterest.com\/qqpetsdogcollarsfactory\/\"]}]}<\/script>\n<!-- \/ Yoast SEO plugin. -->","yoast_head_json":{"title":"Ka\u0137u apkakle ar zvani\u0146u | QQPETS","description":"Burv\u012bga ka\u0137u apkakle ar zvani\u0146u, kas paredz\u0113ta dro\u0161\u012bbai un stilam, ide\u0101li piem\u0113rota j\u016bsu ka\u0137u draugam.","robots":{"index":"index","follow":"follow","max-snippet":"max-snippet:-1","max-image-preview":"max-image-preview:large","max-video-preview":"max-video-preview:-1"},"canonical":"https:\/\/qqpets.com\/lv\/products\/cat-collar-with-bell\/","og_locale":"lv_LV","og_type":"article","og_title":"Cat Collar With Bell | QQPETS","og_description":"Charming Cat Collar with Bell, designed for safety and style, perfect for your feline friend.","og_url":"https:\/\/qqpets.com\/lv\/products\/cat-collar-with-bell\/","og_site_name":"QQPETS","article_publisher":"https:\/\/www.facebook.com\/QQpetsdogcollars","og_image":[{"width":800,"height":800,"url":"https:\/\/qqpets.com\/wp-content\/uploads\/2024\/09\/cat-collar-with-bell1.webp","type":"image\/webp"}],"twitter_card":"summary_large_image","twitter_misc":{"Est. reading time":"3 min\u016btes"},"schema":{"@context":"https:\/\/schema.org","@graph":[{"@type":"WebPage","@id":"https:\/\/qqpets.com\/product\/cat-collar-with-bell\/","url":"https:\/\/qqpets.com\/product\/cat-collar-with-bell\/","name":"Ka\u0137u apkakle ar zvani\u0146u | QQPETS","isPartOf":{"@id":"https:\/\/qqpets.com\/#website"},"primaryImageOfPage":{"@id":"https:\/\/qqpets.com\/product\/cat-collar-with-bell\/#primaryimage"},"image":{"@id":"https:\/\/qqpets.com\/product\/cat-collar-with-bell\/#primaryimage"},"thumbnailUrl":"https:\/\/qqpets.com\/wp-content\/uploads\/2024\/09\/cat-collar-with-bell1.webp","datePublished":"2024-09-30T09:26:38+00:00","description":"Burv\u012bga ka\u0137u apkakle ar zvani\u0146u, kas paredz\u0113ta dro\u0161\u012bbai un stilam, ide\u0101li piem\u0113rota j\u016bsu ka\u0137u draugam.","breadcrumb":{"@id":"https:\/\/qqpets.com\/product\/cat-collar-with-bell\/#breadcrumb"},"inLanguage":"lv-LV","potentialAction":[{"@type":"ReadAction","target":["https:\/\/qqpets.com\/product\/cat-collar-with-bell\/"]}]},{"@type":"ImageObject","inLanguage":"lv-LV","@id":"https:\/\/qqpets.com\/product\/cat-collar-with-bell\/#primaryimage","url":"https:\/\/qqpets.com\/wp-content\/uploads\/2024\/09\/cat-collar-with-bell1.webp","contentUrl":"https:\/\/qqpets.com\/wp-content\/uploads\/2024\/09\/cat-collar-with-bell1.webp","width":800,"height":800},{"@type":"BreadcrumbList","@id":"https:\/\/qqpets.com\/product\/cat-collar-with-bell\/#breadcrumb","itemListElement":[{"@type":"ListItem","position":1,"name":"Home","item":"https:\/\/qqpets.com\/"},{"@type":"ListItem","position":2,"name":"Products","item":"https:\/\/qqpets.com\/pet-products-manufacturer\/"},{"@type":"ListItem","position":3,"name":"Cat Collar With Bell"}]},{"@type":"WebSite","@id":"https:\/\/qqpets.com\/#website","url":"https:\/\/qqpets.com\/","name":"QQPETS","description":"QQPETS ir lolojumdz\u012bvnieku produktu r\u016bpn\u012bca su\u0146u siksn\u0101m, su\u0146u apkakles, su\u0146u pavadas un su\u0146u aksesu\u0101ri ar profesion\u0101lu piel\u0101gotu pakalpojumu kop\u0161 2005. gada.","publisher":{"@id":"https:\/\/qqpets.com\/#organization"},"potentialAction":[{"@type":"SearchAction","target":{"@type":"EntryPoint","urlTemplate":"https:\/\/qqpets.com\/?s={search_term_string}"},"query-input":{"@type":"PropertyValueSpecification","valueRequired":true,"valueName":"search_term_string"}}],"inLanguage":"lv-LV"},{"@type":"Organization","@id":"https:\/\/qqpets.com\/#organization","name":"QQPETS","url":"https:\/\/qqpets.com\/","logo":{"@type":"ImageObject","inLanguage":"lv-LV","@id":"https:\/\/qqpets.com\/#\/schema\/logo\/image\/","url":"https:\/\/qqpets.com\/wp-content\/uploads\/2023\/09\/cropped-cropped-qqpets-tiktok.jpg","contentUrl":"https:\/\/qqpets.com\/wp-content\/uploads\/2023\/09\/cropped-cropped-qqpets-tiktok.jpg","width":511,"height":511,"caption":"QQPETS"},"image":{"@id":"https:\/\/qqpets.com\/#\/schema\/logo\/image\/"},"sameAs":["https:\/\/www.facebook.com\/QQpetsdogcollars","https:\/\/www.instagram.com\/qqpetscollar\/","https:\/\/www.pinterest.com\/qqpetsdogcollarsfactory\/"]}]}},"_links":{"self":[{"href":"https:\/\/qqpets.com\/lv\/wp-json\/wp\/v2\/product\/8457","targetHints":{"allow":["GET"]}}],"collection":[{"href":"https:\/\/qqpets.com\/lv\/wp-json\/wp\/v2\/product"}],"about":[{"href":"https:\/\/qqpets.com\/lv\/wp-json\/wp\/v2\/types\/product"}],"wp:featuredmedia":[{"embeddable":true,"href":"https:\/\/qqpets.com\/lv\/wp-json\/wp\/v2\/media\/8459"}],"wp:attachment":[{"href":"https:\/\/qqpets.com\/lv\/wp-json\/wp\/v2\/media?parent=8457"}],"wp:term":[{"taxonomy":"product_brand","embeddable":true,"href":"https:\/\/qqpets.com\/lv\/wp-json\/wp\/v2\/product_brand?post=8457"},{"taxonomy":"product_cat","embeddable":true,"href":"https:\/\/qqpets.com\/lv\/wp-json\/wp\/v2\/product_cat?post=8457"},{"taxonomy":"product_tag","embeddable":true,"href":"https:\/\/qqpets.com\/lv\/wp-json\/wp\/v2\/product_tag?post=8457"}],"curies":[{"name":"wp","href":"https:\/\/api.w.org\/{rel}","templated":true}]}}