{"id":8636,"date":"2024-10-17T10:34:30","date_gmt":"2024-10-17T02:34:30","guid":{"rendered":"https:\/\/qqpets.com\/?post_type=product&#038;p=8636"},"modified":"2024-11-14T11:46:25","modified_gmt":"2024-11-14T03:46:25","slug":"dog-tennis-ball","status":"publish","type":"product","link":"https:\/\/qqpets.com\/lv\/products\/dog-tennis-ball\/","title":{"rendered":"Su\u0146u tenisa bumbi\u0146a"},"content":{"rendered":"<p>Iepaz\u012bstin\u0101m ar vislab\u0101ko izv\u0113li uz\u0146\u0113mumiem, kas v\u0113las uzlabot sava z\u012bmola kl\u0101tb\u016btni m\u0101jdz\u012bvnieku nozar\u0113: m\u016bsu piel\u0101gojam\u0101s su\u0146u tenisa bumbi\u0146as. Katrai bumbi\u0146ai ir iztur\u012bga gumijas serde\u0146a un m\u012bksta filca \u0101rpuse, kas nodro\u0161ina ilgm\u016b\u017e\u012bbu un maigu piesk\u0101rienu j\u016bsu m\u012blu\u013ca zobiem un smagan\u0101m. M\u016bsu unik\u0101lais materi\u0101lu mais\u012bjums ne tikai padara t\u0101s iztur\u012bgas un \u016bdensnecaurlaid\u012bgas, bet ar\u012b \u013cauj uz t\u0101m uzspiest spilgtu un notur\u012bgu j\u016bsu logotipa vai dizaina apdruku.<\/p>\n<p><strong>Galven\u0101s funkcijas:<\/strong><\/p>\n<ul>\n<li><strong>Iztur\u012bba<\/strong>: Izgatavotas no bieza gumijas p\u016b\u0161\u013ca un p\u0101rkl\u0101tas ar augstas kvalit\u0101tes filcu, \u0161\u012bs bumbas ir paredz\u0113tas, lai t\u0101s kalpotu ikvien\u0101 aport\u0101, metienos un sp\u0113l\u0113s.<\/li>\n<li><strong>Piel\u0101go\u0161ana<\/strong>: Pied\u0101v\u0101jiet unik\u0101lu m\u0101rketinga r\u012bku, piel\u0101gojot \u0161\u012bs tenisa bumbi\u0146as ar sava uz\u0146\u0113muma logotipu, sauk\u013ciem vai jebkuru v\u0113lamo rakstu. Lieliski piem\u0113rotas korporat\u012bviem pas\u0101kumiem, d\u0101van\u0101m vai lolojumdz\u012bvnieku veikalu prec\u0113m.<\/li>\n<li><strong>Dro\u0161\u012bba pirmaj\u0101 viet\u0101<\/strong>: Izgatavots no neabraz\u012bviem materi\u0101liem, kas ir saudz\u012bgi pret zobiem un smagan\u0101m, nodro\u0161inot dro\u0161u rota\u013cu laiku.<\/li>\n<li><strong>Redzam\u012bba<\/strong>: Pieejami da\u017e\u0101d\u0101s spilgt\u0101s kr\u0101s\u0101s, lai tos b\u016btu viegli atrast, neatkar\u012bgi no t\u0101, vai sp\u0113l\u0113jaties park\u0101 vai pagalm\u0101.<\/li>\n<li><strong>Daudzpus\u012bga lieto\u0161ana<\/strong>: Ide\u0101li piem\u0113rots treni\u0146iem, aport\u0113\u0161anas sp\u0113l\u0113m vai vienk\u0101r\u0161i sniedz \u010detrk\u0101jainajiem klientiem iemeslu b\u016bt akt\u012bviem un laim\u012bgiem.<\/li>\n<\/ul>\n<p><strong>Ide\u0101li piem\u0113rots lieto\u0161anai biznes\u0101:<\/strong> M\u016bsu su\u0146u tenisa bumbi\u0146as, kas \u012bpa\u0161i piel\u0101gotas z\u012bmola veicin\u0101\u0161anas pas\u0101kumiem, var kalpot k\u0101 lieliska rekl\u0101mas d\u0101vana, kas \u013cauj saglab\u0101t j\u016bsu z\u012bmolu redzam\u0101 viet\u0101. P\u0101rsteidziet klientus ar p\u0101rdom\u0101tu, jautru un praktisku produktu, kas sag\u0101d\u0101 prieku vi\u0146u klientiem, kuri ir m\u0101jdz\u012bvnieku \u012bpa\u0161nieki.<\/p>\n<p>Pas\u016btiet tagad un pie\u0161\u0137iriet saviem rekl\u0101mas pas\u0101kumiem rota\u013c\u012bgu, saisto\u0161u stimulu ar m\u016bsu piel\u0101gojam\u0101m su\u0146u tenisa bumbi\u0146\u0101m. Apr\u012bkojiet savu uz\u0146\u0113mumu ar produktu, kas atspogu\u013co kvalit\u0101ti, jautr\u012bbu un aizrau\u0161anos ar m\u0101jdz\u012bvniekiem.<\/p>\n<h5>Bie\u017e\u0101k uzdotie jaut\u0101jumi par Dog Tenisa bumba<\/h5>\n<ul>\n<li data-immersive-translate-walked=\"9ff19424-33db-446d-ad13-30d4deb7ee4f\">\n<p data-immersive-translate-walked=\"9ff19424-33db-446d-ad13-30d4deb7ee4f\" data-immersive-translate-paragraph=\"1\"><strong data-immersive-translate-walked=\"9ff19424-33db-446d-ad13-30d4deb7ee4f\" data-immersive-translate-paragraph=\"1\">Vai su\u0146iem ir at\u013cauts lietot tenisa bumbi\u0146as?<\/strong><br data-immersive-translate-walked=\"9ff19424-33db-446d-ad13-30d4deb7ee4f\" \/>J\u0101, ta\u010du parast\u0101s tenisa bumbi\u0146as laika gait\u0101 var nodilin\u0101t su\u0146a zobus, t\u0101p\u0113c lab\u0101k ir izmantot su\u0146iem paredz\u0113tas tenisa bumbi\u0146as, kas izgatavotas no dro\u0161\u0101kiem materi\u0101liem.<\/p>\n<\/li>\n<li data-immersive-translate-walked=\"9ff19424-33db-446d-ad13-30d4deb7ee4f\">\n<p data-immersive-translate-walked=\"9ff19424-33db-446d-ad13-30d4deb7ee4f\" data-immersive-translate-paragraph=\"1\"><strong data-immersive-translate-walked=\"9ff19424-33db-446d-ad13-30d4deb7ee4f\" data-immersive-translate-paragraph=\"1\">Vai ir at\u0161\u0137ir\u012bba starp su\u0146u tenisa bumbi\u0146\u0101m un parastaj\u0101m tenisa bumbi\u0146\u0101m?<\/strong><br data-immersive-translate-walked=\"9ff19424-33db-446d-ad13-30d4deb7ee4f\" \/>J\u0101, su\u0146u tenisa bumbi\u0146as ir izgatavotas no neabraz\u012bviem materi\u0101liem, savuk\u0101rt parast\u0101s tenisa bumbi\u0146as var b\u016bt rupjas su\u0146a zobiem un satur\u0113t kait\u012bgas \u0137\u012bmiskas vielas.<\/p>\n<\/li>\n<li data-immersive-translate-walked=\"9ff19424-33db-446d-ad13-30d4deb7ee4f\">\n<p data-immersive-translate-walked=\"9ff19424-33db-446d-ad13-30d4deb7ee4f\" data-immersive-translate-paragraph=\"1\"><strong data-immersive-translate-walked=\"9ff19424-33db-446d-ad13-30d4deb7ee4f\" data-immersive-translate-paragraph=\"1\">K\u0101p\u0113c su\u0146iem tik \u013coti pat\u012bk tenisa bumbi\u0146as?<\/strong><br data-immersive-translate-walked=\"9ff19424-33db-446d-ad13-30d4deb7ee4f\" \/>Su\u0146i m\u012bl tenisa bumbi\u0146as, jo t\u0101s ir lec\u012bgas, viegli paka\u013cdzenamas un izraisa to pl\u0113s\u0113jsp\u0113ku, t\u0101p\u0113c t\u0101s ir jautri aport\u0113t un ko\u0161\u013c\u0101t.<\/p>\n<\/li>\n<li data-immersive-translate-walked=\"9ff19424-33db-446d-ad13-30d4deb7ee4f\">\n<p data-immersive-translate-walked=\"9ff19424-33db-446d-ad13-30d4deb7ee4f\" data-immersive-translate-paragraph=\"1\"><strong data-immersive-translate-walked=\"9ff19424-33db-446d-ad13-30d4deb7ee4f\" data-immersive-translate-paragraph=\"1\">K\u0101da ir alternat\u012bva tenisa bumbi\u0146ai su\u0146iem?<\/strong><br data-immersive-translate-walked=\"9ff19424-33db-446d-ad13-30d4deb7ee4f\" \/>Alternat\u012bvas ir gumijas bumbi\u0146as, \u010d\u012bksto\u0161as rota\u013clietas vai virvju rota\u013clietas, kas ir iztur\u012bgas un dro\u0161as su\u0146u rota\u013c\u0101m.<\/p>\n<\/li>\n<\/ul>","protected":false},"excerpt":{"rendered":"<p>Palieliniet sava m\u012blu\u013ca rota\u013cu laiku ar m\u016bsu su\u0146u tenisa bumbi\u0146\u0101m, kas izstr\u0101d\u0101tas, lai nodro\u0161in\u0101tu iztur\u012bbu un dro\u0161\u012bbu. \u0160\u012bs bumbi\u0146as, kas pieejamas ko\u0161\u0101s kr\u0101s\u0101s, nodro\u0161ina labu redzam\u012bbu un ir izgatavotas no netoksiskiem materi\u0101liem, lai j\u016bsu m\u0101jdz\u012bvnieki b\u016btu maksim\u0101li dro\u0161i. Piel\u0101gojiet \u0161\u012bs bumbi\u0146as ar sava z\u012bmola logotipu vai unik\u0101liem rakstiem, padarot katru metienu par j\u016bsu uz\u0146\u0113muma reprezent\u0101ciju. \u0160\u012bs tenisa bumbi\u0146as ir ide\u0101li piem\u0113rotas interakt\u012bv\u0101m sp\u0113l\u0113m, apm\u0101c\u012bbai vai k\u0101 rekl\u0101mas priek\u0161meti, un t\u0101s ir izgatavotas t\u0101, lai iztur\u0113tu gan aizraut\u012bgas sp\u0113les, gan \u0101ra elementus.<\/p>","protected":false},"featured_media":8628,"template":"","meta":[],"product_brand":[],"product_cat":[58],"product_tag":[],"class_list":{"0":"post-8636","1":"product","2":"type-product","3":"status-publish","4":"has-post-thumbnail","6":"product_cat-accessories","8":"first","9":"instock","10":"shipping-taxable","11":"product-type-simple"},"yoast_head":"<!-- This site is optimized with the Yoast SEO plugin v26.6 - https:\/\/yoast.com\/wordpress\/plugins\/seo\/ -->\n<title>Dog Tennis Ball | QQPETS<\/title>\n<meta name=\"description\" content=\"Customizable Dog Tennis Balls for active play \u2014 perfect for training and fun!\" \/>\n<meta name=\"robots\" content=\"index, follow, max-snippet:-1, max-image-preview:large, max-video-preview:-1\" \/>\n<link rel=\"canonical\" href=\"https:\/\/qqpets.com\/lv\/products\/dog-tennis-ball\/\" \/>\n<meta property=\"og:locale\" content=\"lv_LV\" \/>\n<meta property=\"og:type\" content=\"article\" \/>\n<meta property=\"og:title\" content=\"Dog Tennis Ball | QQPETS\" \/>\n<meta property=\"og:description\" content=\"Customizable Dog Tennis Balls for active play \u2014 perfect for training and fun!\" \/>\n<meta property=\"og:url\" content=\"https:\/\/qqpets.com\/lv\/products\/dog-tennis-ball\/\" \/>\n<meta property=\"og:site_name\" content=\"QQPETS\" \/>\n<meta property=\"article:publisher\" content=\"https:\/\/www.facebook.com\/QQpetsdogcollars\" \/>\n<meta property=\"article:modified_time\" content=\"2024-11-14T03:46:25+00:00\" \/>\n<meta property=\"og:image\" content=\"https:\/\/qqpets.com\/wp-content\/uploads\/2024\/10\/dog-tennis-ball1.webp\" \/>\n\t<meta property=\"og:image:width\" content=\"1000\" \/>\n\t<meta property=\"og:image:height\" content=\"1000\" \/>\n\t<meta property=\"og:image:type\" content=\"image\/webp\" \/>\n<meta name=\"twitter:card\" content=\"summary_large_image\" \/>\n<meta name=\"twitter:label1\" content=\"Est. reading time\" \/>\n\t<meta name=\"twitter:data1\" content=\"2 min\u016btes\" \/>\n<script type=\"application\/ld+json\" class=\"yoast-schema-graph\">{\"@context\":\"https:\/\/schema.org\",\"@graph\":[{\"@type\":\"WebPage\",\"@id\":\"https:\/\/qqpets.com\/product\/dog-tennis-ball\/\",\"url\":\"https:\/\/qqpets.com\/product\/dog-tennis-ball\/\",\"name\":\"Dog Tennis Ball | QQPETS\",\"isPartOf\":{\"@id\":\"https:\/\/qqpets.com\/#website\"},\"primaryImageOfPage\":{\"@id\":\"https:\/\/qqpets.com\/product\/dog-tennis-ball\/#primaryimage\"},\"image\":{\"@id\":\"https:\/\/qqpets.com\/product\/dog-tennis-ball\/#primaryimage\"},\"thumbnailUrl\":\"https:\/\/qqpets.com\/wp-content\/uploads\/2024\/10\/dog-tennis-ball1.webp\",\"datePublished\":\"2024-10-17T02:34:30+00:00\",\"dateModified\":\"2024-11-14T03:46:25+00:00\",\"description\":\"Customizable Dog Tennis Balls for active play \u2014 perfect for training and fun!\",\"breadcrumb\":{\"@id\":\"https:\/\/qqpets.com\/product\/dog-tennis-ball\/#breadcrumb\"},\"inLanguage\":\"lv-LV\",\"potentialAction\":[{\"@type\":\"ReadAction\",\"target\":[\"https:\/\/qqpets.com\/product\/dog-tennis-ball\/\"]}]},{\"@type\":\"ImageObject\",\"inLanguage\":\"lv-LV\",\"@id\":\"https:\/\/qqpets.com\/product\/dog-tennis-ball\/#primaryimage\",\"url\":\"https:\/\/qqpets.com\/wp-content\/uploads\/2024\/10\/dog-tennis-ball1.webp\",\"contentUrl\":\"https:\/\/qqpets.com\/wp-content\/uploads\/2024\/10\/dog-tennis-ball1.webp\",\"width\":1000,\"height\":1000},{\"@type\":\"BreadcrumbList\",\"@id\":\"https:\/\/qqpets.com\/product\/dog-tennis-ball\/#breadcrumb\",\"itemListElement\":[{\"@type\":\"ListItem\",\"position\":1,\"name\":\"Home\",\"item\":\"https:\/\/qqpets.com\/\"},{\"@type\":\"ListItem\",\"position\":2,\"name\":\"Products\",\"item\":\"https:\/\/qqpets.com\/pet-products-manufacturer\/\"},{\"@type\":\"ListItem\",\"position\":3,\"name\":\"Dog Tennis Ball\"}]},{\"@type\":\"WebSite\",\"@id\":\"https:\/\/qqpets.com\/#website\",\"url\":\"https:\/\/qqpets.com\/\",\"name\":\"QQPETS\",\"description\":\"QQPETS is a pet products factory for dog harnesses, dog collars, dog leashes and dog accessories with professional customized service since 2005.\",\"publisher\":{\"@id\":\"https:\/\/qqpets.com\/#organization\"},\"potentialAction\":[{\"@type\":\"SearchAction\",\"target\":{\"@type\":\"EntryPoint\",\"urlTemplate\":\"https:\/\/qqpets.com\/?s={search_term_string}\"},\"query-input\":{\"@type\":\"PropertyValueSpecification\",\"valueRequired\":true,\"valueName\":\"search_term_string\"}}],\"inLanguage\":\"lv-LV\"},{\"@type\":\"Organization\",\"@id\":\"https:\/\/qqpets.com\/#organization\",\"name\":\"QQPETS\",\"url\":\"https:\/\/qqpets.com\/\",\"logo\":{\"@type\":\"ImageObject\",\"inLanguage\":\"lv-LV\",\"@id\":\"https:\/\/qqpets.com\/#\/schema\/logo\/image\/\",\"url\":\"https:\/\/qqpets.com\/wp-content\/uploads\/2023\/09\/cropped-cropped-qqpets-tiktok.jpg\",\"contentUrl\":\"https:\/\/qqpets.com\/wp-content\/uploads\/2023\/09\/cropped-cropped-qqpets-tiktok.jpg\",\"width\":511,\"height\":511,\"caption\":\"QQPETS\"},\"image\":{\"@id\":\"https:\/\/qqpets.com\/#\/schema\/logo\/image\/\"},\"sameAs\":[\"https:\/\/www.facebook.com\/QQpetsdogcollars\",\"https:\/\/www.instagram.com\/qqpetscollar\/\",\"https:\/\/www.pinterest.com\/qqpetsdogcollarsfactory\/\"]}]}<\/script>\n<!-- \/ Yoast SEO plugin. -->","yoast_head_json":{"title":"Su\u0146u tenisa bumbi\u0146a | QQPETS","description":"Piel\u0101gojamas su\u0146u tenisa bumbi\u0146as akt\u012bvai sp\u0113lei - lieliski piem\u0113rotas treni\u0146iem un izklaidei!","robots":{"index":"index","follow":"follow","max-snippet":"max-snippet:-1","max-image-preview":"max-image-preview:large","max-video-preview":"max-video-preview:-1"},"canonical":"https:\/\/qqpets.com\/lv\/products\/dog-tennis-ball\/","og_locale":"lv_LV","og_type":"article","og_title":"Dog Tennis Ball | QQPETS","og_description":"Customizable Dog Tennis Balls for active play \u2014 perfect for training and fun!","og_url":"https:\/\/qqpets.com\/lv\/products\/dog-tennis-ball\/","og_site_name":"QQPETS","article_publisher":"https:\/\/www.facebook.com\/QQpetsdogcollars","article_modified_time":"2024-11-14T03:46:25+00:00","og_image":[{"width":1000,"height":1000,"url":"https:\/\/qqpets.com\/wp-content\/uploads\/2024\/10\/dog-tennis-ball1.webp","type":"image\/webp"}],"twitter_card":"summary_large_image","twitter_misc":{"Est. reading time":"2 min\u016btes"},"schema":{"@context":"https:\/\/schema.org","@graph":[{"@type":"WebPage","@id":"https:\/\/qqpets.com\/product\/dog-tennis-ball\/","url":"https:\/\/qqpets.com\/product\/dog-tennis-ball\/","name":"Su\u0146u tenisa bumbi\u0146a | QQPETS","isPartOf":{"@id":"https:\/\/qqpets.com\/#website"},"primaryImageOfPage":{"@id":"https:\/\/qqpets.com\/product\/dog-tennis-ball\/#primaryimage"},"image":{"@id":"https:\/\/qqpets.com\/product\/dog-tennis-ball\/#primaryimage"},"thumbnailUrl":"https:\/\/qqpets.com\/wp-content\/uploads\/2024\/10\/dog-tennis-ball1.webp","datePublished":"2024-10-17T02:34:30+00:00","dateModified":"2024-11-14T03:46:25+00:00","description":"Piel\u0101gojamas su\u0146u tenisa bumbi\u0146as akt\u012bvai sp\u0113lei - lieliski piem\u0113rotas treni\u0146iem un izklaidei!","breadcrumb":{"@id":"https:\/\/qqpets.com\/product\/dog-tennis-ball\/#breadcrumb"},"inLanguage":"lv-LV","potentialAction":[{"@type":"ReadAction","target":["https:\/\/qqpets.com\/product\/dog-tennis-ball\/"]}]},{"@type":"ImageObject","inLanguage":"lv-LV","@id":"https:\/\/qqpets.com\/product\/dog-tennis-ball\/#primaryimage","url":"https:\/\/qqpets.com\/wp-content\/uploads\/2024\/10\/dog-tennis-ball1.webp","contentUrl":"https:\/\/qqpets.com\/wp-content\/uploads\/2024\/10\/dog-tennis-ball1.webp","width":1000,"height":1000},{"@type":"BreadcrumbList","@id":"https:\/\/qqpets.com\/product\/dog-tennis-ball\/#breadcrumb","itemListElement":[{"@type":"ListItem","position":1,"name":"Home","item":"https:\/\/qqpets.com\/"},{"@type":"ListItem","position":2,"name":"Products","item":"https:\/\/qqpets.com\/pet-products-manufacturer\/"},{"@type":"ListItem","position":3,"name":"Dog Tennis Ball"}]},{"@type":"WebSite","@id":"https:\/\/qqpets.com\/#website","url":"https:\/\/qqpets.com\/","name":"QQPETS","description":"QQPETS ir lolojumdz\u012bvnieku produktu r\u016bpn\u012bca su\u0146u siksn\u0101m, su\u0146u apkakles, su\u0146u pavadas un su\u0146u aksesu\u0101ri ar profesion\u0101lu piel\u0101gotu pakalpojumu kop\u0161 2005. gada.","publisher":{"@id":"https:\/\/qqpets.com\/#organization"},"potentialAction":[{"@type":"SearchAction","target":{"@type":"EntryPoint","urlTemplate":"https:\/\/qqpets.com\/?s={search_term_string}"},"query-input":{"@type":"PropertyValueSpecification","valueRequired":true,"valueName":"search_term_string"}}],"inLanguage":"lv-LV"},{"@type":"Organization","@id":"https:\/\/qqpets.com\/#organization","name":"QQPETS","url":"https:\/\/qqpets.com\/","logo":{"@type":"ImageObject","inLanguage":"lv-LV","@id":"https:\/\/qqpets.com\/#\/schema\/logo\/image\/","url":"https:\/\/qqpets.com\/wp-content\/uploads\/2023\/09\/cropped-cropped-qqpets-tiktok.jpg","contentUrl":"https:\/\/qqpets.com\/wp-content\/uploads\/2023\/09\/cropped-cropped-qqpets-tiktok.jpg","width":511,"height":511,"caption":"QQPETS"},"image":{"@id":"https:\/\/qqpets.com\/#\/schema\/logo\/image\/"},"sameAs":["https:\/\/www.facebook.com\/QQpetsdogcollars","https:\/\/www.instagram.com\/qqpetscollar\/","https:\/\/www.pinterest.com\/qqpetsdogcollarsfactory\/"]}]}},"_links":{"self":[{"href":"https:\/\/qqpets.com\/lv\/wp-json\/wp\/v2\/product\/8636","targetHints":{"allow":["GET"]}}],"collection":[{"href":"https:\/\/qqpets.com\/lv\/wp-json\/wp\/v2\/product"}],"about":[{"href":"https:\/\/qqpets.com\/lv\/wp-json\/wp\/v2\/types\/product"}],"wp:featuredmedia":[{"embeddable":true,"href":"https:\/\/qqpets.com\/lv\/wp-json\/wp\/v2\/media\/8628"}],"wp:attachment":[{"href":"https:\/\/qqpets.com\/lv\/wp-json\/wp\/v2\/media?parent=8636"}],"wp:term":[{"taxonomy":"product_brand","embeddable":true,"href":"https:\/\/qqpets.com\/lv\/wp-json\/wp\/v2\/product_brand?post=8636"},{"taxonomy":"product_cat","embeddable":true,"href":"https:\/\/qqpets.com\/lv\/wp-json\/wp\/v2\/product_cat?post=8636"},{"taxonomy":"product_tag","embeddable":true,"href":"https:\/\/qqpets.com\/lv\/wp-json\/wp\/v2\/product_tag?post=8636"}],"curies":[{"name":"wp","href":"https:\/\/api.w.org\/{rel}","templated":true}]}}