{"id":9207,"date":"2024-11-11T14:31:06","date_gmt":"2024-11-11T06:31:06","guid":{"rendered":"https:\/\/qqpets.com\/?post_type=product&#038;p=9207"},"modified":"2024-11-11T14:31:06","modified_gmt":"2024-11-11T06:31:06","slug":"no-pull-dog-leash","status":"publish","type":"product","link":"https:\/\/qqpets.com\/lv\/products\/no-pull-dog-leash\/","title":{"rendered":"Su\u0146u pavadas bez vilk\u0161anas"},"content":{"rendered":"<p>Paaugstiniet savu produktu kl\u0101stu ar m\u016bsu Bungee No Pull su\u0146u pavadi\u0146u, kas ir prasm\u012bgi izstr\u0101d\u0101ta, lai uzlabotu gan dro\u0161\u012bbu, gan komfortu ce\u013cojumu ar automa\u0161\u012bnu un pastaigu laik\u0101. \u0160aj\u0101 pavad\u0101 ir integr\u0113ta iztur\u012bga automa\u0161\u012bnas s\u0113dek\u013ca spr\u0101dzes sist\u0113ma, kas ir izstr\u0101d\u0101ta, lai nostiprin\u0101tu j\u016bsu m\u012bluli transportl\u012bdzekl\u012b, vienlaikus nov\u0113r\u0161ot jebk\u0101das straujas kust\u012bbas vai diskomfortu. Gumijas meh\u0101nisms nodro\u0161ina elast\u012bgu izstiep\u0161anos, kas absorb\u0113 triecienus un samazina spriedzi gan dz\u012bvniekam, gan saimniekam, un ir ide\u0101li piem\u0113rots, lai efekt\u012bvi nov\u0113rstu vilk\u0161anas izpausmes.<\/p>\n<p>Pavada ir izgatavota no augstas kvalit\u0101tes iztur\u012bgiem materi\u0101liem, kas nodro\u0161ina ilgm\u016b\u017e\u012bbu un uzticam\u012bbu bie\u017eas lieto\u0161anas apst\u0101k\u013cos. T\u0101 daudzpus\u012bba padara to par lielisku izv\u0113li m\u0101jdz\u012bvnieku \u012bpa\u0161niekiem, kuri bie\u017ei ce\u013co kop\u0101 ar saviem m\u012blu\u013ciem un mekl\u0113 dro\u0161u, \u0113rtu un \u0113rtu risin\u0101jumu. Piel\u0101gojiet pavadi\u0146u ar sava z\u012bmola unik\u0101lo logotipu un izv\u0113lieties no da\u017e\u0101diem rakstiem, lai t\u0101 b\u016btu patiesi j\u016bsu. \u0160is izstr\u0101d\u0101jums ne tikai atbilst visaugst\u0101kajiem kvalit\u0101tes standartiem, bet ar\u012b pied\u0101v\u0101 piel\u0101gojam\u012bbas elast\u012bbu, lai piln\u012bb\u0101 atbilstu j\u016bsu B2B klientu z\u012bmola vajadz\u012bb\u0101m.<\/p>","protected":false},"excerpt":{"rendered":"<p>Atkl\u0101jiet vislab\u0101ko risin\u0101jumu dro\u0161\u0101m un \u0113rt\u0101m su\u0146u pastaig\u0101m ar m\u016bsu Bungee No Pull su\u0146u pavadi\u0146u. \u0160aj\u0101 inovat\u012bvaj\u0101 pavad\u0101 ir iek\u013cauta automa\u0161\u012bnas s\u0113dek\u013ca spr\u0101dze, kas nodro\u0161ina j\u016bsu m\u012blu\u013ca dro\u0161\u012bbu braucienu laik\u0101. Elast\u012bg\u0101 bungee aukla, kas izstr\u0101d\u0101ta, lai nov\u0113rstu vilk\u0161anu, nodro\u0161ina maigu korekciju, vienlaikus pied\u0101v\u0101jot pietiekamu stiep\u0161anos, lai \u0113rti piel\u0101gotos j\u016bsu m\u012blu\u013ca kust\u012bb\u0101m. Ide\u0101li piem\u0113rots akt\u012bviem su\u0146iem un autovad\u012bt\u0101jiem, kas augstu v\u0113rt\u0113 dro\u0161\u012bbu un \u0113rt\u012bbas. Piel\u0101gojiet ar sava z\u012bmola logotipu un unik\u0101liem rakstiem, lai saska\u0146otu \u0161o b\u016btisko aksesu\u0101ru ar sava uz\u0146\u0113muma identit\u0101ti.<\/p>","protected":false},"featured_media":9216,"template":"","meta":[],"product_brand":[],"product_cat":[27],"product_tag":[],"class_list":{"0":"post-9207","1":"product","2":"type-product","3":"status-publish","4":"has-post-thumbnail","6":"product_cat-dog-leash","7":"pa_brand-qqpets","9":"first","10":"instock","11":"shipping-taxable","12":"product-type-simple"},"yoast_head":"<!-- This site is optimized with the Yoast SEO plugin v26.6 - https:\/\/yoast.com\/wordpress\/plugins\/seo\/ -->\n<title>No Pull Dog Leash | QQPETS<\/title>\n<meta name=\"description\" content=\"Enhance pet safety and comfort with our Bungee No Pull Dog Leash featuring a built-in car seat buckle.\" \/>\n<meta name=\"robots\" content=\"index, follow, max-snippet:-1, max-image-preview:large, max-video-preview:-1\" \/>\n<link rel=\"canonical\" href=\"https:\/\/qqpets.com\/lv\/products\/no-pull-dog-leash\/\" \/>\n<meta property=\"og:locale\" content=\"lv_LV\" \/>\n<meta property=\"og:type\" content=\"article\" \/>\n<meta property=\"og:title\" content=\"No Pull Dog Leash | QQPETS\" \/>\n<meta property=\"og:description\" content=\"Enhance pet safety and comfort with our Bungee No Pull Dog Leash featuring a built-in car seat buckle.\" \/>\n<meta property=\"og:url\" content=\"https:\/\/qqpets.com\/lv\/products\/no-pull-dog-leash\/\" \/>\n<meta property=\"og:site_name\" content=\"QQPETS\" \/>\n<meta property=\"article:publisher\" content=\"https:\/\/www.facebook.com\/QQpetsdogcollars\" \/>\n<meta property=\"og:image\" content=\"https:\/\/qqpets.com\/wp-content\/uploads\/2024\/11\/no-pull-dog-leash9.webp\" \/>\n\t<meta property=\"og:image:width\" content=\"800\" \/>\n\t<meta property=\"og:image:height\" content=\"800\" \/>\n\t<meta property=\"og:image:type\" content=\"image\/webp\" \/>\n<meta name=\"twitter:card\" content=\"summary_large_image\" \/>\n<meta name=\"twitter:label1\" content=\"Est. reading time\" \/>\n\t<meta name=\"twitter:data1\" content=\"1 min\u016bte\" \/>\n<script type=\"application\/ld+json\" class=\"yoast-schema-graph\">{\"@context\":\"https:\/\/schema.org\",\"@graph\":[{\"@type\":\"WebPage\",\"@id\":\"https:\/\/qqpets.com\/product\/no-pull-dog-leash\/\",\"url\":\"https:\/\/qqpets.com\/product\/no-pull-dog-leash\/\",\"name\":\"No Pull Dog Leash | QQPETS\",\"isPartOf\":{\"@id\":\"https:\/\/qqpets.com\/#website\"},\"primaryImageOfPage\":{\"@id\":\"https:\/\/qqpets.com\/product\/no-pull-dog-leash\/#primaryimage\"},\"image\":{\"@id\":\"https:\/\/qqpets.com\/product\/no-pull-dog-leash\/#primaryimage\"},\"thumbnailUrl\":\"https:\/\/qqpets.com\/wp-content\/uploads\/2024\/11\/no-pull-dog-leash9.webp\",\"datePublished\":\"2024-11-11T06:31:06+00:00\",\"description\":\"Enhance pet safety and comfort with our Bungee No Pull Dog Leash featuring a built-in car seat buckle.\",\"breadcrumb\":{\"@id\":\"https:\/\/qqpets.com\/product\/no-pull-dog-leash\/#breadcrumb\"},\"inLanguage\":\"lv-LV\",\"potentialAction\":[{\"@type\":\"ReadAction\",\"target\":[\"https:\/\/qqpets.com\/product\/no-pull-dog-leash\/\"]}]},{\"@type\":\"ImageObject\",\"inLanguage\":\"lv-LV\",\"@id\":\"https:\/\/qqpets.com\/product\/no-pull-dog-leash\/#primaryimage\",\"url\":\"https:\/\/qqpets.com\/wp-content\/uploads\/2024\/11\/no-pull-dog-leash9.webp\",\"contentUrl\":\"https:\/\/qqpets.com\/wp-content\/uploads\/2024\/11\/no-pull-dog-leash9.webp\",\"width\":800,\"height\":800},{\"@type\":\"BreadcrumbList\",\"@id\":\"https:\/\/qqpets.com\/product\/no-pull-dog-leash\/#breadcrumb\",\"itemListElement\":[{\"@type\":\"ListItem\",\"position\":1,\"name\":\"Home\",\"item\":\"https:\/\/qqpets.com\/\"},{\"@type\":\"ListItem\",\"position\":2,\"name\":\"Products\",\"item\":\"https:\/\/qqpets.com\/pet-products-manufacturer\/\"},{\"@type\":\"ListItem\",\"position\":3,\"name\":\"No Pull Dog Leash\"}]},{\"@type\":\"WebSite\",\"@id\":\"https:\/\/qqpets.com\/#website\",\"url\":\"https:\/\/qqpets.com\/\",\"name\":\"QQPETS\",\"description\":\"QQPETS is a pet products factory for dog harnesses, dog collars, dog leashes and dog accessories with professional customized service since 2005.\",\"publisher\":{\"@id\":\"https:\/\/qqpets.com\/#organization\"},\"potentialAction\":[{\"@type\":\"SearchAction\",\"target\":{\"@type\":\"EntryPoint\",\"urlTemplate\":\"https:\/\/qqpets.com\/?s={search_term_string}\"},\"query-input\":{\"@type\":\"PropertyValueSpecification\",\"valueRequired\":true,\"valueName\":\"search_term_string\"}}],\"inLanguage\":\"lv-LV\"},{\"@type\":\"Organization\",\"@id\":\"https:\/\/qqpets.com\/#organization\",\"name\":\"QQPETS\",\"url\":\"https:\/\/qqpets.com\/\",\"logo\":{\"@type\":\"ImageObject\",\"inLanguage\":\"lv-LV\",\"@id\":\"https:\/\/qqpets.com\/#\/schema\/logo\/image\/\",\"url\":\"https:\/\/qqpets.com\/wp-content\/uploads\/2023\/09\/cropped-cropped-qqpets-tiktok.jpg\",\"contentUrl\":\"https:\/\/qqpets.com\/wp-content\/uploads\/2023\/09\/cropped-cropped-qqpets-tiktok.jpg\",\"width\":511,\"height\":511,\"caption\":\"QQPETS\"},\"image\":{\"@id\":\"https:\/\/qqpets.com\/#\/schema\/logo\/image\/\"},\"sameAs\":[\"https:\/\/www.facebook.com\/QQpetsdogcollars\",\"https:\/\/www.instagram.com\/qqpetscollar\/\",\"https:\/\/www.pinterest.com\/qqpetsdogcollarsfactory\/\"]}]}<\/script>\n<!-- \/ Yoast SEO plugin. -->","yoast_head_json":{"title":"Su\u0146u pavadas bez vilk\u0161anas | QQPETS","description":"Uzlabojiet m\u0101jdz\u012bvnieku dro\u0161\u012bbu un komfortu ar m\u016bsu Bungee No Pull su\u0146u pavadi\u0146u ar ieb\u016bv\u0113tu automa\u0161\u012bnas s\u0113dek\u013ca spr\u0101dzi.","robots":{"index":"index","follow":"follow","max-snippet":"max-snippet:-1","max-image-preview":"max-image-preview:large","max-video-preview":"max-video-preview:-1"},"canonical":"https:\/\/qqpets.com\/lv\/products\/no-pull-dog-leash\/","og_locale":"lv_LV","og_type":"article","og_title":"No Pull Dog Leash | QQPETS","og_description":"Enhance pet safety and comfort with our Bungee No Pull Dog Leash featuring a built-in car seat buckle.","og_url":"https:\/\/qqpets.com\/lv\/products\/no-pull-dog-leash\/","og_site_name":"QQPETS","article_publisher":"https:\/\/www.facebook.com\/QQpetsdogcollars","og_image":[{"width":800,"height":800,"url":"https:\/\/qqpets.com\/wp-content\/uploads\/2024\/11\/no-pull-dog-leash9.webp","type":"image\/webp"}],"twitter_card":"summary_large_image","twitter_misc":{"Est. reading time":"1 min\u016bte"},"schema":{"@context":"https:\/\/schema.org","@graph":[{"@type":"WebPage","@id":"https:\/\/qqpets.com\/product\/no-pull-dog-leash\/","url":"https:\/\/qqpets.com\/product\/no-pull-dog-leash\/","name":"Su\u0146u pavadas bez vilk\u0161anas | QQPETS","isPartOf":{"@id":"https:\/\/qqpets.com\/#website"},"primaryImageOfPage":{"@id":"https:\/\/qqpets.com\/product\/no-pull-dog-leash\/#primaryimage"},"image":{"@id":"https:\/\/qqpets.com\/product\/no-pull-dog-leash\/#primaryimage"},"thumbnailUrl":"https:\/\/qqpets.com\/wp-content\/uploads\/2024\/11\/no-pull-dog-leash9.webp","datePublished":"2024-11-11T06:31:06+00:00","description":"Uzlabojiet m\u0101jdz\u012bvnieku dro\u0161\u012bbu un komfortu ar m\u016bsu Bungee No Pull su\u0146u pavadi\u0146u ar ieb\u016bv\u0113tu automa\u0161\u012bnas s\u0113dek\u013ca spr\u0101dzi.","breadcrumb":{"@id":"https:\/\/qqpets.com\/product\/no-pull-dog-leash\/#breadcrumb"},"inLanguage":"lv-LV","potentialAction":[{"@type":"ReadAction","target":["https:\/\/qqpets.com\/product\/no-pull-dog-leash\/"]}]},{"@type":"ImageObject","inLanguage":"lv-LV","@id":"https:\/\/qqpets.com\/product\/no-pull-dog-leash\/#primaryimage","url":"https:\/\/qqpets.com\/wp-content\/uploads\/2024\/11\/no-pull-dog-leash9.webp","contentUrl":"https:\/\/qqpets.com\/wp-content\/uploads\/2024\/11\/no-pull-dog-leash9.webp","width":800,"height":800},{"@type":"BreadcrumbList","@id":"https:\/\/qqpets.com\/product\/no-pull-dog-leash\/#breadcrumb","itemListElement":[{"@type":"ListItem","position":1,"name":"Home","item":"https:\/\/qqpets.com\/"},{"@type":"ListItem","position":2,"name":"Products","item":"https:\/\/qqpets.com\/pet-products-manufacturer\/"},{"@type":"ListItem","position":3,"name":"No Pull Dog Leash"}]},{"@type":"WebSite","@id":"https:\/\/qqpets.com\/#website","url":"https:\/\/qqpets.com\/","name":"QQPETS","description":"QQPETS ir lolojumdz\u012bvnieku produktu r\u016bpn\u012bca su\u0146u siksn\u0101m, su\u0146u apkakles, su\u0146u pavadas un su\u0146u aksesu\u0101ri ar profesion\u0101lu piel\u0101gotu pakalpojumu kop\u0161 2005. gada.","publisher":{"@id":"https:\/\/qqpets.com\/#organization"},"potentialAction":[{"@type":"SearchAction","target":{"@type":"EntryPoint","urlTemplate":"https:\/\/qqpets.com\/?s={search_term_string}"},"query-input":{"@type":"PropertyValueSpecification","valueRequired":true,"valueName":"search_term_string"}}],"inLanguage":"lv-LV"},{"@type":"Organization","@id":"https:\/\/qqpets.com\/#organization","name":"QQPETS","url":"https:\/\/qqpets.com\/","logo":{"@type":"ImageObject","inLanguage":"lv-LV","@id":"https:\/\/qqpets.com\/#\/schema\/logo\/image\/","url":"https:\/\/qqpets.com\/wp-content\/uploads\/2023\/09\/cropped-cropped-qqpets-tiktok.jpg","contentUrl":"https:\/\/qqpets.com\/wp-content\/uploads\/2023\/09\/cropped-cropped-qqpets-tiktok.jpg","width":511,"height":511,"caption":"QQPETS"},"image":{"@id":"https:\/\/qqpets.com\/#\/schema\/logo\/image\/"},"sameAs":["https:\/\/www.facebook.com\/QQpetsdogcollars","https:\/\/www.instagram.com\/qqpetscollar\/","https:\/\/www.pinterest.com\/qqpetsdogcollarsfactory\/"]}]}},"_links":{"self":[{"href":"https:\/\/qqpets.com\/lv\/wp-json\/wp\/v2\/product\/9207","targetHints":{"allow":["GET"]}}],"collection":[{"href":"https:\/\/qqpets.com\/lv\/wp-json\/wp\/v2\/product"}],"about":[{"href":"https:\/\/qqpets.com\/lv\/wp-json\/wp\/v2\/types\/product"}],"wp:featuredmedia":[{"embeddable":true,"href":"https:\/\/qqpets.com\/lv\/wp-json\/wp\/v2\/media\/9216"}],"wp:attachment":[{"href":"https:\/\/qqpets.com\/lv\/wp-json\/wp\/v2\/media?parent=9207"}],"wp:term":[{"taxonomy":"product_brand","embeddable":true,"href":"https:\/\/qqpets.com\/lv\/wp-json\/wp\/v2\/product_brand?post=9207"},{"taxonomy":"product_cat","embeddable":true,"href":"https:\/\/qqpets.com\/lv\/wp-json\/wp\/v2\/product_cat?post=9207"},{"taxonomy":"product_tag","embeddable":true,"href":"https:\/\/qqpets.com\/lv\/wp-json\/wp\/v2\/product_tag?post=9207"}],"curies":[{"name":"wp","href":"https:\/\/api.w.org\/{rel}","templated":true}]}}