{"id":9254,"date":"2024-11-13T15:32:42","date_gmt":"2024-11-13T07:32:42","guid":{"rendered":"https:\/\/qqpets.com\/?post_type=product&#038;p=9254"},"modified":"2024-11-14T11:45:39","modified_gmt":"2024-11-14T03:45:39","slug":"escape-proof-h-shape-cat-harness","status":"publish","type":"product","link":"https:\/\/qqpets.com\/lv\/products\/escape-proof-h-shape-cat-harness\/","title":{"rendered":"Escape Proof H formas siksna ka\u0137iem"},"content":{"rendered":"<p>Regul\u0113jam\u0101 siksna ir vislab\u0101k\u0101 izv\u0113le tiem z\u012bmoliem, kas v\u0113las pied\u0101v\u0101t augst\u0101k\u0101s kvalit\u0101tes, piel\u0101gojamu m\u0101jdz\u012bvnieku aksesu\u0101ru. \u0160\u012b \u010detrpus\u012bg\u0101 konstrukcija nodro\u0161ina dro\u0161u un \u0113rtu stiprin\u0101jumu, kas piel\u0101gots da\u017e\u0101diem su\u0146u izm\u0113riem un form\u0101m. T\u0101 ir apr\u012bkota ar \u010detriem regul\u0113\u0161anas punktiem, kas nodro\u0161ina, ka su\u0146i aktivit\u0101\u0161u laik\u0101 nej\u016bt diskomfortu vai ierobe\u017eojumus. \u0160\u012b siksna ir izgatavota no elpojo\u0161iem, videi draudz\u012bgiem materi\u0101liem, kas atbilst ES kvalit\u0101tes standartiem, t\u0101p\u0113c ir gan dro\u0161a, gan iztur\u012bga.<\/p>\n<p>\u0160\u012bs \u010detrpunktu siksnas ir izstr\u0101d\u0101tas, dom\u0101jot par piel\u0101go\u0161anu, t\u0101p\u0113c t\u0101s var personaliz\u0113t ar logotipiem un rakstiem, lai t\u0101s atbilstu j\u016bsu z\u012bmola identit\u0101tei. M\u0113s saprotam, cik svar\u012bgi ir izcelties konkur\u0113tsp\u0113j\u012bgaj\u0101 m\u0101jdz\u012bvnieku tirg\u016b, un m\u016bsu regul\u0113jam\u0101s \u010detrpunktu siksnas nodro\u0161ina elast\u012bbu, lai rad\u012btu unik\u0101lus, z\u012bmola produktus, kas patiks j\u016bsu klientiem. \u0160is produkts ir ide\u0101li piem\u0113rots zooveikaliem, tie\u0161saistes mazumtirgot\u0101jiem un vairumtirgot\u0101jiem, un tas apvieno praktiskumu un stilu, nodro\u0161inot neaizmirstamu klientu pieredzi un j\u016bsu z\u012bmolam loj\u0101lu piekrit\u0113ju.<\/p>","protected":false},"excerpt":{"rendered":"<p>M\u016bsu regul\u0113jam\u0101s siksnas apvieno komfortu, iztur\u012bbu un stilu, t\u0101p\u0113c t\u0101s ir ide\u0101li piem\u0113rotas z\u012bmoliem, kas v\u0113las pied\u0101v\u0101t augst\u0101k\u0101s kvalit\u0101tes lolojumdz\u012bvnieku produktus. \u0160\u012b siksna ir piln\u012bb\u0101 regul\u0113jama, lai t\u0101 perfekti piegu\u013c jebkuram sunim, nodro\u0161inot optim\u0101lu komfortu un kontroli pastaigu laik\u0101. T\u0101 ir izgatavota no augstas kvalit\u0101tes, videi draudz\u012bgiem materi\u0101liem, t\u0101p\u0113c ir saudz\u012bga pret m\u0101jdz\u012bvniekiem, vienlaikus saglab\u0101jot iztur\u012bbu. \u0160\u012b \u010detrpunktu siksna ir piel\u0101gojama ar j\u016bsu z\u012bmola logotipu un unik\u0101liem rakstiem, t\u0101p\u0113c t\u0101 ir ide\u0101li piem\u0113rota vairumtirgot\u0101jiem un uz\u0146\u0113mumiem, kuru m\u0113r\u0137is ir izcelties m\u0101jdz\u012bvnieku tirg\u016b. M\u016bsu siksnas ir izstr\u0101d\u0101tas, \u0146emot v\u0113r\u0101 m\u016bsdienu m\u0101jdz\u012bvnieku \u012bpa\u0161nieku vajadz\u012bbas, un t\u0101s ir ide\u0101ls formas un funkcionalit\u0101tes apvienojums.<\/p>","protected":false},"featured_media":9295,"template":"","meta":[],"product_brand":[],"product_cat":[23],"product_tag":[],"class_list":{"0":"post-9254","1":"product","2":"type-product","3":"status-publish","4":"has-post-thumbnail","6":"product_cat-dog-harness","8":"first","9":"instock","10":"shipping-taxable","11":"product-type-simple"},"yoast_head":"<!-- This site is optimized with the Yoast SEO plugin v26.6 - https:\/\/yoast.com\/wordpress\/plugins\/seo\/ -->\n<title>Escape Proof H shape Cat Harness | QQPETS<\/title>\n<meta name=\"description\" content=\"Discover our customizable Adjustable Harness, designed for maximum comfort and control. Perfect for B2B clients seeking high-quality, custom logo and pattern options.\" \/>\n<meta name=\"robots\" content=\"index, follow, max-snippet:-1, max-image-preview:large, max-video-preview:-1\" \/>\n<link rel=\"canonical\" href=\"https:\/\/qqpets.com\/lv\/products\/escape-proof-h-shape-cat-harness\/\" \/>\n<meta property=\"og:locale\" content=\"lv_LV\" \/>\n<meta property=\"og:type\" content=\"article\" \/>\n<meta property=\"og:title\" content=\"Escape Proof H shape Cat Harness | QQPETS\" \/>\n<meta property=\"og:description\" content=\"Discover our customizable Adjustable Harness, designed for maximum comfort and control. Perfect for B2B clients seeking high-quality, custom logo and pattern options.\" \/>\n<meta property=\"og:url\" content=\"https:\/\/qqpets.com\/lv\/products\/escape-proof-h-shape-cat-harness\/\" \/>\n<meta property=\"og:site_name\" content=\"QQPETS\" \/>\n<meta property=\"article:publisher\" content=\"https:\/\/www.facebook.com\/QQpetsdogcollars\" \/>\n<meta property=\"article:modified_time\" content=\"2024-11-14T03:45:39+00:00\" \/>\n<meta property=\"og:image\" content=\"https:\/\/qqpets.com\/wp-content\/uploads\/2024\/11\/cat-harness2.webp\" \/>\n\t<meta property=\"og:image:width\" content=\"800\" \/>\n\t<meta property=\"og:image:height\" content=\"800\" \/>\n\t<meta property=\"og:image:type\" content=\"image\/webp\" \/>\n<meta name=\"twitter:card\" content=\"summary_large_image\" \/>\n<meta name=\"twitter:label1\" content=\"Est. reading time\" \/>\n\t<meta name=\"twitter:data1\" content=\"1 min\u016bte\" \/>\n<script type=\"application\/ld+json\" class=\"yoast-schema-graph\">{\"@context\":\"https:\/\/schema.org\",\"@graph\":[{\"@type\":\"WebPage\",\"@id\":\"https:\/\/qqpets.com\/product\/escape-proof-h-shape-cat-harness\/\",\"url\":\"https:\/\/qqpets.com\/product\/escape-proof-h-shape-cat-harness\/\",\"name\":\"Escape Proof H shape Cat Harness | QQPETS\",\"isPartOf\":{\"@id\":\"https:\/\/qqpets.com\/#website\"},\"primaryImageOfPage\":{\"@id\":\"https:\/\/qqpets.com\/product\/escape-proof-h-shape-cat-harness\/#primaryimage\"},\"image\":{\"@id\":\"https:\/\/qqpets.com\/product\/escape-proof-h-shape-cat-harness\/#primaryimage\"},\"thumbnailUrl\":\"https:\/\/qqpets.com\/wp-content\/uploads\/2024\/11\/cat-harness2.webp\",\"datePublished\":\"2024-11-13T07:32:42+00:00\",\"dateModified\":\"2024-11-14T03:45:39+00:00\",\"description\":\"Discover our customizable Adjustable Harness, designed for maximum comfort and control. Perfect for B2B clients seeking high-quality, custom logo and pattern options.\",\"breadcrumb\":{\"@id\":\"https:\/\/qqpets.com\/product\/escape-proof-h-shape-cat-harness\/#breadcrumb\"},\"inLanguage\":\"lv-LV\",\"potentialAction\":[{\"@type\":\"ReadAction\",\"target\":[\"https:\/\/qqpets.com\/product\/escape-proof-h-shape-cat-harness\/\"]}]},{\"@type\":\"ImageObject\",\"inLanguage\":\"lv-LV\",\"@id\":\"https:\/\/qqpets.com\/product\/escape-proof-h-shape-cat-harness\/#primaryimage\",\"url\":\"https:\/\/qqpets.com\/wp-content\/uploads\/2024\/11\/cat-harness2.webp\",\"contentUrl\":\"https:\/\/qqpets.com\/wp-content\/uploads\/2024\/11\/cat-harness2.webp\",\"width\":800,\"height\":800},{\"@type\":\"BreadcrumbList\",\"@id\":\"https:\/\/qqpets.com\/product\/escape-proof-h-shape-cat-harness\/#breadcrumb\",\"itemListElement\":[{\"@type\":\"ListItem\",\"position\":1,\"name\":\"Home\",\"item\":\"https:\/\/qqpets.com\/\"},{\"@type\":\"ListItem\",\"position\":2,\"name\":\"Products\",\"item\":\"https:\/\/qqpets.com\/pet-products-manufacturer\/\"},{\"@type\":\"ListItem\",\"position\":3,\"name\":\"Escape Proof H shape Cat Harness\"}]},{\"@type\":\"WebSite\",\"@id\":\"https:\/\/qqpets.com\/#website\",\"url\":\"https:\/\/qqpets.com\/\",\"name\":\"QQPETS\",\"description\":\"QQPETS is a pet products factory for dog harnesses, dog collars, dog leashes and dog accessories with professional customized service since 2005.\",\"publisher\":{\"@id\":\"https:\/\/qqpets.com\/#organization\"},\"potentialAction\":[{\"@type\":\"SearchAction\",\"target\":{\"@type\":\"EntryPoint\",\"urlTemplate\":\"https:\/\/qqpets.com\/?s={search_term_string}\"},\"query-input\":{\"@type\":\"PropertyValueSpecification\",\"valueRequired\":true,\"valueName\":\"search_term_string\"}}],\"inLanguage\":\"lv-LV\"},{\"@type\":\"Organization\",\"@id\":\"https:\/\/qqpets.com\/#organization\",\"name\":\"QQPETS\",\"url\":\"https:\/\/qqpets.com\/\",\"logo\":{\"@type\":\"ImageObject\",\"inLanguage\":\"lv-LV\",\"@id\":\"https:\/\/qqpets.com\/#\/schema\/logo\/image\/\",\"url\":\"https:\/\/qqpets.com\/wp-content\/uploads\/2023\/09\/cropped-cropped-qqpets-tiktok.jpg\",\"contentUrl\":\"https:\/\/qqpets.com\/wp-content\/uploads\/2023\/09\/cropped-cropped-qqpets-tiktok.jpg\",\"width\":511,\"height\":511,\"caption\":\"QQPETS\"},\"image\":{\"@id\":\"https:\/\/qqpets.com\/#\/schema\/logo\/image\/\"},\"sameAs\":[\"https:\/\/www.facebook.com\/QQpetsdogcollars\",\"https:\/\/www.instagram.com\/qqpetscollar\/\",\"https:\/\/www.pinterest.com\/qqpetsdogcollarsfactory\/\"]}]}<\/script>\n<!-- \/ Yoast SEO plugin. -->","yoast_head_json":{"title":"Escape Proof H formas ka\u0137u siksnas | QQPETS","description":"Atkl\u0101jiet m\u016bsu piel\u0101gojam\u0101s regul\u0113jam\u0101s siksnas, kas ir izstr\u0101d\u0101tas maksim\u0101lam komfortam un kontrolei. Ide\u0101li piem\u0113rots B2B klientiem, kas mekl\u0113 augstas kvalit\u0101tes, piel\u0101gotus logotipus un rakstus.","robots":{"index":"index","follow":"follow","max-snippet":"max-snippet:-1","max-image-preview":"max-image-preview:large","max-video-preview":"max-video-preview:-1"},"canonical":"https:\/\/qqpets.com\/lv\/products\/escape-proof-h-shape-cat-harness\/","og_locale":"lv_LV","og_type":"article","og_title":"Escape Proof H shape Cat Harness | QQPETS","og_description":"Discover our customizable Adjustable Harness, designed for maximum comfort and control. Perfect for B2B clients seeking high-quality, custom logo and pattern options.","og_url":"https:\/\/qqpets.com\/lv\/products\/escape-proof-h-shape-cat-harness\/","og_site_name":"QQPETS","article_publisher":"https:\/\/www.facebook.com\/QQpetsdogcollars","article_modified_time":"2024-11-14T03:45:39+00:00","og_image":[{"width":800,"height":800,"url":"https:\/\/qqpets.com\/wp-content\/uploads\/2024\/11\/cat-harness2.webp","type":"image\/webp"}],"twitter_card":"summary_large_image","twitter_misc":{"Est. reading time":"1 min\u016bte"},"schema":{"@context":"https:\/\/schema.org","@graph":[{"@type":"WebPage","@id":"https:\/\/qqpets.com\/product\/escape-proof-h-shape-cat-harness\/","url":"https:\/\/qqpets.com\/product\/escape-proof-h-shape-cat-harness\/","name":"Escape Proof H formas ka\u0137u siksnas | QQPETS","isPartOf":{"@id":"https:\/\/qqpets.com\/#website"},"primaryImageOfPage":{"@id":"https:\/\/qqpets.com\/product\/escape-proof-h-shape-cat-harness\/#primaryimage"},"image":{"@id":"https:\/\/qqpets.com\/product\/escape-proof-h-shape-cat-harness\/#primaryimage"},"thumbnailUrl":"https:\/\/qqpets.com\/wp-content\/uploads\/2024\/11\/cat-harness2.webp","datePublished":"2024-11-13T07:32:42+00:00","dateModified":"2024-11-14T03:45:39+00:00","description":"Atkl\u0101jiet m\u016bsu piel\u0101gojam\u0101s regul\u0113jam\u0101s siksnas, kas ir izstr\u0101d\u0101tas maksim\u0101lam komfortam un kontrolei. Ide\u0101li piem\u0113rots B2B klientiem, kas mekl\u0113 augstas kvalit\u0101tes, piel\u0101gotus logotipus un rakstus.","breadcrumb":{"@id":"https:\/\/qqpets.com\/product\/escape-proof-h-shape-cat-harness\/#breadcrumb"},"inLanguage":"lv-LV","potentialAction":[{"@type":"ReadAction","target":["https:\/\/qqpets.com\/product\/escape-proof-h-shape-cat-harness\/"]}]},{"@type":"ImageObject","inLanguage":"lv-LV","@id":"https:\/\/qqpets.com\/product\/escape-proof-h-shape-cat-harness\/#primaryimage","url":"https:\/\/qqpets.com\/wp-content\/uploads\/2024\/11\/cat-harness2.webp","contentUrl":"https:\/\/qqpets.com\/wp-content\/uploads\/2024\/11\/cat-harness2.webp","width":800,"height":800},{"@type":"BreadcrumbList","@id":"https:\/\/qqpets.com\/product\/escape-proof-h-shape-cat-harness\/#breadcrumb","itemListElement":[{"@type":"ListItem","position":1,"name":"Home","item":"https:\/\/qqpets.com\/"},{"@type":"ListItem","position":2,"name":"Products","item":"https:\/\/qqpets.com\/pet-products-manufacturer\/"},{"@type":"ListItem","position":3,"name":"Escape Proof H shape Cat Harness"}]},{"@type":"WebSite","@id":"https:\/\/qqpets.com\/#website","url":"https:\/\/qqpets.com\/","name":"QQPETS","description":"QQPETS ir lolojumdz\u012bvnieku produktu r\u016bpn\u012bca su\u0146u siksn\u0101m, su\u0146u apkakles, su\u0146u pavadas un su\u0146u aksesu\u0101ri ar profesion\u0101lu piel\u0101gotu pakalpojumu kop\u0161 2005. gada.","publisher":{"@id":"https:\/\/qqpets.com\/#organization"},"potentialAction":[{"@type":"SearchAction","target":{"@type":"EntryPoint","urlTemplate":"https:\/\/qqpets.com\/?s={search_term_string}"},"query-input":{"@type":"PropertyValueSpecification","valueRequired":true,"valueName":"search_term_string"}}],"inLanguage":"lv-LV"},{"@type":"Organization","@id":"https:\/\/qqpets.com\/#organization","name":"QQPETS","url":"https:\/\/qqpets.com\/","logo":{"@type":"ImageObject","inLanguage":"lv-LV","@id":"https:\/\/qqpets.com\/#\/schema\/logo\/image\/","url":"https:\/\/qqpets.com\/wp-content\/uploads\/2023\/09\/cropped-cropped-qqpets-tiktok.jpg","contentUrl":"https:\/\/qqpets.com\/wp-content\/uploads\/2023\/09\/cropped-cropped-qqpets-tiktok.jpg","width":511,"height":511,"caption":"QQPETS"},"image":{"@id":"https:\/\/qqpets.com\/#\/schema\/logo\/image\/"},"sameAs":["https:\/\/www.facebook.com\/QQpetsdogcollars","https:\/\/www.instagram.com\/qqpetscollar\/","https:\/\/www.pinterest.com\/qqpetsdogcollarsfactory\/"]}]}},"_links":{"self":[{"href":"https:\/\/qqpets.com\/lv\/wp-json\/wp\/v2\/product\/9254","targetHints":{"allow":["GET"]}}],"collection":[{"href":"https:\/\/qqpets.com\/lv\/wp-json\/wp\/v2\/product"}],"about":[{"href":"https:\/\/qqpets.com\/lv\/wp-json\/wp\/v2\/types\/product"}],"wp:featuredmedia":[{"embeddable":true,"href":"https:\/\/qqpets.com\/lv\/wp-json\/wp\/v2\/media\/9295"}],"wp:attachment":[{"href":"https:\/\/qqpets.com\/lv\/wp-json\/wp\/v2\/media?parent=9254"}],"wp:term":[{"taxonomy":"product_brand","embeddable":true,"href":"https:\/\/qqpets.com\/lv\/wp-json\/wp\/v2\/product_brand?post=9254"},{"taxonomy":"product_cat","embeddable":true,"href":"https:\/\/qqpets.com\/lv\/wp-json\/wp\/v2\/product_cat?post=9254"},{"taxonomy":"product_tag","embeddable":true,"href":"https:\/\/qqpets.com\/lv\/wp-json\/wp\/v2\/product_tag?post=9254"}],"curies":[{"name":"wp","href":"https:\/\/api.w.org\/{rel}","templated":true}]}}