{"id":9261,"date":"2024-11-13T16:07:37","date_gmt":"2024-11-13T08:07:37","guid":{"rendered":"https:\/\/qqpets.com\/?post_type=product&#038;p=9261"},"modified":"2024-11-13T16:07:37","modified_gmt":"2024-11-13T08:07:37","slug":"pvc-poop-bag-holder","status":"publish","type":"product","link":"https:\/\/qqpets.com\/lv\/products\/pvc-poop-bag-holder\/","title":{"rendered":"PVC kaku maisi\u0146u tur\u0113t\u0101js"},"content":{"rendered":"<p>PVC kaku maisi\u0146u tur\u0113t\u0101js ir oblig\u0101ts aksesu\u0101rs m\u0101jdz\u012bvnieku \u012bpa\u0161niekiem, kuri nov\u0113rt\u0113 gan stilu, gan funkcionalit\u0101ti. Izgatavots no iztur\u012bga, videi draudz\u012bga PVC materi\u0101la, \u0161is maisi\u0146u tur\u0113t\u0101js ir paredz\u0113ts ikdienas lieto\u0161anai, vienlaikus tas ir viegls un viegli p\u0101rn\u0113s\u0101jams. T\u0101 \u016bdensnecaurlaid\u012bg\u0101 un viegli t\u012br\u0101m\u0101 virsma nodro\u0161ina t\u0101 higi\u0113niskumu un praktiskumu jebkuros laikapst\u0101k\u013cos, t\u0101p\u0113c tas ir ide\u0101li piem\u0113rots \u0101ra piedz\u012bvojumiem ar m\u0101jdz\u012bvniekiem.<\/p>\n<p>Maisi\u0146a tur\u0113t\u0101js ir izstr\u0101d\u0101ts, dom\u0101jot par \u0113rt\u012bb\u0101m, un to var viegli piestiprin\u0101t pie pavad\u0101m, siksn\u0101m, som\u0101m vai jost\u0101m, lai atkritumu maisi\u0146i b\u016btu \u0101tri sasniedzami. Kompaktais un elegantais dizains \u013cauj m\u0101jdz\u012bvnieku \u012bpa\u0161niekiem to bez piep\u016bles p\u0101rn\u0113s\u0101t, bet dro\u0161ais aizv\u0113r\u0161anas meh\u0101nisms \u013cauj maisi\u0146us dro\u0161i uzglab\u0101t l\u012bdz nepiecie\u0161am\u012bbai.<\/p>\n<p>\u0160is PVC kaku maisi\u0146u tur\u0113t\u0101js pied\u0101v\u0101 bezgal\u012bgas piel\u0101go\u0161anas iesp\u0113jas. M\u0113s atbalst\u0101m piel\u0101gotu logotipu un rakstu druk\u0101\u0161anu, \u013caujot lolojumdz\u012bvnieku z\u012bmoliem personaliz\u0113t tur\u0113t\u0101ju ar z\u012bmolved\u012bbas elementiem, kas izteiksm\u012bgi. Neatkar\u012bgi no t\u0101, vai esat zooveikals, tie\u0161saistes mazumtirgot\u0101js vai izplat\u012bt\u0101js, \u0161is piel\u0101gojamais tur\u0113t\u0101js nodro\u0161ina unik\u0101lu, z\u012bmolam atbilsto\u0161u risin\u0101jumu, kas rezon\u0113 ar m\u016bsdienu m\u0101jdz\u012bvnieku \u012bpa\u0161niekiem, kuri mekl\u0113 funkcion\u0101lus un vienlaikus stil\u012bgus aksesu\u0101rus. Papla\u0161iniet savu produktu kl\u0101stu ar \u013coti piepras\u012btu, praktisku priek\u0161metu, kas pie\u0161\u0137ir v\u0113rt\u012bbu un atpaz\u012bstam\u012bbu j\u016bsu z\u012bmolam.<\/p>","protected":false},"excerpt":{"rendered":"<p>M\u016bsu PVC izk\u0101rn\u012bjumu maisi\u0146u tur\u0113t\u0101js apvieno iztur\u012bbu, \u0113rt\u012bbas un piel\u0101go\u0161anu m\u0101jdz\u012bvnieku z\u012bmoliem, kas v\u0113las pied\u0101v\u0101t praktiskus risin\u0101jumus m\u0101jdz\u012bvnieku atkritumu izme\u0161anai. Izgatavots no augstas kvalit\u0101tes PVC, \u0161is maisi\u0146u tur\u0113t\u0101js ir viegls, \u016bdensiztur\u012bgs un viegli t\u012br\u0101ms. Tas tiek dro\u0161i piestiprin\u0101ts pie pavad\u0101m, siksn\u0101m vai maisi\u0146iem, nodro\u0161inot, ka lolojumdz\u012bvnieku \u012bpa\u0161niekiem pastaigu laik\u0101 atkritumu maisi\u0146i ir viegli pieejami. \u0160is tur\u0113t\u0101js ir lieliski piem\u0113rots B2B klientiem, jo to var piel\u0101got ar logotipiem un unik\u0101liem rakstiem, t\u0101d\u0113j\u0101di uzlabojot z\u012bmola atpaz\u012bstam\u012bbu. Ide\u0101li piem\u0113rots zooveikaliem, tie\u0161saistes mazumtirgot\u0101jiem un vairumtirgot\u0101jiem, kuru m\u0113r\u0137is ir nodro\u0161in\u0101t saviem klientiem funkcion\u0101lu un vienlaikus stil\u012bgu produktu.<\/p>","protected":false},"featured_media":9262,"template":"","meta":[],"product_brand":[],"product_cat":[58],"product_tag":[],"class_list":{"0":"post-9261","1":"product","2":"type-product","3":"status-publish","4":"has-post-thumbnail","6":"product_cat-accessories","8":"first","9":"instock","10":"shipping-taxable","11":"product-type-simple"},"yoast_head":"<!-- This site is optimized with the Yoast SEO plugin v26.6 - https:\/\/yoast.com\/wordpress\/plugins\/seo\/ -->\n<title>PVC Poop Bag Holder | QQPETS<\/title>\n<meta name=\"description\" content=\"Durable and stylish PVC Poop Bag Holder for pet waste bags. Ideal for B2B buyers seeking custom logos and patterns. Practical, easy-to-carry design for pet owners.\" \/>\n<meta name=\"robots\" content=\"index, follow, max-snippet:-1, max-image-preview:large, max-video-preview:-1\" \/>\n<link rel=\"canonical\" href=\"https:\/\/qqpets.com\/lv\/products\/pvc-poop-bag-holder\/\" \/>\n<meta property=\"og:locale\" content=\"lv_LV\" \/>\n<meta property=\"og:type\" content=\"article\" \/>\n<meta property=\"og:title\" content=\"PVC Poop Bag Holder | QQPETS\" \/>\n<meta property=\"og:description\" content=\"Durable and stylish PVC Poop Bag Holder for pet waste bags. Ideal for B2B buyers seeking custom logos and patterns. Practical, easy-to-carry design for pet owners.\" \/>\n<meta property=\"og:url\" content=\"https:\/\/qqpets.com\/lv\/products\/pvc-poop-bag-holder\/\" \/>\n<meta property=\"og:site_name\" content=\"QQPETS\" \/>\n<meta property=\"article:publisher\" content=\"https:\/\/www.facebook.com\/QQpetsdogcollars\" \/>\n<meta property=\"og:image\" content=\"https:\/\/qqpets.com\/wp-content\/uploads\/2024\/11\/1.webp\" \/>\n\t<meta property=\"og:image:width\" content=\"800\" \/>\n\t<meta property=\"og:image:height\" content=\"800\" \/>\n\t<meta property=\"og:image:type\" content=\"image\/webp\" \/>\n<meta name=\"twitter:card\" content=\"summary_large_image\" \/>\n<meta name=\"twitter:label1\" content=\"Est. reading time\" \/>\n\t<meta name=\"twitter:data1\" content=\"1 min\u016bte\" \/>\n<script type=\"application\/ld+json\" class=\"yoast-schema-graph\">{\"@context\":\"https:\/\/schema.org\",\"@graph\":[{\"@type\":\"WebPage\",\"@id\":\"https:\/\/qqpets.com\/product\/pvc-poop-bag-holder\/\",\"url\":\"https:\/\/qqpets.com\/product\/pvc-poop-bag-holder\/\",\"name\":\"PVC Poop Bag Holder | QQPETS\",\"isPartOf\":{\"@id\":\"https:\/\/qqpets.com\/#website\"},\"primaryImageOfPage\":{\"@id\":\"https:\/\/qqpets.com\/product\/pvc-poop-bag-holder\/#primaryimage\"},\"image\":{\"@id\":\"https:\/\/qqpets.com\/product\/pvc-poop-bag-holder\/#primaryimage\"},\"thumbnailUrl\":\"https:\/\/qqpets.com\/wp-content\/uploads\/2024\/11\/1.webp\",\"datePublished\":\"2024-11-13T08:07:37+00:00\",\"description\":\"Durable and stylish PVC Poop Bag Holder for pet waste bags. Ideal for B2B buyers seeking custom logos and patterns. Practical, easy-to-carry design for pet owners.\",\"breadcrumb\":{\"@id\":\"https:\/\/qqpets.com\/product\/pvc-poop-bag-holder\/#breadcrumb\"},\"inLanguage\":\"lv-LV\",\"potentialAction\":[{\"@type\":\"ReadAction\",\"target\":[\"https:\/\/qqpets.com\/product\/pvc-poop-bag-holder\/\"]}]},{\"@type\":\"ImageObject\",\"inLanguage\":\"lv-LV\",\"@id\":\"https:\/\/qqpets.com\/product\/pvc-poop-bag-holder\/#primaryimage\",\"url\":\"https:\/\/qqpets.com\/wp-content\/uploads\/2024\/11\/1.webp\",\"contentUrl\":\"https:\/\/qqpets.com\/wp-content\/uploads\/2024\/11\/1.webp\",\"width\":800,\"height\":800},{\"@type\":\"BreadcrumbList\",\"@id\":\"https:\/\/qqpets.com\/product\/pvc-poop-bag-holder\/#breadcrumb\",\"itemListElement\":[{\"@type\":\"ListItem\",\"position\":1,\"name\":\"Home\",\"item\":\"https:\/\/qqpets.com\/\"},{\"@type\":\"ListItem\",\"position\":2,\"name\":\"Products\",\"item\":\"https:\/\/qqpets.com\/pet-products-manufacturer\/\"},{\"@type\":\"ListItem\",\"position\":3,\"name\":\"PVC Poop Bag Holder\"}]},{\"@type\":\"WebSite\",\"@id\":\"https:\/\/qqpets.com\/#website\",\"url\":\"https:\/\/qqpets.com\/\",\"name\":\"QQPETS\",\"description\":\"QQPETS is a pet products factory for dog harnesses, dog collars, dog leashes and dog accessories with professional customized service since 2005.\",\"publisher\":{\"@id\":\"https:\/\/qqpets.com\/#organization\"},\"potentialAction\":[{\"@type\":\"SearchAction\",\"target\":{\"@type\":\"EntryPoint\",\"urlTemplate\":\"https:\/\/qqpets.com\/?s={search_term_string}\"},\"query-input\":{\"@type\":\"PropertyValueSpecification\",\"valueRequired\":true,\"valueName\":\"search_term_string\"}}],\"inLanguage\":\"lv-LV\"},{\"@type\":\"Organization\",\"@id\":\"https:\/\/qqpets.com\/#organization\",\"name\":\"QQPETS\",\"url\":\"https:\/\/qqpets.com\/\",\"logo\":{\"@type\":\"ImageObject\",\"inLanguage\":\"lv-LV\",\"@id\":\"https:\/\/qqpets.com\/#\/schema\/logo\/image\/\",\"url\":\"https:\/\/qqpets.com\/wp-content\/uploads\/2023\/09\/cropped-cropped-qqpets-tiktok.jpg\",\"contentUrl\":\"https:\/\/qqpets.com\/wp-content\/uploads\/2023\/09\/cropped-cropped-qqpets-tiktok.jpg\",\"width\":511,\"height\":511,\"caption\":\"QQPETS\"},\"image\":{\"@id\":\"https:\/\/qqpets.com\/#\/schema\/logo\/image\/\"},\"sameAs\":[\"https:\/\/www.facebook.com\/QQpetsdogcollars\",\"https:\/\/www.instagram.com\/qqpetscollar\/\",\"https:\/\/www.pinterest.com\/qqpetsdogcollarsfactory\/\"]}]}<\/script>\n<!-- \/ Yoast SEO plugin. -->","yoast_head_json":{"title":"PVC kaku maisi\u0146u tur\u0113t\u0101js | QQPETS","description":"Iztur\u012bgs un stil\u012bgs PVC maisi\u0146u tur\u0113t\u0101js m\u0101jdz\u012bvnieku izk\u0101rn\u012bjumu maisi\u0146iem. Ide\u0101li piem\u0113rots B2B pirc\u0113jiem, kas mekl\u0113 piel\u0101gotus logotipus un rakstus. Praktisks, \u0113rti p\u0101rn\u0113s\u0101jams dizains m\u0101jdz\u012bvnieku \u012bpa\u0161niekiem.","robots":{"index":"index","follow":"follow","max-snippet":"max-snippet:-1","max-image-preview":"max-image-preview:large","max-video-preview":"max-video-preview:-1"},"canonical":"https:\/\/qqpets.com\/lv\/products\/pvc-poop-bag-holder\/","og_locale":"lv_LV","og_type":"article","og_title":"PVC Poop Bag Holder | QQPETS","og_description":"Durable and stylish PVC Poop Bag Holder for pet waste bags. Ideal for B2B buyers seeking custom logos and patterns. Practical, easy-to-carry design for pet owners.","og_url":"https:\/\/qqpets.com\/lv\/products\/pvc-poop-bag-holder\/","og_site_name":"QQPETS","article_publisher":"https:\/\/www.facebook.com\/QQpetsdogcollars","og_image":[{"width":800,"height":800,"url":"https:\/\/qqpets.com\/wp-content\/uploads\/2024\/11\/1.webp","type":"image\/webp"}],"twitter_card":"summary_large_image","twitter_misc":{"Est. reading time":"1 min\u016bte"},"schema":{"@context":"https:\/\/schema.org","@graph":[{"@type":"WebPage","@id":"https:\/\/qqpets.com\/product\/pvc-poop-bag-holder\/","url":"https:\/\/qqpets.com\/product\/pvc-poop-bag-holder\/","name":"PVC kaku maisi\u0146u tur\u0113t\u0101js | QQPETS","isPartOf":{"@id":"https:\/\/qqpets.com\/#website"},"primaryImageOfPage":{"@id":"https:\/\/qqpets.com\/product\/pvc-poop-bag-holder\/#primaryimage"},"image":{"@id":"https:\/\/qqpets.com\/product\/pvc-poop-bag-holder\/#primaryimage"},"thumbnailUrl":"https:\/\/qqpets.com\/wp-content\/uploads\/2024\/11\/1.webp","datePublished":"2024-11-13T08:07:37+00:00","description":"Iztur\u012bgs un stil\u012bgs PVC maisi\u0146u tur\u0113t\u0101js m\u0101jdz\u012bvnieku izk\u0101rn\u012bjumu maisi\u0146iem. Ide\u0101li piem\u0113rots B2B pirc\u0113jiem, kas mekl\u0113 piel\u0101gotus logotipus un rakstus. Praktisks, \u0113rti p\u0101rn\u0113s\u0101jams dizains m\u0101jdz\u012bvnieku \u012bpa\u0161niekiem.","breadcrumb":{"@id":"https:\/\/qqpets.com\/product\/pvc-poop-bag-holder\/#breadcrumb"},"inLanguage":"lv-LV","potentialAction":[{"@type":"ReadAction","target":["https:\/\/qqpets.com\/product\/pvc-poop-bag-holder\/"]}]},{"@type":"ImageObject","inLanguage":"lv-LV","@id":"https:\/\/qqpets.com\/product\/pvc-poop-bag-holder\/#primaryimage","url":"https:\/\/qqpets.com\/wp-content\/uploads\/2024\/11\/1.webp","contentUrl":"https:\/\/qqpets.com\/wp-content\/uploads\/2024\/11\/1.webp","width":800,"height":800},{"@type":"BreadcrumbList","@id":"https:\/\/qqpets.com\/product\/pvc-poop-bag-holder\/#breadcrumb","itemListElement":[{"@type":"ListItem","position":1,"name":"Home","item":"https:\/\/qqpets.com\/"},{"@type":"ListItem","position":2,"name":"Products","item":"https:\/\/qqpets.com\/pet-products-manufacturer\/"},{"@type":"ListItem","position":3,"name":"PVC Poop Bag Holder"}]},{"@type":"WebSite","@id":"https:\/\/qqpets.com\/#website","url":"https:\/\/qqpets.com\/","name":"QQPETS","description":"QQPETS ir lolojumdz\u012bvnieku produktu r\u016bpn\u012bca su\u0146u siksn\u0101m, su\u0146u apkakles, su\u0146u pavadas un su\u0146u aksesu\u0101ri ar profesion\u0101lu piel\u0101gotu pakalpojumu kop\u0161 2005. gada.","publisher":{"@id":"https:\/\/qqpets.com\/#organization"},"potentialAction":[{"@type":"SearchAction","target":{"@type":"EntryPoint","urlTemplate":"https:\/\/qqpets.com\/?s={search_term_string}"},"query-input":{"@type":"PropertyValueSpecification","valueRequired":true,"valueName":"search_term_string"}}],"inLanguage":"lv-LV"},{"@type":"Organization","@id":"https:\/\/qqpets.com\/#organization","name":"QQPETS","url":"https:\/\/qqpets.com\/","logo":{"@type":"ImageObject","inLanguage":"lv-LV","@id":"https:\/\/qqpets.com\/#\/schema\/logo\/image\/","url":"https:\/\/qqpets.com\/wp-content\/uploads\/2023\/09\/cropped-cropped-qqpets-tiktok.jpg","contentUrl":"https:\/\/qqpets.com\/wp-content\/uploads\/2023\/09\/cropped-cropped-qqpets-tiktok.jpg","width":511,"height":511,"caption":"QQPETS"},"image":{"@id":"https:\/\/qqpets.com\/#\/schema\/logo\/image\/"},"sameAs":["https:\/\/www.facebook.com\/QQpetsdogcollars","https:\/\/www.instagram.com\/qqpetscollar\/","https:\/\/www.pinterest.com\/qqpetsdogcollarsfactory\/"]}]}},"_links":{"self":[{"href":"https:\/\/qqpets.com\/lv\/wp-json\/wp\/v2\/product\/9261","targetHints":{"allow":["GET"]}}],"collection":[{"href":"https:\/\/qqpets.com\/lv\/wp-json\/wp\/v2\/product"}],"about":[{"href":"https:\/\/qqpets.com\/lv\/wp-json\/wp\/v2\/types\/product"}],"wp:featuredmedia":[{"embeddable":true,"href":"https:\/\/qqpets.com\/lv\/wp-json\/wp\/v2\/media\/9262"}],"wp:attachment":[{"href":"https:\/\/qqpets.com\/lv\/wp-json\/wp\/v2\/media?parent=9261"}],"wp:term":[{"taxonomy":"product_brand","embeddable":true,"href":"https:\/\/qqpets.com\/lv\/wp-json\/wp\/v2\/product_brand?post=9261"},{"taxonomy":"product_cat","embeddable":true,"href":"https:\/\/qqpets.com\/lv\/wp-json\/wp\/v2\/product_cat?post=9261"},{"taxonomy":"product_tag","embeddable":true,"href":"https:\/\/qqpets.com\/lv\/wp-json\/wp\/v2\/product_tag?post=9261"}],"curies":[{"name":"wp","href":"https:\/\/api.w.org\/{rel}","templated":true}]}}