{"id":9285,"date":"2024-11-14T11:39:39","date_gmt":"2024-11-14T03:39:39","guid":{"rendered":"https:\/\/qqpets.com\/?post_type=product&#038;p=9285"},"modified":"2024-11-14T11:39:39","modified_gmt":"2024-11-14T03:39:39","slug":"scrunchie","status":"publish","type":"product","link":"https:\/\/qqpets.com\/lv\/products\/scrunchie\/","title":{"rendered":"Galvas lakats Scrunchie"},"content":{"rendered":"<p>\u0160\u012b piel\u0101gojam\u0101 gumija ir veidota t\u0101, lai jebkuram m\u0101jdz\u012bvnieka aksesu\u0101ram pie\u0161\u0137irtu stila, komforta un z\u012bmola identit\u0101tes apvienojumu. Izgatavoti no iztur\u012bga, augstas kvalit\u0101tes auduma, m\u016bsu skr\u0101pji nodro\u0161ina ilgsto\u0161u valk\u0101\u0161anu un spilgtas kr\u0101sas, kas iztur bie\u017eu lieto\u0161anu un mazg\u0101\u0161anu. Izstr\u0101d\u0101ts t\u0101, lai b\u016btu saudz\u012bgs gan m\u0101jdz\u012bvniekiem, gan \u012bpa\u0161niekiem, skr\u0101p\u012btis ir daudzpus\u012bgs, stil\u012bgs risin\u0101jums, kas nevainojami atbilst j\u016bsu z\u012bmola v\u012bzijai.<\/p>\n<p>B2B klientiem \u0161is scrunchie ir piln\u012bb\u0101 piel\u0101gojams - neatkar\u012bgi no t\u0101, vai v\u0113laties pievienot savu logotipu, \u012bpa\u0161as kr\u0101sas vai unik\u0101lus rakstus, \u0161o produktu ir viegli padar\u012bt savu. Tas ir lieliski piem\u0113rots m\u0101jdz\u012bvnieku kop\u0161anas uz\u0146\u0113mumiem, tie\u0161saistes veikaliem vai jebkuram mazumtirdzniec\u012bbas veikalam, kas v\u0113las papla\u0161in\u0101t savu aksesu\u0101ru kolekciju ar \u0161iku, modernu preci, kas ir saisto\u0161a gan m\u0101jdz\u012bvniekiem, gan m\u0101jdz\u012bvnieku vec\u0101kiem.<\/p>\n<p>Neatkar\u012bgi no t\u0101, vai to izmanto, lai pieska\u0146otu m\u0101jdz\u012bvnieka \u012bpa\u0161nieka t\u0113rpam, k\u0101 matu aksesu\u0101ru vai aproci, \u0161\u012b gumija ir rota\u013c\u012bgs un moderns aksesu\u0101rs, kas noteikti piesaist\u012bs uzman\u012bbu. Paaugstiniet sava z\u012bmola presti\u017eu ar \u0161o stil\u012bgo skrapsti\u0146u, nodro\u0161inot unik\u0101lu veidu, k\u0101 klientiem par\u0101d\u012bt gan savu person\u012bgo izj\u016btu, gan lojalit\u0101ti j\u016bsu z\u012bmolam.<\/p>","protected":false},"excerpt":{"rendered":"<p>M\u016bsu piel\u0101gojama lakati\u0146a ir univers\u0101ls, stil\u012bgs aksesu\u0101rs, kas ir ide\u0101li piem\u0113rots gan m\u0101jdz\u012bvniekam, gan saimniekam. Izgatavots no augstas kvalit\u0101tes iztur\u012bga auduma, tas ir ide\u0101li piem\u0113rots B2B klientiem, kuri v\u0113las demonstr\u0113t savu z\u012bmolu ar piel\u0101gotiem logotipiem vai rakstiem. Neatkar\u012bgi no t\u0101, vai tas ir apburo\u0161s m\u0101jdz\u012bvnieku aksesu\u0101rs vai moderns modes priek\u0161mets, \u0161is lakati\u0146\u0161 apvieno komfortu un stilu. Tas ir veidots t\u0101, lai nodro\u0161in\u0101tu elast\u012bbu un spilgtu kr\u0101su saglab\u0101\u0161anu pat p\u0113c vair\u0101kk\u0101rt\u0113jas valk\u0101\u0161anas. Papildiniet sava z\u012bmola kolekciju ar \u0161o rota\u013c\u012bgo, modernu izstr\u0101d\u0101jumu un sniedziet klientiem unik\u0101lu veidu, k\u0101 izpaust savu person\u012bgo stilu, vienlaikus izce\u013cot j\u016bsu z\u012bmola identit\u0101ti.<\/p>","protected":false},"featured_media":9288,"template":"","meta":[],"product_brand":[],"product_cat":[58],"product_tag":[],"class_list":{"0":"post-9285","1":"product","2":"type-product","3":"status-publish","4":"has-post-thumbnail","6":"product_cat-accessories","8":"first","9":"instock","10":"shipping-taxable","11":"product-type-simple"},"yoast_head":"<!-- This site is optimized with the Yoast SEO plugin v26.6 - https:\/\/yoast.com\/wordpress\/plugins\/seo\/ -->\n<title>Headscarf Scrunchie | QQPETS<\/title>\n<meta name=\"description\" content=\"Customizable scrunchie for pets and owners! High-quality, durable fabric. Perfect for B2B clients wanting branded designs with custom logos or patterns.\" \/>\n<meta name=\"robots\" content=\"index, follow, max-snippet:-1, max-image-preview:large, max-video-preview:-1\" \/>\n<link rel=\"canonical\" href=\"https:\/\/qqpets.com\/lv\/products\/scrunchie\/\" \/>\n<meta property=\"og:locale\" content=\"lv_LV\" \/>\n<meta property=\"og:type\" content=\"article\" \/>\n<meta property=\"og:title\" content=\"Headscarf Scrunchie | QQPETS\" \/>\n<meta property=\"og:description\" content=\"Customizable scrunchie for pets and owners! High-quality, durable fabric. Perfect for B2B clients wanting branded designs with custom logos or patterns.\" \/>\n<meta property=\"og:url\" content=\"https:\/\/qqpets.com\/lv\/products\/scrunchie\/\" \/>\n<meta property=\"og:site_name\" content=\"QQPETS\" \/>\n<meta property=\"article:publisher\" content=\"https:\/\/www.facebook.com\/QQpetsdogcollars\" \/>\n<meta property=\"og:image\" content=\"https:\/\/qqpets.com\/wp-content\/uploads\/2024\/11\/Headscarf-Scrunchie1.webp\" \/>\n\t<meta property=\"og:image:width\" content=\"800\" \/>\n\t<meta property=\"og:image:height\" content=\"800\" \/>\n\t<meta property=\"og:image:type\" content=\"image\/webp\" \/>\n<meta name=\"twitter:card\" content=\"summary_large_image\" \/>\n<meta name=\"twitter:label1\" content=\"Est. reading time\" \/>\n\t<meta name=\"twitter:data1\" content=\"1 min\u016bte\" \/>\n<script type=\"application\/ld+json\" class=\"yoast-schema-graph\">{\"@context\":\"https:\/\/schema.org\",\"@graph\":[{\"@type\":\"WebPage\",\"@id\":\"https:\/\/qqpets.com\/product\/scrunchie\/\",\"url\":\"https:\/\/qqpets.com\/product\/scrunchie\/\",\"name\":\"Headscarf Scrunchie | QQPETS\",\"isPartOf\":{\"@id\":\"https:\/\/qqpets.com\/#website\"},\"primaryImageOfPage\":{\"@id\":\"https:\/\/qqpets.com\/product\/scrunchie\/#primaryimage\"},\"image\":{\"@id\":\"https:\/\/qqpets.com\/product\/scrunchie\/#primaryimage\"},\"thumbnailUrl\":\"https:\/\/qqpets.com\/wp-content\/uploads\/2024\/11\/Headscarf-Scrunchie1.webp\",\"datePublished\":\"2024-11-14T03:39:39+00:00\",\"description\":\"Customizable scrunchie for pets and owners! High-quality, durable fabric. Perfect for B2B clients wanting branded designs with custom logos or patterns.\",\"breadcrumb\":{\"@id\":\"https:\/\/qqpets.com\/product\/scrunchie\/#breadcrumb\"},\"inLanguage\":\"lv-LV\",\"potentialAction\":[{\"@type\":\"ReadAction\",\"target\":[\"https:\/\/qqpets.com\/product\/scrunchie\/\"]}]},{\"@type\":\"ImageObject\",\"inLanguage\":\"lv-LV\",\"@id\":\"https:\/\/qqpets.com\/product\/scrunchie\/#primaryimage\",\"url\":\"https:\/\/qqpets.com\/wp-content\/uploads\/2024\/11\/Headscarf-Scrunchie1.webp\",\"contentUrl\":\"https:\/\/qqpets.com\/wp-content\/uploads\/2024\/11\/Headscarf-Scrunchie1.webp\",\"width\":800,\"height\":800},{\"@type\":\"BreadcrumbList\",\"@id\":\"https:\/\/qqpets.com\/product\/scrunchie\/#breadcrumb\",\"itemListElement\":[{\"@type\":\"ListItem\",\"position\":1,\"name\":\"Home\",\"item\":\"https:\/\/qqpets.com\/\"},{\"@type\":\"ListItem\",\"position\":2,\"name\":\"Products\",\"item\":\"https:\/\/qqpets.com\/pet-products-manufacturer\/\"},{\"@type\":\"ListItem\",\"position\":3,\"name\":\"Headscarf Scrunchie\"}]},{\"@type\":\"WebSite\",\"@id\":\"https:\/\/qqpets.com\/#website\",\"url\":\"https:\/\/qqpets.com\/\",\"name\":\"QQPETS\",\"description\":\"QQPETS is a pet products factory for dog harnesses, dog collars, dog leashes and dog accessories with professional customized service since 2005.\",\"publisher\":{\"@id\":\"https:\/\/qqpets.com\/#organization\"},\"potentialAction\":[{\"@type\":\"SearchAction\",\"target\":{\"@type\":\"EntryPoint\",\"urlTemplate\":\"https:\/\/qqpets.com\/?s={search_term_string}\"},\"query-input\":{\"@type\":\"PropertyValueSpecification\",\"valueRequired\":true,\"valueName\":\"search_term_string\"}}],\"inLanguage\":\"lv-LV\"},{\"@type\":\"Organization\",\"@id\":\"https:\/\/qqpets.com\/#organization\",\"name\":\"QQPETS\",\"url\":\"https:\/\/qqpets.com\/\",\"logo\":{\"@type\":\"ImageObject\",\"inLanguage\":\"lv-LV\",\"@id\":\"https:\/\/qqpets.com\/#\/schema\/logo\/image\/\",\"url\":\"https:\/\/qqpets.com\/wp-content\/uploads\/2023\/09\/cropped-cropped-qqpets-tiktok.jpg\",\"contentUrl\":\"https:\/\/qqpets.com\/wp-content\/uploads\/2023\/09\/cropped-cropped-qqpets-tiktok.jpg\",\"width\":511,\"height\":511,\"caption\":\"QQPETS\"},\"image\":{\"@id\":\"https:\/\/qqpets.com\/#\/schema\/logo\/image\/\"},\"sameAs\":[\"https:\/\/www.facebook.com\/QQpetsdogcollars\",\"https:\/\/www.instagram.com\/qqpetscollar\/\",\"https:\/\/www.pinterest.com\/qqpetsdogcollarsfactory\/\"]}]}<\/script>\n<!-- \/ Yoast SEO plugin. -->","yoast_head_json":{"title":"Galvas lakati\u0146\u0161 Scrunchie | QQPETS","description":"Piel\u0101gojama gumija m\u0101jdz\u012bvniekiem un saimniekiem! Augstas kvalit\u0101tes, iztur\u012bgs audums. Ide\u0101li piem\u0113rots B2B klientiem, kas v\u0113las z\u012bmolu dizainu ar piel\u0101gotiem logotipiem vai rakstiem.","robots":{"index":"index","follow":"follow","max-snippet":"max-snippet:-1","max-image-preview":"max-image-preview:large","max-video-preview":"max-video-preview:-1"},"canonical":"https:\/\/qqpets.com\/lv\/products\/scrunchie\/","og_locale":"lv_LV","og_type":"article","og_title":"Headscarf Scrunchie | QQPETS","og_description":"Customizable scrunchie for pets and owners! High-quality, durable fabric. Perfect for B2B clients wanting branded designs with custom logos or patterns.","og_url":"https:\/\/qqpets.com\/lv\/products\/scrunchie\/","og_site_name":"QQPETS","article_publisher":"https:\/\/www.facebook.com\/QQpetsdogcollars","og_image":[{"width":800,"height":800,"url":"https:\/\/qqpets.com\/wp-content\/uploads\/2024\/11\/Headscarf-Scrunchie1.webp","type":"image\/webp"}],"twitter_card":"summary_large_image","twitter_misc":{"Est. reading time":"1 min\u016bte"},"schema":{"@context":"https:\/\/schema.org","@graph":[{"@type":"WebPage","@id":"https:\/\/qqpets.com\/product\/scrunchie\/","url":"https:\/\/qqpets.com\/product\/scrunchie\/","name":"Galvas lakati\u0146\u0161 Scrunchie | QQPETS","isPartOf":{"@id":"https:\/\/qqpets.com\/#website"},"primaryImageOfPage":{"@id":"https:\/\/qqpets.com\/product\/scrunchie\/#primaryimage"},"image":{"@id":"https:\/\/qqpets.com\/product\/scrunchie\/#primaryimage"},"thumbnailUrl":"https:\/\/qqpets.com\/wp-content\/uploads\/2024\/11\/Headscarf-Scrunchie1.webp","datePublished":"2024-11-14T03:39:39+00:00","description":"Piel\u0101gojama gumija m\u0101jdz\u012bvniekiem un saimniekiem! Augstas kvalit\u0101tes, iztur\u012bgs audums. Ide\u0101li piem\u0113rots B2B klientiem, kas v\u0113las z\u012bmolu dizainu ar piel\u0101gotiem logotipiem vai rakstiem.","breadcrumb":{"@id":"https:\/\/qqpets.com\/product\/scrunchie\/#breadcrumb"},"inLanguage":"lv-LV","potentialAction":[{"@type":"ReadAction","target":["https:\/\/qqpets.com\/product\/scrunchie\/"]}]},{"@type":"ImageObject","inLanguage":"lv-LV","@id":"https:\/\/qqpets.com\/product\/scrunchie\/#primaryimage","url":"https:\/\/qqpets.com\/wp-content\/uploads\/2024\/11\/Headscarf-Scrunchie1.webp","contentUrl":"https:\/\/qqpets.com\/wp-content\/uploads\/2024\/11\/Headscarf-Scrunchie1.webp","width":800,"height":800},{"@type":"BreadcrumbList","@id":"https:\/\/qqpets.com\/product\/scrunchie\/#breadcrumb","itemListElement":[{"@type":"ListItem","position":1,"name":"Home","item":"https:\/\/qqpets.com\/"},{"@type":"ListItem","position":2,"name":"Products","item":"https:\/\/qqpets.com\/pet-products-manufacturer\/"},{"@type":"ListItem","position":3,"name":"Headscarf Scrunchie"}]},{"@type":"WebSite","@id":"https:\/\/qqpets.com\/#website","url":"https:\/\/qqpets.com\/","name":"QQPETS","description":"QQPETS ir lolojumdz\u012bvnieku produktu r\u016bpn\u012bca su\u0146u siksn\u0101m, su\u0146u apkakles, su\u0146u pavadas un su\u0146u aksesu\u0101ri ar profesion\u0101lu piel\u0101gotu pakalpojumu kop\u0161 2005. gada.","publisher":{"@id":"https:\/\/qqpets.com\/#organization"},"potentialAction":[{"@type":"SearchAction","target":{"@type":"EntryPoint","urlTemplate":"https:\/\/qqpets.com\/?s={search_term_string}"},"query-input":{"@type":"PropertyValueSpecification","valueRequired":true,"valueName":"search_term_string"}}],"inLanguage":"lv-LV"},{"@type":"Organization","@id":"https:\/\/qqpets.com\/#organization","name":"QQPETS","url":"https:\/\/qqpets.com\/","logo":{"@type":"ImageObject","inLanguage":"lv-LV","@id":"https:\/\/qqpets.com\/#\/schema\/logo\/image\/","url":"https:\/\/qqpets.com\/wp-content\/uploads\/2023\/09\/cropped-cropped-qqpets-tiktok.jpg","contentUrl":"https:\/\/qqpets.com\/wp-content\/uploads\/2023\/09\/cropped-cropped-qqpets-tiktok.jpg","width":511,"height":511,"caption":"QQPETS"},"image":{"@id":"https:\/\/qqpets.com\/#\/schema\/logo\/image\/"},"sameAs":["https:\/\/www.facebook.com\/QQpetsdogcollars","https:\/\/www.instagram.com\/qqpetscollar\/","https:\/\/www.pinterest.com\/qqpetsdogcollarsfactory\/"]}]}},"_links":{"self":[{"href":"https:\/\/qqpets.com\/lv\/wp-json\/wp\/v2\/product\/9285","targetHints":{"allow":["GET"]}}],"collection":[{"href":"https:\/\/qqpets.com\/lv\/wp-json\/wp\/v2\/product"}],"about":[{"href":"https:\/\/qqpets.com\/lv\/wp-json\/wp\/v2\/types\/product"}],"wp:featuredmedia":[{"embeddable":true,"href":"https:\/\/qqpets.com\/lv\/wp-json\/wp\/v2\/media\/9288"}],"wp:attachment":[{"href":"https:\/\/qqpets.com\/lv\/wp-json\/wp\/v2\/media?parent=9285"}],"wp:term":[{"taxonomy":"product_brand","embeddable":true,"href":"https:\/\/qqpets.com\/lv\/wp-json\/wp\/v2\/product_brand?post=9285"},{"taxonomy":"product_cat","embeddable":true,"href":"https:\/\/qqpets.com\/lv\/wp-json\/wp\/v2\/product_cat?post=9285"},{"taxonomy":"product_tag","embeddable":true,"href":"https:\/\/qqpets.com\/lv\/wp-json\/wp\/v2\/product_tag?post=9285"}],"curies":[{"name":"wp","href":"https:\/\/api.w.org\/{rel}","templated":true}]}}