{"id":9309,"date":"2024-11-14T13:47:12","date_gmt":"2024-11-14T05:47:12","guid":{"rendered":"https:\/\/qqpets.com\/?post_type=product&#038;p=9309"},"modified":"2024-11-14T13:47:12","modified_gmt":"2024-11-14T05:47:12","slug":"poop-bag","status":"publish","type":"product","link":"https:\/\/qqpets.com\/lv\/products\/poop-bag\/","title":{"rendered":"K\u016bku maisi\u0146\u0161"},"content":{"rendered":"<p>\u0160ie augstas kvalit\u0101tes piel\u0101gojamie izk\u0101rn\u012bjumu maisi\u0146i ir ilgtsp\u0113j\u012bgs un z\u012bmolu uzlabojo\u0161s risin\u0101jums bie\u017ei vien nov\u0101rt\u0101 atst\u0101tai m\u0101jdz\u012bvnieku atkritumu izn\u012bcin\u0101\u0161anas jomai. Izgatavoti no iztur\u012bgiem, videi draudz\u012bgiem materi\u0101liem, \u0161ie maisi\u0146i sniedz iesp\u0113ju m\u0101jdz\u012bvnieku z\u012bmoliem par\u0101d\u012bt savu ap\u0146em\u0161anos r\u016bp\u0113ties par vidi, vienlaikus pied\u0101v\u0101jot praktisku, ikdien\u0101 lietojamu produktu, uz kuru m\u0101jdz\u012bvnieku \u012bpa\u0161nieki pa\u013caujas. Iztur\u012bgais materi\u0101ls ir iztur\u012bgs pret pl\u012bsumiem un ir viegli atdal\u0101ms, padarot t\u012br\u012b\u0161anu vienk\u0101r\u0161u un bez nek\u0101rt\u012bbas.<\/p>\n<p>B2B klientiem \u0161ie maisi\u0146i ir piln\u012bb\u0101 piel\u0101gojami ar logotipa un raksta iesp\u0113j\u0101m, \u013caujot z\u012bmoliem izcelties katr\u0101 lieto\u0161anas reiz\u0113. Tie ir ide\u0101li piem\u0113roti lolojumdz\u012bvnieku piederumu mazumtirgot\u0101jiem, kop\u0161anas saloniem un tie\u0161saistes veikaliem, kas v\u0113las papla\u0161in\u0101t savu videi draudz\u012bgo produktu kl\u0101stu. Turkl\u0101t \u0161ie piel\u0101gojamie maisi\u0146i izk\u0101rn\u012bjumiem ir lieliska izv\u0113le rekl\u0101mas d\u0101van\u0101m, stiprinot z\u012bmola lojalit\u0101ti ar praktisku, pla\u0161i lietojamu produktu. Pateicoties kvalit\u0101tes un ilgtsp\u0113jas kombin\u0101cijai, \u0161ie maisi\u0146i pal\u012bdz j\u016bsu z\u012bmolam atbild\u012bgi paust savu nost\u0101ju, kas ir saisto\u0161a ekolo\u0123iski dom\u0101jo\u0161iem m\u0101jdz\u012bvnieku \u012bpa\u0161niekiem, kuri mekl\u0113 uzticamas un stil\u012bgas atkritumu izn\u012bcin\u0101\u0161anas iesp\u0113jas.<\/p>","protected":false},"excerpt":{"rendered":"<p>M\u016bsu piel\u0101gojamie, videi draudz\u012bgie izk\u0101rn\u012bjumu maisi\u0146i ir ide\u0101li piem\u0113roti z\u012bmoliem, kas v\u0113las nodro\u0161in\u0101t m\u0101jdz\u012bvnieku \u012bpa\u0161niekiem uzticamu atkritumu risin\u0101jumu. \u0160iem maisi\u0146iem, kas izgatavoti no iztur\u012bgiem, biolo\u0123iski no\u0101rd\u0101miem materi\u0101liem, ir piel\u0101gotas logotipu vai rakstu iesp\u0113jas, \u013caujot B2B klientiem uzlabot z\u012bmola atpaz\u012bstam\u012bbu, vienlaikus atbalstot ilgtsp\u0113j\u012bbu. \u0160ie maisi\u0146i ir iztur\u012bgi un viegli lietojami, un tie ir paredz\u0113ti dro\u0161ai atkritumu apstr\u0101dei, t\u0101p\u0113c tie ir ide\u0101li piem\u0113roti mazumtirdzniec\u012bbai vai k\u0101 z\u012bmola rekl\u0101mas priek\u0161mets. Izmantojot \u0161o praktisko un vienlaikus stil\u012bgo pieeju m\u0101jdz\u012bvnieku atkritumu izn\u012bcin\u0101\u0161anai, j\u016bsu z\u012bmols var pied\u0101v\u0101t klientiem gan \u0113rt\u012bbas, gan atbild\u012bbu pret vidi.<\/p>","protected":false},"featured_media":9310,"template":"","meta":[],"product_brand":[],"product_cat":[58],"product_tag":[],"class_list":{"0":"post-9309","1":"product","2":"type-product","3":"status-publish","4":"has-post-thumbnail","6":"product_cat-accessories","8":"first","9":"instock","10":"shipping-taxable","11":"product-type-simple"},"yoast_head":"<!-- This site is optimized with the Yoast SEO plugin v26.6 - https:\/\/yoast.com\/wordpress\/plugins\/seo\/ -->\n<title>Poop Bag | QQPETS<\/title>\n<meta name=\"description\" content=\"Eco-friendly, customizable poop bags designed for brands. Perfect for B2B clients needing custom logos or patterns. Convenient, durable, and sustainable waste solution.\" \/>\n<meta name=\"robots\" content=\"index, follow, max-snippet:-1, max-image-preview:large, max-video-preview:-1\" \/>\n<link rel=\"canonical\" href=\"https:\/\/qqpets.com\/lv\/products\/poop-bag\/\" \/>\n<meta property=\"og:locale\" content=\"lv_LV\" \/>\n<meta property=\"og:type\" content=\"article\" \/>\n<meta property=\"og:title\" content=\"Poop Bag | QQPETS\" \/>\n<meta property=\"og:description\" content=\"Eco-friendly, customizable poop bags designed for brands. Perfect for B2B clients needing custom logos or patterns. Convenient, durable, and sustainable waste solution.\" \/>\n<meta property=\"og:url\" content=\"https:\/\/qqpets.com\/lv\/products\/poop-bag\/\" \/>\n<meta property=\"og:site_name\" content=\"QQPETS\" \/>\n<meta property=\"article:publisher\" content=\"https:\/\/www.facebook.com\/QQpetsdogcollars\" \/>\n<meta property=\"og:image\" content=\"https:\/\/qqpets.com\/wp-content\/uploads\/2024\/11\/poop-bag1.webp\" \/>\n\t<meta property=\"og:image:width\" content=\"800\" \/>\n\t<meta property=\"og:image:height\" content=\"800\" \/>\n\t<meta property=\"og:image:type\" content=\"image\/webp\" \/>\n<meta name=\"twitter:card\" content=\"summary_large_image\" \/>\n<meta name=\"twitter:label1\" content=\"Est. reading time\" \/>\n\t<meta name=\"twitter:data1\" content=\"1 min\u016bte\" \/>\n<script type=\"application\/ld+json\" class=\"yoast-schema-graph\">{\"@context\":\"https:\/\/schema.org\",\"@graph\":[{\"@type\":\"WebPage\",\"@id\":\"https:\/\/qqpets.com\/product\/poop-bag\/\",\"url\":\"https:\/\/qqpets.com\/product\/poop-bag\/\",\"name\":\"Poop Bag | QQPETS\",\"isPartOf\":{\"@id\":\"https:\/\/qqpets.com\/#website\"},\"primaryImageOfPage\":{\"@id\":\"https:\/\/qqpets.com\/product\/poop-bag\/#primaryimage\"},\"image\":{\"@id\":\"https:\/\/qqpets.com\/product\/poop-bag\/#primaryimage\"},\"thumbnailUrl\":\"https:\/\/qqpets.com\/wp-content\/uploads\/2024\/11\/poop-bag1.webp\",\"datePublished\":\"2024-11-14T05:47:12+00:00\",\"description\":\"Eco-friendly, customizable poop bags designed for brands. Perfect for B2B clients needing custom logos or patterns. Convenient, durable, and sustainable waste solution.\",\"breadcrumb\":{\"@id\":\"https:\/\/qqpets.com\/product\/poop-bag\/#breadcrumb\"},\"inLanguage\":\"lv-LV\",\"potentialAction\":[{\"@type\":\"ReadAction\",\"target\":[\"https:\/\/qqpets.com\/product\/poop-bag\/\"]}]},{\"@type\":\"ImageObject\",\"inLanguage\":\"lv-LV\",\"@id\":\"https:\/\/qqpets.com\/product\/poop-bag\/#primaryimage\",\"url\":\"https:\/\/qqpets.com\/wp-content\/uploads\/2024\/11\/poop-bag1.webp\",\"contentUrl\":\"https:\/\/qqpets.com\/wp-content\/uploads\/2024\/11\/poop-bag1.webp\",\"width\":800,\"height\":800},{\"@type\":\"BreadcrumbList\",\"@id\":\"https:\/\/qqpets.com\/product\/poop-bag\/#breadcrumb\",\"itemListElement\":[{\"@type\":\"ListItem\",\"position\":1,\"name\":\"Home\",\"item\":\"https:\/\/qqpets.com\/\"},{\"@type\":\"ListItem\",\"position\":2,\"name\":\"Products\",\"item\":\"https:\/\/qqpets.com\/pet-products-manufacturer\/\"},{\"@type\":\"ListItem\",\"position\":3,\"name\":\"Poop Bag\"}]},{\"@type\":\"WebSite\",\"@id\":\"https:\/\/qqpets.com\/#website\",\"url\":\"https:\/\/qqpets.com\/\",\"name\":\"QQPETS\",\"description\":\"QQPETS is a pet products factory for dog harnesses, dog collars, dog leashes and dog accessories with professional customized service since 2005.\",\"publisher\":{\"@id\":\"https:\/\/qqpets.com\/#organization\"},\"potentialAction\":[{\"@type\":\"SearchAction\",\"target\":{\"@type\":\"EntryPoint\",\"urlTemplate\":\"https:\/\/qqpets.com\/?s={search_term_string}\"},\"query-input\":{\"@type\":\"PropertyValueSpecification\",\"valueRequired\":true,\"valueName\":\"search_term_string\"}}],\"inLanguage\":\"lv-LV\"},{\"@type\":\"Organization\",\"@id\":\"https:\/\/qqpets.com\/#organization\",\"name\":\"QQPETS\",\"url\":\"https:\/\/qqpets.com\/\",\"logo\":{\"@type\":\"ImageObject\",\"inLanguage\":\"lv-LV\",\"@id\":\"https:\/\/qqpets.com\/#\/schema\/logo\/image\/\",\"url\":\"https:\/\/qqpets.com\/wp-content\/uploads\/2023\/09\/cropped-cropped-qqpets-tiktok.jpg\",\"contentUrl\":\"https:\/\/qqpets.com\/wp-content\/uploads\/2023\/09\/cropped-cropped-qqpets-tiktok.jpg\",\"width\":511,\"height\":511,\"caption\":\"QQPETS\"},\"image\":{\"@id\":\"https:\/\/qqpets.com\/#\/schema\/logo\/image\/\"},\"sameAs\":[\"https:\/\/www.facebook.com\/QQpetsdogcollars\",\"https:\/\/www.instagram.com\/qqpetscollar\/\",\"https:\/\/www.pinterest.com\/qqpetsdogcollarsfactory\/\"]}]}<\/script>\n<!-- \/ Yoast SEO plugin. -->","yoast_head_json":{"title":"K\u016bku maisi\u0146\u0161 | QQPETS","description":"Videi draudz\u012bgi, piel\u0101gojami izk\u0101rn\u012bjumu maisi\u0146i, kas paredz\u0113ti z\u012bmoliem. Ide\u0101li piem\u0113roti B2B klientiem, kuriem nepiecie\u0161ami piel\u0101gotie logotipi vai raksti. \u0112rts, iztur\u012bgs un ilgtsp\u0113j\u012bgs atkritumu risin\u0101jums.","robots":{"index":"index","follow":"follow","max-snippet":"max-snippet:-1","max-image-preview":"max-image-preview:large","max-video-preview":"max-video-preview:-1"},"canonical":"https:\/\/qqpets.com\/lv\/products\/poop-bag\/","og_locale":"lv_LV","og_type":"article","og_title":"Poop Bag | QQPETS","og_description":"Eco-friendly, customizable poop bags designed for brands. Perfect for B2B clients needing custom logos or patterns. Convenient, durable, and sustainable waste solution.","og_url":"https:\/\/qqpets.com\/lv\/products\/poop-bag\/","og_site_name":"QQPETS","article_publisher":"https:\/\/www.facebook.com\/QQpetsdogcollars","og_image":[{"width":800,"height":800,"url":"https:\/\/qqpets.com\/wp-content\/uploads\/2024\/11\/poop-bag1.webp","type":"image\/webp"}],"twitter_card":"summary_large_image","twitter_misc":{"Est. reading time":"1 min\u016bte"},"schema":{"@context":"https:\/\/schema.org","@graph":[{"@type":"WebPage","@id":"https:\/\/qqpets.com\/product\/poop-bag\/","url":"https:\/\/qqpets.com\/product\/poop-bag\/","name":"K\u016bku maisi\u0146\u0161 | QQPETS","isPartOf":{"@id":"https:\/\/qqpets.com\/#website"},"primaryImageOfPage":{"@id":"https:\/\/qqpets.com\/product\/poop-bag\/#primaryimage"},"image":{"@id":"https:\/\/qqpets.com\/product\/poop-bag\/#primaryimage"},"thumbnailUrl":"https:\/\/qqpets.com\/wp-content\/uploads\/2024\/11\/poop-bag1.webp","datePublished":"2024-11-14T05:47:12+00:00","description":"Videi draudz\u012bgi, piel\u0101gojami izk\u0101rn\u012bjumu maisi\u0146i, kas paredz\u0113ti z\u012bmoliem. Ide\u0101li piem\u0113roti B2B klientiem, kuriem nepiecie\u0161ami piel\u0101gotie logotipi vai raksti. \u0112rts, iztur\u012bgs un ilgtsp\u0113j\u012bgs atkritumu risin\u0101jums.","breadcrumb":{"@id":"https:\/\/qqpets.com\/product\/poop-bag\/#breadcrumb"},"inLanguage":"lv-LV","potentialAction":[{"@type":"ReadAction","target":["https:\/\/qqpets.com\/product\/poop-bag\/"]}]},{"@type":"ImageObject","inLanguage":"lv-LV","@id":"https:\/\/qqpets.com\/product\/poop-bag\/#primaryimage","url":"https:\/\/qqpets.com\/wp-content\/uploads\/2024\/11\/poop-bag1.webp","contentUrl":"https:\/\/qqpets.com\/wp-content\/uploads\/2024\/11\/poop-bag1.webp","width":800,"height":800},{"@type":"BreadcrumbList","@id":"https:\/\/qqpets.com\/product\/poop-bag\/#breadcrumb","itemListElement":[{"@type":"ListItem","position":1,"name":"Home","item":"https:\/\/qqpets.com\/"},{"@type":"ListItem","position":2,"name":"Products","item":"https:\/\/qqpets.com\/pet-products-manufacturer\/"},{"@type":"ListItem","position":3,"name":"Poop Bag"}]},{"@type":"WebSite","@id":"https:\/\/qqpets.com\/#website","url":"https:\/\/qqpets.com\/","name":"QQPETS","description":"QQPETS ir lolojumdz\u012bvnieku produktu r\u016bpn\u012bca su\u0146u siksn\u0101m, su\u0146u apkakles, su\u0146u pavadas un su\u0146u aksesu\u0101ri ar profesion\u0101lu piel\u0101gotu pakalpojumu kop\u0161 2005. gada.","publisher":{"@id":"https:\/\/qqpets.com\/#organization"},"potentialAction":[{"@type":"SearchAction","target":{"@type":"EntryPoint","urlTemplate":"https:\/\/qqpets.com\/?s={search_term_string}"},"query-input":{"@type":"PropertyValueSpecification","valueRequired":true,"valueName":"search_term_string"}}],"inLanguage":"lv-LV"},{"@type":"Organization","@id":"https:\/\/qqpets.com\/#organization","name":"QQPETS","url":"https:\/\/qqpets.com\/","logo":{"@type":"ImageObject","inLanguage":"lv-LV","@id":"https:\/\/qqpets.com\/#\/schema\/logo\/image\/","url":"https:\/\/qqpets.com\/wp-content\/uploads\/2023\/09\/cropped-cropped-qqpets-tiktok.jpg","contentUrl":"https:\/\/qqpets.com\/wp-content\/uploads\/2023\/09\/cropped-cropped-qqpets-tiktok.jpg","width":511,"height":511,"caption":"QQPETS"},"image":{"@id":"https:\/\/qqpets.com\/#\/schema\/logo\/image\/"},"sameAs":["https:\/\/www.facebook.com\/QQpetsdogcollars","https:\/\/www.instagram.com\/qqpetscollar\/","https:\/\/www.pinterest.com\/qqpetsdogcollarsfactory\/"]}]}},"_links":{"self":[{"href":"https:\/\/qqpets.com\/lv\/wp-json\/wp\/v2\/product\/9309","targetHints":{"allow":["GET"]}}],"collection":[{"href":"https:\/\/qqpets.com\/lv\/wp-json\/wp\/v2\/product"}],"about":[{"href":"https:\/\/qqpets.com\/lv\/wp-json\/wp\/v2\/types\/product"}],"wp:featuredmedia":[{"embeddable":true,"href":"https:\/\/qqpets.com\/lv\/wp-json\/wp\/v2\/media\/9310"}],"wp:attachment":[{"href":"https:\/\/qqpets.com\/lv\/wp-json\/wp\/v2\/media?parent=9309"}],"wp:term":[{"taxonomy":"product_brand","embeddable":true,"href":"https:\/\/qqpets.com\/lv\/wp-json\/wp\/v2\/product_brand?post=9309"},{"taxonomy":"product_cat","embeddable":true,"href":"https:\/\/qqpets.com\/lv\/wp-json\/wp\/v2\/product_cat?post=9309"},{"taxonomy":"product_tag","embeddable":true,"href":"https:\/\/qqpets.com\/lv\/wp-json\/wp\/v2\/product_tag?post=9309"}],"curies":[{"name":"wp","href":"https:\/\/api.w.org\/{rel}","templated":true}]}}