{"id":9316,"date":"2024-11-14T14:14:02","date_gmt":"2024-11-14T06:14:02","guid":{"rendered":"https:\/\/qqpets.com\/?post_type=product&#038;p=9316"},"modified":"2024-11-14T14:14:02","modified_gmt":"2024-11-14T06:14:02","slug":"collar-bandana","status":"publish","type":"product","link":"https:\/\/qqpets.com\/lv\/products\/collar-bandana\/","title":{"rendered":"Apkakle Bandana"},"content":{"rendered":"<p>Kakla siksna ir lielisks veids, k\u0101 pievienot stil\u012bgu stilu jebkura m\u0101jdz\u012bvnieka kakla siksnai. \u0160is aksesu\u0101rs ir izgatavots no iztur\u012bga, m\u012bksta auduma un ir paredz\u0113ts vieglai uzvilk\u0161anai uz jebkuras standarta m\u0101jdz\u012bvnieka apkakles, nodro\u0161inot gan komfortu, gan modi. T\u0101 piel\u0101gojam\u012bba sniedz lielisku iesp\u0113ju B2B klientiem pievienot unik\u0101lu piesk\u0101rienu - logotipu, rakstu vai dizainu, kas saskan ar vi\u0146u z\u012bmola identit\u0101ti.<\/p>\n<p>\u0160\u012bs apkakles ir ide\u0101li piem\u0113rotas m\u0101jdz\u012bvnieku veikaliem, kop\u0161anas saloniem vai pat k\u0101 da\u013ca no firmas z\u012bmola rekl\u0101mas d\u0101van\u0101m. Pateicoties ko\u0161aj\u0101m kr\u0101s\u0101m un augstas kvalit\u0101tes materi\u0101liem, t\u0101s var n\u0113s\u0101t gan ikdienas pastaig\u0101s, gan \u012bpa\u0161os gad\u012bjumos. To daudzpus\u012bba un piel\u0101gojam\u012bba padara t\u0101s par aksesu\u0101ru m\u0101jdz\u012bvnieku \u012bpa\u0161niekiem, kas v\u0113las uzlabot savu m\u012blu\u013cu stilu.<\/p>\n<p>Papildus est\u0113tiskajai pievilc\u012bbai \u0161\u012bs lentas ir izstr\u0101d\u0101tas, dom\u0101jot par m\u0101jdz\u012bvnieku komfortu, un t\u0101s netrauc\u0113 kust\u012bb\u0101m. \u0160\u012bs apkakles ir lieliska stila, praktiskuma un z\u012bmola potenci\u0101la kombin\u0101cija, t\u0101p\u0113c t\u0101s ir oblig\u0101ts produkts jebkuram uz\u0146\u0113mumam, kas v\u0113las iek\u013c\u016bt augo\u0161aj\u0101 m\u0101jdz\u012bvnieku piederumu tirg\u016b.<\/p>","protected":false},"excerpt":{"rendered":"<p>M\u016bsu piel\u0101gojam\u0101s apkakles ir ide\u0101ls stila un funkcionalit\u0101tes apvienojums m\u0101jdz\u012bvniekiem. \u0160\u012bs aproces ir izgatavotas no augstas kvalit\u0101tes auduma un viegli piestiprin\u0101mas pie jebkuras m\u0101jdz\u012bvnieka apkakles. B2B klientiem t\u0101s pied\u0101v\u0101 z\u012bmola veido\u0161anas iesp\u0113jas, \u013caujot pievienot logotipus vai rakstus, lai rad\u012btu unik\u0101lu produktu. Neatkar\u012bgi no t\u0101, vai t\u0101s tiek izmantotas ikdienas pastaig\u0101m vai \u012bpa\u0161iem gad\u012bjumiem, t\u0101s ir lielisks veids, k\u0101 uzlabot m\u0101jdz\u012bvnieka izskatu, vienlaikus populariz\u0113jot savu z\u012bmolu. Ide\u0101li piem\u0113rotas zooveikaliem, kop\u0161anas saloniem un rekl\u0101mas d\u0101van\u0101m, \u0161\u012bs apkakles ir lieliska izv\u0113le jebkuram uz\u0146\u0113mumam, kas v\u0113las izcelties m\u0101jdz\u012bvnieku aksesu\u0101ru tirg\u016b.<\/p>","protected":false},"featured_media":9317,"template":"","meta":[],"product_brand":[],"product_cat":[58],"product_tag":[],"class_list":{"0":"post-9316","1":"product","2":"type-product","3":"status-publish","4":"has-post-thumbnail","6":"product_cat-accessories","8":"first","9":"instock","10":"shipping-taxable","11":"product-type-simple"},"yoast_head":"<!-- This site is optimized with the Yoast SEO plugin v26.6 - https:\/\/yoast.com\/wordpress\/plugins\/seo\/ -->\n<title>Collar Bandana | QQPETS<\/title>\n<meta name=\"description\" content=\"Customizable collar bandanas for pets. Ideal for B2B clients looking for branded pet accessories with unique logo or pattern options. Stylish, comfortable, and functional.\" \/>\n<meta name=\"robots\" content=\"index, follow, max-snippet:-1, max-image-preview:large, max-video-preview:-1\" \/>\n<link rel=\"canonical\" href=\"https:\/\/qqpets.com\/lv\/products\/collar-bandana\/\" \/>\n<meta property=\"og:locale\" content=\"lv_LV\" \/>\n<meta property=\"og:type\" content=\"article\" \/>\n<meta property=\"og:title\" content=\"Collar Bandana | QQPETS\" \/>\n<meta property=\"og:description\" content=\"Customizable collar bandanas for pets. Ideal for B2B clients looking for branded pet accessories with unique logo or pattern options. Stylish, comfortable, and functional.\" \/>\n<meta property=\"og:url\" content=\"https:\/\/qqpets.com\/lv\/products\/collar-bandana\/\" \/>\n<meta property=\"og:site_name\" content=\"QQPETS\" \/>\n<meta property=\"article:publisher\" content=\"https:\/\/www.facebook.com\/QQpetsdogcollars\" \/>\n<meta property=\"og:image\" content=\"https:\/\/qqpets.com\/wp-content\/uploads\/2024\/11\/collar-bandana2-scaled.webp\" \/>\n\t<meta property=\"og:image:width\" content=\"2560\" \/>\n\t<meta property=\"og:image:height\" content=\"2560\" \/>\n\t<meta property=\"og:image:type\" content=\"image\/webp\" \/>\n<meta name=\"twitter:card\" content=\"summary_large_image\" \/>\n<meta name=\"twitter:label1\" content=\"Est. reading time\" \/>\n\t<meta name=\"twitter:data1\" content=\"1 min\u016bte\" \/>\n<script type=\"application\/ld+json\" class=\"yoast-schema-graph\">{\"@context\":\"https:\/\/schema.org\",\"@graph\":[{\"@type\":\"WebPage\",\"@id\":\"https:\/\/qqpets.com\/product\/collar-bandana\/\",\"url\":\"https:\/\/qqpets.com\/product\/collar-bandana\/\",\"name\":\"Collar Bandana | QQPETS\",\"isPartOf\":{\"@id\":\"https:\/\/qqpets.com\/#website\"},\"primaryImageOfPage\":{\"@id\":\"https:\/\/qqpets.com\/product\/collar-bandana\/#primaryimage\"},\"image\":{\"@id\":\"https:\/\/qqpets.com\/product\/collar-bandana\/#primaryimage\"},\"thumbnailUrl\":\"https:\/\/qqpets.com\/wp-content\/uploads\/2024\/11\/collar-bandana2-scaled.webp\",\"datePublished\":\"2024-11-14T06:14:02+00:00\",\"description\":\"Customizable collar bandanas for pets. Ideal for B2B clients looking for branded pet accessories with unique logo or pattern options. Stylish, comfortable, and functional.\",\"breadcrumb\":{\"@id\":\"https:\/\/qqpets.com\/product\/collar-bandana\/#breadcrumb\"},\"inLanguage\":\"lv-LV\",\"potentialAction\":[{\"@type\":\"ReadAction\",\"target\":[\"https:\/\/qqpets.com\/product\/collar-bandana\/\"]}]},{\"@type\":\"ImageObject\",\"inLanguage\":\"lv-LV\",\"@id\":\"https:\/\/qqpets.com\/product\/collar-bandana\/#primaryimage\",\"url\":\"https:\/\/qqpets.com\/wp-content\/uploads\/2024\/11\/collar-bandana2-scaled.webp\",\"contentUrl\":\"https:\/\/qqpets.com\/wp-content\/uploads\/2024\/11\/collar-bandana2-scaled.webp\",\"width\":2560,\"height\":2560},{\"@type\":\"BreadcrumbList\",\"@id\":\"https:\/\/qqpets.com\/product\/collar-bandana\/#breadcrumb\",\"itemListElement\":[{\"@type\":\"ListItem\",\"position\":1,\"name\":\"Home\",\"item\":\"https:\/\/qqpets.com\/\"},{\"@type\":\"ListItem\",\"position\":2,\"name\":\"Products\",\"item\":\"https:\/\/qqpets.com\/pet-products-manufacturer\/\"},{\"@type\":\"ListItem\",\"position\":3,\"name\":\"Collar Bandana\"}]},{\"@type\":\"WebSite\",\"@id\":\"https:\/\/qqpets.com\/#website\",\"url\":\"https:\/\/qqpets.com\/\",\"name\":\"QQPETS\",\"description\":\"QQPETS is a pet products factory for dog harnesses, dog collars, dog leashes and dog accessories with professional customized service since 2005.\",\"publisher\":{\"@id\":\"https:\/\/qqpets.com\/#organization\"},\"potentialAction\":[{\"@type\":\"SearchAction\",\"target\":{\"@type\":\"EntryPoint\",\"urlTemplate\":\"https:\/\/qqpets.com\/?s={search_term_string}\"},\"query-input\":{\"@type\":\"PropertyValueSpecification\",\"valueRequired\":true,\"valueName\":\"search_term_string\"}}],\"inLanguage\":\"lv-LV\"},{\"@type\":\"Organization\",\"@id\":\"https:\/\/qqpets.com\/#organization\",\"name\":\"QQPETS\",\"url\":\"https:\/\/qqpets.com\/\",\"logo\":{\"@type\":\"ImageObject\",\"inLanguage\":\"lv-LV\",\"@id\":\"https:\/\/qqpets.com\/#\/schema\/logo\/image\/\",\"url\":\"https:\/\/qqpets.com\/wp-content\/uploads\/2023\/09\/cropped-cropped-qqpets-tiktok.jpg\",\"contentUrl\":\"https:\/\/qqpets.com\/wp-content\/uploads\/2023\/09\/cropped-cropped-qqpets-tiktok.jpg\",\"width\":511,\"height\":511,\"caption\":\"QQPETS\"},\"image\":{\"@id\":\"https:\/\/qqpets.com\/#\/schema\/logo\/image\/\"},\"sameAs\":[\"https:\/\/www.facebook.com\/QQpetsdogcollars\",\"https:\/\/www.instagram.com\/qqpetscollar\/\",\"https:\/\/www.pinterest.com\/qqpetsdogcollarsfactory\/\"]}]}<\/script>\n<!-- \/ Yoast SEO plugin. -->","yoast_head_json":{"title":"Apkakle Bandana | QQPETS","description":"Piel\u0101gojamas apkakles aproces lolojumdz\u012bvniekiem. Ide\u0101li piem\u0113rots B2B klientiem, kas mekl\u0113 z\u012bmolu aksesu\u0101rus m\u0101jdz\u012bvniekiem ar unik\u0101lu logotipu vai rakstu. Stil\u012bgas, \u0113rtas un funkcion\u0101las.","robots":{"index":"index","follow":"follow","max-snippet":"max-snippet:-1","max-image-preview":"max-image-preview:large","max-video-preview":"max-video-preview:-1"},"canonical":"https:\/\/qqpets.com\/lv\/products\/collar-bandana\/","og_locale":"lv_LV","og_type":"article","og_title":"Collar Bandana | QQPETS","og_description":"Customizable collar bandanas for pets. Ideal for B2B clients looking for branded pet accessories with unique logo or pattern options. Stylish, comfortable, and functional.","og_url":"https:\/\/qqpets.com\/lv\/products\/collar-bandana\/","og_site_name":"QQPETS","article_publisher":"https:\/\/www.facebook.com\/QQpetsdogcollars","og_image":[{"width":2560,"height":2560,"url":"https:\/\/qqpets.com\/wp-content\/uploads\/2024\/11\/collar-bandana2-scaled.webp","type":"image\/webp"}],"twitter_card":"summary_large_image","twitter_misc":{"Est. reading time":"1 min\u016bte"},"schema":{"@context":"https:\/\/schema.org","@graph":[{"@type":"WebPage","@id":"https:\/\/qqpets.com\/product\/collar-bandana\/","url":"https:\/\/qqpets.com\/product\/collar-bandana\/","name":"Apkakle Bandana | QQPETS","isPartOf":{"@id":"https:\/\/qqpets.com\/#website"},"primaryImageOfPage":{"@id":"https:\/\/qqpets.com\/product\/collar-bandana\/#primaryimage"},"image":{"@id":"https:\/\/qqpets.com\/product\/collar-bandana\/#primaryimage"},"thumbnailUrl":"https:\/\/qqpets.com\/wp-content\/uploads\/2024\/11\/collar-bandana2-scaled.webp","datePublished":"2024-11-14T06:14:02+00:00","description":"Piel\u0101gojamas apkakles aproces lolojumdz\u012bvniekiem. Ide\u0101li piem\u0113rots B2B klientiem, kas mekl\u0113 z\u012bmolu aksesu\u0101rus m\u0101jdz\u012bvniekiem ar unik\u0101lu logotipu vai rakstu. Stil\u012bgas, \u0113rtas un funkcion\u0101las.","breadcrumb":{"@id":"https:\/\/qqpets.com\/product\/collar-bandana\/#breadcrumb"},"inLanguage":"lv-LV","potentialAction":[{"@type":"ReadAction","target":["https:\/\/qqpets.com\/product\/collar-bandana\/"]}]},{"@type":"ImageObject","inLanguage":"lv-LV","@id":"https:\/\/qqpets.com\/product\/collar-bandana\/#primaryimage","url":"https:\/\/qqpets.com\/wp-content\/uploads\/2024\/11\/collar-bandana2-scaled.webp","contentUrl":"https:\/\/qqpets.com\/wp-content\/uploads\/2024\/11\/collar-bandana2-scaled.webp","width":2560,"height":2560},{"@type":"BreadcrumbList","@id":"https:\/\/qqpets.com\/product\/collar-bandana\/#breadcrumb","itemListElement":[{"@type":"ListItem","position":1,"name":"Home","item":"https:\/\/qqpets.com\/"},{"@type":"ListItem","position":2,"name":"Products","item":"https:\/\/qqpets.com\/pet-products-manufacturer\/"},{"@type":"ListItem","position":3,"name":"Collar Bandana"}]},{"@type":"WebSite","@id":"https:\/\/qqpets.com\/#website","url":"https:\/\/qqpets.com\/","name":"QQPETS","description":"QQPETS ir lolojumdz\u012bvnieku produktu r\u016bpn\u012bca su\u0146u siksn\u0101m, su\u0146u apkakles, su\u0146u pavadas un su\u0146u aksesu\u0101ri ar profesion\u0101lu piel\u0101gotu pakalpojumu kop\u0161 2005. gada.","publisher":{"@id":"https:\/\/qqpets.com\/#organization"},"potentialAction":[{"@type":"SearchAction","target":{"@type":"EntryPoint","urlTemplate":"https:\/\/qqpets.com\/?s={search_term_string}"},"query-input":{"@type":"PropertyValueSpecification","valueRequired":true,"valueName":"search_term_string"}}],"inLanguage":"lv-LV"},{"@type":"Organization","@id":"https:\/\/qqpets.com\/#organization","name":"QQPETS","url":"https:\/\/qqpets.com\/","logo":{"@type":"ImageObject","inLanguage":"lv-LV","@id":"https:\/\/qqpets.com\/#\/schema\/logo\/image\/","url":"https:\/\/qqpets.com\/wp-content\/uploads\/2023\/09\/cropped-cropped-qqpets-tiktok.jpg","contentUrl":"https:\/\/qqpets.com\/wp-content\/uploads\/2023\/09\/cropped-cropped-qqpets-tiktok.jpg","width":511,"height":511,"caption":"QQPETS"},"image":{"@id":"https:\/\/qqpets.com\/#\/schema\/logo\/image\/"},"sameAs":["https:\/\/www.facebook.com\/QQpetsdogcollars","https:\/\/www.instagram.com\/qqpetscollar\/","https:\/\/www.pinterest.com\/qqpetsdogcollarsfactory\/"]}]}},"_links":{"self":[{"href":"https:\/\/qqpets.com\/lv\/wp-json\/wp\/v2\/product\/9316","targetHints":{"allow":["GET"]}}],"collection":[{"href":"https:\/\/qqpets.com\/lv\/wp-json\/wp\/v2\/product"}],"about":[{"href":"https:\/\/qqpets.com\/lv\/wp-json\/wp\/v2\/types\/product"}],"wp:featuredmedia":[{"embeddable":true,"href":"https:\/\/qqpets.com\/lv\/wp-json\/wp\/v2\/media\/9317"}],"wp:attachment":[{"href":"https:\/\/qqpets.com\/lv\/wp-json\/wp\/v2\/media?parent=9316"}],"wp:term":[{"taxonomy":"product_brand","embeddable":true,"href":"https:\/\/qqpets.com\/lv\/wp-json\/wp\/v2\/product_brand?post=9316"},{"taxonomy":"product_cat","embeddable":true,"href":"https:\/\/qqpets.com\/lv\/wp-json\/wp\/v2\/product_cat?post=9316"},{"taxonomy":"product_tag","embeddable":true,"href":"https:\/\/qqpets.com\/lv\/wp-json\/wp\/v2\/product_tag?post=9316"}],"curies":[{"name":"wp","href":"https:\/\/api.w.org\/{rel}","templated":true}]}}