{"id":9332,"date":"2024-11-14T15:31:01","date_gmt":"2024-11-14T07:31:01","guid":{"rendered":"https:\/\/qqpets.com\/?post_type=product&#038;p=9332"},"modified":"2024-11-14T15:31:01","modified_gmt":"2024-11-14T07:31:01","slug":"pvc-dog-collar","status":"publish","type":"product","link":"https:\/\/qqpets.com\/lv\/products\/pvc-dog-collar\/","title":{"rendered":"PVC su\u0146u apkakle"},"content":{"rendered":"<p>PVC su\u0146u kakla siksna ir lieliska izv\u0113le uz\u0146\u0113mumiem, kas v\u0113las pied\u0101v\u0101t m\u0101jdz\u012bvnieku kakla siksnas, kas apvieno stilu, iztur\u012bbu un z\u012bmola veido\u0161anas iesp\u0113jas. Izgatavota no \u016bdensnecaurlaid\u012bga un nodilumiztur\u012bga PVC, \u0161\u012b apkakle ir ide\u0101li piem\u0113rota visu \u0161\u0137ir\u0146u su\u0146iem, nodro\u0161inot notur\u012bbu pret laikapst\u0101k\u013ciem un ikdienas nodilumu. PVC ir ide\u0101ls materi\u0101ls lolojumdz\u012bvnieku izstr\u0101d\u0101jumiem - tas ir viegli t\u012br\u0101ms, \u013coti iztur\u012bgs un nodro\u0161ina komfortu m\u0101jdz\u012bvniekiem pat ilgsto\u0161as valk\u0101\u0161anas gad\u012bjum\u0101.<\/p>\n<p>B2B klientiem m\u016bsu PVC su\u0146u apkakl\u012btes var piel\u0101got ar j\u016bsu z\u012bmola logotipu, kr\u0101s\u0101m vai unik\u0101liem rakstiem, radot ide\u0101lu rekl\u0101mas r\u012bku vai mazumtirdzniec\u012bbas produktu. Piel\u0101got\u0101s z\u012bmola veido\u0161anas iesp\u0113jas nodro\u0161ina liel\u0101ku redzam\u012bbu un z\u012bmola atpaz\u012bstam\u012bbu m\u0101jdz\u012bvnieku \u012bpa\u0161nieku vid\u016b, pal\u012bdzot j\u016bsu uz\u0146\u0113mumam rad\u012bt palieko\u0161u iespaidu m\u0101jdz\u012bvnieku tirg\u016b.<\/p>\n<p>M\u016bsu PVC su\u0146u kakla siksnas ir paredz\u0113tas uz\u0146\u0113mumiem, kas mekl\u0113 uzticamus, augstas kvalit\u0101tes produktus, kuri apmierina m\u0101jdz\u012bvnieku \u012bpa\u0161nieku praktisk\u0101s vajadz\u012bbas un vienlaikus uzlabo z\u012bmola kl\u0101tb\u016btni. \u0160\u012bs apkakles ne tikai iztur\u012bgas pret rupj\u0101m sp\u0113l\u0113m un \u0101ra piedz\u012bvojumiem, bet ar\u012b kalpo k\u0101 audekls unik\u0101lam z\u012bmolam, padarot t\u0101s par b\u016btisku izv\u0113li m\u0101jdz\u012bvnieku veikaliem, korporat\u012bvaj\u0101m d\u0101van\u0101m vai jebkuram uz\u0146\u0113mumam, kas mekl\u0113 piel\u0101gotu m\u0101jdz\u012bvnieku aksesu\u0101ru kvalit\u0101ti.<\/p>","protected":false},"excerpt":{"rendered":"<p>M\u016bsu PVC su\u0146u kakla siksnas ir izstr\u0101d\u0101tas t\u0101, lai t\u0101s b\u016btu iztur\u012bgas, \u0113rtas un viegli kopjamas. \u0160\u012bs kaklasiksnas ir izgatavotas no augstas kvalit\u0101tes \u016bdensnecaurlaid\u012bga PVC un ir ide\u0101li piem\u0113rotas akt\u012bviem m\u0101jdz\u012bvniekiem un jebkuros laikapst\u0101k\u013cos. Ar piel\u0101go\u0161anas iesp\u0113j\u0101m logotipiem vai unik\u0101liem rakstiem \u0161\u012bs apkakles ir efekt\u012bvs z\u012bmolved\u012bbas risin\u0101jums m\u0101jdz\u012bvnieku apg\u0101des uz\u0146\u0113mumiem un korporat\u012bvaj\u0101m d\u0101van\u0101m. T\u0101s ir iztur\u012bgas pret nodilumu un viegli t\u012br\u0101mas, nodro\u0161inot ilgsto\u0161u kvalit\u0101ti un z\u012bmola redzam\u012bbu. M\u016bsu PVC apkakles ir ide\u0101li piem\u0113rotas B2B klientiem, kas mekl\u0113 augstas kvalit\u0101tes z\u012bmolu lolojumdz\u012bvnieku aksesu\u0101rus, un t\u0101s apvieno funkcionalit\u0101ti un piel\u0101go\u0161anu, nodro\u0161inot uzticamu un stil\u012bgu izv\u0113li lolojumdz\u012bvnieku apkak\u013cu jom\u0101.<\/p>","protected":false},"featured_media":9340,"template":"","meta":[],"product_brand":[],"product_cat":[26],"product_tag":[],"class_list":{"0":"post-9332","1":"product","2":"type-product","3":"status-publish","4":"has-post-thumbnail","6":"product_cat-dog-collar","8":"first","9":"instock","10":"shipping-taxable","11":"product-type-simple"},"yoast_head":"<!-- This site is optimized with the Yoast SEO plugin v26.6 - https:\/\/yoast.com\/wordpress\/plugins\/seo\/ -->\n<title>PVC Dog Collar | QQPETS<\/title>\n<meta name=\"description\" content=\"Durable PVC dog collars, fully customizable for B2B branding. Waterproof, easy-to-clean, and ideal for custom logos or patterns. Perfect for brand visibility.\" \/>\n<meta name=\"robots\" content=\"index, follow, max-snippet:-1, max-image-preview:large, max-video-preview:-1\" \/>\n<link rel=\"canonical\" href=\"https:\/\/qqpets.com\/lv\/products\/pvc-dog-collar\/\" \/>\n<meta property=\"og:locale\" content=\"lv_LV\" \/>\n<meta property=\"og:type\" content=\"article\" \/>\n<meta property=\"og:title\" content=\"PVC Dog Collar | QQPETS\" \/>\n<meta property=\"og:description\" content=\"Durable PVC dog collars, fully customizable for B2B branding. Waterproof, easy-to-clean, and ideal for custom logos or patterns. Perfect for brand visibility.\" \/>\n<meta property=\"og:url\" content=\"https:\/\/qqpets.com\/lv\/products\/pvc-dog-collar\/\" \/>\n<meta property=\"og:site_name\" content=\"QQPETS\" \/>\n<meta property=\"article:publisher\" content=\"https:\/\/www.facebook.com\/QQpetsdogcollars\" \/>\n<meta property=\"og:image\" content=\"https:\/\/qqpets.com\/wp-content\/uploads\/2024\/11\/pvc-dog-collar8.webp\" \/>\n\t<meta property=\"og:image:width\" content=\"960\" \/>\n\t<meta property=\"og:image:height\" content=\"960\" \/>\n\t<meta property=\"og:image:type\" content=\"image\/webp\" \/>\n<meta name=\"twitter:card\" content=\"summary_large_image\" \/>\n<meta name=\"twitter:label1\" content=\"Est. reading time\" \/>\n\t<meta name=\"twitter:data1\" content=\"1 min\u016bte\" \/>\n<script type=\"application\/ld+json\" class=\"yoast-schema-graph\">{\"@context\":\"https:\/\/schema.org\",\"@graph\":[{\"@type\":\"WebPage\",\"@id\":\"https:\/\/qqpets.com\/product\/pvc-dog-collar\/\",\"url\":\"https:\/\/qqpets.com\/product\/pvc-dog-collar\/\",\"name\":\"PVC Dog Collar | QQPETS\",\"isPartOf\":{\"@id\":\"https:\/\/qqpets.com\/#website\"},\"primaryImageOfPage\":{\"@id\":\"https:\/\/qqpets.com\/product\/pvc-dog-collar\/#primaryimage\"},\"image\":{\"@id\":\"https:\/\/qqpets.com\/product\/pvc-dog-collar\/#primaryimage\"},\"thumbnailUrl\":\"https:\/\/qqpets.com\/wp-content\/uploads\/2024\/11\/pvc-dog-collar8.webp\",\"datePublished\":\"2024-11-14T07:31:01+00:00\",\"description\":\"Durable PVC dog collars, fully customizable for B2B branding. Waterproof, easy-to-clean, and ideal for custom logos or patterns. Perfect for brand visibility.\",\"breadcrumb\":{\"@id\":\"https:\/\/qqpets.com\/product\/pvc-dog-collar\/#breadcrumb\"},\"inLanguage\":\"lv-LV\",\"potentialAction\":[{\"@type\":\"ReadAction\",\"target\":[\"https:\/\/qqpets.com\/product\/pvc-dog-collar\/\"]}]},{\"@type\":\"ImageObject\",\"inLanguage\":\"lv-LV\",\"@id\":\"https:\/\/qqpets.com\/product\/pvc-dog-collar\/#primaryimage\",\"url\":\"https:\/\/qqpets.com\/wp-content\/uploads\/2024\/11\/pvc-dog-collar8.webp\",\"contentUrl\":\"https:\/\/qqpets.com\/wp-content\/uploads\/2024\/11\/pvc-dog-collar8.webp\",\"width\":960,\"height\":960},{\"@type\":\"BreadcrumbList\",\"@id\":\"https:\/\/qqpets.com\/product\/pvc-dog-collar\/#breadcrumb\",\"itemListElement\":[{\"@type\":\"ListItem\",\"position\":1,\"name\":\"Home\",\"item\":\"https:\/\/qqpets.com\/\"},{\"@type\":\"ListItem\",\"position\":2,\"name\":\"Products\",\"item\":\"https:\/\/qqpets.com\/pet-products-manufacturer\/\"},{\"@type\":\"ListItem\",\"position\":3,\"name\":\"PVC Dog Collar\"}]},{\"@type\":\"WebSite\",\"@id\":\"https:\/\/qqpets.com\/#website\",\"url\":\"https:\/\/qqpets.com\/\",\"name\":\"QQPETS\",\"description\":\"QQPETS is a pet products factory for dog harnesses, dog collars, dog leashes and dog accessories with professional customized service since 2005.\",\"publisher\":{\"@id\":\"https:\/\/qqpets.com\/#organization\"},\"potentialAction\":[{\"@type\":\"SearchAction\",\"target\":{\"@type\":\"EntryPoint\",\"urlTemplate\":\"https:\/\/qqpets.com\/?s={search_term_string}\"},\"query-input\":{\"@type\":\"PropertyValueSpecification\",\"valueRequired\":true,\"valueName\":\"search_term_string\"}}],\"inLanguage\":\"lv-LV\"},{\"@type\":\"Organization\",\"@id\":\"https:\/\/qqpets.com\/#organization\",\"name\":\"QQPETS\",\"url\":\"https:\/\/qqpets.com\/\",\"logo\":{\"@type\":\"ImageObject\",\"inLanguage\":\"lv-LV\",\"@id\":\"https:\/\/qqpets.com\/#\/schema\/logo\/image\/\",\"url\":\"https:\/\/qqpets.com\/wp-content\/uploads\/2023\/09\/cropped-cropped-qqpets-tiktok.jpg\",\"contentUrl\":\"https:\/\/qqpets.com\/wp-content\/uploads\/2023\/09\/cropped-cropped-qqpets-tiktok.jpg\",\"width\":511,\"height\":511,\"caption\":\"QQPETS\"},\"image\":{\"@id\":\"https:\/\/qqpets.com\/#\/schema\/logo\/image\/\"},\"sameAs\":[\"https:\/\/www.facebook.com\/QQpetsdogcollars\",\"https:\/\/www.instagram.com\/qqpetscollar\/\",\"https:\/\/www.pinterest.com\/qqpetsdogcollarsfactory\/\"]}]}<\/script>\n<!-- \/ Yoast SEO plugin. -->","yoast_head_json":{"title":"PVC su\u0146u apkakle | QQPETS","description":"Iztur\u012bgas PVC su\u0146u apkakles, piln\u012bb\u0101 piel\u0101gojamas B2B z\u012bmolam. \u016adensiztur\u012bgas, viegli t\u012br\u0101mas un ide\u0101li piem\u0113rotas piel\u0101gotiem logotipiem vai rakstiem. Ide\u0101li piem\u0113rotas z\u012bmola redzam\u012bbai.","robots":{"index":"index","follow":"follow","max-snippet":"max-snippet:-1","max-image-preview":"max-image-preview:large","max-video-preview":"max-video-preview:-1"},"canonical":"https:\/\/qqpets.com\/lv\/products\/pvc-dog-collar\/","og_locale":"lv_LV","og_type":"article","og_title":"PVC Dog Collar | QQPETS","og_description":"Durable PVC dog collars, fully customizable for B2B branding. Waterproof, easy-to-clean, and ideal for custom logos or patterns. Perfect for brand visibility.","og_url":"https:\/\/qqpets.com\/lv\/products\/pvc-dog-collar\/","og_site_name":"QQPETS","article_publisher":"https:\/\/www.facebook.com\/QQpetsdogcollars","og_image":[{"width":960,"height":960,"url":"https:\/\/qqpets.com\/wp-content\/uploads\/2024\/11\/pvc-dog-collar8.webp","type":"image\/webp"}],"twitter_card":"summary_large_image","twitter_misc":{"Est. reading time":"1 min\u016bte"},"schema":{"@context":"https:\/\/schema.org","@graph":[{"@type":"WebPage","@id":"https:\/\/qqpets.com\/product\/pvc-dog-collar\/","url":"https:\/\/qqpets.com\/product\/pvc-dog-collar\/","name":"PVC su\u0146u apkakle | QQPETS","isPartOf":{"@id":"https:\/\/qqpets.com\/#website"},"primaryImageOfPage":{"@id":"https:\/\/qqpets.com\/product\/pvc-dog-collar\/#primaryimage"},"image":{"@id":"https:\/\/qqpets.com\/product\/pvc-dog-collar\/#primaryimage"},"thumbnailUrl":"https:\/\/qqpets.com\/wp-content\/uploads\/2024\/11\/pvc-dog-collar8.webp","datePublished":"2024-11-14T07:31:01+00:00","description":"Iztur\u012bgas PVC su\u0146u apkakles, piln\u012bb\u0101 piel\u0101gojamas B2B z\u012bmolam. \u016adensiztur\u012bgas, viegli t\u012br\u0101mas un ide\u0101li piem\u0113rotas piel\u0101gotiem logotipiem vai rakstiem. Ide\u0101li piem\u0113rotas z\u012bmola redzam\u012bbai.","breadcrumb":{"@id":"https:\/\/qqpets.com\/product\/pvc-dog-collar\/#breadcrumb"},"inLanguage":"lv-LV","potentialAction":[{"@type":"ReadAction","target":["https:\/\/qqpets.com\/product\/pvc-dog-collar\/"]}]},{"@type":"ImageObject","inLanguage":"lv-LV","@id":"https:\/\/qqpets.com\/product\/pvc-dog-collar\/#primaryimage","url":"https:\/\/qqpets.com\/wp-content\/uploads\/2024\/11\/pvc-dog-collar8.webp","contentUrl":"https:\/\/qqpets.com\/wp-content\/uploads\/2024\/11\/pvc-dog-collar8.webp","width":960,"height":960},{"@type":"BreadcrumbList","@id":"https:\/\/qqpets.com\/product\/pvc-dog-collar\/#breadcrumb","itemListElement":[{"@type":"ListItem","position":1,"name":"Home","item":"https:\/\/qqpets.com\/"},{"@type":"ListItem","position":2,"name":"Products","item":"https:\/\/qqpets.com\/pet-products-manufacturer\/"},{"@type":"ListItem","position":3,"name":"PVC Dog Collar"}]},{"@type":"WebSite","@id":"https:\/\/qqpets.com\/#website","url":"https:\/\/qqpets.com\/","name":"QQPETS","description":"QQPETS ir lolojumdz\u012bvnieku produktu r\u016bpn\u012bca su\u0146u siksn\u0101m, su\u0146u apkakles, su\u0146u pavadas un su\u0146u aksesu\u0101ri ar profesion\u0101lu piel\u0101gotu pakalpojumu kop\u0161 2005. gada.","publisher":{"@id":"https:\/\/qqpets.com\/#organization"},"potentialAction":[{"@type":"SearchAction","target":{"@type":"EntryPoint","urlTemplate":"https:\/\/qqpets.com\/?s={search_term_string}"},"query-input":{"@type":"PropertyValueSpecification","valueRequired":true,"valueName":"search_term_string"}}],"inLanguage":"lv-LV"},{"@type":"Organization","@id":"https:\/\/qqpets.com\/#organization","name":"QQPETS","url":"https:\/\/qqpets.com\/","logo":{"@type":"ImageObject","inLanguage":"lv-LV","@id":"https:\/\/qqpets.com\/#\/schema\/logo\/image\/","url":"https:\/\/qqpets.com\/wp-content\/uploads\/2023\/09\/cropped-cropped-qqpets-tiktok.jpg","contentUrl":"https:\/\/qqpets.com\/wp-content\/uploads\/2023\/09\/cropped-cropped-qqpets-tiktok.jpg","width":511,"height":511,"caption":"QQPETS"},"image":{"@id":"https:\/\/qqpets.com\/#\/schema\/logo\/image\/"},"sameAs":["https:\/\/www.facebook.com\/QQpetsdogcollars","https:\/\/www.instagram.com\/qqpetscollar\/","https:\/\/www.pinterest.com\/qqpetsdogcollarsfactory\/"]}]}},"_links":{"self":[{"href":"https:\/\/qqpets.com\/lv\/wp-json\/wp\/v2\/product\/9332","targetHints":{"allow":["GET"]}}],"collection":[{"href":"https:\/\/qqpets.com\/lv\/wp-json\/wp\/v2\/product"}],"about":[{"href":"https:\/\/qqpets.com\/lv\/wp-json\/wp\/v2\/types\/product"}],"wp:featuredmedia":[{"embeddable":true,"href":"https:\/\/qqpets.com\/lv\/wp-json\/wp\/v2\/media\/9340"}],"wp:attachment":[{"href":"https:\/\/qqpets.com\/lv\/wp-json\/wp\/v2\/media?parent=9332"}],"wp:term":[{"taxonomy":"product_brand","embeddable":true,"href":"https:\/\/qqpets.com\/lv\/wp-json\/wp\/v2\/product_brand?post=9332"},{"taxonomy":"product_cat","embeddable":true,"href":"https:\/\/qqpets.com\/lv\/wp-json\/wp\/v2\/product_cat?post=9332"},{"taxonomy":"product_tag","embeddable":true,"href":"https:\/\/qqpets.com\/lv\/wp-json\/wp\/v2\/product_tag?post=9332"}],"curies":[{"name":"wp","href":"https:\/\/api.w.org\/{rel}","templated":true}]}}