{"id":9344,"date":"2024-11-14T15:38:31","date_gmt":"2024-11-14T07:38:31","guid":{"rendered":"https:\/\/qqpets.com\/?post_type=product&#038;p=9344"},"modified":"2024-11-14T15:38:31","modified_gmt":"2024-11-14T07:38:31","slug":"3-8cm-double-pin-buckle-collar","status":"publish","type":"product","link":"https:\/\/qqpets.com\/lv\/products\/3-8cm-double-pin-buckle-collar\/","title":{"rendered":"3,8 cm dubult\u0101s tapas spr\u0101dzes apkakle"},"content":{"rendered":"<p>3,8 cm gar\u0101 dubult\u0101s spr\u0101dzes apkakle apvieno iztur\u012bbu, komfortu un pla\u0161u vietu z\u012bmolam, padarot to par lielisku izv\u0113li m\u0101jdz\u012bvnieku z\u012bmoliem, mazumtirgot\u0101jiem un rekl\u0101mas kampa\u0146\u0101m. Ar 3,8 cm platumu \u0161\u012b apkakle pied\u0101v\u0101 iev\u0113rojamu plat\u012bbu piel\u0101gotiem logotipiem vai rakstiem, \u013caujot B2B klientiem palielin\u0101t z\u012bmola atpaz\u012bstam\u012bbu un pievilc\u012bbu m\u0101jdz\u012bvnieku piederumu tirg\u016b.<\/p>\n<p>Izgatavota no augstas kvalit\u0101tes, iztur\u012bgiem materi\u0101liem, \u0161\u012b apkakle ir piem\u0113rota akt\u012bviem su\u0146iem un sare\u017e\u0123\u012bt\u0101 vid\u0113. Dubult\u0101s spr\u0101dzes konstrukcija palielina iztur\u012bbu un dro\u0161\u012bbu, nodro\u0161inot m\u0101jdz\u012bvnieku \u012bpa\u0161nieku mieru un j\u016bsu z\u012bmola ilgm\u016b\u017e\u012bbu. Kakla siksnas platums ne tikai uzlabo iztur\u012bbu, bet ar\u012b vizu\u0101lo efektu, padarot to par stil\u012bgu aksesu\u0101ru liel\u0101k\u0101m \u0161\u0137irn\u0113m.<\/p>\n<p>\u0160\u012b apkakle ir ide\u0101li piem\u0113rota B2B klientiem, kuriem nepiecie\u0161ams uzticams, piel\u0101gojams izstr\u0101d\u0101jums, un to var piel\u0101got, lai att\u0113lotu j\u016bsu z\u012bmola unik\u0101lo dizainu. T\u0101 ir univers\u0101la mazumtirdzniec\u012bbas vai korporat\u012bvai lieto\u0161anai, saska\u0146ojot funkcionalit\u0101ti ar rekl\u0101mas vajadz\u012bb\u0101m. Uzlabojiet savu produktu pied\u0101v\u0101jumu ar apkakli, kas apvieno iztur\u012bbu, piel\u0101gotas z\u012bmola iesp\u0113jas un pievilc\u012bgu, iztur\u012bgu stilu.<\/p>","protected":false},"excerpt":{"rendered":"<p>M\u016bsu 3,8 cm dubult\u0101s spr\u0101dzes apkakle ir iztur\u012bga un stil\u012bga izv\u0113le lolojumdz\u012bvnieku z\u012bmoliem, kas v\u0113las piel\u0101got ar logotipiem vai rakstiem. \u0160\u012b apkakle ir izgatavota no augstas iztur\u012bbas materi\u0101liem un apr\u012bkota ar dubult\u0101s tapas spr\u0101dzi papildu dro\u0161\u012bbai, t\u0101 ir izstr\u0101d\u0101ta, lai nodro\u0161in\u0101tu iztur\u012bbu un komfortu. Pla\u0161ais 3,8 cm platums nodro\u0161ina iev\u0113rojamu audeklu piel\u0101goto z\u012bmolu izvieto\u0161anai, padarot to ide\u0101li redzamu un pievilc\u012bgu. \u0160\u012b apkakle ir ide\u0101li piem\u0113rota B2B klientiem, t\u0101 atbilst akt\u012bvo m\u0101jdz\u012bvnieku vajadz\u012bb\u0101m, vienlaikus palielinot z\u012bmola atpaz\u012bstam\u012bbu m\u0101jdz\u012bvnieku tirg\u016b. T\u0101 ir uzticama izv\u0113le tiem, kas mekl\u0113 iztur\u012bgu, piel\u0101gojamu apkakli.<\/p>","protected":false},"featured_media":9345,"template":"","meta":[],"product_brand":[],"product_cat":[26],"product_tag":[],"class_list":{"0":"post-9344","1":"product","2":"type-product","3":"status-publish","4":"has-post-thumbnail","6":"product_cat-dog-collar","8":"first","9":"instock","10":"shipping-taxable","11":"product-type-simple"},"yoast_head":"<!-- This site is optimized with the Yoast SEO plugin v26.6 - https:\/\/yoast.com\/wordpress\/plugins\/seo\/ -->\n<title>3.8cm Double Pin Buckle Collar | QQPETS<\/title>\n<meta name=\"description\" content=\"Heavy-duty 3.8cm double pin buckle collar, fully customizable with your logo or pattern. Built for durability and style, ideal for B2B branding in pet accessories.\" \/>\n<meta name=\"robots\" content=\"index, follow, max-snippet:-1, max-image-preview:large, max-video-preview:-1\" \/>\n<link rel=\"canonical\" href=\"https:\/\/qqpets.com\/lv\/products\/3-8cm-double-pin-buckle-collar\/\" \/>\n<meta property=\"og:locale\" content=\"lv_LV\" \/>\n<meta property=\"og:type\" content=\"article\" \/>\n<meta property=\"og:title\" content=\"3.8cm Double Pin Buckle Collar | QQPETS\" \/>\n<meta property=\"og:description\" content=\"Heavy-duty 3.8cm double pin buckle collar, fully customizable with your logo or pattern. Built for durability and style, ideal for B2B branding in pet accessories.\" \/>\n<meta property=\"og:url\" content=\"https:\/\/qqpets.com\/lv\/products\/3-8cm-double-pin-buckle-collar\/\" \/>\n<meta property=\"og:site_name\" content=\"QQPETS\" \/>\n<meta property=\"article:publisher\" content=\"https:\/\/www.facebook.com\/QQpetsdogcollars\" \/>\n<meta property=\"og:image\" content=\"https:\/\/qqpets.com\/wp-content\/uploads\/2024\/11\/3.8cm-Double-Pin-Buckle-Collar1.webp\" \/>\n\t<meta property=\"og:image:width\" content=\"800\" \/>\n\t<meta property=\"og:image:height\" content=\"800\" \/>\n\t<meta property=\"og:image:type\" content=\"image\/webp\" \/>\n<meta name=\"twitter:card\" content=\"summary_large_image\" \/>\n<meta name=\"twitter:label1\" content=\"Est. reading time\" \/>\n\t<meta name=\"twitter:data1\" content=\"1 min\u016bte\" \/>\n<script type=\"application\/ld+json\" class=\"yoast-schema-graph\">{\"@context\":\"https:\/\/schema.org\",\"@graph\":[{\"@type\":\"WebPage\",\"@id\":\"https:\/\/qqpets.com\/product\/3-8cm-double-pin-buckle-collar\/\",\"url\":\"https:\/\/qqpets.com\/product\/3-8cm-double-pin-buckle-collar\/\",\"name\":\"3.8cm Double Pin Buckle Collar | QQPETS\",\"isPartOf\":{\"@id\":\"https:\/\/qqpets.com\/#website\"},\"primaryImageOfPage\":{\"@id\":\"https:\/\/qqpets.com\/product\/3-8cm-double-pin-buckle-collar\/#primaryimage\"},\"image\":{\"@id\":\"https:\/\/qqpets.com\/product\/3-8cm-double-pin-buckle-collar\/#primaryimage\"},\"thumbnailUrl\":\"https:\/\/qqpets.com\/wp-content\/uploads\/2024\/11\/3.8cm-Double-Pin-Buckle-Collar1.webp\",\"datePublished\":\"2024-11-14T07:38:31+00:00\",\"description\":\"Heavy-duty 3.8cm double pin buckle collar, fully customizable with your logo or pattern. Built for durability and style, ideal for B2B branding in pet accessories.\",\"breadcrumb\":{\"@id\":\"https:\/\/qqpets.com\/product\/3-8cm-double-pin-buckle-collar\/#breadcrumb\"},\"inLanguage\":\"lv-LV\",\"potentialAction\":[{\"@type\":\"ReadAction\",\"target\":[\"https:\/\/qqpets.com\/product\/3-8cm-double-pin-buckle-collar\/\"]}]},{\"@type\":\"ImageObject\",\"inLanguage\":\"lv-LV\",\"@id\":\"https:\/\/qqpets.com\/product\/3-8cm-double-pin-buckle-collar\/#primaryimage\",\"url\":\"https:\/\/qqpets.com\/wp-content\/uploads\/2024\/11\/3.8cm-Double-Pin-Buckle-Collar1.webp\",\"contentUrl\":\"https:\/\/qqpets.com\/wp-content\/uploads\/2024\/11\/3.8cm-Double-Pin-Buckle-Collar1.webp\",\"width\":800,\"height\":800},{\"@type\":\"BreadcrumbList\",\"@id\":\"https:\/\/qqpets.com\/product\/3-8cm-double-pin-buckle-collar\/#breadcrumb\",\"itemListElement\":[{\"@type\":\"ListItem\",\"position\":1,\"name\":\"Home\",\"item\":\"https:\/\/qqpets.com\/\"},{\"@type\":\"ListItem\",\"position\":2,\"name\":\"Products\",\"item\":\"https:\/\/qqpets.com\/pet-products-manufacturer\/\"},{\"@type\":\"ListItem\",\"position\":3,\"name\":\"3.8cm Double Pin Buckle Collar\"}]},{\"@type\":\"WebSite\",\"@id\":\"https:\/\/qqpets.com\/#website\",\"url\":\"https:\/\/qqpets.com\/\",\"name\":\"QQPETS\",\"description\":\"QQPETS is a pet products factory for dog harnesses, dog collars, dog leashes and dog accessories with professional customized service since 2005.\",\"publisher\":{\"@id\":\"https:\/\/qqpets.com\/#organization\"},\"potentialAction\":[{\"@type\":\"SearchAction\",\"target\":{\"@type\":\"EntryPoint\",\"urlTemplate\":\"https:\/\/qqpets.com\/?s={search_term_string}\"},\"query-input\":{\"@type\":\"PropertyValueSpecification\",\"valueRequired\":true,\"valueName\":\"search_term_string\"}}],\"inLanguage\":\"lv-LV\"},{\"@type\":\"Organization\",\"@id\":\"https:\/\/qqpets.com\/#organization\",\"name\":\"QQPETS\",\"url\":\"https:\/\/qqpets.com\/\",\"logo\":{\"@type\":\"ImageObject\",\"inLanguage\":\"lv-LV\",\"@id\":\"https:\/\/qqpets.com\/#\/schema\/logo\/image\/\",\"url\":\"https:\/\/qqpets.com\/wp-content\/uploads\/2023\/09\/cropped-cropped-qqpets-tiktok.jpg\",\"contentUrl\":\"https:\/\/qqpets.com\/wp-content\/uploads\/2023\/09\/cropped-cropped-qqpets-tiktok.jpg\",\"width\":511,\"height\":511,\"caption\":\"QQPETS\"},\"image\":{\"@id\":\"https:\/\/qqpets.com\/#\/schema\/logo\/image\/\"},\"sameAs\":[\"https:\/\/www.facebook.com\/QQpetsdogcollars\",\"https:\/\/www.instagram.com\/qqpetscollar\/\",\"https:\/\/www.pinterest.com\/qqpetsdogcollarsfactory\/\"]}]}<\/script>\n<!-- \/ Yoast SEO plugin. -->","yoast_head_json":{"title":"3,8 cm dubult\u0101s tapas spr\u0101dzes apkakle | QQPETS","description":"Iztur\u012bga 3,8 cm liela izm\u0113ra apkakle ar dubulto spr\u0101dzi, piln\u012bb\u0101 piel\u0101gojama ar j\u016bsu logotipu vai rakstu. Izgatavota iztur\u012bbai un stilam, ide\u0101li piem\u0113rota B2B z\u012bmola veido\u0161anai m\u0101jdz\u012bvnieku aksesu\u0101ru jom\u0101.","robots":{"index":"index","follow":"follow","max-snippet":"max-snippet:-1","max-image-preview":"max-image-preview:large","max-video-preview":"max-video-preview:-1"},"canonical":"https:\/\/qqpets.com\/lv\/products\/3-8cm-double-pin-buckle-collar\/","og_locale":"lv_LV","og_type":"article","og_title":"3.8cm Double Pin Buckle Collar | QQPETS","og_description":"Heavy-duty 3.8cm double pin buckle collar, fully customizable with your logo or pattern. Built for durability and style, ideal for B2B branding in pet accessories.","og_url":"https:\/\/qqpets.com\/lv\/products\/3-8cm-double-pin-buckle-collar\/","og_site_name":"QQPETS","article_publisher":"https:\/\/www.facebook.com\/QQpetsdogcollars","og_image":[{"width":800,"height":800,"url":"https:\/\/qqpets.com\/wp-content\/uploads\/2024\/11\/3.8cm-Double-Pin-Buckle-Collar1.webp","type":"image\/webp"}],"twitter_card":"summary_large_image","twitter_misc":{"Est. reading time":"1 min\u016bte"},"schema":{"@context":"https:\/\/schema.org","@graph":[{"@type":"WebPage","@id":"https:\/\/qqpets.com\/product\/3-8cm-double-pin-buckle-collar\/","url":"https:\/\/qqpets.com\/product\/3-8cm-double-pin-buckle-collar\/","name":"3,8 cm dubult\u0101s tapas spr\u0101dzes apkakle | QQPETS","isPartOf":{"@id":"https:\/\/qqpets.com\/#website"},"primaryImageOfPage":{"@id":"https:\/\/qqpets.com\/product\/3-8cm-double-pin-buckle-collar\/#primaryimage"},"image":{"@id":"https:\/\/qqpets.com\/product\/3-8cm-double-pin-buckle-collar\/#primaryimage"},"thumbnailUrl":"https:\/\/qqpets.com\/wp-content\/uploads\/2024\/11\/3.8cm-Double-Pin-Buckle-Collar1.webp","datePublished":"2024-11-14T07:38:31+00:00","description":"Iztur\u012bga 3,8 cm liela izm\u0113ra apkakle ar dubulto spr\u0101dzi, piln\u012bb\u0101 piel\u0101gojama ar j\u016bsu logotipu vai rakstu. Izgatavota iztur\u012bbai un stilam, ide\u0101li piem\u0113rota B2B z\u012bmola veido\u0161anai m\u0101jdz\u012bvnieku aksesu\u0101ru jom\u0101.","breadcrumb":{"@id":"https:\/\/qqpets.com\/product\/3-8cm-double-pin-buckle-collar\/#breadcrumb"},"inLanguage":"lv-LV","potentialAction":[{"@type":"ReadAction","target":["https:\/\/qqpets.com\/product\/3-8cm-double-pin-buckle-collar\/"]}]},{"@type":"ImageObject","inLanguage":"lv-LV","@id":"https:\/\/qqpets.com\/product\/3-8cm-double-pin-buckle-collar\/#primaryimage","url":"https:\/\/qqpets.com\/wp-content\/uploads\/2024\/11\/3.8cm-Double-Pin-Buckle-Collar1.webp","contentUrl":"https:\/\/qqpets.com\/wp-content\/uploads\/2024\/11\/3.8cm-Double-Pin-Buckle-Collar1.webp","width":800,"height":800},{"@type":"BreadcrumbList","@id":"https:\/\/qqpets.com\/product\/3-8cm-double-pin-buckle-collar\/#breadcrumb","itemListElement":[{"@type":"ListItem","position":1,"name":"Home","item":"https:\/\/qqpets.com\/"},{"@type":"ListItem","position":2,"name":"Products","item":"https:\/\/qqpets.com\/pet-products-manufacturer\/"},{"@type":"ListItem","position":3,"name":"3.8cm Double Pin Buckle Collar"}]},{"@type":"WebSite","@id":"https:\/\/qqpets.com\/#website","url":"https:\/\/qqpets.com\/","name":"QQPETS","description":"QQPETS ir lolojumdz\u012bvnieku produktu r\u016bpn\u012bca su\u0146u siksn\u0101m, su\u0146u apkakles, su\u0146u pavadas un su\u0146u aksesu\u0101ri ar profesion\u0101lu piel\u0101gotu pakalpojumu kop\u0161 2005. gada.","publisher":{"@id":"https:\/\/qqpets.com\/#organization"},"potentialAction":[{"@type":"SearchAction","target":{"@type":"EntryPoint","urlTemplate":"https:\/\/qqpets.com\/?s={search_term_string}"},"query-input":{"@type":"PropertyValueSpecification","valueRequired":true,"valueName":"search_term_string"}}],"inLanguage":"lv-LV"},{"@type":"Organization","@id":"https:\/\/qqpets.com\/#organization","name":"QQPETS","url":"https:\/\/qqpets.com\/","logo":{"@type":"ImageObject","inLanguage":"lv-LV","@id":"https:\/\/qqpets.com\/#\/schema\/logo\/image\/","url":"https:\/\/qqpets.com\/wp-content\/uploads\/2023\/09\/cropped-cropped-qqpets-tiktok.jpg","contentUrl":"https:\/\/qqpets.com\/wp-content\/uploads\/2023\/09\/cropped-cropped-qqpets-tiktok.jpg","width":511,"height":511,"caption":"QQPETS"},"image":{"@id":"https:\/\/qqpets.com\/#\/schema\/logo\/image\/"},"sameAs":["https:\/\/www.facebook.com\/QQpetsdogcollars","https:\/\/www.instagram.com\/qqpetscollar\/","https:\/\/www.pinterest.com\/qqpetsdogcollarsfactory\/"]}]}},"_links":{"self":[{"href":"https:\/\/qqpets.com\/lv\/wp-json\/wp\/v2\/product\/9344","targetHints":{"allow":["GET"]}}],"collection":[{"href":"https:\/\/qqpets.com\/lv\/wp-json\/wp\/v2\/product"}],"about":[{"href":"https:\/\/qqpets.com\/lv\/wp-json\/wp\/v2\/types\/product"}],"wp:featuredmedia":[{"embeddable":true,"href":"https:\/\/qqpets.com\/lv\/wp-json\/wp\/v2\/media\/9345"}],"wp:attachment":[{"href":"https:\/\/qqpets.com\/lv\/wp-json\/wp\/v2\/media?parent=9344"}],"wp:term":[{"taxonomy":"product_brand","embeddable":true,"href":"https:\/\/qqpets.com\/lv\/wp-json\/wp\/v2\/product_brand?post=9344"},{"taxonomy":"product_cat","embeddable":true,"href":"https:\/\/qqpets.com\/lv\/wp-json\/wp\/v2\/product_cat?post=9344"},{"taxonomy":"product_tag","embeddable":true,"href":"https:\/\/qqpets.com\/lv\/wp-json\/wp\/v2\/product_tag?post=9344"}],"curies":[{"name":"wp","href":"https:\/\/api.w.org\/{rel}","templated":true}]}}