{"id":9351,"date":"2024-11-14T15:50:14","date_gmt":"2024-11-14T07:50:14","guid":{"rendered":"https:\/\/qqpets.com\/?post_type=product&#038;p=9351"},"modified":"2024-11-14T15:50:14","modified_gmt":"2024-11-14T07:50:14","slug":"martingale-chain-collar","status":"publish","type":"product","link":"https:\/\/qqpets.com\/lv\/products\/martingale-chain-collar\/","title":{"rendered":"Martingale \u0137\u0113des apkakle"},"content":{"rendered":"<p>Martingale \u0137\u0113des apkakle ir univers\u0101la un dro\u0161a izv\u0113le, kas paredz\u0113ta m\u0101jdz\u012bvnieku z\u012bmoliem un mazumtirgot\u0101jiem, kuri v\u0113las uzticamu apm\u0101c\u012bbas apkakli ar piel\u0101gotu piesk\u0101rienu. Martingale apkakle, kas paz\u012bstama ar savu dro\u0161o un efekt\u012bvo konstrukciju, nedaudz savelk, kad suns velk, nodro\u0161inot maigu kontroli bez aizr\u012b\u0161an\u0101s riska, padarot to ide\u0101li piem\u0113rotu apm\u0101c\u012bbai un akt\u012bviem su\u0146iem.<\/p>\n<p>\u0160\u012b apkakle, kas izgatavota no augstas kvalit\u0101tes iztur\u012bgiem materi\u0101liem, ir veidota t\u0101, lai iztur\u0113tu ikdienas valk\u0101\u0161anu, vienlaikus nodro\u0161inot kontrol\u0113tu un \u0113rtu piegul\u0113\u0161anu. \u0136\u0113des komponents uzlabo kontroli un dro\u0161\u012bbu, \u013caujot nodro\u0161in\u0101t \u0101tru treni\u0146u, kas neietekm\u0113 komfortu. Z\u012bmoliem, kas v\u0113las atst\u0101t iespaidu, apkakles dizainu var piln\u012bb\u0101 piel\u0101got ar logotipiem vai rakstiem, padarot to par izcilu aksesu\u0101ru B2B klientiem, kas v\u0113las izcelt savu z\u012bmolu.<\/p>\n<p>\u0160\u012b Martingale \u0137\u0113des apkakle ir ide\u0101li piem\u0113rota da\u017e\u0101d\u0101m \u0161\u0137irn\u0113m un ir piel\u0101gota, lai atbilstu gan m\u0101jdz\u012bvnieku \u012bpa\u0161nieku, gan uz\u0146\u0113mumu pras\u012bb\u0101m. T\u0101 ir funkcion\u0101la izv\u0113le su\u0146u apm\u0101c\u012bbai, stil\u012bgai ikdienas lieto\u0161anai un z\u012bmola atpaz\u012bstam\u012bbai, sniedzot B2B klientiem efekt\u012bvu, piel\u0101gojamu produktu, lai palielin\u0101tu atpaz\u012bstam\u012bbu konkur\u0113tsp\u0113j\u012bgaj\u0101 m\u0101jdz\u012bvnieku piederumu tirg\u016b.<\/p>","protected":false},"excerpt":{"rendered":"<p>M\u016bsu Martingale \u0137\u0113des apkakle apvieno dro\u0161\u012bbu un stilu, padarot to ide\u0101li piem\u0113rotu apm\u0101c\u012bbai un ikdienas valk\u0101\u0161anai. T\u0101 ir izstr\u0101d\u0101ta, lai maigi kontrol\u0113tu su\u0146us, nepiespie\u017eot tos aizr\u012bkoties, un nodro\u0161ina komfortu, vienlaikus nodro\u0161inot efekt\u012bvu apie\u0161anos. Izgatavota no iztur\u012bgiem materi\u0101liem, \u0161\u012b apkakle ir piln\u012bb\u0101 piel\u0101gojama ar j\u016bsu logotipu vai rakstu, nodro\u0161inot unik\u0101lu z\u012bmola veido\u0161anas iesp\u0113ju B2B klientiem m\u0101jdz\u012bvnieku tirg\u016b. Ide\u0101li piem\u0113rota z\u012bmoliem, kas mekl\u0113 kvalit\u0101ti, funkcionalit\u0101ti un atpaz\u012bstam\u012bbu, \u0161\u012b Martingale apkakle ir piem\u0113rota akt\u012bviem m\u0101jdz\u012bvniekiem un apm\u0101c\u012bbas vajadz\u012bb\u0101m, vienlaikus veicinot z\u012bmola atpaz\u012bstam\u012bbu.<\/p>","protected":false},"featured_media":9352,"template":"","meta":[],"product_brand":[],"product_cat":[26],"product_tag":[],"class_list":{"0":"post-9351","1":"product","2":"type-product","3":"status-publish","4":"has-post-thumbnail","6":"product_cat-dog-collar","8":"first","9":"instock","10":"shipping-taxable","11":"product-type-simple"},"yoast_head":"<!-- This site is optimized with the Yoast SEO plugin v26.6 - https:\/\/yoast.com\/wordpress\/plugins\/seo\/ -->\n<title>Martingale Chain Collar | QQPETS<\/title>\n<meta name=\"description\" content=\"Secure and stylish Martingale chain collar, ideal for training. Fully customizable with logos or patterns, perfect for B2B clients seeking branded pet accessories.\" \/>\n<meta name=\"robots\" content=\"index, follow, max-snippet:-1, max-image-preview:large, max-video-preview:-1\" \/>\n<link rel=\"canonical\" href=\"https:\/\/qqpets.com\/lv\/products\/martingale-chain-collar\/\" \/>\n<meta property=\"og:locale\" content=\"lv_LV\" \/>\n<meta property=\"og:type\" content=\"article\" \/>\n<meta property=\"og:title\" content=\"Martingale Chain Collar | QQPETS\" \/>\n<meta property=\"og:description\" content=\"Secure and stylish Martingale chain collar, ideal for training. Fully customizable with logos or patterns, perfect for B2B clients seeking branded pet accessories.\" \/>\n<meta property=\"og:url\" content=\"https:\/\/qqpets.com\/lv\/products\/martingale-chain-collar\/\" \/>\n<meta property=\"og:site_name\" content=\"QQPETS\" \/>\n<meta property=\"article:publisher\" content=\"https:\/\/www.facebook.com\/QQpetsdogcollars\" \/>\n<meta property=\"og:image\" content=\"https:\/\/qqpets.com\/wp-content\/uploads\/2024\/11\/Martingale-Chain-Collar1.webp\" \/>\n\t<meta property=\"og:image:width\" content=\"800\" \/>\n\t<meta property=\"og:image:height\" content=\"800\" \/>\n\t<meta property=\"og:image:type\" content=\"image\/webp\" \/>\n<meta name=\"twitter:card\" content=\"summary_large_image\" \/>\n<meta name=\"twitter:label1\" content=\"Est. reading time\" \/>\n\t<meta name=\"twitter:data1\" content=\"1 min\u016bte\" \/>\n<script type=\"application\/ld+json\" class=\"yoast-schema-graph\">{\"@context\":\"https:\/\/schema.org\",\"@graph\":[{\"@type\":\"WebPage\",\"@id\":\"https:\/\/qqpets.com\/product\/martingale-chain-collar\/\",\"url\":\"https:\/\/qqpets.com\/product\/martingale-chain-collar\/\",\"name\":\"Martingale Chain Collar | QQPETS\",\"isPartOf\":{\"@id\":\"https:\/\/qqpets.com\/#website\"},\"primaryImageOfPage\":{\"@id\":\"https:\/\/qqpets.com\/product\/martingale-chain-collar\/#primaryimage\"},\"image\":{\"@id\":\"https:\/\/qqpets.com\/product\/martingale-chain-collar\/#primaryimage\"},\"thumbnailUrl\":\"https:\/\/qqpets.com\/wp-content\/uploads\/2024\/11\/Martingale-Chain-Collar1.webp\",\"datePublished\":\"2024-11-14T07:50:14+00:00\",\"description\":\"Secure and stylish Martingale chain collar, ideal for training. Fully customizable with logos or patterns, perfect for B2B clients seeking branded pet accessories.\",\"breadcrumb\":{\"@id\":\"https:\/\/qqpets.com\/product\/martingale-chain-collar\/#breadcrumb\"},\"inLanguage\":\"lv-LV\",\"potentialAction\":[{\"@type\":\"ReadAction\",\"target\":[\"https:\/\/qqpets.com\/product\/martingale-chain-collar\/\"]}]},{\"@type\":\"ImageObject\",\"inLanguage\":\"lv-LV\",\"@id\":\"https:\/\/qqpets.com\/product\/martingale-chain-collar\/#primaryimage\",\"url\":\"https:\/\/qqpets.com\/wp-content\/uploads\/2024\/11\/Martingale-Chain-Collar1.webp\",\"contentUrl\":\"https:\/\/qqpets.com\/wp-content\/uploads\/2024\/11\/Martingale-Chain-Collar1.webp\",\"width\":800,\"height\":800},{\"@type\":\"BreadcrumbList\",\"@id\":\"https:\/\/qqpets.com\/product\/martingale-chain-collar\/#breadcrumb\",\"itemListElement\":[{\"@type\":\"ListItem\",\"position\":1,\"name\":\"Home\",\"item\":\"https:\/\/qqpets.com\/\"},{\"@type\":\"ListItem\",\"position\":2,\"name\":\"Products\",\"item\":\"https:\/\/qqpets.com\/pet-products-manufacturer\/\"},{\"@type\":\"ListItem\",\"position\":3,\"name\":\"Martingale Chain Collar\"}]},{\"@type\":\"WebSite\",\"@id\":\"https:\/\/qqpets.com\/#website\",\"url\":\"https:\/\/qqpets.com\/\",\"name\":\"QQPETS\",\"description\":\"QQPETS is a pet products factory for dog harnesses, dog collars, dog leashes and dog accessories with professional customized service since 2005.\",\"publisher\":{\"@id\":\"https:\/\/qqpets.com\/#organization\"},\"potentialAction\":[{\"@type\":\"SearchAction\",\"target\":{\"@type\":\"EntryPoint\",\"urlTemplate\":\"https:\/\/qqpets.com\/?s={search_term_string}\"},\"query-input\":{\"@type\":\"PropertyValueSpecification\",\"valueRequired\":true,\"valueName\":\"search_term_string\"}}],\"inLanguage\":\"lv-LV\"},{\"@type\":\"Organization\",\"@id\":\"https:\/\/qqpets.com\/#organization\",\"name\":\"QQPETS\",\"url\":\"https:\/\/qqpets.com\/\",\"logo\":{\"@type\":\"ImageObject\",\"inLanguage\":\"lv-LV\",\"@id\":\"https:\/\/qqpets.com\/#\/schema\/logo\/image\/\",\"url\":\"https:\/\/qqpets.com\/wp-content\/uploads\/2023\/09\/cropped-cropped-qqpets-tiktok.jpg\",\"contentUrl\":\"https:\/\/qqpets.com\/wp-content\/uploads\/2023\/09\/cropped-cropped-qqpets-tiktok.jpg\",\"width\":511,\"height\":511,\"caption\":\"QQPETS\"},\"image\":{\"@id\":\"https:\/\/qqpets.com\/#\/schema\/logo\/image\/\"},\"sameAs\":[\"https:\/\/www.facebook.com\/QQpetsdogcollars\",\"https:\/\/www.instagram.com\/qqpetscollar\/\",\"https:\/\/www.pinterest.com\/qqpetsdogcollarsfactory\/\"]}]}<\/script>\n<!-- \/ Yoast SEO plugin. -->","yoast_head_json":{"title":"Martingale \u0137\u0113des apkakle | QQPETS","description":"Dro\u0161a un stil\u012bga Martingale \u0137\u0113des apkakle, ide\u0101li piem\u0113rota apm\u0101c\u012bbai. Piln\u012bb\u0101 piel\u0101gojama ar logotipiem vai rakstiem, ide\u0101li piem\u0113rota B2B klientiem, kas mekl\u0113 z\u012bmolu lolojumdz\u012bvnieku aksesu\u0101rus.","robots":{"index":"index","follow":"follow","max-snippet":"max-snippet:-1","max-image-preview":"max-image-preview:large","max-video-preview":"max-video-preview:-1"},"canonical":"https:\/\/qqpets.com\/lv\/products\/martingale-chain-collar\/","og_locale":"lv_LV","og_type":"article","og_title":"Martingale Chain Collar | QQPETS","og_description":"Secure and stylish Martingale chain collar, ideal for training. Fully customizable with logos or patterns, perfect for B2B clients seeking branded pet accessories.","og_url":"https:\/\/qqpets.com\/lv\/products\/martingale-chain-collar\/","og_site_name":"QQPETS","article_publisher":"https:\/\/www.facebook.com\/QQpetsdogcollars","og_image":[{"width":800,"height":800,"url":"https:\/\/qqpets.com\/wp-content\/uploads\/2024\/11\/Martingale-Chain-Collar1.webp","type":"image\/webp"}],"twitter_card":"summary_large_image","twitter_misc":{"Est. reading time":"1 min\u016bte"},"schema":{"@context":"https:\/\/schema.org","@graph":[{"@type":"WebPage","@id":"https:\/\/qqpets.com\/product\/martingale-chain-collar\/","url":"https:\/\/qqpets.com\/product\/martingale-chain-collar\/","name":"Martingale \u0137\u0113des apkakle | QQPETS","isPartOf":{"@id":"https:\/\/qqpets.com\/#website"},"primaryImageOfPage":{"@id":"https:\/\/qqpets.com\/product\/martingale-chain-collar\/#primaryimage"},"image":{"@id":"https:\/\/qqpets.com\/product\/martingale-chain-collar\/#primaryimage"},"thumbnailUrl":"https:\/\/qqpets.com\/wp-content\/uploads\/2024\/11\/Martingale-Chain-Collar1.webp","datePublished":"2024-11-14T07:50:14+00:00","description":"Dro\u0161a un stil\u012bga Martingale \u0137\u0113des apkakle, ide\u0101li piem\u0113rota apm\u0101c\u012bbai. Piln\u012bb\u0101 piel\u0101gojama ar logotipiem vai rakstiem, ide\u0101li piem\u0113rota B2B klientiem, kas mekl\u0113 z\u012bmolu lolojumdz\u012bvnieku aksesu\u0101rus.","breadcrumb":{"@id":"https:\/\/qqpets.com\/product\/martingale-chain-collar\/#breadcrumb"},"inLanguage":"lv-LV","potentialAction":[{"@type":"ReadAction","target":["https:\/\/qqpets.com\/product\/martingale-chain-collar\/"]}]},{"@type":"ImageObject","inLanguage":"lv-LV","@id":"https:\/\/qqpets.com\/product\/martingale-chain-collar\/#primaryimage","url":"https:\/\/qqpets.com\/wp-content\/uploads\/2024\/11\/Martingale-Chain-Collar1.webp","contentUrl":"https:\/\/qqpets.com\/wp-content\/uploads\/2024\/11\/Martingale-Chain-Collar1.webp","width":800,"height":800},{"@type":"BreadcrumbList","@id":"https:\/\/qqpets.com\/product\/martingale-chain-collar\/#breadcrumb","itemListElement":[{"@type":"ListItem","position":1,"name":"Home","item":"https:\/\/qqpets.com\/"},{"@type":"ListItem","position":2,"name":"Products","item":"https:\/\/qqpets.com\/pet-products-manufacturer\/"},{"@type":"ListItem","position":3,"name":"Martingale Chain Collar"}]},{"@type":"WebSite","@id":"https:\/\/qqpets.com\/#website","url":"https:\/\/qqpets.com\/","name":"QQPETS","description":"QQPETS ir lolojumdz\u012bvnieku produktu r\u016bpn\u012bca su\u0146u siksn\u0101m, su\u0146u apkakles, su\u0146u pavadas un su\u0146u aksesu\u0101ri ar profesion\u0101lu piel\u0101gotu pakalpojumu kop\u0161 2005. gada.","publisher":{"@id":"https:\/\/qqpets.com\/#organization"},"potentialAction":[{"@type":"SearchAction","target":{"@type":"EntryPoint","urlTemplate":"https:\/\/qqpets.com\/?s={search_term_string}"},"query-input":{"@type":"PropertyValueSpecification","valueRequired":true,"valueName":"search_term_string"}}],"inLanguage":"lv-LV"},{"@type":"Organization","@id":"https:\/\/qqpets.com\/#organization","name":"QQPETS","url":"https:\/\/qqpets.com\/","logo":{"@type":"ImageObject","inLanguage":"lv-LV","@id":"https:\/\/qqpets.com\/#\/schema\/logo\/image\/","url":"https:\/\/qqpets.com\/wp-content\/uploads\/2023\/09\/cropped-cropped-qqpets-tiktok.jpg","contentUrl":"https:\/\/qqpets.com\/wp-content\/uploads\/2023\/09\/cropped-cropped-qqpets-tiktok.jpg","width":511,"height":511,"caption":"QQPETS"},"image":{"@id":"https:\/\/qqpets.com\/#\/schema\/logo\/image\/"},"sameAs":["https:\/\/www.facebook.com\/QQpetsdogcollars","https:\/\/www.instagram.com\/qqpetscollar\/","https:\/\/www.pinterest.com\/qqpetsdogcollarsfactory\/"]}]}},"_links":{"self":[{"href":"https:\/\/qqpets.com\/lv\/wp-json\/wp\/v2\/product\/9351","targetHints":{"allow":["GET"]}}],"collection":[{"href":"https:\/\/qqpets.com\/lv\/wp-json\/wp\/v2\/product"}],"about":[{"href":"https:\/\/qqpets.com\/lv\/wp-json\/wp\/v2\/types\/product"}],"wp:featuredmedia":[{"embeddable":true,"href":"https:\/\/qqpets.com\/lv\/wp-json\/wp\/v2\/media\/9352"}],"wp:attachment":[{"href":"https:\/\/qqpets.com\/lv\/wp-json\/wp\/v2\/media?parent=9351"}],"wp:term":[{"taxonomy":"product_brand","embeddable":true,"href":"https:\/\/qqpets.com\/lv\/wp-json\/wp\/v2\/product_brand?post=9351"},{"taxonomy":"product_cat","embeddable":true,"href":"https:\/\/qqpets.com\/lv\/wp-json\/wp\/v2\/product_cat?post=9351"},{"taxonomy":"product_tag","embeddable":true,"href":"https:\/\/qqpets.com\/lv\/wp-json\/wp\/v2\/product_tag?post=9351"}],"curies":[{"name":"wp","href":"https:\/\/api.w.org\/{rel}","templated":true}]}}