{"id":9364,"date":"2024-11-14T16:06:33","date_gmt":"2024-11-14T08:06:33","guid":{"rendered":"https:\/\/qqpets.com\/?post_type=product&#038;p=9364"},"modified":"2024-11-14T16:06:33","modified_gmt":"2024-11-14T08:06:33","slug":"pin-buckle-collar","status":"publish","type":"product","link":"https:\/\/qqpets.com\/lv\/products\/pin-buckle-collar\/","title":{"rendered":"Pin spr\u0101dzes apkakle"},"content":{"rendered":"<p>Pin Buckle apkakle apvieno klasisku dizainu ar izcilu funkcionalit\u0101ti, padarot to par lielisku izv\u0113li tiem z\u012bmoliem, kas v\u0113las pied\u0101v\u0101t daudzpus\u012bgu un piel\u0101gojamu apkakles variantu. \u0160\u012b apkakle ir veidota t\u0101, lai iztur\u0113tu ikdienas n\u0113s\u0101\u0161anas gr\u016bt\u012bbas, un tai ir augstas stipr\u012bbas met\u0101la tapskr\u016bve, kas nodro\u0161ina dro\u0161u un viegli regul\u0113jamu piegul\u0113\u0161anu. T\u0101s iztur\u012bgo konstrukciju papildina uz komfortu v\u0113rsti materi\u0101li, kas nov\u0113r\u0161 kairin\u0101jumu, t\u0101p\u0113c t\u0101 ir piem\u0113rota visu \u0161\u0137ir\u0146u un izm\u0113ru su\u0146iem.<\/p>\n<p>\u0160\u012bs apkakles galven\u0101 priek\u0161roc\u012bba B2B klientiem ir t\u0101s piln\u012bga piel\u0101gojam\u012bba. Z\u012bmoli var pievienot logotipus, rakstus un kr\u0101su sh\u0113mas, lai atspogu\u013cotu savu unik\u0101lo identit\u0101ti un izceltos m\u0101jdz\u012bvnieku piederumu tirg\u016b. Pin Buckle apkakle ir ide\u0101li piem\u0113rota uz\u0146\u0113mumiem, kas v\u0113las apvienot praktiskumu ar z\u012bmola atpaz\u012bstam\u012bbu, p\u0101rv\u0113r\u0161ot ikdienas lolojumdz\u012bvnieku produktu par izteiksm\u012bgu elementu.<\/p>\n<p>\u0160\u012b apkakle ir v\u0113rt\u012bgs papildin\u0101jums jebkura m\u0101jdz\u012bvnieku z\u012bmola kolekcijai, jo t\u0101 ir iztur\u012bga, viegli lietojama un ar augstu piel\u0101go\u0161anas l\u012bmeni. Neatkar\u012bgi no t\u0101, vai to izmanto pastaig\u0101m, treni\u0146iem vai ikdienas valk\u0101\u0161anai, Pin Buckle apkakle ir izstr\u0101d\u0101ta t\u0101, lai ar savu kvalit\u0101ti un stilu p\u0101rsteigtu gan su\u0146us, gan to \u012bpa\u0161niekus.<\/p>","protected":false},"excerpt":{"rendered":"<p>M\u016bsu Pin Buckle apkakle ir izgatavota, lai nodro\u0161in\u0101tu iztur\u012bbu un komfortu, un tai ir iztur\u012bga met\u0101la spr\u0101dze, kas viegli un dro\u0161i nostiprin\u0101s. \u0160\u012b apkakle ir piln\u012bb\u0101 piel\u0101gojama, \u013caujot B2B klientiem pievienot unik\u0101lus logotipus vai rakstus, kas atbilst vi\u0146u z\u012bmolam. Izgatavota no augstas kvalit\u0101tes materi\u0101liem, t\u0101 ir ide\u0101li piem\u0113rota ikdienas lieto\u0161anai, pied\u0101v\u0101jot gan funkcionalit\u0101ti, gan stilu jebkura lieluma su\u0146iem. \u0160\u012b apkakle ir ide\u0101li piem\u0113rota lolojumdz\u012bvnieku z\u012bmoliem, kas v\u0113las saviem klientiem pied\u0101v\u0101t stil\u012bgu, iztur\u012bgu un z\u012bmola apkakles variantu, kas ir viegli lietojams un ilgm\u016b\u017e\u012bgs.<\/p>\n<p>&nbsp;<\/p>","protected":false},"featured_media":9365,"template":"","meta":[],"product_brand":[],"product_cat":[26],"product_tag":[],"class_list":{"0":"post-9364","1":"product","2":"type-product","3":"status-publish","4":"has-post-thumbnail","6":"product_cat-dog-collar","8":"first","9":"instock","10":"shipping-taxable","11":"product-type-simple"},"yoast_head":"<!-- This site is optimized with the Yoast SEO plugin v26.6 - https:\/\/yoast.com\/wordpress\/plugins\/seo\/ -->\n<title>Pin Buckle Collar | QQPETS<\/title>\n<meta name=\"description\" content=\"Sturdy and stylish Pin Buckle Collar, designed for durability and comfort. Fully customizable with logos or patterns, ideal for brands seeking unique pet products.\" \/>\n<meta name=\"robots\" content=\"index, follow, max-snippet:-1, max-image-preview:large, max-video-preview:-1\" \/>\n<link rel=\"canonical\" href=\"https:\/\/qqpets.com\/lv\/products\/pin-buckle-collar\/\" \/>\n<meta property=\"og:locale\" content=\"lv_LV\" \/>\n<meta property=\"og:type\" content=\"article\" \/>\n<meta property=\"og:title\" content=\"Pin Buckle Collar | QQPETS\" \/>\n<meta property=\"og:description\" content=\"Sturdy and stylish Pin Buckle Collar, designed for durability and comfort. Fully customizable with logos or patterns, ideal for brands seeking unique pet products.\" \/>\n<meta property=\"og:url\" content=\"https:\/\/qqpets.com\/lv\/products\/pin-buckle-collar\/\" \/>\n<meta property=\"og:site_name\" content=\"QQPETS\" \/>\n<meta property=\"article:publisher\" content=\"https:\/\/www.facebook.com\/QQpetsdogcollars\" \/>\n<meta property=\"og:image\" content=\"https:\/\/qqpets.com\/wp-content\/uploads\/2024\/11\/Pin-Buckle-Collar1.webp\" \/>\n\t<meta property=\"og:image:width\" content=\"800\" \/>\n\t<meta property=\"og:image:height\" content=\"800\" \/>\n\t<meta property=\"og:image:type\" content=\"image\/webp\" \/>\n<meta name=\"twitter:card\" content=\"summary_large_image\" \/>\n<meta name=\"twitter:label1\" content=\"Est. reading time\" \/>\n\t<meta name=\"twitter:data1\" content=\"1 min\u016bte\" \/>\n<script type=\"application\/ld+json\" class=\"yoast-schema-graph\">{\"@context\":\"https:\/\/schema.org\",\"@graph\":[{\"@type\":\"WebPage\",\"@id\":\"https:\/\/qqpets.com\/product\/pin-buckle-collar\/\",\"url\":\"https:\/\/qqpets.com\/product\/pin-buckle-collar\/\",\"name\":\"Pin Buckle Collar | QQPETS\",\"isPartOf\":{\"@id\":\"https:\/\/qqpets.com\/#website\"},\"primaryImageOfPage\":{\"@id\":\"https:\/\/qqpets.com\/product\/pin-buckle-collar\/#primaryimage\"},\"image\":{\"@id\":\"https:\/\/qqpets.com\/product\/pin-buckle-collar\/#primaryimage\"},\"thumbnailUrl\":\"https:\/\/qqpets.com\/wp-content\/uploads\/2024\/11\/Pin-Buckle-Collar1.webp\",\"datePublished\":\"2024-11-14T08:06:33+00:00\",\"description\":\"Sturdy and stylish Pin Buckle Collar, designed for durability and comfort. Fully customizable with logos or patterns, ideal for brands seeking unique pet products.\",\"breadcrumb\":{\"@id\":\"https:\/\/qqpets.com\/product\/pin-buckle-collar\/#breadcrumb\"},\"inLanguage\":\"lv-LV\",\"potentialAction\":[{\"@type\":\"ReadAction\",\"target\":[\"https:\/\/qqpets.com\/product\/pin-buckle-collar\/\"]}]},{\"@type\":\"ImageObject\",\"inLanguage\":\"lv-LV\",\"@id\":\"https:\/\/qqpets.com\/product\/pin-buckle-collar\/#primaryimage\",\"url\":\"https:\/\/qqpets.com\/wp-content\/uploads\/2024\/11\/Pin-Buckle-Collar1.webp\",\"contentUrl\":\"https:\/\/qqpets.com\/wp-content\/uploads\/2024\/11\/Pin-Buckle-Collar1.webp\",\"width\":800,\"height\":800},{\"@type\":\"BreadcrumbList\",\"@id\":\"https:\/\/qqpets.com\/product\/pin-buckle-collar\/#breadcrumb\",\"itemListElement\":[{\"@type\":\"ListItem\",\"position\":1,\"name\":\"Home\",\"item\":\"https:\/\/qqpets.com\/\"},{\"@type\":\"ListItem\",\"position\":2,\"name\":\"Products\",\"item\":\"https:\/\/qqpets.com\/pet-products-manufacturer\/\"},{\"@type\":\"ListItem\",\"position\":3,\"name\":\"Pin Buckle Collar\"}]},{\"@type\":\"WebSite\",\"@id\":\"https:\/\/qqpets.com\/#website\",\"url\":\"https:\/\/qqpets.com\/\",\"name\":\"QQPETS\",\"description\":\"QQPETS is a pet products factory for dog harnesses, dog collars, dog leashes and dog accessories with professional customized service since 2005.\",\"publisher\":{\"@id\":\"https:\/\/qqpets.com\/#organization\"},\"potentialAction\":[{\"@type\":\"SearchAction\",\"target\":{\"@type\":\"EntryPoint\",\"urlTemplate\":\"https:\/\/qqpets.com\/?s={search_term_string}\"},\"query-input\":{\"@type\":\"PropertyValueSpecification\",\"valueRequired\":true,\"valueName\":\"search_term_string\"}}],\"inLanguage\":\"lv-LV\"},{\"@type\":\"Organization\",\"@id\":\"https:\/\/qqpets.com\/#organization\",\"name\":\"QQPETS\",\"url\":\"https:\/\/qqpets.com\/\",\"logo\":{\"@type\":\"ImageObject\",\"inLanguage\":\"lv-LV\",\"@id\":\"https:\/\/qqpets.com\/#\/schema\/logo\/image\/\",\"url\":\"https:\/\/qqpets.com\/wp-content\/uploads\/2023\/09\/cropped-cropped-qqpets-tiktok.jpg\",\"contentUrl\":\"https:\/\/qqpets.com\/wp-content\/uploads\/2023\/09\/cropped-cropped-qqpets-tiktok.jpg\",\"width\":511,\"height\":511,\"caption\":\"QQPETS\"},\"image\":{\"@id\":\"https:\/\/qqpets.com\/#\/schema\/logo\/image\/\"},\"sameAs\":[\"https:\/\/www.facebook.com\/QQpetsdogcollars\",\"https:\/\/www.instagram.com\/qqpetscollar\/\",\"https:\/\/www.pinterest.com\/qqpetsdogcollarsfactory\/\"]}]}<\/script>\n<!-- \/ Yoast SEO plugin. -->","yoast_head_json":{"title":"Pin spr\u0101dzes apkakle | QQPETS","description":"Iztur\u012bga un stil\u012bga Pin Buckle apkakle, kas izstr\u0101d\u0101ta iztur\u012bbai un komfortam. Piln\u012bb\u0101 piel\u0101gojama ar logotipiem vai rakstiem, ide\u0101li piem\u0113rota z\u012bmoliem, kas mekl\u0113 unik\u0101lus lolojumdz\u012bvnieku produktus.","robots":{"index":"index","follow":"follow","max-snippet":"max-snippet:-1","max-image-preview":"max-image-preview:large","max-video-preview":"max-video-preview:-1"},"canonical":"https:\/\/qqpets.com\/lv\/products\/pin-buckle-collar\/","og_locale":"lv_LV","og_type":"article","og_title":"Pin Buckle Collar | QQPETS","og_description":"Sturdy and stylish Pin Buckle Collar, designed for durability and comfort. Fully customizable with logos or patterns, ideal for brands seeking unique pet products.","og_url":"https:\/\/qqpets.com\/lv\/products\/pin-buckle-collar\/","og_site_name":"QQPETS","article_publisher":"https:\/\/www.facebook.com\/QQpetsdogcollars","og_image":[{"width":800,"height":800,"url":"https:\/\/qqpets.com\/wp-content\/uploads\/2024\/11\/Pin-Buckle-Collar1.webp","type":"image\/webp"}],"twitter_card":"summary_large_image","twitter_misc":{"Est. reading time":"1 min\u016bte"},"schema":{"@context":"https:\/\/schema.org","@graph":[{"@type":"WebPage","@id":"https:\/\/qqpets.com\/product\/pin-buckle-collar\/","url":"https:\/\/qqpets.com\/product\/pin-buckle-collar\/","name":"Pin spr\u0101dzes apkakle | QQPETS","isPartOf":{"@id":"https:\/\/qqpets.com\/#website"},"primaryImageOfPage":{"@id":"https:\/\/qqpets.com\/product\/pin-buckle-collar\/#primaryimage"},"image":{"@id":"https:\/\/qqpets.com\/product\/pin-buckle-collar\/#primaryimage"},"thumbnailUrl":"https:\/\/qqpets.com\/wp-content\/uploads\/2024\/11\/Pin-Buckle-Collar1.webp","datePublished":"2024-11-14T08:06:33+00:00","description":"Iztur\u012bga un stil\u012bga Pin Buckle apkakle, kas izstr\u0101d\u0101ta iztur\u012bbai un komfortam. Piln\u012bb\u0101 piel\u0101gojama ar logotipiem vai rakstiem, ide\u0101li piem\u0113rota z\u012bmoliem, kas mekl\u0113 unik\u0101lus lolojumdz\u012bvnieku produktus.","breadcrumb":{"@id":"https:\/\/qqpets.com\/product\/pin-buckle-collar\/#breadcrumb"},"inLanguage":"lv-LV","potentialAction":[{"@type":"ReadAction","target":["https:\/\/qqpets.com\/product\/pin-buckle-collar\/"]}]},{"@type":"ImageObject","inLanguage":"lv-LV","@id":"https:\/\/qqpets.com\/product\/pin-buckle-collar\/#primaryimage","url":"https:\/\/qqpets.com\/wp-content\/uploads\/2024\/11\/Pin-Buckle-Collar1.webp","contentUrl":"https:\/\/qqpets.com\/wp-content\/uploads\/2024\/11\/Pin-Buckle-Collar1.webp","width":800,"height":800},{"@type":"BreadcrumbList","@id":"https:\/\/qqpets.com\/product\/pin-buckle-collar\/#breadcrumb","itemListElement":[{"@type":"ListItem","position":1,"name":"Home","item":"https:\/\/qqpets.com\/"},{"@type":"ListItem","position":2,"name":"Products","item":"https:\/\/qqpets.com\/pet-products-manufacturer\/"},{"@type":"ListItem","position":3,"name":"Pin Buckle Collar"}]},{"@type":"WebSite","@id":"https:\/\/qqpets.com\/#website","url":"https:\/\/qqpets.com\/","name":"QQPETS","description":"QQPETS ir lolojumdz\u012bvnieku produktu r\u016bpn\u012bca su\u0146u siksn\u0101m, su\u0146u apkakles, su\u0146u pavadas un su\u0146u aksesu\u0101ri ar profesion\u0101lu piel\u0101gotu pakalpojumu kop\u0161 2005. gada.","publisher":{"@id":"https:\/\/qqpets.com\/#organization"},"potentialAction":[{"@type":"SearchAction","target":{"@type":"EntryPoint","urlTemplate":"https:\/\/qqpets.com\/?s={search_term_string}"},"query-input":{"@type":"PropertyValueSpecification","valueRequired":true,"valueName":"search_term_string"}}],"inLanguage":"lv-LV"},{"@type":"Organization","@id":"https:\/\/qqpets.com\/#organization","name":"QQPETS","url":"https:\/\/qqpets.com\/","logo":{"@type":"ImageObject","inLanguage":"lv-LV","@id":"https:\/\/qqpets.com\/#\/schema\/logo\/image\/","url":"https:\/\/qqpets.com\/wp-content\/uploads\/2023\/09\/cropped-cropped-qqpets-tiktok.jpg","contentUrl":"https:\/\/qqpets.com\/wp-content\/uploads\/2023\/09\/cropped-cropped-qqpets-tiktok.jpg","width":511,"height":511,"caption":"QQPETS"},"image":{"@id":"https:\/\/qqpets.com\/#\/schema\/logo\/image\/"},"sameAs":["https:\/\/www.facebook.com\/QQpetsdogcollars","https:\/\/www.instagram.com\/qqpetscollar\/","https:\/\/www.pinterest.com\/qqpetsdogcollarsfactory\/"]}]}},"_links":{"self":[{"href":"https:\/\/qqpets.com\/lv\/wp-json\/wp\/v2\/product\/9364","targetHints":{"allow":["GET"]}}],"collection":[{"href":"https:\/\/qqpets.com\/lv\/wp-json\/wp\/v2\/product"}],"about":[{"href":"https:\/\/qqpets.com\/lv\/wp-json\/wp\/v2\/types\/product"}],"wp:featuredmedia":[{"embeddable":true,"href":"https:\/\/qqpets.com\/lv\/wp-json\/wp\/v2\/media\/9365"}],"wp:attachment":[{"href":"https:\/\/qqpets.com\/lv\/wp-json\/wp\/v2\/media?parent=9364"}],"wp:term":[{"taxonomy":"product_brand","embeddable":true,"href":"https:\/\/qqpets.com\/lv\/wp-json\/wp\/v2\/product_brand?post=9364"},{"taxonomy":"product_cat","embeddable":true,"href":"https:\/\/qqpets.com\/lv\/wp-json\/wp\/v2\/product_cat?post=9364"},{"taxonomy":"product_tag","embeddable":true,"href":"https:\/\/qqpets.com\/lv\/wp-json\/wp\/v2\/product_tag?post=9364"}],"curies":[{"name":"wp","href":"https:\/\/api.w.org\/{rel}","templated":true}]}}