{"id":9371,"date":"2024-11-14T16:30:26","date_gmt":"2024-11-14T08:30:26","guid":{"rendered":"https:\/\/qqpets.com\/?post_type=product&#038;p=9371"},"modified":"2024-11-14T16:30:26","modified_gmt":"2024-11-14T08:30:26","slug":"qr-tag-cat-collar","status":"publish","type":"product","link":"https:\/\/qqpets.com\/lv\/products\/qr-tag-cat-collar\/","title":{"rendered":"QR Tag ka\u0137u apkakle"},"content":{"rendered":"<p>QR Tag ka\u0137u apkakle ir izcils stila, dro\u0161\u012bbas un inov\u0101ciju apvienojums, kas izstr\u0101d\u0101ts, lai atbilstu m\u016bsdienu m\u0101jdz\u012bvnieku \u012bpa\u0161nieku pras\u012bb\u0101m. \u0160\u012b apkakle ar ieb\u016bv\u0113tu QR birku nodro\u0161ina \u0101tru un vienk\u0101r\u0161u piek\u013cuvi lolojumdz\u012bvnieka ID, kontaktinform\u0101cijai vai medic\u012bniskai inform\u0101cijai, kad t\u0101 tiek sken\u0113ta, un pied\u0101v\u0101 paaugstin\u0101tu dro\u0161\u012bbas l\u012bmeni, ko ka\u0137u \u012bpa\u0161nieki nov\u0113rt\u0113.<\/p>\n<p>B2B klientiem QR Tag Cat Collar ir piel\u0101gojama iesp\u0113ja, ko var piel\u0101got, lai t\u0101 atbilstu jebkura z\u012bmola identit\u0101tei. Uz\u0146\u0113mumi var izveidot aproci, kas ne tikai uzlabo m\u0101jdz\u012bvnieku dro\u0161\u012bbu, bet ar\u012b veicina z\u012bmola atpaz\u012bstam\u012bbu, s\u0101kot ar logotipiem un beidzot ar at\u0161\u0137ir\u012bgiem rakstiem. Izgatavota no m\u012bkstiem, bet iztur\u012bgiem materi\u0101liem, \u0161\u012b apkakle nodro\u0161ina komfortu visu \u0161\u0137ir\u0146u un izm\u0113ru ka\u0137iem, vienlaikus saglab\u0101jot ikdienas valk\u0101\u0161anai nepiecie\u0161amo iztur\u012bbu.<\/p>\n<p>Papildus funkcionalit\u0101tei QR Tag Cat Collar ir v\u0113rt\u012bga z\u012bmola veido\u0161anas iesp\u0113ja, p\u0101rv\u0113r\u0161ot praktisku aksesu\u0101ru par vizu\u0101li pievilc\u012bgu produktu, kas uzrun\u0101 m\u0101jdz\u012bvnieku \u012bpa\u0161nieku priorit\u0101tes. T\u0101 ir ide\u0101la izv\u0113le m\u0101jdz\u012bvnieku z\u012bmoliem, kas v\u0113las apvienot dro\u0161\u012bbu, \u0113rt\u012bbas un stilu, nodro\u0161inot uzticamu un inovat\u012bvu apkakli, kas pal\u012bdz veidot klientu uztic\u012bbu un lojalit\u0101ti.<\/p>","protected":false},"excerpt":{"rendered":"<p>M\u016bsu QR Tag ka\u0137u apkakle pied\u0101v\u0101 m\u016bsdien\u012bgu m\u0101jdz\u012bvnieku dro\u0161\u012bbas un identifik\u0101cijas risin\u0101jumu. \u0160\u012b apkakle ar ieb\u016bv\u0113tu QR birku nodro\u0161ina \u0101tru piek\u013cuvi lolojumdz\u012bvnieka inform\u0101cijai, kad t\u0101 tiek sken\u0113ta, t\u0101d\u0113j\u0101di nodro\u0161inot ka\u0137u \u012bpa\u0161niekiem sirdsmieru. \u0160\u012b apkakle ir ide\u0101li piem\u0113rota B2B klientiem, jo ir piln\u012bb\u0101 piel\u0101gojama ar logotipiem vai rakstiem, kas atbilst jebkura z\u012bmola est\u0113tikas un dro\u0161\u012bbas standartiem. Izstr\u0101d\u0101ta, lai b\u016btu \u0113rta un izgatavota no iztur\u012bgiem materi\u0101liem, t\u0101 ir ide\u0101li piem\u0113rota gan akt\u012bviem ka\u0137iem, gan stilu izproto\u0161iem m\u0101jdz\u012bvnieku z\u012bmoliem, uzlabojot gan dro\u0161\u012bbu, gan z\u012bmola atpaz\u012bstam\u012bbu vien\u0101 elegant\u0101 aksesu\u0101r\u0101.<\/p>\n<p>&nbsp;<\/p>","protected":false},"featured_media":9372,"template":"","meta":[],"product_brand":[],"product_cat":[26],"product_tag":[],"class_list":{"0":"post-9371","1":"product","2":"type-product","3":"status-publish","4":"has-post-thumbnail","6":"product_cat-dog-collar","8":"first","9":"instock","10":"shipping-taxable","11":"product-type-simple"},"yoast_head":"<!-- This site is optimized with the Yoast SEO plugin v26.6 - https:\/\/yoast.com\/wordpress\/plugins\/seo\/ -->\n<title>QR Tag Cat Collar | QQPETS<\/title>\n<meta name=\"description\" content=\"QR Tag Cat Collar combines safety with customization. Easily scannable for pet info and fully customizable with logos or patterns\u2014perfect for B2B branding needs.\" \/>\n<meta name=\"robots\" content=\"index, follow, max-snippet:-1, max-image-preview:large, max-video-preview:-1\" \/>\n<link rel=\"canonical\" href=\"https:\/\/qqpets.com\/lv\/products\/qr-tag-cat-collar\/\" \/>\n<meta property=\"og:locale\" content=\"lv_LV\" \/>\n<meta property=\"og:type\" content=\"article\" \/>\n<meta property=\"og:title\" content=\"QR Tag Cat Collar | QQPETS\" \/>\n<meta property=\"og:description\" content=\"QR Tag Cat Collar combines safety with customization. Easily scannable for pet info and fully customizable with logos or patterns\u2014perfect for B2B branding needs.\" \/>\n<meta property=\"og:url\" content=\"https:\/\/qqpets.com\/lv\/products\/qr-tag-cat-collar\/\" \/>\n<meta property=\"og:site_name\" content=\"QQPETS\" \/>\n<meta property=\"article:publisher\" content=\"https:\/\/www.facebook.com\/QQpetsdogcollars\" \/>\n<meta property=\"og:image\" content=\"https:\/\/qqpets.com\/wp-content\/uploads\/2024\/11\/QR-Tag-Cat-Collar1.webp\" \/>\n\t<meta property=\"og:image:width\" content=\"1000\" \/>\n\t<meta property=\"og:image:height\" content=\"1000\" \/>\n\t<meta property=\"og:image:type\" content=\"image\/webp\" \/>\n<meta name=\"twitter:card\" content=\"summary_large_image\" \/>\n<meta name=\"twitter:label1\" content=\"Est. reading time\" \/>\n\t<meta name=\"twitter:data1\" content=\"1 min\u016bte\" \/>\n<script type=\"application\/ld+json\" class=\"yoast-schema-graph\">{\"@context\":\"https:\/\/schema.org\",\"@graph\":[{\"@type\":\"WebPage\",\"@id\":\"https:\/\/qqpets.com\/product\/qr-tag-cat-collar\/\",\"url\":\"https:\/\/qqpets.com\/product\/qr-tag-cat-collar\/\",\"name\":\"QR Tag Cat Collar | QQPETS\",\"isPartOf\":{\"@id\":\"https:\/\/qqpets.com\/#website\"},\"primaryImageOfPage\":{\"@id\":\"https:\/\/qqpets.com\/product\/qr-tag-cat-collar\/#primaryimage\"},\"image\":{\"@id\":\"https:\/\/qqpets.com\/product\/qr-tag-cat-collar\/#primaryimage\"},\"thumbnailUrl\":\"https:\/\/qqpets.com\/wp-content\/uploads\/2024\/11\/QR-Tag-Cat-Collar1.webp\",\"datePublished\":\"2024-11-14T08:30:26+00:00\",\"description\":\"QR Tag Cat Collar combines safety with customization. Easily scannable for pet info and fully customizable with logos or patterns\u2014perfect for B2B branding needs.\",\"breadcrumb\":{\"@id\":\"https:\/\/qqpets.com\/product\/qr-tag-cat-collar\/#breadcrumb\"},\"inLanguage\":\"lv-LV\",\"potentialAction\":[{\"@type\":\"ReadAction\",\"target\":[\"https:\/\/qqpets.com\/product\/qr-tag-cat-collar\/\"]}]},{\"@type\":\"ImageObject\",\"inLanguage\":\"lv-LV\",\"@id\":\"https:\/\/qqpets.com\/product\/qr-tag-cat-collar\/#primaryimage\",\"url\":\"https:\/\/qqpets.com\/wp-content\/uploads\/2024\/11\/QR-Tag-Cat-Collar1.webp\",\"contentUrl\":\"https:\/\/qqpets.com\/wp-content\/uploads\/2024\/11\/QR-Tag-Cat-Collar1.webp\",\"width\":1000,\"height\":1000},{\"@type\":\"BreadcrumbList\",\"@id\":\"https:\/\/qqpets.com\/product\/qr-tag-cat-collar\/#breadcrumb\",\"itemListElement\":[{\"@type\":\"ListItem\",\"position\":1,\"name\":\"Home\",\"item\":\"https:\/\/qqpets.com\/\"},{\"@type\":\"ListItem\",\"position\":2,\"name\":\"Products\",\"item\":\"https:\/\/qqpets.com\/pet-products-manufacturer\/\"},{\"@type\":\"ListItem\",\"position\":3,\"name\":\"QR Tag Cat Collar\"}]},{\"@type\":\"WebSite\",\"@id\":\"https:\/\/qqpets.com\/#website\",\"url\":\"https:\/\/qqpets.com\/\",\"name\":\"QQPETS\",\"description\":\"QQPETS is a pet products factory for dog harnesses, dog collars, dog leashes and dog accessories with professional customized service since 2005.\",\"publisher\":{\"@id\":\"https:\/\/qqpets.com\/#organization\"},\"potentialAction\":[{\"@type\":\"SearchAction\",\"target\":{\"@type\":\"EntryPoint\",\"urlTemplate\":\"https:\/\/qqpets.com\/?s={search_term_string}\"},\"query-input\":{\"@type\":\"PropertyValueSpecification\",\"valueRequired\":true,\"valueName\":\"search_term_string\"}}],\"inLanguage\":\"lv-LV\"},{\"@type\":\"Organization\",\"@id\":\"https:\/\/qqpets.com\/#organization\",\"name\":\"QQPETS\",\"url\":\"https:\/\/qqpets.com\/\",\"logo\":{\"@type\":\"ImageObject\",\"inLanguage\":\"lv-LV\",\"@id\":\"https:\/\/qqpets.com\/#\/schema\/logo\/image\/\",\"url\":\"https:\/\/qqpets.com\/wp-content\/uploads\/2023\/09\/cropped-cropped-qqpets-tiktok.jpg\",\"contentUrl\":\"https:\/\/qqpets.com\/wp-content\/uploads\/2023\/09\/cropped-cropped-qqpets-tiktok.jpg\",\"width\":511,\"height\":511,\"caption\":\"QQPETS\"},\"image\":{\"@id\":\"https:\/\/qqpets.com\/#\/schema\/logo\/image\/\"},\"sameAs\":[\"https:\/\/www.facebook.com\/QQpetsdogcollars\",\"https:\/\/www.instagram.com\/qqpetscollar\/\",\"https:\/\/www.pinterest.com\/qqpetsdogcollarsfactory\/\"]}]}<\/script>\n<!-- \/ Yoast SEO plugin. -->","yoast_head_json":{"title":"QR Tag ka\u0137u apkakle | QQPETS","description":"QR Tag ka\u0137u apkakle apvieno dro\u0161\u012bbu un piel\u0101go\u0161anu. Viegli nolas\u0101ma, lai ieg\u016btu inform\u0101ciju par m\u0101jdz\u012bvnieku, un piln\u012bb\u0101 piel\u0101gojama ar logotipiem vai rakstiem - ide\u0101li piem\u0113rota B2B z\u012bmolved\u012bbas vajadz\u012bb\u0101m.","robots":{"index":"index","follow":"follow","max-snippet":"max-snippet:-1","max-image-preview":"max-image-preview:large","max-video-preview":"max-video-preview:-1"},"canonical":"https:\/\/qqpets.com\/lv\/products\/qr-tag-cat-collar\/","og_locale":"lv_LV","og_type":"article","og_title":"QR Tag Cat Collar | QQPETS","og_description":"QR Tag Cat Collar combines safety with customization. Easily scannable for pet info and fully customizable with logos or patterns\u2014perfect for B2B branding needs.","og_url":"https:\/\/qqpets.com\/lv\/products\/qr-tag-cat-collar\/","og_site_name":"QQPETS","article_publisher":"https:\/\/www.facebook.com\/QQpetsdogcollars","og_image":[{"width":1000,"height":1000,"url":"https:\/\/qqpets.com\/wp-content\/uploads\/2024\/11\/QR-Tag-Cat-Collar1.webp","type":"image\/webp"}],"twitter_card":"summary_large_image","twitter_misc":{"Est. reading time":"1 min\u016bte"},"schema":{"@context":"https:\/\/schema.org","@graph":[{"@type":"WebPage","@id":"https:\/\/qqpets.com\/product\/qr-tag-cat-collar\/","url":"https:\/\/qqpets.com\/product\/qr-tag-cat-collar\/","name":"QR Tag ka\u0137u apkakle | QQPETS","isPartOf":{"@id":"https:\/\/qqpets.com\/#website"},"primaryImageOfPage":{"@id":"https:\/\/qqpets.com\/product\/qr-tag-cat-collar\/#primaryimage"},"image":{"@id":"https:\/\/qqpets.com\/product\/qr-tag-cat-collar\/#primaryimage"},"thumbnailUrl":"https:\/\/qqpets.com\/wp-content\/uploads\/2024\/11\/QR-Tag-Cat-Collar1.webp","datePublished":"2024-11-14T08:30:26+00:00","description":"QR Tag ka\u0137u apkakle apvieno dro\u0161\u012bbu un piel\u0101go\u0161anu. Viegli nolas\u0101ma, lai ieg\u016btu inform\u0101ciju par m\u0101jdz\u012bvnieku, un piln\u012bb\u0101 piel\u0101gojama ar logotipiem vai rakstiem - ide\u0101li piem\u0113rota B2B z\u012bmolved\u012bbas vajadz\u012bb\u0101m.","breadcrumb":{"@id":"https:\/\/qqpets.com\/product\/qr-tag-cat-collar\/#breadcrumb"},"inLanguage":"lv-LV","potentialAction":[{"@type":"ReadAction","target":["https:\/\/qqpets.com\/product\/qr-tag-cat-collar\/"]}]},{"@type":"ImageObject","inLanguage":"lv-LV","@id":"https:\/\/qqpets.com\/product\/qr-tag-cat-collar\/#primaryimage","url":"https:\/\/qqpets.com\/wp-content\/uploads\/2024\/11\/QR-Tag-Cat-Collar1.webp","contentUrl":"https:\/\/qqpets.com\/wp-content\/uploads\/2024\/11\/QR-Tag-Cat-Collar1.webp","width":1000,"height":1000},{"@type":"BreadcrumbList","@id":"https:\/\/qqpets.com\/product\/qr-tag-cat-collar\/#breadcrumb","itemListElement":[{"@type":"ListItem","position":1,"name":"Home","item":"https:\/\/qqpets.com\/"},{"@type":"ListItem","position":2,"name":"Products","item":"https:\/\/qqpets.com\/pet-products-manufacturer\/"},{"@type":"ListItem","position":3,"name":"QR Tag Cat Collar"}]},{"@type":"WebSite","@id":"https:\/\/qqpets.com\/#website","url":"https:\/\/qqpets.com\/","name":"QQPETS","description":"QQPETS ir lolojumdz\u012bvnieku produktu r\u016bpn\u012bca su\u0146u siksn\u0101m, su\u0146u apkakles, su\u0146u pavadas un su\u0146u aksesu\u0101ri ar profesion\u0101lu piel\u0101gotu pakalpojumu kop\u0161 2005. gada.","publisher":{"@id":"https:\/\/qqpets.com\/#organization"},"potentialAction":[{"@type":"SearchAction","target":{"@type":"EntryPoint","urlTemplate":"https:\/\/qqpets.com\/?s={search_term_string}"},"query-input":{"@type":"PropertyValueSpecification","valueRequired":true,"valueName":"search_term_string"}}],"inLanguage":"lv-LV"},{"@type":"Organization","@id":"https:\/\/qqpets.com\/#organization","name":"QQPETS","url":"https:\/\/qqpets.com\/","logo":{"@type":"ImageObject","inLanguage":"lv-LV","@id":"https:\/\/qqpets.com\/#\/schema\/logo\/image\/","url":"https:\/\/qqpets.com\/wp-content\/uploads\/2023\/09\/cropped-cropped-qqpets-tiktok.jpg","contentUrl":"https:\/\/qqpets.com\/wp-content\/uploads\/2023\/09\/cropped-cropped-qqpets-tiktok.jpg","width":511,"height":511,"caption":"QQPETS"},"image":{"@id":"https:\/\/qqpets.com\/#\/schema\/logo\/image\/"},"sameAs":["https:\/\/www.facebook.com\/QQpetsdogcollars","https:\/\/www.instagram.com\/qqpetscollar\/","https:\/\/www.pinterest.com\/qqpetsdogcollarsfactory\/"]}]}},"_links":{"self":[{"href":"https:\/\/qqpets.com\/lv\/wp-json\/wp\/v2\/product\/9371","targetHints":{"allow":["GET"]}}],"collection":[{"href":"https:\/\/qqpets.com\/lv\/wp-json\/wp\/v2\/product"}],"about":[{"href":"https:\/\/qqpets.com\/lv\/wp-json\/wp\/v2\/types\/product"}],"wp:featuredmedia":[{"embeddable":true,"href":"https:\/\/qqpets.com\/lv\/wp-json\/wp\/v2\/media\/9372"}],"wp:attachment":[{"href":"https:\/\/qqpets.com\/lv\/wp-json\/wp\/v2\/media?parent=9371"}],"wp:term":[{"taxonomy":"product_brand","embeddable":true,"href":"https:\/\/qqpets.com\/lv\/wp-json\/wp\/v2\/product_brand?post=9371"},{"taxonomy":"product_cat","embeddable":true,"href":"https:\/\/qqpets.com\/lv\/wp-json\/wp\/v2\/product_cat?post=9371"},{"taxonomy":"product_tag","embeddable":true,"href":"https:\/\/qqpets.com\/lv\/wp-json\/wp\/v2\/product_tag?post=9371"}],"curies":[{"name":"wp","href":"https:\/\/api.w.org\/{rel}","templated":true}]}}